{"id":82191,"date":"2025-07-29T09:12:07","date_gmt":"2025-07-29T09:12:07","guid":{"rendered":"https:\/\/hi-techwonder.com\/product\/filtros-kf-concept-gnd8nd8nd64nd1000-con-anillo-magnetico-de-67-mm\/"},"modified":"2026-01-31T02:38:04","modified_gmt":"2026-01-31T02:38:04","slug":"kf-concept-filtros-kf-concept-gnd8nd8nd64nd1000-con-anillo-magnetico-de-67-mm","status":"publish","type":"product","link":"https:\/\/hi-techwonder.com\/es\/producto\/kf-concept-filtros-kf-concept-gnd8nd8nd64nd1000-con-anillo-magnetico-de-67-mm\/","title":{"rendered":"Filtros K&amp;F CONCEPT GND8+ND8+ND64+ND1000 con anillo magn\u00e9tico de 67 mm"},"content":{"rendered":"<p><strong>Filtros K&amp;F CONCEPT GND8+ND8+ND64+ND1000 con anillo magn\u00e9tico de 67 mm<\/strong><\/p>\n<p><strong>Funciones<\/strong><\/p>\n<ul>\n<li style=\"text-align: justify\">El borde del marco del filtro magn\u00e9tico adopta protuberancias CNC para evitar el deslizamiento, la instalaci\u00f3n y extracci\u00f3n r\u00e1pidas, y realiza el disparo de la instalaci\u00f3n en un segundo<\/li>\n<\/ul>\n<ul>\n<li style=\"text-align: justify\">Ambos lados de la lente adoptan tecnolog\u00eda de pulido y pulido para garantizar una calidad de imagen y nitidez de ultra alta definici\u00f3n. Todos los filtros ND utilizan la mejor combinaci\u00f3n de apilamiento de sistemas de nanopel\u00edculas para hacer que el espectro general sea estable, garantizar colores uniformes en el rango de luz visible y lograr un cambio de color cero al ingresar a la lente<\/li>\n<\/ul>\n<ul>\n<li style=\"text-align: justify\">El filtro magn\u00e9tico es extremadamente fino para garantizar que no se produzcan vi\u00f1eteados al disparar en gran angular<\/li>\n<\/ul>\n<ul>\n<li style=\"text-align: justify\">Recubrimiento nanorrevestido de 28 capas de doble cara, impermeable, antimanchas y antiara\u00f1azos, que proporciona a su filtro una excelente durabilidad<\/li>\n<\/ul>\n<ul>\n<li style=\"text-align: justify\">Equipado con una bolsa de almacenamiento que puede acomodar 4 filtros, espacio de almacenamiento multicapa, con funciones como ganchos impermeables \/ velcro \/ cremalleras, etc., que es conveniente para salir y adecuado para su uso en varias escenas<\/li>\n<\/ul>\n","protected":false},"excerpt":{"rendered":"<p>Filtros K&amp;F CONCEPT GND8+ND8+ND64+ND1000 con anillo magn\u00e9tico de 67 mm Funciones El borde del marco del filtro magn\u00e9tico adopta protuberancias<\/p>\n","protected":false},"featured_media":46114,"comment_status":"closed","ping_status":"closed","template":"","meta":{"_acf_changed":false},"product_brand":[2562],"product_cat":[1048],"product_tag":[],"class_list":{"0":"post-82191","1":"product","2":"type-product","3":"status-publish","4":"has-post-thumbnail","6":"product_brand-kf-concept-es","7":"product_cat-kits-filtros-es-2","8":"pa_diametro-67mm-es","10":"first","11":"instock","12":"taxable","13":"shipping-taxable","14":"purchasable","15":"product-type-simple"},"bundled_by":[],"bundle_stock_status":"instock","bundle_stock_quantity":1,"bundle_virtual":false,"bundle_layout":"","bundle_add_to_cart_form_location":"","bundle_editable_in_cart":false,"bundle_sold_individually_context":"","bundle_item_grouping":"","bundle_min_size":"","bundle_max_size":"","bundle_price":[],"bundled_items":[],"bundle_sell_ids":[],"acf":[],"_links":{"self":[{"href":"https:\/\/hi-techwonder.com\/es\/wp-json\/wp\/v2\/product\/82191","targetHints":{"allow":["GET"]}}],"collection":[{"href":"https:\/\/hi-techwonder.com\/es\/wp-json\/wp\/v2\/product"}],"about":[{"href":"https:\/\/hi-techwonder.com\/es\/wp-json\/wp\/v2\/types\/product"}],"replies":[{"embeddable":true,"href":"https:\/\/hi-techwonder.com\/es\/wp-json\/wp\/v2\/comments?post=82191"}],"wp:featuredmedia":[{"embeddable":true,"href":"https:\/\/hi-techwonder.com\/es\/wp-json\/wp\/v2\/media\/46114"}],"wp:attachment":[{"href":"https:\/\/hi-techwonder.com\/es\/wp-json\/wp\/v2\/media?parent=82191"}],"wp:term":[{"taxonomy":"product_brand","embeddable":true,"href":"https:\/\/hi-techwonder.com\/es\/wp-json\/wp\/v2\/product_brand?post=82191"},{"taxonomy":"product_cat","embeddable":true,"href":"https:\/\/hi-techwonder.com\/es\/wp-json\/wp\/v2\/product_cat?post=82191"},{"taxonomy":"product_tag","embeddable":true,"href":"https:\/\/hi-techwonder.com\/es\/wp-json\/wp\/v2\/product_tag?post=82191"}],"curies":[{"name":"wp","href":"https:\/\/api.w.org\/{rel}","templated":true}]}}