{"id":82206,"date":"2025-07-29T09:01:29","date_gmt":"2025-07-29T09:01:29","guid":{"rendered":"https:\/\/hi-techwonder.com\/product\/kf-concept-kf33-070-bak-4-prisma-prisma-impermeable-ip65-binoculares\/"},"modified":"2025-07-29T09:01:29","modified_gmt":"2025-07-29T09:01:29","slug":"kf-concept-kf33-070-bak-4-prisma-prisma-impermeable-ip65-binoculares","status":"publish","type":"product","link":"https:\/\/hi-techwonder.com\/es\/producto\/kf-concept-kf33-070-bak-4-prisma-prisma-impermeable-ip65-binoculares\/","title":{"rendered":"K&amp;F CONCEPT KF33.070 BAK-4 Prisma Prisma Impermeable IP65 Binoculares"},"content":{"rendered":"<p><strong>K&amp;F CONCEPT KF33.070 BAK-4 Prisma Prisma Impermeable IP65 Binoculares (Negro)<\/strong><\/p>\n<p><strong>Funciones<\/strong><\/p>\n<ul>\n<li style=\"text-align: justify;\"><strong>M\u00e1s HD:<\/strong> Prism\u00e1ticos HD de 10x, cuanto menor sea el aumento, mayor ser\u00e1 el campo de visi\u00f3n, hasta 101\/1000 m.<\/li>\n<li style=\"text-align: justify;\"><strong>M\u00e1s resoluci\u00f3n:<\/strong> Prisma BAK4 Ocular multicapa recubierto de FMC y lente objetivo, la tasa de transmisi\u00f3n de luz es de hasta el 99%, la m\u00e1xima restauraci\u00f3n del color de la imagen. Equipado con rueda de enfoque, puede ajustar r\u00e1pidamente las partes centrales y circundantes de la imagen al estado general de alta definici\u00f3n para evitar el desenfoque parcial de la imagen. <\/li>\n<li style=\"text-align: justify;\"><strong>Peque\u00f1o y port\u00e1til: <\/strong>Peso de solo 256 g, ideal para ni\u00f1os. Cuerpo de espejo con hebilla colgante, m\u00e1s s\u00f3lido, resistente, m\u00e1s conveniente para viajar. <\/li>\n<li style=\"text-align: justify;\"><strong>Dise\u00f1o de calidad:<\/strong> Barril de lente de goma ecol\u00f3gico de alta calidad, elimina el olor, la superficie est\u00e1 dise\u00f1ada en una textura mate detallada, antideslizante y antisudor efectivos, dise\u00f1o ergon\u00f3mico, ranura antideslizante para el pulgar. Nivel de impermeabilidad IP65, admite la vida \u00fatil a prueba de agua. <\/li>\n<li style=\"text-align: justify;\"><strong>Ocular elevable:<\/strong> Ocular elevable, admite dos tipos de observaci\u00f3n, adecuado para personas que usan anteojos y no usan anteojos.<\/li>\n<\/ul>\n","protected":false},"excerpt":{"rendered":"<p>K&amp;F CONCEPT KF33.070 BAK-4 Prisma Prisma Impermeable IP65 Binoculares (Negro) Funciones M\u00e1s HD: Prism\u00e1ticos HD de 10x, cuanto menor sea<\/p>\n","protected":false},"featured_media":44171,"comment_status":"closed","ping_status":"open","template":"","meta":{"_acf_changed":false},"product_brand":[2562],"product_cat":[1066],"product_tag":[],"class_list":{"0":"post-82206","1":"product","2":"type-product","3":"status-publish","4":"has-post-thumbnail","6":"product_brand-kf-concept-es","7":"product_cat-prismaticos","9":"first","10":"instock","11":"taxable","12":"shipping-taxable","13":"purchasable","14":"product-type-simple"},"bundled_by":[],"bundle_stock_status":"instock","bundle_stock_quantity":1,"bundle_virtual":false,"bundle_layout":"","bundle_add_to_cart_form_location":"","bundle_editable_in_cart":false,"bundle_sold_individually_context":"","bundle_item_grouping":"","bundle_min_size":"","bundle_max_size":"","bundle_price":[],"bundled_items":[],"bundle_sell_ids":[],"acf":[],"_links":{"self":[{"href":"https:\/\/hi-techwonder.com\/es\/wp-json\/wp\/v2\/product\/82206","targetHints":{"allow":["GET"]}}],"collection":[{"href":"https:\/\/hi-techwonder.com\/es\/wp-json\/wp\/v2\/product"}],"about":[{"href":"https:\/\/hi-techwonder.com\/es\/wp-json\/wp\/v2\/types\/product"}],"replies":[{"embeddable":true,"href":"https:\/\/hi-techwonder.com\/es\/wp-json\/wp\/v2\/comments?post=82206"}],"wp:featuredmedia":[{"embeddable":true,"href":"https:\/\/hi-techwonder.com\/es\/wp-json\/wp\/v2\/media\/44171"}],"wp:attachment":[{"href":"https:\/\/hi-techwonder.com\/es\/wp-json\/wp\/v2\/media?parent=82206"}],"wp:term":[{"taxonomy":"product_brand","embeddable":true,"href":"https:\/\/hi-techwonder.com\/es\/wp-json\/wp\/v2\/product_brand?post=82206"},{"taxonomy":"product_cat","embeddable":true,"href":"https:\/\/hi-techwonder.com\/es\/wp-json\/wp\/v2\/product_cat?post=82206"},{"taxonomy":"product_tag","embeddable":true,"href":"https:\/\/hi-techwonder.com\/es\/wp-json\/wp\/v2\/product_tag?post=82206"}],"curies":[{"name":"wp","href":"https:\/\/api.w.org\/{rel}","templated":true}]}}