{"id":82226,"date":"2025-07-29T08:57:24","date_gmt":"2025-07-29T08:57:24","guid":{"rendered":"https:\/\/hi-techwonder.com\/product\/dji-drone-neo\/"},"modified":"2026-04-09T11:25:18","modified_gmt":"2026-04-09T10:25:18","slug":"dji-drone-neo","status":"publish","type":"product","link":"https:\/\/hi-techwonder.com\/es\/producto\/dji-drone-neo\/","title":{"rendered":"DJI Drone Neo"},"content":{"rendered":"<p><b>DJI Drone Neo<\/b><\/p>\n<p><\/p>\n<p><b>Funciones:<\/b><\/p>\n<ul>\n<li>135 g, ligero y port\u00e1til<\/li>\n<li>Despegue y aterrizaje en la palma de tu mano<\/li>\n<li>Seguimiento de objetivos impulsado por IA, QuickShots<\/li>\n<li>M\u00faltiples opciones de control<\/li>\n<li>Video 4K con estabilizaci\u00f3n superior<\/li>\n<li>Protectores de h\u00e9lice de protecci\u00f3n total<\/li>\n<li>Dron compacto para vlogging<\/li>\n<\/ul>\n<div><\/div>\n<p><\/p>\n<p>Con solo 135 g, el DJI Neo es el dron m\u00e1s ligero y compacto de DJI hasta la fecha. Levanta el vuelo y aterriza en la palma de tu mano con facilidad sin necesidad de un control remoto, capturando im\u00e1genes cinematogr\u00e1ficas contigo enfocado. Vuela sobre paisajes impresionantes al aire libre o en interiores, asegur\u00e1ndote de que nadie se quede fuera en las fotos grupales. Toma la vida desde una nueva perspectiva con DJI Neo.   <\/p>\n<p><\/p>\n<p>De tu mano al cielo \u2014 Despegue en la palma de tu mano<\/p>\n<p>DJI Neo levanta el vuelo y aterriza con gracia en la palma de tu mano. Simplemente presione el bot\u00f3n Modo en DJI Neo, seleccione el modo de grabaci\u00f3n deseado y Neo har\u00e1 todo lo dem\u00e1s autom\u00e1ticamente, \u00a1capturando im\u00e1genes impresionantes sin un control remoto! <\/p>\n<p><\/p>\n<p><b>Tome el centro del escenario con el seguimiento de objetivos impulsado por IA<\/b><\/p>\n<p>Ya sea que est\u00e9 en bicicleta, en patineta o de excursi\u00f3n, Neo lo acompa\u00f1a como su fot\u00f3grafo privado, asegur\u00e1ndose de que siempre est\u00e9 en el centro de atenci\u00f3n. Equipado con algoritmos de inteligencia artificial, Neo puede seguir al objetivo dentro del marco, por lo que puede crear incre\u00edbles secuencias de seguimiento con facilidad. &nbsp;<\/p>\n<table class=\"MsoTableGrid\" border=\"1\" cellspacing=\"0\" cellpadding=\"0\" style=\"border: none;\">\n<tbody>\n<tr>\n<td width=\"284\" valign=\"top\" style=\"width: 213.05pt; border-width: 1pt; border-color: windowtext; padding: 0cm 5.4pt;\">\n<p class=\"MsoNormal\" align=\"center\" style=\"text-align:center\">Seguimiento inteligente<o:p><\/o:p><\/p>\n<\/td>\n<td width=\"284\" valign=\"top\" style=\"width: 213.05pt; border-top-width: 1pt; border-right-width: 1pt; border-bottom-width: 1pt; border-top-color: windowtext; border-right-color: windowtext; border-bottom-color: windowtext; border-left: none; padding: 0cm 5.4pt;\">\n<p class=\"MsoNormal\" align=\"center\" style=\"text-align:center\">Direcci\u00f3nPista<o:p><\/o:p><\/p>\n<\/td>\n<\/tr>\n<\/tbody>\n<\/table>\n<p><\/p>\n<p><b>Despierta tu creatividad con QuickShots<\/b><\/p>\n<p>Con un simple toque de tus dedos, deja que DJI Neo grabe autom\u00e1ticamente en tu lugar. DJI Neo ofrece seis modos de grabaci\u00f3n inteligentes[5], lo que te brinda una amplia gama de \u00e1ngulos para optimizar tus grabaciones creativas. <\/p>\n<table class=\"MsoTableGrid\" border=\"1\" cellspacing=\"0\" cellpadding=\"0\" style=\"border: none;\">\n<tbody>\n<tr>\n<td width=\"95\" valign=\"top\" style=\"width: 71pt; border-width: 1pt; border-color: windowtext; padding: 0cm 5.4pt;\">\n<p class=\"MsoNormal\" align=\"center\" style=\"text-align:center\">Dronie<o:p><\/o:p><\/p>\n<\/td>\n<td width=\"95\" valign=\"top\" style=\"width: 71pt; border-top-width: 1pt; border-right-width: 1pt; border-bottom-width: 1pt; border-top-color: windowtext; border-right-color: windowtext; border-bottom-color: windowtext; border-left: none; padding: 0cm 5.4pt;\">\n<p class=\"MsoNormal\" align=\"center\" style=\"text-align:center\">\u00d3rbita<o:p><\/o:p><\/p>\n<\/td>\n<td width=\"95\" valign=\"top\" style=\"width: 71pt; border-top-width: 1pt; border-right-width: 1pt; border-bottom-width: 1pt; border-top-color: windowtext; border-right-color: windowtext; border-bottom-color: windowtext; border-left: none; padding: 0cm 5.4pt;\">\n<p class=\"MsoNormal\" align=\"center\" style=\"text-align:center\">Cohete<o:p><\/o:p><\/p>\n<\/td>\n<td width=\"95\" valign=\"top\" style=\"width: 71pt; border-top-width: 1pt; border-right-width: 1pt; border-bottom-width: 1pt; border-top-color: windowtext; border-right-color: windowtext; border-bottom-color: windowtext; border-left: none; padding: 0cm 5.4pt;\">\n<p class=\"MsoNormal\" align=\"center\" style=\"text-align:center\">Foco<o:p><\/o:p><\/p>\n<\/td>\n<td width=\"95\" valign=\"top\" style=\"width: 71.05pt; border-top-width: 1pt; border-right-width: 1pt; border-bottom-width: 1pt; border-top-color: windowtext; border-right-color: windowtext; border-bottom-color: windowtext; border-left: none; padding: 0cm 5.4pt;\">\n<p class=\"MsoNormal\" align=\"center\" style=\"text-align:center\">H\u00e9lice<o:p><\/o:p><\/p>\n<\/td>\n<td width=\"95\" valign=\"top\" style=\"width: 71.05pt; border-top-width: 1pt; border-right-width: 1pt; border-bottom-width: 1pt; border-top-color: windowtext; border-right-color: windowtext; border-bottom-color: windowtext; border-left: none; padding: 0cm 5.4pt;\">\n<p class=\"MsoNormal\" align=\"center\" style=\"text-align:center\">Bumer\u00e1n<o:p><\/o:p><\/p>\n<\/td>\n<\/tr>\n<\/tbody>\n<\/table>\n<div><\/div>\n<div>\n<div><b>M\u00faltiples m\u00e9todos de control<\/b><\/div>\n<div>Compacto pero potente, DJI Neo vuela con estilo. No solo admite grabaciones a\u00e9reas con control remoto, sino que tambi\u00e9n se puede vincular a la aplicaci\u00f3n DJI Fly, controles remotos, RC Motion, DJI Goggles y m\u00e1s, optimizando el vuelo y el control de la c\u00e1mara. &nbsp;<\/div>\n<div>Control por voz[6][7]<\/div>\n<div>\u00ab\u00a1Oye, vuela\u00bb! Activa la aplicaci\u00f3n DJI Fly con estas palabras para habilitar el control por voz y volar DJI Neo con comandos de vuelo verbales. <\/div>\n<div>Ver video<\/div>\n<div><\/div>\n<div><b>Control de aplicaciones m\u00f3viles[6]<\/b><\/div>\n<div>DJI Neo se puede conectar a tel\u00e9fonos inteligentes a trav\u00e9s de Wi-Fi, eliminando la necesidad de usar un control remoto adicional. Controla el Neo usando joysticks virtuales en la interfaz de la aplicaci\u00f3n DJI Fly, con un rango de control de hasta 50 metros. [8] La aplicaci\u00f3n tambi\u00e9n te permite establecer el \u00e1ngulo de seguimiento y la distancia, lo que te da la libertad de grabar desde lejos o cerca, t\u00fa eres el jefe.  <\/div>\n<div><\/div>\n<div><b>Control a trav\u00e9s de CR[9]<\/b><\/div>\n<div>Cuando se vincula al DJI RC-N3, el DJI Neo alcanza una distancia m\u00e1xima de transmisi\u00f3n de video de 10 kil\u00f3metros. [10] Controle la c\u00e1mara de forma flexible con los pines de control remoto tradicionales cuando necesite realizar grabaciones de nivel profesional. <\/div>\n<div><\/div>\n<div><b>Control de movimiento inmersivo[9]<\/b><\/div>\n<div>DJI Neo se puede vincular a DJI Goggles 3, RC Motion 3 o DJI FPV Remote Control 3, lo que ofrece una distancia de transmisi\u00f3n de video de hasta 10 kil\u00f3metros. [10] Cuando se usa con RC Motion 3, DJI Neo domina el arte de las acrobacias de un solo toque y la navegaci\u00f3n perfecta en interiores, realizando maniobras \u00e1giles en espacios reducidos* con facilidad. Cabiendo en la palma de tu mano, DJI Neo es flexible y r\u00e1pido en el aire, lo que lo convierte en la elecci\u00f3n perfecta para perfeccionar tus habilidades en el modo manual.  <\/div>\n<div><\/div>\n<div><b>Calidad de imagen superior<\/b><\/div>\n<div>El DJI Neo tiene un sensor de imagen de 1\/2&#8243; para capturar fotos de 12 MP. Combinado con los potentes algoritmos de estabilizaci\u00f3n de DJI, genera videos 4K UHD estabilizados directamente desde la c\u00e1mara. [11]&nbsp;&nbsp;<\/div>\n<div>\n<table class=\"MsoTableGrid\" border=\"1\" cellspacing=\"0\" cellpadding=\"0\" style=\"border: none;\">\n<tbody>\n<tr>\n<td width=\"284\" valign=\"top\" style=\"width: 213.05pt; border-width: 1pt; border-color: windowtext; padding: 0cm 5.4pt;\">\n<p class=\"MsoNormal\" align=\"center\" style=\"text-align:center\">12 MP<o:p><\/o:p><\/p>\n<\/td>\n<td width=\"284\" valign=\"top\" style=\"width: 213.05pt; border-top-width: 1pt; border-right-width: 1pt; border-bottom-width: 1pt; border-top-color: windowtext; border-right-color: windowtext; border-bottom-color: windowtext; border-left: none; padding: 0cm 5.4pt;\">\n<p class=\"MsoNormal\" align=\"center\" style=\"text-align:center\">4K\/30 fps<o:p><\/o:p><\/p>\n<\/td>\n<\/tr>\n<tr>\n<td width=\"284\" valign=\"top\" style=\"width: 213.05pt; border-right-width: 1pt; border-bottom-width: 1pt; border-left-width: 1pt; border-right-color: windowtext; border-bottom-color: windowtext; border-left-color: windowtext; border-top: none; padding: 0cm 5.4pt;\">\n<p class=\"MsoNormal\" align=\"center\" style=\"text-align:center\">P\u00edxeles efectivos<o:p><\/o:p><\/p>\n<\/td>\n<td width=\"284\" valign=\"top\" style=\"width: 213.05pt; border-top: none; border-left: none; border-bottom-width: 1pt; border-bottom-color: windowtext; border-right-width: 1pt; border-right-color: windowtext; padding: 0cm 5.4pt;\">\n<p class=\"MsoNormal\" align=\"center\" style=\"text-align:center\">Especificaci\u00f3n de video<o:p><\/o:p><\/p>\n<\/td>\n<\/tr>\n<\/tbody>\n<\/table>\n<\/div>\n<\/div>\n<div><b><br \/><\/b><\/div>\n<div>\n<div><b>Video 4K y Ultra HD<\/b><\/div>\n<div>DJI Neo admite m\u00faltiples resoluciones y velocidades de fotogramas para la grabaci\u00f3n de video RockSteady\/HorizonBalancing de hasta 4K\/30 fps[11], manteniendo la nitidez tanto en las \u00e1reas iluminadas como en las sombras y asegurando una gran cantidad de detalles en cada cuadro.<\/div>\n<div><\/div>\n<div><b>Funciones de estabilizaci\u00f3n para la estabilidad de la imagen<\/b><\/div>\n<div>DJI Neo est\u00e1 equipado con un estabilizador mec\u00e1nico de un solo eje, combinado con estabilizaci\u00f3n RockSteady y HorizonBaling[12], realizando vuelos de alta velocidad con gran amplitud incluso en condiciones de viento de nivel 4. Los algoritmos de estabilizaci\u00f3n reducen significativamente las sacudidas de la grabaci\u00f3n, corrigiendo la inclinaci\u00f3n del horizonte en \u00b145\u00b0[12] para una grabaci\u00f3n clara y estable. <\/div>\n<div><b><br \/><\/b><\/div>\n<div><b>Crea con facilidad<\/b><\/div>\n<div><b>Almacenamiento interno de 22 GB<\/b><\/div>\n<div>DJI Neo puede almacenar hasta 40 minutos de video 4K \/ 30fps o 55 minutos de video 1080p \/ 60fps, lo que le permite mantener todos sus recuerdos almacenados.<\/div>\n<\/div>\n<div><\/div>\n<div>\n<div><b>Grabaci\u00f3n de audio sin cables<\/b><\/div>\n<div>Despu\u00e9s de vincularse a la aplicaci\u00f3n DJI Fly, DJI Neo graba audio directamente a trav\u00e9s del micr\u00f3fono incorporado de su tel\u00e9fono o usando el DJI Microphone 2[13], que se puede conectar a su tel\u00e9fono a trav\u00e9s de Bluetooth. La aplicaci\u00f3n DJI Fly elimina autom\u00e1ticamente el ruido de la h\u00e9lice y fusiona la pista de audio con la grabaci\u00f3n, lo que garantiza un sonido limpio incluso cuando se graban videos en \u00e1ngulos bajos. <\/div>\n<div><\/div>\n<div><b>Transferencia r\u00e1pida de alta velocidad<\/b><\/div>\n<div>\u00a1No necesitas un cable de datos! Despu\u00e9s de conectarse a su tel\u00e9fono a trav\u00e9s de Wi-Fi, las grabaciones realizadas por DJI Neo se pueden transferir r\u00e1pidamente a la aplicaci\u00f3n DJI Fly. Transfiera sus trabajos instant\u00e1neamente despu\u00e9s de grabar, lo que facilita su edici\u00f3n y compartici\u00f3n.  <\/div>\n<div><\/div>\n<div>Glamour con un solo toque<\/div>\n<div>Dale un cambio de imagen a tu apariencia e inspira confianza agregando efectos de glamour. Simplemente importe el metraje a la aplicaci\u00f3n DJI Fly para comenzar. <\/div>\n<div><\/div>\n<div><b>Edici\u00f3n simplificada<\/b><\/div>\n<div>La aplicaci\u00f3n DJI Fly ofrece una amplia selecci\u00f3n de plantillas y efectos de sonido para una edici\u00f3n r\u00e1pida y sencilla. Crea y comparte videos de manera eficiente sin tener que descargar las grabaciones para editarlas, ahorrando espacio de almacenamiento en tu tel\u00e9fono. <\/div>\n<div><\/div>\n<div>&nbsp;Vuelos estables, bater\u00eda de larga duraci\u00f3n<\/div>\n<div>Usando un sistema de posicionamiento visual infrarrojo y monocular, DJI Neo puede flotar de manera estable en el aire, manteniendo la estabilidad incluso en condiciones de viento de nivel 4. Tambi\u00e9n es compatible con el retorno autom\u00e1tico a la base (RTH) para operaciones convenientes y sin preocupaciones. <\/div>\n<div>Regreso a la base (RTH)<\/div>\n<div>No te preocupes por el Regreso a la Base, para el despegue\/aterrizaje en la palma de tu mano o el control a trav\u00e9s de la aplicaci\u00f3n m\u00f3vil, DJI Neo regresar\u00e1 al punto de partida despu\u00e9s de completar su ruta. Cuando se usa un control remoto o un control de movimiento inmersivo, el Neo admite Return to Base (RTH) y RTH a prueba de fallas, regresando a usted con facilidad. <\/div>\n<div><\/div>\n<div><\/div>\n<div>Resistencia al viento de nivel 4<\/div>\n<div>Tiempo de vuelo de 18 min.<\/div>\n<div>Con 18 minutos de tiempo de vuelo[14], DJI Neo puede realizar m\u00e1s de 20 viajes consecutivos[15] de ida y vuelta desde la palma de tu mano, documentando los peque\u00f1os momentos de la vida cotidiana con su elegante dise\u00f1o que no compromete el tiempo de vuelo.<\/div>\n<div>Carga directa para un uso r\u00e1pido<\/div>\n<div>Conecte la aeronave directamente a una fuente de alimentaci\u00f3n mediante un cable de datos tipo C para una carga conveniente. Adem\u00e1s, el cargador multipuerto bidireccional de DJI Neo[16] puede cargar tres bater\u00edas simult\u00e1neamente[17], lo que aumenta tanto la velocidad como la eficiencia de la carga. <\/div>\n<div><\/div>\n<div>&nbsp;  Dron comod\u00edn<\/div>\n<div>Graba v\u00eddeos cuando quieras<\/div>\n<div>El DJI Neo viene con la aeronave, una bater\u00eda de vuelo inteligente, protectores de h\u00e9lice y m\u00e1s, lo que le permite sumergirse de cabeza en la adrenalina de volar a un precio asequible, lo que lo convierte en una excelente opci\u00f3n para principiantes. Tambi\u00e9n es posible comprar bater\u00edas adicionales por separado para extender el tiempo de vuelo y aumentar su disfrute. <\/div>\n<\/div>\n<div><\/div>\n","protected":false},"excerpt":{"rendered":"<p>DJI Drone Neo Funciones: 135 g, ligero y port\u00e1til Despegue y aterrizaje en la palma de tu mano Seguimiento de<\/p>\n","protected":false},"featured_media":43398,"comment_status":"closed","ping_status":"open","template":"","meta":{"_acf_changed":false},"product_brand":[2542],"product_cat":[937],"product_tag":[],"class_list":{"0":"post-82226","1":"product","2":"type-product","3":"status-publish","4":"has-post-thumbnail","6":"product_brand-dji-es","7":"product_cat-drones-drones-es","9":"first","10":"pre-order","11":"taxable","12":"shipping-taxable","13":"purchasable","14":"product-type-simple"},"bundled_by":[],"bundle_stock_status":"pre-order","bundle_stock_quantity":null,"bundle_virtual":false,"bundle_layout":"","bundle_add_to_cart_form_location":"","bundle_editable_in_cart":false,"bundle_sold_individually_context":"","bundle_item_grouping":"","bundle_min_size":"","bundle_max_size":"","bundle_price":[],"bundled_items":[],"bundle_sell_ids":[],"acf":[],"_links":{"self":[{"href":"https:\/\/hi-techwonder.com\/es\/wp-json\/wp\/v2\/product\/82226","targetHints":{"allow":["GET"]}}],"collection":[{"href":"https:\/\/hi-techwonder.com\/es\/wp-json\/wp\/v2\/product"}],"about":[{"href":"https:\/\/hi-techwonder.com\/es\/wp-json\/wp\/v2\/types\/product"}],"replies":[{"embeddable":true,"href":"https:\/\/hi-techwonder.com\/es\/wp-json\/wp\/v2\/comments?post=82226"}],"wp:featuredmedia":[{"embeddable":true,"href":"https:\/\/hi-techwonder.com\/es\/wp-json\/wp\/v2\/media\/43398"}],"wp:attachment":[{"href":"https:\/\/hi-techwonder.com\/es\/wp-json\/wp\/v2\/media?parent=82226"}],"wp:term":[{"taxonomy":"product_brand","embeddable":true,"href":"https:\/\/hi-techwonder.com\/es\/wp-json\/wp\/v2\/product_brand?post=82226"},{"taxonomy":"product_cat","embeddable":true,"href":"https:\/\/hi-techwonder.com\/es\/wp-json\/wp\/v2\/product_cat?post=82226"},{"taxonomy":"product_tag","embeddable":true,"href":"https:\/\/hi-techwonder.com\/es\/wp-json\/wp\/v2\/product_tag?post=82226"}],"curies":[{"name":"wp","href":"https:\/\/api.w.org\/{rel}","templated":true}]}}