{"id":82243,"date":"2025-07-29T08:51:24","date_gmt":"2025-07-29T08:51:24","guid":{"rendered":"https:\/\/hi-techwonder.com\/product\/juego-de-filtros-nd-smallrig-4774-para-dji-osmo-pocket-3\/"},"modified":"2026-03-31T16:23:30","modified_gmt":"2026-03-31T15:23:30","slug":"smallrig-juego-de-filtros-nd-smallrig-4774-para-dji-osmo-pocket-3","status":"publish","type":"product","link":"https:\/\/hi-techwonder.com\/es\/producto\/smallrig-juego-de-filtros-nd-smallrig-4774-para-dji-osmo-pocket-3\/","title":{"rendered":"Juego de filtros ND SMALLRIG 4774 para DJI Osmo Pocket 3"},"content":{"rendered":"<p><b>SMALLRIG 4774 Juego de 3 filtros ND para DJI Osmo Pocket 3<\/b><\/p>\n<p><b><br \/><\/b><\/p>\n<p><b><br \/><\/b><\/p>\n<p><b><br \/><\/b><\/p>\n<p><b>Funciones<\/b><\/p>\n<ul>\n<li>Juego de filtros ND SmallRig para DJI Osmo Pocket 3<\/li>\n<li>Proporciona efectos de exposici\u00f3n \u00f3ptimos para una mayor definici\u00f3n del color<\/li>\n<li>Snap-On &#8211; Configuraci\u00f3n r\u00e1pida con accesorio Instalaci\u00f3n magn\u00e9tica<\/li>\n<li>Dise\u00f1o compacto y liviano: discreto para usar con card\u00e1n<\/li>\n<li>Control preciso de la luz: gran exposici\u00f3n en cualquier entorno<\/li>\n<\/ul>\n<p><\/p>\n<p><\/p>\n<p><\/p>\n<p><\/p>\n<p><b><br \/><\/b><\/p>\n<p>Contenido del paquete<\/p>\n<ul>\n<li>1 x Filtro ND8<\/li>\n<li>1 x Filtro ND64<\/li>\n<li>1 x Filtro ND256<\/li>\n<li>1 x Protector de pantalla<\/li>\n<\/ul>\n<p><b><br \/><\/b><\/p>\n<p><b><br \/><\/b><\/p>\n<p><b><br \/><\/b><\/p>\n<p><b><br \/><\/b><\/p>\n<p><\/p>\n<p><b>Descripci\u00f3n del Set de 3 Filtros ND para DJI Osmo Pocket 3 Smallrig 4774<\/b><\/p>\n<p><b><br \/><\/b><\/p>\n<p style=\"text-align: center\">&nbsp; &nbsp; &nbsp; &nbsp; &nbsp; &nbsp; &nbsp; &nbsp; &nbsp; &nbsp; &nbsp; &nbsp; &nbsp; &nbsp;<b><br \/><\/b><\/p>\n<p><b><br \/><\/b><\/p>\n<ul>\n<li style=\"text-align: justify\">Los filtros cuentan con vidrio de alta definici\u00f3n y alta transparencia con revestimiento m\u00faltiple de doble cara para una reproducci\u00f3n precisa del color. Este recubrimiento tambi\u00e9n ofrece resistencia al moho, al agua y al aceite, lo que garantiza un f\u00e1cil mantenimiento. Ligeros y compatibles con el card\u00e1n DJI Osmo Pocket 3, los filtros facilitan un disparo suave y estable sin impedir el almacenamiento del card\u00e1n. El set incluye tres filtros: ND8 para condiciones de iluminaci\u00f3n brillante para equilibrar la exposici\u00f3n y mejorar la naturalidad, ND64 para brillo medio para un mejor control de la exposici\u00f3n y reproducci\u00f3n de detalles\/color, y ND256 para iluminaci\u00f3n brillante para preservar los detalles en los reflejos y crear efectos sorprendentes. Ya sea a plena luz del sol o en entornos con poca luz, estos filtros permiten un control preciso de la luz para obtener efectos de exposici\u00f3n \u00f3ptimos. Adem\u00e1s, el kit incluye un protector de pantalla de cristal templado para proteger la pantalla de ara\u00f1azos. 1. Instalaci\u00f3n magn\u00e9tica a presi\u00f3n para una configuraci\u00f3n r\u00e1pida. 2. Dise\u00f1o compacto y liviano que no impide la rotaci\u00f3n o el almacenamiento del card\u00e1n. 3. Control preciso de la luz para una exposici\u00f3n \u00f3ptima en diversos entornos de disparo.        <\/li>\n<\/ul>\n<p style=\"text-align: justify\"><\/p>\n<p style=\"text-align: justify\"><\/p>\n<p style=\"text-align: center\"><img decoding=\"async\" src=\"https:\/\/image.smallrig.com\/public\/1718789945349_.gif\" style=\"width: 50%\" alt=\"\"><b><br \/><\/b><\/p>\n<p style=\"text-align: center\"><b><br \/><\/b><\/p>\n<p style=\"text-align: center\"><b>MONTAJE MAGN\u00c9TICO <\/b>(<b>No obstruye el almacenamiento del cabezal<\/b>)<\/p>\n<p style=\"text-align: justify\"><\/p>\n<p style=\"text-align: justify\"><\/p>\n<p style=\"text-align: justify\"><\/p>\n<p style=\"text-align: justify\"><b>Caracter\u00edsticas t\u00e9cnicas<\/b><\/p>\n<table class=\"table table-bordered\">\n<tbody>\n<tr>\n<td>Dimensiones del producto:<\/td>\n<td>22,9 x 15,9 x 2,1 mm (tama\u00f1o m\u00e1ximo del filtro)<\/td>\n<\/tr>\n<tr>\n<td>Dimensiones del paquete:<\/td>\n<td>123,0 x 71,0 x 14,5 mm<\/td>\n<\/tr>\n<tr>\n<td>Peso del producto:<\/td>\n<td>23,0 gramos&nbsp;<\/td>\n<\/tr>\n<tr>\n<td>Peso del paquete:<\/td>\n<td>33,0 gramos&nbsp;<\/td>\n<\/tr>\n<tr>\n<td>Material(es):<\/td>\n<td>Vidrio, aleaci\u00f3n de aluminio, im\u00e1n<\/td>\n<\/tr>\n<\/tbody>\n<\/table>\n<p style=\"text-align: justify\"><\/p>\n<p style=\"text-align: justify\"><\/p>\n<p style=\"text-align: justify\"><\/p>\n","protected":false},"excerpt":{"rendered":"<p>SMALLRIG 4774 Juego de 3 filtros ND para DJI Osmo Pocket 3 Funciones Juego de filtros ND SmallRig para DJI<\/p>\n","protected":false},"featured_media":41815,"comment_status":"closed","ping_status":"open","template":"","meta":{"_acf_changed":false},"product_brand":[2550],"product_cat":[926],"product_tag":[],"class_list":{"0":"post-82243","1":"product","2":"type-product","3":"status-publish","4":"has-post-thumbnail","6":"product_brand-smallrig-es","7":"product_cat-acessorios-accion-360o","9":"first","10":"pre-order","11":"taxable","12":"shipping-taxable","13":"purchasable","14":"product-type-simple"},"bundled_by":[],"bundle_stock_status":"pre-order","bundle_stock_quantity":null,"bundle_virtual":false,"bundle_layout":"","bundle_add_to_cart_form_location":"","bundle_editable_in_cart":false,"bundle_sold_individually_context":"","bundle_item_grouping":"","bundle_min_size":"","bundle_max_size":"","bundle_price":[],"bundled_items":[],"bundle_sell_ids":[],"acf":[],"_links":{"self":[{"href":"https:\/\/hi-techwonder.com\/es\/wp-json\/wp\/v2\/product\/82243","targetHints":{"allow":["GET"]}}],"collection":[{"href":"https:\/\/hi-techwonder.com\/es\/wp-json\/wp\/v2\/product"}],"about":[{"href":"https:\/\/hi-techwonder.com\/es\/wp-json\/wp\/v2\/types\/product"}],"replies":[{"embeddable":true,"href":"https:\/\/hi-techwonder.com\/es\/wp-json\/wp\/v2\/comments?post=82243"}],"wp:featuredmedia":[{"embeddable":true,"href":"https:\/\/hi-techwonder.com\/es\/wp-json\/wp\/v2\/media\/41815"}],"wp:attachment":[{"href":"https:\/\/hi-techwonder.com\/es\/wp-json\/wp\/v2\/media?parent=82243"}],"wp:term":[{"taxonomy":"product_brand","embeddable":true,"href":"https:\/\/hi-techwonder.com\/es\/wp-json\/wp\/v2\/product_brand?post=82243"},{"taxonomy":"product_cat","embeddable":true,"href":"https:\/\/hi-techwonder.com\/es\/wp-json\/wp\/v2\/product_cat?post=82243"},{"taxonomy":"product_tag","embeddable":true,"href":"https:\/\/hi-techwonder.com\/es\/wp-json\/wp\/v2\/product_tag?post=82243"}],"curies":[{"name":"wp","href":"https:\/\/api.w.org\/{rel}","templated":true}]}}