{"id":82245,"date":"2025-07-29T00:26:24","date_gmt":"2025-07-29T00:26:24","guid":{"rendered":"https:\/\/hi-techwonder.com\/product\/om-system-tough-tg-7-rojo\/"},"modified":"2026-03-19T15:19:56","modified_gmt":"2026-03-19T15:19:56","slug":"om-system-tough-tg-7-rojo","status":"publish","type":"product","link":"https:\/\/hi-techwonder.com\/es\/producto\/om-system-tough-tg-7-rojo\/","title":{"rendered":"OM SYSTEM Tough TG-7 (Rojo)"},"content":{"rendered":"<p><strong>OM SYSTEM Tough TG-7 Rojo (Olympus)<\/strong><\/p>\n<p><strong>Caracter\u00edsticas principales:<\/strong><\/p>\n<p>Caracter\u00edsticas principales<\/p>\n<ul>\n<li>Sensor BSI CMOS de 12 MP<\/li>\n<li>Lente de zoom \u00f3ptico 4x f\/2-4.9<\/li>\n<li>25-100 mm (equivalente a 35 mm)<\/li>\n<li>A prueba de agua, aplastamiento, golpes, congelaci\u00f3n y polvo<\/li>\n<li>17 accesorios compatibles<\/li>\n<li>Monitor LCD de 3&#8243; con 1,04 m de punto<\/li>\n<li>Procesador de imagen TruePic VIII<\/li>\n<li>Grabaci\u00f3n de video 4K y Full HD a 30 fps<\/li>\n<li>Wi-Fi, GPS, sistema de sensores de campo incorporados<\/li>\n<li>Conectividad USB-C<\/li>\n<\/ul>\n<p><strong><iframe loading=\"lazy\" style=\"min-height: 500px; width: 100%; height: auto;\" src=\"https:\/\/www.youtube.com\/embed\/IhFSSfzjs5Q?t=15s\" width=\"560\" height=\"314\" allowfullscreen=\"allowfullscreen\"><\/iframe><\/strong><\/p>\n<p><strong>Documenta tu viaje<\/strong><\/p>\n<p>Construida para soportar las duras condiciones de la vida al aire libre, la OM System Tough TG-7 es una c\u00e1mara digital autom\u00e1tica de alta calidad.<\/p>\n<p>El sensor CMOS BSI de 12 MP y el procesador de imagen TruePic VIII ofrecen un excelente rendimiento de foto y video, incluso en condiciones de poca luz, con una amplia apertura m\u00e1xima de f\/2 e ISO de hasta 12,800. Conservando gran parte de la estructura del modelo anterior, la TG-7 presenta nuevas caracter\u00edsticas como soporte de video vertical, grabaci\u00f3n de intervalos, suavizado de exposici\u00f3n y conectividad USB-C. &nbsp;<\/p>\n<p>Con estos beneficios adicionales, capturar escenas y cargarlas directamente en m\u00faltiples dispositivos es f\u00e1cil navegando por el monitor LCD de 3&#8243; y 1,04 m de la c\u00e1mara.&nbsp;<\/p>\n<p>Adem\u00e1s, la TG-7 es compatible con 17 accesorios \u00fanicos que se pueden comprar para ampliar a\u00fan m\u00e1s las capacidades de la c\u00e1mara, incluidos ojo de pez \/ teleconvertidores, carcasas submarinas, filtros de protecci\u00f3n de lentes y otros.<\/p>\n<div class=\"js-injected-html text_UbV5SNP5Eo\" style=\"box-sizing: inherit; font-size: 16px; line-height: 1.5rem; margin-top: 16px; font-family: OpenSans, \"Segoe UI\", Helvetica, Roboto, Arial, sans-serif; background-color: rgb(255, 255, 255); --darkreader-inline-bgcolor: #181a1b;\" data-darkreader-inline-bgcolor=\"\">\n<div class=\"js-injected-html text_UbV5SNP5Eo\" style=\"box-sizing: inherit; font-size: 16px; line-height: 1.5rem; margin-top: 16px; font-family: OpenSans, \"Segoe UI\", Helvetica, Roboto, Arial, sans-serif; background-color: rgb(255, 255, 255); --darkreader-inline-bgcolor: #181a1b;\" data-darkreader-inline-bgcolor=\"\"><strong>Ultra resistente<\/strong><\/div>\n<div class=\"js-injected-html text_UbV5SNP5Eo\" style=\"box-sizing: inherit; font-size: 16px; line-height: 1.5rem; margin-top: 16px; font-family: OpenSans, \"Segoe UI\", Helvetica, Roboto, Arial, sans-serif; background-color: rgb(255, 255, 255); --darkreader-inline-bgcolor: #181a1b;\" data-darkreader-inline-bgcolor=\"\">El TG-7 est\u00e1 dise\u00f1ado para funcionar independientemente de las condiciones:<\/div>\n<ul style=\"font-family: OpenSans, 'Segoe UI', Helvetica, Roboto, Arial, sans-serif; font-size: 16px;\">\n<li class=\"js-injected-html text_UbV5SNP5Eo\" style=\"box-sizing: inherit; font-size: 16px; line-height: 1.5rem; font-family: OpenSans, \"Segoe UI\", Helvetica, Roboto, Arial, sans-serif; background-color: rgb(255, 255, 255); --darkreader-inline-bgcolor: #181a1b;\" data-darkreader-inline-bgcolor=\"\">Clasificaci\u00f3n IPX8 a prueba de agua para uso bajo el agua a profundidades de 50 pies<\/li>\n<li class=\"js-injected-html text_UbV5SNP5Eo\" style=\"box-sizing: inherit; font-size: 16px; line-height: 1.5rem; font-family: OpenSans, \"Segoe UI\", Helvetica, Roboto, Arial, sans-serif; background-color: rgb(255, 255, 255); --darkreader-inline-bgcolor: #181a1b;\" data-darkreader-inline-bgcolor=\"\">A prueba de congelaci\u00f3n a temperaturas tan bajas como 14 \u00b0 F<\/li>\n<li class=\"js-injected-html text_UbV5SNP5Eo\" style=\"box-sizing: inherit; font-size: 16px; line-height: 1.5rem; font-family: OpenSans, \"Segoe UI\", Helvetica, Roboto, Arial, sans-serif; background-color: rgb(255, 255, 255); --darkreader-inline-bgcolor: #181a1b;\" data-darkreader-inline-bgcolor=\"\">A prueba de golpes para ca\u00eddas de hasta 7&#8242;<\/li>\n<li class=\"js-injected-html text_UbV5SNP5Eo\" style=\"box-sizing: inherit; font-size: 16px; line-height: 1.5rem; font-family: OpenSans, \"Segoe UI\", Helvetica, Roboto, Arial, sans-serif; background-color: rgb(255, 255, 255); --darkreader-inline-bgcolor: #181a1b;\" data-darkreader-inline-bgcolor=\"\">A prueba de aplastamiento para soportar presiones de hasta 220 lbf<\/li>\n<li class=\"js-injected-html text_UbV5SNP5Eo\" style=\"box-sizing: inherit; font-size: 16px; line-height: 1.5rem; font-family: OpenSans, \"Segoe UI\", Helvetica, Roboto, Arial, sans-serif; background-color: rgb(255, 255, 255); --darkreader-inline-bgcolor: #181a1b;\" data-darkreader-inline-bgcolor=\"\">A prueba de polvo para proteger los componentes internos de la c\u00e1mara<\/li>\n<li class=\"js-injected-html text_UbV5SNP5Eo\" style=\"box-sizing: inherit; font-size: 16px; line-height: 1.5rem; font-family: OpenSans, \"Segoe UI\", Helvetica, Roboto, Arial, sans-serif; background-color: rgb(255, 255, 255); --darkreader-inline-bgcolor: #181a1b;\" data-darkreader-inline-bgcolor=\"\">El dise\u00f1o antivaho evita que se forme condensaci\u00f3n dentro de las lentes<\/li>\n<\/ul>\n<p style=\"font-family: OpenSans, 'Segoe UI', Helvetica, Roboto, Arial, sans-serif; font-size: 16px;\"><strong>Funciones de v\u00eddeo mejoradas<\/strong><\/p>\n<p style=\"font-family: OpenSans, 'Segoe UI', Helvetica, Roboto, Arial, sans-serif; font-size: 16px;\">El TG-7 mejora una gama ya impresionante de funcionalidad de video con la adici\u00f3n de algunas caracter\u00edsticas nuevas. El soporte de video vertical le permite grabar videos en relaciones de aspecto verticales, es perfecto para vlogs y compartir en redes sociales. El disparo a intervalos le permite tomar varias fotos espaciadas en una cierta cantidad de tiempo para capturar mejor acciones o lapsos de tiempo. El modo Pro Capture te ayuda a congelar el momento perfecto en una secuencia de acci\u00f3n al almacenar en b\u00fafer el metraje cuando se presiona el bot\u00f3n del obturador hasta la mitad. La TG-7 guarda hasta 70 im\u00e1genes de las im\u00e1genes almacenadas en b\u00fafer m\u00e1s recientes, antes y despu\u00e9s de soltar el bot\u00f3n del obturador.    <\/p>\n<div class=\"featureHeader_UbV5SNP5Eo\" style=\"box-sizing: inherit; font-family: OpenSans, 'Segoe UI', Helvetica, Roboto, Arial, sans-serif; font-size: 16px;\">\n<div class=\"text_TAw0W35QK_ comfy_TAw0W35QK_ sizeTitle3_TAw0W35QK_ weightNormal_TAw0W35QK_ primary_i3MsQsqoe0\" style=\"box-sizing: inherit; margin: 0px; font-size: 1.25rem; line-height: 1.75rem;\"><strong><span style=\"box-sizing: inherit; vertical-align: inherit;\">Sistema de macros expansivo<\/strong><\/span><\/div>\n<\/div>\n<div style=\"box-sizing: inherit; font-family: OpenSans, 'Segoe UI', Helvetica, Roboto, Arial, sans-serif; font-size: 16px;\">\n<div class=\"js-injected-html text_UbV5SNP5Eo\" style=\"box-sizing: inherit; font-size: 1rem; line-height: 1.5rem; margin-top: 16px;\"><span style=\"box-sizing: inherit; vertical-align: inherit; font-size: 12pt;\">Ampl\u00ede el zoom \u00f3ptico de 4x de la TG-7 con cuatro modos de disparo macro para capturar escenas de primeros planos.&nbsp;<span style=\"font-size: 12pt;\">Seleccione el modo Microscopio para capturar im\u00e1genes con una distancia de enfoque m\u00ednima incre\u00edblemente corta de 0,39&#8243;. Para acercarse hasta 44x, cambie al modo de control del microscopio. Utilice el modo Apilamiento de enfoque para combinar varias im\u00e1genes y crear una foto con una gran profundidad de campo. El horquillado de enfoque le permite capturar hasta 30 im\u00e1genes en varios puntos de enfoque que se pueden componer en posproducci\u00f3n. Tener estas capacidades macro a su disposici\u00f3n facilita la captura de los detalles m\u00e1s finos de su sujeto y la visualizaci\u00f3n de perspectivas creativas que no se notan a simple vista.    <\/span><\/span><\/div>\n<div class=\"js-injected-html text_UbV5SNP5Eo\" style=\"box-sizing: inherit; font-size: 1rem; line-height: 1.5rem; margin-top: 16px;\">\n<div class=\"js-injected-html text_UbV5SNP5Eo\" style=\"box-sizing: inherit; font-size: 1rem; line-height: 1.5rem; margin-top: 16px;\"><strong>Disparo submarino avanzado<\/strong><\/div>\n<div class=\"js-injected-html text_UbV5SNP5Eo\" style=\"box-sizing: inherit; font-size: 1rem; line-height: 1.5rem; margin-top: 16px;\">Graba y graba videos a profundidades de hasta 15 metros con funciones generosas que simplifican la grabaci\u00f3n bajo el agua. El modo de balance de blancos bajo el agua proporciona una soluci\u00f3n para recuperar tonos de color precisos que puede perder al bucear a mayor profundidad bajo el agua. <\/div>\n<\/div>\n<\/div>\n<div class=\"js-injected-html text_UbV5SNP5Eo\" style=\"box-sizing: inherit; line-height: 1.5rem; margin-top: 16px;\">\n<div class=\"js-injected-html text_UbV5SNP5Eo\" style=\"box-sizing: inherit; line-height: 1.5rem; margin-top: 16px;\"><strong>Sensor CMOS BSI de 12 MP y procesador TruePic VIII<\/strong><\/div>\n<div class=\"js-injected-html text_UbV5SNP5Eo\" style=\"box-sizing: inherit; line-height: 1.5rem; margin-top: 16px;\">Con un sensor CMOS BSI de 12 MP y un procesador de imagen TruePic VIII, la TG-7 ofrece fotos y videos brillantes con colores intensos. Ambos lados del vidrio de sellado del sensor de imagen tienen un revestimiento antirreflectante que reduce el deslumbramiento, que generalmente ocurre cuando se dispara en condiciones de nieve, polvo o arena. El dise\u00f1o BSI del sensor, junto con la apertura m\u00e1xima de f\/2, garantiza una calidad de imagen m\u00e1s n\u00edtida con valores ISO m\u00e1s altos. Para obtener el m\u00e1ximo detalle y control en la edici\u00f3n de fotos, dispara en formato RAW. El procesador le permite grabar video UHD 4K30p y video Full HD 1080p de alta velocidad a hasta 120 fps.    <\/div>\n<div class=\"js-injected-html text_UbV5SNP5Eo\" style=\"box-sizing: inherit; line-height: 1.5rem; margin-top: 16px;\">\n<div class=\"js-injected-html text_UbV5SNP5Eo\" style=\"box-sizing: inherit; line-height: 1.5rem; margin-top: 16px;\"><strong>S\u00edguenos mientras te aventuras<\/strong><\/div>\n<div class=\"js-injected-html text_UbV5SNP5Eo\" style=\"box-sizing: inherit; line-height: 1.5rem; margin-top: 16px;\">El sistema de sensores de campo del TG-7 incluye GPS, man\u00f3metro, br\u00fajula y term\u00f3metro, lo que le permite registrar datos importantes sobre el medio ambiente e incluirlos en sus fotos y videos. Transferir datos e im\u00e1genes grabados a un dispositivo m\u00f3vil mediante Wi-Fi integrado es f\u00e1cil. Adem\u00e1s de la transferencia inal\u00e1mbrica, el Wi-Fi incorporado tambi\u00e9n le permite controlar la c\u00e1mara de forma remota.  <\/div>\n<div class=\"js-injected-html text_UbV5SNP5Eo\" style=\"box-sizing: inherit; line-height: 1.5rem; margin-top: 16px;\">\n<div class=\"js-injected-html text_UbV5SNP5Eo\" style=\"box-sizing: inherit; line-height: 1.5rem; margin-top: 16px;\"><strong>17 accesorios \u00fanicos<\/strong><\/div>\n<div class=\"js-injected-html text_UbV5SNP5Eo\" style=\"box-sizing: inherit; line-height: 1.5rem; margin-top: 16px;\">Lentes especiales, adaptadores, complementos y m\u00e1s est\u00e1n disponibles por separado para la TG-7:<\/div>\n<ul>\n<li class=\"js-injected-html text_UbV5SNP5Eo\" style=\"box-sizing: inherit; line-height: 1.5rem;\">LG-1 LED Anillo de luz macro<\/li>\n<li class=\"js-injected-html text_UbV5SNP5Eo\" style=\"box-sizing: inherit; line-height: 1.5rem;\">Barrera de lente LB-T01<\/li>\n<li class=\"js-injected-html text_UbV5SNP5Eo\" style=\"box-sizing: inherit; line-height: 1.5rem;\">Lente teleconvertidora TCON-T01<\/li>\n<li class=\"js-injected-html text_UbV5SNP5Eo\" style=\"box-sizing: inherit; line-height: 1.5rem;\">Lente convertidora de ojo de pez FCON-T01<\/li>\n<li class=\"js-injected-html text_UbV5SNP5Eo\" style=\"box-sizing: inherit; line-height: 1.5rem;\">Alojamiento subacu\u00e1tico PT-059<\/li>\n<li class=\"js-injected-html text_UbV5SNP5Eo\" style=\"box-sizing: inherit; line-height: 1.5rem;\">Estuche r\u00edgido de nailon CSCH-107<\/li>\n<li class=\"js-injected-html text_UbV5SNP5Eo\" style=\"box-sizing: inherit; line-height: 1.5rem;\">Lente convertidora de ojo de pez FCON-T02<\/li>\n<li class=\"js-injected-html text_UbV5SNP5Eo\" style=\"box-sizing: inherit; line-height: 1.5rem;\">Cargador USB de bater\u00eda UC-92 para bater\u00eda de iones de litio LI-92B<\/li>\n<li class=\"js-injected-html text_UbV5SNP5Eo\" style=\"box-sizing: inherit; line-height: 1.5rem;\">Difusor de flash FD-1<\/li>\n<li class=\"js-injected-html text_UbV5SNP5Eo\" style=\"box-sizing: inherit; line-height: 1.5rem;\">Adaptador de lente de conversi\u00f3n CLA-T01<\/li>\n<li class=\"js-injected-html text_UbV5SNP5Eo\" style=\"box-sizing: inherit; line-height: 1.5rem;\">Soporte deportivo de servicio pesado CSCH-123<\/li>\n<li class=\"js-injected-html text_UbV5SNP5Eo\" style=\"box-sizing: inherit; line-height: 1.5rem;\">Mando a distancia inal\u00e1mbrico RM-WR1<\/li>\n<li class=\"js-injected-html text_UbV5SNP5Eo\" style=\"box-sizing: inherit; line-height: 1.5rem;\">Adaptador de CA F-5AC<\/li>\n<li class=\"js-injected-html text_UbV5SNP5Eo\" style=\"box-sizing: inherit; line-height: 1.5rem;\">Cinta flotante CHS-09<\/li>\n<li class=\"js-injected-html text_UbV5SNP5Eo\" style=\"box-sizing: inherit; line-height: 1.5rem;\">PRF-D40.5 PRO Filtro de protecci\u00f3n de 40,5 mm<\/li>\n<li class=\"js-injected-html text_UbV5SNP5Eo\" style=\"box-sizing: inherit; line-height: 1.5rem;\">Bater\u00eda recargable de iones de litio LI-92B<\/li>\n<li class=\"js-injected-html text_UbV5SNP5Eo\" style=\"box-sizing: inherit; line-height: 1.5rem;\">CSCH-128 Funda de silicona<\/li>\n<\/ul>\n<\/div>\n<\/div>\n<div class=\"js-injected-html text_UbV5SNP5Eo\" style=\"box-sizing: inherit; line-height: 1.5rem; margin-top: 16px;\">\n<div class=\"js-injected-html text_UbV5SNP5Eo\" style=\"box-sizing: inherit; line-height: 1.5rem; margin-top: 16px;\"><strong>Especificaciones principales:<\/strong><\/div>\n<div class=\"js-injected-html text_UbV5SNP5Eo\" style=\"box-sizing: inherit; line-height: 1.5rem; margin-top: 16px;\"><strong>Resoluci\u00f3n del sensor &#8211; <\/strong>Efectivo: 12 megap\u00edxeles (4000 x 3000)<\/div>\n<div class=\"js-injected-html text_UbV5SNP5Eo\" style=\"box-sizing: inherit; line-height: 1.5rem; margin-top: 16px;\"><strong>Sensor de imagen<\/strong> &#8211; CMOS tipo 1\/1,3&#8243;<\/div>\n<div class=\"js-injected-html text_UbV5SNP5Eo\" style=\"box-sizing: inherit; line-height: 1.5rem; margin-top: 16px;\"><strong>Estabilizaci\u00f3n de imagen<\/strong> &#8211; Cambio de sensor<\/div>\n<div class=\"js-injected-html text_UbV5SNP5Eo\" style=\"box-sizing: inherit; line-height: 1.5rem; margin-top: 16px;\"><strong>Distancia focal<\/strong> : de 4,5 a 18 mm (equivalente a 35 mm: de 25 a 100 mm)<\/div>\n<div class=\"js-injected-html text_UbV5SNP5Eo\" style=\"box-sizing: inherit; line-height: 1.5rem; margin-top: 16px;\"><strong>Zoom \u00f3ptico<\/strong> &#8211; 4x<\/div>\n<div class=\"js-injected-html text_UbV5SNP5Eo\" style=\"box-sizing: inherit; line-height: 1.5rem; margin-top: 16px;\"><strong>Apertura m\u00e1xima<\/strong> : f\/2 a 4.9<\/div>\n<div class=\"js-injected-html text_UbV5SNP5Eo\" style=\"box-sizing: inherit; line-height: 1.5rem; margin-top: 16px;\"><strong>Sensibilidad ISO<\/strong> : de 100 a 1600 en modo autom\u00e1tico (ampliada: de 100 a 12.800)<\/div>\n<div class=\"js-injected-html text_UbV5SNP5Eo\" style=\"box-sizing: inherit; line-height: 1.5rem; margin-top: 16px;\"><strong>Modos de grabaci\u00f3n internos<\/strong><\/div>\n<div class=\"js-injected-html text_UbV5SNP5Eo\" style=\"box-sizing: inherit; line-height: 1.5rem; margin-top: 16px;\"><strong>MOV<\/strong><\/div>\n<div class=\"js-injected-html text_UbV5SNP5Eo\" style=\"box-sizing: inherit; line-height: 1.5rem; margin-top: 16px;\">UHD 4K (3840 x 2160) a 25\/29,97 fps [102 Mb\/s]<\/div>\n<div class=\"js-injected-html text_UbV5SNP5Eo\" style=\"box-sizing: inherit; line-height: 1.5rem; margin-top: 16px;\">1920 x 1080p a 25\/29,97\/50\/59,94 fps [18 a 52 Mb\/s]<\/div>\n<div class=\"js-injected-html text_UbV5SNP5Eo\" style=\"box-sizing: inherit; line-height: 1.5rem; margin-top: 16px;\">1280 x 720 a 25\/29,97 fps [18 a 52 Mb\/s] 52 Mb\/s]<\/div>\n<div class=\"js-injected-html text_UbV5SNP5Eo\" style=\"box-sizing: inherit; line-height: 1.5rem; margin-top: 16px;\"><strong>Ranura para tarjeta de memoria\/medios<\/strong> : ranura \u00fanica: SD\/SDHC\/SDXC<\/div>\n<div class=\"js-injected-html text_UbV5SNP5Eo\" style=\"box-sizing: inherit; line-height: 1.5rem; margin-top: 16px;\"><strong>Inal\u00e1mbrico<\/strong> &#8211; Wi-fi<\/div>\n<div class=\"js-injected-html text_UbV5SNP5Eo\" style=\"box-sizing: inherit; line-height: 1.5rem; margin-top: 16px;\"><strong>Compatible con aplicaciones m\u00f3viles<\/strong> &#8211; S\u00ed, Android e iOS<\/div>\n<div class=\"js-injected-html text_UbV5SNP5Eo\" style=\"box-sizing: inherit; line-height: 1.5rem; margin-top: 16px;\">*A partir de septiembre de 2023: consulte con el fabricante para obtener la compatibilidad m\u00e1s actualizada<\/div>\n<div class=\"js-injected-html text_UbV5SNP5Eo\" style=\"box-sizing: inherit; line-height: 1.5rem; margin-top: 16px;\"><strong>Tama\u00f1o de la pantalla<\/strong> &#8211; 3.0&#8243;<\/div>\n<div class=\"js-injected-html text_UbV5SNP5Eo\" style=\"box-sizing: inherit; line-height: 1.5rem; margin-top: 16px;\"><strong>Tipo de pantalla<\/strong> : LCD fija<\/div>\n<div class=\"js-injected-html text_UbV5SNP5Eo\" style=\"box-sizing: inherit; line-height: 1.5rem; margin-top: 16px;\"><strong>Flash\/luz incorporado <\/strong>: s\u00ed, solo flash<\/div>\n<div class=\"js-injected-html text_UbV5SNP5Eo\" style=\"box-sizing: inherit; line-height: 1.5rem; margin-top: 16px;\"><strong>Tipo de bater\u00eda<\/strong> : 1 x iones de litio recargables LI-92B (aprox. 340 disparos)<\/div>\n<div class=\"js-injected-html text_UbV5SNP5Eo\" style=\"box-sizing: inherit; line-height: 1.5rem; margin-top: 16px;\">\n<div class=\"js-injected-html text_UbV5SNP5Eo\" style=\"box-sizing: inherit; line-height: 1.5rem; margin-top: 16px;\"><strong>Dimensiones (ancho x alto x profundidad):<\/strong> 113,9 x 65,8 x 32,7 mm<\/div>\n<div class=\"js-injected-html text_UbV5SNP5Eo\" style=\"box-sizing: inherit; line-height: 1.5rem; margin-top: 16px;\"><strong>Peso<\/strong> &#8211; 249g<\/div>\n<\/div>\n<div class=\"js-injected-html text_UbV5SNP5Eo\" style=\"box-sizing: inherit; line-height: 1.5rem; margin-top: 16px;\">\n<div class=\"js-injected-html text_UbV5SNP5Eo\" style=\"box-sizing: inherit; line-height: 1.5rem; margin-top: 16px;\">\n<div class=\"js-injected-html text_UbV5SNP5Eo\" style=\"box-sizing: inherit; line-height: 1.5rem; margin-top: 16px;\">\n<div class=\"js-injected-html text_UbV5SNP5Eo\" style=\"box-sizing: inherit; line-height: 1.5rem; margin-top: 16px;\"><strong>Contenido del paquete:<\/strong><\/div>\n<\/div>\n<\/div>\n<div class=\"js-injected-html text_UbV5SNP5Eo\" style=\"box-sizing: inherit; line-height: 1.5rem; margin-top: 16px;\">\n<ul>\n<li class=\"js-injected-html text_UbV5SNP5Eo\" style=\"box-sizing: inherit; line-height: 1.5rem;\">OM SYSTEM C\u00e1mara digital Tough TG-7 (Negro)<\/li>\n<li class=\"js-injected-html text_UbV5SNP5Eo\" style=\"box-sizing: inherit; line-height: 1.5rem;\">Correa de mano<\/li>\n<li class=\"js-injected-html text_UbV5SNP5Eo\" style=\"box-sizing: inherit; line-height: 1.5rem;\">Cable USB-C<\/li>\n<li class=\"js-injected-html text_UbV5SNP5Eo\" style=\"box-sizing: inherit; line-height: 1.5rem;\">Bater\u00eda recargable de iones de litio Olympus LI-92B (3,6 V, 1350 mAh)<\/li>\n<\/ul>\n<\/div>\n<\/div>\n<div class=\"js-injected-html text_UbV5SNP5Eo\" style=\"box-sizing: inherit; line-height: 1.5rem; margin-top: 16px;\">&nbsp;<\/div>\n<div class=\"js-injected-html text_UbV5SNP5Eo\" style=\"box-sizing: inherit; line-height: 1.5rem; margin-top: 16px;\">&nbsp;<\/div>\n<div class=\"js-injected-html text_UbV5SNP5Eo\" style=\"box-sizing: inherit; line-height: 1.5rem; margin-top: 16px;\">&nbsp;<\/div>\n<div class=\"js-injected-html text_UbV5SNP5Eo\" style=\"box-sizing: inherit; line-height: 1.5rem; margin-top: 16px;\">&nbsp;<\/div>\n<div class=\"js-injected-html text_UbV5SNP5Eo\" style=\"box-sizing: inherit; line-height: 1.5rem; margin-top: 16px;\">&nbsp;<\/div>\n<div class=\"js-injected-html text_UbV5SNP5Eo\" style=\"box-sizing: inherit; line-height: 1.5rem; margin-top: 16px;\">&nbsp;<\/div>\n<div class=\"js-injected-html text_UbV5SNP5Eo\" style=\"box-sizing: inherit; line-height: 1.5rem; margin-top: 16px;\">&nbsp;<\/div>\n<div class=\"js-injected-html text_UbV5SNP5Eo\" style=\"box-sizing: inherit; line-height: 1.5rem; margin-top: 16px;\">&nbsp;<\/div>\n<div class=\"js-injected-html text_UbV5SNP5Eo\" style=\"box-sizing: inherit; line-height: 1.5rem; margin-top: 16px;\">&nbsp;<\/div>\n<\/div>\n<\/div>\n<div class=\"js-injected-html text_UbV5SNP5Eo\" style=\"box-sizing: inherit; line-height: 1.5rem; margin-top: 16px;\">\n<\/div>\n<\/div>\n","protected":false},"excerpt":{"rendered":"<p>OM SYSTEM Tough TG-7 Rojo (Olympus) Caracter\u00edsticas principales: Caracter\u00edsticas principales Sensor BSI CMOS de 12 MP Lente de zoom \u00f3ptico<\/p>\n","protected":false},"featured_media":40655,"comment_status":"closed","ping_status":"open","template":"","meta":{"_acf_changed":false},"product_brand":[2540],"product_cat":[928],"product_tag":[],"class_list":{"0":"post-82245","1":"product","2":"type-product","3":"status-publish","4":"has-post-thumbnail","6":"product_brand-om-system-es","7":"product_cat-compactas-es","8":"pa_cartoes-memoria-compativeis-sd-es","9":"pa_cor-rojo","10":"pa_resolucao-de-video-4k-es","11":"pa_resolucao-mp-12mp-es","12":"pa_sensor-1-2-3-pulgadas","13":"pa_tamanho-resolucao-lcd-3-0-1-04m-puntos","14":"pa_tipo-de-lcd-fija","15":"pa_tipo-de-objetiva-estandar","16":"pa_zoom-fixa-zoom-interno-es","18":"first","19":"instock","20":"taxable","21":"shipping-taxable","22":"purchasable","23":"product-type-simple"},"bundled_by":[],"bundle_stock_status":"instock","bundle_stock_quantity":1,"bundle_virtual":false,"bundle_layout":"","bundle_add_to_cart_form_location":"","bundle_editable_in_cart":false,"bundle_sold_individually_context":"","bundle_item_grouping":"","bundle_min_size":"","bundle_max_size":"","bundle_price":[],"bundled_items":[],"bundle_sell_ids":[],"acf":[],"_links":{"self":[{"href":"https:\/\/hi-techwonder.com\/es\/wp-json\/wp\/v2\/product\/82245","targetHints":{"allow":["GET"]}}],"collection":[{"href":"https:\/\/hi-techwonder.com\/es\/wp-json\/wp\/v2\/product"}],"about":[{"href":"https:\/\/hi-techwonder.com\/es\/wp-json\/wp\/v2\/types\/product"}],"replies":[{"embeddable":true,"href":"https:\/\/hi-techwonder.com\/es\/wp-json\/wp\/v2\/comments?post=82245"}],"wp:featuredmedia":[{"embeddable":true,"href":"https:\/\/hi-techwonder.com\/es\/wp-json\/wp\/v2\/media\/40655"}],"wp:attachment":[{"href":"https:\/\/hi-techwonder.com\/es\/wp-json\/wp\/v2\/media?parent=82245"}],"wp:term":[{"taxonomy":"product_brand","embeddable":true,"href":"https:\/\/hi-techwonder.com\/es\/wp-json\/wp\/v2\/product_brand?post=82245"},{"taxonomy":"product_cat","embeddable":true,"href":"https:\/\/hi-techwonder.com\/es\/wp-json\/wp\/v2\/product_cat?post=82245"},{"taxonomy":"product_tag","embeddable":true,"href":"https:\/\/hi-techwonder.com\/es\/wp-json\/wp\/v2\/product_tag?post=82245"}],"curies":[{"name":"wp","href":"https:\/\/api.w.org\/{rel}","templated":true}]}}