{"id":82259,"date":"2025-07-29T00:25:15","date_gmt":"2025-07-29T00:25:15","guid":{"rendered":"https:\/\/hi-techwonder.com\/product\/cuerpo-negro-sony-alpha-a7cii\/"},"modified":"2026-03-27T22:24:17","modified_gmt":"2026-03-27T22:24:17","slug":"sony-cuerpo-negro-sony-alpha-a7cii","status":"publish","type":"product","link":"https:\/\/hi-techwonder.com\/es\/producto\/sony-cuerpo-negro-sony-alpha-a7cii\/","title":{"rendered":"Sony Alpha a7C II Cuerpo (Negro)"},"content":{"rendered":"<p><strong>C\u00e1mara SONY a7CII Cuerpo negro, <\/strong><strong>fotograma completo<\/strong><\/p>\n<p><strong>Funciones:<\/strong><\/p>\n<p>a7C II, el h\u00edbrido mejorado<\/p>\n<ul>\n<li>C\u00e1mara mirrorless de fotograma completo con objetivos intercambiables (compacta y ligera, enfoque autom\u00e1tico en tiempo real, 24,2 megap\u00edxeles, sistema de estabilizaci\u00f3n de 5 ejes, bater\u00eda de alta capacidad).<\/li>\n<li>Construida a partir del perfil elegante y la combinaci\u00f3n de sensor de fotograma completo de su predecesora de primera generaci\u00f3n, la Sony a7C II negra ofrece resoluci\u00f3n mejorada, enfoque autom\u00e1tico, estabilizaci\u00f3n de imagen en el cuerpo y capacidades de video en el mismo factor de forma compacto, para uso diario y durante todo el d\u00eda.<\/li>\n<li>Sensor CMOS Exmor R de 33,0 MP y procesador BIONZ XR<\/li>\n<li>El avanzado sistema de imagen de la Sony a7C II funciona con un sensor CMOS Exmor R de fotograma completo de 33MP y el procesador BIONZ XR, una combinaci\u00f3n capaz de obtener im\u00e1genes 4K de 10 bits a hasta 30 fps o una velocidad m\u00e1xima de disparo continuo de 10 fps con AF y AE mediante obturador mec\u00e1nico o electr\u00f3nico. La introducci\u00f3n de la estructura retroiluminada en el sensor de la c\u00e1mara proporciona una mayor resoluci\u00f3n sin sacrificar la sensibilidad. Con un rango ISO de 100-51200 que se puede ampliar hasta ISO 50-204800, la c\u00e1mara funciona en condiciones de poca luz con un ruido m\u00ednimo y un amplio rango din\u00e1mico.  <\/li>\n<li>Grabaci\u00f3n de video<\/li>\n<li>Junto con su potente sensor y procesador, la Sony a7C ofrece un s\u00f3lido conjunto de funciones de video para los creadores de contenido y vide\u00f3grafos cotidianos.<\/li>\n<\/ul>\n<p><iframe loading=\"lazy\" src=\"https:\/\/www.youtube.com\/embed\/W7kWQFA-ZR4?si=Zqm4bi9zHxIqi9XH\" width=\"560\" height=\"314\" allowfullscreen=\"allowfullscreen\"><\/iframe><\/p>\n<p style=\"text-align: justify\">Grabe en 4:2:2 de 10 bits utilizando el formato XAVC SI avanzado para obtener un rendimiento y una calidad constantes a velocidades de bits de hasta 600 Mb\/s.<\/p>\n<p style=\"text-align: justify\">La grabaci\u00f3n 4K de fotograma completo es posible con velocidades de fotogramas de hasta 30p, hasta 60p en 4K con recorte Super35 y grabaci\u00f3n Full HD de hasta 120p, utilizando lectura de p\u00edxeles completa 1:1 sin agrupaci\u00f3n.<\/p>\n<p style=\"text-align: justify\">La grabaci\u00f3n de alta velocidad a 120 fps tambi\u00e9n permite la grabaci\u00f3n de pel\u00edculas en c\u00e1mara lenta de 4x y 5x con la velocidad de fotogramas establecida en 30p o 24p.<\/p>\n<p style=\"text-align: justify\">El modo lento y r\u00e1pido (S&amp;Q) permite a los fot\u00f3grafos capturar videos 4K en pasos espec\u00edficos entre 1 y 60 fps y Full HD entre 1 y 120 fps, seg\u00fan el formato. Estos ajustes te permitir\u00e1n ralentizar la acci\u00f3n y tambi\u00e9n acelerar una escena de movimiento lento. <\/p>\n<p style=\"text-align: justify\">Las curvas gamma S-Log3 y S-Gamut3.Cine permiten m\u00e1s de 15 pasos de rango din\u00e1mico y una mayor flexibilidad de posproducci\u00f3n, incluida la coincidencia de v\u00eddeo de otras c\u00e1maras Sony Cinema Line.<\/p>\n<p style=\"text-align: justify\">S-Cinetone se puede utilizar para proporcionar colores distintos y una reproducci\u00f3n del tono de piel de aspecto saludable, basado en la tecnolog\u00eda de las c\u00e1maras profesionales de la l\u00ednea Cinema como VENICE. Este perfil de color ofrece tonos medios naturales, colores suaves y reflejos especialmente bien controlados. <\/p>\n<p style=\"text-align: justify\">Se pueden incorporar aspectos creativos en el metraje grabado para crear un estado de \u00e1nimo espec\u00edfico durante la grabaci\u00f3n y minimizar la necesidad de edici\u00f3n.<\/p>\n<p style=\"text-align: justify\">Las LUT y los ajustes preestablecidos creados por el usuario se pueden configurar para monitorear im\u00e1genes con precisi\u00f3n o obtener una vista previa de una apariencia espec\u00edfica mientras se dispara, y se pueden aplicar al monitor de la c\u00e1mara, EVF o salida HDMI.<\/p>\n<p><img loading=\"lazy\" decoding=\"async\" src=\"https:\/\/static.bhphoto.com\/images\/rich_content\/desktop\/IMG_2072051.jpg\" width=\"448\" height=\"252\" alt=\"\"><\/p>\n<p><strong>Enfoque autom\u00e1tico y estabilizaci\u00f3n de imagen impulsados por IA<\/strong><\/p>\n<p style=\"text-align: justify\">La unidad de procesamiento AI de la Sony a7C II aporta una serie de funciones mejoradas al enfoque autom\u00e1tico y los sistemas de estabilizaci\u00f3n de imagen de la c\u00e1mara, lo que garantiza un manejo suave y claridad independientemente de las condiciones de disparo. Los 759 puntos de detecci\u00f3n de fase de la c\u00e1mara en modo est\u00e1tico y 495 puntos en modo video, que cubren el 94% del \u00e1rea de la imagen, se mejoran con un rendimiento de reconocimiento de sujetos impulsado por IA y seguimiento en tiempo real. El procesador de IA tambi\u00e9n utiliza un nuevo algoritmo de exposici\u00f3n autom\u00e1tica, Human Pose Estimation, para priorizar las \u00e1reas de exposici\u00f3n para una mejora del 20% en la precisi\u00f3n general de la exposici\u00f3n. El balance de blancos autom\u00e1tico tambi\u00e9n se beneficia del procesador de IA mejorado, que ayuda en condiciones de iluminaci\u00f3n dif\u00edciles. Otras funciones de enfoque autom\u00e1tico incluyen horquillado de enfoque en hasta 299 im\u00e1genes con puntos de enfoque desplazados secuencialmente, precisi\u00f3n de enfoque con poca luz de hasta EV -4.0,    <\/p>\n<p><img loading=\"lazy\" decoding=\"async\" src=\"https:\/\/static.bhphoto.com\/images\/rich_content\/desktop\/IMG_2072049.jpg\" width=\"448\" height=\"252\" alt=\"\">&nbsp; &nbsp; <img loading=\"lazy\" decoding=\"async\" src=\"https:\/\/static.bhphoto.com\/images\/rich_content\/desktop\/IMG_2072055.jpg\" width=\"448\" height=\"252\" alt=\"\"><\/p>\n<p>Ahora que ofrece siete paradas de compensaci\u00f3n de vibraci\u00f3n, el sistema de estabilizaci\u00f3n \u00f3ptica de imagen de 5 ejes a nivel de p\u00edxel de la c\u00e1mara, que contrarresta cinco tipos diferentes de movimiento de la c\u00e1mara que se encuentran durante la captura manual de fotos y videos, est\u00e1 optimizado por algoritmos para una detecci\u00f3n y control precisos hasta un solo p\u00edxel. La unidad de procesamiento de IA tambi\u00e9n mejora la comunicaci\u00f3n entre el cuerpo y la lente, proporcionando un marco m\u00e1s estable antes de disparar. Esto permite a los usuarios utilizar con confianza cualquier objetivo, incluso los objetivos ajustados, para conseguir im\u00e1genes cr\u00edticas, sin que se vean borrosas debido al movimiento de la c\u00e1mara.  <\/p>\n<p><strong>Renderizado avanzado<\/strong><\/p>\n<p>Para los fot\u00f3grafos, la a7C II ofrece una amplia gama de representaciones y compresiones de color para una calidad de imagen \u00f3ptima y una gesti\u00f3n del almacenamiento, liderada por la introducci\u00f3n del formato HEIF (High Efficiency Image File). Los usuarios tambi\u00e9n pueden elegir entre opciones comprimidas y comprimidas sin p\u00e9rdidas al disparar en bruto. La unidad de procesamiento de IA tambi\u00e9n ayuda a lograr mejores resultados de exposici\u00f3n en modo autom\u00e1tico con ajustes algor\u00edtmicos aplicables ?? Hecho para el tono de la piel, las situaciones de contraluz y el balance de blancos. Los mismos ajustes preestablecidos de Creative Looks disponibles en video tambi\u00e9n est\u00e1n disponibles al tomar fotos, lo que permite configuraciones adicionales definidas por el usuario con ocho par\u00e1metros ajustables. Para una visualizaci\u00f3n \u00f3ptima de fotos cuando se conecta a monitores y televisores seleccionados,<\/p>\n<p><img loading=\"lazy\" decoding=\"async\" src=\"https:\/\/static.bhphoto.com\/images\/rich_content\/desktop\/IMG_2072050.jpg\" width=\"448\" height=\"252\" alt=\"\">&nbsp;<\/p>\n<p><strong>Dise\u00f1o y conectividad del cuerpo<\/strong><\/p>\n<p>La introducci\u00f3n de un dial de control frontal pone un nivel adicional de control y velocidad en la punta de su dedo \u00edndice y garantiza que no se quede solo con los pulgares en el pico de la acci\u00f3n.<\/p>\n<p>Utilice la funci\u00f3n de salida USB de la c\u00e1mara con control UVC\/UAC a trav\u00e9s de un ordenador para transmitir aplicaciones y transmisiones con v\u00eddeo 4K de fotograma completo a 30 fps.<\/p>\n<p>El Wi-Fi 802.11a\/b\/g\/n\/ac integrado permite la comunicaci\u00f3n en las bandas de 2,4 GHz y 5 GHz para compartir im\u00e1genes al instante con dispositivos m\u00f3viles para compartirlas directamente en l\u00ednea en redes sociales, correo electr\u00f3nico y sitios de almacenamiento en la nube.<\/p>\n<p>Los puertos integrados para auriculares y micr\u00f3fono de 3,5 mm le brindan un mayor control sobre el audio mientras graba video.<\/p>\n<p>El visor electr\u00f3nico OLED de 2,36 millones de puntos ofrece medios de aumento de 0,70x brillantes y de alta resoluci\u00f3n para la monitorizaci\u00f3n a la altura de los ojos y los deportes, y un modo dedicado de 120 fps para una visualizaci\u00f3n m\u00e1s fluida al seguir sujetos en movimiento.<\/p>\n<p>La pantalla t\u00e1ctil LCD de \u00e1ngulo variable de apertura lateral de 3,0&#8243; y 1,03 m funciona en \u00e1ngulos alto, bajo y frontal.<\/p>\n<p>Acepta la bater\u00eda recargable de iones Z de alta capacidad y tambi\u00e9n se puede alimentar a trav\u00e9s de una conexi\u00f3n USB a una computadora o bater\u00eda m\u00f3vil. Esta conexi\u00f3n tambi\u00e9n se puede utilizar para cargar la bater\u00eda. <\/p>\n<p>El cuerpo de aleaci\u00f3n de magnesio resistente ofrece un perfil duradero e incorpora sellos contra el polvo y la humedad para protecci\u00f3n contra entornos hostiles.<\/p>\n<p><strong>Contenido del paquete:<\/strong><\/p>\n<ul>\n<li>C\u00e1mara sin espejo Sony a7C II (Negro)<\/li>\n<li>Bater\u00eda recargable de iones de litio Sony NP-FZ100 (2280 mAh)<\/li>\n<li>Cubierta del cuerpo Sony ALC-B1EM para c\u00e1maras de montaje electr\u00f3nico<\/li>\n<li>Asa<\/li>\n<li>Tapa de zapato accesorio<\/li>\n<\/ul>\n<p><strong>Caracter\u00edsticas t\u00e9cnicas:<\/strong><\/p>\n<ul>\n<li>Sensor de imagen de fotograma completo retroiluminado Exmor R\u2122 de 33,0 megap\u00edxeles26 y motor de procesamiento BIONZ XR<\/li>\n<li>Tecnolog\u00edas de vanguardia para la realizaci\u00f3n de pel\u00edculas creativas, incluida la grabaci\u00f3n 4K a 60p9 y S-Log3<\/li>\n<li>Innovadora unidad de procesamiento de IA para un reconocimiento de objetos m\u00e1s preciso<\/li>\n<li>Estabilizaci\u00f3n de imagen incorporada con dise\u00f1o \u00f3ptico avanzado de 5 ejes para un rendimiento de 7.0 pasos6<\/li>\n<li>Marco ligero con monitor de \u00e1ngulo variable, lo que permite flexibilidad y maniobrabilidad durante el disparo<\/li>\n<\/ul>\n<p><strong>TIPO DE SENSOR<\/strong><\/p>\n<ul>\n<li>Sensor CMOS Exmor R de fotograma completo de 35 mm (35,9 x 23,9 mm)<\/li>\n<li>SENSIBILIDAD ISO<\/li>\n<li>Im\u00e1genes fijas: ISO 100 \u2013 51.200 (ampliable a ISO 50 \u2013 204.800), AUTO (ISO 100 \u2013 12.800, l\u00edmite inferior y superior seleccionable), V\u00eddeos: ISO 100 \u2013 51.200 equivalente (ampliable a ISO 100 \u2013 102.400), AUTO (ISO 100 \u2013 12.800, l\u00edmite inferior y superior seleccionable)<\/li>\n<li>DURACI\u00d3N DE LA BATER\u00cdA (Fotos)<\/li>\n<li>Aprox. 530 disparos (visor) \/ Aprox. 560 disparos (monitor LCD) (est\u00e1ndar CIPA)27  <\/li>\n<\/ul>\n<p><strong>TIPO DE MONITOR<\/strong><\/p>\n<ul>\n<li>TFT de 7,5 cm (tipo 3,0)<\/li>\n<\/ul>\n","protected":false},"excerpt":{"rendered":"<p>C\u00e1mara SONY a7CII Cuerpo negro, fotograma completo Funciones: a7C II, el h\u00edbrido mejorado C\u00e1mara mirrorless de fotograma completo con objetivos<\/p>\n","protected":false},"featured_media":40123,"comment_status":"closed","ping_status":"open","template":"","meta":{"_acf_changed":false},"product_brand":[2537],"product_cat":[932],"product_tag":[],"class_list":{"0":"post-82259","1":"product","2":"type-product","3":"status-publish","4":"has-post-thumbnail","6":"product_brand-sony-es","7":"product_cat-mirrorless-es","8":"pa_cartoes-memoria-compativeis-sd-es","9":"pa_cor-negro","10":"pa_estabilizacao-de-imagem-si","11":"pa_iso-51200-es","12":"pa_montagem-sony-e-es","13":"pa_resolucao-de-video-4k-es","14":"pa_resolucao-mp-33mp-es","15":"pa_sensor-fotograma-completo","16":"pa_tamanho-resolucao-lcd-3-0-1-036m-puntos","17":"pa_tipo-de-lcd-totalmente-articulada","19":"first","20":"onbackorder","21":"taxable","22":"shipping-taxable","23":"purchasable","24":"product-type-simple"},"bundled_by":[],"bundle_stock_status":"onbackorder","bundle_stock_quantity":null,"bundle_virtual":false,"bundle_layout":"","bundle_add_to_cart_form_location":"","bundle_editable_in_cart":false,"bundle_sold_individually_context":"","bundle_item_grouping":"","bundle_min_size":"","bundle_max_size":"","bundle_price":[],"bundled_items":[],"bundle_sell_ids":[],"acf":[],"_links":{"self":[{"href":"https:\/\/hi-techwonder.com\/es\/wp-json\/wp\/v2\/product\/82259","targetHints":{"allow":["GET"]}}],"collection":[{"href":"https:\/\/hi-techwonder.com\/es\/wp-json\/wp\/v2\/product"}],"about":[{"href":"https:\/\/hi-techwonder.com\/es\/wp-json\/wp\/v2\/types\/product"}],"replies":[{"embeddable":true,"href":"https:\/\/hi-techwonder.com\/es\/wp-json\/wp\/v2\/comments?post=82259"}],"wp:featuredmedia":[{"embeddable":true,"href":"https:\/\/hi-techwonder.com\/es\/wp-json\/wp\/v2\/media\/40123"}],"wp:attachment":[{"href":"https:\/\/hi-techwonder.com\/es\/wp-json\/wp\/v2\/media?parent=82259"}],"wp:term":[{"taxonomy":"product_brand","embeddable":true,"href":"https:\/\/hi-techwonder.com\/es\/wp-json\/wp\/v2\/product_brand?post=82259"},{"taxonomy":"product_cat","embeddable":true,"href":"https:\/\/hi-techwonder.com\/es\/wp-json\/wp\/v2\/product_cat?post=82259"},{"taxonomy":"product_tag","embeddable":true,"href":"https:\/\/hi-techwonder.com\/es\/wp-json\/wp\/v2\/product_tag?post=82259"}],"curies":[{"name":"wp","href":"https:\/\/api.w.org\/{rel}","templated":true}]}}