{"id":82262,"date":"2025-07-29T00:24:15","date_gmt":"2025-07-29T00:24:15","guid":{"rendered":"https:\/\/hi-techwonder.com\/product\/sony-alpha-a7-iii-fe-28-70mm-f-3-5-5-6-oss\/"},"modified":"2025-12-11T12:57:30","modified_gmt":"2025-12-11T12:57:30","slug":"sony-alpha-a7-iii-fe-28-70mm-f-3-5-5-6-oss","status":"publish","type":"product","link":"https:\/\/hi-techwonder.com\/es\/producto\/sony-alpha-a7-iii-fe-28-70mm-f-3-5-5-6-oss\/","title":{"rendered":"SONY Alpha a7 III + FE 28-70mm f\/3.5-5.6 OSS"},"content":{"rendered":"<p><span style=\"font-size: small;\">Captura m\u00e1s momentos decisivos con la<strong> \u03b17 III<\/strong> de Sony, equipada con el sensor CMOS de fotograma completo retroiluminado de nuevo desarrollo y otras innovaciones avanzadas, respuesta de alta velocidad, facilidad de operaci\u00f3n y durabilidad confiable para una variedad de necesidades de disparo.<\/span><\/p>\n<p><span style=\"color: #000000;\">Un sensor de imagen y un sistema de procesamiento de im\u00e1genes completamente renovados mejoran a\u00fan m\u00e1s la calidad de la imagen. El rendimiento general mejorado del AF, el disparo continuo de alta velocidad a hasta 10 fps, la funci\u00f3n de grabaci\u00f3n de v\u00eddeo 4K y la operatividad que se ha mejorado significativamente con respecto a la \u03b17 II son caracter\u00edsticas que le permiten capturar momentos m\u00e1s decisivos. <\/span><\/p>\n<p><strong><span style=\"color: #000000;\">FE 28-70 mm F3.5-5.6 OSS<\/span><\/strong><\/p>\n<p><span style=\"color: #000000;\">Combinando un rendimiento \u00f3ptico impresionante con la comodidad de ser liviano y compacto, SEL2870 es una lente com\u00fan ideal. El popular rango de zoom de 28 a 70 mm cubre una variedad de usos, desde paisajes hasta retratos e instant\u00e1neas. La estabilizaci\u00f3n de imagen SteadyShot \u00f3ptico incorporada mantiene las im\u00e1genes n\u00edtidas y sin ruido.  <\/span><\/p>\n<p><strong>ASPECTOS DESTACADOS DEL PRODUCTO<\/strong><\/p>\n<ul>\n<li>Sensor CMOS BSI Exmor R de fotograma completo de 24 MP<\/li>\n<li>Procesador de imagen BIONZ X y LSI front-end<\/li>\n<li>Sistema AF h\u00edbrido de 693 puntos<\/li>\n<li>Video UHD 4K30p con gamas HLG y S-Log3<\/li>\n<li>EVF OLED Tru-Finder de 2,36 m<\/li>\n<li>LCD de pantalla t\u00e1ctil inclinable de 3.0&#8243; y 922k puntos<\/li>\n<li>Estabilizaci\u00f3n SteadyShot INSIDE de 5 ejes<\/li>\n<li>Disparo a ISO 204800 y 10 fps<\/li>\n<li>Wi-Fi y NFC integrados, ranuras SD duales<\/li>\n<li>Lente FE 28-70 mm f\/3.5-5.6 OSS<\/li>\n<\/ul>\n<p><span style=\"font-size: small;\">&nbsp;<\/span><\/p>\n<p><span style=\"font-size: small;\"> <object data=\"https:\/\/www.youtube.com\/v\/M4obW6FfTt0\" type=\"application\/x-shockwave-flash\" width=\"425\" height=\"350\"><param name=\"src\" value=\"https:\/\/www.youtube.com\/v\/M4obW6FfTt0\"><\/object> <\/span><\/p>\n<p><span style=\"font-size: small;\">&nbsp;<\/span><\/p>\n<p>Distinguida por su dise\u00f1o de sensor mejorado, la c\u00e1mara digital sin espejo Alpha a7 III de Sony es una c\u00e1mara todo en uno adecuada para aplicaciones de fotograf\u00eda y video en una variedad de situaciones de trabajo. Refinado para mejorar la velocidad y el rendimiento con poca luz, el sensor CMOS BSI Exmor R de fotograma completo de 24,2 MP y el procesador de imagen BIONZ X se combinan para lograr una impresionante velocidad de disparo continuo de 10 fps y un rendimiento de enfoque autom\u00e1tico mejorado para un seguimiento del sujeto m\u00e1s r\u00e1pido y confiable, as\u00ed como una amplia cobertura de fotograma. Este sistema de AF h\u00edbrido r\u00e1pido mejorado emplea una combinaci\u00f3n de 693 puntos de detecci\u00f3n de fase y 425 \u00e1reas de detecci\u00f3n de contraste para una adquisici\u00f3n de enfoque m\u00e1s r\u00e1pida en una variedad de condiciones de iluminaci\u00f3n y tambi\u00e9n mantiene el enfoque en los sujetos de manera m\u00e1s efectiva. Adem\u00e1s de la velocidad y el AF, las mejoras de procesamiento tambi\u00e9n ayudan a lograr una mayor claridad de imagen y un ruido reducido en todo el rango de sensibilidad de ISO 100-51200, que se puede ampliar a ISO 50-204800. Las capacidades de grabaci\u00f3n de video tambi\u00e9n se han ampliado para mejorar la calidad al grabar video 4K UHD con todo el ancho del sensor de fotograma completo para minimizar el muar\u00e9 y el aliasing. Adem\u00e1s, beneficiando tanto la operaci\u00f3n de foto como de video, la a7 III utiliza una estabilizaci\u00f3n de imagen de cambio de sensor SteadyShot INSIDE de 5 ejes, que ahora es efectiva para minimizar la apariencia de movimiento de la c\u00e1mara hasta en 5 paradas.     <\/p>\n<p>Adem\u00e1s de las actualizaciones del sistema de im\u00e1genes, el dise\u00f1o del cuerpo del a7 III tambi\u00e9n se ha revisado para incluir una pantalla t\u00e1ctil trasera LCD de 3.0&#8243; y 922k puntos, que tiene un dise\u00f1o inclinable para soportar mejor el trabajo de \u00e1ngulo alto y bajo. -El buscador OLED EVF tambi\u00e9n se presenta para un monitoreo claro y claro a la altura de los ojos. Para mayor flexibilidad de disparo, ahora hay dos ranuras para tarjetas de memoria SD y tambi\u00e9n se emplea una bater\u00eda NP-FZ100 m\u00e1s grande para obtener hasta aproximadamente 710 disparos por carga. Adecuado para el uso de la c\u00e1mara en condiciones dif\u00edciles, el chasis de aleaci\u00f3n de magnesio y el sellado contra la intemperie tambi\u00e9n hacen que el a7 III sea resistente al polvo y la humedad.   <\/p>\n<p>Sensor CMOS BSI Exmor R de 24,2 MP y procesador de imagen BIONZ X<\/p>\n<p>Con un dise\u00f1o retroiluminado, el sensor CMOS Exmor R de fotograma completo de 24,2 megap\u00edxeles funciona con el procesador de imagen BIONZ X para ofrecer fotos y v\u00eddeos de alta resoluci\u00f3n al tiempo que minimiza el ruido y mejora la velocidad. Esta estructura de sensor funciona con un dise\u00f1o de lente en chip sin espacios y un revestimiento antirreflectante, adem\u00e1s de eliminar el filtro \u00f3ptico de paso bajo, para mejorar la recolecci\u00f3n de luz y mejorar los detalles. Adem\u00e1s, la capa de cableado de cobre mejora dr\u00e1sticamente la velocidad de transmisi\u00f3n de datos para crear fotos de alta resoluci\u00f3n de 14 bits con un rango de sensibilidad nativo de ISO 100-51200, que se puede expandir a ISO 50-204800. Adem\u00e1s, permite la grabaci\u00f3n interna de v\u00eddeo UHD 4K con un amplio rango din\u00e1mico utilizando todo el ancho del sensor de fotograma completo. El procesador BIONZ X tambi\u00e9n funciona junto con un LSI frontal de alta velocidad para tiempos de procesamiento m\u00e1s r\u00e1pidos, junto con la capacidad de capturar un impresionante rango din\u00e1mico de 15 paradas con valores de sensibilidad bajos.    <\/p>\n<p>La combinaci\u00f3n de sensor y procesador tambi\u00e9n ofrece disparos continuos r\u00e1pidos de hasta 10 fps a resoluci\u00f3n completa, para hasta 177 fotogramas consecutivos, y con AF\/AE a tiempo completo cuando se trabaja con un obturador mec\u00e1nico o electr\u00f3nico. Si se dispara en modo de visi\u00f3n en directo, tambi\u00e9n es posible una velocidad de disparo continuo de hasta 8 fps. <\/p>\n<p>Sistema AF h\u00edbrido r\u00e1pido<\/p>\n<p>Un sistema 4D FOCUS evolucionado ahora emplea una combinaci\u00f3n de 693 puntos de detecci\u00f3n de fase, que cubren aproximadamente el 93% del encuadre, junto con 425 \u00e1reas de detecci\u00f3n de contraste para un enfoque autom\u00e1tico confiable y r\u00e1pido y un rendimiento de seguimiento del sujeto. Este sistema de AF h\u00edbrido r\u00e1pido ahora logra el doble de velocidad de enfoque y un seguimiento m\u00e1s confiable en comparaci\u00f3n con los modelos a7 anteriores, as\u00ed como un enfoque mejorado con poca luz. El uso de puntos de detecci\u00f3n de fase tambi\u00e9n permite el uso de lentes con montura A a trav\u00e9s de los adaptadores de montura de lente LA-EA3 o LA-EA1 opcionales con compatibilidad total con seguimiento continuo AF\/AE.  <\/p>\n<p>El sistema de enfoque adecuado tambi\u00e9n se presta a una variedad de funciones de enfoque para una precisi\u00f3n refinada, incluido el AF de bloqueo, que mantiene el enfoque en sujetos en movimiento mientras usa un marco configurable que se establece sobre el sujeto en movimiento deseado, y Expand Flexible Spot, que emplea puntos de enfoque vecinos para mantener el enfoque en sujetos en movimiento.  incluso si el punto seleccionado originalmente pierde el foco. Adem\u00e1s, Eye AF se puede utilizar para basar el enfoque en los ojos de sujetos reconocidos para retratos y est\u00e1 disponible en los modos AF-S y AF-C. El enfoque autom\u00e1tico tambi\u00e9n se puede utilizar junto con la funci\u00f3n de lupa de enfoque para un enfoque cr\u00edtico al enfocar detalles minuciosos del sujeto. La pantalla t\u00e1ctil trasera tambi\u00e9n se puede usar para el control de enfoque t\u00e1ctil, y un modo de control de enfoque del panel t\u00e1ctil le permite usar la pantalla trasera de manera intuitiva mientras mantiene la vista en el visor.   <\/p>\n<p>Estabilizaci\u00f3n de imagen SteadyShot INSIDE de 5 ejes<\/p>\n<p>En la robusta a7 III se incluye un sistema de estabilizaci\u00f3n de imagen SteadyShot INSIDE de 5 ejes que compensa cinco tipos diferentes de movimiento de la c\u00e1mara que se encuentran durante la captura manual de fotos y videos. Esto permite a los usuarios utilizar con confianza cualquier objetivo, incluso los objetivos adaptados, para obtener im\u00e1genes cr\u00edticas sin encontrar desenfoque debido al movimiento de la c\u00e1mara. <\/p>\n<p>Para distancias focales largas, el sistema corregir\u00e1 los ajustes de inclinaci\u00f3n y gui\u00f1ada. Las im\u00e1genes macro y de gran aumento, por otro lado, se beneficiar\u00e1n de la inclusi\u00f3n de la compensaci\u00f3n de desplazamiento horizontal y vertical. Todos los estilos de disparo tendr\u00e1n uso de compensaci\u00f3n de balanceo. Los 5 ejes de estabilizaci\u00f3n funcionar\u00e1n en todo momento, incluso cuando se usen ?? con lentes y adaptadores de terceros, o lentes con estabilizaci\u00f3n \u00f3ptica incorporada.<\/p>\n<p>Grabaci\u00f3n de v\u00eddeo 4K UHD en formato XAVC S<\/p>\n<p>La grabaci\u00f3n interna de pel\u00edculas 4K UHD es posible a varias velocidades de fotogramas de hasta 30 fps, y el uso de sobremuestreo de 2.4x genera m\u00e1s detalles, y es posible la lectura completa de p\u00edxeles, sin agrupamiento de p\u00edxeles, para obtener im\u00e1genes de mayor calidad con muar\u00e9 y aliasing reducidos. La grabaci\u00f3n 4K de fotograma completo tambi\u00e9n se ha mejorado dr\u00e1sticamente para mejorar la calidad cuando se trabaja con sensibilidades medias a altas para permitir el uso completo de todo el ancho del sensor. La grabaci\u00f3n Full HD 1080p tambi\u00e9n es compatible con velocidades de fotogramas de hasta 120 fps, y ambas resoluciones utilizan el formato XAVC S de 100 Mb\/s contenido en una envoltura MP4 con muestreo 4:2:0. La grabaci\u00f3n de alta velocidad de 120 fps tambi\u00e9n permite la grabaci\u00f3n de pel\u00edculas en c\u00e1mara lenta de 4x y 5x con la velocidad de fotogramas establecida en 30p o 24p. Adem\u00e1s de la grabaci\u00f3n interna de alta resoluci\u00f3n, la salida HDMI sin comprimir tambi\u00e9n permite el uso de una grabadora externa opcional para una grabaci\u00f3n 4K limpia con muestreo 4:2:2.    <\/p>\n<p>Ofreciendo amplios controles personalizables ?? de colores y gama, el a7 III permite a los usuarios ajustar la gama, el nivel de negro, la rodilla, el nivel de color y m\u00e1s. Adem\u00e1s, los usuarios pueden usar la misma curva gamma S-Log2 que se encuentra en las c\u00e1maras Sony Cinema de gama alta que comprime hasta un 1300% m\u00e1s de rango din\u00e1mico en la se\u00f1al de video que el REC709 tradicional, para una mayor flexibilidad de postproducci\u00f3n. La compatibilidad con HLG (Hybrid Log-Gamma) tambi\u00e9n est\u00e1 disponible, junto con el espacio de color BT.2020, para grabar en una amplia gama de colores, y adem\u00e1s de S-Log2, S-Log3 tambi\u00e9n est\u00e1 disponible para producir un rango din\u00e1mico con un mayor control de gradaci\u00f3n en las regiones de sombra para los tonos medios de la imagen.<\/p>\n<p><strong>Dise\u00f1o del cuerpo y Wi-Fi\/Bluetooth incorporado<\/strong><\/p>\n<ul>\n<li>Se presenta un Tru-Finder EVF XGA OLED que cuenta con una resoluci\u00f3n de puntos de 2,36 m y un aumento de 0,78x para una visualizaci\u00f3n clara y brillante con gran detalle. Este dise\u00f1o de visor tambi\u00e9n permite el uso del enfoque autom\u00e1tico en el modo de lupa de enfoque, as\u00ed como picos de enfoque mejorados para beneficiar la operaci\u00f3n de enfoque manual. <\/li>\n<li>Adem\u00e1s del EVF, tambi\u00e9n est\u00e1 disponible una pantalla LCD trasera de 3.0&#8243; y 922k puntos, que cuenta con un dise\u00f1o de panel t\u00e1ctil para una operaci\u00f3n intuitiva y control de enfoque. La pantalla tambi\u00e9n se inclina hacia arriba 107\u00b0 y hacia abajo 41\u00b0 para beneficiar el trabajo en \u00e1ngulos altos y bajos. <\/li>\n<li>El chasis de aleaci\u00f3n de magnesio garantiza rigidez, durabilidad y estabilidad sin dejar de ser ligero. La montura de la lente tambi\u00e9n se ha mejorado para soportar mejor las lentes pesadas, y la rigidez del agarre se ha mejorado para un manejo m\u00e1s c\u00f3modo. <\/li>\n<li>El sellado contra la intemperie se ha empleado para resistir el polvo y la humedad para un funcionamiento confiable en condiciones clim\u00e1ticas adversas.<\/li>\n<li>Con la bater\u00eda NP-FZ100, el a7 III ha mejorado la duraci\u00f3n de la bater\u00eda y ahora tiene una capacidad de aproximadamente 710 disparos por carga.<\/li>\n<li>Dos ranuras para tarjetas de memoria SD permiten un manejo de archivos econ\u00f3mico y flexible y se pueden configurar para particionar archivos RAW y JPEG o se pueden usar ?? para la grabaci\u00f3n de desbordamiento. Una de las ranuras para tarjetas est\u00e1 clasificada para admitir tarjetas de memoria UHS-II.<\/li>\n<li>Se ha agregado un puerto USB 3.0 Tipo-C, adem\u00e1s de un puerto micro-USB, para un soporte de anclaje m\u00e1s r\u00e1pido y confiable. La conexi\u00f3n USB tipo C permite cargar la c\u00e1mara desde la fuente de alimentaci\u00f3n del host mientras est\u00e1 conectada. <\/li>\n<li>El Wi-Fi incorporado permite que el a7 III comparta instant\u00e1neamente im\u00e1genes en dispositivos m\u00f3viles para compartirlas directamente en l\u00ednea en redes sociales, correo electr\u00f3nico y sitios de almacenamiento en la nube. Tambi\u00e9n es compatible con NFC (Near Field Communication), que permite la conexi\u00f3n con un solo toque entre la c\u00e1mara y los dispositivos m\u00f3viles compatibles; No se requiere ninguna configuraci\u00f3n compleja. Una vez conectado, el dispositivo m\u00f3vil vinculado tambi\u00e9n puede mostrar una imagen de visualizaci\u00f3n en vivo en su pantalla y controlar de forma remota el obturador de la c\u00e1mara.  <\/li>\n<li>La conectividad Bluetooth permite la adquisici\u00f3n de datos de ubicaci\u00f3n.<\/li>\n<\/ul>\n<p><span style=\"font-size: small;\">&nbsp;<\/span><\/p>\n<p>Lente FE 28-70 mm f\/3.5-5.6 OSS<\/p>\n<p>Con la c\u00e1mara se incluye el vers\u00e1til lente de retrato gran angular FE 28-70 mm f\/3.5-5.6 OSS. Este objetivo cuenta con un elemento de dispersi\u00f3n extra baja y tres elementos asf\u00e9ricos para controlar las aberraciones crom\u00e1ticas y esf\u00e9ricas en todo el rango del zoom. Un motor de enfoque autom\u00e1tico lineal, junto con un dise\u00f1o de enfoque interno, ofrece un rendimiento de enfoque r\u00e1pido y silencioso para cumplir con las im\u00e1genes fijas y la grabaci\u00f3n de video. Adem\u00e1s, la estabilizaci\u00f3n de imagen Optical SteadyShot minimiza la apariencia del movimiento de la c\u00e1mara, y un dise\u00f1o resistente a la intemperie le permite trabajar en condiciones adversas.   <\/p>\n<p><span style=\"font-size: small;\">&nbsp;<\/span><\/p>\n<p><strong>Otras caracter\u00edsticas de la c\u00e1mara<\/strong><\/p>\n<ul>\n<li>La funci\u00f3n Clasificaciones le permite asignar valores de estrellas, de 1 a 5, a las im\u00e1genes en la c\u00e1mara para una edici\u00f3n y clasificaci\u00f3n m\u00e1s r\u00e1pidas en casa durante la posproducci\u00f3n.<\/li>\n<li>Un sensor avanzado de medici\u00f3n de exposici\u00f3n evaluativa de 1200 zonas ofrece resultados consistentes y precisos utilizando modos de medici\u00f3n multisegmento, ponderado al centro o puntual.<\/li>\n<li>Los modos de medici\u00f3n de altas luces y promedio ayudan a evitar las altas luces quemadas y proporcionan una exposici\u00f3n autom\u00e1tica estable, respectivamente.<\/li>\n<li>El disparo antiparpadeo reconoce y cronometra autom\u00e1ticamente la acci\u00f3n del obturador para minimizar el efecto de parpadeo y obtener resultados m\u00e1s consistentes en im\u00e1genes fijas.<\/li>\n<li>Modos de efecto de imagen: Posterizaci\u00f3n (Color), Posterizaci\u00f3n (B\/N), Color Pop, Foto Retro, Color Parcial (R\/G\/B\/Y), Monocromo de Alto Contraste, C\u00e1mara de Juguete (Normal\/Fr\u00edo\/C\u00e1lido\/Verde\/Magenta) y Clave Alta Suave.<\/li>\n<li>Modos de estilo creativo: Est\u00e1ndar, V\u00edvido, Neutro, Luz, Profundo, Luz, Retrato, Paisaje, Puesta de sol, Escena nocturna, Hojas de oto\u00f1o, Blanco y negro, Sepia, Cuadro de estilo (1-6), (Contraste (-3 a +3) pasos), Saturaci\u00f3n (-3 a +3 pasos), Nitidez (-3 a +3 pasos).<\/li>\n<\/ul>\n<p style=\"margin-bottom: 0cm;\"><span style=\"font-size: small;\">&nbsp;<\/span><\/p>\n<p>Imagen<\/p>\n<p>Montura de lente<\/p>\n<p>Soporte t\u00e9cnico de Sony E<\/p>\n<p>Formato de c\u00e1mara<\/p>\n<p>Imagen completa<\/p>\n<p>P\u00edxeles<\/p>\n<p>Verdadero: 25,3 megap\u00edxeles<\/p>\n<p>Efectivo: 24.2 megap\u00edxeles<\/p>\n<p>Resoluci\u00f3n m\u00e1xima<\/p>\n<p>24MP: 6000 x 4000<\/p>\n<p>Relaci\u00f3n de aspecto<\/p>\n<p>3:2, 16:9<\/p>\n<p>Tipo\/tama\u00f1o del sensor<\/p>\n<p>CMOS, 35,6 x 23,8 mm<\/p>\n<p>Formatos de archivo<\/p>\n<p>Im\u00e1genes fijas: JPEG, RAW<\/p>\n<p>V\u00eddeos: AVCHD Ver. 2.0, MPEG-4 AVC\/H.264, XAVC S<\/p>\n<p>Audio: AC3, Dolby Digital de 2 canales, PCM lineal (est\u00e9reo)<\/p>\n<p>Profundidad de bits<\/p>\n<p>14 bits<\/p>\n<p>Sistema de reducci\u00f3n de polvo<\/p>\n<p>S\u00ed<\/p>\n<p>Tipo de tarjeta de memoria<\/p>\n<p>SD<\/p>\n<p>SDHC<\/p>\n<p>S\u00edgueme<\/p>\n<p>Memory Stick Pro Duo<\/p>\n<p>Memory Stick PRO HG-Duo<\/p>\n<p>Estabilizaci\u00f3n de imagen<\/p>\n<p>Conmutaci\u00f3n de sensores, 5 v\u00edas<\/p>\n<p>&nbsp;Grabaci\u00f3n AV<\/p>\n<p>Grabaci\u00f3n de video<\/p>\n<p>S\u00ed, NTSC\/PAL<\/p>\n<p>Formato de v\u00eddeo<\/p>\n<p>3840 x 2160p a 23,98, 25, 29,97 fps (100 Mb\/s XAVC S a trav\u00e9s de H.264)<\/p>\n<p>3840 x 2160p a 23,98, 25, 29,97 fps (60 Mb\/s XAVC S a trav\u00e9s de H.264)<\/p>\n<p>1920 x 1080p a 100,120 fps (100 Mb\/s XAVC S a trav\u00e9s de H.264)<\/p>\n<p>1920 x 1080p a 100, 120 fps (60 Mb\/s XAVC S a trav\u00e9s de H.264)<\/p>\n<p>1920 x 1080p a 23,98, 25, 29,97, 50, 59,94 fps (50 Mb\/s XAVC S a trav\u00e9s de H.264)<\/p>\n<p>1920 x 1080p a 50, 59,94 fps (25 Mb\/s XAVC S a trav\u00e9s de H.264)<\/p>\n<p>1920 x 1080p a 25, 29,97 fps (16 Mb\/s XAVC S a trav\u00e9s de H.264)<\/p>\n<p>1920 x 1080i a 50, 59,94 fps (24 Mb\/s AVCHD a trav\u00e9s de H.264)<\/p>\n<p>1920 x 1080i a 50, 59,94 fps (17 Mb\/s AVCHD a trav\u00e9s de H.264)<\/p>\n<p>Relaci\u00f3n de aspecto<\/p>\n<p>16:9<\/p>\n<p>Duraci\u00f3n del videoclip<\/p>\n<p>Hasta 29 minutos<\/p>\n<p>Grabaci\u00f3n de audio<\/p>\n<p>Micr\u00f3fono incorporado: con video (est\u00e9reo)<\/p>\n<p>Micr\u00f3fono externo opcional: con v\u00eddeo (est\u00e9reo)<\/p>\n<p>&nbsp;Control de enfoque<\/p>\n<p>Tipo de enfoque<\/p>\n<p>Autom\u00e1tico y manual<\/p>\n<p>Modo de enfoque<\/p>\n<p>Autom\u00e1tico (A), AF servo continuo (C), Enfoque manual directo (DMF), Enfoque manual (M), AF servo \u00fanico (S)<\/p>\n<p>Puntos de enfoque autom\u00e1tico<\/p>\n<p>Detecci\u00f3n de fase: 693<\/p>\n<p>Detecci\u00f3n de contraste: 425<\/p>\n<p>&nbsp;Pantalla\/Pantalla<\/p>\n<p>Tipo de pantalla<\/p>\n<p>Electr\u00f3nico<\/p>\n<p>Tama\u00f1o de la pantalla<\/p>\n<p>0,5&#8243;<\/p>\n<p>Recuento de p\u00edxeles de pantalla<\/p>\n<p>2.359.000<\/p>\n<p>Punto de vista del visor<\/p>\n<p>23,00 mil\u00edmetros<\/p>\n<p>Cubierta de pantalla<\/p>\n<p>100%<\/p>\n<p>Ampliaci\u00f3n de la pantalla<\/p>\n<p>Aproximadamente. 0,78 veces <\/p>\n<p>Ajuste de dioptr\u00edas<\/p>\n<p>De -4 a +3 m<\/p>\n<p>Pantalla de visualizaci\u00f3n<\/p>\n<p>LCD inclinable con pantalla t\u00e1ctil de 3&#8243; (921,600)<\/p>\n<p>Cubierta de pantalla<\/p>\n<p>100%<\/p>\n<p>&nbsp;Control de exposici\u00f3n<\/p>\n<p>Sensibilidad ISO<\/p>\n<p>Autom\u00e1tico, 100-51200 (modo extendido: 50-204800)<\/p>\n<p>Contraventana<\/p>\n<p>30 &#8211; 1\/8000 segundos, modo l\u00e1mpara<\/p>\n<p>Control remoto<\/p>\n<p>RM-VPR1, VCT-XPR10, VCT-VPR1, RM-SPR1, RMT-VP1K (opcional)<\/p>\n<p>M\u00e9todo de medici\u00f3n<\/p>\n<p>Medici\u00f3n media ponderada al centro, medici\u00f3n multizona, medici\u00f3n puntual, resaltado ponderado<\/p>\n<p>Modos de exposici\u00f3n<\/p>\n<p>Modos: Prioridad de apertura, Autom\u00e1tico, Manual, V\u00eddeo, Programa, Prioridad de obturaci\u00f3n<\/p>\n<p>Rango de medici\u00f3n: EV -3.0 &#8211; EV 20.0<\/p>\n<p>Compensaci\u00f3n: -5 EV a +5 EV (en pasos de 1\/3 o 1\/2 EV)<\/p>\n<p>Modos de balance de blancos<\/p>\n<p>Autom\u00e1tico, Nublado, Temperatura de color, Personalizado, Luz diurna, Flash, Fluorescente (blanco fr\u00edo), Fluorescente (luz diurna), Fluorescente (blanco c\u00e1lido), Incandescente, Sombra, Bajo el agua<\/p>\n<p>Almacenamiento en b\u00fafer\/disparos continuos<\/p>\n<p>Hasta 10 fps a 24,2 MP para hasta 89 fotogramas en formato RAW<\/p>\n<p>Hasta 10 fps a 24,2 MP para hasta 177 fotogramas en formato JPEG<\/p>\n<p>Hasta 8 fps a 24,2 MP<\/p>\n<p>Hasta 6 fps a 24,2 MP<\/p>\n<p>Hasta 3 fps a 24,2 MP<\/p>\n<p>&nbsp;Instant\u00e1nea<\/p>\n<p>Modos de flash<\/p>\n<p>Autom\u00e1tico<\/p>\n<p>Llenar<\/p>\n<p>Sincronizaci\u00f3n de alta velocidad<\/p>\n<p>Afuera<\/p>\n<p>Sincronizaci\u00f3n inversa<\/p>\n<p>Reducci\u00f3n de ojos rojos<\/p>\n<p>Sincronizaci\u00f3n lenta<\/p>\n<p>Inal\u00e1mbrico<\/p>\n<p>Flash incorporado<\/p>\n<p>No<\/p>\n<p>Velocidad m\u00e1xima de sincronizaci\u00f3n<\/p>\n<p>1\/250 segundos<\/p>\n<p>Compensaci\u00f3n de flash<\/p>\n<p>De -3 EV a +3 EV (en pasos de 1\/3 o 1\/2 EV)<\/p>\n<p>Sistema flash dedicado<\/p>\n<p>TTL<\/p>\n<p>Conexi\u00f3n flash externa<\/p>\n<p>Zapata<\/p>\n<p>&nbsp;interino<\/p>\n<p>Temporizador<\/p>\n<p>10 segundos, 5 segundos, 2 segundos<\/p>\n<p>Conectividad<\/p>\n<p>Auriculares de 1\/8&#8243;, micr\u00f3fono de 1\/8&#8243;, HDMI D (Micro), USB 2.0 Micro-B, USB 3.0, USB Type-C<\/p>\n<p>Compatible con Wi-Fi<\/p>\n<p>S\u00ed<\/p>\n<p>&nbsp;Poder<\/p>\n<p>Bater\u00eda<\/p>\n<p>1 x bater\u00eda recargable de iones de litio NP-FZ100, 7,2 V CC, 2280 mAh<\/p>\n<p>Temperatura de funcionamiento\/almacenamiento<\/p>\n<p>Operativo<\/p>\n<p>De 32 a 104 \u00b0F (0 a 40 \u00b0C)<\/p>\n<p>&nbsp;F\u00edsico<\/p>\n<p>Dimensiones (ancho x alto x profundidad)<\/p>\n<p>5,0 x 3,8 x 2,9&#8243; \/ 126,9 x 95,6 x 73,7 mm<\/p>\n<p>Peso<\/p>\n<p>1,43 libras \/ 650 g<\/p>\n<p>&nbsp;Kit de lentes<\/p>\n<p>Distancia focal<\/p>\n<p>28 &#8211; 70 mm<\/p>\n<p>Abertura<\/p>\n<p>M\u00e1ximo: f\/3.5 &#8211; 5.6<\/p>\n<p>M\u00ednimo: f\/22 &#8211; 36<\/p>\n<p>\u00c1ngulo<\/p>\n<p>75\u00b0 &#8211; 34\u00b0<\/p>\n<p>Distancia m\u00ednima de enfoque<\/p>\n<p>11,81&#8243; (30 cm)<\/p>\n<p>Ampliaci\u00f3n<\/p>\n<p>0,19 veces<\/p>\n<p>Velocidad m\u00e1xima de reproducci\u00f3n<\/p>\n<p>1:5.26<\/p>\n<p>Elementos\/Grupos<\/p>\n<p>9\/8<\/p>\n<p>Hojas de diafragma<\/p>\n<p>7, redondeado<\/p>\n<p>Autom\u00e1tico<\/p>\n<p>S\u00ed<\/p>\n<p>Estabilizaci\u00f3n de imagen<\/p>\n<p>S\u00ed<\/p>\n<p>Tema de filtro<\/p>\n<p>Frontal: 55 mm<\/p>\n<p>Dimensiones (DxL)<\/p>\n<p>Aproximadamente. 2,85 x 3,27&#8243; (72,5 x 83 mm) <\/p>\n<p>Peso<\/p>\n<p>295 g (10,41 oz)<\/p>\n","protected":false},"excerpt":{"rendered":"<p>Captura m\u00e1s momentos decisivos con la \u03b17 III de Sony, equipada con el sensor CMOS de fotograma completo retroiluminado de<\/p>\n","protected":false},"featured_media":39754,"comment_status":"closed","ping_status":"closed","template":"","meta":{"_acf_changed":false},"product_brand":[2537],"product_cat":[932],"product_tag":[],"class_list":{"0":"post-82262","1":"product","2":"type-product","3":"status-publish","4":"has-post-thumbnail","6":"product_brand-sony-es","7":"product_cat-mirrorless-es","8":"pa_cartoes-memoria-compativeis-sd-es","9":"pa_cor-negro","10":"pa_estabilizacao-de-imagem-si","11":"pa_iso-51200-es","12":"pa_montagem-sony-e-es","13":"pa_resolucao-de-video-4k-es","14":"pa_resolucao-mp-24-mp-es","15":"pa_sensor-fotograma-completo","16":"pa_tamanho-resolucao-lcd-3-0-920k-puntos","17":"pa_tipo-de-lcd-articulada","19":"first","20":"onbackorder","21":"taxable","22":"shipping-taxable","23":"purchasable","24":"product-type-simple"},"bundled_by":[],"bundle_stock_status":"onbackorder","bundle_stock_quantity":null,"bundle_virtual":false,"bundle_layout":"","bundle_add_to_cart_form_location":"","bundle_editable_in_cart":false,"bundle_sold_individually_context":"","bundle_item_grouping":"","bundle_min_size":"","bundle_max_size":"","bundle_price":[],"bundled_items":[],"bundle_sell_ids":[],"acf":[],"_links":{"self":[{"href":"https:\/\/hi-techwonder.com\/es\/wp-json\/wp\/v2\/product\/82262","targetHints":{"allow":["GET"]}}],"collection":[{"href":"https:\/\/hi-techwonder.com\/es\/wp-json\/wp\/v2\/product"}],"about":[{"href":"https:\/\/hi-techwonder.com\/es\/wp-json\/wp\/v2\/types\/product"}],"replies":[{"embeddable":true,"href":"https:\/\/hi-techwonder.com\/es\/wp-json\/wp\/v2\/comments?post=82262"}],"wp:featuredmedia":[{"embeddable":true,"href":"https:\/\/hi-techwonder.com\/es\/wp-json\/wp\/v2\/media\/39754"}],"wp:attachment":[{"href":"https:\/\/hi-techwonder.com\/es\/wp-json\/wp\/v2\/media?parent=82262"}],"wp:term":[{"taxonomy":"product_brand","embeddable":true,"href":"https:\/\/hi-techwonder.com\/es\/wp-json\/wp\/v2\/product_brand?post=82262"},{"taxonomy":"product_cat","embeddable":true,"href":"https:\/\/hi-techwonder.com\/es\/wp-json\/wp\/v2\/product_cat?post=82262"},{"taxonomy":"product_tag","embeddable":true,"href":"https:\/\/hi-techwonder.com\/es\/wp-json\/wp\/v2\/product_tag?post=82262"}],"curies":[{"name":"wp","href":"https:\/\/api.w.org\/{rel}","templated":true}]}}