{"id":82268,"date":"2025-07-29T00:23:36","date_gmt":"2025-07-29T00:23:36","guid":{"rendered":"https:\/\/hi-techwonder.com\/product\/cuerpo-panasonic-lumix-s1-ii\/"},"modified":"2026-05-13T11:23:42","modified_gmt":"2026-05-13T10:23:42","slug":"panasonic-lumix-cuerpo-panasonic-lumix-s1-ii","status":"publish","type":"product","link":"https:\/\/hi-techwonder.com\/es\/producto\/panasonic-lumix-cuerpo-panasonic-lumix-s1-ii\/","title":{"rendered":"Panasonic Lumix S1 II Cuerpo"},"content":{"rendered":"<p class=\"MsoNormal\"><b>Cuerpo PANASONIC<br \/>\nLumix S1 II<\/b><\/p>\n<p class=\"MsoNormal\"><b>Funciones:<\/b><\/p>\n<p class=\"MsoListParagraphCxSpFirst\" style=\"text-indent:-18.0pt\"><!--[if !supportLists]--><span><br \/>\n<\/span><!--[endif]-->\u00b7Sensor<br \/>\n CMOS parcialmente apilado de 24,1 MP<\/p>\n<p class=\"MsoListParagraphCxSpMiddle\" style=\"text-indent:-18.0pt\"><!--[if !supportLists]--><span><br \/>\n<\/span><!--[endif]-->\u00b7Grabaci\u00f3n<br \/>\nde 5.1K Open Gate a 60p<\/p>\n<p class=\"MsoListParagraphCxSpMiddle\" style=\"text-indent:-18.0pt\"><!--[if !supportLists]--><span><br \/>\n<\/span><!--[endif]-->\u00b7Modo de alta resoluci\u00f3n para im\u00e1genes de<br \/>\n96 MP<\/p>\n<p class=\"MsoListParagraphCxSpMiddle\" style=\"text-indent:-18.0pt\"><!--[if !supportLists]--><span><br \/>\n<\/span><!--[endif]-->\u00b7Tecnolog\u00eda<br \/>\nde estabilizaci\u00f3n de imagen de 5 ejes con 8.0 paradas<\/p>\n<p class=\"MsoListParagraphCxSpMiddle\" style=\"text-indent:-18.0pt\"><!--[if !supportLists]--><span><br \/>\n<\/span><!--[endif]-->\u00b7Disparo<br \/>\ncontinuo AFC de hasta 70 fps<\/p>\n<p class=\"MsoListParagraphCxSpMiddle\" style=\"text-indent:-18.0pt\"><!--[if !supportLists]--><span><br \/>\n<\/span><!--[endif]-->\u00b7Pantalla<br \/>\nLCD TFT de 3&#8243; con control t\u00e1ctil est\u00e1tico<\/p>\n<p class=\"MsoListParagraphCxSpMiddle\" style=\"text-indent:-18.0pt\"><!--[if !supportLists]--><span><br \/>\n<\/span><!--[endif]-->\u00b7Ranuras<br \/>\n para tarjetas de memoria CFexpress Tipo B y SD\/HC\/XC<\/p>\n<p class=\"MsoListParagraphCxSpLast\" style=\"text-indent:-18.0pt\"><!--[if !supportLists]--><span><br \/>\n<\/span><!--[endif]-->\u00b7Wi-Fi y Bluetooth de 5 GHz<\/p>\n<p class=\"MsoNormal\"><b>Contenido<br \/>\n del paquete:<\/b><\/p>\n<p class=\"MsoListParagraphCxSpFirst\" style=\"text-indent:-18.0pt\"><!--[if !supportLists]--><span><br \/>\n<\/span><!--[endif]-->\u00b7PANASONIC<br \/>\nLumix S1 II<\/p>\n<p class=\"MsoListParagraphCxSpMiddle\" style=\"text-indent:-18.0pt\"><!--[if !supportLists]--><span><br \/>\n<\/span><!--[endif]-->\u00b7Cubierta de<br \/>\n zapato (zapata)<\/p>\n<p class=\"MsoListParagraphCxSpMiddle\" style=\"text-indent:-18.0pt\"><!--[if !supportLists]--><span><br \/>\n<\/span><!--[endif]-->\u00b7Bater\u00eda DMW-BLK22 (2200mAh \/16Wh)<\/p>\n<p class=\"MsoListParagraphCxSpMiddle\" style=\"text-indent:-18.0pt\"><!--[if !supportLists]--><span><br \/>\n<\/span><!--[endif]-->\u00b7Cargador<br \/>\n de bater\u00eda<\/p>\n<p class=\"MsoListParagraphCxSpMiddle\" style=\"text-indent:-18.0pt\"><!--[if !supportLists]--><span><br \/>\n<\/span><!--[endif]-->\u00b7Correa para<br \/>\n el hombro<\/p>\n<p class=\"MsoListParagraphCxSpMiddle\" style=\"text-indent:-18.0pt\"><!--[if !supportLists]--><span><br \/>\n<\/span><!--[endif]-->\u00b7Cubierta<br \/>\n del cuerpo<\/p>\n<p class=\"MsoListParagraphCxSpLast\" style=\"text-indent:-18.0pt\"><!--[if !supportLists]--><span><br \/>\n<\/span><!--[endif]-->\u00b7Tapa<br \/>\n del conector de la empu\u00f1adura de la bater\u00eda<\/p>\n<p class=\"MsoNormal\"><\/p>\n<p class=\"MsoNormal\"><iframe loading=\"lazy\" frameborder=\"0\" src=\"https:\/\/www.youtube.com\/embed\/syS9bPHpW4I?start=11\" width=\"640\" height=\"360\"><\/iframe>&nbsp;<\/p>\n<p class=\"MsoNormal\"><\/p>\n<p class=\"MsoNormal\"><b>Una<br \/>\npotencia h\u00edbrida de pr\u00f3xima generaci\u00f3n para creadores de videos y fotos<\/b><\/p>\n<p class=\"MsoNormal\">Dise\u00f1ada<br \/>\npara creadores que exigen una calidad excepcional tanto en fotograf\u00edas<br \/>\ncomo en v\u00eddeo, la c\u00e1mara mirrorless Panasonic Lumix S1 II ofrece un rendimiento de primera l\u00ednea<br \/>\nen un cuerpo vers\u00e1til de fotograma completo. Con un sensor CMOS parcialmente apilado de 24.1MP recientemente<br \/>\ndesarrollado, lectura de alta velocidad, enfoque autom\u00e1tico avanzado impulsado por IA y un conjunto completo de herramientas de video profesional,<br \/>\n el S1 II cierra la brecha entre las im\u00e1genes fijas profesionales y<br \/>\nla realizaci\u00f3n de<br \/>\npel\u00edculas. Ya sea que est\u00e9 en el estudio, al aire libre<br \/>\no filmando sin tr\u00edpode, esta c\u00e1mara h\u00edbrida est\u00e1 dise\u00f1ada<br \/>\npara adaptarse, inspirar y ofrecer resultados.  <\/p>\n<p class=\"MsoNormal\"><b>Sensor<br \/>\navanzado para velocidad y precisi\u00f3n<\/b><\/p>\n<p class=\"MsoNormal\">En<br \/>\nel coraz\u00f3n del<br \/>\nS1 II se encuentra un nuevo sensor CMOS de fotograma completo parcialmente apilado de 24.1MP, que ofrece una lectura m\u00e1s r\u00e1pida y un rendimiento excepcional<br \/>\ncon poca luz. Junto con el procesador L2 de Panasonic y<br \/>\nla tecnolog\u00eda Dynamic Range Boost, la c\u00e1mara captura im\u00e1genes n\u00edtidas y<br \/>\ndetalladas en todo el rango ISO, al tiempo que permite disparos sin tr\u00edpode de alta resoluci\u00f3n<br \/>\nde 96MP y soporte para archivos HEIF de 10 bits<br \/>\n, lo que ofrece una mayor flexibilidad tonal en el flujo de trabajo fotogr\u00e1fico. <\/p>\n<p class=\"MsoNormal\"><b>Video<br \/>\nde alto rendimiento con control cinematogr\u00e1fico<\/b><\/p>\n<p class=\"MsoNormal\">El<br \/>\nS1 II es una herramienta de video robusta que ofrece una amplia gama de formatos<br \/>\nde grabaci\u00f3n y velocidades de cuadro, todos con profundidad de 10 bits y<br \/>\nherramientas de color profesionales:<\/p>\n<p class=\"MsoListParagraphCxSpFirst\" style=\"text-indent:-18.0pt\"><!--[if !supportLists]--><span><br \/>\n<\/span><!--[endif]-->\u00b76K<br \/>\na 30p en Open Gate (3:2) para flexibilidad multiformato<\/p>\n<p class=\"MsoListParagraphCxSpMiddle\" style=\"text-indent:-18.0pt\"><!--[if !supportLists]--><span><br \/>\n<\/span><!--[endif]-->\u00b75.1K<br \/>\na 60p en 4:3 para documentales inmersivos o contenido de redes sociales<\/p>\n<p class=\"MsoListParagraphCxSpMiddle\" style=\"text-indent:-18.0pt\"><!--[if !supportLists]--><span><br \/>\n<\/span><!--[endif]-->\u00b7C4K<br \/>\ny UHD 4K a 120p para c\u00e1mara lenta y acci\u00f3n trepidante<\/p>\n<p class=\"MsoListParagraphCxSpMiddle\" style=\"text-indent:-18.0pt\"><!--[if !supportLists]--><span><br \/>\n<\/span><!--[endif]-->\u00b7V\u00eddeo<br \/>\n4K sobremuestreado a partir de la lectura completa del sensor<\/p>\n<p class=\"MsoListParagraphCxSpMiddle\" style=\"text-indent:-18.0pt\"><!--[if !supportLists]--><span><br \/>\n<\/span><!--[endif]-->\u00b7V-Log<br \/>\ny V-Gamut con m\u00e1s de 13 pasos de rango din\u00e1mico<\/p>\n<p class=\"MsoListParagraphCxSpMiddle\" style=\"text-indent:-18.0pt\"><!--[if !supportLists]--><span><br \/>\n<\/span><!--[endif]-->\u00b7Aplicaci\u00f3n<br \/>\nde LUT en tiempo real para im\u00e1genes personalizadas directamente en la c\u00e1mara<\/p>\n<p class=\"MsoListParagraphCxSpMiddle\" style=\"text-indent:-18.0pt\"><!--[if !supportLists]--><span><br \/>\n<\/span><!--[endif]-->\u00b7Dynamic<br \/>\nRange Boost para mejorar los detalles de las luces y las sombras<\/p>\n<p class=\"MsoListParagraphCxSpLast\" style=\"text-indent:-18.0pt\"><!--[if !supportLists]--><span><br \/>\n<\/span><!--[endif]-->\u00b7Salida<br \/>\nHDMI completa y soporte para Frame.io Camera to Cloud<\/p>\n<p class=\"MsoNormal\">Estas<br \/>\ncaracter\u00edsticas permiten a los creadores h\u00edbridos filmar con confianza en<br \/>\nentornos de producci\u00f3n cinematogr\u00e1fica, comercial y digital, desde el primer momento.<\/p>\n<p class=\"MsoNormal\"><b>Enfoque<br \/>\nautom\u00e1tico inteligente con reconocimiento de sujetos<\/b><\/p>\n<p class=\"MsoNormal\">La<br \/>\nLumix S1 II cuenta con un sistema de enfoque autom\u00e1tico h\u00edbrido de detecci\u00f3n de fases,<br \/>\n mejorado con detecci\u00f3n y seguimiento de sujetos basados en<br \/>\nIA. Ofrece un enfoque autom\u00e1tico r\u00e1pido y preciso incluso con sujetos en movimiento<br \/>\nimpredecibles o parcialmente ocultos. <\/p>\n<p class=\"MsoListParagraphCxSpFirst\" style=\"text-indent:-18.0pt\"><!--[if !supportLists]--><span><br \/>\n<\/span><!--[endif]-->\u00b7Enfoque<br \/>\nautom\u00e1tico h\u00edbrido por fases con 779 puntos de enfoque<\/p>\n<p class=\"MsoListParagraphCxSpMiddle\" style=\"text-indent:-18.0pt\"><!--[if !supportLists]--><span><br \/>\n<\/span><!--[endif]-->\u00b7Detecci\u00f3n<br \/>\nen tiempo real de personas, ojos, rostros, animales, coches, motos y m\u00e1s<\/p>\n<p class=\"MsoListParagraphCxSpMiddle\" style=\"text-indent:-18.0pt\"><!--[if !supportLists]--><span><br \/>\n<\/span><!--[endif]-->\u00b7Rendimiento<br \/>\nfiable en situaciones de poca luz o bajo contraste<\/p>\n<p class=\"MsoListParagraphCxSpMiddle\" style=\"text-indent:-18.0pt\"><!--[if !supportLists]--><span><br \/>\n<\/span><!--[endif]-->\u00b7Disparo<br \/>\ncontinuo sin apagones de hasta 70 fps con AF continuo (AFC)<\/p>\n<p class=\"MsoListParagraphCxSpLast\" style=\"text-indent:-18.0pt\"><!--[if !supportLists]--><span><br \/>\n<\/span><!--[endif]-->\u00b7Inversi\u00f3n<br \/>\nde la direcci\u00f3n del anillo de enfoque y control de respuesta lineal\/no lineal<\/p>\n<p class=\"MsoNormal\">Esto<br \/>\nconvierte al S1 II en una herramienta fiable para la captura de im\u00e1genes y v\u00eddeos, donde<br \/>\nel enfoque cr\u00edtico es esencial.<\/p>\n<p class=\"MsoNormal\"><b>Dise\u00f1ado<br \/>\npara flujos de trabajo profesionales<\/b><\/p>\n<p class=\"MsoNormal\">Con<br \/>\ndisparos continuos sin apagones a 70 fps, estabilizaci\u00f3n de 5 ejes con<br \/>\ncompensaci\u00f3n de hasta 8.0 paradas e I.S. activo, el S1 II es ideal para disparos<br \/>\nmanuales y creadores h\u00edbridos de varios g\u00e9neros. Cuenta con dos<br \/>\nranuras para tarjetas (CFexpress Tipo B + SD UHS-II), una pantalla LCD de alta resoluci\u00f3n con inclinaci\u00f3n<br \/>\ny pivote libre, y un cuerpo resistente probado para rendimiento en temperaturas<br \/>\nde hasta -10 \u00b0 C (14 \u00b0 F). La compatibilidad con Lumix Lab, Lumix Flow y el complemento Capture<br \/>\nOne ampl\u00eda a\u00fan m\u00e1s su utilidad para flujos de trabajo profesionales y<br \/>\nconectividad m\u00f3vil.  <\/p>\n<p class=\"MsoNormal\"><b><u>Especificaciones<br \/>\n principales:<\/u><\/b><\/p>\n<p class=\"MsoNormal\"><b>Montura de<br \/>\n lente<\/b><br \/>Montura L<\/p>\n<p class=\"MsoNormal\"><b>Resoluci\u00f3n del<br \/>\n sensor<\/b><br \/>Real: 26,8 megap\u00edxeles<br \/>Efectivo: 24.1 megap\u00edxeles<\/p>\n<p class=\"MsoNormal\"><b>Sensor de<br \/>\n imagen<\/b><br \/>CMOS de 35,8 x 23,8 mm (fotograma completo)<\/p>\n<p class=\"MsoNormal\"><b>Estabilizaci\u00f3n de<br \/>\n imagen<\/b><br \/>Desplazamiento del sensor, 5 ejes<\/p>\n<p class=\"MsoNormal\"><b>Sensibilidad<br \/>\n ISO\/ganancia<\/b><br \/>ISO nativo en modo autom\u00e1tico: 204 800<\/p>\n<p class=\"MsoNormal\"><b>Modos<br \/>\n de grabaci\u00f3n internos<\/b><br \/>H.265 GOP largo 4:2:0 de 10 bits<br \/>UHD 6K (5952 x 3968) a 30,00 fps [200 Mb\/s]<br \/>DCI 4K (4096 x 2160) a 120 fps [300 Mb\/s]<br \/>UHD 4K (3840 x 2160) a 120 fps [300 Mb\/s]<br \/>1920 x 1080 a 240 fps [800 Mb\/s] <\/p>\n<p class=\"MsoNormal\"><b>Modos<br \/>\n de grabaci\u00f3n externos<\/b><br \/>4:2:0 de 10 bits a trav\u00e9s de HDMI<br \/>DCI 4K (4096 x 2160) a 120 fps<br \/>HD (1920 x 1080) a 59,94 fps<\/p>\n<p class=\"MsoNormal\"><b>Ranuras para tarjetas de<br \/>\n memoria<\/b><br \/>Ranura 1: CFexpress Tipo B<br \/>Ranura 2: SD\/SDHC\/SDXC<\/p>\n<p class=\"MsoNormal\"><b>Entrada\/salida<br \/>\n de video<\/b><br \/>1x salida HDMI<\/p>\n<p class=\"MsoNormal\"><b>Entrada\/salida<br \/>\n de audio<\/b><br \/>1x salida de auriculares est\u00e9reo TRS de 3,5 mm<br \/>1 entrada de micr\u00f3fono est\u00e9reo TRS de 3,5 mm<\/p>\n<p class=\"MsoNormal\"><b>Alimentaci\u00f3n<\/b><br \/>1x entrada USB-C<\/p>\n<p class=\"MsoNormal\"><b>Otras<br \/>\nentradas\/salidas<\/b><br \/>1x salida de datos USB-C (compartida con la entrada de alimentaci\u00f3n)<\/p>\n<p class=\"MsoNormal\"><b><br \/>\nConectividad inal\u00e1mbrica<\/b><br \/>Wi-Fi de 5 GHz (802.11ac)<\/p>\n<p class=\"MsoNormal\"><b>Tipo<br \/>\n de pantalla<\/b><br \/>Pantalla t\u00e1ctil LCD con bisagras e inclinable<\/p>\n<p class=\"MsoNormal\"><b>Bater\u00eda<\/b><br \/>1x iones de litio recargables, 7,2 V CC, 2200 mAh (incluidos)<\/p>\n<p class=\"MsoNormal\"><b><u>Especificaciones<br \/>\n generales:<\/u><\/b><\/p>\n<p class=\"MsoNormal\"><b><u>Imagen<\/u><\/b><\/p>\n<p class=\"MsoNormal\"><b>Montura de<br \/>\n lente<\/b><br \/>Montura L<\/p>\n<p class=\"MsoNormal\"><b>Resoluci\u00f3n del<br \/>\n sensor<\/b><br \/>Real: 26.8 MP<br \/>Efectivo: 24.1 MP<\/p>\n<p class=\"MsoNormal\"><b>Sensor de<br \/>\n imagen<\/b><br \/>CMOS de 35,8 x 23,8 mm (fotograma completo)<\/p>\n<p class=\"MsoNormal\"><b>Recorte del sensor (equivalente a<br \/>\n 35 mm)<\/b><br \/>Factor de recorte: 1x<br \/>* Se produce un recorte adicional en ciertos modos de video<\/p>\n<p class=\"MsoNormal\"><b>Estabilizaci\u00f3n de<br \/>\n imagen<\/b><br \/>Desplazamiento del sensor, 5 ejes<\/p>\n<p class=\"MsoNormal\"><b>Tipo<br \/>\nde financiaci\u00f3n<\/b><br \/>Fotos y video<\/p>\n<p class=\"MsoNormal\"><b><u>Control de<br \/>\n exposici\u00f3n<\/u><\/b><\/p>\n<p class=\"MsoNormal\"><b>Tipo<br \/>\n de obturador<\/b><br \/>Obturador mec\u00e1nico de plano focal y obturador electr\u00f3nico por rodillo<\/p>\n<p class=\"MsoNormal\"><b>Velocidad de obturaci\u00f3n<br \/>\n<\/b><br \/>Obturador electr\u00f3nico: 1\/16000 a 60 segundos<br \/>Cortinilla frontal electr\u00f3nica: 1\/2000 a 60 segundos<\/p>\n<p class=\"MsoNormal\"><b>Modo<br \/>\n Bulb\/Temporizado<\/b><br \/>Modo Bulb (hasta 30 minutos)<\/p>\n<p class=\"MsoNormal\"><b>Sensibilidad<br \/>\n ISO\/ganancia<\/b><br \/>ISO nativo en modo autom\u00e1tico: 204 800<\/p>\n<p class=\"MsoNormal\"><b>M\u00e9todo de<br \/>\n medici\u00f3n<\/b><br \/>Ponderado central, ponderado por resaltado, multizona, multipunto, promedio puntual<\/p>\n<p class=\"MsoNormal\"><b>Modos de<br \/>\n exposici\u00f3n<\/b><br \/>Prioridad de apertura, Autom\u00e1tico, Manual, Programa, Prioridad de obturaci\u00f3n<\/p>\n<p class=\"MsoNormal\"><b>Compensaci\u00f3n de<br \/>\n exposici\u00f3n<\/b><br \/>De -3 a +5 EV (pasos de 1\/3 EV)<\/p>\n<p class=\"MsoNormal\"><b>Rango<br \/>\n de medici\u00f3n<\/b><br \/>De 0 a 18 EV<\/p>\n<p class=\"MsoNormal\"><b>Disparo<br \/>\n continuo<\/b><br \/>Hasta 70 fps a m\u00e1xima resoluci\u00f3n<\/p>\n<p class=\"MsoNormal\"><b>Temporizador<\/b><br \/>Retraso de 2\/10 segundos<\/p>\n<p class=\"MsoNormal\"><b><u>Captura<br \/>\n de im\u00e1genes fijas<\/u><\/b><\/p>\n<p class=\"MsoNormal\"><b>Relaci\u00f3n de aspecto<br \/>\n<\/b><br \/>3:2<\/p>\n<p class=\"MsoNormal\"><b>Formatos<br \/>\n de archivo de imagen<\/b><br \/>HEIF, JPEG, RAW<\/p>\n<p class=\"MsoNormal\"><b>Profundidad de bits<\/b><br \/>10 bits<\/p>\n<p class=\"MsoNormal\"><b><u>Grabaci\u00f3n de<br \/>\n video<\/u><\/b><\/p>\n<p class=\"MsoNormal\"><b>Modos<br \/>\n de grabaci\u00f3n internos<\/b><br \/>H.265 GOP largo 4:2:0 de 10 bits<br \/>UHD 6K (5952 x 3968) a 30,00 fps [200 Mb\/s]<br \/>DCI 4K (4096 x 2160) a 120 fps [300 Mb\/s]<br \/>UHD 4K (3840 x 2160) a 120 fps [300 Mb\/s]<br \/>1920 x 1080 a 240 fps [800 Mb\/s] <\/p>\n<p class=\"MsoNormal\"><b>Modos<br \/>\n de grabaci\u00f3n externos<\/b><br \/>4:2:0 de 10 bits a trav\u00e9s de HDMI<br \/>DCI 4K (4096 x 2160) a 120 fps<br \/>HD (1920 x 1080) a 59,94 fps<\/p>\n<p class=\"MsoNormal\"><b>Soporte de c\u00e1mara<br \/>\n lenta \/ r\u00e1pida<\/b><br \/>S\u00ed<\/p>\n<p class=\"MsoNormal\"><b>L\u00edmite de<br \/>\n escritura<\/b><br \/>Ninguno<\/p>\n<p class=\"MsoNormal\"><b>Transmisi\u00f3n<br \/>\n IP<\/b><br \/>RTMPS<br \/>1920 x 1080 a 59,94p (8,0 Mb\/s)<\/p>\n<p class=\"MsoNormal\"><b>Micr\u00f3fono<br \/>\n incorporado<\/b><br \/>Est\u00e9reo<\/p>\n<p class=\"MsoNormal\"><b>Grabaci\u00f3n<br \/>\n de audio<\/b><br \/>MOV: audio LPCM de 2 canales, 24 bits, 48 kHz<\/p>\n<p class=\"MsoNormal\"><b><u>Interfaz<\/u><\/b><\/p>\n<p class=\"MsoNormal\"><b>Ranuras para tarjetas de<br \/>\n memoria<\/b><br \/>Ranura 1: CFexpress Tipo B<br \/>Ranura 2: SD\/SDHC\/SDXC<\/p>\n<p class=\"MsoNormal\"><b>Salida de<br \/>\n video<\/b><br \/>1x HDMI<\/p>\n<p class=\"MsoNormal\"><b>Audio<\/b><br \/>1x salida de auriculares TRS de 3,5 mm<br \/>1x entrada de micr\u00f3fono TRS de 3,5 mm<\/p>\n<p class=\"MsoNormal\"><b>Alimentaci\u00f3n<\/b><br \/>1x entrada USB-C<\/p>\n<p class=\"MsoNormal\"><b>Otras<br \/>\nE\/S<\/b><br \/>1x salida de datos USB-C (compartida con la entrada de alimentaci\u00f3n)<\/p>\n<p class=\"MsoNormal\"><b><br \/>\nConectividad inal\u00e1mbrica<\/b><br \/>Wi-Fi de 5 GHz (802.11ac)<\/p>\n<p class=\"MsoNormal\"><b>Compatible con<br \/>\n aplicaciones m\u00f3viles<\/b><br \/>S\u00ed: Android e iOS<br \/>Nombre de la aplicaci\u00f3n: Lumix Lab<\/p>\n<p class=\"MsoNormal\"><b>GPS \/ Ubicaci\u00f3n<\/b><br \/>GPS a trav\u00e9s de un tel\u00e9fono inteligente conectado<\/p>\n<p class=\"MsoNormal\"><b><u>Monitor<\/u><\/b><\/p>\n<p class=\"MsoNormal\"><b><br \/>\nTama\u00f1o de pantalla<\/b><br \/>3&#8243;<\/p>\n<p class=\"MsoNormal\"><b>Resoluci\u00f3n<\/b><br \/>1.840.000 puntos<\/p>\n<p class=\"MsoNormal\"><b>Tipo<br \/>\n de pantalla<\/b><br \/>Pantalla t\u00e1ctil LCD inclinable y articulada<\/p>\n<p class=\"MsoNormal\"><b><u>Monitor<\/u><\/b><\/p>\n<p class=\"MsoNormal\"><b>Amable<\/b><br \/>Electr\u00f3nico (OLED)<\/p>\n<p class=\"MsoNormal\"><b>Resoluci\u00f3n<\/b><br \/>5.760.000 puntos<\/p>\n<p class=\"MsoNormal\"><b>Punto de vista<br \/>\n<\/b><br \/>21 mil\u00edmetros<\/p>\n<p class=\"MsoNormal\"><b>Cubrir<\/b><br \/>100%<\/p>\n<p class=\"MsoNormal\"><b>Ampliaci\u00f3n<\/b><br \/>Aprox. 0,78x <\/p>\n<p class=\"MsoNormal\"><b>Ajuste de dioptr\u00edas<\/b><br \/>De -4 a +2<\/p>\n<p class=\"MsoNormal\"><b><u>Focalizaci\u00f3n<\/u><\/b><\/p>\n<p class=\"MsoNormal\"><b>Tipo de<br \/>\n enfoque<\/b><br \/>Enfoque autom\u00e1tico y enfoque manual<\/p>\n<p class=\"MsoNormal\"><b>Modos de<br \/>\n enfoque<\/b><br \/>Autom\u00e1tico, AF continuo (servo continuo), manual<\/p>\n<p class=\"MsoNormal\"><b>Puntos<br \/>\n de enfoque autom\u00e1tico<\/b><br \/>Foto, Video<br \/>Detecci\u00f3n de contraste y fase: 779 puntos<\/p>\n<p class=\"MsoNormal\"><b><u>Flash<\/u><\/b><\/p>\n<p class=\"MsoNormal\"><b>Flash<br \/>\n\/luz integrada<\/b><br \/>No<\/p>\n<p class=\"MsoNormal\"><b>Modos de<br \/>\n flash<\/b><br \/>Autom\u00e1tico, Autom\u00e1tico con reducci\u00f3n de ojos rojos, Flash forzado, Forzado con<br \/>\nreducci\u00f3n de ojos rojos, Desactivado, Sincronizaci\u00f3n lenta, Sincronizaci\u00f3n<br \/>\nlenta con reducci\u00f3n de ojos rojos<\/p>\n<p class=\"MsoNormal\"><b><br \/>\nVelocidad m\u00e1xima de sincronizaci\u00f3n<\/b><br \/>1\/250 segundos<\/p>\n<p class=\"MsoNormal\"><b>Compensaci\u00f3n de<br \/>\n flash<\/b><br \/>De -3 a +3 EV (pasos de 1\/3 EV)<\/p>\n<p class=\"MsoNormal\"><b>Sistema<br \/>\n flash dedicado<\/b><br \/>TTL<\/p>\n<p class=\"MsoNormal\"><b>Conexi\u00f3n<br \/>\n flash externa<\/b><br \/>Montaje de zapata<\/p>\n<p class=\"MsoNormal\"><b><u>General<\/u><\/b><\/p>\n<p class=\"MsoNormal\"><b>Bater\u00eda<\/b><br \/>1x iones de litio recargables, 7,2 V CC, 2200 mAh (incluidos)<\/p>\n<p class=\"MsoNormal\"><b>Conjunto de<br \/>\n zapatos<\/b><br \/>1x Zapata caliente<\/p>\n<p class=\"MsoNormal\"><b>Rosca<br \/>\n de tr\u00edpode<\/b><br \/>1x 1\/4&#8243;-20 hembra (en la parte inferior)<\/p>\n<p class=\"MsoNormal\"><b>Condiciones<br \/>\n de funcionamiento<\/b><br \/>14 a 104 \u00b0 F \/ -10 a 40 \u00b0 C con humedad entre 10 y 80% (recomendado)<\/p>\n<p class=\"MsoNormal\"><b>Dimensiones<br \/>\n (ancho x alto x profundidad)<\/b><br \/>134,37 x 102,36 x 91,69 mm (sin salientes)<\/p>\n<p class=\"MsoNormal\"><b>Peso<\/b><br \/>717 g (solo cuerpo)<br \/>798 g (con bater\u00eda y tarjeta de memoria)<\/p>\n","protected":false},"excerpt":{"rendered":"<p>Cuerpo PANASONIC Lumix S1 II Funciones: \u00b7Sensor CMOS parcialmente apilado de 24,1 MP \u00b7Grabaci\u00f3n de 5.1K Open Gate a 60p<\/p>\n","protected":false},"featured_media":39641,"comment_status":"closed","ping_status":"closed","template":"","meta":{"_acf_changed":false},"product_brand":[2536],"product_cat":[932],"product_tag":[],"class_list":{"0":"post-82268","1":"product","2":"type-product","3":"status-publish","4":"has-post-thumbnail","6":"product_brand-panasonic-es","7":"product_cat-mirrorless-es","8":"pa_cartoes-memoria-compativeis-cfexpress-type-b-es","9":"pa_cartoes-memoria-compativeis-sd-es","10":"pa_cor-negro","11":"pa_estabilizacao-de-imagem-si","12":"pa_iso-51200-es","13":"pa_montagem-l-mount-es","14":"pa_resolucao-de-video-6k-es","15":"pa_resolucao-mp-24-mp-es","16":"pa_sensor-fotograma-completo","17":"pa_tamanho-resolucao-lcd-3-0-1-84m-puntos","18":"pa_tipo-de-lcd-totalmente-articulada","20":"first","21":"instock","22":"taxable","23":"shipping-taxable","24":"purchasable","25":"product-type-simple"},"bundled_by":["92152","92156","92174"],"bundle_stock_status":"instock","bundle_stock_quantity":1,"bundle_virtual":false,"bundle_layout":"","bundle_add_to_cart_form_location":"","bundle_editable_in_cart":false,"bundle_sold_individually_context":"","bundle_item_grouping":"","bundle_min_size":"","bundle_max_size":"","bundle_price":[],"bundled_items":[],"bundle_sell_ids":[],"acf":[],"_links":{"self":[{"href":"https:\/\/hi-techwonder.com\/es\/wp-json\/wp\/v2\/product\/82268","targetHints":{"allow":["GET"]}}],"collection":[{"href":"https:\/\/hi-techwonder.com\/es\/wp-json\/wp\/v2\/product"}],"about":[{"href":"https:\/\/hi-techwonder.com\/es\/wp-json\/wp\/v2\/types\/product"}],"replies":[{"embeddable":true,"href":"https:\/\/hi-techwonder.com\/es\/wp-json\/wp\/v2\/comments?post=82268"}],"wp:featuredmedia":[{"embeddable":true,"href":"https:\/\/hi-techwonder.com\/es\/wp-json\/wp\/v2\/media\/39641"}],"wp:attachment":[{"href":"https:\/\/hi-techwonder.com\/es\/wp-json\/wp\/v2\/media?parent=82268"}],"wp:term":[{"taxonomy":"product_brand","embeddable":true,"href":"https:\/\/hi-techwonder.com\/es\/wp-json\/wp\/v2\/product_brand?post=82268"},{"taxonomy":"product_cat","embeddable":true,"href":"https:\/\/hi-techwonder.com\/es\/wp-json\/wp\/v2\/product_cat?post=82268"},{"taxonomy":"product_tag","embeddable":true,"href":"https:\/\/hi-techwonder.com\/es\/wp-json\/wp\/v2\/product_tag?post=82268"}],"curies":[{"name":"wp","href":"https:\/\/api.w.org\/{rel}","templated":true}]}}