{"id":82316,"date":"2025-07-29T00:22:07","date_gmt":"2025-07-29T00:22:07","guid":{"rendered":"https:\/\/hi-techwonder.com\/product\/sistema-om-om-3-ed-12-45mm-f4-0-pro\/"},"modified":"2026-04-20T22:12:38","modified_gmt":"2026-04-20T21:12:38","slug":"om-system-sistema-om-om-3-ed-12-45mm-f4-0-pro","status":"publish","type":"product","link":"https:\/\/hi-techwonder.com\/es\/producto\/om-system-sistema-om-om-3-ed-12-45mm-f4-0-pro\/","title":{"rendered":"SISTEMA OM OM-3 + ED 12-45mm F4.0 PRO"},"content":{"rendered":"<h3><b>SISTEMA OM OM-3 + ED 12-45mm F4.0 PRO<\/b><\/h3>\n<p><b>SISTEMA OM OM-3<\/b><\/p>\n<p><video controls=\"\" src=\"https:\/\/explore.omsystem.com\/pt\/pt\/media\/video\/uploads\/om_system_om-3_product_intro_en.mp4\" width=\"640\" height=\"360\" class=\"note-video-clip\"><\/video><\/p>\n<hr>\n<h4>El OM SYSTEM OM-3 combina la herencia de las ic\u00f3nicas c\u00e1maras anal\u00f3gicas OM-1 con las \u00faltimas innovaciones digitales, lo que da como resultado un cuerpo met\u00e1lico resistente y sellado contra la intemperie. Es una c\u00e1mara ligera (menos de 500 g) que, a pesar de su tama\u00f1o compacto, ofrece un rendimiento de vanguardia. Inspirado en el OM de la d\u00e9cada de 1970, cuenta con diales y botones de operaci\u00f3n que son agradables de manejar, al tiempo que incorpora funciones computacionales avanzadas como Live ND \/ GND, Focus Stacking y disparo de alta resoluci\u00f3n (hasta 80 MP).  <\/h4>\n<p>Gracias al nuevo dial creativo, el usuario tiene acceso inmediato a cuatro perfiles de color (con aspecto de pel\u00edcula) y cuatro perfiles monocrom\u00e1ticos, lo que agrega un toque atemporal a sus fotos y videos. El potente sensor BSI Live MOS apilado de 20 MP con estabilizaci\u00f3n de imagen de hasta 7,5 pasos (en combinaci\u00f3n con objetivos Sync IS) garantiza im\u00e1genes n\u00edtidas y sin desenfoque en casi cualquier situaci\u00f3n. Dise\u00f1ado para exteriores, el OM-3 es resistente al polvo, a las salpicaduras y a la congelaci\u00f3n (IP53), perfecto para aventuras urbanas y exploraci\u00f3n de la naturaleza.  <\/p>\n<p><img decoding=\"async\" src=\"https:\/\/emea.explore.omsystem.com\/media\/wysiwyg\/om-3-creative-storytelling.webp\" style=\"width: 775.5px\" alt=\"\"><\/p>\n<hr>\n<h4>Caracter\u00edsticas principales<\/h4>\n<ul>\n<li>Metal y cuerpo sellado<br \/>Construcci\u00f3n robusta de aleaci\u00f3n de magnesio con clasificaci\u00f3n IP53 que es resistente a las condiciones clim\u00e1ticas adversas.<\/li>\n<li>Dise\u00f1o retro y ergonom\u00eda<br \/>Inspirado en las c\u00e1maras OM originales, ofrece diales t\u00e1ctiles y botones que recuerdan a la est\u00e9tica vintage.<\/li>\n<li>Dial creativo con 8 perfiles<br \/>Cuatro perfiles de color tipo pel\u00edcula y cuatro monocrom\u00e1ticos, que se pueden personalizar y compartir.<\/li>\n<li>Funcionalidades computacionales<br \/>Incluye Live ND (hasta ND64), GND, Focus Stacking, Live Composite y m\u00e1s, accesibles desde el bot\u00f3n &#8220;CP&#8221;.<\/li>\n<li>Alta resoluci\u00f3n de hasta 80 MP<br \/>Modo de foto de alta resoluci\u00f3n para capturar detalles minuciosos, ahora con RAW de 14 bits y rango tonal superior.<\/li>\n<li>Sensor Apilado BSI Live MOS de 20 MP<br \/>Combina alta sensibilidad y rendimiento de enfoque (Quad Pixel AF), cubriendo 1053 puntos AF.<\/li>\n<li>Estabilizaci\u00f3n de imagen de 5 ejes<br \/>Hasta 7,5 paradas EV con Sync IS y 6,5 paradas EV en modo interior, lo que garantiza un metraje estable.<\/li>\n<li>Rendimiento de disparo r\u00e1pido<br \/>R\u00e1faga de hasta 120 fps (S-AF) o 50 fps (C-AF) para capturar sujetos que se mueven r\u00e1pidamente.<\/li>\n<li>Modos de video avanzados<br \/>4K 60p, S&amp;Q (c\u00e1mara lenta y r\u00e1pida), OM Cinema 1 y 2, OM-Log400 y ProRes RAW a trav\u00e9s de HDMI para producciones cinematogr\u00e1ficas.<\/li>\n<li>Conectividad mejorada<br \/>Wi-Fi integrado, Bluetooth, una ranura para tarjetas SD UHS-II y conexi\u00f3n USB-C para compartir y actualizaciones de firmware<\/li>\n<\/ul>\n<p><img decoding=\"async\" src=\"https:\/\/emea.explore.omsystem.com\/media\/wysiwyg\/om-3-compact-lightweight-durable.webp\" style=\"width: 775.5px\" alt=\"\"><\/p>\n<hr>\n<h4>Contenido<\/h4>\n<ul>\n<li>1 Un. Cuerpo de la c\u00e1mara OM SYSTEM OM-3 <\/li>\n<li>1 Un. Bater\u00eda recargable BLX-1 <\/li>\n<li>1 Un. Cable USB-C <\/li>\n<li>1 Un. Correa para el hombro <\/li>\n<li>1 Un. Cubierta del cuerpo <\/li>\n<li>Manual de usuario<\/li>\n<\/ul>\n<p><em>(Los lentes se venden por separado).<\/em><\/p>\n<p><img decoding=\"async\" src=\"https:\/\/emea.explore.omsystem.com\/media\/wysiwyg\/om-3-creative-freedom_1.webp\" style=\"width: 775.5px\" alt=\"\"><em><br \/><\/em><\/p>\n<hr>\n<h4>Especificaciones t\u00e9cnicas<\/h4>\n<ul>\n<li>Montura de lente: Olympus OM (Micro Cuatro Tercios)<\/li>\n<li>Sensor: BSI Live MOS apilado de 20 MP (17,4 x 13 mm)<\/li>\n<li>Procesador: TruePic X<\/li>\n<li>Formato de archivo (foto): JPEG, RAW (14 bits)<\/li>\n<li>Formato de archivo (v\u00eddeo): MOV (H.264\/H.265), ProRes RAW a trav\u00e9s de HDMI externo<\/li>\n<li>Resoluci\u00f3n de video: DCI 4K (4096 x 2160) hasta 60p; UHD 4K (3840 x 2160) hasta 60p; Full HD hasta 240p<\/li>\n<li>Estabilizaci\u00f3n: cambio de sensor de 5 ejes (hasta 7,5 paradas EV con Sync IS)<\/li>\n<li>Modos computacionales: Live ND (hasta ND64), GND, Focus Stacking, High-Res hasta 80 MP, Live Composite, etc.<\/li>\n<li>AF y n\u00famero de puntos: AF de cuatro p\u00edxeles, 1053 puntos<\/li>\n<li>Velocidad de disparo: hasta 120 fps (S-AF) \/ 50 fps (C-AF)<\/li>\n<li>ISO: 200\u201325.600 (ampliable)<\/li>\n<li>Pantalla: LCD t\u00e1ctil de 3,0&#8243; (1,62 M)<\/li>\n<li>Visor: OLED de 2,36 millones de puntos, aumento de 1,23x, cobertura del 100%<\/li>\n<li>Almacenamiento: 1 ranura para tarjeta SD UHS-II<\/li>\n<li>Resistencia: IP53, resistente a salpicaduras, polvo y congelaci\u00f3n (hasta -10 \u00b0C)<\/li>\n<li>Dimensiones (ancho x alto x profundidad): aprox. 139,3 x 88,9 x 45,8 mm <\/li>\n<li>Peso: 496 g (con bater\u00eda y tarjeta) \/ 413 g (solo cuerpo)<\/li>\n<\/ul>\n<p><u>Vea las <a href=\"https:\/\/explore.omsystem.com\/pt\/pt\/om-3?icid=om3_opr_feb25-internal-hp-link-om3_pdp\" target=\"_blank\" rel=\"noopener\">especificaciones completas aqu\u00ed.<\/a><\/u><\/p>\n<p><b>OM SYSTEM M.Zuiko Digital ED 12-45mm F4.0 PRO<\/b><\/p>\n<p><strong>Caracter\u00edsticas principales:<\/strong><\/p>\n<ul>\n<li><strong>Compacto y ligero<\/strong>: Con un peso de solo 254 g, este objetivo es ideal para llevar de viaje o sesiones prolongadas.<\/li>\n<li><strong>Apertura fija de f\/4.0<\/strong>: Mantiene un excelente rendimiento de brillo en todo el rango del zoom.<\/li>\n<li><strong>Resistente a la intemperie<\/strong>: dise\u00f1o a prueba de polvo, salpicaduras y fr\u00edo, adecuado para su uso en condiciones adversas.<\/li>\n<li><strong>Calidad \u00f3ptica superior<\/strong>: Equipado con elementos asf\u00e9ricos y revestimiento ZERO (Zuiko Extra-low Reflection Optical), reduce las aberraciones, los reflejos y las im\u00e1genes fantasma, brindando im\u00e1genes n\u00edtidas y brillantes.<\/li>\n<li><strong>Versatilidad de zoom<\/strong>: Ofrece una distancia focal equivalente a 24-90 mm (fotograma completo), que cubre todo, desde gran angular hasta teleobjetivo est\u00e1ndar.<\/li>\n<li><strong>Macro impresionante<\/strong>: capacidad de aumento de 0,25x (equivalente a fotograma completo de 0,5x) con una distancia m\u00ednima de enfoque de 12 cm (gran angular) y 23 cm (teleobjetivo).<\/li>\n<li><strong>Enfoque r\u00e1pido y preciso<\/strong>: Sistema de enfoque autom\u00e1tico eficiente debido a la ligereza de las partes internas.<\/li>\n<\/ul>\n<hr>\n<p><strong>Contenido del paquete:<\/strong><\/p>\n<ul>\n<li>Olympus M.Zuiko Digital ED 12-45mm F4.0 PRO<\/li>\n<li>Tapas de lentes (delantera y trasera)<\/li>\n<li>Parasol<\/li>\n<\/ul>\n<hr>\n<p><strong>Especificaciones t\u00e9cnicas:<\/strong><\/p>\n<ul>\n<li><strong>Apertura<\/strong>:\n<ul>\n<li>M\u00e1ximo: f\/4.0 (fijo en todo el rango de zoom)<\/li>\n<\/ul>\n<\/li>\n<li><strong>Distancia focal<\/strong>:\n<ul>\n<li>Equivalente a 24-90 mm en fotograma completo<\/li>\n<\/ul>\n<\/li>\n<li><strong>Distancia m\u00ednima de enfoque<\/strong>:\n<ul>\n<li>12 cm (gran angular)<\/li>\n<li>23cm (teleobjetivo)<\/li>\n<\/ul>\n<\/li>\n<li><strong>Aumento m\u00e1ximo<\/strong>:\n<ul>\n<li>0,25x (equivalente a 0,5x de fotograma completo)<\/li>\n<\/ul>\n<\/li>\n<li><strong>Recubrimiento \u00f3ptico<\/strong>:\n<ul>\n<li>Zuiko \u00d3ptica de reflexi\u00f3n extra baja (ZERO)<\/li>\n<\/ul>\n<\/li>\n<li><strong>Dimensiones<\/strong>:\n<ul>\n<li>Di\u00e1metro: 70 mm<\/li>\n<li>Longitud: 64 mm<\/li>\n<\/ul>\n<\/li>\n<li><strong>Peso<\/strong>: 254g<\/li>\n<li><strong>Zoom \u00f3ptico<\/strong>: 3.75x<\/li>\n<li><strong>Compatibilidad<\/strong>: Sistemas Micro Cuatro Tercios (MFT)<\/li>\n<li><strong>Enfoque autom\u00e1tico<\/strong>: S\u00ed<\/li>\n<\/ul>\n","protected":false},"excerpt":{"rendered":"<p>SISTEMA OM OM-3 + ED 12-45mm F4.0 PRO SISTEMA OM OM-3 El OM SYSTEM OM-3 combina la herencia de las<\/p>\n","protected":false},"featured_media":38956,"comment_status":"closed","ping_status":"closed","template":"","meta":{"_acf_changed":false},"product_brand":[2540],"product_cat":[932],"product_tag":[],"class_list":{"0":"post-82316","1":"product","2":"type-product","3":"status-publish","4":"has-post-thumbnail","6":"product_brand-om-system-es","7":"product_cat-mirrorless-es","8":"pa_cartoes-memoria-compativeis-sd-es","9":"pa_cor-plata","10":"pa_estabilizacao-de-imagem-si","11":"pa_iso-25600-es","12":"pa_montagem-micro-4-3","13":"pa_resolucao-de-video-4k-es","14":"pa_resolucao-mp-20-mp-es","15":"pa_sensor-micro-cuatro-tercios","16":"pa_tamanho-resolucao-lcd-3-0-1-62m-puntos","17":"pa_tipo-de-lcd-totalmente-articulada","19":"first","20":"instock","21":"taxable","22":"shipping-taxable","23":"purchasable","24":"product-type-simple"},"bundled_by":[],"bundle_stock_status":"instock","bundle_stock_quantity":1,"bundle_virtual":false,"bundle_layout":"","bundle_add_to_cart_form_location":"","bundle_editable_in_cart":false,"bundle_sold_individually_context":"","bundle_item_grouping":"","bundle_min_size":"","bundle_max_size":"","bundle_price":[],"bundled_items":[],"bundle_sell_ids":[],"acf":[],"_links":{"self":[{"href":"https:\/\/hi-techwonder.com\/es\/wp-json\/wp\/v2\/product\/82316","targetHints":{"allow":["GET"]}}],"collection":[{"href":"https:\/\/hi-techwonder.com\/es\/wp-json\/wp\/v2\/product"}],"about":[{"href":"https:\/\/hi-techwonder.com\/es\/wp-json\/wp\/v2\/types\/product"}],"replies":[{"embeddable":true,"href":"https:\/\/hi-techwonder.com\/es\/wp-json\/wp\/v2\/comments?post=82316"}],"wp:featuredmedia":[{"embeddable":true,"href":"https:\/\/hi-techwonder.com\/es\/wp-json\/wp\/v2\/media\/38956"}],"wp:attachment":[{"href":"https:\/\/hi-techwonder.com\/es\/wp-json\/wp\/v2\/media?parent=82316"}],"wp:term":[{"taxonomy":"product_brand","embeddable":true,"href":"https:\/\/hi-techwonder.com\/es\/wp-json\/wp\/v2\/product_brand?post=82316"},{"taxonomy":"product_cat","embeddable":true,"href":"https:\/\/hi-techwonder.com\/es\/wp-json\/wp\/v2\/product_cat?post=82316"},{"taxonomy":"product_tag","embeddable":true,"href":"https:\/\/hi-techwonder.com\/es\/wp-json\/wp\/v2\/product_tag?post=82316"}],"curies":[{"name":"wp","href":"https:\/\/api.w.org\/{rel}","templated":true}]}}