{"id":82321,"date":"2025-07-29T00:21:33","date_gmt":"2025-07-29T00:21:33","guid":{"rendered":"https:\/\/hi-techwonder.com\/product\/nikon-z5-ii-z-24-70-f-4\/"},"modified":"2026-04-08T12:29:05","modified_gmt":"2026-04-08T11:29:05","slug":"nikon-z5-ii-z-24-70-f-4","status":"publish","type":"product","link":"https:\/\/hi-techwonder.com\/es\/producto\/nikon-z5-ii-z-24-70-f-4\/","title":{"rendered":"NIKON Z5 II + Z 24-70 F\/4"},"content":{"rendered":"<h3 data-start=\"311\" data-end=\"330\">NIKON Z5 II + Z 24-70 F\/4<\/h3>\n<p><font style=\"font-family: OpenSans, \"Segoe UI\", Helvetica, Roboto, Arial, sans-serif; font-size: 1.5rem; box-sizing: inherit; outline: none; vertical-align: inherit;\">C\u00e1mara sin espejo Nikon Z5 II + lente <\/font>Nikon NIKKOR Z 24-70mm f\/4<\/p>\n<h3 data-start=\"311\" data-end=\"330\"><\/h3>\n<h3 data-start=\"311\" data-end=\"330\">Funciones&nbsp;<\/h3>\n<h3 data-start=\"311\" data-end=\"330\">Sensor CMOS de fotograma completo de 24,5 MP<\/h3>\n<ul data-start=\"332\" data-end=\"797\">\n<li data-start=\"369\" data-end=\"393\">\n<p data-start=\"371\" data-end=\"393\">Procesador EXPEED 7<\/p>\n<\/li>\n<li data-start=\"394\" data-end=\"435\">\n<p data-start=\"396\" data-end=\"435\">Grabaci\u00f3n de video 6K a 30p y 4K a 60p<\/p>\n<\/li>\n<li data-start=\"436\" data-end=\"474\">\n<p data-start=\"438\" data-end=\"474\">Pantalla t\u00e1ctil LCD inclinable de 3,2&#8243;<\/p>\n<\/li>\n<li data-start=\"475\" data-end=\"523\">\n<p data-start=\"477\" data-end=\"523\">Sistema AF h\u00edbrido con 299 puntos de enfoque<\/p>\n<\/li>\n<li data-start=\"524\" data-end=\"565\">\n<p data-start=\"526\" data-end=\"565\">Estabilizaci\u00f3n de imagen VR de 5 ejes<\/p>\n<\/li>\n<li data-start=\"566\" data-end=\"617\">\n<p data-start=\"568\" data-end=\"617\">Visor electr\u00f3nico OLED de 3,69 millones de puntos<\/p>\n<\/li>\n<li data-start=\"618\" data-end=\"654\">\n<p data-start=\"620\" data-end=\"654\">Ranura para tarjeta SD UHS-II dual<\/p>\n<\/li>\n<li data-start=\"655\" data-end=\"690\">\n<p data-start=\"657\" data-end=\"690\">Conectividad Wi-Fi y Bluetooth<\/p>\n<\/li>\n<li data-start=\"691\" data-end=\"746\">\n<p data-start=\"693\" data-end=\"746\">Cuerpo de aleaci\u00f3n de magnesio resistente a la intemperie<\/p>\n<\/li>\n<li data-start=\"747\" data-end=\"797\">\n<p data-start=\"749\" data-end=\"797\"><strong data-start=\"749\" data-end=\"797\">Incluye lente Nikon NIKKOR Z 24-70mm f\/4&nbsp;<\/strong><\/p>\n<\/li>\n<\/ul>\n<p data-start=\"799\" data-end=\"834\"><strong data-start=\"799\" data-end=\"832\">Nikon NIKKOR Z 24-70mm f\/4<\/strong><\/p>\n<ul data-start=\"835\" data-end=\"1249\">\n<li data-start=\"835\" data-end=\"873\">\n<p data-start=\"837\" data-end=\"873\">Formato de lente FX con montura Z<\/p>\n<\/li>\n<li data-start=\"874\" data-end=\"907\">\n<p data-start=\"876\" data-end=\"907\">Apertura: f\/4&nbsp;<\/p>\n<\/li>\n<li data-start=\"908\" data-end=\"958\">\n<p data-start=\"910\" data-end=\"958\">Elemento asf\u00e9rico de dispersi\u00f3n extra baja (ED)<\/p>\n<\/li>\n<li data-start=\"959\" data-end=\"987\">\n<p data-start=\"961\" data-end=\"987\">Tres elementos asf\u00e9ricos<\/p>\n<\/li>\n<li data-start=\"988\" data-end=\"1045\">\n<p data-start=\"990\" data-end=\"1045\">Nano Cristal y Recubrimiento S\u00faper Integrado<\/p>\n<\/li>\n<li data-start=\"1046\" data-end=\"1090\">\n<p data-start=\"1048\" data-end=\"1090\">Sistema AF con motor paso a paso silencioso<\/p>\n<\/li>\n<li data-start=\"1091\" data-end=\"1123\">\n<p data-start=\"1093\" data-end=\"1123\">Anillo de control programable<\/p>\n<\/li>\n<li data-start=\"1124\" data-end=\"1152\">\n<p data-start=\"1126\" data-end=\"1152\">Dise\u00f1o retr\u00e1ctil compacto<\/p>\n<\/li>\n<li data-start=\"1153\" data-end=\"1212\">\n<p data-start=\"1155\" data-end=\"1212\">Dise\u00f1o resistente a la intemperie con revestimiento de fl\u00faor<\/p>\n<\/li>\n<li data-start=\"1213\" data-end=\"1249\">\n<p data-start=\"1215\" data-end=\"1249\">Diafragma redondeado de 7 hojas<\/p>\n<ul>\n<li>Tama\u00f1o del filtro: 72 mm (frontal)<\/li>\n<\/ul>\n<\/li>\n<\/ul>\n<h3 data-start=\"1256\" data-end=\"1281\">Contenido del paquete<\/h3>\n<ul data-start=\"1283\" data-end=\"1458\">\n<li data-start=\"1283\" data-end=\"1305\">\n<p data-start=\"1285\" data-end=\"1305\">C\u00e1mara NIKON Z5 II<\/p>\n<\/li>\n<li data-start=\"1306\" data-end=\"1341\">\n<p data-start=\"1308\" data-end=\"1341\">Objetivo NIKKOR Z 24-70mm f\/4<\/p>\n<\/li>\n<li data-start=\"1342\" data-end=\"1366\">\n<p data-start=\"1344\" data-end=\"1366\">BF-N1 Tapa del cuerpo<\/p>\n<\/li>\n<li data-start=\"1367\" data-end=\"1387\">\n<p data-start=\"1369\" data-end=\"1387\">Bater\u00eda EN-EL15c<\/p>\n<\/li>\n<li data-start=\"1388\" data-end=\"1409\">\n<p data-start=\"1390\" data-end=\"1409\">Cargador MH-25A<\/p>\n<\/li>\n<li data-start=\"1410\" data-end=\"1429\">\n<p data-start=\"1412\" data-end=\"1429\">Cintur\u00f3n AN-DC19<\/p>\n<\/li>\n<li data-start=\"1430\" data-end=\"1449\">\n<p data-start=\"1432\" data-end=\"1449\">USB Cable UC-E24<\/p>\n<\/li>\n<li data-start=\"1450\" data-end=\"1458\">\n<p data-start=\"1452\" data-end=\"1458\">Manual<\/p>\n<\/li>\n<\/ul>\n<h3 data-start=\"1465\" data-end=\"1478\">Descripci\u00f3n<\/h3>\n<h3 data-start=\"929\" data-end=\"944\" style=\"color: rgb(0, 0, 0);\"><iframe loading=\"lazy\" frameborder=\"0\" src=\"https:\/\/www.youtube.com\/embed\/VgRQzPR039k\" width=\"640\" height=\"360\" class=\"note-video-clip\" referrerpolicy=\"strict-origin-when-cross-origin\"><\/iframe><\/h3>\n<p data-start=\"1480\" data-end=\"1751\">El <strong data-start=\"1482\" data-end=\"1511\">NIKON Z5 II + 24-70mm f\/4<\/strong> ofrece una potente combinaci\u00f3n de rendimiento y portabilidad. El sensor <strong data-start=\"1584\" data-end=\"1608\">de fotograma completo de 24,5 MP<\/strong> combinado con el procesador <strong data-start=\"1631\" data-end=\"1643\">EXPEED 7<\/strong> garantiza una calidad de imagen superior con un excelente rendimiento ISO alto y una excelente latitud din\u00e1mica. <\/p>\n<p data-start=\"1753\" data-end=\"2022\"><strong data-start=\"1764\" data-end=\"1776\">El video 6K a 30p<\/strong> y <strong data-start=\"1779\" data-end=\"1791\">4K a 60p<\/strong> ofrece calidad cinematogr\u00e1fica, con libertad creativa para c\u00e1mara lenta y recorte en posproducci\u00f3n. El enfoque autom\u00e1tico h\u00edbrido de 299 puntos, la detecci\u00f3n de ojos y animales, garantiza precisi\u00f3n y velocidad para capturar momentos decisivos. <\/p>\n<p data-start=\"2024\" data-end=\"2406\">El objetivo <strong data-start=\"2035\" data-end=\"2061\">NIKKOR Z 24-70mm f\/4 <\/strong> incluido es ideal para una amplia gama de situaciones, desde retratos hasta paisajes, con un dise\u00f1o retr\u00e1ctil y ligero que no compromete la calidad \u00f3ptica. Cuenta con elementos asf\u00e9ricos y ED que reducen las aberraciones, recubrimientos avanzados para minimizar los reflejos y una construcci\u00f3n resistente a la intemperie con diafragma redondeado de 7 hojas para un bokeh suave. <\/p>\n<p data-start=\"2408\" data-end=\"2579\">El robusto cuerpo de aleaci\u00f3n de magnesio sellado contra el polvo y la humedad, y el visor electr\u00f3nico OLED de alta definici\u00f3n hacen que la experiencia de disparo sea intuitiva y profesional.<\/p>\n<h3 data-start=\"2586\" data-end=\"2613\">Especificaciones t\u00e9cnicas<\/h3>\n<p><b>EAN: 8431016200016<\/b><\/p>\n<p><b>Referencia: <\/b><font face=\"Montserrat, sans-serif\"><b>VOA170K001<\/b><\/font><\/p>\n<p data-start=\"2615\" data-end=\"2642\"><strong data-start=\"2615\" data-end=\"2640\">C\u00e1mara Nikon Z5 II:<\/strong><\/p>\n<ul data-start=\"2643\" data-end=\"3245\">\n<li data-start=\"2643\" data-end=\"2681\">\n<p data-start=\"2645\" data-end=\"2681\"><strong data-start=\"2645\" data-end=\"2656\">Sensor:<\/strong> CMOS de fotograma completo de 24,5 MP<\/p>\n<\/li>\n<li data-start=\"2682\" data-end=\"2711\">\n<p data-start=\"2684\" data-end=\"2711\"><strong data-start=\"2684\" data-end=\"2700\">Procesador:<\/strong> EXPUESTO 7<\/p>\n<\/li>\n<li data-start=\"2712\" data-end=\"2737\">\n<p data-start=\"2714\" data-end=\"2737\"><strong data-start=\"2714\" data-end=\"2727\">Montura:<\/strong> Nikon Z<\/p>\n<\/li>\n<li data-start=\"2738\" data-end=\"2783\">\n<p data-start=\"2740\" data-end=\"2783\"><strong data-start=\"2740\" data-end=\"2762\">Grabaci\u00f3n de video:<\/strong> 6K a 30p, 4K a 60p<\/p>\n<\/li>\n<li data-start=\"2784\" data-end=\"2832\">\n<p data-start=\"2786\" data-end=\"2832\"><strong data-start=\"2786\" data-end=\"2794\">ISO:<\/strong> 100\u201351,200 (ampliable a 102,400)<\/p>\n<\/li>\n<li data-start=\"2833\" data-end=\"2879\">\n<p data-start=\"2835\" data-end=\"2879\"><strong data-start=\"2835\" data-end=\"2853\">Estabilizaci\u00f3n:<\/strong> VR de 5 ejes incorporado<\/p>\n<\/li>\n<li data-start=\"2880\" data-end=\"2935\">\n<p data-start=\"2882\" data-end=\"2935\"><strong data-start=\"2882\" data-end=\"2897\">Sistema AF:<\/strong> 299 puntos, detecci\u00f3n de ojos y animales<\/p>\n<\/li>\n<li data-start=\"2936\" data-end=\"2971\">\n<p data-start=\"2938\" data-end=\"2971\"><strong data-start=\"2938\" data-end=\"2959\">Disparo continuo:<\/strong> Hasta 7 fps<\/p>\n<\/li>\n<li data-start=\"2972\" data-end=\"3025\">\n<p data-start=\"2974\" data-end=\"3025\"><strong data-start=\"2974\" data-end=\"2995\">Visor:<\/strong> OLED 3,69 millones de puntos<\/p>\n<\/li>\n<li data-start=\"3026\" data-end=\"3069\">\n<p data-start=\"3028\" data-end=\"3069\"><strong data-start=\"3028\" data-end=\"3037\">Pantalla:<\/strong> LCD t\u00e1ctil inclinable de 3,2&#8243;<\/p>\n<\/li>\n<li data-start=\"3070\" data-end=\"3109\">\n<p data-start=\"3072\" data-end=\"3109\"><strong data-start=\"3072\" data-end=\"3092\">Ranuras para tarjetas:<\/strong> 2x SD (UHS-II)<\/p>\n<\/li>\n<li data-start=\"3110\" data-end=\"3149\">\n<p data-start=\"3112\" data-end=\"3149\"><strong data-start=\"3112\" data-end=\"3130\">Conectividad:<\/strong> Wi-Fi, Bluetooth<\/p>\n<\/li>\n<li data-start=\"3150\" data-end=\"3197\">\n<p data-start=\"3152\" data-end=\"3197\"><strong data-start=\"3152\" data-end=\"3166\">Dimensiones:<\/strong> Aprox. 134 x 100,5 x 69,5 mm <\/p>\n<\/li>\n<li data-start=\"3198\" data-end=\"3245\">\n<p data-start=\"3200\" data-end=\"3245\"><strong data-start=\"3200\" data-end=\"3209\">Peso:<\/strong> Aprox. 675 g (con bater\u00eda y tarjeta) <\/p>\n<\/li>\n<\/ul>\n<p data-start=\"3247\" data-end=\"3293\"><strong data-start=\"3247\" data-end=\"3291\">Nikon NIKKOR Z 24-70mm f\/4 \u2013 Objetivo:<\/strong><\/p>\n<ul data-start=\"3294\" data-end=\"3892\">\n<li data-start=\"3294\" data-end=\"3312\">\n<p data-start=\"3296\" data-end=\"3312\"><strong data-start=\"3296\" data-end=\"3304\">Color:<\/strong> Negro<\/p>\n<\/li>\n<li data-start=\"3313\" data-end=\"3348\">\n<p data-start=\"3315\" data-end=\"3348\"><strong data-start=\"3315\" data-end=\"3335\">Distancia focal:<\/strong> 24 a 70 mm<\/p>\n<\/li>\n<li data-start=\"3349\" data-end=\"3395\">\n<p data-start=\"3351\" data-end=\"3395\"><strong data-start=\"3351\" data-end=\"3364\">Apertura:<\/strong> f\/4 (m\u00e1ximo)&nbsp;<\/p>\n<\/li>\n<li data-start=\"3396\" data-end=\"3430\">\n<p data-start=\"3398\" data-end=\"3430\"><strong data-start=\"3398\" data-end=\"3420\">Montura de lente:<\/strong> Nikon Z<\/p>\n<\/li>\n<li data-start=\"3431\" data-end=\"3476\">\n<p data-start=\"3433\" data-end=\"3476\"><strong data-start=\"3433\" data-end=\"3458\">Cobertura de formato:<\/strong> Fotograma completo (FX)<\/p>\n<\/li>\n<li data-start=\"3477\" data-end=\"3515\">\n<p data-start=\"3479\" data-end=\"3515\"><strong data-start=\"3479\" data-end=\"3499\">\u00c1ngulo de visi\u00f3n:<\/strong> 84\u00b0 a 34\u00b0 20&#8242;<\/p>\n<\/li>\n<li data-start=\"3516\" data-end=\"3558\">\n<p data-start=\"3518\" data-end=\"3558\"><strong data-start=\"3518\" data-end=\"3550\">Distancia m\u00ednima de enfoque:<\/strong> 30 cm<\/p>\n<\/li>\n<li data-start=\"3559\" data-end=\"3608\">\n<p data-start=\"3561\" data-end=\"3608\"><strong data-start=\"3561\" data-end=\"3575\">Aumento:<\/strong> 0,3x (reproducci\u00f3n macro 1:3,33)<\/p>\n<\/li>\n<li data-start=\"3609\" data-end=\"3656\">\n<p data-start=\"3611\" data-end=\"3656\"><strong data-start=\"3611\" data-end=\"3628\">Dise\u00f1o \u00f3ptico:<\/strong> 14 elementos en 11 grupos<\/p>\n<\/li>\n<li data-start=\"3657\" data-end=\"3702\">\n<p data-start=\"3659\" data-end=\"3702\"><strong data-start=\"3659\" data-end=\"3684\">Hojas de diafragma:<\/strong> 7, redondeadas<\/p>\n<\/li>\n<li data-start=\"3703\" data-end=\"3759\">\n<p data-start=\"3705\" data-end=\"3759\"><strong data-start=\"3705\" data-end=\"3722\">Tipo de enfoque:<\/strong> Autom\u00e1tico (AF con motor paso a paso)<\/p>\n<\/li>\n<li data-start=\"3760\" data-end=\"3793\">\n<p data-start=\"3762\" data-end=\"3793\"><strong data-start=\"3762\" data-end=\"3780\">Estabilizaci\u00f3n:<\/strong> No tiene<\/p>\n<\/li>\n<li data-start=\"3794\" data-end=\"3836\">\n<p data-start=\"3796\" data-end=\"3836\"><strong data-start=\"3796\" data-end=\"3818\">Tama\u00f1o del filtro:<\/strong> 72 mm (frontal)<\/p>\n<\/li>\n<li data-start=\"3837\" data-end=\"3874\">\n<p data-start=\"3839\" data-end=\"3874\"><strong data-start=\"3839\" data-end=\"3853\">Dimensiones:<\/strong> \u00f8 77,5 x L 88,5 mm<\/p>\n<\/li>\n<li data-start=\"3875\" data-end=\"3892\">\n<p data-start=\"3877\" data-end=\"3892\"><strong data-start=\"3877\" data-end=\"3886\">Peso:<\/strong> 500 g<\/p>\n<\/li>\n<\/ul>\n<h3 data-start=\"3899\" data-end=\"3912\">Embalaje<\/h3>\n<ul data-start=\"3914\" data-end=\"3992\">\n<li data-start=\"3914\" data-end=\"3964\">\n<p data-start=\"3916\" data-end=\"3964\">Dimensiones del paquete: aprox. 21 x 18 x 16 cm <\/p>\n<\/li>\n<li data-start=\"3965\" data-end=\"3992\">\n<p data-start=\"3967\" data-end=\"3992\">Peso bruto: aprox. 1,4 kg <\/p>\n<\/li>\n<\/ul>\n<h3 data-start=\"3999\" data-end=\"4025\">Informaci\u00f3n adicional<\/h3>\n<p data-start=\"4027\" data-end=\"4156\"><b>Im\u00e1genes ilustrativas. Equipo adicional no incluido. Consulte el contenido y las especificaciones del paquete para obtener m\u00e1s detalles.  <\/b><\/p>\n","protected":false},"excerpt":{"rendered":"<p>NIKON Z5 II + Z 24-70 F\/4 C\u00e1mara sin espejo Nikon Z5 II + lente Nikon NIKKOR Z 24-70mm f\/4<\/p>\n","protected":false},"featured_media":38778,"comment_status":"closed","ping_status":"closed","template":"","meta":{"_acf_changed":false},"product_brand":[2541],"product_cat":[932],"product_tag":[],"class_list":{"0":"post-82321","1":"product","2":"type-product","3":"status-publish","4":"has-post-thumbnail","6":"product_brand-nikon-es","7":"product_cat-mirrorless-es","8":"pa_cartoes-memoria-compativeis-sd-es","9":"pa_cor-negro","10":"pa_estabilizacao-de-imagem-si","11":"pa_iso-64000-es","12":"pa_montagem-nikon-z-es","13":"pa_resolucao-de-video-4k-es","14":"pa_resolucao-mp-24-mp-es","15":"pa_sensor-fotograma-completo","16":"pa_tamanho-resolucao-lcd-3-2-2-1m-puntos","17":"pa_tipo-de-lcd-totalmente-articulada","19":"first","20":"onbackorder","21":"taxable","22":"shipping-taxable","23":"purchasable","24":"product-type-simple"},"bundled_by":[],"bundle_stock_status":"onbackorder","bundle_stock_quantity":null,"bundle_virtual":false,"bundle_layout":"","bundle_add_to_cart_form_location":"","bundle_editable_in_cart":false,"bundle_sold_individually_context":"","bundle_item_grouping":"","bundle_min_size":"","bundle_max_size":"","bundle_price":[],"bundled_items":[],"bundle_sell_ids":[],"acf":[],"_links":{"self":[{"href":"https:\/\/hi-techwonder.com\/es\/wp-json\/wp\/v2\/product\/82321","targetHints":{"allow":["GET"]}}],"collection":[{"href":"https:\/\/hi-techwonder.com\/es\/wp-json\/wp\/v2\/product"}],"about":[{"href":"https:\/\/hi-techwonder.com\/es\/wp-json\/wp\/v2\/types\/product"}],"replies":[{"embeddable":true,"href":"https:\/\/hi-techwonder.com\/es\/wp-json\/wp\/v2\/comments?post=82321"}],"wp:featuredmedia":[{"embeddable":true,"href":"https:\/\/hi-techwonder.com\/es\/wp-json\/wp\/v2\/media\/38778"}],"wp:attachment":[{"href":"https:\/\/hi-techwonder.com\/es\/wp-json\/wp\/v2\/media?parent=82321"}],"wp:term":[{"taxonomy":"product_brand","embeddable":true,"href":"https:\/\/hi-techwonder.com\/es\/wp-json\/wp\/v2\/product_brand?post=82321"},{"taxonomy":"product_cat","embeddable":true,"href":"https:\/\/hi-techwonder.com\/es\/wp-json\/wp\/v2\/product_cat?post=82321"},{"taxonomy":"product_tag","embeddable":true,"href":"https:\/\/hi-techwonder.com\/es\/wp-json\/wp\/v2\/product_tag?post=82321"}],"curies":[{"name":"wp","href":"https:\/\/api.w.org\/{rel}","templated":true}]}}