{"id":82328,"date":"2025-07-29T00:20:21","date_gmt":"2025-07-29T00:20:21","guid":{"rendered":"https:\/\/hi-techwonder.com\/product\/fujifilm-x-m5-negro-xc-15-45-mm-f-3-5-5-6\/"},"modified":"2025-09-19T11:43:50","modified_gmt":"2025-09-19T11:43:50","slug":"fujifilm-x-m5-negro-xc-15-45-mm-f-3-5-5-6","status":"publish","type":"product","link":"https:\/\/hi-techwonder.com\/es\/producto\/fujifilm-x-m5-negro-xc-15-45-mm-f-3-5-5-6\/","title":{"rendered":"FUJIFILM X-M5 Negro + XC 15-45 mm f\/3.5-5.6"},"content":{"rendered":"<p><b>FUJIFILM X-M5 Black + XC 15-45mm f\/3.5-5.6, c\u00e1mara compacta sin espejo para fotograf\u00eda y video creativos<\/b><\/p>\n<p><strong>Funciones<\/strong><\/p>\n<ul>\n<li><strong>Sensor CMOS APS-C X-Trans 4 de 26.1MP<\/strong>: Sensor retroiluminado que ofrece im\u00e1genes de alta resoluci\u00f3n con una reproducci\u00f3n precisa del color y un excelente rendimiento con poca luz al tiempo que minimiza el ruido.<\/li>\n<li><strong>Procesamiento asistido por IA<\/strong>: Los algoritmos avanzados de inteligencia artificial mejoran el rendimiento del enfoque autom\u00e1tico y el procesamiento de im\u00e1genes al optimizar la precisi\u00f3n y la velocidad.<\/li>\n<li><strong>Grabaci\u00f3n de video interna de 6.2K \/ 30p de 10 bits<\/strong>: permite grabaciones de alta calidad con colores ricos y detallados adecuados para la producci\u00f3n de contenido profesional.<\/li>\n<li><strong>Enfoque autom\u00e1tico de 425 puntos con detecci\u00f3n de sujetos basada en IA<\/strong>: el sistema de enfoque avanzado reconoce y rastrea rostros, animales y otros objetos de manera precisa y r\u00e1pida.<\/li>\n<li><strong>Disparo continuo de hasta 30 fps con recorte de 1,25x<\/strong>: Ideal para capturar escenas de alta velocidad con la m\u00e1xima claridad.<\/li>\n<li><strong>Compatible con lentes de la serie X<\/strong>: compatibilidad total con la l\u00ednea de lentes X de Fujifilm, que ofrece versatilidad para diferentes tipos de fotograf\u00eda.<\/li>\n<li><strong>Pantalla t\u00e1ctil LCD inclinable de 3,0&#8243; con 1,04 millones de puntos<\/strong>: Pantalla de alta resoluci\u00f3n que facilita la visualizaci\u00f3n de im\u00e1genes y la navegaci\u00f3n por los ajustes de la c\u00e1mara.<\/li>\n<li><strong>Ranura para tarjetas SD\/SDHC\/SDXC<\/strong>: Compatible con tarjetas de alta capacidad para un almacenamiento eficiente de fotos y videos.<\/li>\n<li><strong>Conectividad Wi-Fi y Bluetooth<\/strong>: Transfiera im\u00e1genes de forma inal\u00e1mbrica y controle la c\u00e1mara de forma remota a trav\u00e9s de dispositivos m\u00f3viles.<\/li>\n<\/ul>\n<p><strong>Contenido del paquete<\/strong><\/p>\n<ul>\n<li>1 ud. Cuerpo de c\u00e1mara FUJI X-M5 (negro) <\/li>\n<li>1 ud. Lente FUJIFILM XC 15-45 mm <\/li>\n<li>1 ud. Bater\u00eda de iones de litio NP-W126S <\/li>\n<li>1 ud. Correa para el hombro <\/li>\n<li>1 ud. Tapa del cuerpo <\/li>\n<li>1 ud. Tapa del objetivo <\/li>\n<li>1 ud. Manual de usuario <\/li>\n<\/ul>\n<p><strong>Descripci\u00f3n<\/strong><br \/>\n<br \/>La FUJIFILM X-M5 es una c\u00e1mara sin espejo compacta y altamente port\u00e1til con un cuerpo elegante y liviano, lo que la convierte en la elecci\u00f3n perfecta para los fot\u00f3grafos que necesitan un dispositivo vers\u00e1til sin comprometer la calidad de la imagen. Equipado con el sensor CMOS APS-C X-Trans 4 de 26,1 MP y el X-Processor 5, este modelo es capaz de capturar im\u00e1genes con colores vibrantes, una claridad incre\u00edble y un alto nivel de detalle. El dise\u00f1o retroiluminado del sensor minimiza el ruido y mejora el rendimiento en situaciones de poca luz.  <\/p>\n<p>La c\u00e1mara tambi\u00e9n est\u00e1 dise\u00f1ada para la grabaci\u00f3n de video de calidad profesional, compatible con video 6.2K \/ 30p y video interno de 10 bits. Ideal para creadores de contenido, ofrece una experiencia fluida y profesional para producir videos y fotograf\u00edas de alta calidad. <\/p>\n<p>El sistema de enfoque autom\u00e1tico asistido por IA puede rastrear e identificar una amplia gama de sujetos, desde personas y animales hasta objetos en movimiento, con alta precisi\u00f3n. La X-M5 tambi\u00e9n admite modos de disparo continuo r\u00e1pido, que alcanzan hasta 30 fps, lo que le permite capturar escenas de acci\u00f3n con claridad y detalle. <\/p>\n<p>Adem\u00e1s, la simulaci\u00f3n de pel\u00edcula de Fujifilm le permite aplicar hasta 20 estilos de color inspirados en la pel\u00edcula anal\u00f3gica cl\u00e1sica directamente a fotos y videos, lo que brinda una mayor flexibilidad creativa. La pantalla LCD inclinable de 3.0 pulgadas con toque facilita la navegaci\u00f3n a trav\u00e9s de la configuraci\u00f3n de la c\u00e1mara y la revisi\u00f3n de las im\u00e1genes capturadas. <\/p>\n<p>Con un peso de solo 355 g, la X-M5 es una de las c\u00e1maras m\u00e1s ligeras de la serie X, que ofrece una soluci\u00f3n pr\u00e1ctica para fot\u00f3grafos y vide\u00f3grafos en movimiento.<\/p>\n<p><strong>Especificaciones t\u00e9cnicas<\/strong><\/p>\n<ul>\n<li><strong>Sensor<\/strong>: APS-C X-Trans 4 CMOS, 26,1 MP, retroiluminado.<\/li>\n<li><strong>Procesador de imagen<\/strong>: X-Processor 5 con inteligencia artificial.<\/li>\n<li><strong>Enfoque autom\u00e1tico<\/strong>: 425 puntos con IA, detecci\u00f3n de objetos y seguimiento avanzado.<\/li>\n<li><strong>Grabaci\u00f3n de video<\/strong>:\n<ul>\n<li>6,2K (6240 x 4160) hasta 29,97p.<\/li>\n<li>4K\/DCI 4K (4096 x 2160) hasta 60p.<\/li>\n<li>Full HD (1920 x 1080) hasta 240p.<\/li>\n<\/ul>\n<\/li>\n<li><strong>Sensibilidad ISO<\/strong>: ISO160 ~ 12800 (ampliable hasta ISO51200).<\/li>\n<li><strong>Velocidad de obturaci\u00f3n<\/strong>:\n<ul>\n<li>Mec\u00e1nica: 30 segundos a 1\/4000 segundos.<\/li>\n<li>Electr\u00f3nica: 30 segundos a 1\/32000 segundos<\/li>\n<\/ul>\n<\/li>\n<li><strong>Conectividad<\/strong>: Wi-Fi IEEE802.11b\/g\/n, Bluetooth 4.2, USB-C, HDMI Micro Tipo D, conector de micr\u00f3fono y conector para auriculares de 3,5 mm.<\/li>\n<li><strong>Pantalla LCD<\/strong>: 3.0 pulgadas, inclinable, con una resoluci\u00f3n de 1.04 millones de puntos.<\/li>\n<li><strong>Bater\u00eda<\/strong>: NP-W126S, con autonom\u00eda de hasta 440 fotos y hasta 65 minutos de grabaci\u00f3n de v\u00eddeo en 6.2K.<\/li>\n<li><strong>Peso<\/strong>: Aprox. 355 g (con bater\u00eda y tarjeta). <\/li>\n<li><strong>Dimensiones<\/strong>: 121,3 mm x 83,3 mm x 45,9 mm (largo x ancho x alto).<\/li>\n<\/ul>\n<p><strong>Embalaje<\/strong><\/p>\n<ul>\n<li><strong>Dimensiones del cuerpo<\/strong>: 121,3 mm x 83,3 mm x 45,9 mm<\/li>\n<li><strong>Peso con bater\u00eda y tarjeta<\/strong>: aprox. 355 g<\/li>\n<\/ul>\n<p><strong>Informaci\u00f3n adicional<\/strong><br \/>\n<br \/>Nota: Im\u00e1genes ilustrativas. Equipo ilustrativo no incluido. Consulte el contenido y las especificaciones del paquete para obtener m\u00e1s detalles.  <\/p>\n","protected":false},"excerpt":{"rendered":"<p>FUJIFILM X-M5 Black + XC 15-45mm f\/3.5-5.6, c\u00e1mara compacta sin espejo para fotograf\u00eda y video creativos Funciones Sensor CMOS APS-C<\/p>\n","protected":false},"featured_media":38144,"comment_status":"closed","ping_status":"closed","template":"","meta":{"_acf_changed":false},"product_brand":[2539],"product_cat":[932],"product_tag":[],"class_list":{"0":"post-82328","1":"product","2":"type-product","3":"status-publish","4":"has-post-thumbnail","6":"product_brand-fujifilm-es","7":"product_cat-mirrorless-es","8":"pa_cartoes-memoria-compativeis-sd-es","9":"pa_cor-negro","10":"pa_estabilizacao-de-imagem-si-digital","11":"pa_iso-12800-es","12":"pa_montagem-fujifilm-x-es","13":"pa_resolucao-de-video-6-2k-es","14":"pa_resolucao-mp-262-mp","15":"pa_sensor-aps-c-es","16":"pa_tamanho-resolucao-lcd-3-0-1-04m-puntos","17":"pa_tipo-de-lcd-totalmente-articulada","19":"first","20":"onbackorder","21":"taxable","22":"shipping-taxable","23":"purchasable","24":"product-type-simple"},"bundled_by":[],"bundle_stock_status":"onbackorder","bundle_stock_quantity":null,"bundle_virtual":false,"bundle_layout":"","bundle_add_to_cart_form_location":"","bundle_editable_in_cart":false,"bundle_sold_individually_context":"","bundle_item_grouping":"","bundle_min_size":"","bundle_max_size":"","bundle_price":[],"bundled_items":[],"bundle_sell_ids":[],"acf":[],"_links":{"self":[{"href":"https:\/\/hi-techwonder.com\/es\/wp-json\/wp\/v2\/product\/82328","targetHints":{"allow":["GET"]}}],"collection":[{"href":"https:\/\/hi-techwonder.com\/es\/wp-json\/wp\/v2\/product"}],"about":[{"href":"https:\/\/hi-techwonder.com\/es\/wp-json\/wp\/v2\/types\/product"}],"replies":[{"embeddable":true,"href":"https:\/\/hi-techwonder.com\/es\/wp-json\/wp\/v2\/comments?post=82328"}],"wp:featuredmedia":[{"embeddable":true,"href":"https:\/\/hi-techwonder.com\/es\/wp-json\/wp\/v2\/media\/38144"}],"wp:attachment":[{"href":"https:\/\/hi-techwonder.com\/es\/wp-json\/wp\/v2\/media?parent=82328"}],"wp:term":[{"taxonomy":"product_brand","embeddable":true,"href":"https:\/\/hi-techwonder.com\/es\/wp-json\/wp\/v2\/product_brand?post=82328"},{"taxonomy":"product_cat","embeddable":true,"href":"https:\/\/hi-techwonder.com\/es\/wp-json\/wp\/v2\/product_cat?post=82328"},{"taxonomy":"product_tag","embeddable":true,"href":"https:\/\/hi-techwonder.com\/es\/wp-json\/wp\/v2\/product_tag?post=82328"}],"curies":[{"name":"wp","href":"https:\/\/api.w.org\/{rel}","templated":true}]}}