{"id":82345,"date":"2025-07-29T00:17:27","date_gmt":"2025-07-29T00:17:27","guid":{"rendered":"https:\/\/hi-techwonder.com\/product\/peak-design-bolsa-bpc-s-rw-1-cubo-de-embalaje-pequeno-crudo-gris\/"},"modified":"2026-01-29T11:08:20","modified_gmt":"2026-01-29T11:08:20","slug":"peak-design-bolsa-bpc-s-rw-1-cubo-de-embalaje-pequeno-crudo-gris","status":"publish","type":"product","link":"https:\/\/hi-techwonder.com\/es\/producto\/peak-design-bolsa-bpc-s-rw-1-cubo-de-embalaje-pequeno-crudo-gris\/","title":{"rendered":"PEAK DESIGN Bolsa BPC-S-RW-1 Cubo de embalaje peque\u00f1o (crudo) Gris"},"content":{"rendered":"<p><strong>PEAK DESIGN Bolsa BPC-S-RW-1 Cubo de embalaje peque\u00f1o crudo<\/strong><\/p>\n<p><strong>Funciones<\/strong><\/p>\n<ul>\n<li>Organizador de viaje compresible<\/li>\n<li>Capa exterior de nailon 70D Ripstop\/Poly<\/li>\n<li>Cierre de cremallera \u00fanico que se rasga<\/li>\n<li>Divisor interno ajustable<\/li>\n<li>Compartimentos expandibles<\/li>\n<\/ul>\n<p><strong>Contenido del paquete<\/strong><\/p>\n<ul>\n<li>Cubo de embalaje Peak Design (peque\u00f1o, crudo)<\/li>\n<li>&nbsp;<\/li>\n<\/ul>\n<p>Descripci\u00f3n; Cubo de embalaje peque\u00f1o, (crudo)<\/p>\n<p><iframe loading=\"lazy\" style=\"min-height: 500px; width: 100%; height: auto;\" src=\"https:\/\/www.youtube.com\/embed\/-QhiDDYSFbc?si=t2t2QWEi_KB_gFRs\" width=\"560\" height=\"314\" allowfullscreen=\"allowfullscreen\"><\/iframe><\/p>\n<p>Video: Cubos de almacenamiento: la clave para viajar como un adulto<\/p>\n<ul>\n<li style=\"text-align: justify;\">Comprimible, de f\u00e1cil acceso y divisible al instante, el peque\u00f1o Peak Design Packing Cube en bruto es funcional y est\u00e9ticamente agradable. La cremallera desmontable \u00fanica le permite acceder r\u00e1pidamente a su contenido y un divisor interno ajustable le permite mantener la ropa limpia y sucia separada, lo que permite que cada compartimento se expanda o contraiga en funci\u00f3n de su contenido. Un cierre de expansi\u00f3n\/compresi\u00f3n proporciona espacio adicional, as\u00ed como la capacidad de comprimir el contenido una vez empacado. La capa exterior est\u00e1 hecha de una hermosa mezcla de nylon 70D y poli\u00e9ster que es autorreparable y resistente al desgarro y a la intemperie. El cubo de embalaje est\u00e1 dise\u00f1ado para usarse en cualquier maleta o bolso, pero tiene el tama\u00f1o perfecto para caber perfectamente en cualquier bolso de la l\u00ednea de viaje de Peak Design.    <\/li>\n<\/ul>\n<ul>\n<li>Abertura principal desmontable para un acceso r\u00e1pido al contenido<\/li>\n<li>El divisor ajustable separa la ropa limpia de la sucia<\/li>\n<li>La cremallera de expansi\u00f3n\/compresi\u00f3n proporciona espacio adicional, adem\u00e1s de la capacidad de comprimir el contenido una vez embalado<\/li>\n<li>Apertura secundaria mediante cremallera recta para guardar la ropa sucia<\/li>\n<li>Asas superiores e inferiores para facilitar la apertura<\/li>\n<li>Carcasa de nailon\/poli\u00e9ster 70D ultraligero, 100% reciclado y resistente a la intemperie con revestimiento resistente a la abrasi\u00f3n y al desgarro<\/li>\n<\/ul>\n<p><strong>La mejor manera de organizarse<\/strong><\/p>\n<ul>\n<li>Admitiendo que puede ser presuntuoso de nuestra parte, pero los Packing Cubes son \u00ablos mejores\u00bb. Con zonas de almacenamiento duales, UltraZips, expansi\u00f3n\/compresi\u00f3n y carcasas recicladas 100% autorreparables, son mejores que cualquier otra cosa que hayas encontrado. <\/li>\n<li>La cremallera permite un acceso r\u00e1pido al contenido. El divisor interno le permite separar la ropa limpia y sucia y permite que cada compartimento se expanda o contraiga en funci\u00f3n de su contenido. Adem\u00e1s, esta bolsa ofrece espacio adicional, o la posibilidad de comprimir el contenido una vez embalado. La capa exterior es una mezcla de nailon 70D y poli\u00e9ster autorreparable.   <\/li>\n<li>Esta bolsa est\u00e1 dise\u00f1ada para su uso en cualquier maleta o bolso, y ha sido dimensionada para encajar perfectamente en cualquier bolsa de Peak Design Travel Line.<\/li>\n<\/ul>\n<p><strong>Expande y cumple<\/strong><\/p>\n<ul>\n<li>La cremallera expandible\/compresible proporciona espacio adicional, as\u00ed como la capacidad de comprimir el contenido una vez embalado.<\/li>\n<\/ul>\n<p><strong>Acceso y almacenamiento inteligentes<\/strong><\/p>\n<ul>\n<li>Apertura principal extra\u00edble ultrarr\u00e1pida<\/li>\n<li>Compartimentos dobles para separar la ropa limpia y sucia<\/li>\n<li>El divisor m\u00f3vil ajusta autom\u00e1ticamente el tama\u00f1o de cada compartimento<\/li>\n<li>Asas superior e inferior para facilitar el manejo<\/li>\n<\/ul>\n<p><strong>Uso durante d\u00e9cadas<\/strong><\/p>\n<ul>\n<li>&#8211; 5 UltraZips construidos para soportar d\u00e9cadas de uso gracias al hilo patentado resistente a la abrasi\u00f3n.<\/li>\n<li>Carcasa ultraligera de nailon\/polietileno ripstop 70D resistente a la intemperie<\/li>\n<li>La carcasa de nailon \/ poli\u00e9ster autorreparable cierra autom\u00e1ticamente peque\u00f1os pinchazos y abrasiones<\/li>\n<\/ul>\n<p><strong>Construido de forma sostenible<\/strong><\/p>\n<ul>\n<li>Certificado de Comercio Justo<\/li>\n<li>100% neutro en carbono<\/li>\n<li>Tejido exterior 100% reciclado<\/li>\n<\/ul>\n<p><strong>Caracter\u00edsticas t\u00e9cnicas<\/strong><\/p>\n<div class=\"group_fDXOr6EpR9\" style=\"box-sizing: inherit; outline: none; margin-bottom: 2.1875rem; font-family: OpenSans, 'Segoe UI', Helvetica, Roboto, Arial, sans-serif; font-size: 16px; background-color: #ffffff;\">\n<table class=\"table_fDXOr6EpR9\" style=\"box-sizing: inherit; outline: none; width: 936.65px;\" data-selenium=\"specsItemGroupTable\">\n<tbody style=\"box-sizing: inherit; outline: none;\">\n<tr class=\"pair_KqJ3Q3GPKv\" style=\"box-sizing: inherit; outline: none; border-bottom: 0.0625rem solid #e5e5e5;\" data-selenium=\"specsItemGroupTableRow\">\n<td class=\"label_KqJ3Q3GPKv firstSpecWhenNoGroupName_KqJ3Q3GPKv\" style=\"box-sizing: inherit; outline: none; border-top: none; padding: 0px 0px 1.25rem; width: 355.925px; color: #666666; font-size: 1.125rem; line-height: 1.375rem; vertical-align: baseline;\" data-selenium=\"specsItemGroupTableColumnLabel\">Color<\/td>\n<td class=\"value_KqJ3Q3GPKv firstSpecWhenNoGroupName_KqJ3Q3GPKv\" style=\"box-sizing: inherit; outline: none; color: #666666; font-size: 1.125rem; line-height: 1.375rem; vertical-align: baseline; padding: 0px 0px 1.25rem 2.5rem;\" data-selenium=\"specsItemGroupTableColumnValue\">\n<div class=\"expandableValue_KqJ3Q3GPKv\" style=\"box-sizing: inherit; outline: none;\">Gris<\/div>\n<\/td>\n<\/tr>\n<tr class=\"pair_KqJ3Q3GPKv\" style=\"box-sizing: inherit; outline: none; border-bottom: 0.0625rem solid #e5e5e5;\" data-selenium=\"specsItemGroupTableRow\">\n<td class=\"label_KqJ3Q3GPKv\" style=\"box-sizing: inherit; outline: none; border-top: none; padding: 1.25rem 0px; width: 355.925px; color: #666666; font-size: 1.125rem; line-height: 1.375rem; vertical-align: baseline;\" data-selenium=\"specsItemGroupTableColumnLabel\">Tipo de cierre<\/td>\n<td class=\"value_KqJ3Q3GPKv\" style=\"box-sizing: inherit; outline: none; color: #666666; font-size: 1.125rem; line-height: 1.375rem; vertical-align: baseline; padding: 1.25rem 0px 1.25rem 2.5rem;\" data-selenium=\"specsItemGroupTableColumnValue\">\n<div class=\"expandableValue_KqJ3Q3GPKv\" style=\"box-sizing: inherit; outline: none;\"><span style=\"box-sizing: inherit; outline: none; vertical-align: inherit;\"><span style=\"box-sizing: inherit; outline: none; vertical-align: inherit;\">Cremallera<\/span><\/span><\/div>\n<\/td>\n<\/tr>\n<tr class=\"pair_KqJ3Q3GPKv\" style=\"box-sizing: inherit; outline: none; border-bottom: 0.0625rem solid #e5e5e5;\" data-selenium=\"specsItemGroupTableRow\">\n<td class=\"label_KqJ3Q3GPKv\" style=\"box-sizing: inherit; outline: none; border-top: none; padding: 1.25rem 0px; width: 355.925px; color: #666666; font-size: 1.125rem; line-height: 1.375rem; vertical-align: baseline;\" data-selenium=\"specsItemGroupTableColumnLabel\">Tipo de interior<\/td>\n<td class=\"value_KqJ3Q3GPKv\" style=\"box-sizing: inherit; outline: none; color: #666666; font-size: 1.125rem; line-height: 1.375rem; vertical-align: baseline; padding: 1.25rem 0px 1.25rem 2.5rem;\" data-selenium=\"specsItemGroupTableColumnValue\">\n<div class=\"expandableValue_KqJ3Q3GPKv\" style=\"box-sizing: inherit; outline: none;\"><span style=\"box-sizing: inherit; font-weight: bolder; outline: none;\"><span style=\"box-sizing: inherit; outline: none; vertical-align: inherit;\"><span style=\"box-sizing: inherit; outline: none; vertical-align: inherit;\">Compartimento principal:<\/span><\/span><span style=\"box-sizing: inherit; outline: none; vertical-align: inherit;\"> compartimentos moldeados<\/span><\/span><\/div>\n<\/td>\n<\/tr>\n<tr class=\"pair_KqJ3Q3GPKv\" style=\"box-sizing: inherit; outline: none; border-bottom: 0.0625rem solid #e5e5e5;\" data-selenium=\"specsItemGroupTableRow\">\n<td class=\"label_KqJ3Q3GPKv\" style=\"box-sizing: inherit; outline: none; border-top: none; padding: 1.25rem 0px; width: 355.925px; color: #666666; font-size: 1.125rem; line-height: 1.375rem; vertical-align: baseline;\" data-selenium=\"specsItemGroupTableColumnLabel\">N\u00famero de divisores<\/td>\n<td class=\"value_KqJ3Q3GPKv\" style=\"box-sizing: inherit; outline: none; color: #666666; font-size: 1.125rem; line-height: 1.375rem; vertical-align: baseline; padding: 1.25rem 0px 1.25rem 2.5rem;\" data-selenium=\"specsItemGroupTableColumnValue\">\n<div class=\"expandableValue_KqJ3Q3GPKv\" style=\"box-sizing: inherit; outline: none;\">1<\/div>\n<\/td>\n<\/tr>\n<tr class=\"pair_KqJ3Q3GPKv\" style=\"box-sizing: inherit; outline: none; border-bottom: 0.0625rem solid #e5e5e5;\" data-selenium=\"specsItemGroupTableRow\">\n<td class=\"label_KqJ3Q3GPKv\" style=\"box-sizing: inherit; outline: none; border-top: none; padding: 1.25rem 0px; width: 355.925px; color: #666666; font-size: 1.125rem; line-height: 1.375rem; vertical-align: baseline;\" data-selenium=\"specsItemGroupTableColumnLabel\">Resistencia al agua<\/td>\n<td class=\"value_KqJ3Q3GPKv\" style=\"box-sizing: inherit; outline: none; color: #666666; font-size: 1.125rem; line-height: 1.375rem; vertical-align: baseline; padding: 1.25rem 0px 1.25rem 2.5rem;\" data-selenium=\"specsItemGroupTableColumnValue\">\n<div class=\"expandableValue_KqJ3Q3GPKv\" style=\"box-sizing: inherit; outline: none;\"><span style=\"box-sizing: inherit; outline: none; vertical-align: inherit;\"><span style=\"box-sizing: inherit; outline: none; vertical-align: inherit;\">Resistente al agua (material)<\/span><\/span><\/div>\n<\/td>\n<\/tr>\n<\/tbody>\n<\/table>\n<\/div>\n<div class=\"group_fDXOr6EpR9\" style=\"box-sizing: inherit; outline: none; margin-bottom: 2.1875rem; font-family: OpenSans, 'Segoe UI', Helvetica, Roboto, Arial, sans-serif; font-size: 16px; background-color: #ffffff;\">\n<div class=\"name_fDXOr6EpR9\" style=\"box-sizing: inherit; outline: none; border-bottom: 0.125rem solid #cccccc; color: #3f9a59; font-size: 2rem; line-height: 2rem; padding: 1rem 0px 0.875rem;\" data-selenium=\"specsItemGroupName\">Generalmente<\/div>\n<table class=\"table_fDXOr6EpR9\" style=\"box-sizing: inherit; outline: none; width: 936.65px;\" data-selenium=\"specsItemGroupTable\">\n<tbody style=\"box-sizing: inherit; outline: none;\">\n<tr class=\"pair_KqJ3Q3GPKv\" style=\"box-sizing: inherit; outline: none; border-bottom: 0.0625rem solid #e5e5e5;\" data-selenium=\"specsItemGroupTableRow\">\n<td class=\"label_KqJ3Q3GPKv \" style=\"box-sizing: inherit; outline: none; border-top: none; padding: 1.25rem 0px; width: 355.925px; color: #666666; font-size: 1.125rem; line-height: 1.375rem; vertical-align: baseline;\" data-selenium=\"specsItemGroupTableColumnLabel\">Volumen m\u00e1ximo<\/td>\n<td class=\"value_KqJ3Q3GPKv \" style=\"box-sizing: inherit; outline: none; color: #666666; font-size: 1.125rem; line-height: 1.375rem; vertical-align: baseline; padding: 1.25rem 0px 1.25rem 2.5rem;\" data-selenium=\"specsItemGroupTableColumnValue\">\n<div class=\"expandableValue_KqJ3Q3GPKv\" style=\"box-sizing: inherit; outline: none;\">9 L<\/div>\n<\/td>\n<\/tr>\n<tr class=\"pair_KqJ3Q3GPKv\" style=\"box-sizing: inherit; outline: none; border-bottom: 0.0625rem solid #e5e5e5;\" data-selenium=\"specsItemGroupTableRow\">\n<td class=\"label_KqJ3Q3GPKv\" style=\"box-sizing: inherit; outline: none; border-top: none; padding: 1.25rem 0px; width: 355.925px; color: #666666; font-size: 1.125rem; line-height: 1.375rem; vertical-align: baseline;\" data-selenium=\"specsItemGroupTableColumnLabel\">Materiales<\/td>\n<td class=\"value_KqJ3Q3GPKv\" style=\"box-sizing: inherit; outline: none; color: #666666; font-size: 1.125rem; line-height: 1.375rem; vertical-align: baseline; padding: 1.25rem 0px 1.25rem 2.5rem;\" data-selenium=\"specsItemGroupTableColumnValue\">\n<div class=\"expandableValue_KqJ3Q3GPKv\" style=\"box-sizing: inherit; outline: none;\"><span style=\"box-sizing: inherit; font-weight: bolder; outline: none;\"><span style=\"box-sizing: inherit; outline: none; vertical-align: inherit;\"><span style=\"box-sizing: inherit; outline: none; vertical-align: inherit;\">Exterior:<\/span><\/span><span style=\"box-sizing: inherit; outline: none; vertical-align: inherit;\"> Poli\u00e9ster, nailon ripstop<\/span><\/span><\/div>\n<\/td>\n<\/tr>\n<tr class=\"pair_KqJ3Q3GPKv\" style=\"box-sizing: inherit; outline: none; border-bottom: 0.0625rem solid #e5e5e5;\" data-selenium=\"specsItemGroupTableRow\">\n<td class=\"label_KqJ3Q3GPKv\" style=\"box-sizing: inherit; outline: none; border-top: none; padding: 1.25rem 0px; width: 355.925px; color: #666666; font-size: 1.125rem; line-height: 1.375rem; vertical-align: baseline;\" data-selenium=\"specsItemGroupTableColumnLabel\">Interior acolchado<\/td>\n<td class=\"value_KqJ3Q3GPKv\" style=\"box-sizing: inherit; outline: none; color: #666666; font-size: 1.125rem; line-height: 1.375rem; vertical-align: baseline; padding: 1.25rem 0px 1.25rem 2.5rem;\" data-selenium=\"specsItemGroupTableColumnValue\">\n<div class=\"expandableValue_KqJ3Q3GPKv\" style=\"box-sizing: inherit; outline: none;\">No<\/div>\n<\/td>\n<\/tr>\n<tr class=\"pair_KqJ3Q3GPKv\" style=\"box-sizing: inherit; outline: none; border-bottom: 0.0625rem solid #e5e5e5;\" data-selenium=\"specsItemGroupTableRow\">\n<td class=\"label_KqJ3Q3GPKv\" style=\"box-sizing: inherit; outline: none; border-top: none; padding: 1.25rem 0px; width: 355.925px; color: #666666; font-size: 1.125rem; line-height: 1.375rem; vertical-align: baseline;\" data-selenium=\"specsItemGroupTableColumnLabel\">Dimensiones<\/td>\n<td class=\"value_KqJ3Q3GPKv\" style=\"box-sizing: inherit; outline: none; color: #666666; font-size: 1.125rem; line-height: 1.375rem; vertical-align: baseline; padding: 1.25rem 0px 1.25rem 2.5rem;\" data-selenium=\"specsItemGroupTableColumnValue\">\n<div class=\"expandableValue_KqJ3Q3GPKv\" style=\"box-sizing: inherit; outline: none;\"><span style=\"box-sizing: inherit; font-weight: bolder; outline: none;\"><span style=\"box-sizing: inherit; outline: none; vertical-align: inherit;\"><span style=\"box-sizing: inherit; outline: none; vertical-align: inherit;\">Exterior<\/span><\/span><br style=\"box-sizing: inherit; outline: none;\"><span style=\"box-sizing: inherit; outline: none; vertical-align: inherit;\">&nbsp;32 x 17 x 17 cm (<strong>expandido<\/strong>)<\/span><br style=\"box-sizing: inherit; outline: none;\"><\/span><\/div>\n<\/td>\n<\/tr>\n<tr class=\"pair_KqJ3Q3GPKv\" style=\"box-sizing: inherit; outline: none; border-bottom: 0.0625rem solid #e5e5e5;\" data-selenium=\"specsItemGroupTableRow\">\n<td class=\"label_KqJ3Q3GPKv\" style=\"box-sizing: inherit; outline: none; border-top: none; padding: 1.25rem 0px; width: 355.925px; color: #666666; font-size: 1.125rem; line-height: 1.375rem; vertical-align: baseline;\" data-selenium=\"specsItemGroupTableColumnLabel\">Peso<\/td>\n<td class=\"value_KqJ3Q3GPKv\" style=\"box-sizing: inherit; outline: none; color: #666666; font-size: 1.125rem; line-height: 1.375rem; vertical-align: baseline; padding: 1.25rem 0px 1.25rem 2.5rem;\" data-selenium=\"specsItemGroupTableColumnValue\">\n<div class=\"expandableValue_KqJ3Q3GPKv\" style=\"box-sizing: inherit; outline: none;\">113 gramos<\/div>\n<\/td>\n<\/tr>\n<\/tbody>\n<\/table>\n<\/div>\n<div class=\"group_fDXOr6EpR9\" style=\"box-sizing: inherit; outline: none; margin-bottom: 2.1875rem; font-family: OpenSans, 'Segoe UI', Helvetica, Roboto, Arial, sans-serif; font-size: 16px; background-color: #ffffff;\">\n<div class=\"name_fDXOr6EpR9\" style=\"box-sizing: inherit; outline: none; border-bottom: 0.125rem solid #cccccc; color: #3f9a59; font-size: 2rem; line-height: 2rem; padding: 1rem 0px 0.875rem;\" data-selenium=\"specsItemGroupName\">Informaci\u00f3n de embalaje<\/div>\n<table class=\"table_fDXOr6EpR9\" style=\"box-sizing: inherit; outline: none; width: 936.65px; height: 44px;\" data-selenium=\"specsItemGroupTable\">\n<tbody style=\"box-sizing: inherit; outline: none;\">\n<tr class=\"pair_KqJ3Q3GPKv\" style=\"box-sizing: inherit; outline: none; border-bottom: 0.0625rem solid #e5e5e5; height: 22px;\" data-selenium=\"specsItemGroupTableRow\">\n<td class=\"label_KqJ3Q3GPKv \" style=\"box-sizing: inherit; outline: none; border-top: none; padding: 1.25rem 0px; width: 355.925px; color: #666666; font-size: 1.125rem; line-height: 1.375rem; vertical-align: baseline; height: 22px;\" data-selenium=\"specsItemGroupTableColumnLabel\">Peso del paquete<\/td>\n<td class=\"value_KqJ3Q3GPKv \" style=\"box-sizing: inherit; outline: none; color: #666666; font-size: 1.125rem; line-height: 1.375rem; vertical-align: baseline; padding: 1.25rem 0px 1.25rem 2.5rem; height: 22px;\" data-selenium=\"specsItemGroupTableColumnValue\">\n<div class=\"expandableValue_KqJ3Q3GPKv\" style=\"box-sizing: inherit; outline: none;\">143 gramos<\/div>\n<\/td>\n<\/tr>\n<tr class=\"pair_KqJ3Q3GPKv\" style=\"box-sizing: inherit; outline: none; border-bottom: 0.0625rem solid #e5e5e5; height: 22px;\" data-selenium=\"specsItemGroupTableRow\">\n<td class=\"label_KqJ3Q3GPKv\" style=\"box-sizing: inherit; outline: none; border-top: none; padding: 1.25rem 0px; width: 355.925px; color: #666666; font-size: 1.125rem; line-height: 1.375rem; vertical-align: baseline; height: 22px;\" data-selenium=\"specsItemGroupTableColumnLabel\">Dimensiones de la caja (LxAxA)<\/td>\n<td class=\"value_KqJ3Q3GPKv\" style=\"box-sizing: inherit; outline: none; color: #666666; font-size: 1.125rem; line-height: 1.375rem; vertical-align: baseline; padding: 1.25rem 0px 1.25rem 2.5rem; height: 22px;\" data-selenium=\"specsItemGroupTableColumnValue\">\n<div class=\"expandableValue_KqJ3Q3GPKv\" style=\"box-sizing: inherit; outline: none;\">22 x 22 x 5 cm<\/div>\n<\/td>\n<\/tr>\n<\/tbody>\n<\/table>\n<\/div>\n","protected":false},"excerpt":{"rendered":"<p>PEAK DESIGN Bolsa BPC-S-RW-1 Cubo de embalaje peque\u00f1o crudo Funciones Organizador de viaje compresible Capa exterior de nailon 70D Ripstop\/Poly<\/p>\n","protected":false},"featured_media":37337,"comment_status":"closed","ping_status":"open","template":"","meta":{"_acf_changed":false},"product_brand":[2640],"product_cat":[908],"product_tag":[],"class_list":{"0":"post-82345","1":"product","2":"type-product","3":"status-publish","4":"has-post-thumbnail","6":"product_brand-peak-design-es","7":"product_cat-organizadores-es","9":"first","10":"instock","11":"taxable","12":"shipping-taxable","13":"purchasable","14":"product-type-simple"},"bundled_by":[],"bundle_stock_status":"instock","bundle_stock_quantity":1,"bundle_virtual":false,"bundle_layout":"","bundle_add_to_cart_form_location":"","bundle_editable_in_cart":false,"bundle_sold_individually_context":"","bundle_item_grouping":"","bundle_min_size":"","bundle_max_size":"","bundle_price":[],"bundled_items":[],"bundle_sell_ids":[],"acf":[],"_links":{"self":[{"href":"https:\/\/hi-techwonder.com\/es\/wp-json\/wp\/v2\/product\/82345","targetHints":{"allow":["GET"]}}],"collection":[{"href":"https:\/\/hi-techwonder.com\/es\/wp-json\/wp\/v2\/product"}],"about":[{"href":"https:\/\/hi-techwonder.com\/es\/wp-json\/wp\/v2\/types\/product"}],"replies":[{"embeddable":true,"href":"https:\/\/hi-techwonder.com\/es\/wp-json\/wp\/v2\/comments?post=82345"}],"wp:featuredmedia":[{"embeddable":true,"href":"https:\/\/hi-techwonder.com\/es\/wp-json\/wp\/v2\/media\/37337"}],"wp:attachment":[{"href":"https:\/\/hi-techwonder.com\/es\/wp-json\/wp\/v2\/media?parent=82345"}],"wp:term":[{"taxonomy":"product_brand","embeddable":true,"href":"https:\/\/hi-techwonder.com\/es\/wp-json\/wp\/v2\/product_brand?post=82345"},{"taxonomy":"product_cat","embeddable":true,"href":"https:\/\/hi-techwonder.com\/es\/wp-json\/wp\/v2\/product_cat?post=82345"},{"taxonomy":"product_tag","embeddable":true,"href":"https:\/\/hi-techwonder.com\/es\/wp-json\/wp\/v2\/product_tag?post=82345"}],"curies":[{"name":"wp","href":"https:\/\/api.w.org\/{rel}","templated":true}]}}