{"id":82363,"date":"2025-07-29T00:03:21","date_gmt":"2025-07-29T00:03:21","guid":{"rendered":"https:\/\/hi-techwonder.com\/product\/funda-digital-10-v3-0-think-tank\/"},"modified":"2026-01-31T03:14:24","modified_gmt":"2026-01-31T03:14:24","slug":"think-tank-funda-digital-10-v3-0-think-tank","status":"publish","type":"product","link":"https:\/\/hi-techwonder.com\/es\/producto\/think-tank-funda-digital-10-v3-0-think-tank\/","title":{"rendered":"Funda Digital 10 V3.0 THINK TANK"},"content":{"rendered":"<p><b>Funda\u00ae Digital 10 V3.0 THINK TANK<\/b><\/p>\n<p>(Asa superior y correa de hombro desmontable)<\/p>\n<p><\/p>\n<p><strong>Funciones<\/strong><\/p>\n<ul>\n<li>Dise\u00f1ado para encajar perfectamente sobre un cuerpo de c\u00e1mara est\u00e1ndar o de concha, con una lente de zoom adjunta<\/li>\n<li>Gran bolsillo frontal con cremallera para accesorios adicionales. Las fundas digitales 30, 50 y 150 tienen un bolsillo adicional con cremallera. <\/li>\n<li>Los modelos con la funci\u00f3n \u00abPop Down\u00bb se extienden para adaptarse al parasol en la posici\u00f3n de disparo o a objetivos m\u00e1s grandes, como un 70-200 mm f\/2.8 con el parasol invertido<\/li>\n<li>Bolsillo con cremallera en la parte superior exterior de la tapa para accesorios<\/li>\n<li>Bolsillo para accesorios debajo de la cubierta para tarjetas de memoria adicionales, tapas de lentes, etc.<\/li>\n<li>&#8211; Accesorio en la parte posterior para la conexi\u00f3n a cualquier cintur\u00f3n o ri\u00f1onera Think Tank, y cinturones de mochila seleccionados<\/li>\n<li>La funda de la funda se abre lejos del cuerpo para mayor comodidad<\/li>\n<li>Divisor interior extra\u00edble y suave para proteger la pantalla LCD de la c\u00e1mara de la correa de la c\u00e1mara<\/li>\n<li>Correa de hombro antideslizante extra\u00edble y cubierta para lluvia con costuras selladas incluidas<\/li>\n<li>Cremalleras YKK\u00ae RC con tiradores para los dedos<\/li>\n<li>Agregue capacidad con riel DIN compatible con la mayor\u00eda de las bolsas modulares Think Tank (excluida la funda digital 5)<\/li>\n<li>Se incluye un divisor para acomodar un cuerpo con dos lentes m\u00e1s peque\u00f1as (excluida la funda digital 5)<\/li>\n<li><\/li>\n<\/ul>\n<p><strong>Contenido del paquete<\/strong><\/p>\n<ul>\n<li>Funda Digital Think Tank 10 V3.0<\/li>\n<li>Correa de hombro extra\u00edble.<\/li>\n<li>Divisor interno extra\u00edble.<\/li>\n<li>Cubierta de lluvia sellada.<\/li>\n<\/ul>\n<p><\/p>\n<p><strong>Descripci\u00f3n<\/strong><\/p>\n<p><strong><br \/><\/strong>\n<\/p>\n<p><iframe loading=\"lazy\" frameborder=\"0\" src=\"https:\/\/www.youtube.com\/embed\/YHlrPH6eOLo\" width=\"640\" height=\"360\"><\/iframe><\/p>\n<p><\/p>\n<ul>\n<li>La serie Digital Holster V3 es el resultado directo de los comentarios que recibimos de los clientes. En respuesta, el equipo de dise\u00f1o de Think Tank ha incorporado nuevas caracter\u00edsticas que aumentan la versatilidad y la funcionalidad. <\/li>\n<li>Hemos mantenido el aspecto limpio y minimalista de la versi\u00f3n original, junto con la innovadora funci\u00f3n \u00abPop Down\u00bb, que permite a los fot\u00f3grafos mantener el parasol en su posici\u00f3n o llevar un teleobjetivo m\u00e1s largo.<\/li>\n<li>Explore los siete tama\u00f1os para seleccionar una funda digital que se adapte al tama\u00f1o espec\u00edfico de su c\u00e1mara y a la distancia focal del objetivo.<\/li>\n<\/ul>\n<p><\/p>\n<p><b>Funda\u00ae Digital 10 V3.0<\/b><\/p>\n<ul>\n<li>Se adapta a un cuerpo compacto m\u00e1s grande con un 24-70 mm f\/4 acoplado con el parasol invertido. Bajado, se adapta a un 24-70 mm f\/2.8 con el parasol invertido. <\/li>\n<li>Ejemplos: una Sony A7, Canon R8 o Nikon Z6 \/ Z7, o Fuji X-T5 con un 24-70 mm f \/ 4 adjunto.<\/li>\n<\/ul>\n<p><\/p>\n<p style=\"text-align: center\">&nbsp;<\/p>\n<p><\/p>\n<p><strong>Especificaciones t\u00e9cnicas<\/strong><\/p>\n<ul>\n<li>Color: Negro.<\/li>\n<li>Opciones de transporte: Trabilla para cintur\u00f3n, empu\u00f1adura, correa para el hombro.<\/li>\n<li>Tipo de cierre: Solapa con cierre.<\/li>\n<li>Interior: Vac\u00edo.<\/li>\n<li>Resistencia al agua: Material resistente al agua, incluye cubierta para la lluvia.<\/li>\n<li>Dimensiones externas: 20,3 x 17,8 x 14 cm (compacto), 27,3 x 17,8 x 14 cm (expandido).<\/li>\n<li>Dimensiones internas: 16,5 x 15,88 x 10,79 cm (compacto), 24,77 x 15,88 x 10,79 cm (expandido).<\/li>\n<li>Peso: 0,8 lb \/ 363 g.<\/li>\n<li>Funciones:<\/li>\n<li>Bolsillo para botella: No.<\/li>\n<li>&#8211; Bolsillos con bloqueo RFID: No.<\/li>\n<li>Montaje en tr\u00edpode: No.<\/li>\n<li>Cerradura de seguridad: No.<\/li>\n<li>Interior acolchado: S\u00ed.<\/li>\n<li>Materiales externos: Nylon y poli\u00e9ster.<\/li>\n<li>Informaci\u00f3n de embalaje<\/li>\n<li><\/li>\n<li>Peso del paquete: 530 g<\/li>\n<li>\n<li>Dimensiones del paquete: 23,6 x 21,1 x 14,5 cm.<\/li>\n<\/ul>\n","protected":false},"excerpt":{"rendered":"<p>Funda\u00ae Digital 10 V3.0 THINK TANK (Asa superior y correa de hombro desmontable) Funciones Dise\u00f1ado para encajar perfectamente sobre un<\/p>\n","protected":false},"featured_media":32680,"comment_status":"closed","ping_status":"open","template":"","meta":{"_acf_changed":false},"product_brand":[2645],"product_cat":[906],"product_tag":[],"class_list":{"0":"post-82363","1":"product","2":"type-product","3":"status-publish","4":"has-post-thumbnail","6":"product_brand-think-tank-es","7":"product_cat-de-hombro","9":"first","10":"onbackorder","11":"taxable","12":"shipping-taxable","13":"purchasable","14":"product-type-simple"},"bundled_by":[],"bundle_stock_status":"onbackorder","bundle_stock_quantity":null,"bundle_virtual":false,"bundle_layout":"","bundle_add_to_cart_form_location":"","bundle_editable_in_cart":false,"bundle_sold_individually_context":"","bundle_item_grouping":"","bundle_min_size":"","bundle_max_size":"","bundle_price":[],"bundled_items":[],"bundle_sell_ids":[],"acf":[],"_links":{"self":[{"href":"https:\/\/hi-techwonder.com\/es\/wp-json\/wp\/v2\/product\/82363","targetHints":{"allow":["GET"]}}],"collection":[{"href":"https:\/\/hi-techwonder.com\/es\/wp-json\/wp\/v2\/product"}],"about":[{"href":"https:\/\/hi-techwonder.com\/es\/wp-json\/wp\/v2\/types\/product"}],"replies":[{"embeddable":true,"href":"https:\/\/hi-techwonder.com\/es\/wp-json\/wp\/v2\/comments?post=82363"}],"wp:featuredmedia":[{"embeddable":true,"href":"https:\/\/hi-techwonder.com\/es\/wp-json\/wp\/v2\/media\/32680"}],"wp:attachment":[{"href":"https:\/\/hi-techwonder.com\/es\/wp-json\/wp\/v2\/media?parent=82363"}],"wp:term":[{"taxonomy":"product_brand","embeddable":true,"href":"https:\/\/hi-techwonder.com\/es\/wp-json\/wp\/v2\/product_brand?post=82363"},{"taxonomy":"product_cat","embeddable":true,"href":"https:\/\/hi-techwonder.com\/es\/wp-json\/wp\/v2\/product_cat?post=82363"},{"taxonomy":"product_tag","embeddable":true,"href":"https:\/\/hi-techwonder.com\/es\/wp-json\/wp\/v2\/product_tag?post=82363"}],"curies":[{"name":"wp","href":"https:\/\/api.w.org\/{rel}","templated":true}]}}