{"id":82364,"date":"2025-07-29T00:03:21","date_gmt":"2025-07-29T00:03:21","guid":{"rendered":"https:\/\/hi-techwonder.com\/product\/funda-digital-think-tank-5-v3-0\/"},"modified":"2026-01-31T03:14:29","modified_gmt":"2026-01-31T03:14:29","slug":"think-tank-funda-digital-think-tank-5-v3-0","status":"publish","type":"product","link":"https:\/\/hi-techwonder.com\/es\/producto\/think-tank-funda-digital-think-tank-5-v3-0\/","title":{"rendered":"Funda digital THINK TANK 5 V3.0"},"content":{"rendered":"<p><b>Funda\u00ae digital THINK TANK 5 V3.0<\/b><\/p>\n<p><\/p>\n<p><strong>Funciones<\/strong><\/p>\n<ul>\n<li>Desarrollado espec\u00edficamente para c\u00e1maras compactas sin espejo con lentes peque\u00f1as, como Canon R50 o R10, Nikon Z5, Fujifilm X-T30 o Sony A6000.<\/li>\n<li>Dimensiones internas de 14 x 14,5 x 9,5 cm, ideales para un transporte c\u00f3modo.<\/li>\n<li>Material resistente al agua con sujetadores YKK de alta calidad y elementos met\u00e1licos duraderos.<\/li>\n<li>Correa de hombro extra\u00edble con superficie antideslizante y un asa superior para transporte manual.<\/li>\n<li>Apertura r\u00e1pida superior para un acceso r\u00e1pido al equipo.<\/li>\n<li>Compartimento para accesorios con cremallera en la parte superior y bolsillos internos para tarjetas de memoria y tapas de lentes.<\/li>\n<li>Compatible con cinturones y sistemas de transporte de Think Tanks.<\/li>\n<li>Funda para la lluvia cosida y sellada, protegiendo contra los elementos.<\/li>\n<\/ul>\n<p><\/p>\n<p><strong>Contenido del paquete<\/strong><\/p>\n<ul>\n<li>1 5 V3 Funda Digital Think Tank Bolsa<\/li>\n<li>1 correa de hombro desmontable<\/li>\n<li>1 cubierta de lluvia sellada<\/li>\n<\/ul>\n<p><\/p>\n<p><\/p>\n<p><strong>Descripci\u00f3n<\/strong><\/p>\n<p><strong><br \/><\/strong><\/p>\n<p><iframe loading=\"lazy\" frameborder=\"0\" src=\"https:\/\/www.youtube.com\/embed\/YHlrPH6eOLo\" width=\"640\" height=\"360\"><\/iframe><strong><br \/><\/strong><\/p>\n<p><strong><br \/><\/strong>\n<\/p>\n<ul>\n<li style=\"text-align: justify\">La serie Digital Holster V3 de Think Tank es el resultado de una evoluci\u00f3n continua basada en los comentarios de los usuarios. Con una apariencia minimalista y limpia, esta bolsa ofrece una protecci\u00f3n ideal para c\u00e1maras compactas sin espejo con lentes peque\u00f1as. Su estructura flexible le permite adaptarse a diferentes configuraciones de c\u00e1maras y lentes, manteniendo la practicidad y la robustez. Adem\u00e1s, la bolsa incluye la innovadora funci\u00f3n \u00abPop Down\u00bb, que le permite llevar teleobjetivos con el parasol montado o una mayor flexibilidad para objetivos m\u00e1s largos. Es una soluci\u00f3n vers\u00e1til para los fot\u00f3grafos que buscan protecci\u00f3n y acceso r\u00e1pido al equipo.    <\/li>\n<\/ul>\n<p style=\"text-align: justify\"><\/p>\n<p style=\"text-align: justify\"><\/p>\n<p style=\"text-align: justify\"><\/p>\n<p style=\"text-align: justify\"><\/p>\n<p><strong>Especificaciones t\u00e9cnicas<\/strong><\/p>\n<ul>\n<li><strong>Modelo<\/strong>: Funda digital 5 V3<\/li>\n<li><strong>Dimensiones externas<\/strong>: 16,5 x 16,5 x 13,5 cm<\/li>\n<li><strong>Dimensiones internas<\/strong>: 14 x 14,5 x 9,5 cm<\/li>\n<li><strong>Peso<\/strong>: 0,28 kg (incluidos los accesorios)<\/li>\n<li><strong>Color<\/strong>: Negro<\/li>\n<li><strong>Opciones de transporte<\/strong>: Correa para el hombro, correa superior, accesorio para el cintur\u00f3n<\/li>\n<li><strong>Cierre<\/strong>: Cremallera con solapa<\/li>\n<li><strong>Material exterior<\/strong>: Nylon 840D, poli\u00e9ster, TPU, TPE antideslizante<\/li>\n<li><strong>Material interior<\/strong>: poli\u00e9ster 200D, espuma de celda cerrada<\/li>\n<\/ul>\n<p><strong>Embalaje<\/strong><\/p>\n<ul>\n<li>Peso del paquete: 0,9 lb (aproximadamente 408 g)<\/li>\n<li>Dimensiones del paquete: 20,3 x 17,8 x 14,7 cm<\/li>\n<\/ul>\n<p><strong>Informaci\u00f3n adicional<\/strong><\/p>\n<ul>\n<li>Nota: Im\u00e1genes ilustrativas. Equipo ilustrativo no incluido. Consulte el contenido y las especificaciones del paquete para obtener m\u00e1s detalles.  <\/li>\n<\/ul>\n","protected":false},"excerpt":{"rendered":"<p>Funda\u00ae digital THINK TANK 5 V3.0 Funciones Desarrollado espec\u00edficamente para c\u00e1maras compactas sin espejo con lentes peque\u00f1as, como Canon R50<\/p>\n","protected":false},"featured_media":32647,"comment_status":"closed","ping_status":"open","template":"","meta":{"_acf_changed":false},"product_brand":[2645],"product_cat":[906],"product_tag":[],"class_list":{"0":"post-82364","1":"product","2":"type-product","3":"status-publish","4":"has-post-thumbnail","6":"product_brand-think-tank-es","7":"product_cat-de-hombro","9":"first","10":"onbackorder","11":"taxable","12":"shipping-taxable","13":"purchasable","14":"product-type-simple"},"bundled_by":[],"bundle_stock_status":"onbackorder","bundle_stock_quantity":null,"bundle_virtual":false,"bundle_layout":"","bundle_add_to_cart_form_location":"","bundle_editable_in_cart":false,"bundle_sold_individually_context":"","bundle_item_grouping":"","bundle_min_size":"","bundle_max_size":"","bundle_price":[],"bundled_items":[],"bundle_sell_ids":[],"acf":[],"_links":{"self":[{"href":"https:\/\/hi-techwonder.com\/es\/wp-json\/wp\/v2\/product\/82364","targetHints":{"allow":["GET"]}}],"collection":[{"href":"https:\/\/hi-techwonder.com\/es\/wp-json\/wp\/v2\/product"}],"about":[{"href":"https:\/\/hi-techwonder.com\/es\/wp-json\/wp\/v2\/types\/product"}],"replies":[{"embeddable":true,"href":"https:\/\/hi-techwonder.com\/es\/wp-json\/wp\/v2\/comments?post=82364"}],"wp:featuredmedia":[{"embeddable":true,"href":"https:\/\/hi-techwonder.com\/es\/wp-json\/wp\/v2\/media\/32647"}],"wp:attachment":[{"href":"https:\/\/hi-techwonder.com\/es\/wp-json\/wp\/v2\/media?parent=82364"}],"wp:term":[{"taxonomy":"product_brand","embeddable":true,"href":"https:\/\/hi-techwonder.com\/es\/wp-json\/wp\/v2\/product_brand?post=82364"},{"taxonomy":"product_cat","embeddable":true,"href":"https:\/\/hi-techwonder.com\/es\/wp-json\/wp\/v2\/product_cat?post=82364"},{"taxonomy":"product_tag","embeddable":true,"href":"https:\/\/hi-techwonder.com\/es\/wp-json\/wp\/v2\/product_tag?post=82364"}],"curies":[{"name":"wp","href":"https:\/\/api.w.org\/{rel}","templated":true}]}}