{"id":82366,"date":"2025-07-29T00:06:04","date_gmt":"2025-07-29T00:06:04","guid":{"rendered":"https:\/\/hi-techwonder.com\/product\/think-tank-bolsa-con-ruedas-internacional-para-aeropuertos-v3-0\/"},"modified":"2026-02-06T17:54:54","modified_gmt":"2026-02-06T17:54:54","slug":"think-tank-bolsa-con-ruedas-internacional-para-aeropuertos-v3-0","status":"publish","type":"product","link":"https:\/\/hi-techwonder.com\/es\/producto\/think-tank-bolsa-con-ruedas-internacional-para-aeropuertos-v3-0\/","title":{"rendered":"THINK TANK Bolsa con ruedas internacional\u2122 para aeropuertos v3.0"},"content":{"rendered":"<p><strong>THINK TANK Bolsa con ruedas internacional <\/strong><strong>\u2122<\/strong><strong> para aeropuertos v3.0<\/strong><\/p>\n<p><strong>Funciones<\/strong><\/p>\n<ul>\n<li style=\"text-align: justify;\">Admite 2 DSLR, 4-6 lentes y accesorios<\/li>\n<li style=\"text-align: justify;\">Bolsillos para port\u00e1til de 17&#8243; y tableta de 10&#8243;<\/li>\n<li style=\"text-align: justify;\">Divisores acolchados con cierre t\u00e1ctil<\/li>\n<li style=\"text-align: justify;\">Bolsillos interiores con cremallera para accesorios<\/li>\n<li style=\"text-align: justify;\">Bolsillos laterales para tr\u00edpode y botella de agua<\/li>\n<li style=\"text-align: justify;\">Cierres de cremallera y combinaci\u00f3n aprobados por la TSA<\/li>\n<li style=\"text-align: justify;\">Asa de carro retr\u00e1ctil<\/li>\n<li style=\"text-align: justify;\">Asas de agarre en tres lados<\/li>\n<li style=\"text-align: justify;\">Ruedas de 80 mm con rodamientos de bolas ABEC Grado 5<\/li>\n<li style=\"text-align: justify;\">Incluye funda para la lluvia y correas para tr\u00edpode<\/li>\n<\/ul>\n<p><strong>Contenido del paquete:<\/strong><\/p>\n<ul>\n<li style=\"text-align: justify;\">Bolso y trolley Think Tank Photo Airport International V3.0 (Color negro)<\/li>\n<li style=\"text-align: justify;\">Chubasquero con costuras<\/li>\n<li style=\"text-align: justify;\">Paquete adicional de correas para tr\u00edpode<\/li>\n<\/ul>\n<p><strong>Think Tank Photo Airport International \u2122 v3.0 Descripci\u00f3n<\/strong><\/p>\n<p><iframe loading=\"lazy\" style=\"min-height: 500px; width: 100%; height: auto;\" src=\"https:\/\/www.youtube.com\/embed\/BBsJX8kwyPk?si=Y9TD0U-hjjU4wf6E\" width=\"560\" height=\"314\" allowfullscreen=\"allowfullscreen\"><\/iframe><\/p>\n<p>Modelos Think Tank Trolley Bags, <strong>Airport International <\/strong><strong>\u2122<\/strong><strong> (izquierda)<\/strong> y Security V3 (derecha)<\/p>\n<ul>\n<li style=\"text-align: justify;\">Lleve dos DSLR con lentes acoplados, de dos a cuatro lentes adicionales, accesorios relacionados y una computadora port\u00e1til de hasta 17 \u00aby una tableta de 10\u00bb en su pr\u00f3ximo viaje en avi\u00f3n con el estuche de transporte Black Airport International V3.0 de Think Tank. Este robusto estuche de transporte est\u00e1 dise\u00f1ado para cumplir con la mayor\u00eda de los requisitos de equipaje de mano de las aerol\u00edneas internacionales. Por supuesto, siempre es prudente consultar con su transportista antes de la salida. Los divisores interiores acolchados y con bloqueo t\u00e1ctil son \u00fatiles para proteger y organizar el equipo. La parte frontal del estuche tiene un compartimento expandible dedicado a computadoras port\u00e1tiles y tabletas con un panel organizador y un bolsillo con cremallera. Debajo de la tapa, hay una variedad de bolsillos para accesorios con cremallera. Para facilitar el acceso, el espacioso compartimento principal se abre por tres lados. Una gran caracter\u00edstica es el bolsillo frontal extensible, que sirve como soporte para cargadores, peque\u00f1os reflectores y mucho m\u00e1s.       <\/li>\n<\/ul>\n<p><iframe loading=\"lazy\" style=\"min-height: 500px; width: 100%; height: auto;\" src=\"https:\/\/www.youtube.com\/embed\/e52alFsaJd4?si=M8HsBUcrKuXjv4lE\" width=\"560\" height=\"314\" allowfullscreen=\"allowfullscreen\"><\/iframe><\/p>\n<p>Bolsa de carro Think Tank con ruedas de alta resistencia y cojinete Soave<\/p>\n<p style=\"text-align: justify;\">Airport International V3.0 cuenta con cremalleras aprobadas por la TSA para el compartimento principal y un cable recubierto de alta resistencia y un candado de combinaci\u00f3n para la computadora port\u00e1til y para sujetar la bolsa a un objeto estacionario. Guarde su botella de agua y tr\u00edpode en los pr\u00e1cticos bolsillos laterales. Se incluyen correas adicionales para tr\u00edpodes. Un asa de carro retr\u00e1ctil, junto con dos ruedas ABEC de grado 5 de 80 mm con rodamientos de bolas, facilita el movimiento en terrenos planos. Las manijas en los tres lados le permiten levantar Airport Advantage dentro y fuera de los veh\u00edculos y compartimentos superiores. Una cubierta para la lluvia incluida con una bolsa de almacenamiento ayuda a proteger su bolsa de la suciedad y los elementos. Los materiales de calidad como el nailon bal\u00edstico 1680D repelente al agua, el acolchado de espuma de celda cerrada, las placas antideslizantes altas y los divisores reforzados con PE ofrecen resistencia y durabilidad. Los fot\u00f3grafos apreciar\u00e1n el hermoso tarjetero ubicado en la parte superior.       <\/p>\n<p style=\"padding-left: 40px; text-align: justify;\">Interior especialmente dise\u00f1ado para maximizar el equipaje de mano, cumple con la mayor\u00eda de los requisitos de equipaje de mano de las aerol\u00edneas internacionales. Consulte con su transportista antes de la salida. <\/p>\n<p style=\"padding-left: 40px; text-align: justify;\">Admite dos DSLR con lentes acoplados, de dos a cuatro lentes adicionales, una computadora port\u00e1til de 17 \u00ab, una tableta de 10 \u00bb y accesorios relacionados. El tama\u00f1o m\u00e1ximo de la lente es de 500 mm f\/4 separado, o 400 mm f\/2.8 fijo con el parasol invertido. <\/p>\n<p style=\"padding-left: 40px; text-align: justify;\">Los compartimentos acolchados dedicados para computadoras port\u00e1tiles y tabletas se encuentran en una bolsa con cremallera.<\/p>\n<p style=\"padding-left: 40px; text-align: justify;\">Cremalleras aprobadas por la TSA para el compartimento principal y un cable revestido de alta resistencia y un candado de combinaci\u00f3n para el compartimento del port\u00e1til y para sujetar su bolso a un objeto inamovible.<\/p>\n<p style=\"padding-left: 40px; text-align: justify;\">Mango retr\u00e1ctil dise\u00f1ado a medida con canal de tubo de aluminio incorporado para mayor resistencia y durabilidad.<\/p>\n<p style=\"padding-left: 40px; text-align: justify;\">Acceso r\u00e1pido y f\u00e1cil al mango retr\u00e1ctil.<\/p>\n<p style=\"padding-left: 40px; text-align: justify;\">Soporte para tr\u00edpode y bolsillo para botella de agua en el lateral: se incluyen correas adicionales para tr\u00edpodes m\u00e1s grandes.<\/p>\n<p style=\"padding-left: 40px; text-align: justify;\">El amplio compartimento superior tiene capacidad para grandes cuerpos de c\u00e1mara para un ajuste perfecto.<\/p>\n<p style=\"padding-left: 40px; text-align: justify;\">N\u00famero de serie \u00fanico para el registro en Objetos perdidos.<\/p>\n<p style=\"padding-left: 40px; text-align: justify;\">Bolsillos interiores con cremallera para bater\u00edas, tarjetas de memoria, filtros y accesorios.<\/p>\n<p style=\"padding-left: 40px; text-align: justify;\">El mango retr\u00e1ctil reemplazable por el usuario, las ruedas, los pasos de rueda y el pie delantero prolongan la vida \u00fatil del producto.<\/p>\n<p style=\"padding-left: 40px; text-align: justify;\">Ruedas de 80 mm de alto rendimiento dise\u00f1adas a medida con rodamientos ABEC sellados de grado 5 para un rodamiento silencioso.<\/p>\n<p style=\"padding-left: 40px; text-align: justify;\">Las carcasas de rueda extra altas protegen su bolso de ara\u00f1azos y ara\u00f1azos.<\/p>\n<p style=\"padding-left: 40px; text-align: justify;\">Incluye cubierta para la lluvia con costuras.<\/p>\n<p style=\"text-align: justify;\"><strong>Caracter\u00edsticas t\u00e9cnicas:<\/strong><\/p>\n<div class=\"group_fDXOr6EpR9\" style=\"box-sizing: inherit; outline: none; margin-bottom: 2.1875rem; font-family: OpenSans, 'Segoe UI', Helvetica, Roboto, Arial, sans-serif; font-size: 16px; background-color: #ffffff;\">\n<table class=\"table_fDXOr6EpR9\" style=\"box-sizing: inherit; outline: none; width: 936.65px;\" data-selenium=\"specsItemGroupTable\">\n<tbody style=\"box-sizing: inherit; outline: none;\">\n<tr class=\"pair_KqJ3Q3GPKv\" style=\"box-sizing: inherit; outline: none; border-bottom: 0.0625rem solid #e5e5e5;\" data-selenium=\"specsItemGroupTableRow\">\n<td class=\"label_KqJ3Q3GPKv firstSpecWhenNoGroupName_KqJ3Q3GPKv\" style=\"box-sizing: inherit; outline: none; border-top: none; padding: 0px 0px 1.25rem; width: 355.925px; color: #666666; font-size: 1.125rem; line-height: 1.375rem; vertical-align: baseline;\" data-selenium=\"specsItemGroupTableColumnLabel\"><strong><span style=\"box-sizing: inherit; outline: none; vertical-align: inherit;\">Materiales<\/strong><\/span><\/td>\n<td class=\"value_KqJ3Q3GPKv firstSpecWhenNoGroupName_KqJ3Q3GPKv\" style=\"box-sizing: inherit; outline: none; color: #666666; font-size: 1.125rem; line-height: 1.375rem; vertical-align: baseline; padding: 0px 0px 1.25rem 2.5rem;\" data-selenium=\"specsItemGroupTableColumnValue\">\n<div class=\"expandableValue_KqJ3Q3GPKv\" style=\"box-sizing: inherit; outline: none;\"><span style=\"box-sizing: inherit; font-weight: bolder; outline: none;\"><span style=\"box-sizing: inherit; outline: none; vertical-align: inherit;\"><span style=\"box-sizing: inherit; outline: none; vertical-align: inherit;\">Exterior<\/span><\/span><span style=\"box-sizing: inherit; outline: none; vertical-align: inherit;\"> :<\/span><br style=\"box-sizing: inherit; outline: none;\"><span style=\"box-sizing: inherit; outline: none; vertical-align: inherit;\">Revestimiento repelente al agua (DWR), m\u00e1s fondo de tela Revestimiento de poliuretano<\/span><br style=\"box-sizing: inherit; outline: none;\"><span style=\"box-sizing: inherit; outline: none; vertical-align: inherit;\">Fusible de nailon bal\u00edstico 1680D<\/span><br style=\"box-sizing: inherit; outline: none;\"><span style=\"box-sizing: inherit; outline: none; vertical-align: inherit;\">YKK RC Cremalleras resistentes a la abrasi\u00f3n<\/span><br style=\"box-sizing: inherit; outline: none;\"><span style=\"box-sizing: inherit; outline: none; vertical-align: inherit;\">Placas antideslizantes extra altas Ruedas<\/span><br style=\"box-sizing: inherit; outline: none;\"><span style=\"box-sizing: inherit; outline: none; vertical-align: inherit;\">80 mm con rodamientos sellados<\/span><br style=\"box-sizing: inherit; outline: none;\"><span style=\"box-sizing: inherit; outline: none; vertical-align: inherit;\"> Bolsillo delantero<\/span> <span style=\"box-sizing: inherit; outline: none; vertical-align: inherit;\"><span style=\"box-sizing: inherit; outline: none; vertical-align: inherit;\">Span Kodra<\/span><\/span><br style=\"box-sizing: inherit; outline: none;\"><span style=\"box-sizing: inherit; outline: none; vertical-align: inherit;\">Refuerzo laminado de goma <span style=\"box-sizing: inherit; outline: none; vertical-align: inherit;\">Interior con<\/span><\/span><br style=\"box-sizing: inherit; outline: none;\"><span style=\"box-sizing: inherit; outline: none; vertical-align: inherit;\">Hilo de nailon unido de tres capas: forro y divisores Velex con revestimiento de poliuretano de nailon plateado 210D 2x impermeable de costura sellada de nailon recubierto de poliuretano 210T Espuma de celda cerrada y divisores de tablero de PE reforzado Bolsillos de malla transparente Hilo de nailon unido de tres capas<\/span><br style=\"box-sizing: inherit; outline: none;\"><\/span><\/div>\n<\/td>\n<\/tr>\n<tr class=\"pair_KqJ3Q3GPKv\" style=\"box-sizing: inherit; outline: none; border-bottom: 0.0625rem solid #e5e5e5;\" data-selenium=\"specsItemGroupTableRow\">\n<td class=\"label_KqJ3Q3GPKv\" style=\"box-sizing: inherit; outline: none; border-top: none; padding: 1.25rem 0px; width: 355.925px; color: #666666; font-size: 1.125rem; line-height: 1.375rem; vertical-align: baseline;\" data-selenium=\"specsItemGroupTableColumnLabel\">Tipo de cierre<\/td>\n<td class=\"value_KqJ3Q3GPKv\" style=\"box-sizing: inherit; outline: none; color: #666666; font-size: 1.125rem; line-height: 1.375rem; vertical-align: baseline; padding: 1.25rem 0px 1.25rem 2.5rem;\" data-selenium=\"specsItemGroupTableColumnValue\">\n<div class=\"expandableValue_KqJ3Q3GPKv\" style=\"box-sizing: inherit; outline: none;\">Cremallera<\/div>\n<\/td>\n<\/tr>\n<tr class=\"pair_KqJ3Q3GPKv\" style=\"box-sizing: inherit; outline: none; border-bottom: 0.0625rem solid #e5e5e5;\" data-selenium=\"specsItemGroupTableRow\">\n<td class=\"label_KqJ3Q3GPKv\" style=\"box-sizing: inherit; outline: none; border-top: none; padding: 1.25rem 0px; width: 355.925px; color: #666666; font-size: 1.125rem; line-height: 1.375rem; vertical-align: baseline;\" data-selenium=\"specsItemGroupTableColumnLabel\">Opciones de env\u00edo \/ transporte<\/td>\n<td class=\"value_KqJ3Q3GPKv\" style=\"box-sizing: inherit; outline: none; color: #666666; font-size: 1.125rem; line-height: 1.375rem; vertical-align: baseline; padding: 1.25rem 0px 1.25rem 2.5rem;\" data-selenium=\"specsItemGroupTableColumnValue\">\n<div class=\"expandableValue_KqJ3Q3GPKv\" style=\"box-sizing: inherit; outline: none;\"><span style=\"box-sizing: inherit; outline: none; vertical-align: inherit;\"><span style=\"box-sizing: inherit; outline: none; vertical-align: inherit;\">Asas de agarre acolchadas en la parte superior y lateral, ruedas<\/span><br style=\"box-sizing: inherit; outline: none;\"><span style=\"box-sizing: inherit; outline: none; vertical-align: inherit;\">Retr\u00e1ctil con asa de carro<\/span><br style=\"box-sizing: inherit; outline: none;\"><\/span><\/div>\n<\/td>\n<\/tr>\n<tr class=\"pair_KqJ3Q3GPKv\" style=\"box-sizing: inherit; outline: none; border-bottom: 0.0625rem solid #e5e5e5;\" data-selenium=\"specsItemGroupTableRow\">\n<td class=\"label_KqJ3Q3GPKv\" style=\"box-sizing: inherit; outline: none; border-top: none; padding: 1.25rem 0px; width: 355.925px; color: #666666; font-size: 1.125rem; line-height: 1.375rem; vertical-align: baseline;\" data-selenium=\"specsItemGroupTableColumnLabel\">Accesorio de tr\u00edpode<\/td>\n<td class=\"value_KqJ3Q3GPKv\" style=\"box-sizing: inherit; outline: none; color: #666666; font-size: 1.125rem; line-height: 1.375rem; vertical-align: baseline; padding: 1.25rem 0px 1.25rem 2.5rem;\" data-selenium=\"specsItemGroupTableColumnValue\">\n<div class=\"expandableValue_KqJ3Q3GPKv\" style=\"box-sizing: inherit; outline: none;\">Bolsillo lateral con correas<\/div>\n<\/td>\n<\/tr>\n<tr class=\"pair_KqJ3Q3GPKv\" style=\"box-sizing: inherit; outline: none; border-bottom: 0.0625rem solid #e5e5e5;\" data-selenium=\"specsItemGroupTableRow\">\n<td class=\"label_KqJ3Q3GPKv\" style=\"box-sizing: inherit; outline: none; border-top: none; padding: 1.25rem 0px; width: 355.925px; color: #666666; font-size: 1.125rem; line-height: 1.375rem; vertical-align: baseline;\" data-selenium=\"specsItemGroupTableColumnLabel\">Compartimento para tableta<\/td>\n<td class=\"value_KqJ3Q3GPKv\" style=\"box-sizing: inherit; outline: none; color: #666666; font-size: 1.125rem; line-height: 1.375rem; vertical-align: baseline; padding: 1.25rem 0px 1.25rem 2.5rem;\" data-selenium=\"specsItemGroupTableColumnValue\">\n<div class=\"expandableValue_KqJ3Q3GPKv\" style=\"box-sizing: inherit; outline: none;\">24,0 x 25,5 x 1,3 cm<\/div>\n<\/td>\n<\/tr>\n<tr class=\"pair_KqJ3Q3GPKv\" style=\"box-sizing: inherit; outline: none; border-bottom: 0.0625rem solid #e5e5e5;\" data-selenium=\"specsItemGroupTableRow\">\n<td class=\"label_KqJ3Q3GPKv\" style=\"box-sizing: inherit; outline: none; border-top: none; padding: 1.25rem 0px; width: 355.925px; color: #666666; font-size: 1.125rem; line-height: 1.375rem; vertical-align: baseline;\" data-selenium=\"specsItemGroupTableColumnLabel\">Compartimento para port\u00e1til<\/td>\n<td class=\"value_KqJ3Q3GPKv\" style=\"box-sizing: inherit; outline: none; color: #666666; font-size: 1.125rem; line-height: 1.375rem; vertical-align: baseline; padding: 1.25rem 0px 1.25rem 2.5rem;\" data-selenium=\"specsItemGroupTableColumnValue\">\n<div class=\"expandableValue_KqJ3Q3GPKv\" style=\"box-sizing: inherit; outline: none;\">27 x 38 x 3 cm<\/div>\n<\/td>\n<\/tr>\n<tr class=\"pair_KqJ3Q3GPKv\" style=\"box-sizing: inherit; outline: none; border-bottom: 0.0625rem solid #e5e5e5;\" data-selenium=\"specsItemGroupTableRow\">\n<td class=\"label_KqJ3Q3GPKv\" style=\"box-sizing: inherit; outline: none; border-top: none; padding: 1.25rem 0px; width: 355.925px; color: #666666; font-size: 1.125rem; line-height: 1.375rem; vertical-align: baseline;\" data-selenium=\"specsItemGroupTableColumnLabel\">Dimensiones internas<\/td>\n<td class=\"value_KqJ3Q3GPKv\" style=\"box-sizing: inherit; outline: none; color: #666666; font-size: 1.125rem; line-height: 1.375rem; vertical-align: baseline; padding: 1.25rem 0px 1.25rem 2.5rem;\" data-selenium=\"specsItemGroupTableColumnValue\">\n<div class=\"expandableValue_KqJ3Q3GPKv\" style=\"box-sizing: inherit; outline: none;\">33,0 x 47,0 x 16,5-19,1 cm<\/div>\n<\/td>\n<\/tr>\n<tr class=\"pair_KqJ3Q3GPKv\" style=\"box-sizing: inherit; outline: none; border-bottom: 0.0625rem solid #e5e5e5;\" data-selenium=\"specsItemGroupTableRow\">\n<td class=\"label_KqJ3Q3GPKv\" style=\"box-sizing: inherit; outline: none; border-top: none; padding: 1.25rem 0px; width: 355.925px; color: #666666; font-size: 1.125rem; line-height: 1.375rem; vertical-align: baseline;\" data-selenium=\"specsItemGroupTableColumnLabel\">Dimensiones exteriores<\/td>\n<td class=\"value_KqJ3Q3GPKv\" style=\"box-sizing: inherit; outline: none; color: #666666; font-size: 1.125rem; line-height: 1.375rem; vertical-align: baseline; padding: 1.25rem 0px 1.25rem 2.5rem;\" data-selenium=\"specsItemGroupTableColumnValue\">\n<div class=\"expandableValue_KqJ3Q3GPKv\" style=\"box-sizing: inherit; outline: none;\">35,6 x 53,3 x 20,3 cm<\/div>\n<\/td>\n<\/tr>\n<tr class=\"pair_KqJ3Q3GPKv\" style=\"box-sizing: inherit; outline: none; border-bottom: 0.0625rem solid #e5e5e5;\" data-selenium=\"specsItemGroupTableRow\">\n<td class=\"label_KqJ3Q3GPKv\" style=\"box-sizing: inherit; outline: none; border-top: none; padding: 1.25rem 0px; width: 355.925px; color: #666666; font-size: 1.125rem; line-height: 1.375rem; vertical-align: baseline;\" data-selenium=\"specsItemGroupTableColumnLabel\">Peso<\/td>\n<td class=\"value_KqJ3Q3GPKv\" style=\"box-sizing: inherit; outline: none; color: #666666; font-size: 1.125rem; line-height: 1.375rem; vertical-align: baseline; padding: 1.25rem 0px 1.25rem 2.5rem;\" data-selenium=\"specsItemGroupTableColumnValue\">\n<div class=\"expandableValue_KqJ3Q3GPKv\" style=\"box-sizing: inherit; outline: none;\"><span style=\"box-sizing: inherit; outline: none; vertical-align: inherit;\"><span style=\"box-sizing: inherit; outline: none; vertical-align: inherit;\">Sin accesorios: 4,4 kg<\/span><br style=\"box-sizing: inherit; outline: none;\"><span style=\"box-sizing: inherit; outline: none; vertical-align: inherit;\">Con accesorios: 5,2 kg<\/span><\/span><\/div>\n<\/td>\n<\/tr>\n<\/tbody>\n<\/table>\n<\/div>\n<div class=\"group_fDXOr6EpR9\" style=\"box-sizing: inherit; outline: none; margin-bottom: 2.1875rem; font-family: OpenSans, 'Segoe UI', Helvetica, Roboto, Arial, sans-serif; font-size: 16px; background-color: #ffffff;\">\n<div class=\"name_fDXOr6EpR9\" style=\"box-sizing: inherit; outline: none; border-bottom: 0.125rem solid #cccccc; color: #3f9a59; font-size: 2rem; line-height: 2rem; padding: 1rem 0px 0.875rem;\" data-selenium=\"specsItemGroupName\"><strong><span style=\"box-sizing: inherit; outline: none; vertical-align: inherit; font-size: 12pt;\">Informaci\u00f3n de embalaje<\/strong><\/span><\/div>\n<table class=\"table_fDXOr6EpR9\" style=\"box-sizing: inherit; outline: none; width: 936.65px;\" data-selenium=\"specsItemGroupTable\">\n<tbody style=\"box-sizing: inherit; outline: none;\">\n<tr class=\"pair_KqJ3Q3GPKv\" style=\"box-sizing: inherit; outline: none; border-bottom: 0.0625rem solid #e5e5e5;\" data-selenium=\"specsItemGroupTableRow\">\n<td class=\"label_KqJ3Q3GPKv \" style=\"box-sizing: inherit; outline: none; border-top: none; padding: 1.25rem 0px; width: 355.925px; color: #666666; font-size: 1.125rem; line-height: 1.375rem; vertical-align: baseline;\" data-selenium=\"specsItemGroupTableColumnLabel\">Peso del paquete<\/td>\n<td class=\"value_KqJ3Q3GPKv \" style=\"box-sizing: inherit; outline: none; color: #666666; font-size: 1.125rem; line-height: 1.375rem; vertical-align: baseline; padding: 1.25rem 0px 1.25rem 2.5rem;\" data-selenium=\"specsItemGroupTableColumnValue\">\n<div class=\"expandableValue_KqJ3Q3GPKv\" style=\"box-sizing: inherit; outline: none;\">5,95 kg<\/div>\n<\/td>\n<\/tr>\n<tr class=\"pair_KqJ3Q3GPKv\" style=\"box-sizing: inherit; outline: none; border-bottom: 0.0625rem solid #e5e5e5;\" data-selenium=\"specsItemGroupTableRow\">\n<td class=\"label_KqJ3Q3GPKv\" style=\"box-sizing: inherit; outline: none; border-top: none; padding: 1.25rem 0px; width: 355.925px; color: #666666; font-size: 1.125rem; line-height: 1.375rem; vertical-align: baseline;\" data-selenium=\"specsItemGroupTableColumnLabel\">Dimensiones de la caja (LxAxA)<\/td>\n<td class=\"value_KqJ3Q3GPKv\" style=\"box-sizing: inherit; outline: none; color: #666666; font-size: 1.125rem; line-height: 1.375rem; vertical-align: baseline; padding: 1.25rem 0px 1.25rem 2.5rem;\" data-selenium=\"specsItemGroupTableColumnValue\">\n<div class=\"expandableValue_KqJ3Q3GPKv\" style=\"box-sizing: inherit; outline: none;\">57 x 41 x 25 cm<\/div>\n<\/td>\n<\/tr>\n<\/tbody>\n<\/table>\n<\/div>\n","protected":false},"excerpt":{"rendered":"<p>THINK TANK Bolsa con ruedas internacional \u2122 para aeropuertos v3.0 Funciones Admite 2 DSLR, 4-6 lentes y accesorios Bolsillos para<\/p>\n","protected":false},"featured_media":33633,"comment_status":"closed","ping_status":"open","template":"","meta":{"_acf_changed":false},"product_brand":[2645],"product_cat":[915],"product_tag":[],"class_list":{"0":"post-82366","1":"product","2":"type-product","3":"status-publish","4":"has-post-thumbnail","6":"product_brand-think-tank-es","7":"product_cat-trolleys-es","9":"first","10":"onbackorder","11":"taxable","12":"shipping-taxable","13":"purchasable","14":"product-type-simple"},"bundled_by":[],"bundle_stock_status":"onbackorder","bundle_stock_quantity":null,"bundle_virtual":false,"bundle_layout":"","bundle_add_to_cart_form_location":"","bundle_editable_in_cart":false,"bundle_sold_individually_context":"","bundle_item_grouping":"","bundle_min_size":"","bundle_max_size":"","bundle_price":[],"bundled_items":[],"bundle_sell_ids":[],"acf":[],"_links":{"self":[{"href":"https:\/\/hi-techwonder.com\/es\/wp-json\/wp\/v2\/product\/82366","targetHints":{"allow":["GET"]}}],"collection":[{"href":"https:\/\/hi-techwonder.com\/es\/wp-json\/wp\/v2\/product"}],"about":[{"href":"https:\/\/hi-techwonder.com\/es\/wp-json\/wp\/v2\/types\/product"}],"replies":[{"embeddable":true,"href":"https:\/\/hi-techwonder.com\/es\/wp-json\/wp\/v2\/comments?post=82366"}],"wp:featuredmedia":[{"embeddable":true,"href":"https:\/\/hi-techwonder.com\/es\/wp-json\/wp\/v2\/media\/33633"}],"wp:attachment":[{"href":"https:\/\/hi-techwonder.com\/es\/wp-json\/wp\/v2\/media?parent=82366"}],"wp:term":[{"taxonomy":"product_brand","embeddable":true,"href":"https:\/\/hi-techwonder.com\/es\/wp-json\/wp\/v2\/product_brand?post=82366"},{"taxonomy":"product_cat","embeddable":true,"href":"https:\/\/hi-techwonder.com\/es\/wp-json\/wp\/v2\/product_cat?post=82366"},{"taxonomy":"product_tag","embeddable":true,"href":"https:\/\/hi-techwonder.com\/es\/wp-json\/wp\/v2\/product_tag?post=82366"}],"curies":[{"name":"wp","href":"https:\/\/api.w.org\/{rel}","templated":true}]}}