{"id":82367,"date":"2025-07-29T00:07:39","date_gmt":"2025-07-29T00:07:39","guid":{"rendered":"https:\/\/hi-techwonder.com\/product\/kf-concept-kf13-104v1-mochila-22l-gris\/"},"modified":"2025-07-29T00:07:39","modified_gmt":"2025-07-29T00:07:39","slug":"kf-concept-kf13-104v1-mochila-22l-gris","status":"publish","type":"product","link":"https:\/\/hi-techwonder.com\/es\/producto\/kf-concept-kf13-104v1-mochila-22l-gris\/","title":{"rendered":"K&amp;F CONCEPT KF13.104V1 Mochila 22L (Gris)"},"content":{"rendered":"<p><strong>K&amp;F CONCEPT KF13.104V1 Mochila 22L (Gris)<\/strong><\/p>\n<p><strong>Funciones<\/strong><\/p>\n<ul>\n<li>Gran capacidad de 22L<\/li>\n<li>Acceso lateral r\u00e1pido<\/li>\n<li>Compartimento organizado<\/li>\n<li>Interior flexible<\/li>\n<li>Capacidad de accesorios<\/li>\n<\/ul>\n<p><strong>Contenido del paquete:<\/strong><\/p>\n<ul>\n<li>1 x Mochila para c\u00e1mara multifuncional K&amp;F CONCEPT KF13.104V1 &#8211; 22L (Gris)<\/li>\n<\/ul>\n<p><strong>Gran capacidad de 22L<\/strong><\/p>\n<ul>\n<li style=\"text-align: justify;\">Esta mochila para c\u00e1mara de gran capacidad de K&amp;F Concept est\u00e1 dise\u00f1ada para viajes, desplazamientos, uso diario, etc., con un volumen total de hasta 22L. El tama\u00f1o del compartimento es de 9.8&#8243;Lx5.5&#8243;Wx10.69&#8243;H (25x14x27cm). <\/li>\n<\/ul>\n<p style=\"text-align: justify;\"><strong>Acceso lateral r\u00e1pido<\/strong><\/p>\n<ul>\n<li>La apertura lateral de la mochila para c\u00e1mara K&amp;F Concept permite un acceso r\u00e1pido a la c\u00e1mara u otro equipo sin quitarse la mochila, lo que facilita capturar r\u00e1pidamente el momento ideal.<\/li>\n<\/ul>\n<p><strong>Compartimento organizado<\/strong><\/p>\n<ul>\n<li>El cuerpo principal de esta mochila para c\u00e1mara de gran capacidad se divide en compartimentos de uso diario, compartimentos para equipos de c\u00e1mara y compartimentos para computadoras, organizando razonablemente sus pertenencias personales y equipos de c\u00e1mara. Adem\u00e1s, tambi\u00e9n hay un compartimento separado para un port\u00e1til de 15,6&#8243;. <\/li>\n<\/ul>\n<p><strong>Interior flexible<\/strong><\/p>\n<ul>\n<li style=\"text-align: justify;\">Hay divisores m\u00f3viles de terciopelo de alta resistencia dentro de la mochila de la c\u00e1mara, que se pueden ajustar de acuerdo con diferentes equipos y brindan protecci\u00f3n para cada equipo.<\/li>\n<\/ul>\n<p><strong>Capacidad de accesorios<\/strong><\/p>\n<ul>\n<li>Los tr\u00edpodes se pueden llevar en el bolsillo lateral o en la parte inferior de la mochila de la c\u00e1mara. Se pueden colocar peque\u00f1os accesorios en los dos anillos en D delante de cada correa para el hombro. <\/li>\n<\/ul>\n","protected":false},"excerpt":{"rendered":"<p>K&amp;F CONCEPT KF13.104V1 Mochila 22L (Gris) Funciones Gran capacidad de 22L Acceso lateral r\u00e1pido Compartimento organizado Interior flexible Capacidad de<\/p>\n","protected":false},"featured_media":34122,"comment_status":"closed","ping_status":"open","template":"","meta":{"_acf_changed":false},"product_brand":[2562],"product_cat":[907],"product_tag":[],"class_list":{"0":"post-82367","1":"product","2":"type-product","3":"status-publish","4":"has-post-thumbnail","6":"product_brand-kf-concept-es","7":"product_cat-mochilas-es","9":"first","10":"instock","11":"taxable","12":"shipping-taxable","13":"purchasable","14":"product-type-simple"},"bundled_by":[],"bundle_stock_status":"instock","bundle_stock_quantity":1,"bundle_virtual":false,"bundle_layout":"","bundle_add_to_cart_form_location":"","bundle_editable_in_cart":false,"bundle_sold_individually_context":"","bundle_item_grouping":"","bundle_min_size":"","bundle_max_size":"","bundle_price":[],"bundled_items":[],"bundle_sell_ids":[],"acf":[],"_links":{"self":[{"href":"https:\/\/hi-techwonder.com\/es\/wp-json\/wp\/v2\/product\/82367","targetHints":{"allow":["GET"]}}],"collection":[{"href":"https:\/\/hi-techwonder.com\/es\/wp-json\/wp\/v2\/product"}],"about":[{"href":"https:\/\/hi-techwonder.com\/es\/wp-json\/wp\/v2\/types\/product"}],"replies":[{"embeddable":true,"href":"https:\/\/hi-techwonder.com\/es\/wp-json\/wp\/v2\/comments?post=82367"}],"wp:featuredmedia":[{"embeddable":true,"href":"https:\/\/hi-techwonder.com\/es\/wp-json\/wp\/v2\/media\/34122"}],"wp:attachment":[{"href":"https:\/\/hi-techwonder.com\/es\/wp-json\/wp\/v2\/media?parent=82367"}],"wp:term":[{"taxonomy":"product_brand","embeddable":true,"href":"https:\/\/hi-techwonder.com\/es\/wp-json\/wp\/v2\/product_brand?post=82367"},{"taxonomy":"product_cat","embeddable":true,"href":"https:\/\/hi-techwonder.com\/es\/wp-json\/wp\/v2\/product_cat?post=82367"},{"taxonomy":"product_tag","embeddable":true,"href":"https:\/\/hi-techwonder.com\/es\/wp-json\/wp\/v2\/product_tag?post=82367"}],"curies":[{"name":"wp","href":"https:\/\/api.w.org\/{rel}","templated":true}]}}