{"id":82372,"date":"2025-07-29T00:14:23","date_gmt":"2025-07-29T00:14:23","guid":{"rendered":"https:\/\/hi-techwonder.com\/product\/think-tank-mochila-slate-black-26l-slate-black\/"},"modified":"2026-02-20T17:00:51","modified_gmt":"2026-02-20T17:00:51","slug":"think-tank-mochila-slate-black-26l-slate-black","status":"publish","type":"product","link":"https:\/\/hi-techwonder.com\/es\/producto\/think-tank-mochila-slate-black-26l-slate-black\/","title":{"rendered":"THINK TANK Mochila Slate Black 26L (Slate Black)"},"content":{"rendered":"<p><\/p>\n<p><b>THINK TANK Mochila BackLight\u00ae Sprint (Negro Pizarra) \/ <\/b>Negro pizarra<\/p>\n<hr>\n<p><strong>Funciones<\/strong><\/p>\n<ul>\n<li>Acceso al panel trasero del equipo sin quitar la mochila, lo que le permite trabajar sin ensuciarse ni mojar las correas.<\/li>\n<li>Mochila ligera y compacta, ideal para fot\u00f3grafos minimalistas.<\/li>\n<li>Bolsillo frontal con capacidad de 2 litros para objetos personales, con apertura vertical en el lado derecho para facilitar el acceso.<\/li>\n<li>Sistema de correas simple pero acolchado, que garantiza la comodidad.<\/li>\n<li>Grandes bolsillos laterales con cordones para botellas de agua o accesorios.<\/li>\n<li>Correas verticales dobles en cadena en el panel frontal, lo que aumenta la capacidad de transporte externo.<\/li>\n<li>Divisores ajustables para organizar lentes, equipos fotogr\u00e1ficos o art\u00edculos personales.<\/li>\n<li>Cintur\u00f3n acolchado extra\u00edble para mayor flexibilidad y comodidad.<\/li>\n<li>Zonas de apoyo lumbar cubiertas con malla de aire para mayor comodidad durante un uso prolongado.<\/li>\n<li>Robusto marco de nailon de alta densidad con cierres YKK duraderos.<\/li>\n<\/ul>\n<p><\/p>\n<p><strong>Contenido del paquete<\/strong><\/p>\n<ul>\n<li>1x Mochila BackLight Sprint Slate Black<\/li>\n<li>1x cintur\u00f3n acolchado extra\u00edble<\/li>\n<\/ul>\n<p>&nbsp; &nbsp; &nbsp;&nbsp; &nbsp; &nbsp;<\/p>\n<p><strong>Descripci\u00f3n<\/strong><\/p>\n<ul>\n<li>La mochila Think Tank BackLight\u00ae Sprint Slate Black es una opci\u00f3n ligera y eficiente para los fot\u00f3grafos que necesitan llevar su equipo de forma organizada y c\u00f3moda. Con una capacidad de 15 litros, esta mochila es ideal para una c\u00e1mara DSLR de tama\u00f1o est\u00e1ndar con 1 a 3 lentes zoom o hasta 6 lentes principales. El acceso trasero al equipo permite al usuario trabajar sin ensuciar las correas de la mochila, lo que lo hace perfecto para condiciones adversas. El bolsillo frontal de 2 litros es ideal para guardar art\u00edculos personales, mientras que los divisores ajustables en el interior le permiten personalizar el espacio seg\u00fan sea necesario.   <\/li>\n<\/ul>\n<p>&nbsp; &nbsp; &nbsp;<\/p>\n<p><strong>Especificaciones t\u00e9cnicas<\/strong><\/p>\n<ul>\n<li><strong>Modelo:<\/strong> Retroiluminaci\u00f3n Sprint Slate Negro<\/li>\n<li><strong>Dimensiones externas:<\/strong> 44,5 x 22,9 x 17,14 cm<\/li>\n<li><strong>Dimensiones interiores:<\/strong> 41,9 x 20,96 x 14 cm<\/li>\n<li><strong>Peso:<\/strong> 1 kg<\/li>\n<li><strong>Capacidad:<\/strong> 15 litros<\/li>\n<li><strong>Color:<\/strong> Negro pizarra<\/li>\n<li><strong>Materiales:<\/strong> Nylon de alta densidad, cierres YKK<\/li>\n<li><strong>Resistencia al agua:<\/strong> S\u00ed (material resistente al agua)<\/li>\n<li><strong>Accesorios de transporte:<\/strong> Correas de hombro acolchadas con correa para el estern\u00f3n, correa superior y cintur\u00f3n acolchado extra\u00edble<\/li>\n<li><strong>Tr\u00edpode:<\/strong> S\u00ed<\/li>\n<\/ul>\n<p><strong>Embalaje<\/strong><\/p>\n<ul>\n<li><strong>Peso del paquete:<\/strong> 1,55 kg<\/li>\n<li><strong>Dimensiones del paquete:<\/strong> 47 x 28,4 x 24,5 cm<\/li>\n<\/ul>\n<p><strong>Informaci\u00f3n adicional<\/strong><\/p>\n<ul>\n<li>Nota: Im\u00e1genes ilustrativas. Equipo ilustrativo no incluido. Consulte el contenido y las especificaciones del paquete para obtener m\u00e1s detalles.  <\/li>\n<\/ul>\n","protected":false},"excerpt":{"rendered":"<p>THINK TANK Mochila BackLight\u00ae Sprint (Negro Pizarra) \/ Negro pizarra Funciones Acceso al panel trasero del equipo sin quitar la<\/p>\n","protected":false},"featured_media":36199,"comment_status":"closed","ping_status":"open","template":"","meta":{"_acf_changed":false},"product_brand":[2645],"product_cat":[907],"product_tag":[],"class_list":{"0":"post-82372","1":"product","2":"type-product","3":"status-publish","4":"has-post-thumbnail","6":"product_brand-think-tank-es","7":"product_cat-mochilas-es","9":"first","10":"instock","11":"taxable","12":"shipping-taxable","13":"purchasable","14":"product-type-simple"},"bundled_by":[],"bundle_stock_status":"instock","bundle_stock_quantity":1,"bundle_virtual":false,"bundle_layout":"","bundle_add_to_cart_form_location":"","bundle_editable_in_cart":false,"bundle_sold_individually_context":"","bundle_item_grouping":"","bundle_min_size":"","bundle_max_size":"","bundle_price":[],"bundled_items":[],"bundle_sell_ids":[],"acf":[],"_links":{"self":[{"href":"https:\/\/hi-techwonder.com\/es\/wp-json\/wp\/v2\/product\/82372","targetHints":{"allow":["GET"]}}],"collection":[{"href":"https:\/\/hi-techwonder.com\/es\/wp-json\/wp\/v2\/product"}],"about":[{"href":"https:\/\/hi-techwonder.com\/es\/wp-json\/wp\/v2\/types\/product"}],"replies":[{"embeddable":true,"href":"https:\/\/hi-techwonder.com\/es\/wp-json\/wp\/v2\/comments?post=82372"}],"wp:featuredmedia":[{"embeddable":true,"href":"https:\/\/hi-techwonder.com\/es\/wp-json\/wp\/v2\/media\/36199"}],"wp:attachment":[{"href":"https:\/\/hi-techwonder.com\/es\/wp-json\/wp\/v2\/media?parent=82372"}],"wp:term":[{"taxonomy":"product_brand","embeddable":true,"href":"https:\/\/hi-techwonder.com\/es\/wp-json\/wp\/v2\/product_brand?post=82372"},{"taxonomy":"product_cat","embeddable":true,"href":"https:\/\/hi-techwonder.com\/es\/wp-json\/wp\/v2\/product_cat?post=82372"},{"taxonomy":"product_tag","embeddable":true,"href":"https:\/\/hi-techwonder.com\/es\/wp-json\/wp\/v2\/product_tag?post=82372"}],"curies":[{"name":"wp","href":"https:\/\/api.w.org\/{rel}","templated":true}]}}