{"id":82373,"date":"2025-07-29T00:12:25","date_gmt":"2025-07-29T00:12:25","guid":{"rendered":"https:\/\/hi-techwonder.com\/product\/puluz-mochila-impermeable-pu5011h-gris\/"},"modified":"2025-07-29T00:12:25","modified_gmt":"2025-07-29T00:12:25","slug":"puluz-mochila-impermeable-pu5011h-gris","status":"publish","type":"product","link":"https:\/\/hi-techwonder.com\/es\/producto\/puluz-mochila-impermeable-pu5011h-gris\/","title":{"rendered":"PULUZ Mochila Impermeable PU5011H (Gris)"},"content":{"rendered":"<p><b>Mochila fotogr\u00e1fica impermeable Puluz PU5011H (gris)<\/b><\/p>\n<p>Es la mochila profesional Puluz perfecta para llevar diversos accesorios fotogr\u00e1ficos y c\u00e1maras. Fabricado con materiales de alta calidad, tiene un interior especialmente dise\u00f1ado con compartimentos ajustables que protegen de forma fiable su equipo de posibles da\u00f1os. Adem\u00e1s, puede ajustarlo f\u00e1cilmente a sus necesidades.  <\/p>\n<p><\/p>\n<p><\/p>\n<p>La mochila profesional Puluz es un accesorio \u00fatil, que ser\u00e1 perfecto para llevar diversos accesorios fotogr\u00e1ficos y c\u00e1maras. Est\u00e1 fabricado con materiales de alta calidad y su interior est\u00e1 especialmente dise\u00f1ado con compartimentos ajustables que protegen de forma fiable tu equipo de posibles da\u00f1os. &nbsp;<\/p>\n<p><\/p>\n<p><\/p>\n<p><\/p>\n<p><b>Acomoda todos sus elementos esenciales<\/b><\/p>\n<p>La mochila es muy espaciosa, adem\u00e1s de su c\u00e1mara y accesorios dedicados, tambi\u00e9n tiene capacidad para un<b> cuaderno de 15,6 pulgadas,<\/b> una botella de agua, una tableta, un peri\u00f3dico, un tel\u00e9fono inteligente, gafas de sol, una toalla peque\u00f1a, un paraguas y cosm\u00e9ticos. La mochila tambi\u00e9n tiene una toma de corriente externa para un cable de auriculares. <\/p>\n<p><\/p>\n<p><b>Funciones:<\/b><\/p>\n<p>Dimensiones: 43x30x19,5cm<\/p>\n<p>Peso: 745g<\/p>\n<p>&#8211; Interior ajustable: S\u00ed<\/p>\n<p>Material: Poli\u00e9ster<\/p>\n<p>Cubierta impermeable incluida<\/p>\n<p><\/p>\n<p><\/p>\n","protected":false},"excerpt":{"rendered":"<p>Mochila fotogr\u00e1fica impermeable Puluz PU5011H (gris) Es la mochila profesional Puluz perfecta para llevar diversos accesorios fotogr\u00e1ficos y c\u00e1maras. Fabricado<\/p>\n","protected":false},"featured_media":35417,"comment_status":"closed","ping_status":"open","template":"","meta":{"_acf_changed":false},"product_brand":[2582],"product_cat":[907],"product_tag":[],"class_list":{"0":"post-82373","1":"product","2":"type-product","3":"status-publish","4":"has-post-thumbnail","6":"product_brand-puluz-es","7":"product_cat-mochilas-es","9":"first","10":"instock","11":"taxable","12":"shipping-taxable","13":"purchasable","14":"product-type-simple"},"bundled_by":[],"bundle_stock_status":"instock","bundle_stock_quantity":1,"bundle_virtual":false,"bundle_layout":"","bundle_add_to_cart_form_location":"","bundle_editable_in_cart":false,"bundle_sold_individually_context":"","bundle_item_grouping":"","bundle_min_size":"","bundle_max_size":"","bundle_price":[],"bundled_items":[],"bundle_sell_ids":[],"acf":[],"_links":{"self":[{"href":"https:\/\/hi-techwonder.com\/es\/wp-json\/wp\/v2\/product\/82373","targetHints":{"allow":["GET"]}}],"collection":[{"href":"https:\/\/hi-techwonder.com\/es\/wp-json\/wp\/v2\/product"}],"about":[{"href":"https:\/\/hi-techwonder.com\/es\/wp-json\/wp\/v2\/types\/product"}],"replies":[{"embeddable":true,"href":"https:\/\/hi-techwonder.com\/es\/wp-json\/wp\/v2\/comments?post=82373"}],"wp:featuredmedia":[{"embeddable":true,"href":"https:\/\/hi-techwonder.com\/es\/wp-json\/wp\/v2\/media\/35417"}],"wp:attachment":[{"href":"https:\/\/hi-techwonder.com\/es\/wp-json\/wp\/v2\/media?parent=82373"}],"wp:term":[{"taxonomy":"product_brand","embeddable":true,"href":"https:\/\/hi-techwonder.com\/es\/wp-json\/wp\/v2\/product_brand?post=82373"},{"taxonomy":"product_cat","embeddable":true,"href":"https:\/\/hi-techwonder.com\/es\/wp-json\/wp\/v2\/product_cat?post=82373"},{"taxonomy":"product_tag","embeddable":true,"href":"https:\/\/hi-techwonder.com\/es\/wp-json\/wp\/v2\/product_tag?post=82373"}],"curies":[{"name":"wp","href":"https:\/\/api.w.org\/{rel}","templated":true}]}}