{"id":82374,"date":"2025-07-28T23:56:51","date_gmt":"2025-07-28T23:56:51","guid":{"rendered":"https:\/\/hi-techwonder.com\/product\/falcam-ulanzi-maglink-3239-mini-kit-2x-hebillas-magneticas\/"},"modified":"2026-02-11T16:40:00","modified_gmt":"2026-02-11T16:40:00","slug":"falcam-ulanzi-maglink-3239-mini-kit-2x-hebillas-magneticas","status":"publish","type":"product","link":"https:\/\/hi-techwonder.com\/es\/producto\/falcam-ulanzi-maglink-3239-mini-kit-2x-hebillas-magneticas\/","title":{"rendered":"FALCAM ULANZI MAGLINK 3239 Mini Kit 2x Hebillas Magn\u00e9ticas"},"content":{"rendered":"<p><strong>FALCAM Maglink 3239 <\/strong><strong>3239 Mini Kit 2x Hebillas Magn\u00e9ticas<\/strong><\/p>\n<p><strong>Funciones:<\/strong><\/p>\n<ul>\n<li>2 hebillas termopl\u00e1sticas<\/li>\n<li>2 hebillas de cola de cuerda de Dyneema<\/li>\n<li>Las hebillas soportan hasta 60 kg<\/li>\n<li>Liberaci\u00f3n r\u00e1pida magn\u00e9tica<\/li>\n<\/ul>\n<p><img decoding=\"async\" src=\"blob:https:\/\/adm.hi-techwonder.com\/c17ed71a-8345-4bb8-b1a8-42392fe8a2bd\" alt=\"\"><\/p>\n<p><strong>Contenido del paquete:<\/strong><\/p>\n<ul>\n<li>1 x Mini Kit de dos hebillas magn\u00e9ticas r\u00e1pidas Falcam Maglink<\/li>\n<\/ul>\n<p><strong>Descripci\u00f3n:<\/strong><\/p>\n<ul>\n<li style=\"text-align: justify;\">Fije su c\u00e1mara a la correa de forma r\u00e1pida y segura con el mini kit de hebilla magn\u00e9tica r\u00e1pida Maglink de Falcam. Estas hebillas de conexi\u00f3n r\u00e1pida son f\u00e1ciles de instalar en la c\u00e1mara y la correa y no se desenredar\u00e1n a menos que se tiren deliberadamente. La hebilla de mujer est\u00e1 hecha de un material termopl\u00e1stico suave que no rayar\u00e1 su c\u00e1mara y la hebilla trasera est\u00e1 hecha de cuerda Dyneema de 18 trenzas resistente al desgaste. Estos mangos son adecuados para c\u00e1maras m\u00e1s pesadas y soportan cargas de hasta 60 kg.   <\/li>\n<\/ul>\n<p><img decoding=\"async\" src=\"blob:https:\/\/adm.hi-techwonder.com\/19db3e8e-57f3-40df-a05f-99e6dc9f1b7a\" alt=\"\"><\/p>\n<p><strong style=\"font-size: 2rem; background-color: #ffffff; font-family: OpenSans, 'Segoe UI', Helvetica, Roboto, Arial, sans-serif; text-transform: capitalize;\"><span style=\"box-sizing: inherit; vertical-align: inherit;\"><span style=\"box-sizing: inherit; vertical-align: inherit;\">Caracter\u00edsticas t\u00e9cnicas:<\/span><\/span><\/strong><\/p>\n<p>Falcam 3239<\/p>\n<div class=\"group_fDXOr6EpR9\" style=\"box-sizing: inherit; margin-bottom: 2.1875rem; font-family: OpenSans, 'Segoe UI', Helvetica, Roboto, Arial, sans-serif; font-size: 16px; background-color: #ffffff;\">\n<table class=\"table_fDXOr6EpR9\" style=\"box-sizing: inherit; width: 936.656px;\" data-selenium=\"specsItemGroupTable\">\n<tbody style=\"box-sizing: inherit;\">\n<tr class=\"pair_KqJ3Q3GPKv\" style=\"box-sizing: inherit; border-bottom: 0.0625rem solid #e5e5e5;\" data-selenium=\"specsItemGroupTableRow\">\n<td class=\"label_KqJ3Q3GPKv firstSpecWhenNoGroupName_KqJ3Q3GPKv\" style=\"box-sizing: inherit; border-top: none; padding: 0px 0px 1.25rem; width: 355.922px; color: #666666; font-size: 1.125rem; line-height: 1.375rem; vertical-align: baseline;\" data-selenium=\"specsItemGroupTableColumnLabel\"><span style=\"box-sizing: inherit; vertical-align: inherit;\">Lanzamiento r\u00e1pido<\/span><\/td>\n<td class=\"value_KqJ3Q3GPKv firstSpecWhenNoGroupName_KqJ3Q3GPKv\" style=\"box-sizing: inherit; color: #666666; font-size: 1.125rem; line-height: 1.375rem; vertical-align: baseline; padding: 0px 0px 1.25rem 2.5rem;\" data-selenium=\"specsItemGroupTableColumnValue\">\n<div class=\"expandableValue_KqJ3Q3GPKv\" style=\"box-sizing: inherit;\">S\u00ed<\/div>\n<\/td>\n<\/tr>\n<tr class=\"pair_KqJ3Q3GPKv\" style=\"box-sizing: inherit; border-bottom: 0.0625rem solid #e5e5e5;\" data-selenium=\"specsItemGroupTableRow\">\n<td class=\"label_KqJ3Q3GPKv\" style=\"box-sizing: inherit; border-top: none; padding: 1.25rem 0px; width: 355.922px; color: #666666; font-size: 1.125rem; line-height: 1.375rem; vertical-align: baseline;\" data-selenium=\"specsItemGroupTableColumnLabel\"><span style=\"box-sizing: inherit; vertical-align: inherit;\">Capacidad de carga<\/span><\/td>\n<td class=\"value_KqJ3Q3GPKv\" style=\"box-sizing: inherit; color: #666666; font-size: 1.125rem; line-height: 1.375rem; vertical-align: baseline; padding: 1.25rem 0px 1.25rem 2.5rem;\" data-selenium=\"specsItemGroupTableColumnValue\">\n<div class=\"expandableValue_KqJ3Q3GPKv\" style=\"box-sizing: inherit;\">60 kg<\/div>\n<\/td>\n<\/tr>\n<tr class=\"pair_KqJ3Q3GPKv\" style=\"box-sizing: inherit; border-bottom: 0.0625rem solid #e5e5e5;\" data-selenium=\"specsItemGroupTableRow\">\n<td class=\"label_KqJ3Q3GPKv\" style=\"box-sizing: inherit; border-top: none; padding: 1.25rem 0px; width: 355.922px; color: #666666; font-size: 1.125rem; line-height: 1.375rem; vertical-align: baseline;\" data-selenium=\"specsItemGroupTableColumnLabel\"><span style=\"box-sizing: inherit; vertical-align: inherit;\">Peso<\/span><\/td>\n<td class=\"value_KqJ3Q3GPKv\" style=\"box-sizing: inherit; color: #666666; font-size: 1.125rem; line-height: 1.375rem; vertical-align: baseline; padding: 1.25rem 0px 1.25rem 2.5rem;\" data-selenium=\"specsItemGroupTableColumnValue\">\n<div class=\"expandableValue_KqJ3Q3GPKv\" style=\"box-sizing: inherit;\">19g<\/div>\n<\/td>\n<\/tr>\n<\/tbody>\n<\/table>\n<\/div>\n","protected":false},"excerpt":{"rendered":"<p>FALCAM Maglink 3239 3239 Mini Kit 2x Hebillas Magn\u00e9ticas Funciones: 2 hebillas termopl\u00e1sticas 2 hebillas de cola de cuerda de<\/p>\n","protected":false},"featured_media":30690,"comment_status":"closed","ping_status":"closed","template":"","meta":{"_acf_changed":false},"product_brand":[2636],"product_cat":[903],"product_tag":[],"class_list":{"0":"post-82374","1":"product","2":"type-product","3":"status-publish","4":"has-post-thumbnail","6":"product_brand-falcam-ulanzi-es","7":"product_cat-correas-y-tirantes","8":"pa_cor-negro","10":"first","11":"instock","12":"taxable","13":"shipping-taxable","14":"purchasable","15":"product-type-simple"},"bundled_by":[],"bundle_stock_status":"instock","bundle_stock_quantity":5,"bundle_virtual":false,"bundle_layout":"","bundle_add_to_cart_form_location":"","bundle_editable_in_cart":false,"bundle_sold_individually_context":"","bundle_item_grouping":"","bundle_min_size":"","bundle_max_size":"","bundle_price":[],"bundled_items":[],"bundle_sell_ids":[],"acf":[],"_links":{"self":[{"href":"https:\/\/hi-techwonder.com\/es\/wp-json\/wp\/v2\/product\/82374","targetHints":{"allow":["GET"]}}],"collection":[{"href":"https:\/\/hi-techwonder.com\/es\/wp-json\/wp\/v2\/product"}],"about":[{"href":"https:\/\/hi-techwonder.com\/es\/wp-json\/wp\/v2\/types\/product"}],"replies":[{"embeddable":true,"href":"https:\/\/hi-techwonder.com\/es\/wp-json\/wp\/v2\/comments?post=82374"}],"wp:featuredmedia":[{"embeddable":true,"href":"https:\/\/hi-techwonder.com\/es\/wp-json\/wp\/v2\/media\/30690"}],"wp:attachment":[{"href":"https:\/\/hi-techwonder.com\/es\/wp-json\/wp\/v2\/media?parent=82374"}],"wp:term":[{"taxonomy":"product_brand","embeddable":true,"href":"https:\/\/hi-techwonder.com\/es\/wp-json\/wp\/v2\/product_brand?post=82374"},{"taxonomy":"product_cat","embeddable":true,"href":"https:\/\/hi-techwonder.com\/es\/wp-json\/wp\/v2\/product_cat?post=82374"},{"taxonomy":"product_tag","embeddable":true,"href":"https:\/\/hi-techwonder.com\/es\/wp-json\/wp\/v2\/product_tag?post=82374"}],"curies":[{"name":"wp","href":"https:\/\/api.w.org\/{rel}","templated":true}]}}