{"id":82376,"date":"2025-07-29T00:14:23","date_gmt":"2025-07-29T00:14:23","guid":{"rendered":"https:\/\/hi-techwonder.com\/product\/think-tank-backlight-18l-negro-pizarra-preto-ardosia\/"},"modified":"2026-04-09T12:12:03","modified_gmt":"2026-04-09T11:12:03","slug":"think-tank-backlight-18l-negro-pizarra-preto-ardosia","status":"publish","type":"product","link":"https:\/\/hi-techwonder.com\/es\/producto\/think-tank-backlight-18l-negro-pizarra-preto-ardosia\/","title":{"rendered":"THINK TANK BackLight 18L Negro Pizarra (Preto Ard\u00f3sia)"},"content":{"rendered":"<p><b>THINK TANK Retroiluminaci\u00f3n\u00ae 18L Negro Pizarra<\/b><\/p>\n<p><\/p>\n<p><strong>Funciones<\/strong><\/p>\n<ul>\n<li>Acceso al panel trasero para el equipo de c\u00e1mara sin quitar la mochila, lo que facilita el trabajo en diferentes terrenos sin ensuciar el arn\u00e9s.<\/li>\n<li>Compartimentos dedicados para una computadora port\u00e1til de hasta 13 \u00aby una tableta de tama\u00f1o completo (hasta 10\u00bb).<\/li>\n<li>Capacidad total de 18L, incluidos 5L en los bolsillos delanteros para art\u00edculos personales como ropa, comida u otros elementos esenciales.<\/li>\n<li>Sistema de montaje para tr\u00edpode o monopie en la parte frontal o lateral.<\/li>\n<li>Cintur\u00f3n acolchado, que brinda comodidad durante todo el d\u00eda, con soporte adicional para los accesorios Think Tank.<\/li>\n<li>Bolsillo superior con cremallera para un acceso r\u00e1pido a lo esencial.<\/li>\n<li>Grandes bolsillos laterales con cordones para botellas de agua de hasta 1L.<\/li>\n<li>Sistema de compresi\u00f3n lateral con sujetadores SR de bloqueo para mayor seguridad y puntos de sujeci\u00f3n adicionales.<\/li>\n<li>Cubierta para la lluvia con costuras selladas, incluida para una protecci\u00f3n adicional en condiciones clim\u00e1ticas adversas.<\/li>\n<li>Materiales duraderos y de alta resistencia, que incluyen nailon Dynatec 420D, malla 320G UltraStretch y cierres YKK\u00ae RC Fuse, para una mayor durabilidad.<\/li>\n<li>Soporte lumbar con canal de aire para mayor comodidad durante un uso prolongado.<\/li>\n<\/ul>\n<hr>\n<p><strong>Contenido del paquete<\/strong><\/p>\n<ul>\n<li>1x Mochila Think Tank BackLight 18L Slate Black<\/li>\n<li>1x cubierta impermeable para la lluvia<\/li>\n<\/ul>\n<p><\/p>\n<p><\/p>\n<hr>\n<p><strong>Descripci\u00f3n<\/strong><\/p>\n<ul>\n<li>La mochila <strong>Think Tank BackLight\u00ae 18L Slate Black<\/strong> es una soluci\u00f3n pr\u00e1ctica para los fot\u00f3grafos que necesitan un transporte seguro y asequible para su equipo en cualquier situaci\u00f3n. Con acceso al panel posterior, puede acceder f\u00e1cilmente a las c\u00e1maras y lentes sin necesidad de quitarse la mochila, incluso en terrenos embarrados, h\u00famedos o helados. Esta mochila tambi\u00e9n ofrece compartimentos dedicados para un port\u00e1til de hasta 13&#8243; y una tableta de 10&#8243;, as\u00ed como bolsillos delanteros para objetos personales, lo que la convierte en una opci\u00f3n ideal para aventuras al aire libre o desplazamientos urbanos. Con un sistema de montaje de tr\u00edpode o monopie, cintur\u00f3n acolchado y varios puntos de fijaci\u00f3n externos, esta mochila garantiza un transporte c\u00f3modo y seguro de su equipo fotogr\u00e1fico.   <\/li>\n<\/ul>\n<p><\/p>\n<p style=\"text-align: center;  \"><\/p>\n<hr>\n<p><strong>Especificaciones t\u00e9cnicas<\/strong><\/p>\n<ul>\n<li><strong>Dimensiones externas<\/strong>: 47 x 27 x 18 cm<\/li>\n<li><strong>Dimensiones internas del compartimento de la c\u00e1mara<\/strong>: 42,5 x 24 x 14 cm<\/li>\n<li><strong>Dimensiones del bolsillo para port\u00e1til<\/strong>: 35 x 22,5 x 2 cm (port\u00e1til de hasta 13&#8243;)<\/li>\n<li><strong>Dimensiones del bolsillo de la tableta<\/strong>: 26 x 22 x 1,5 cm (tableta de hasta 10&#8243;)<\/li>\n<li><strong>Peso<\/strong>: 1,6 kg<\/li>\n<li><strong>Volumen total<\/strong>: 18 L<\/li>\n<li><strong>Color<\/strong>: Negro pizarra<\/li>\n<li><strong>Material exterior<\/strong>: nailon Dynatec 420D de alta densidad, malla 320G UltraStretch, malla de malla de aire 350G, cremalleras YKK\u00ae RC Fuse con revestimiento repelente al agua.<\/li>\n<li><strong>Material interior<\/strong>: Forro de nailon plateado 210D, espuma de celda cerrada de alta densidad, refuerzo de placa de PE.<\/li>\n<li><strong>Capacidad m\u00e1xima del equipo<\/strong>: 2 cuerpos de c\u00e1mara de tama\u00f1o est\u00e1ndar con lentes acoplados y 1-3 lentes de zoom est\u00e1ndar, con espacio adicional en los bolsillos delanteros para hasta 5L de pertenencias personales.<\/li>\n<\/ul>\n<hr>\n<p><strong>Embalaje<\/strong><\/p>\n<ul>\n<li><strong>Peso del paquete<\/strong>: 2,12 kg<\/li>\n<li><strong>Dimensiones del paquete (largo x ancho x alto):<\/strong> 49,3 x 30,7 x 25,6 cm<\/li>\n<\/ul>\n<hr>\n<p><strong>Informaci\u00f3n adicional<\/strong><br \/>Nota: Im\u00e1genes ilustrativas. Equipo ilustrativo no incluido. Consulte el contenido y las especificaciones del paquete para obtener m\u00e1s detalles.  <\/p>\n","protected":false},"excerpt":{"rendered":"<p>THINK TANK Retroiluminaci\u00f3n\u00ae 18L Negro Pizarra Funciones Acceso al panel trasero para el equipo de c\u00e1mara sin quitar la mochila,<\/p>\n","protected":false},"featured_media":36279,"comment_status":"closed","ping_status":"open","template":"","meta":{"_acf_changed":false},"product_brand":[2645],"product_cat":[907],"product_tag":[],"class_list":{"0":"post-82376","1":"product","2":"type-product","3":"status-publish","4":"has-post-thumbnail","6":"product_brand-think-tank-es","7":"product_cat-mochilas-es","9":"first","10":"onbackorder","11":"taxable","12":"shipping-taxable","13":"purchasable","14":"product-type-simple"},"bundled_by":[],"bundle_stock_status":"onbackorder","bundle_stock_quantity":null,"bundle_virtual":false,"bundle_layout":"","bundle_add_to_cart_form_location":"","bundle_editable_in_cart":false,"bundle_sold_individually_context":"","bundle_item_grouping":"","bundle_min_size":"","bundle_max_size":"","bundle_price":[],"bundled_items":[],"bundle_sell_ids":[],"acf":[],"_links":{"self":[{"href":"https:\/\/hi-techwonder.com\/es\/wp-json\/wp\/v2\/product\/82376","targetHints":{"allow":["GET"]}}],"collection":[{"href":"https:\/\/hi-techwonder.com\/es\/wp-json\/wp\/v2\/product"}],"about":[{"href":"https:\/\/hi-techwonder.com\/es\/wp-json\/wp\/v2\/types\/product"}],"replies":[{"embeddable":true,"href":"https:\/\/hi-techwonder.com\/es\/wp-json\/wp\/v2\/comments?post=82376"}],"wp:featuredmedia":[{"embeddable":true,"href":"https:\/\/hi-techwonder.com\/es\/wp-json\/wp\/v2\/media\/36279"}],"wp:attachment":[{"href":"https:\/\/hi-techwonder.com\/es\/wp-json\/wp\/v2\/media?parent=82376"}],"wp:term":[{"taxonomy":"product_brand","embeddable":true,"href":"https:\/\/hi-techwonder.com\/es\/wp-json\/wp\/v2\/product_brand?post=82376"},{"taxonomy":"product_cat","embeddable":true,"href":"https:\/\/hi-techwonder.com\/es\/wp-json\/wp\/v2\/product_cat?post=82376"},{"taxonomy":"product_tag","embeddable":true,"href":"https:\/\/hi-techwonder.com\/es\/wp-json\/wp\/v2\/product_tag?post=82376"}],"curies":[{"name":"wp","href":"https:\/\/api.w.org\/{rel}","templated":true}]}}