{"id":82377,"date":"2025-07-29T00:02:02","date_gmt":"2025-07-29T00:02:02","guid":{"rendered":"https:\/\/hi-techwonder.com\/product\/puluz-pu5016b-bolso-de-hombro-negro\/"},"modified":"2025-09-16T11:52:54","modified_gmt":"2025-09-16T11:52:54","slug":"puluz-pu5016b-bolso-de-hombro-negro","status":"publish","type":"product","link":"https:\/\/hi-techwonder.com\/es\/producto\/puluz-pu5016b-bolso-de-hombro-negro\/","title":{"rendered":"PULUZ PU5016B Bolso de hombro (negro)"},"content":{"rendered":"<p><\/p>\n<p><b>PULUZ PU5016B Bolso de hombro (negro)<\/b><\/p>\n<p>\u00bfBuscas una bolsa resistente para mantener tu equipo seguro? Fabricada en material textil resistente al desgaste e impermeable, esta bolsa Puluz seguramente cumplir\u00e1 con sus expectativas, ya que ha sido dise\u00f1ada de tal manera que garantiza la m\u00e1xima seguridad de su equipo. <\/p>\n<p><\/p>\n<p><b>Acabado s\u00f3lido<\/b><\/p>\n<p>La bolsa estaba hecha de materiales resistentes al desgaste e impermeables. Garantiza una seguridad total para su equipo, gracias al tejido grueso en su interior, dise\u00f1ado para minimizar los da\u00f1os causados. <\/p>\n<p><b><br \/><\/b><\/p>\n<p><b><br \/><\/b><\/p>\n<p><b>Perfecto para el uso diario<\/b><\/p>\n<p>Al ser ligero y plegable, cuenta con compartimentos acolchados en su interior para guardar tu smartphone y otros objetos peque\u00f1os, lo que lo hace perfecto para el uso diario. \u00a1Y eso no es todo! Gracias a las cremalleras dobles, proporciona seguridad adicional, mientras que las correas de hombro suaves y c\u00f3modas, ajustables seg\u00fan sea necesario, garantizan la comodidad de uso.  <\/p>\n<p><b>Funciones:<\/b><\/p>\n<p>Dimensiones: 37x13x20cm<\/p>\n<p>Material textil impermeable<\/p>\n<p>Plegable<\/p>\n","protected":false},"excerpt":{"rendered":"<p>PULUZ PU5016B Bolso de hombro (negro) \u00bfBuscas una bolsa resistente para mantener tu equipo seguro? Fabricada en material textil resistente<\/p>\n","protected":false},"featured_media":32064,"comment_status":"closed","ping_status":"open","template":"","meta":{"_acf_changed":false},"product_brand":[2582],"product_cat":[906],"product_tag":[],"class_list":{"0":"post-82377","1":"product","2":"type-product","3":"status-publish","4":"has-post-thumbnail","6":"product_brand-puluz-es","7":"product_cat-de-hombro","9":"first","10":"instock","11":"taxable","12":"shipping-taxable","13":"purchasable","14":"product-type-simple"},"bundled_by":[],"bundle_stock_status":"instock","bundle_stock_quantity":1,"bundle_virtual":false,"bundle_layout":"","bundle_add_to_cart_form_location":"","bundle_editable_in_cart":false,"bundle_sold_individually_context":"","bundle_item_grouping":"","bundle_min_size":"","bundle_max_size":"","bundle_price":[],"bundled_items":[],"bundle_sell_ids":[],"acf":[],"_links":{"self":[{"href":"https:\/\/hi-techwonder.com\/es\/wp-json\/wp\/v2\/product\/82377","targetHints":{"allow":["GET"]}}],"collection":[{"href":"https:\/\/hi-techwonder.com\/es\/wp-json\/wp\/v2\/product"}],"about":[{"href":"https:\/\/hi-techwonder.com\/es\/wp-json\/wp\/v2\/types\/product"}],"replies":[{"embeddable":true,"href":"https:\/\/hi-techwonder.com\/es\/wp-json\/wp\/v2\/comments?post=82377"}],"wp:featuredmedia":[{"embeddable":true,"href":"https:\/\/hi-techwonder.com\/es\/wp-json\/wp\/v2\/media\/32064"}],"wp:attachment":[{"href":"https:\/\/hi-techwonder.com\/es\/wp-json\/wp\/v2\/media?parent=82377"}],"wp:term":[{"taxonomy":"product_brand","embeddable":true,"href":"https:\/\/hi-techwonder.com\/es\/wp-json\/wp\/v2\/product_brand?post=82377"},{"taxonomy":"product_cat","embeddable":true,"href":"https:\/\/hi-techwonder.com\/es\/wp-json\/wp\/v2\/product_cat?post=82377"},{"taxonomy":"product_tag","embeddable":true,"href":"https:\/\/hi-techwonder.com\/es\/wp-json\/wp\/v2\/product_tag?post=82377"}],"curies":[{"name":"wp","href":"https:\/\/api.w.org\/{rel}","templated":true}]}}