{"id":82378,"date":"2025-07-29T00:14:47","date_gmt":"2025-07-29T00:14:47","guid":{"rendered":"https:\/\/hi-techwonder.com\/product\/think-tank-retroiluminacion-18l-montane-green-verde\/"},"modified":"2025-12-31T03:35:28","modified_gmt":"2025-12-31T03:35:28","slug":"think-tank-retroiluminacion-18l-montane-green-verde","status":"publish","type":"product","link":"https:\/\/hi-techwonder.com\/es\/producto\/think-tank-retroiluminacion-18l-montane-green-verde\/","title":{"rendered":"THINK TANK Retroiluminaci\u00f3n 18L Montane Green (Verde)"},"content":{"rendered":"<p>THINK TANK Retroiluminaci\u00f3n\u00ae 18L Montane Green, Verde&nbsp;<\/p>\n<p><\/p>\n<p><strong>Funciones<\/strong><\/p>\n<ul>\n<li>Sistema de acceso trasero al compartimento fotogr\u00e1fico, permitiendo el acceso al equipo sin necesidad de quitar la mochila.<\/li>\n<li>Compartimento dedicado para un port\u00e1til de hasta 13&#8243; y una tableta de tama\u00f1o completo de hasta 10&#8243;.<\/li>\n<li>Capacidad de 5L en el bolsillo delantero para objetos personales como ropa ligera y comida.<\/li>\n<li>Sistema de fijaci\u00f3n para tr\u00edpode\/monopie, montado en la parte delantera o lateral.<\/li>\n<li>Cintura acolchada ajustable para mayor comodidad, con gu\u00eda de fijaci\u00f3n para accesorios modulares.<\/li>\n<li>Dos bolsillos laterales con cierre de cord\u00f3n, con capacidad para botellas de hasta 1 L.<\/li>\n<li>Correas ergon\u00f3micas para los hombros y la espalda con canal de ventilaci\u00f3n y soporte lumbar, que brindan comodidad durante un uso prolongado.<\/li>\n<li>Materiales de alta durabilidad: nailon Dynatec 420D y sujetadores de fusibles YKK\u00ae RC resistentes a la abrasi\u00f3n.<\/li>\n<li>Divisores ajustables para c\u00e1maras y lentes, lo que permite la personalizaci\u00f3n del espacio.<\/li>\n<li>Incluye funda para la lluvia para protecci\u00f3n en condiciones clim\u00e1ticas adversas.<\/li>\n<\/ul>\n<p><strong>Contenido del paquete<\/strong><\/p>\n<ul>\n<li>1 Think Tank Mochila BackLight 18L Montane Green<\/li>\n<li>1 Cubierta de lluvia integrada para protecci\u00f3n contra la intemperie<\/li>\n<\/ul>\n<p><\/p>\n<p><\/p>\n<p><strong>Descripci\u00f3n<\/strong><\/p>\n<ul>\n<li><iframe loading=\"lazy\" frameborder=\"0\" src=\"https:\/\/www.youtube.com\/embed\/MoqrpSYMuz0?start=2\" width=\"640\" height=\"360\" class=\"note-video-clip\" referrerpolicy=\"strict-origin-when-cross-origin\"><\/iframe><strong><br \/><\/strong><br \/>La Think Tank BackLight 18L Montane Green es una mochila fotogr\u00e1fica de primera calidad, ideal para fot\u00f3grafos en movimiento que valoran la seguridad y la practicidad en el transporte de su equipo. Con acceso al compartimento para fotos desde la parte posterior, los usuarios pueden quitar el equipo sin quitar la mochila, manteni\u00e9ndolo protegido de la suciedad y el polvo. El bolsillo frontal de 5L tiene capacidad para art\u00edculos personales, mientras que el compartimento para computadora port\u00e1til y tableta le permite transportar dispositivos de hasta 13 \u00aby 10\u00bb respectivamente. Los materiales de alta resistencia, combinados con el dise\u00f1o ergon\u00f3mico y la capacidad de expansi\u00f3n, hacen de esta mochila una excelente opci\u00f3n para aquellos que necesitan versatilidad y durabilidad.   <\/li>\n<\/ul>\n<p><\/p>\n<p style=\"text-align: center;  \"><strong><br \/><\/strong><\/p>\n<p><strong><br \/><\/strong><\/p>\n<p><strong>Especificaciones t\u00e9cnicas<\/strong><\/p>\n<ul>\n<li><strong>Modelo:<\/strong> Retroiluminaci\u00f3n 18L<\/li>\n<li><strong>Dimensiones exteriores:<\/strong> 27 x 47 x 18 cm<\/li>\n<li><strong>Dimensiones interiores:<\/strong> 24 x 42,5 x 14 cm<\/li>\n<li><strong>Compartimento para port\u00e1til: hasta<\/strong> 13&#8243; (22,5 x 35 x 2,1 cm)<\/li>\n<li><strong>Compartimento para tableta: hasta<\/strong> 10&#8243; (22 x 26 x 1,5 cm)<\/li>\n<li><strong>Peso:<\/strong> 1,6 kg<\/li>\n<li><strong>Volumen total:<\/strong> 18 L<\/li>\n<li><strong>Material externo:<\/strong> Nylon 420D Dynatec, nailon de alta densidad 420D, malla 320G UltraStretch, malla de malla de aire 350G, cierres YKK\u00ae RC Fuse, tejido recubierto para resistencia al agua.<\/li>\n<li><strong>Material interior:<\/strong> Forro de nailon plateado 210D, bolsillos de malla hexa, espuma de celda cerrada de alta densidad, refuerzo con placa de PE.<\/li>\n<\/ul>\n<p><\/p>\n<p><strong>Embalaje<\/strong><\/p>\n<ul>\n<li><strong>Peso del paquete:<\/strong> 1,6 kg<\/li>\n<li><strong>Dimensiones del paquete:<\/strong> 27 x 18 x 47 cm<\/li>\n<\/ul>\n<p><\/p>\n<p><strong>Informaci\u00f3n adicional<\/strong><br \/>Nota: Im\u00e1genes ilustrativas. Equipo ilustrativo no incluido. Consulte el contenido y las especificaciones del paquete para obtener m\u00e1s detalles.  <\/p>\n","protected":false},"excerpt":{"rendered":"<p>THINK TANK Retroiluminaci\u00f3n\u00ae 18L Montane Green, Verde&nbsp; Funciones Sistema de acceso trasero al compartimento fotogr\u00e1fico, permitiendo el acceso al equipo<\/p>\n","protected":false},"featured_media":36347,"comment_status":"closed","ping_status":"open","template":"","meta":{"_acf_changed":false},"product_brand":[2645],"product_cat":[907],"product_tag":[],"class_list":{"0":"post-82378","1":"product","2":"type-product","3":"status-publish","4":"has-post-thumbnail","6":"product_brand-think-tank-es","7":"product_cat-mochilas-es","9":"first","10":"onbackorder","11":"taxable","12":"shipping-taxable","13":"purchasable","14":"product-type-simple"},"bundled_by":[],"bundle_stock_status":"onbackorder","bundle_stock_quantity":null,"bundle_virtual":false,"bundle_layout":"","bundle_add_to_cart_form_location":"","bundle_editable_in_cart":false,"bundle_sold_individually_context":"","bundle_item_grouping":"","bundle_min_size":"","bundle_max_size":"","bundle_price":[],"bundled_items":[],"bundle_sell_ids":[],"acf":[],"_links":{"self":[{"href":"https:\/\/hi-techwonder.com\/es\/wp-json\/wp\/v2\/product\/82378","targetHints":{"allow":["GET"]}}],"collection":[{"href":"https:\/\/hi-techwonder.com\/es\/wp-json\/wp\/v2\/product"}],"about":[{"href":"https:\/\/hi-techwonder.com\/es\/wp-json\/wp\/v2\/types\/product"}],"replies":[{"embeddable":true,"href":"https:\/\/hi-techwonder.com\/es\/wp-json\/wp\/v2\/comments?post=82378"}],"wp:featuredmedia":[{"embeddable":true,"href":"https:\/\/hi-techwonder.com\/es\/wp-json\/wp\/v2\/media\/36347"}],"wp:attachment":[{"href":"https:\/\/hi-techwonder.com\/es\/wp-json\/wp\/v2\/media?parent=82378"}],"wp:term":[{"taxonomy":"product_brand","embeddable":true,"href":"https:\/\/hi-techwonder.com\/es\/wp-json\/wp\/v2\/product_brand?post=82378"},{"taxonomy":"product_cat","embeddable":true,"href":"https:\/\/hi-techwonder.com\/es\/wp-json\/wp\/v2\/product_cat?post=82378"},{"taxonomy":"product_tag","embeddable":true,"href":"https:\/\/hi-techwonder.com\/es\/wp-json\/wp\/v2\/product_tag?post=82378"}],"curies":[{"name":"wp","href":"https:\/\/api.w.org\/{rel}","templated":true}]}}