{"id":82379,"date":"2025-07-29T00:02:57","date_gmt":"2025-07-29T00:02:57","guid":{"rendered":"https:\/\/hi-techwonder.com\/product\/think-tank-bolso-de-hombro-mirrorless-mover-5-gris\/"},"modified":"2025-09-04T07:53:54","modified_gmt":"2025-09-04T07:53:54","slug":"think-tank-bolso-de-hombro-mirrorless-mover-5-gris","status":"publish","type":"product","link":"https:\/\/hi-techwonder.com\/es\/producto\/think-tank-bolso-de-hombro-mirrorless-mover-5-gris\/","title":{"rendered":"THINK TANK Bolso de hombro Mirrorless Mover 5 gris"},"content":{"rendered":"<p><strong>THINK TANK Bolso de hombro Mirrorless Mover 5 en gris <\/strong><strong> fr\u00edo<\/strong><\/p>\n<p><strong>Funciones<\/strong><\/p>\n<ul>\n<li>Tapa basculante con cierre magn\u00e9tico<\/li>\n<li>Cremalleras YKK RC y herrajes met\u00e1licos<\/li>\n<li>Ranura transparente para tarjetas de memoria<\/li>\n<li>Correa de hombro desmontable<\/li>\n<li>M\u00faltiples bolsillos y organizador de accesorios<\/li>\n<li>Gancho para llaves y cord\u00f3n<\/li>\n<li>Empu\u00f1adura y trabilla para el cintur\u00f3n<\/li>\n<li>Bolsillo de almacenamiento para peque\u00f1os accesorios<\/li>\n<li>Tejido resistente a la intemperie e impermeable<\/li>\n<\/ul>\n<p><strong>Contenido del paquete:<\/strong><\/p>\n<ul>\n<li>Bolso de hombro Think Tank Photo Mirrorless Mover 5 (gris fr\u00edo)<\/li>\n<li>Correa de hombro de malla<\/li>\n<li>Divisor vertical<\/li>\n<li>Gancho de llave<\/li>\n<li>Impermeable<\/li>\n<\/ul>\n<p><strong><span style=\"font-size: 14px; background-color: #ffffff;\">Descripci\u00f3n del Think Tank Photo Mirrorless Mover 5 V2<\/span><\/strong><\/p>\n<p><span style=\"font-size: 14px; background-color: #ffffff;\"><iframe loading=\"lazy\" style=\"min-height: 500px; width: 100%; height: auto;\" src=\"https:\/\/www.youtube.com\/embed\/IAQ7r5HtA0w?si=fbRni53NsESnCUdJ\" width=\"560\" height=\"314\" allowfullscreen=\"allowfullscreen\"><\/iframe>Video: Bolsos de hombro para c\u00e1maras &#8211; Think Tank<\/span><\/p>\n<ul>\n<li style=\"text-align: justify;\">El bolso de hombro Mirrorless Mover 5 Grey de Think Tank Photo est\u00e1 dise\u00f1ado para el transporte y la protecci\u00f3n de su sistema mirrorless. Puede acomodar un peque\u00f1o cuerpo sin espejo con un peque\u00f1o teleobjetivo o lente panqueque. Guarda y organiza tus accesorios en el bolsillo delantero con cremallera o en los dos bolsillos laterales extensibles. La tapa superior con bisagras tiene un cierre magn\u00e9tico para un acceso r\u00e1pido y f\u00e1cil cuando la bolsa est\u00e1 abierta.   <\/li>\n<\/ul>\n<p><strong>Particularidades:<\/strong><\/p>\n<ul>\n<li>Espacio dedicado para tarjetas de memoria debajo de la cubierta<\/li>\n<li>Correa de hombro desmontable y pase para cintur\u00f3n<\/li>\n<li>Tapa abatible con cierre magn\u00e9tico para un acceso r\u00e1pido<\/li>\n<li>Cremalleras YKK RC de alta calidad y herrajes met\u00e1licos<\/li>\n<li>Bolsillo frontal de f\u00e1cil acceso con cremallera y organizador de accesorios<\/li>\n<li>Bolsillos laterales extensibles con refuerzo para accesorios<\/li>\n<li>Bolsillo de almacenamiento para bater\u00edas o accesorios compactos<\/li>\n<li>Gancho para llaves y cord\u00f3n<\/li>\n<li>Manipula la tapa<\/li>\n<li><strong>Tejido tratado con DWR*<\/strong> para protecci\u00f3n contra la intemperie<\/li>\n<li>Chubasquero con costuras<\/li>\n<\/ul>\n<p style=\"padding-left: 40px; text-align: justify;\"><strong>*<\/strong> La repelencia duradera al agua DWR significa que tiene nanotecnolog\u00eda desarrollada para aumentar el \u00e1ngulo de contacto del agua con la superficie, lo que dificulta que las peque\u00f1as gotas de agua penetren en las fibras textiles. Lo interesante de las tecnolog\u00edas repelentes es que tambi\u00e9n dificultan la absorci\u00f3n de suciedad y otros l\u00edquidos, lo que ayuda a prolongar la vida \u00fatil de los materiales. <\/p>\n<p><strong>Caracter\u00edsticas t\u00e9cnicas:<\/strong><\/p>\n<p>General<\/p>\n<div class=\"constraint-1\" style=\"box-sizing: border-box; width: auto; margin: 0px auto; max-width: 1400px; position: relative; color: rgba(0, 0, 0, 0.8); font-family: Poppins, Roboto, sans-serif; font-size: 13.3333px; letter-spacing: -0.036px; background-color: #ffffff;\">\n<div class=\"productdetail-container\" style=\"box-sizing: border-box; margin: 0px; display: flex; flex-direction: row; width: 1400px; justify-content: center;\">\n<div class=\"productdetail-interior\" style=\"box-sizing: border-box; width: 1400px;\">\n<div class=\"productspecs\" style=\"box-sizing: border-box;\">\n<div class=\"tabpanes\" style=\"box-sizing: border-box;\" data-scope=\"productdetail\">\n<div class=\"tabpane visible\" style=\"box-sizing: border-box; min-height: 400px; margin-top: 15px;\" data-scope=\"productdetail\" data-id=\"specs\">\n<div class=\"speccolums\" style=\"box-sizing: border-box; display: flex; flex-direction: column; line-height: 30px; justify-content: flex-start;\">\n<div class=\"speclist label-value\" style=\"box-sizing: border-box; display: flex; min-width: 100%; background-color: rgba(0, 0, 0, 0.06);\">\n<div class=\"label-value label\" style=\"box-sizing: border-box; width: 560px;\"><span style=\"box-sizing: border-box; vertical-align: inherit;\">Marca<\/span><\/div>\n<div class=\"label-value value\" style=\"box-sizing: border-box; width: 700px;\"><span style=\"box-sizing: border-box; vertical-align: inherit;\">Tanque de pensamiento<\/span><\/div>\n<\/div>\n<div class=\"speclist label-value\" style=\"box-sizing: border-box; display: flex; min-width: 100%; background-color: rgba(0, 0, 0, 0.06);\">\n<div class=\"label-value label\" style=\"box-sizing: border-box; width: 560px;\"><span style=\"box-sizing: border-box; vertical-align: inherit;\">C\u00f3digo HS<\/span><\/div>\n<div class=\"label-value value\" style=\"box-sizing: border-box; width: 700px;\"><span style=\"box-sizing: border-box; vertical-align: inherit;\">42029291<\/span><\/div>\n<\/div>\n<div class=\"speclist label-value\" style=\"box-sizing: border-box; display: flex; min-width: 100%;\">\n<div class=\"label-value label\" style=\"box-sizing: border-box; width: 560px;\"><span style=\"box-sizing: border-box; vertical-align: inherit;\">Color<\/span><\/div>\n<div class=\"label-value value\" style=\"box-sizing: border-box; width: 700px;\"><span style=\"box-sizing: border-box; vertical-align: inherit;\">Gris<\/span><\/div>\n<\/div>\n<div class=\"speclist label-value\" style=\"box-sizing: border-box; display: flex; min-width: 100%;\">\n<div class=\"label-value label\" style=\"box-sizing: border-box; width: 560px;\"><span style=\"box-sizing: border-box; vertical-align: inherit;\">Cintur\u00f3n<\/span><\/div>\n<p><img decoding=\"async\" class=\"boolvalue boolyes\" style=\"box-sizing: border-box; width: 20px; margin-top: 5px; color: #2ac352;\" src=\"https:\/\/b2bshop.digitaccess.es\/gfx\/icons\/yes.svg\" alt=\"\"><\/div>\n<div class=\"speclist label-value\" style=\"box-sizing: border-box; display: flex; min-width: 100%;\">\n<div class=\"label-value label\" style=\"box-sizing: border-box; width: 560px;\"><span style=\"box-sizing: border-box; vertical-align: inherit;\">Incluye fondo de lluvia<\/span><\/div>\n<p><img decoding=\"async\" class=\"boolvalue boolyes\" style=\"box-sizing: border-box; width: 20px; margin-top: 5px; color: #2ac352;\" src=\"https:\/\/b2bshop.digitaccess.es\/gfx\/icons\/yes.svg\" alt=\"\"><\/div>\n<div class=\"speclist label-value\" style=\"box-sizing: border-box; display: flex; min-width: 100%; background-color: rgba(0, 0, 0, 0.06);\">\n<div class=\"label-value label\" style=\"box-sizing: border-box; width: 560px;\"><span style=\"box-sizing: border-box; vertical-align: inherit;\">Insertos extra\u00edbles<\/span><\/div>\n<p><img decoding=\"async\" class=\"boolvalue boolyes\" style=\"box-sizing: border-box; width: 20px; margin-top: 5px;\" src=\"https:\/\/b2bshop.digitaccess.es\/gfx\/icons\/yes.svg\" alt=\"\"><\/div>\n<div class=\"speclist label-value\" style=\"box-sizing: border-box; display: flex; min-width: 100%;\">\n<div class=\"label-value label\" style=\"box-sizing: border-box; width: 560px;\"><span style=\"box-sizing: border-box; vertical-align: inherit;\">Compartimento para tableta<\/span><\/div>\n<p><img decoding=\"async\" class=\"boolvalue boolno\" style=\"box-sizing: border-box; width: 20px; margin-top: 5px; color: #d61920;\" src=\"https:\/\/b2bshop.digitaccess.es\/gfx\/icons\/no.svg\" alt=\"\"><\/div>\n<div class=\"speclist\" style=\"box-sizing: border-box; display: flex; min-width: 100%;\">\n<div class=\"label-value value\" style=\"box-sizing: border-box; width: 700px;\">\n<div class=\"list specvalues\" style=\"box-sizing: border-box;\">Dimensiones\/Peso<\/div>\n<\/div>\n<\/div>\n<div class=\"speclist label-value\" style=\"box-sizing: border-box; display: flex; min-width: 100%;\">\n<div class=\"label-value label\" style=\"box-sizing: border-box; width: 560px;\"><span style=\"box-sizing: border-box; vertical-align: inherit;\">Peso neto<\/span><\/div>\n<div class=\"label-value value\" style=\"box-sizing: border-box; width: 700px;\"><span style=\"box-sizing: border-box; vertical-align: inherit;\">200 gr<\/span><\/div>\n<\/div>\n<div class=\"speclist label-value\" style=\"box-sizing: border-box; display: flex; min-width: 100%; background-color: rgba(0, 0, 0, 0.06);\">\n<div class=\"label-value label\" style=\"box-sizing: border-box; width: 560px;\"><span style=\"box-sizing: border-box; vertical-align: inherit;\">Dimensiones internas &#8211; L &#8211; W &#8211; H<\/span><\/div>\n<div class=\"label-value value\" style=\"box-sizing: border-box; width: 700px;\"><span style=\"box-sizing: border-box; vertical-align: inherit;\">7,5 x 9 x 12,5 cm<\/span><\/div>\n<\/div>\n<div class=\"speclist label-value\" style=\"box-sizing: border-box; display: flex; min-width: 100%;\">\n<div class=\"label-value label\" style=\"box-sizing: border-box; width: 560px;\"><span style=\"box-sizing: border-box; vertical-align: inherit;\">Peso bruto<\/span><\/div>\n<div class=\"label-value value\" style=\"box-sizing: border-box; width: 700px;\"><span style=\"box-sizing: border-box; vertical-align: inherit;\">200 gr<\/span><\/div>\n<\/div>\n<div class=\"speclist label-value\" style=\"box-sizing: border-box; display: flex; min-width: 100%; background-color: rgba(0, 0, 0, 0.06);\">\n<div class=\"label-value label\" style=\"box-sizing: border-box; width: 560px;\"><span style=\"box-sizing: border-box; vertical-align: inherit;\"><span style=\"letter-spacing: -0.036px;\">Dimensiones exteriores &#8211; L &#8211; W &#8211; H&nbsp;<\/span><\/span><\/div>\n<div class=\"label-value value\" style=\"box-sizing: border-box; width: 700px;\"><span style=\"box-sizing: border-box; vertical-align: inherit;\">10,5 x 11,5 x 15 cm<\/span><\/div>\n<\/div>\n<\/div>\n<\/div>\n<\/div>\n<\/div>\n<\/div>\n<\/div>\n<\/div>\n","protected":false},"excerpt":{"rendered":"<p>THINK TANK Bolso de hombro Mirrorless Mover 5 en gris fr\u00edo Funciones Tapa basculante con cierre magn\u00e9tico Cremalleras YKK RC<\/p>\n","protected":false},"featured_media":32435,"comment_status":"closed","ping_status":"open","template":"","meta":{"_acf_changed":false},"product_brand":[2645],"product_cat":[906],"product_tag":[],"class_list":{"0":"post-82379","1":"product","2":"type-product","3":"status-publish","4":"has-post-thumbnail","6":"product_brand-think-tank-es","7":"product_cat-de-hombro","9":"first","10":"onbackorder","11":"taxable","12":"shipping-taxable","13":"purchasable","14":"product-type-simple"},"bundled_by":[],"bundle_stock_status":"onbackorder","bundle_stock_quantity":null,"bundle_virtual":false,"bundle_layout":"","bundle_add_to_cart_form_location":"","bundle_editable_in_cart":false,"bundle_sold_individually_context":"","bundle_item_grouping":"","bundle_min_size":"","bundle_max_size":"","bundle_price":[],"bundled_items":[],"bundle_sell_ids":[],"acf":[],"_links":{"self":[{"href":"https:\/\/hi-techwonder.com\/es\/wp-json\/wp\/v2\/product\/82379","targetHints":{"allow":["GET"]}}],"collection":[{"href":"https:\/\/hi-techwonder.com\/es\/wp-json\/wp\/v2\/product"}],"about":[{"href":"https:\/\/hi-techwonder.com\/es\/wp-json\/wp\/v2\/types\/product"}],"replies":[{"embeddable":true,"href":"https:\/\/hi-techwonder.com\/es\/wp-json\/wp\/v2\/comments?post=82379"}],"wp:featuredmedia":[{"embeddable":true,"href":"https:\/\/hi-techwonder.com\/es\/wp-json\/wp\/v2\/media\/32435"}],"wp:attachment":[{"href":"https:\/\/hi-techwonder.com\/es\/wp-json\/wp\/v2\/media?parent=82379"}],"wp:term":[{"taxonomy":"product_brand","embeddable":true,"href":"https:\/\/hi-techwonder.com\/es\/wp-json\/wp\/v2\/product_brand?post=82379"},{"taxonomy":"product_cat","embeddable":true,"href":"https:\/\/hi-techwonder.com\/es\/wp-json\/wp\/v2\/product_cat?post=82379"},{"taxonomy":"product_tag","embeddable":true,"href":"https:\/\/hi-techwonder.com\/es\/wp-json\/wp\/v2\/product_tag?post=82379"}],"curies":[{"name":"wp","href":"https:\/\/api.w.org\/{rel}","templated":true}]}}