{"id":82380,"date":"2025-07-29T00:14:47","date_gmt":"2025-07-29T00:14:47","guid":{"rendered":"https:\/\/hi-techwonder.com\/product\/mochila-urth-arkose-20l-bolsa-de-insercion-de-3-7l-gris\/"},"modified":"2026-01-31T03:08:44","modified_gmt":"2026-01-31T03:08:44","slug":"urth-mochila-urth-arkose-20l-bolsa-de-insercion-de-3-7l-gris","status":"publish","type":"product","link":"https:\/\/hi-techwonder.com\/es\/producto\/urth-mochila-urth-arkose-20l-bolsa-de-insercion-de-3-7l-gris\/","title":{"rendered":"Mochila URTH Arkose 20L + Bolsa de inserci\u00f3n de 3.7L (gris)"},"content":{"rendered":"<p><b>Mochila URTH Arkose 20L (gris) + bolsa de inserci\u00f3n URTH Arkose 3.7L<\/b><\/p>\n<p><\/p>\n<p><b>Funciones:<\/b><\/p>\n<ul>\n<li>12 secciones de almacenamiento<\/li>\n<li>Fundas acolchadas para port\u00e1tiles y tabletas<\/li>\n<li>Admite una computadora port\u00e1til de 13&#8243; a 15&#8243;<\/li>\n<li>Bolsas para art\u00edculos peque\u00f1os<\/li>\n<li>Nylon reciclado 600D<\/li>\n<li>Bolsa de inserci\u00f3n para c\u00e1mara, lente y accesorios<\/li>\n<li>Correas de tr\u00edpode externas<\/li>\n<li>Correas de hombro exteriores acolchadas<\/li>\n<\/ul>\n<p><\/p>\n<p><b>Contenido del paquete:<\/b><\/p>\n<ul>\n<li>1 x Mochila &#8211; URTH Arkose Mochila 20L (Ceniza\/Gris)<\/li>\n<li>1 x Bolsa de inserci\u00f3n &#8211; Inserto de c\u00e1mara URTH Arkose 3.7L (Ceniza \/ Gris)<\/li>\n<\/ul>\n<p><\/p>\n<p><video controls=\"\" src=\"https:\/\/cdn.shopify.com\/videos\/c\/o\/v\/be74fdc1f2054c4f88f05e471ad9b518.mp4\" width=\"640\" height=\"360\" class=\"note-video-clip\"><\/video><\/p>\n<p><\/p>\n<p>Convierte tu mochila de todos los d\u00edas en una discreta bolsa para c\u00e1mara y viceversa con la mochila Arkose 20L Grey, con una peque\u00f1a bolsa para c\u00e1mara. Esta mochila cuenta con 12 zonas de almacenamiento, que incluyen bolsillos acolchados para computadora port\u00e1til y tableta, un inserto para l\u00e1piz \u00f3ptico y bolsillos para peque\u00f1os objetos de valor. La cubierta exterior est\u00e1 acolchada y hecha de nailon reciclado 600D duradero y resistente a la intemperie para mantener sus pertenencias seguras. El peque\u00f1o inserto de la c\u00e1mara cabe en el compartimento inferior y tiene espacio para una DSLR, una lente y un kit de filtro con mucho espacio para bater\u00edas y tarjetas de memoria tambi\u00e9n.   <\/p>\n<p><b>URTH Arkose 20L Mochila (Gris)<\/b><\/p>\n<p>La mochila Arkose 20L gris de Urth est\u00e1 dise\u00f1ada para el transporte diario de su equipo de fotograf\u00eda, viajes y desplazamientos. La mochila Arkose tiene 12 zonas de almacenamiento, que incluyen bolsillos acolchados para computadora port\u00e1til y tableta, inserto para l\u00e1piz \u00f3ptico y bolsillos para peque\u00f1os objetos de valor. Tambi\u00e9n puede abrir el compartimento divisor para un \u00e1rea de almacenamiento m\u00e1s grande. La carcasa exterior est\u00e1 hecha de nailon reciclado 600D duradero y resistente a la intemperie para mantener tus pertenencias seguras. Esta mochila tambi\u00e9n tiene correas de tr\u00edpode externas. El compartimento inferior frontal con cremallera est\u00e1 dise\u00f1ado para contener el inserto de c\u00e1mara peque\u00f1a opcional, que se vende por separado.     <\/p>\n<p><\/p>\n<p><\/p>\n<p><b>URTH Arkose Small 3.7L (Gris)<\/b><\/p>\n<p>Utiliza la Urth Arkose Small 3.7L gris para convertir tu mochila Arkose en una bolsa para la c\u00e1mara. Guardar\u00e1 su c\u00e1mara, una lente y accesorios como filtros dentro del acolchado. Tiene dos divisores ajustables ?? para mantener todo organizado y est\u00e1 hecho de nailon 600D reciclado con un total de 70% de material reciclado en general.<\/p>\n<p><\/p>\n<p><b>Caracter\u00edsticas t\u00e9cnicas:<\/b><\/p>\n<div class=\"group_fDXOr6EpR9\">\n<table class=\"table_fDXOr6EpR9\" data-selenium=\"specsItemGroupTable\" style=\"width: 936.662px\">\n<tbody>\n<tr class=\"pair_KqJ3Q3GPKv\" data-selenium=\"specsItemGroupTableRow\">\n<td class=\"label_KqJ3Q3GPKv \" data-selenium=\"specsItemGroupTableColumnLabel\" style=\"border-top: none;padding: 1.25rem 0px;width: 355.923px;font-size: 1.125rem;line-height: 1.375rem;vertical-align: baseline\">Opciones de env\u00edo \/ transporte<\/td>\n<td class=\"value_KqJ3Q3GPKv \" data-selenium=\"specsItemGroupTableColumnValue\" style=\"font-size: 1.125rem;line-height: 1.375rem;vertical-align: baseline;padding: 1.25rem 0px 1.25rem 2.5rem\">\n<div class=\"expandableValue_KqJ3Q3GPKv\">Correas de mochila, correa<\/div>\n<\/td>\n<\/tr>\n<tr class=\"pair_KqJ3Q3GPKv\" data-selenium=\"specsItemGroupTableRow\">\n<td class=\"label_KqJ3Q3GPKv\" data-selenium=\"specsItemGroupTableColumnLabel\" style=\"border-top: none;padding: 1.25rem 0px;width: 355.923px;font-size: 1.125rem;line-height: 1.375rem;vertical-align: baseline\">Tipo de cierre<\/td>\n<td class=\"value_KqJ3Q3GPKv\" data-selenium=\"specsItemGroupTableColumnValue\" style=\"font-size: 1.125rem;line-height: 1.375rem;vertical-align: baseline;padding: 1.25rem 0px 1.25rem 2.5rem\">\n<div class=\"expandableValue_KqJ3Q3GPKv\"><span style=\"font-weight: bolder\"><font style=\"vertical-align: inherit\"><font style=\"vertical-align: inherit\">Cremallera<\/font><\/font><\/span><\/div>\n<\/td>\n<\/tr>\n<tr class=\"pair_KqJ3Q3GPKv\" data-selenium=\"specsItemGroupTableRow\">\n<td class=\"label_KqJ3Q3GPKv\" data-selenium=\"specsItemGroupTableColumnLabel\" style=\"border-top: none;padding: 1.25rem 0px;width: 355.923px;font-size: 1.125rem;line-height: 1.375rem;vertical-align: baseline\">Tipo de interior<\/td>\n<td class=\"value_KqJ3Q3GPKv\" data-selenium=\"specsItemGroupTableColumnValue\" style=\"font-size: 1.125rem;line-height: 1.375rem;vertical-align: baseline;padding: 1.25rem 0px 1.25rem 2.5rem\">\n<div class=\"expandableValue_KqJ3Q3GPKv\"><span><font style=\"vertical-align: inherit\"><font style=\"vertical-align: inherit\">Compartimento principal:<\/font><font style=\"vertical-align: inherit\"> vac\u00edo<\/font><\/font><\/span><\/div>\n<\/td>\n<\/tr>\n<tr class=\"pair_KqJ3Q3GPKv\" data-selenium=\"specsItemGroupTableRow\">\n<td class=\"label_KqJ3Q3GPKv\" data-selenium=\"specsItemGroupTableColumnLabel\" style=\"border-top: none;padding: 1.25rem 0px;width: 355.923px;font-size: 1.125rem;line-height: 1.375rem;vertical-align: baseline\">Compatibilidad con computadoras port\u00e1tiles \/ tabletas<\/td>\n<td class=\"value_KqJ3Q3GPKv\" data-selenium=\"specsItemGroupTableColumnValue\" style=\"font-size: 1.125rem;line-height: 1.375rem;vertical-align: baseline;padding: 1.25rem 0px 1.25rem 2.5rem\">\n<div class=\"expandableValue_KqJ3Q3GPKv\"><span><font style=\"vertical-align: inherit\"><font style=\"vertical-align: inherit\">Compartimento \u00fanico:<\/font><font style=\"vertical-align: inherit\"> port\u00e1til<\/font><font style=\"vertical-align: inherit\"> hasta 15&#8243;<\/font><\/font><\/span><\/div>\n<\/td>\n<\/tr>\n<tr class=\"pair_KqJ3Q3GPKv\" data-selenium=\"specsItemGroupTableRow\">\n<td class=\"label_KqJ3Q3GPKv\" data-selenium=\"specsItemGroupTableColumnLabel\" style=\"border-top: none;padding: 1.25rem 0px;width: 355.923px;font-size: 1.125rem;line-height: 1.375rem;vertical-align: baseline\">Soporte de tr\u00edpode\/soporte<\/td>\n<td class=\"value_KqJ3Q3GPKv\" data-selenium=\"specsItemGroupTableColumnValue\" style=\"font-size: 1.125rem;line-height: 1.375rem;vertical-align: baseline;padding: 1.25rem 0px 1.25rem 2.5rem\">\n<div class=\"expandableValue_KqJ3Q3GPKv\">S\u00ed<\/div>\n<\/td>\n<\/tr>\n<tr class=\"pair_KqJ3Q3GPKv\" data-selenium=\"specsItemGroupTableRow\">\n<td class=\"label_KqJ3Q3GPKv\" data-selenium=\"specsItemGroupTableColumnLabel\" style=\"border-top: none;padding: 1.25rem 0px;width: 355.923px;font-size: 1.125rem;line-height: 1.375rem;vertical-align: baseline\">Bloqueo de seguridad<\/td>\n<td class=\"value_KqJ3Q3GPKv\" data-selenium=\"specsItemGroupTableColumnValue\" style=\"font-size: 1.125rem;line-height: 1.375rem;vertical-align: baseline;padding: 1.25rem 0px 1.25rem 2.5rem\">\n<div class=\"expandableValue_KqJ3Q3GPKv\">No<\/div>\n<\/td>\n<\/tr>\n<\/tbody>\n<\/table>\n<\/div>\n<div class=\"group_fDXOr6EpR9\">\n<div class=\"name_fDXOr6EpR9\" data-selenium=\"specsItemGroupName\" style=\"font-size: 2rem;line-height: 2rem;padding: 1rem 0px 0.875rem\">General<\/div>\n<table class=\"table_fDXOr6EpR9\" data-selenium=\"specsItemGroupTable\" style=\"width: 936.662px\">\n<tbody>\n<tr class=\"pair_KqJ3Q3GPKv\" data-selenium=\"specsItemGroupTableRow\">\n<td class=\"label_KqJ3Q3GPKv \" data-selenium=\"specsItemGroupTableColumnLabel\" style=\"border-top: none;padding: 1.25rem 0px;width: 355.923px;font-size: 1.125rem;line-height: 1.375rem;vertical-align: baseline\">Resistencia al agua<\/td>\n<td class=\"value_KqJ3Q3GPKv \" data-selenium=\"specsItemGroupTableColumnValue\" style=\"font-size: 1.125rem;line-height: 1.375rem;vertical-align: baseline;padding: 1.25rem 0px 1.25rem 2.5rem\">\n<div class=\"expandableValue_KqJ3Q3GPKv\"><font style=\"vertical-align: inherit\"><font style=\"vertical-align: inherit\">Resistente al agua (material)<\/font><span style=\"font-weight: bolder\"><\/font><\/span><\/div>\n<\/td>\n<\/tr>\n<tr class=\"pair_KqJ3Q3GPKv\" data-selenium=\"specsItemGroupTableRow\">\n<td class=\"label_KqJ3Q3GPKv\" data-selenium=\"specsItemGroupTableColumnLabel\" style=\"border-top: none;padding: 1.25rem 0px;width: 355.923px;font-size: 1.125rem;line-height: 1.375rem;vertical-align: baseline\">Clasificaci\u00f3n IP<\/td>\n<td class=\"value_KqJ3Q3GPKv\" data-selenium=\"specsItemGroupTableColumnValue\" style=\"font-size: 1.125rem;line-height: 1.375rem;vertical-align: baseline;padding: 1.25rem 0px 1.25rem 2.5rem\">\n<div class=\"expandableValue_KqJ3Q3GPKv\">No<\/div>\n<\/td>\n<\/tr>\n<tr class=\"pair_KqJ3Q3GPKv\" data-selenium=\"specsItemGroupTableRow\">\n<td class=\"label_KqJ3Q3GPKv\" data-selenium=\"specsItemGroupTableColumnLabel\" style=\"border-top: none;padding: 1.25rem 0px;width: 355.923px;font-size: 1.125rem;line-height: 1.375rem;vertical-align: baseline\">Volumen m\u00e1ximo<\/td>\n<td class=\"value_KqJ3Q3GPKv\" data-selenium=\"specsItemGroupTableColumnValue\" style=\"font-size: 1.125rem;line-height: 1.375rem;vertical-align: baseline;padding: 1.25rem 0px 1.25rem 2.5rem\">\n<div class=\"expandableValue_KqJ3Q3GPKv\">20 L<\/div>\n<\/td>\n<\/tr>\n<tr class=\"pair_KqJ3Q3GPKv\" data-selenium=\"specsItemGroupTableRow\">\n<td class=\"label_KqJ3Q3GPKv\" data-selenium=\"specsItemGroupTableColumnLabel\" style=\"border-top: none;padding: 1.25rem 0px;width: 355.923px;font-size: 1.125rem;line-height: 1.375rem;vertical-align: baseline\">Interior acolchado<\/td>\n<td class=\"value_KqJ3Q3GPKv\" data-selenium=\"specsItemGroupTableColumnValue\" style=\"font-size: 1.125rem;line-height: 1.375rem;vertical-align: baseline;padding: 1.25rem 0px 1.25rem 2.5rem\">\n<div class=\"expandableValue_KqJ3Q3GPKv\">No<\/div>\n<\/td>\n<\/tr>\n<tr class=\"pair_KqJ3Q3GPKv\" data-selenium=\"specsItemGroupTableRow\">\n<td class=\"label_KqJ3Q3GPKv\" data-selenium=\"specsItemGroupTableColumnLabel\" style=\"border-top: none;padding: 1.25rem 0px;width: 355.923px;font-size: 1.125rem;line-height: 1.375rem;vertical-align: baseline\">Materiales<\/td>\n<td class=\"value_KqJ3Q3GPKv\" data-selenium=\"specsItemGroupTableColumnValue\" style=\"font-size: 1.125rem;line-height: 1.375rem;vertical-align: baseline;padding: 1.25rem 0px 1.25rem 2.5rem\">\n<div class=\"expandableValue_KqJ3Q3GPKv\"><span><font style=\"vertical-align: inherit\"><font style=\"vertical-align: inherit\">Exterior:<\/font><font style=\"vertical-align: inherit\"> Nylon<\/font><\/font><\/span><\/div>\n<\/td>\n<\/tr>\n<tr class=\"pair_KqJ3Q3GPKv\" data-selenium=\"specsItemGroupTableRow\">\n<td class=\"label_KqJ3Q3GPKv\" data-selenium=\"specsItemGroupTableColumnLabel\" style=\"border-top: none;padding: 1.25rem 0px;width: 355.923px;font-size: 1.125rem;line-height: 1.375rem;vertical-align: baseline\">Dimensiones<\/td>\n<td class=\"value_KqJ3Q3GPKv\" data-selenium=\"specsItemGroupTableColumnValue\" style=\"font-size: 1.125rem;line-height: 1.375rem;vertical-align: baseline;padding: 1.25rem 0px 1.25rem 2.5rem\">\n<div class=\"expandableValue_KqJ3Q3GPKv\"><span><font style=\"vertical-align: inherit\"><font style=\"vertical-align: inherit\">Exterior: <\/font><font style=\"vertical-align: inherit\">46 x 28 x 15 cm<\/font><br \/><\/font><\/span><\/div>\n<\/td>\n<\/tr>\n<tr class=\"pair_KqJ3Q3GPKv\" data-selenium=\"specsItemGroupTableRow\">\n<td class=\"label_KqJ3Q3GPKv\" data-selenium=\"specsItemGroupTableColumnLabel\" style=\"border-top: none;padding: 1.25rem 0px;width: 355.923px;font-size: 1.125rem;line-height: 1.375rem;vertical-align: baseline\">Peso<\/td>\n<td class=\"value_KqJ3Q3GPKv\" data-selenium=\"specsItemGroupTableColumnValue\" style=\"font-size: 1.125rem;line-height: 1.375rem;vertical-align: baseline;padding: 1.25rem 0px 1.25rem 2.5rem\">\n<div class=\"expandableValue_KqJ3Q3GPKv\">900 gramos<\/div>\n<\/td>\n<\/tr>\n<\/tbody>\n<\/table>\n<\/div>\n","protected":false},"excerpt":{"rendered":"<p>Mochila URTH Arkose 20L (gris) + bolsa de inserci\u00f3n URTH Arkose 3.7L Funciones: 12 secciones de almacenamiento Fundas acolchadas para<\/p>\n","protected":false},"featured_media":36573,"comment_status":"closed","ping_status":"open","template":"","meta":{"_acf_changed":false},"product_brand":[2650],"product_cat":[907],"product_tag":[],"class_list":{"0":"post-82380","1":"product","2":"type-product","3":"status-publish","4":"has-post-thumbnail","6":"product_brand-urth-es","7":"product_cat-mochilas-es","9":"first","10":"instock","11":"taxable","12":"shipping-taxable","13":"purchasable","14":"product-type-simple"},"bundled_by":[],"bundle_stock_status":"instock","bundle_stock_quantity":1,"bundle_virtual":false,"bundle_layout":"","bundle_add_to_cart_form_location":"","bundle_editable_in_cart":false,"bundle_sold_individually_context":"","bundle_item_grouping":"","bundle_min_size":"","bundle_max_size":"","bundle_price":[],"bundled_items":[],"bundle_sell_ids":[],"acf":[],"_links":{"self":[{"href":"https:\/\/hi-techwonder.com\/es\/wp-json\/wp\/v2\/product\/82380","targetHints":{"allow":["GET"]}}],"collection":[{"href":"https:\/\/hi-techwonder.com\/es\/wp-json\/wp\/v2\/product"}],"about":[{"href":"https:\/\/hi-techwonder.com\/es\/wp-json\/wp\/v2\/types\/product"}],"replies":[{"embeddable":true,"href":"https:\/\/hi-techwonder.com\/es\/wp-json\/wp\/v2\/comments?post=82380"}],"wp:featuredmedia":[{"embeddable":true,"href":"https:\/\/hi-techwonder.com\/es\/wp-json\/wp\/v2\/media\/36573"}],"wp:attachment":[{"href":"https:\/\/hi-techwonder.com\/es\/wp-json\/wp\/v2\/media?parent=82380"}],"wp:term":[{"taxonomy":"product_brand","embeddable":true,"href":"https:\/\/hi-techwonder.com\/es\/wp-json\/wp\/v2\/product_brand?post=82380"},{"taxonomy":"product_cat","embeddable":true,"href":"https:\/\/hi-techwonder.com\/es\/wp-json\/wp\/v2\/product_cat?post=82380"},{"taxonomy":"product_tag","embeddable":true,"href":"https:\/\/hi-techwonder.com\/es\/wp-json\/wp\/v2\/product_tag?post=82380"}],"curies":[{"name":"wp","href":"https:\/\/api.w.org\/{rel}","templated":true}]}}