{"id":82381,"date":"2025-07-29T00:12:25","date_gmt":"2025-07-29T00:12:25","guid":{"rendered":"https:\/\/hi-techwonder.com\/product\/mochila-impermeable-puluz-pu5017b\/"},"modified":"2026-01-31T03:09:11","modified_gmt":"2026-01-31T03:09:11","slug":"puluz-mochila-impermeable-puluz-pu5017b","status":"publish","type":"product","link":"https:\/\/hi-techwonder.com\/es\/producto\/puluz-mochila-impermeable-puluz-pu5017b\/","title":{"rendered":"Mochila impermeable PULUZ PU5017B"},"content":{"rendered":"<p><\/p>\n<p><b>Mochila impermeable Puluz PU5017B<\/b><\/p>\n<p><\/p>\n<p>La mochila fotogr\u00e1fica Puluz PU5017B se distingue por su gran capacidad. Los bolsillos especiales permiten que todo se mantenga organizado, y el compartimento extra\u00edble proporciona un acceso r\u00e1pido y c\u00f3modo a la c\u00e1mara y los objetivos. Adem\u00e1s, garantiza la comodidad de uso y es resistente al agua, protegiendo el equipo interno de da\u00f1os.  <\/p>\n<p><b>Gran capacidad<\/b><\/p>\n<p>Dentro de Puluz PU5017B acomodar\u00e1 con \u00e9xito el equipo fotogr\u00e1fico que necesita. Gracias a su gran capacidad, podr\u00e1s almacenar no solo tu c\u00e1mara, sino tambi\u00e9n 2 lentes adicionales, un port\u00e1til de 14&#8243;, un tr\u00edpode, productos personales como una botella de agua, un smartphone y mucho m\u00e1s. <\/p>\n<p><\/p>\n<p><b>Dise\u00f1o duradero y ergon\u00f3mico<\/b><\/p>\n<p>Gracias a los materiales duraderos de los que est\u00e1 hecho, es resistente al agua y al desgaste. Adem\u00e1s, el cierre met\u00e1lico proporciona protecci\u00f3n adicional para su equipo; Los mangos est\u00e1n hechos de material suave y transpirable, lo que brinda comodidad durante el uso; Una correa especial le permite sujetar la mochila a la parte delantera o a la correa de su maleta. De esta manera es f\u00e1cil de llevar en sus viajes.  <\/p>\n<p><\/p>\n<p><b>Dimensiones:<\/b><\/p>\n<p>41x31x20cm<\/p>\n","protected":false},"excerpt":{"rendered":"<p>Mochila impermeable Puluz PU5017B La mochila fotogr\u00e1fica Puluz PU5017B se distingue por su gran capacidad. Los bolsillos especiales permiten que<\/p>\n","protected":false},"featured_media":35427,"comment_status":"closed","ping_status":"open","template":"","meta":{"_acf_changed":false},"product_brand":[2582],"product_cat":[907],"product_tag":[],"class_list":{"0":"post-82381","1":"product","2":"type-product","3":"status-publish","4":"has-post-thumbnail","6":"product_brand-puluz-es","7":"product_cat-mochilas-es","9":"first","10":"instock","11":"taxable","12":"shipping-taxable","13":"purchasable","14":"product-type-simple"},"bundled_by":[],"bundle_stock_status":"instock","bundle_stock_quantity":1,"bundle_virtual":false,"bundle_layout":"","bundle_add_to_cart_form_location":"","bundle_editable_in_cart":false,"bundle_sold_individually_context":"","bundle_item_grouping":"","bundle_min_size":"","bundle_max_size":"","bundle_price":[],"bundled_items":[],"bundle_sell_ids":[],"acf":[],"_links":{"self":[{"href":"https:\/\/hi-techwonder.com\/es\/wp-json\/wp\/v2\/product\/82381","targetHints":{"allow":["GET"]}}],"collection":[{"href":"https:\/\/hi-techwonder.com\/es\/wp-json\/wp\/v2\/product"}],"about":[{"href":"https:\/\/hi-techwonder.com\/es\/wp-json\/wp\/v2\/types\/product"}],"replies":[{"embeddable":true,"href":"https:\/\/hi-techwonder.com\/es\/wp-json\/wp\/v2\/comments?post=82381"}],"wp:featuredmedia":[{"embeddable":true,"href":"https:\/\/hi-techwonder.com\/es\/wp-json\/wp\/v2\/media\/35427"}],"wp:attachment":[{"href":"https:\/\/hi-techwonder.com\/es\/wp-json\/wp\/v2\/media?parent=82381"}],"wp:term":[{"taxonomy":"product_brand","embeddable":true,"href":"https:\/\/hi-techwonder.com\/es\/wp-json\/wp\/v2\/product_brand?post=82381"},{"taxonomy":"product_cat","embeddable":true,"href":"https:\/\/hi-techwonder.com\/es\/wp-json\/wp\/v2\/product_cat?post=82381"},{"taxonomy":"product_tag","embeddable":true,"href":"https:\/\/hi-techwonder.com\/es\/wp-json\/wp\/v2\/product_tag?post=82381"}],"curies":[{"name":"wp","href":"https:\/\/api.w.org\/{rel}","templated":true}]}}