{"id":82383,"date":"2025-07-28T23:59:30","date_gmt":"2025-07-28T23:59:30","guid":{"rendered":"https:\/\/hi-techwonder.com\/product\/peak-design-slide-lite-sll-cy-3-correa-de-tubo-coyote\/"},"modified":"2026-02-12T16:15:11","modified_gmt":"2026-02-12T16:15:11","slug":"peak-design-slide-lite-sll-cy-3-correa-de-tubo-coyote","status":"publish","type":"product","link":"https:\/\/hi-techwonder.com\/es\/producto\/peak-design-slide-lite-sll-cy-3-correa-de-tubo-coyote\/","title":{"rendered":"PEAK DESIGN Slide Lite SLL-CY-3 Correa de tubo (Coyote)"},"content":{"rendered":"<p><strong>PEAK DESIGN Slide Lite SLL-CY-3 Correa de tubo (Coyote)<\/strong><\/p>\n<p><strong>Funciones:<\/strong><\/p>\n<ul>\n<li>Se utiliza como cabestrillo, correa para el hombro o correa para el cuello<\/li>\n<li>Admite c\u00e1maras DSLR compactas o c\u00e1maras sin espejo<\/li>\n<li>Longitud ajustable de 99 a 145 cm<\/li>\n<li>Ancho de la correa de 3,2 cm<\/li>\n<li>Los anclajes se fijan a los soportes o a la placa de la c\u00e1mara<\/li>\n<li>Dise\u00f1ado para soportar <strong>hasta 90 kg<\/strong> (200 lb) de equipo<\/li>\n<li>Lados reversibles lisos y antideslizantes<\/li>\n<li>Construcci\u00f3n de tela de nailon acolchado<\/li>\n<li>Incluye cuatro anclajes y placa de montaje<\/li>\n<\/ul>\n<p><strong>Contenido del paquete:<\/strong><\/p>\n<ul>\n<li>Correa de c\u00e1mara Peak Design Slide Lite (Coyote)<\/li>\n<li>Conectores de anclaje Peak Design V4 para correas Peak Design (paquete de 4)<\/li>\n<li>Placa de montaje<\/li>\n<\/ul>\n<p><strong>Descripci\u00f3n; Slide Lite SLL-CY-3 Correa de hombro (Coyote)<\/strong><\/p>\n<p><iframe loading=\"lazy\" style=\"min-height: 500px; width: 100%; height: auto;\" src=\"https:\/\/www.youtube.com\/embed\/hGI0e57-JpQ?si=oBwCae8PLgKS-4r-\" width=\"560\" height=\"314\" allowfullscreen=\"allowfullscreen\"><\/iframe>Video: Correas de c\u00e1mara Coyote<\/p>\n<ul>\n<li style=\"text-align: justify;\">Lleva tu equipo con comodidad y estilo con esta correa de c\u00e1mara de coyote Slide Lite de Peak Design. Esta correa utiliza conectores de anclaje fuertes y extra\u00edbles que se adhieren a los ojales de su c\u00e1mara o a la placa de montaje incluida, soportando hasta 200 lbs (90 kg) y soportando f\u00e1cilmente la mayor\u00eda de los sistemas DSLR y mirrorless. Al combinar esta encuadernaci\u00f3n vers\u00e1til con su longitud ajustable de 99 a 145 cm, la Slide Lite se puede configurar para funcionar como un cabestrillo, una correa para el hombro o el cuello.  <\/li>\n<\/ul>\n<ul>\n<li style=\"text-align: justify;\">Esta correa de nailon de 3,2 cm de ancho est\u00e1 acolchada internamente para mayor comodidad y tiene un lado liso para deslizar la c\u00e1mara en el ojo cuando se configura como un cabestrillo y un lado de silicona que evita que se deslice cuando se usa alrededor del cuello o el hombro. Los cuatro puntos de anclaje incluidos se pueden colocar y quitar de la correa con una sola mano y dejarse en los ojales para que pueda cambiar f\u00e1cilmente entre c\u00e1maras mientras dispara. <\/li>\n<\/ul>\n<ul>\n<li style=\"text-align: justify;\">\u00daselo como cabestrillo, sobre el hombro o alrededor del cuello<\/li>\n<li style=\"text-align: justify;\">La longitud es ajustable de 99 a 145 cm<\/li>\n<li style=\"text-align: justify;\">Ancho de 3,2 cm<\/li>\n<li style=\"text-align: justify;\">Los anclajes desmontables se fijan a la c\u00e1mara y soportan hasta 90 kg<\/li>\n<li style=\"text-align: justify;\">Deje los anclajes en su lugar para colocarlos y quitarlos f\u00e1cilmente de la correa mientras dispara<\/li>\n<li style=\"text-align: justify;\">Los lados lisos y antideslizantes le permiten elegir la cantidad de agarre que desea<\/li>\n<li style=\"text-align: justify;\">Las correas acolchadas internamente brindan mayor comodidad sin ser voluminosas<\/li>\n<li style=\"text-align: justify;\">Se incluyen cuatro conectores de anclaje y una placa de montaje<\/li>\n<\/ul>\n<p><strong>Novedades<\/strong><\/p>\n<ul>\n<li>Anclajes renovados: m\u00e1s seguros, m\u00e1s r\u00e1pidos y con un perfil m\u00e1s bajo que nunca. Nuevos anclajes en \u00e1ngulo para una encuadernaci\u00f3n sin esfuerzo con una sola mano. Dise\u00f1o t\u00e9cnico de fijaci\u00f3n de anclaje 25% m\u00e1s delgado.  <\/li>\n<\/ul>\n<p><strong>M\u00e1s fuerte que nunca<\/strong><\/p>\n<ul>\n<li>Los anclajes soportan hasta 90 kg<\/li>\n<\/ul>\n<p><strong>Ensamblaje de anclaje<\/strong><\/p>\n<ul>\n<li>El nuevo soporte de anclaje de perfil bajo es fuerte, vers\u00e1til y ocupa poco espacio<\/li>\n<\/ul>\n<p><strong>Actualizaci\u00f3n de las correas<\/strong><\/p>\n<ul>\n<li>Nueva cinta de nailon ultrasuave con una malla m\u00e1s ajustada y duradera<\/li>\n<\/ul>\n<p><strong>Mejor agarre<\/strong><\/p>\n<ul>\n<li>El agarre de silicona mejorado es m\u00e1s efectivo y duradero<\/li>\n<\/ul>\n<p><strong>Herrajes sobremoldeados<\/strong><\/p>\n<ul>\n<li>Correa moldeada directamente en el sistema de ajuste para un dise\u00f1o significativamente m\u00e1s discreto&nbsp;<\/li>\n<\/ul>\n<p><strong>3 Correa en 1<\/strong><\/p>\n<ul>\n<li>Nuestro exclusivo sistema de conexi\u00f3n Anchor Link le permite reconfigurar instant\u00e1neamente el Slide como soporte, correa para el cuello o para el hombro.<\/li>\n<\/ul>\n<p><strong>Muy c\u00f3modo<\/strong><\/p>\n<ul>\n<li>Un solo Anchor Link le permite reconfigurar instant\u00e1neamente el Slide como soporte, correa para el cuello o para el hombro.<\/li>\n<li>Las correas acolchadas brindan comodidad durante todo el d\u00eda<\/li>\n<\/ul>\n<p><strong>Estabilidad total<\/strong><\/p>\n<ul>\n<li>Transporte de c\u00e1mara altamente estable a trav\u00e9s de 2 puntos de conexi\u00f3n configurables<\/li>\n<\/ul>\n<p><strong>Compatible con todas las c\u00e1maras<\/strong><\/p>\n<ul>\n<li>Funciona con c\u00e1maras profesionales o en binoculares o telescopios m\u00e1s pesados<\/li>\n<\/ul>\n<p><strong>Hiper ajustable<\/strong><\/p>\n<ul>\n<li>Amplio rango de ajuste de longitud, posible gracias a 2 reguladores de liberaci\u00f3n r\u00e1pida<\/li>\n<\/ul>\n<p><strong>Tan suave<\/strong><\/p>\n<ul>\n<li>La correa se desliza sobre la ropa para un acceso r\u00e1pido a la c\u00e1mara<\/li>\n<\/ul>\n<p><strong>Sin anillos voluminosos en &#8220;D&#8221;<\/strong><\/p>\n<ul>\n<li>Se fija a los clips de la correa o a la parte inferior del cuerpo de la c\u00e1mara a trav\u00e9s de hardware de montaje de anclaje de perfil ultra bajo<\/li>\n<\/ul>\n<p style=\"padding-left: 40px;\">Peak Design Slide &amp; Slide Lite: Configuraci\u00f3n y consejos: <a href=\"https:\/\/youtu.be\/ZOY03ICKvSI?si=0GXviOM25jDbfVMZ\" target=\"_blank\" rel=\"noopener\">https:\/\/youtu.be\/ZOY03ICKvSI?si=0GXviOM25jDbfVMZ<\/a><\/p>\n<p style=\"padding-left: 40px;\">Slide and Slide Lite &#8211; Dise\u00f1o Deep Dive: <a href=\"https:\/\/youtu.be\/O3kdwSGiqQc?si=kfB_C9Mfj6QiaXBk\" target=\"_blank\" rel=\"noopener\">https:\/\/youtu.be\/O3kdwSGiqQc?si=kfB_C9Mfj6QiaXBk<\/a><\/p>\n<p><strong>Caracter\u00edsticas t\u00e9cnicas:<\/strong><\/p>\n<p>Dise\u00f1o de pico SLL-CY-3<\/p>\n<div class=\"group_fDXOr6EpR9\" style=\"box-sizing: inherit; outline: none; margin-bottom: 2.1875rem; font-family: OpenSans, 'Segoe UI', Helvetica, Roboto, Arial, sans-serif; font-size: 16px; background-color: #ffffff;\">\n<table class=\"table_fDXOr6EpR9\" style=\"box-sizing: inherit; outline: none; width: 936.65px;\" data-selenium=\"specsItemGroupTable\">\n<tbody style=\"box-sizing: inherit; outline: none;\">\n<tr class=\"pair_KqJ3Q3GPKv\" style=\"box-sizing: inherit; outline: none; border-bottom: 0.0625rem solid #e5e5e5;\" data-selenium=\"specsItemGroupTableRow\">\n<td class=\"label_KqJ3Q3GPKv firstSpecWhenNoGroupName_KqJ3Q3GPKv\" style=\"box-sizing: inherit; outline: none; border-top: none; padding: 0px 0px 1.25rem; width: 355.925px; color: #666666; font-size: 1.125rem; line-height: 1.375rem; vertical-align: baseline;\" data-selenium=\"specsItemGroupTableColumnLabel\"><span style=\"box-sizing: inherit; outline: none; vertical-align: inherit;\">Color<\/span><\/td>\n<td class=\"value_KqJ3Q3GPKv firstSpecWhenNoGroupName_KqJ3Q3GPKv\" style=\"box-sizing: inherit; outline: none; color: #666666; font-size: 1.125rem; line-height: 1.375rem; vertical-align: baseline; padding: 0px 0px 1.25rem 2.5rem;\" data-selenium=\"specsItemGroupTableColumnValue\">\n<div class=\"expandableValue_KqJ3Q3GPKv\" style=\"box-sizing: inherit; outline: none;\">(Coyote) = Marr\u00f3n \/ Beige<\/div>\n<\/td>\n<\/tr>\n<tr class=\"pair_KqJ3Q3GPKv\" style=\"box-sizing: inherit; outline: none; border-bottom: 0.0625rem solid #e5e5e5;\" data-selenium=\"specsItemGroupTableRow\">\n<td class=\"label_KqJ3Q3GPKv\" style=\"box-sizing: inherit; outline: none; border-top: none; padding: 1.25rem 0px; width: 355.925px; color: #666666; font-size: 1.125rem; line-height: 1.375rem; vertical-align: baseline;\" data-selenium=\"specsItemGroupTableColumnLabel\"><span style=\"box-sizing: inherit; outline: none; vertical-align: inherit;\">Longitud de la tira<\/span><\/td>\n<td class=\"value_KqJ3Q3GPKv\" style=\"box-sizing: inherit; outline: none; color: #666666; font-size: 1.125rem; line-height: 1.375rem; vertical-align: baseline; padding: 1.25rem 0px 1.25rem 2.5rem;\" data-selenium=\"specsItemGroupTableColumnValue\">\n<div class=\"expandableValue_KqJ3Q3GPKv\" style=\"box-sizing: inherit; outline: none;\"><strong>De 99 a 145 cm<\/strong>   (de 39 a 57,1&#8243;)<\/div>\n<\/td>\n<\/tr>\n<tr class=\"pair_KqJ3Q3GPKv\" style=\"box-sizing: inherit; outline: none; border-bottom: 0.0625rem solid #e5e5e5;\" data-selenium=\"specsItemGroupTableRow\">\n<td class=\"label_KqJ3Q3GPKv\" style=\"box-sizing: inherit; outline: none; border-top: none; padding: 1.25rem 0px; width: 355.925px; color: #666666; font-size: 1.125rem; line-height: 1.375rem; vertical-align: baseline;\" data-selenium=\"specsItemGroupTableColumnLabel\"><span style=\"box-sizing: inherit; outline: none; vertical-align: inherit;\">Ancho del mango<\/span><\/td>\n<td class=\"value_KqJ3Q3GPKv\" style=\"box-sizing: inherit; outline: none; color: #666666; font-size: 1.125rem; line-height: 1.375rem; vertical-align: baseline; padding: 1.25rem 0px 1.25rem 2.5rem;\" data-selenium=\"specsItemGroupTableColumnValue\">\n<div class=\"expandableValue_KqJ3Q3GPKv\" style=\"box-sizing: inherit; outline: none;\"><strong>3,2 cm<\/strong>   (1,3&#8243;)<\/div>\n<\/td>\n<\/tr>\n<tr class=\"pair_KqJ3Q3GPKv\" style=\"box-sizing: inherit; outline: none; border-bottom: 0.0625rem solid #e5e5e5;\" data-selenium=\"specsItemGroupTableRow\">\n<td class=\"label_KqJ3Q3GPKv\" style=\"box-sizing: inherit; outline: none; border-top: none; padding: 1.25rem 0px; width: 355.925px; color: #666666; font-size: 1.125rem; line-height: 1.375rem; vertical-align: baseline;\" data-selenium=\"specsItemGroupTableColumnLabel\"><span style=\"box-sizing: inherit; outline: none; vertical-align: inherit;\">Conector de orejeta<\/span><\/td>\n<td class=\"value_KqJ3Q3GPKv\" style=\"box-sizing: inherit; outline: none; color: #666666; font-size: 1.125rem; line-height: 1.375rem; vertical-align: baseline; padding: 1.25rem 0px 1.25rem 2.5rem;\" data-selenium=\"specsItemGroupTableColumnValue\">\n<div class=\"expandableValue_KqJ3Q3GPKv\" style=\"box-sizing: inherit; outline: none;\">Bucle<\/div>\n<\/td>\n<\/tr>\n<tr class=\"pair_KqJ3Q3GPKv\" style=\"box-sizing: inherit; outline: none; border-bottom: 0.0625rem solid #e5e5e5;\" data-selenium=\"specsItemGroupTableRow\">\n<td class=\"label_KqJ3Q3GPKv\" style=\"box-sizing: inherit; outline: none; border-top: none; padding: 1.25rem 0px; width: 355.925px; color: #666666; font-size: 1.125rem; line-height: 1.375rem; vertical-align: baseline;\" data-selenium=\"specsItemGroupTableColumnLabel\"><span style=\"box-sizing: inherit; outline: none; vertical-align: inherit;\">Lanzamiento r\u00e1pido<\/span><\/td>\n<td class=\"value_KqJ3Q3GPKv\" style=\"box-sizing: inherit; outline: none; color: #666666; font-size: 1.125rem; line-height: 1.375rem; vertical-align: baseline; padding: 1.25rem 0px 1.25rem 2.5rem;\" data-selenium=\"specsItemGroupTableColumnValue\">\n<div class=\"expandableValue_KqJ3Q3GPKv\" style=\"box-sizing: inherit; outline: none;\">S\u00ed<\/div>\n<\/td>\n<\/tr>\n<tr class=\"pair_KqJ3Q3GPKv\" style=\"box-sizing: inherit; outline: none; border-bottom: 0.0625rem solid #e5e5e5;\" data-selenium=\"specsItemGroupTableRow\">\n<td class=\"label_KqJ3Q3GPKv\" style=\"box-sizing: inherit; outline: none; border-top: none; padding: 1.25rem 0px; width: 355.925px; color: #666666; font-size: 1.125rem; line-height: 1.375rem; vertical-align: baseline;\" data-selenium=\"specsItemGroupTableColumnLabel\"><span style=\"box-sizing: inherit; outline: none; vertical-align: inherit;\">Capacidad de carga<\/span><\/td>\n<td class=\"value_KqJ3Q3GPKv\" style=\"box-sizing: inherit; outline: none; color: #666666; font-size: 1.125rem; line-height: 1.375rem; vertical-align: baseline; padding: 1.25rem 0px 1.25rem 2.5rem;\" data-selenium=\"specsItemGroupTableColumnValue\">\n<div class=\"expandableValue_KqJ3Q3GPKv\" style=\"box-sizing: inherit; outline: none;\"><strong>90,7 kg<\/strong>   (200 libras)<\/div>\n<\/td>\n<\/tr>\n<tr class=\"pair_KqJ3Q3GPKv\" style=\"box-sizing: inherit; outline: none; border-bottom: 0.0625rem solid #e5e5e5;\" data-selenium=\"specsItemGroupTableRow\">\n<td class=\"label_KqJ3Q3GPKv\" style=\"box-sizing: inherit; outline: none; border-top: none; padding: 1.25rem 0px; width: 355.925px; color: #666666; font-size: 1.125rem; line-height: 1.375rem; vertical-align: baseline;\" data-selenium=\"specsItemGroupTableColumnLabel\"><span style=\"box-sizing: inherit; outline: none; vertical-align: inherit;\">Material<\/span><\/td>\n<td class=\"value_KqJ3Q3GPKv\" style=\"box-sizing: inherit; outline: none; color: #666666; font-size: 1.125rem; line-height: 1.375rem; vertical-align: baseline; padding: 1.25rem 0px 1.25rem 2.5rem;\" data-selenium=\"specsItemGroupTableColumnValue\">\n<div class=\"expandableValue_KqJ3Q3GPKv\" style=\"box-sizing: inherit; outline: none;\">Nailon<\/div>\n<div class=\"expandableValue_KqJ3Q3GPKv\" style=\"box-sizing: inherit; outline: none;\">Correa: contiene detalles en Hypalon (vegano). Correa de nylon tubular de primera calidad, tipo cintur\u00f3n de seguridad, con hombrera de PVC incorporada. Herrajes de aluminio y nylon con relleno de vidrio. Las correas deslizantes est\u00e1n te\u00f1idas en soluci\u00f3n para preservar el agua y la energ\u00eda.   <\/div>\n<\/td>\n<\/tr>\n<tr class=\"pair_KqJ3Q3GPKv\" style=\"box-sizing: inherit; outline: none; border-bottom: 0.0625rem solid #e5e5e5;\" data-selenium=\"specsItemGroupTableRow\">\n<td class=\"label_KqJ3Q3GPKv\" style=\"box-sizing: inherit; outline: none; border-top: none; padding: 1.25rem 0px; width: 355.925px; color: #666666; font-size: 1.125rem; line-height: 1.375rem; vertical-align: baseline;\" data-selenium=\"specsItemGroupTableColumnLabel\"><span style=\"box-sizing: inherit; outline: none; vertical-align: inherit;\">Peso<\/span><\/td>\n<td class=\"value_KqJ3Q3GPKv\" style=\"box-sizing: inherit; outline: none; color: #666666; font-size: 1.125rem; line-height: 1.375rem; vertical-align: baseline; padding: 1.25rem 0px 1.25rem 2.5rem;\" data-selenium=\"specsItemGroupTableColumnValue\">\n<div class=\"expandableValue_KqJ3Q3GPKv\" style=\"box-sizing: inherit; outline: none;\">148 gramos<\/div>\n<\/td>\n<\/tr>\n<\/tbody>\n<\/table>\n<\/div>\n<div class=\"group_fDXOr6EpR9\" style=\"box-sizing: inherit; outline: none; margin-bottom: 2.1875rem; font-family: OpenSans, 'Segoe UI', Helvetica, Roboto, Arial, sans-serif; font-size: 16px; background-color: #ffffff;\">\n<div class=\"name_fDXOr6EpR9\" style=\"box-sizing: inherit; outline: none; border-bottom: 0.125rem solid #cccccc; color: #3f9a59; font-size: 2rem; line-height: 2rem; padding: 1rem 0px 0.875rem;\" data-selenium=\"specsItemGroupName\"><span style=\"box-sizing: inherit; outline: none; vertical-align: inherit;\">Informaci\u00f3n de embalaje<\/span><\/div>\n<table class=\"table_fDXOr6EpR9\" style=\"box-sizing: inherit; outline: none; width: 936.65px;\" data-selenium=\"specsItemGroupTable\">\n<tbody style=\"box-sizing: inherit; outline: none;\">\n<tr class=\"pair_KqJ3Q3GPKv\" style=\"box-sizing: inherit; outline: none; border-bottom: 0.0625rem solid #e5e5e5;\" data-selenium=\"specsItemGroupTableRow\">\n<td class=\"label_KqJ3Q3GPKv \" style=\"box-sizing: inherit; outline: none; border-top: none; padding: 1.25rem 0px; width: 355.925px; color: #666666; font-size: 1.125rem; line-height: 1.375rem; vertical-align: baseline;\" data-selenium=\"specsItemGroupTableColumnLabel\"><span style=\"box-sizing: inherit; outline: none; vertical-align: inherit;\">Peso del paquete<\/span><\/td>\n<td class=\"value_KqJ3Q3GPKv \" style=\"box-sizing: inherit; outline: none; color: #666666; font-size: 1.125rem; line-height: 1.375rem; vertical-align: baseline; padding: 1.25rem 0px 1.25rem 2.5rem;\" data-selenium=\"specsItemGroupTableColumnValue\">\n<div class=\"expandableValue_KqJ3Q3GPKv\" style=\"box-sizing: inherit; outline: none;\">230 gramos<\/div>\n<\/td>\n<\/tr>\n<tr class=\"pair_KqJ3Q3GPKv\" style=\"box-sizing: inherit; outline: none; border-bottom: 0.0625rem solid #e5e5e5;\" data-selenium=\"specsItemGroupTableRow\">\n<td class=\"label_KqJ3Q3GPKv\" style=\"box-sizing: inherit; outline: none; border-top: none; padding: 1.25rem 0px; width: 355.925px; color: #666666; font-size: 1.125rem; line-height: 1.375rem; vertical-align: baseline;\" data-selenium=\"specsItemGroupTableColumnLabel\"><span style=\"box-sizing: inherit; outline: none; vertical-align: inherit;\">Dimensiones de la caja (LxAxA)<\/span><\/td>\n<td class=\"value_KqJ3Q3GPKv\" style=\"box-sizing: inherit; outline: none; color: #666666; font-size: 1.125rem; line-height: 1.375rem; vertical-align: baseline; padding: 1.25rem 0px 1.25rem 2.5rem;\" data-selenium=\"specsItemGroupTableColumnValue\">\n<div class=\"expandableValue_KqJ3Q3GPKv\" style=\"box-sizing: inherit; outline: none;\">27,5 x 10,5 x 5,9 cm<\/div>\n<\/td>\n<\/tr>\n<\/tbody>\n<\/table>\n<\/div>\n","protected":false},"excerpt":{"rendered":"<p>PEAK DESIGN Slide Lite SLL-CY-3 Correa de tubo (Coyote) Funciones: Se utiliza como cabestrillo, correa para el hombro o correa<\/p>\n","protected":false},"featured_media":31233,"comment_status":"closed","ping_status":"closed","template":"","meta":{"_acf_changed":false},"product_brand":[2640],"product_cat":[903],"product_tag":[],"class_list":{"0":"post-82383","1":"product","2":"type-product","3":"status-publish","4":"has-post-thumbnail","6":"product_brand-peak-design-es","7":"product_cat-correas-y-tirantes","8":"pa_cor-marron","10":"first","11":"onbackorder","12":"taxable","13":"shipping-taxable","14":"purchasable","15":"product-type-simple"},"bundled_by":[],"bundle_stock_status":"onbackorder","bundle_stock_quantity":null,"bundle_virtual":false,"bundle_layout":"","bundle_add_to_cart_form_location":"","bundle_editable_in_cart":false,"bundle_sold_individually_context":"","bundle_item_grouping":"","bundle_min_size":"","bundle_max_size":"","bundle_price":[],"bundled_items":[],"bundle_sell_ids":[],"acf":[],"_links":{"self":[{"href":"https:\/\/hi-techwonder.com\/es\/wp-json\/wp\/v2\/product\/82383","targetHints":{"allow":["GET"]}}],"collection":[{"href":"https:\/\/hi-techwonder.com\/es\/wp-json\/wp\/v2\/product"}],"about":[{"href":"https:\/\/hi-techwonder.com\/es\/wp-json\/wp\/v2\/types\/product"}],"replies":[{"embeddable":true,"href":"https:\/\/hi-techwonder.com\/es\/wp-json\/wp\/v2\/comments?post=82383"}],"wp:featuredmedia":[{"embeddable":true,"href":"https:\/\/hi-techwonder.com\/es\/wp-json\/wp\/v2\/media\/31233"}],"wp:attachment":[{"href":"https:\/\/hi-techwonder.com\/es\/wp-json\/wp\/v2\/media?parent=82383"}],"wp:term":[{"taxonomy":"product_brand","embeddable":true,"href":"https:\/\/hi-techwonder.com\/es\/wp-json\/wp\/v2\/product_brand?post=82383"},{"taxonomy":"product_cat","embeddable":true,"href":"https:\/\/hi-techwonder.com\/es\/wp-json\/wp\/v2\/product_cat?post=82383"},{"taxonomy":"product_tag","embeddable":true,"href":"https:\/\/hi-techwonder.com\/es\/wp-json\/wp\/v2\/product_tag?post=82383"}],"curies":[{"name":"wp","href":"https:\/\/api.w.org\/{rel}","templated":true}]}}