{"id":82385,"date":"2025-07-28T23:59:30","date_gmt":"2025-07-28T23:59:30","guid":{"rendered":"https:\/\/hi-techwonder.com\/product\/peak-design-cf-as-3-correa-de-muneca-brazalete-coyote\/"},"modified":"2026-04-23T12:39:15","modified_gmt":"2026-04-23T11:39:15","slug":"peak-design-cf-as-3-correa-de-muneca-brazalete-coyote","status":"publish","type":"product","link":"https:\/\/hi-techwonder.com\/es\/producto\/peak-design-cf-as-3-correa-de-muneca-brazalete-coyote\/","title":{"rendered":"PEAK DESIGN CF-AS-3 Correa de mu\u00f1eca Brazalete (Coyote)"},"content":{"rendered":"<p><strong>PEAK DESIGN CF-CY-3 Mu\u00f1equera (Coyote) Pu\u00f1o<\/strong><\/p>\n<p><strong>Funciones<\/strong><\/p>\n<ul>\n<li>Coloque la c\u00e1mara o los prism\u00e1ticos en la mu\u00f1eca<\/li>\n<li>Soporta hasta 90,7 kg<\/li>\n<li>Ajustable al tama\u00f1o de la mu\u00f1eca<\/li>\n<li>C\u00f3moda correa de nailon<\/li>\n<li>Conectores de c\u00e1mara duraderos y vers\u00e1tiles<\/li>\n<li>Se transforma en una correa de transporte<\/li>\n<li>Bolsa blanda incluida<\/li>\n<\/ul>\n<p><strong>Contenido del paquete:<\/strong><\/p>\n<p>1 x Correa de mu\u00f1eca para c\u00e1mara con brazalete Peak Design (Coyote)<\/p>\n<p>2 x Enlace de anclaje &#8211; <strong>V4<\/strong><\/p>\n<p>1 x Bolsa<\/p>\n<p><strong>Descripci\u00f3n del brazalete CF-CY-3 Mu\u00f1equera (Coyote) de PEAK DESIGN<\/strong><\/p>\n<p><iframe loading=\"lazy\" style=\"min-height: 500px; width: 100%; height: auto;\" src=\"https:\/\/www.youtube.com\/embed\/hGI0e57-JpQ?si=QK7qDtgIgFQA11uI\" width=\"560\" height=\"314\" allowfullscreen=\"allowfullscreen\"><\/iframe><\/p>\n<p>Video: Correas de c\u00e1mara Coyote<\/p>\n<ul>\n<li style=\"text-align: justify;\">La correa de mu\u00f1eca para c\u00e1mara Coyote Cuff de Peak Design conecta una c\u00e1mara, tel\u00e9metro o binoculares a la mu\u00f1eca para un acceso seguro y protegido. Una hebilla deslizante de aleaci\u00f3n de aluminio le permite ajustar la correa de nailon para un ajuste ce\u00f1ido y ce\u00f1ido. Fije su c\u00e1mara a la correa con uno de los dos eslabones de anclaje incluidos. Cada eslab\u00f3n de anclaje est\u00e1 clasificado para soportar 200 libras y crea un punto de fijaci\u00f3n duradero, broche o quita, para pr\u00e1cticamente cualquier ojal de correa. Para garantizar una seguridad continua, cada sujetador est\u00e1 hecho de dos capas de cable termopl\u00e1stico antiabrasi\u00f3n, lo que indica si se han da\u00f1ado y necesitan ser reemplazados.    <\/li>\n<\/ul>\n<ul>\n<li style=\"text-align: justify;\">Para un almacenamiento o transporte conveniente, la correa de mu\u00f1eca del brazalete se puede separar de un eslab\u00f3n de anclaje y usar como correa o colocar en la bolsa de microfibra incluida. Cuando se usa como correa, la longitud de la correa se puede enrollar alrededor de la mu\u00f1eca y sujetar magn\u00e9ticamente a lo largo de su propia superficie. <\/li>\n<\/ul>\n<p><strong>Compatibilidad de dispositivos: tama\u00f1o peque\u00f1o pero muy resistente<\/strong><\/p>\n<p>No te dejes enga\u00f1ar por el tama\u00f1o del Cuff&#8230; Combina la belleza de un dise\u00f1o moderno y hermoso con una cantidad, funcionalidad y versatilidad sorprendentes.<\/p>\n<p><strong>Redise\u00f1ado &#8211; <\/strong><strong>Materiales y construcci\u00f3n de primera calidad<\/strong><\/p>\n<p><strong>Nuevo ajustador<\/strong><\/p>\n<ul>\n<li style=\"text-align: justify;\">El ajustador de aluminio anodizado bloquea el manguito en una posici\u00f3n abierta o se ajusta a la mu\u00f1eca.<\/li>\n<\/ul>\n<p><strong>Im\u00e1n; \u00a1S\u00cd!<\/strong><\/p>\n<ul>\n<li style=\"text-align: justify;\">El im\u00e1n ajustable le permite usar el brazalete como pulsera cuando no est\u00e1 en uso.<\/li>\n<\/ul>\n<p><strong>Anclajes actualizados<\/strong><\/p>\n<ul>\n<li style=\"text-align: justify;\">Viene con nuestros \u00faltimos <strong>conectores de anclaje V4<\/strong>, que soportan 90 kg cada uno.<\/li>\n<li style=\"text-align: justify;\">La nueva forma en \u00e1ngulo permite una conexi\u00f3n sin esfuerzo con una sola mano.<\/li>\n<\/ul>\n<p><strong>Conexiones m\u00e1s delgadas<\/strong><\/p>\n<p>La estructura del anclaje es un 25% m\u00e1s delgada.<\/p>\n<p><strong>Correa mejorada<\/strong><\/p>\n<ul>\n<li style=\"text-align: justify;\">La correa tiene mayor durabilidad, suavidad y resistencia a la torsi\u00f3n.<\/li>\n<\/ul>\n<p><strong>Est\u00e9tica mejorada<\/strong><\/p>\n<ul>\n<li style=\"text-align: justify;\">Materiales de alta calidad y puntos de contacto\/tensi\u00f3n redise\u00f1ados.<\/li>\n<\/ul>\n<p><strong>Guardia como brazalete<\/strong><\/p>\n<ul>\n<li style=\"text-align: justify;\">Cuando no est\u00e9 usando el brazalete, t\u00e9ngalo a mano (literalmente) envolvi\u00e9ndolo alrededor de su mu\u00f1eca y us\u00e1ndolo como un brazalete con el cierre magn\u00e9tico ajustable.<\/li>\n<\/ul>\n<p><strong>Mantener abierto o cerrado<\/strong><\/p>\n<ul>\n<li style=\"text-align: justify;\">El nuevo hardware de ajuste le permite mantener el pu\u00f1o cerrado en un bucle abierto, para que pueda pasar f\u00e1cilmente la mano a trav\u00e9s de \u00e9l. Tire del ajustador para apretar el brazalete alrededor de la mu\u00f1eca para mayor seguridad. <\/li>\n<\/ul>\n<p><strong>Protecci\u00f3n contra ca\u00eddas<\/strong><\/p>\n<ul>\n<li style=\"text-align: justify;\">Si se te cae la c\u00e1mara, el brazalete se conecta autom\u00e1ticamente a tu mu\u00f1eca.<\/li>\n<\/ul>\n<p><strong>No solo para c\u00e1maras<\/strong><\/p>\n<ul>\n<li>Conecte el brazalete a binoculares, c\u00e1mara de acci\u00f3n, tel\u00e9metros, herramientas y m\u00e1s.<\/li>\n<\/ul>\n<p><strong>Ultraligero y compacto<\/strong><\/p>\n<ul>\n<li style=\"text-align: justify;\">Mant\u00e9n el brazalete en la c\u00e1mara, la mu\u00f1eca o el bolsillo. El Cuff utiliza materiales ultraligeros para una seguridad total con una huella m\u00ednima. <\/li>\n<\/ul>\n<p><strong>S\u00faper fuerte<\/strong><\/p>\n<ul>\n<li style=\"text-align: justify;\">Lo suficientemente fuerte como para sostener cualquier combinaci\u00f3n de c\u00e1mara profesional \/ lentes \/ accesorios. Los anclajes <strong>soportan m\u00e1s de 90 kg<\/strong> y son extremadamente resistentes a la abrasi\u00f3n. <\/li>\n<\/ul>\n<p><strong>Sirve a (casi) todo el mundo<\/strong><\/p>\n<ul>\n<li style=\"text-align: justify;\">El lazo para la mu\u00f1eca puede adaptarse a palmas de m\u00e1s de 13 cm de ancho. Son manos muy grandes. <\/li>\n<\/ul>\n<p style=\"padding-left: 40px;\">Dise\u00f1o de Pu\u00f1o Peak: Configuraci\u00f3n y Consejos: <a href=\"https:\/\/youtu.be\/_hYLeP_crk4?si=cNUu_CArnGt_bIRu\" target=\"_blank\" rel=\"noopener\">https:\/\/youtu.be\/_hYLeP_crk4?si=cNUu_CArnGt_bIRu<\/a><\/p>\n<p><strong>Caracter\u00edsticas t\u00e9cnicas:<\/strong><\/p>\n<div class=\"group_fDXOr6EpR9\" style=\"box-sizing: inherit; margin-bottom: 2.1875rem; font-family: OpenSans, 'Segoe UI', Helvetica, Roboto, Arial, sans-serif; font-size: 16px; background-color: #ffffff;\">\n<table class=\"table_fDXOr6EpR9\" style=\"box-sizing: inherit; width: 936.65px;\" data-selenium=\"specsItemGroupTable\">\n<tbody style=\"box-sizing: inherit;\">\n<tr class=\"pair_KqJ3Q3GPKv\" style=\"box-sizing: inherit; border-bottom: 0.0625rem solid #e5e5e5;\" data-selenium=\"specsItemGroupTableRow\">\n<td class=\"label_KqJ3Q3GPKv firstSpecWhenNoGroupName_KqJ3Q3GPKv\" style=\"box-sizing: inherit; border-top: none; padding: 0px 0px 1.25rem; width: 355.925px; color: #666666; font-size: 1.125rem; line-height: 1.375rem; vertical-align: baseline;\" data-selenium=\"specsItemGroupTableColumnLabel\">Color<\/td>\n<td class=\"value_KqJ3Q3GPKv firstSpecWhenNoGroupName_KqJ3Q3GPKv\" style=\"box-sizing: inherit; color: #666666; font-size: 1.125rem; line-height: 1.375rem; vertical-align: baseline; padding: 0px 0px 1.25rem 2.5rem;\" data-selenium=\"specsItemGroupTableColumnValue\">\n<div class=\"expandableValue_KqJ3Q3GPKv\" style=\"box-sizing: inherit;\">(Coyote) = Marr\u00f3n \/ Beige<\/div>\n<\/td>\n<\/tr>\n<tr class=\"pair_KqJ3Q3GPKv\" style=\"box-sizing: inherit; border-bottom: 0.0625rem solid #e5e5e5;\" data-selenium=\"specsItemGroupTableRow\">\n<td class=\"label_KqJ3Q3GPKv\" style=\"box-sizing: inherit; border-top: none; padding: 1.25rem 0px; width: 355.925px; color: #666666; font-size: 1.125rem; line-height: 1.375rem; vertical-align: baseline;\" data-selenium=\"specsItemGroupTableColumnLabel\">Longitud de la tira<\/td>\n<td class=\"value_KqJ3Q3GPKv\" style=\"box-sizing: inherit; line-height: 1.375rem; vertical-align: baseline; padding: 1.25rem 0px 1.25rem 2.5rem;\" data-selenium=\"specsItemGroupTableColumnValue\">\n<div class=\"expandableValue_KqJ3Q3GPKv\" style=\"color: #666666; font-size: 1.125rem; box-sizing: inherit;\">De 6 a 9,7 cm (<span style=\"font-size: 10pt;\">de 41,8 a 3,8&#8243;)<\/span><\/div>\n<\/td>\n<\/tr>\n<tr class=\"pair_KqJ3Q3GPKv\" style=\"box-sizing: inherit; border-bottom: 0.0625rem solid #e5e5e5;\" data-selenium=\"specsItemGroupTableRow\">\n<td class=\"label_KqJ3Q3GPKv\" style=\"box-sizing: inherit; border-top: none; padding: 1.25rem 0px; width: 355.925px; color: #666666; font-size: 1.125rem; line-height: 1.375rem; vertical-align: baseline;\" data-selenium=\"specsItemGroupTableColumnLabel\">Conector de orejeta<\/td>\n<td class=\"value_KqJ3Q3GPKv\" style=\"box-sizing: inherit; color: #666666; font-size: 1.125rem; line-height: 1.375rem; vertical-align: baseline; padding: 1.25rem 0px 1.25rem 2.5rem;\" data-selenium=\"specsItemGroupTableColumnValue\">\n<div class=\"expandableValue_KqJ3Q3GPKv\" style=\"box-sizing: inherit;\">Bucle<\/div>\n<\/td>\n<\/tr>\n<tr class=\"pair_KqJ3Q3GPKv\" style=\"box-sizing: inherit; border-bottom: 0.0625rem solid #e5e5e5;\" data-selenium=\"specsItemGroupTableRow\">\n<td class=\"label_KqJ3Q3GPKv\" style=\"box-sizing: inherit; border-top: none; padding: 1.25rem 0px; width: 355.925px; color: #666666; font-size: 1.125rem; line-height: 1.375rem; vertical-align: baseline;\" data-selenium=\"specsItemGroupTableColumnLabel\">Lanzamiento r\u00e1pido<\/td>\n<td class=\"value_KqJ3Q3GPKv\" style=\"box-sizing: inherit; color: #666666; font-size: 1.125rem; line-height: 1.375rem; vertical-align: baseline; padding: 1.25rem 0px 1.25rem 2.5rem;\" data-selenium=\"specsItemGroupTableColumnValue\">\n<div class=\"expandableValue_KqJ3Q3GPKv\" style=\"box-sizing: inherit;\">No<\/div>\n<\/td>\n<\/tr>\n<tr class=\"pair_KqJ3Q3GPKv\" style=\"box-sizing: inherit; border-bottom: 0.0625rem solid #e5e5e5;\" data-selenium=\"specsItemGroupTableRow\">\n<td class=\"label_KqJ3Q3GPKv\" style=\"box-sizing: inherit; border-top: none; padding: 1.25rem 0px; width: 355.925px; color: #666666; font-size: 1.125rem; line-height: 1.375rem; vertical-align: baseline;\" data-selenium=\"specsItemGroupTableColumnLabel\">Capacidad de carga<\/td>\n<td class=\"value_KqJ3Q3GPKv\" style=\"box-sizing: inherit; color: #666666; font-size: 1.125rem; line-height: 1.375rem; vertical-align: baseline; padding: 1.25rem 0px 1.25rem 2.5rem;\" data-selenium=\"specsItemGroupTableColumnValue\">\n<div class=\"expandableValue_KqJ3Q3GPKv\" style=\"box-sizing: inherit;\">90,7 kg<\/div>\n<\/td>\n<\/tr>\n<tr class=\"pair_KqJ3Q3GPKv\" style=\"box-sizing: inherit; border-bottom: 0.0625rem solid #e5e5e5;\" data-selenium=\"specsItemGroupTableRow\">\n<td class=\"label_KqJ3Q3GPKv\" style=\"box-sizing: inherit; border-top: none; padding: 1.25rem 0px; width: 355.925px; color: #666666; font-size: 1.125rem; line-height: 1.375rem; vertical-align: baseline;\" data-selenium=\"specsItemGroupTableColumnLabel\">Material<\/td>\n<td class=\"value_KqJ3Q3GPKv\" style=\"box-sizing: inherit; color: #666666; font-size: 1.125rem; line-height: 1.375rem; vertical-align: baseline; padding: 1.25rem 0px 1.25rem 2.5rem;\" data-selenium=\"specsItemGroupTableColumnValue\">\n<div class=\"expandableValue_KqJ3Q3GPKv\" style=\"box-sizing: inherit;\">Cuero, nailon (nylon)<\/div>\n<\/td>\n<\/tr>\n<tr class=\"pair_KqJ3Q3GPKv\" style=\"box-sizing: inherit; border-bottom: 0.0625rem solid #e5e5e5;\" data-selenium=\"specsItemGroupTableRow\">\n<td class=\"label_KqJ3Q3GPKv\" style=\"box-sizing: inherit; border-top: none; padding: 1.25rem 0px; width: 355.925px; color: #666666; font-size: 1.125rem; line-height: 1.375rem; vertical-align: baseline;\" data-selenium=\"specsItemGroupTableColumnLabel\">Peso<\/td>\n<td class=\"value_KqJ3Q3GPKv\" style=\"box-sizing: inherit; color: #666666; font-size: 1.125rem; line-height: 1.375rem; vertical-align: baseline; padding: 1.25rem 0px 1.25rem 2.5rem;\" data-selenium=\"specsItemGroupTableColumnValue\">\n<div class=\"expandableValue_KqJ3Q3GPKv\" style=\"box-sizing: inherit;\">50g<\/div>\n<\/td>\n<\/tr>\n<\/tbody>\n<\/table>\n<\/div>\n<div class=\"group_fDXOr6EpR9\" style=\"box-sizing: inherit; margin-bottom: 2.1875rem; font-family: OpenSans, 'Segoe UI', Helvetica, Roboto, Arial, sans-serif; font-size: 16px; background-color: #ffffff;\">\n<div class=\"name_fDXOr6EpR9\" style=\"box-sizing: inherit; border-bottom: 0.125rem solid #cccccc; color: #3f9a59; font-size: 2rem; line-height: 2rem; padding: 1rem 0px 0.875rem;\" data-selenium=\"specsItemGroupName\"><strong>Informaci\u00f3n de embalaje<\/strong><\/div>\n<table class=\"table_fDXOr6EpR9\" style=\"box-sizing: inherit; width: 936.65px;\" data-selenium=\"specsItemGroupTable\">\n<tbody style=\"box-sizing: inherit;\">\n<tr class=\"pair_KqJ3Q3GPKv\" style=\"box-sizing: inherit; border-bottom: 0.0625rem solid #e5e5e5;\" data-selenium=\"specsItemGroupTableRow\">\n<td class=\"label_KqJ3Q3GPKv \" style=\"box-sizing: inherit; border-top: none; padding: 1.25rem 0px; width: 355.925px; color: #666666; font-size: 1.125rem; line-height: 1.375rem; vertical-align: baseline;\" data-selenium=\"specsItemGroupTableColumnLabel\">Peso del paquete<\/td>\n<td class=\"value_KqJ3Q3GPKv \" style=\"box-sizing: inherit; color: #666666; font-size: 1.125rem; line-height: 1.375rem; vertical-align: baseline; padding: 1.25rem 0px 1.25rem 2.5rem;\" data-selenium=\"specsItemGroupTableColumnValue\">\n<div class=\"expandableValue_KqJ3Q3GPKv\" style=\"box-sizing: inherit;\">77 gramos<\/div>\n<\/td>\n<\/tr>\n<tr class=\"pair_KqJ3Q3GPKv\" style=\"box-sizing: inherit; border-bottom: 0.0625rem solid #e5e5e5;\" data-selenium=\"specsItemGroupTableRow\">\n<td class=\"label_KqJ3Q3GPKv\" style=\"box-sizing: inherit; border-top: none; padding: 1.25rem 0px; width: 355.925px; color: #666666; font-size: 1.125rem; line-height: 1.375rem; vertical-align: baseline;\" data-selenium=\"specsItemGroupTableColumnLabel\">Dimensiones de la caja (LxAxA)<\/td>\n<td class=\"value_KqJ3Q3GPKv\" style=\"box-sizing: inherit; color: #666666; font-size: 1.125rem; line-height: 1.375rem; vertical-align: baseline; padding: 1.25rem 0px 1.25rem 2.5rem;\" data-selenium=\"specsItemGroupTableColumnValue\">\n<div class=\"expandableValue_KqJ3Q3GPKv\" style=\"box-sizing: inherit;\">15,7 x 7,9 x 4,1<\/div>\n<\/td>\n<\/tr>\n<\/tbody>\n<\/table>\n<\/div>\n<p>Nota: Las im\u00e1genes mostradas son ejemplos y pueden no corresponder exactamente al producto designado<\/p>\n","protected":false},"excerpt":{"rendered":"<p>PEAK DESIGN CF-CY-3 Mu\u00f1equera (Coyote) Pu\u00f1o Funciones Coloque la c\u00e1mara o los prism\u00e1ticos en la mu\u00f1eca Soporta hasta 90,7 kg<\/p>\n","protected":false},"featured_media":31195,"comment_status":"closed","ping_status":"closed","template":"","meta":{"_acf_changed":false},"product_brand":[2640],"product_cat":[903],"product_tag":[],"class_list":{"0":"post-82385","1":"product","2":"type-product","3":"status-publish","4":"has-post-thumbnail","6":"product_brand-peak-design-es","7":"product_cat-correas-y-tirantes","8":"pa_cor-marron","10":"first","11":"instock","12":"taxable","13":"shipping-taxable","14":"purchasable","15":"product-type-simple"},"bundled_by":[],"bundle_stock_status":"instock","bundle_stock_quantity":1,"bundle_virtual":false,"bundle_layout":"","bundle_add_to_cart_form_location":"","bundle_editable_in_cart":false,"bundle_sold_individually_context":"","bundle_item_grouping":"","bundle_min_size":"","bundle_max_size":"","bundle_price":[],"bundled_items":[],"bundle_sell_ids":[],"acf":[],"_links":{"self":[{"href":"https:\/\/hi-techwonder.com\/es\/wp-json\/wp\/v2\/product\/82385","targetHints":{"allow":["GET"]}}],"collection":[{"href":"https:\/\/hi-techwonder.com\/es\/wp-json\/wp\/v2\/product"}],"about":[{"href":"https:\/\/hi-techwonder.com\/es\/wp-json\/wp\/v2\/types\/product"}],"replies":[{"embeddable":true,"href":"https:\/\/hi-techwonder.com\/es\/wp-json\/wp\/v2\/comments?post=82385"}],"wp:featuredmedia":[{"embeddable":true,"href":"https:\/\/hi-techwonder.com\/es\/wp-json\/wp\/v2\/media\/31195"}],"wp:attachment":[{"href":"https:\/\/hi-techwonder.com\/es\/wp-json\/wp\/v2\/media?parent=82385"}],"wp:term":[{"taxonomy":"product_brand","embeddable":true,"href":"https:\/\/hi-techwonder.com\/es\/wp-json\/wp\/v2\/product_brand?post=82385"},{"taxonomy":"product_cat","embeddable":true,"href":"https:\/\/hi-techwonder.com\/es\/wp-json\/wp\/v2\/product_cat?post=82385"},{"taxonomy":"product_tag","embeddable":true,"href":"https:\/\/hi-techwonder.com\/es\/wp-json\/wp\/v2\/product_tag?post=82385"}],"curies":[{"name":"wp","href":"https:\/\/api.w.org\/{rel}","templated":true}]}}