{"id":82386,"date":"2025-07-29T00:07:51","date_gmt":"2025-07-29T00:07:51","guid":{"rendered":"https:\/\/hi-techwonder.com\/product\/kf-concept-kf13-131-star-wander-02-mochila-gris-25l\/"},"modified":"2026-04-21T15:24:30","modified_gmt":"2026-04-21T14:24:30","slug":"kf-concept-kf13-131-star-wander-02-mochila-gris-25l","status":"publish","type":"product","link":"https:\/\/hi-techwonder.com\/es\/producto\/kf-concept-kf13-131-star-wander-02-mochila-gris-25l\/","title":{"rendered":"K&amp;F CONCEPT KF13.131 Star Wander 02 Mochila Gris 25L"},"content":{"rendered":"<p><b>K&amp;F CONCEPT Star Wander 02 &#8211; Mochila Gris \u00e0 25L KF13.131<\/b><\/p>\n<p><\/p>\n<p><\/p>\n<p><b>Funciones<\/b><\/p>\n<ul>\n<li>Modelo KF13.131<\/li>\n<li>Mochila con buena capacidad, 25 Litros<\/li>\n<li>Resistente al agua \/ impermeable<\/li>\n<li>Construcci\u00f3n robusta<\/li>\n<li>Capacidad para 2 c\u00e1maras + 4 lentes + Accesorios + port\u00e1til de 15,6&#8243; + tablet + objetos personales<\/li>\n<li>Acceso f\u00e1cil y m\u00faltiple<\/li>\n<li>Botones de seguridad en los extremos de la cremallera<\/li>\n<li>Ergon\u00f3mico y c\u00f3modo<\/li>\n<\/ul>\n<p><\/p>\n<p><\/p>\n<p><b>Contenido del paquete<\/b><\/p>\n<ul>\n<li>1 x Star Wander 02 Gris Impermeable 25L K&amp;F CONCEPT Mochila &#8211; KF13.131<\/li>\n<\/ul>\n<p><\/p>\n<p>&nbsp; &nbsp;&nbsp;&nbsp; &nbsp; &nbsp; &nbsp; &nbsp; &nbsp; &nbsp; &nbsp; &nbsp; &nbsp; &nbsp;<\/p>\n<p><\/p>\n<p><\/p>\n<p><b>Star Wander 02 Mochila &#8211; 25 L &#8211; Descripci\u00f3n<\/b><\/p>\n<p><b><br \/><\/b><\/p>\n<p style=\"text-align: center;  \"><\/p>\n<p><b><br \/><\/b><\/p>\n<p><b>Mochila para c\u00e1mara de gran capacidad<\/b><\/p>\n<ul>\n<li>Para satisfacer las necesidades de los fot\u00f3grafos de viajes y de uso diario, K&amp;F Concept dise\u00f1a esta mochila para c\u00e1mara profesional con gran capacidad y puede contener 2 c\u00e1maras + 4 lentes + computadora port\u00e1til de 15.6&#8243; (bolsillo separado) + tableta de 12.9&#8243; (bolsillo separado) + tr\u00edpode y otros equipos de c\u00e1mara o art\u00edculos personales. Medidas: 43.9 x 29.5 x 23.9 cm. El compartimento superior puede contener elementos esenciales de viaje, como ropa  <\/li>\n<\/ul>\n<p><\/p>\n<ul>\n<li>M\u00faltiples aberturas de acceso f\u00e1cil de esta mochila para c\u00e1mara profesional (acceso lateral izquierdo\/derecho y acceso frontal) le permiten sacar r\u00e1pidamente su c\u00e1mara cuando necesite tomar una foto r\u00e1pida. Los divisores acolchados personalizados extra\u00edbles dentro de la bolsa le permiten ajustar el espacio interno de acuerdo con el tama\u00f1o de sus c\u00e1maras y el tipo de accesorios para proteger mejor su c\u00e1mara y accesorios. <\/li>\n<\/ul>\n<p><\/p>\n<p><b>Seguridad y protecci\u00f3n<\/b><\/p>\n<ul>\n<li>Las tiras reflectantes en el panel frontal de esta mochila para c\u00e1mara profesional K&amp;F Concept y los botones de seguridad en los extremos de la cremallera de la bolsa sirven para prevenir robos y proteger su equipo. Las cremalleras del bolsillo principal de la bolsa son de alta calidad e impermeables. La bolsa de la c\u00e1mara permanecer\u00e1 seca con la cubierta de lluvia sellada, incluida en el paquete.  <\/li>\n<\/ul>\n<p><\/p>\n<ul>\n<li>Compartimento para accesorios enriquecido Los diferentes equipos tienen bolsillos separados. K&amp;F Concept utiliza colores para la bater\u00eda. Con este dise\u00f1o inteligente, puede encontrar r\u00e1pidamente los art\u00edculos que necesita.  <\/li>\n<\/ul>\n<p><\/p>\n<p><b>Soporte ergon\u00f3mico para la espalda<\/b><\/p>\n<ul>\n<li>El panel de malla de aire acolchado en la parte posterior de la bolsa de la c\u00e1mara profesional y el dise\u00f1o ergon\u00f3mico aumentan el flujo de aire al caminar o viajar, y distribuyen uniformemente el peso para una mayor comodidad y ahorro de energ\u00eda, especialmente cuando se usa esta mochila de c\u00e1mara profesional completamente cargada para caminar.<\/li>\n<\/ul>\n<p><\/p>\n<p><img decoding=\"async\" src=\"https:\/\/img.kentfaith.com\/catalog\/prod\/KF13.131\/KF13.131-us\/KF13.131_10.jpg\" style=\"width: 1171px;\" alt=\"\"><\/p>\n<p><\/p>\n<p><\/p>\n<p>Nota: Im\u00e1genes ilustrativas. Material fotogr\u00e1fico no incluido. Ver contenido del paquete.  <\/p>\n","protected":false},"excerpt":{"rendered":"<p>K&amp;F CONCEPT Star Wander 02 &#8211; Mochila Gris \u00e0 25L KF13.131 Funciones Modelo KF13.131 Mochila con buena capacidad, 25 Litros<\/p>\n","protected":false},"featured_media":34137,"comment_status":"closed","ping_status":"open","template":"","meta":{"_acf_changed":false},"product_brand":[2562],"product_cat":[907],"product_tag":[],"class_list":{"0":"post-82386","1":"product","2":"type-product","3":"status-publish","4":"has-post-thumbnail","6":"product_brand-kf-concept-es","7":"product_cat-mochilas-es","9":"first","10":"instock","11":"taxable","12":"shipping-taxable","13":"purchasable","14":"product-type-simple"},"bundled_by":[],"bundle_stock_status":"instock","bundle_stock_quantity":2,"bundle_virtual":false,"bundle_layout":"","bundle_add_to_cart_form_location":"","bundle_editable_in_cart":false,"bundle_sold_individually_context":"","bundle_item_grouping":"","bundle_min_size":"","bundle_max_size":"","bundle_price":[],"bundled_items":[],"bundle_sell_ids":[],"acf":[],"_links":{"self":[{"href":"https:\/\/hi-techwonder.com\/es\/wp-json\/wp\/v2\/product\/82386","targetHints":{"allow":["GET"]}}],"collection":[{"href":"https:\/\/hi-techwonder.com\/es\/wp-json\/wp\/v2\/product"}],"about":[{"href":"https:\/\/hi-techwonder.com\/es\/wp-json\/wp\/v2\/types\/product"}],"replies":[{"embeddable":true,"href":"https:\/\/hi-techwonder.com\/es\/wp-json\/wp\/v2\/comments?post=82386"}],"wp:featuredmedia":[{"embeddable":true,"href":"https:\/\/hi-techwonder.com\/es\/wp-json\/wp\/v2\/media\/34137"}],"wp:attachment":[{"href":"https:\/\/hi-techwonder.com\/es\/wp-json\/wp\/v2\/media?parent=82386"}],"wp:term":[{"taxonomy":"product_brand","embeddable":true,"href":"https:\/\/hi-techwonder.com\/es\/wp-json\/wp\/v2\/product_brand?post=82386"},{"taxonomy":"product_cat","embeddable":true,"href":"https:\/\/hi-techwonder.com\/es\/wp-json\/wp\/v2\/product_cat?post=82386"},{"taxonomy":"product_tag","embeddable":true,"href":"https:\/\/hi-techwonder.com\/es\/wp-json\/wp\/v2\/product_tag?post=82386"}],"curies":[{"name":"wp","href":"https:\/\/api.w.org\/{rel}","templated":true}]}}