{"id":82387,"date":"2025-07-29T00:08:00","date_gmt":"2025-07-29T00:08:00","guid":{"rendered":"https:\/\/hi-techwonder.com\/product\/mochila-kf-concept-25l-kf13-210\/"},"modified":"2026-01-31T03:11:23","modified_gmt":"2026-01-31T03:11:23","slug":"kf-concept-mochila-kf-concept-25l-kf13-210","status":"publish","type":"product","link":"https:\/\/hi-techwonder.com\/es\/producto\/kf-concept-mochila-kf-concept-25l-kf13-210\/","title":{"rendered":"Mochila K&amp;F CONCEPT 25L KF13.210"},"content":{"rendered":"<p class=\"MsoNormal\"><b>Mochila K&amp;F Concept 25L \u2013 Dise\u00f1o vers\u00e1til y<br \/>\nProtecci\u00f3n total del equipo (<\/b><b>KF13.210)<\/b><\/p>\n<p data-start=\"913\" data-end=\"1264\"><\/p>\n<p data-start=\"913\" data-end=\"1264\">Para los fot\u00f3grafos exigentes que necesitan eficiencia, protecci\u00f3n y practicidad, la Mochila Fotogr\u00e1fica Profesional 25L es la soluci\u00f3n definitiva. Ideal para el uso diario, los viajes o el trabajo de campo, esta mochila ofrece una combinaci\u00f3n inmejorable de organizaci\u00f3n interna inteligente, comodidad de transporte y seguridad para su equipo m\u00e1s valioso. <\/p>\n<p data-start=\"1266\" data-end=\"1653\">Con una amplia abertura en la parte trasera y delantera, puede ver todo el interior con un solo gesto. La configuraci\u00f3n de particiones extra\u00edbles le permite personalizar el espacio seg\u00fan sea necesario, ya sea para c\u00e1maras DSLR, teleobjetivos o drones compactos. La red protectora incorporada garantiza que su equipo est\u00e9 seguro, sin importar c\u00f3mo est\u00e9 dispuesto.  <\/p>\n<p data-start=\"1655\" data-end=\"2057\">Adem\u00e1s, el material exterior repelente al agua y las cremalleras selladas brindan una protecci\u00f3n confiable contra la intemperie. Un compartimento especial en el hombro izquierdo le permite guardar gafas o accesorios r\u00e1pidamente, mientras que el lado derecho ofrece un espacio vers\u00e1til para otros objetos de uso frecuente. El marco grueso garantiza estabilidad y un aspecto premium incluso cuando la mochila est\u00e1 vac\u00eda.  <\/p>\n<p data-start=\"1655\" data-end=\"2057\"><\/p>\n<h3 data-start=\"2064\" data-end=\"2098\"><strong data-start=\"2068\" data-end=\"2098\">Caracter\u00edsticas principales<\/strong><\/h3>\n<ul data-start=\"2100\" data-end=\"2992\">\n<li data-start=\"2100\" data-end=\"2224\">\n<p data-start=\"2102\" data-end=\"2224\"><strong data-start=\"2102\" data-end=\"2138\">Acceso completo delantero y trasero:<\/strong> Aberturas con cremallera que se extienden por completo, lo que facilita el acceso al contenido<\/p>\n<\/li>\n<li data-start=\"2225\" data-end=\"2364\">\n<p data-start=\"2227\" data-end=\"2364\"><strong data-start=\"2227\" data-end=\"2252\">Particiones modulares:<\/strong> Espacio interior personalizable con divisores desmontables para adaptarse a diferentes configuraciones de equipamiento<\/p>\n<\/li>\n<li data-start=\"2365\" data-end=\"2476\">\n<p data-start=\"2367\" data-end=\"2476\"><strong data-start=\"2367\" data-end=\"2389\">Protecci\u00f3n avanzada:<\/strong> El compartimento protector de malla con acolchado grueso protege contra impactos<\/p>\n<\/li>\n<li data-start=\"2477\" data-end=\"2584\">\n<p data-start=\"2479\" data-end=\"2584\"><strong data-start=\"2479\" data-end=\"2508\">Dise\u00f1o resistente al agua:<\/strong> Tejido tratado con repelentes, cremalleras selladas y funda para la lluvia incluidos<\/p>\n<\/li>\n<li data-start=\"2585\" data-end=\"2709\">\n<p data-start=\"2587\" data-end=\"2709\"><strong data-start=\"2587\" data-end=\"2615\">Organizaci\u00f3n inteligente:<\/strong> Compartimentos dedicados para bater\u00edas, cables y accesorios, con marcas de carga de seda<\/p>\n<\/li>\n<li data-start=\"2710\" data-end=\"2824\">\n<p data-start=\"2712\" data-end=\"2824\"><strong data-start=\"2712\" data-end=\"2759\">Almacenamiento lateral de alta tracci\u00f3n:<\/strong> F\u00e1cil acceso a bater\u00edas y art\u00edculos peque\u00f1os con tela expandible<\/p>\n<\/li>\n<li data-start=\"2825\" data-end=\"2895\">\n<p data-start=\"2827\" data-end=\"2895\"><strong data-start=\"2827\" data-end=\"2859\">Compartimento para port\u00e1til:<\/strong> Compatible con port\u00e1tiles de hasta 16&#8243;<\/p>\n<\/li>\n<li data-start=\"2896\" data-end=\"2992\">\n<p data-start=\"2898\" data-end=\"2992\"><strong data-start=\"2898\" data-end=\"2918\">Formato estable:<\/strong> El marco reforzado mantiene la forma de la mochila incluso cuando est\u00e1 vac\u00eda<\/p>\n<\/li>\n<\/ul>\n<p data-start=\"1655\" data-end=\"2057\"><\/p>\n<p><\/p>\n<h3 data-start=\"3202\" data-end=\"3233\"><strong data-start=\"3206\" data-end=\"3233\">Especificaciones t\u00e9cnicas<\/strong><\/h3>\n<div class=\"_tableContainer_16hzy_1\">\n<div class=\"_tableWrapper_16hzy_14 group flex w-fit flex-col-reverse\">\n<table data-start=\"3235\" data-end=\"4237\" class=\"w-fit min-w-(--thread-content-width)\">\n<thead data-start=\"3235\" data-end=\"3311\">\n<tr data-start=\"3235\" data-end=\"3311\">\n<th data-start=\"3235\" data-end=\"3268\" data-col-size=\"sm\">Detalles de la caracter\u00edstica<\/th>\n<th data-start=\"3268\" data-end=\"3311\" data-col-size=\"md\"><\/th>\n<\/tr>\n<\/thead>\n<tbody data-start=\"3388\" data-end=\"4237\">\n<tr data-start=\"3388\" data-end=\"3463\">\n<td data-start=\"3388\" data-end=\"3420\" data-col-size=\"sm\"><strong data-start=\"3390\" data-end=\"3404\">Capacidad<\/strong><\/td>\n<td data-col-size=\"md\" data-start=\"3420\" data-end=\"3463\">25 litros<\/td>\n<\/tr>\n<tr data-start=\"3464\" data-end=\"3539\">\n<td data-start=\"3464\" data-end=\"3496\" data-col-size=\"sm\"><strong data-start=\"3466\" data-end=\"3488\">Dimensiones externas<\/strong><\/td>\n<td data-col-size=\"md\" data-start=\"3496\" data-end=\"3539\">33 x 22 x 46 cm<\/td>\n<\/tr>\n<tr data-start=\"3540\" data-end=\"3615\">\n<td data-start=\"3540\" data-end=\"3572\" data-col-size=\"sm\"><strong data-start=\"3542\" data-end=\"3550\">Peso<\/strong><\/td>\n<td data-col-size=\"md\" data-start=\"3572\" data-end=\"3615\">2 kg<\/td>\n<\/tr>\n<tr data-start=\"3616\" data-end=\"3691\">\n<td data-start=\"3616\" data-end=\"3648\" data-col-size=\"sm\"><strong data-start=\"3618\" data-end=\"3647\">Compartimento para port\u00e1til Hasta<\/strong><\/td>\n<td data-col-size=\"md\" data-start=\"3648\" data-end=\"3691\">16 pulgadas<\/td>\n<\/tr>\n<tr data-start=\"3692\" data-end=\"3767\">\n<td data-start=\"3692\" data-end=\"3724\" data-col-size=\"sm\"><strong data-start=\"3694\" data-end=\"3714\">Material exterior<\/strong><\/td>\n<td data-col-size=\"md\" data-start=\"3724\" data-end=\"3767\">Tejido repelente al agua<\/td>\n<\/tr>\n<tr data-start=\"3768\" data-end=\"3843\">\n<td data-start=\"3768\" data-end=\"3800\" data-col-size=\"sm\"><strong data-start=\"3770\" data-end=\"3781\">Cremalleras impermeables<\/strong><\/td>\n<td data-col-size=\"md\" data-start=\"3800\" data-end=\"3843\"><\/td>\n<\/tr>\n<tr data-start=\"3844\" data-end=\"3919\">\n<td data-start=\"3844\" data-end=\"3876\" data-col-size=\"sm\"><strong data-start=\"3846\" data-end=\"3863\">Funda para la lluvia<\/strong><\/td>\n<td data-col-size=\"md\" data-start=\"3876\" data-end=\"3919\">S\u00ed, incluida<\/td>\n<\/tr>\n<tr data-start=\"3920\" data-end=\"3997\">\n<td data-start=\"3920\" data-end=\"3952\" data-col-size=\"sm\"><strong data-start=\"3922\" data-end=\"3951\">Compartimentos principales<\/strong><\/td>\n<td data-col-size=\"md\" data-start=\"3952\" data-end=\"3997\">2 (delantero y trasero con apertura completa)<\/td>\n<\/tr>\n<tr data-start=\"3998\" data-end=\"4073\">\n<td data-start=\"3998\" data-end=\"4030\" data-col-size=\"sm\"><strong data-start=\"4000\" data-end=\"4023\">Particiones internas extra\u00edbles<\/strong><\/td>\n<td data-col-size=\"md\" data-start=\"4030\" data-end=\"4073\">y configurables<\/td>\n<\/tr>\n<tr data-start=\"4074\" data-end=\"4149\">\n<td data-start=\"4074\" data-end=\"4106\" data-col-size=\"sm\"><strong data-start=\"4076\" data-end=\"4102\">&#8211; Red protectora interna<\/strong><\/td>\n<td data-col-size=\"md\" data-start=\"4106\" data-end=\"4149\">S\u00ed<\/td>\n<\/tr>\n<tr data-start=\"4150\" data-end=\"4237\">\n<td data-start=\"4150\" data-end=\"4182\" data-col-size=\"sm\"><strong data-start=\"4152\" data-end=\"4170\">Correas para los hombros<\/strong><\/td>\n<td data-col-size=\"md\" data-start=\"4182\" data-end=\"4237\">Con compartimentos r\u00e1pidos para gafas y accesorios<\/td>\n<\/tr>\n<\/tbody>\n<\/table>\n<\/div>\n<\/div>\n<p><\/p>\n<p><\/p>\n<h3 data-start=\"2999\" data-end=\"3028\"><strong data-start=\"3003\" data-end=\"3028\">Contenido del paquete<\/strong><\/h3>\n<ul data-start=\"3030\" data-end=\"3195\">\n<li data-start=\"3030\" data-end=\"3073\">\n<p data-start=\"3032\" data-end=\"3073\">1x Mochila Fotogr\u00e1fica Profesional 25L<\/p>\n<\/li>\n<li data-start=\"3074\" data-end=\"3123\">\n<p data-start=\"3076\" data-end=\"3123\">1x Juego de divisores internos ajustables<\/p>\n<\/li>\n<li data-start=\"3124\" data-end=\"3156\">\n<p data-start=\"3126\" data-end=\"3156\">1x cubierta impermeable para la lluvia<\/p>\n<\/li>\n<li data-start=\"3157\" data-end=\"3195\">\n<p data-start=\"3159\" data-end=\"3195\">1x Manual de instrucciones y cuidados<\/p>\n<\/li>\n<\/ul>\n<p><\/p>\n<p><\/p>\n","protected":false},"excerpt":{"rendered":"<p>Mochila K&amp;F Concept 25L \u2013 Dise\u00f1o vers\u00e1til y Protecci\u00f3n total del equipo (KF13.210) Para los fot\u00f3grafos exigentes que necesitan eficiencia,<\/p>\n","protected":false},"featured_media":34211,"comment_status":"closed","ping_status":"open","template":"","meta":{"_acf_changed":false},"product_brand":[2562],"product_cat":[907],"product_tag":[],"class_list":{"0":"post-82387","1":"product","2":"type-product","3":"status-publish","4":"has-post-thumbnail","6":"product_brand-kf-concept-es","7":"product_cat-mochilas-es","9":"first","10":"outofstock","11":"taxable","12":"shipping-taxable","13":"purchasable","14":"product-type-simple"},"bundled_by":[],"bundle_stock_status":"outofstock","bundle_stock_quantity":null,"bundle_virtual":false,"bundle_layout":"","bundle_add_to_cart_form_location":"","bundle_editable_in_cart":false,"bundle_sold_individually_context":"","bundle_item_grouping":"","bundle_min_size":"","bundle_max_size":"","bundle_price":[],"bundled_items":[],"bundle_sell_ids":[],"acf":[],"_links":{"self":[{"href":"https:\/\/hi-techwonder.com\/es\/wp-json\/wp\/v2\/product\/82387","targetHints":{"allow":["GET"]}}],"collection":[{"href":"https:\/\/hi-techwonder.com\/es\/wp-json\/wp\/v2\/product"}],"about":[{"href":"https:\/\/hi-techwonder.com\/es\/wp-json\/wp\/v2\/types\/product"}],"replies":[{"embeddable":true,"href":"https:\/\/hi-techwonder.com\/es\/wp-json\/wp\/v2\/comments?post=82387"}],"wp:featuredmedia":[{"embeddable":true,"href":"https:\/\/hi-techwonder.com\/es\/wp-json\/wp\/v2\/media\/34211"}],"wp:attachment":[{"href":"https:\/\/hi-techwonder.com\/es\/wp-json\/wp\/v2\/media?parent=82387"}],"wp:term":[{"taxonomy":"product_brand","embeddable":true,"href":"https:\/\/hi-techwonder.com\/es\/wp-json\/wp\/v2\/product_brand?post=82387"},{"taxonomy":"product_cat","embeddable":true,"href":"https:\/\/hi-techwonder.com\/es\/wp-json\/wp\/v2\/product_cat?post=82387"},{"taxonomy":"product_tag","embeddable":true,"href":"https:\/\/hi-techwonder.com\/es\/wp-json\/wp\/v2\/product_tag?post=82387"}],"curies":[{"name":"wp","href":"https:\/\/api.w.org\/{rel}","templated":true}]}}