{"id":82401,"date":"2025-07-28T23:48:37","date_gmt":"2025-07-28T23:48:37","guid":{"rendered":"https:\/\/hi-techwonder.com\/product\/boya-by-w4-sistema-de-microfono-inalambrico-de-solapa-4\/"},"modified":"2026-05-04T10:59:41","modified_gmt":"2026-05-04T09:59:41","slug":"boya-by-w4-sistema-de-microfono-inalambrico-de-solapa-4","status":"publish","type":"product","link":"https:\/\/hi-techwonder.com\/es\/producto\/boya-by-w4-sistema-de-microfono-inalambrico-de-solapa-4\/","title":{"rendered":"BOYA BY-W4 Sistema de micr\u00f3fono inal\u00e1mbrico de solapa 4"},"content":{"rendered":"<p><b>BOYA BY-W4 Sistema de micr\u00f3fono inal\u00e1mbrico de solapa 4<\/b><\/p>\n<p><b><br \/><\/b><\/p>\n<p><b>Funciones:<\/b><\/p>\n<ul>\n<li>Un sistema inal\u00e1mbrico de 4 canales que es extremadamente f\u00e1cil de usar.<\/li>\n<li>Audio de calidad de transmisi\u00f3n incre\u00edble.<\/li>\n<li>Compacto y ligero.<\/li>\n<li>Dos cables de salida de 3,5 mm para maximizar la compatibilidad y la flexibilidad.<\/li>\n<li>Monitoreo de audio en tiempo real.<\/li>\n<li>Micr\u00f3fono omnidireccional incorporado para captaci\u00f3n de sonido de 360\u00b0.<\/li>\n<li>Emparejamiento autom\u00e1tico y plug &amp; play<\/li>\n<\/ul>\n<p><\/p>\n<p>&nbsp;&nbsp;<b><br \/><\/b><\/p>\n<p><b><br \/><\/b><\/p>\n<p><b><br \/><\/b><\/p>\n<p><b><br \/><\/b><\/p>\n<p><b>Contenido del paquete:&nbsp;<\/b><\/p>\n<ul>\n<li>1 x receptor BY-W4 RX<\/li>\n<li>4 x Transmisor BY-W4 TX<\/li>\n<li>1 x cable de doble conector TRRS macho a TRRS hembra de 3,5 mm<\/li>\n<li>1 x cable jack TRRS macho a TRS macho de 3,5 mm (para c\u00e1mara)<\/li>\n<li>1 x cable jack TRRS macho a TRRS macho de 3,5 mm (para smartphone)<\/li>\n<li>3 x Cable de carga USB-C<\/li>\n<li>4 x Protector de piel<\/li>\n<li>1 x bolsa de almacenamiento\/transporte<\/li>\n<\/ul>\n<p><\/p>\n<p><b><br \/><\/b><\/p>\n<p>El BY-W4 es un sistema de micr\u00f3fono inal\u00e1mbrico que ofrece calidad de transmisi\u00f3n y rendimiento confiable al tiempo que brinda un audio claro y n\u00edtido.<\/p>\n<p>Cuenta con un sistema inal\u00e1mbrico que permite el uso simult\u00e1neo de hasta cuatro transmisores, lo que lo hace perfecto para entrevistas con varias personas, presentaciones en vivo, transmisi\u00f3n en vivo, conferencias, paneles de discusi\u00f3n y otros eventos.<\/p>\n<p><\/p>\n<p><iframe loading=\"lazy\" frameborder=\"0\" src=\"https:\/\/www.youtube.com\/embed\/Hn35BD6CNCo\" width=\"640\" height=\"360\" class=\"note-video-clip\" referrerpolicy=\"strict-origin-when-cross-origin\"><\/iframe><\/p>\n<p><\/p>\n<p><b>Caracter\u00edsticas t\u00e9cnicas:&nbsp;<\/b><\/p>\n<ul>\n<li>Patr\u00f3n polar: omnidireccional<\/li>\n<li>Relaci\u00f3n se\u00f1al\/ruido: &gt;78dB<\/li>\n<li>Respuesta de frecuencia: 50Hz-16kHz<\/li>\n<li>Sensibilidad: -42dB<\/li>\n<li>Tiempo de carga: Aprox. 2 horas <\/li>\n<li>Duraci\u00f3n de la bater\u00eda: Aprox. 7 horas <\/li>\n<\/ul>\n<p><\/p>\n","protected":false},"excerpt":{"rendered":"<p>BOYA BY-W4 Sistema de micr\u00f3fono inal\u00e1mbrico de solapa 4 Funciones: Un sistema inal\u00e1mbrico de 4 canales que es extremadamente f\u00e1cil<\/p>\n","protected":false},"featured_media":28106,"comment_status":"closed","ping_status":"open","template":"","meta":{"_acf_changed":false},"product_brand":[2621],"product_cat":[896],"product_tag":[],"class_list":{"0":"post-82401","1":"product","2":"type-product","3":"status-publish","4":"has-post-thumbnail","6":"product_brand-boya-es","7":"product_cat-solapa","9":"first","10":"pre-order","11":"taxable","12":"shipping-taxable","13":"purchasable","14":"product-type-simple"},"bundled_by":[],"bundle_stock_status":"pre-order","bundle_stock_quantity":null,"bundle_virtual":false,"bundle_layout":"","bundle_add_to_cart_form_location":"","bundle_editable_in_cart":false,"bundle_sold_individually_context":"","bundle_item_grouping":"","bundle_min_size":"","bundle_max_size":"","bundle_price":[],"bundled_items":[],"bundle_sell_ids":[],"acf":[],"_links":{"self":[{"href":"https:\/\/hi-techwonder.com\/es\/wp-json\/wp\/v2\/product\/82401","targetHints":{"allow":["GET"]}}],"collection":[{"href":"https:\/\/hi-techwonder.com\/es\/wp-json\/wp\/v2\/product"}],"about":[{"href":"https:\/\/hi-techwonder.com\/es\/wp-json\/wp\/v2\/types\/product"}],"replies":[{"embeddable":true,"href":"https:\/\/hi-techwonder.com\/es\/wp-json\/wp\/v2\/comments?post=82401"}],"wp:featuredmedia":[{"embeddable":true,"href":"https:\/\/hi-techwonder.com\/es\/wp-json\/wp\/v2\/media\/28106"}],"wp:attachment":[{"href":"https:\/\/hi-techwonder.com\/es\/wp-json\/wp\/v2\/media?parent=82401"}],"wp:term":[{"taxonomy":"product_brand","embeddable":true,"href":"https:\/\/hi-techwonder.com\/es\/wp-json\/wp\/v2\/product_brand?post=82401"},{"taxonomy":"product_cat","embeddable":true,"href":"https:\/\/hi-techwonder.com\/es\/wp-json\/wp\/v2\/product_cat?post=82401"},{"taxonomy":"product_tag","embeddable":true,"href":"https:\/\/hi-techwonder.com\/es\/wp-json\/wp\/v2\/product_tag?post=82401"}],"curies":[{"name":"wp","href":"https:\/\/api.w.org\/{rel}","templated":true}]}}