{"id":82409,"date":"2025-07-28T23:46:32","date_gmt":"2025-07-28T23:46:32","guid":{"rendered":"https:\/\/hi-techwonder.com\/product\/lexar-cfexpress-pro-tipo-a-gold-serie-320gb-900-mb-s\/"},"modified":"2025-12-18T15:49:34","modified_gmt":"2025-12-18T15:49:34","slug":"lexar-cfexpress-pro-tipo-a-gold-serie-320gb-900-mb-s","status":"publish","type":"product","link":"https:\/\/hi-techwonder.com\/es\/producto\/lexar-cfexpress-pro-tipo-a-gold-serie-320gb-900-mb-s\/","title":{"rendered":"LEXAR CFexpress PRO Tipo A Gold Serie 320GB &#8211; 900 MB\/s"},"content":{"rendered":"<p><b>LEXAR PRO Tipo A Gold Serie 320GB &#8211; R900\/MB\/s &#8211; W800MB\/s<\/b><\/p>\n<p><b><br \/><\/b><\/p>\n<p><b><br \/><\/b><\/p>\n<p><b>Funciones<\/b><\/p>\n<ul>\n<li>320 GB de capacidad<\/li>\n<li>Velocidad m\u00e1xima de lectura: 900 MB\/s<\/li>\n<li>Velocidad m\u00e1xima de escritura: 800 MB\/s<\/li>\n<li>Velocidad m\u00ednima de escritura: 700 MB\/s<\/li>\n<li>Compatible con VPG-400 a 400 MB\/s<\/li>\n<li>Graba video 8K, 4K y HFR a 120 fps  <\/li>\n<li>Graba fotos sin procesar y r\u00e1fagas  <\/li>\n<li>Resistente a golpes y vibraciones  <\/li>\n<li>Resistente a la temperatura<\/li>\n<\/ul>\n<p><\/p>\n<p><\/p>\n<p><b>Contenido del paquete<\/b><\/p>\n<ul>\n<li>1 x LEXAR PRO Tipo A Gold Series 320GB &#8211; 900\/MB\/s<\/li>\n<\/ul>\n<p>&nbsp; &nbsp; &nbsp;&nbsp;<\/p>\n<p><\/p>\n<p><\/p>\n<p><\/p>\n<p><b>Descripci\u00f3n general de Lexar 320GB CFexpress Tipo A<\/b><\/p>\n<p><\/p>\n<p><iframe loading=\"lazy\" frameborder=\"0\" src=\"https:\/\/www.youtube.com\/embed\/djg_K0o2ZJM?start=2\" width=\"640\" height=\"360\" class=\"note-video-clip\" referrerpolicy=\"strict-origin-when-cross-origin\"><\/iframe><b><br \/><\/b><\/p>\n<p><\/p>\n<ul>\n<li style=\"text-align: justify;\">Dise\u00f1ada para creadores profesionales que desean capturar im\u00e1genes de alta resoluci\u00f3n y video 8K con calidad cinematogr\u00e1fica, la tarjeta profesional Lexar CFexpress Type A 320GB GOLD Series ofrece velocidades de lectura de hasta 900 MB\/s, velocidades de escritura de hasta 800 MB\/s y velocidades m\u00ednimas de escritura de 700 MB\/s. Todo esto le permite capturar video sin procesar 8K, 4K y HFR a hasta 120 fps, as\u00ed como im\u00e1genes fijas y r\u00e1fagas sin procesar. Adem\u00e1s, cumple con el est\u00e1ndar de clase de video VGP-400, que garantiza velocidades de escritura de al menos 400 MB\/s. Para ayudar a proteger sus datos, Lexar ha construido esta tarjeta para soportar temperaturas que oscilan entre 14 \u00b0 y 158 \u00b0, as\u00ed como golpes y vibraciones.   <\/li>\n<\/ul>\n<p style=\"text-align: justify;\"><\/p>\n<div style=\"text-align: justify;\"><b>Velocidades sostenidas para video ininterrumpido<\/b><\/div>\n<ul>\n<li style=\"text-align: justify;\">Con una clasificaci\u00f3n de garant\u00eda de rendimiento de video 400 (VPG-400), la tarjeta de la serie Lexar Professional CFexpress Type A GOLD ofrece una velocidad de escritura m\u00ednima sostenida de 400 MB\/s. Esto garantiza que su contenido se capture sin interrupciones y sin p\u00e9rdida de fotogramas. Esto garantiza que su contenido se capture sin problemas y sin p\u00e9rdida de fotogramas.  <\/li>\n<\/ul>\n<p style=\"text-align: justify;\"><\/p>\n<p style=\"text-align: justify;\"><\/p>\n<p style=\"text-align: justify;\"><b>Captura la aventura con la m\u00e1xima durabilidad<\/b><\/p>\n<ul>\n<li style=\"text-align: justify;\">Estas tarjetas ofrecen el rendimiento que necesita para capturar y almacenar datos valiosos sobre una variedad de elementos. La tarjeta de la serie Lexar Professional CFexpress Type A GOLD ofrece la durabilidad resistente que necesita para protegerse de la temperatura, los golpes y las vibraciones. <\/li>\n<\/ul>\n<p style=\"text-align: justify;\"><\/p>\n<div style=\"text-align: justify;\"><b>Opciones de gran capacidad<\/b><\/div>\n<ul>\n<li style=\"text-align: justify;\">Disponible en capacidades de hasta 160 GB, puede capturar m\u00e1s im\u00e1genes de alta calidad y video 8K sin procesar con calidad cinematogr\u00e1fica sin tener que cambiar constantemente de tarjeta. Garant\u00eda y servicio Todas las tarjetas de memoria de la l\u00ednea Lexar Professional vienen con una garant\u00eda limitada de por vida y est\u00e1n respaldadas por un servicio experto. <\/li>\n<\/ul>\n<p style=\"text-align: justify;\"><\/p>\n<p style=\"text-align: justify;\"><b>Pruebas rigurosas<\/b><\/p>\n<ul>\n<li style=\"text-align: justify;\">Todos los productos Lexar se someten a pruebas exhaustivas en los laboratorios de calidad de Lexar, instalaciones con miles de c\u00e1maras y dispositivos digitales diferentes para garantizar el rendimiento, la calidad, la compatibilidad y la confiabilidad.<\/li>\n<\/ul>\n<p style=\"text-align: justify;\"><\/p>\n<p style=\"text-align: justify;\"><\/p>\n<div style=\"text-align: justify;\"><\/div>\n<div style=\"text-align: justify;\"><b>Caracter\u00edsticas t\u00e9cnicas&nbsp;<\/b><\/div>\n<div style=\"\"><b><br \/><\/b>Lexar 320 GB CFexpress Tipo A<\/div>\n<div style=\"text-align: justify;\">\n<div class=\"group_fDXOr6EpR9\" style=\"box-sizing: inherit; margin-bottom: 2.1875rem; text-align: start;\">\n<table class=\"table_fDXOr6EpR9\" data-selenium=\"specsItemGroupTable\" style=\"box-sizing: inherit; width: 936.65px;\">\n<tbody style=\"box-sizing: inherit;\">\n<tr class=\"pair_KqJ3Q3GPKv\" data-selenium=\"specsItemGroupTableRow\" style=\"box-sizing: inherit; border-bottom: 0.0625rem solid rgb(229, 229, 229);\">\n<td class=\"label_KqJ3Q3GPKv firstSpecWhenNoGroupName_KqJ3Q3GPKv\" data-selenium=\"specsItemGroupTableColumnLabel\" style=\"box-sizing: inherit; border-top: none; padding: 0px 0px 1.25rem; width: 355.925px; line-height: 1.375rem; vertical-align: baseline;\"><\/td>\n<\/tr>\n<\/tbody>\n<\/table>\n<\/div>\n<div class=\"group_fDXOr6EpR9\" style=\"box-sizing: inherit; margin-bottom: 2.1875rem; text-align: start;\">\n<table class=\"table_fDXOr6EpR9\" data-selenium=\"specsItemGroupTable\" style=\"box-sizing: inherit; width: 936.65px;\">\n<tbody style=\"box-sizing: inherit;\">\n<tr class=\"pair_KqJ3Q3GPKv\" data-selenium=\"specsItemGroupTableRow\" style=\"box-sizing: inherit; border-bottom: 0.0625rem solid rgb(229, 229, 229);\">\n<td class=\"label_KqJ3Q3GPKv firstSpecWhenNoGroupName_KqJ3Q3GPKv\" data-selenium=\"specsItemGroupTableColumnLabel\" style=\"box-sizing: inherit; border-top: none; padding: 0px 0px 1.25rem; width: 355.925px; line-height: 1.375rem; vertical-align: baseline;\">Cantidad<\/td>\n<td class=\"value_KqJ3Q3GPKv firstSpecWhenNoGroupName_KqJ3Q3GPKv\" data-selenium=\"specsItemGroupTableColumnValue\" style=\"box-sizing: inherit; line-height: 1.375rem; vertical-align: baseline; padding: 0px 0px 1.25rem 2.5rem;\">\n<div class=\"expandableValue_KqJ3Q3GPKv\" style=\"box-sizing: inherit;\">1<\/div>\n<\/td>\n<\/tr>\n<tr class=\"pair_KqJ3Q3GPKv\" data-selenium=\"specsItemGroupTableRow\" style=\"box-sizing: inherit; border-bottom: 0.0625rem solid rgb(229, 229, 229);\">\n<td class=\"label_KqJ3Q3GPKv\" data-selenium=\"specsItemGroupTableColumnLabel\" style=\"box-sizing: inherit; border-top: none; padding: 1.25rem 0px; width: 355.925px; line-height: 1.375rem; vertical-align: baseline;\">Tipo de tarjeta<\/td>\n<td class=\"value_KqJ3Q3GPKv\" data-selenium=\"specsItemGroupTableColumnValue\" style=\"box-sizing: inherit; line-height: 1.375rem; vertical-align: baseline; padding: 1.25rem 0px 1.25rem 2.5rem;\">\n<div class=\"expandableValue_KqJ3Q3GPKv\" style=\"box-sizing: inherit;\">CFexpress Tipo A<\/div>\n<\/td>\n<\/tr>\n<tr class=\"pair_KqJ3Q3GPKv\" data-selenium=\"specsItemGroupTableRow\" style=\"box-sizing: inherit; border-bottom: 0.0625rem solid rgb(229, 229, 229);\">\n<td class=\"label_KqJ3Q3GPKv\" data-selenium=\"specsItemGroupTableColumnLabel\" style=\"box-sizing: inherit; border-top: none; padding: 1.25rem 0px; width: 355.925px; line-height: 1.375rem; vertical-align: baseline;\">Capacidad de almacenamiento<\/td>\n<td class=\"value_KqJ3Q3GPKv\" data-selenium=\"specsItemGroupTableColumnValue\" style=\"box-sizing: inherit; line-height: 1.375rem; vertical-align: baseline; padding: 1.25rem 0px 1.25rem 2.5rem;\">\n<div class=\"expandableValue_KqJ3Q3GPKv\" style=\"box-sizing: inherit;\">320 GB<\/div>\n<\/td>\n<\/tr>\n<tr class=\"pair_KqJ3Q3GPKv\" data-selenium=\"specsItemGroupTableRow\" style=\"box-sizing: inherit; border-bottom: 0.0625rem solid rgb(229, 229, 229);\">\n<td class=\"label_KqJ3Q3GPKv\" data-selenium=\"specsItemGroupTableColumnLabel\" style=\"box-sizing: inherit; border-top: none; padding: 1.25rem 0px; width: 355.925px; line-height: 1.375rem; vertical-align: baseline;\">Tipo de autob\u00fas<\/td>\n<td class=\"value_KqJ3Q3GPKv\" data-selenium=\"specsItemGroupTableColumnValue\" style=\"box-sizing: inherit; line-height: 1.375rem; vertical-align: baseline; padding: 1.25rem 0px 1.25rem 2.5rem;\">\n<div class=\"expandableValue_KqJ3Q3GPKv\" style=\"box-sizing: inherit;\">PCI-Express 3.0<\/div>\n<\/td>\n<\/tr>\n<tr class=\"pair_KqJ3Q3GPKv\" data-selenium=\"specsItemGroupTableRow\" style=\"box-sizing: inherit; border-bottom: 0.0625rem solid rgb(229, 229, 229);\">\n<td class=\"label_KqJ3Q3GPKv\" data-selenium=\"specsItemGroupTableColumnLabel\" style=\"box-sizing: inherit; border-top: none; padding: 1.25rem 0px; width: 355.925px; line-height: 1.375rem; vertical-align: baseline;\">Velocidad de lectura<\/td>\n<td class=\"value_KqJ3Q3GPKv\" data-selenium=\"specsItemGroupTableColumnValue\" style=\"box-sizing: inherit; line-height: 1.375rem; vertical-align: baseline; padding: 1.25rem 0px 1.25rem 2.5rem;\">\n<div class=\"expandableValue_KqJ3Q3GPKv\" style=\"box-sizing: inherit;\">M\u00e1ximo: 900 MB\/s<\/div>\n<\/td>\n<\/tr>\n<tr class=\"pair_KqJ3Q3GPKv\" data-selenium=\"specsItemGroupTableRow\" style=\"box-sizing: inherit; border-bottom: 0.0625rem solid rgb(229, 229, 229);\">\n<td class=\"label_KqJ3Q3GPKv\" data-selenium=\"specsItemGroupTableColumnLabel\" style=\"box-sizing: inherit; border-top: none; padding: 1.25rem 0px; width: 355.925px; line-height: 1.375rem; vertical-align: baseline;\">Velocidad de escritura<\/td>\n<td class=\"value_KqJ3Q3GPKv\" data-selenium=\"specsItemGroupTableColumnValue\" style=\"box-sizing: inherit; line-height: 1.375rem; vertical-align: baseline; padding: 1.25rem 0px 1.25rem 2.5rem;\">\n<div class=\"expandableValue_KqJ3Q3GPKv\" style=\"box-sizing: inherit;\"><span style=\"box-sizing: inherit; vertical-align: inherit;\">M\u00e1ximo: 800 MB\/s<br style=\"box-sizing: inherit;\">M\u00ednimo: 700 MB\/s<br style=\"box-sizing: inherit;\">Sostenido: 400 MB\/s<\/span><\/div>\n<\/td>\n<\/tr>\n<tr class=\"pair_KqJ3Q3GPKv\" data-selenium=\"specsItemGroupTableRow\" style=\"box-sizing: inherit; border-bottom: 0.0625rem solid rgb(229, 229, 229);\">\n<td class=\"label_KqJ3Q3GPKv\" data-selenium=\"specsItemGroupTableColumnLabel\" style=\"box-sizing: inherit; border-top: none; padding: 1.25rem 0px; width: 355.925px; line-height: 1.375rem; vertical-align: baseline;\">Temperatura de funcionamiento<\/td>\n<td class=\"value_KqJ3Q3GPKv\" data-selenium=\"specsItemGroupTableColumnValue\" style=\"box-sizing: inherit; line-height: 1.375rem; vertical-align: baseline; padding: 1.25rem 0px 1.25rem 2.5rem;\">\n<div class=\"expandableValue_KqJ3Q3GPKv\" style=\"box-sizing: inherit;\">De -10 a 70 \u00b0C<\/div>\n<\/td>\n<\/tr>\n<tr class=\"pair_KqJ3Q3GPKv\" data-selenium=\"specsItemGroupTableRow\" style=\"box-sizing: inherit; border-bottom: 0.0625rem solid rgb(229, 229, 229);\">\n<td class=\"label_KqJ3Q3GPKv\" data-selenium=\"specsItemGroupTableColumnLabel\" style=\"box-sizing: inherit; border-top: none; padding: 1.25rem 0px; width: 355.925px; line-height: 1.375rem; vertical-align: baseline;\">Temperatura de almacenamiento<\/td>\n<td class=\"value_KqJ3Q3GPKv\" data-selenium=\"specsItemGroupTableColumnValue\" style=\"box-sizing: inherit; line-height: 1.375rem; vertical-align: baseline; padding: 1.25rem 0px 1.25rem 2.5rem;\">\n<div class=\"expandableValue_KqJ3Q3GPKv\" style=\"box-sizing: inherit;\">De -25 a 85 \u00b0C<\/div>\n<\/td>\n<\/tr>\n<tr class=\"pair_KqJ3Q3GPKv\" data-selenium=\"specsItemGroupTableRow\" style=\"box-sizing: inherit; border-bottom: 0.0625rem solid rgb(229, 229, 229);\">\n<td class=\"label_KqJ3Q3GPKv\" data-selenium=\"specsItemGroupTableColumnLabel\" style=\"box-sizing: inherit; border-top: none; padding: 1.25rem 0px; width: 355.925px; line-height: 1.375rem; vertical-align: baseline;\">Certificaciones<\/td>\n<td class=\"value_KqJ3Q3GPKv\" data-selenium=\"specsItemGroupTableColumnValue\" style=\"box-sizing: inherit; line-height: 1.375rem; vertical-align: baseline; padding: 1.25rem 0px 1.25rem 2.5rem;\">\n<div class=\"expandableValue_KqJ3Q3GPKv\" style=\"box-sizing: inherit;\"><span style=\"box-sizing: inherit; vertical-align: inherit;\">WEEE, FCC, ESSE, Tick C, VCCI<\/span><\/div>\n<\/td>\n<\/tr>\n<\/tbody>\n<\/table>\n<\/div>\n<div class=\"group_fDXOr6EpR9\" style=\"box-sizing: inherit; margin-bottom: 2.1875rem; text-align: start;\">\n<div class=\"name_fDXOr6EpR9\" data-selenium=\"specsItemGroupName\" style=\"box-sizing: inherit; border-bottom: 0.125rem solid rgb(204, 204, 204); line-height: 2rem; padding: 1rem 0px 0.875rem;\">\n<div class=\"name_fDXOr6EpR9\" data-selenium=\"specsItemGroupName\" style=\"box-sizing: inherit; border-bottom: 0.125rem solid rgb(204, 204, 204); line-height: 2rem; padding: 1rem 0px 0.875rem;\">Peso neto 2,5 gr<\/div>\n<div class=\"name_fDXOr6EpR9\" data-selenium=\"specsItemGroupName\" style=\"box-sizing: inherit; border-bottom: 0.125rem solid rgb(204, 204, 204); line-height: 2rem; padding: 1rem 0px 0.875rem;\">Peso bruto 12 gramos<\/div>\n<div class=\"name_fDXOr6EpR9\" data-selenium=\"specsItemGroupName\" style=\"box-sizing: inherit; border-bottom: 0.125rem solid rgb(204, 204, 204); line-height: 2rem; padding: 1rem 0px 0.875rem;\">Dimensiones: 20 mm x 28 mm 28 mm<\/div>\n<\/div>\n<\/div>\n<\/div>\n<div style=\"\">\n<div class=\"constraint-1\" style=\"width: auto; margin: 0px auto; max-width: 1400px; position: relative;\">\n<div class=\"productdetail-container\" style=\"margin: 0px; display: flex; flex-direction: row; width: 1400px; justify-content: center;\">\n<div class=\"productdetail-interior\" style=\"width: 1400px;\">\n<div class=\"productspecs\" style=\"\">\n<div class=\"tabpanes\" data-scope=\"productdetail\" style=\"\">\n<div class=\"tabpane visible\" data-scope=\"productdetail\" data-id=\"specs\" style=\"min-height: 400px; margin-top: 15px;\">\n<div class=\"speccolums\" style=\"display: flex; flex-direction: column; line-height: 30px; justify-content: flex-start;\">\n<div class=\"speclist label-value\" style=\"display: flex; min-width: 100%;\">\n<div class=\"label-value label\" style=\"width: 560px;\"><\/div>\n<\/div>\n<div class=\"speclist label-value\" style=\"display: flex; min-width: 100%;\">\n<div style=\"color: rgba(0, 0, 0, 0.8); font-family: Poppins, Roboto, sans-serif; font-size: 13.3333px; letter-spacing: -0.036px;\"><\/div>\n<\/div>\n<\/div>\n<\/div>\n<\/div>\n<\/div>\n<\/div>\n<\/div>\n<\/div>\n<\/div>\n","protected":false},"excerpt":{"rendered":"<p>LEXAR PRO Tipo A Gold Serie 320GB &#8211; R900\/MB\/s &#8211; W800MB\/s Funciones 320 GB de capacidad Velocidad m\u00e1xima de lectura:<\/p>\n","protected":false},"featured_media":27544,"comment_status":"closed","ping_status":"closed","template":"","meta":{"_acf_changed":false},"product_brand":[2614],"product_cat":[1028],"product_tag":[],"class_list":{"0":"post-82409","1":"product","2":"type-product","3":"status-publish","4":"has-post-thumbnail","6":"product_brand-lexar-es","7":"product_cat-cfexpress-es","9":"first","10":"instock","11":"taxable","12":"shipping-taxable","13":"purchasable","14":"product-type-simple"},"bundled_by":[],"bundle_stock_status":"instock","bundle_stock_quantity":1,"bundle_virtual":false,"bundle_layout":"","bundle_add_to_cart_form_location":"","bundle_editable_in_cart":false,"bundle_sold_individually_context":"","bundle_item_grouping":"","bundle_min_size":"","bundle_max_size":"","bundle_price":[],"bundled_items":[],"bundle_sell_ids":[],"acf":[],"_links":{"self":[{"href":"https:\/\/hi-techwonder.com\/es\/wp-json\/wp\/v2\/product\/82409","targetHints":{"allow":["GET"]}}],"collection":[{"href":"https:\/\/hi-techwonder.com\/es\/wp-json\/wp\/v2\/product"}],"about":[{"href":"https:\/\/hi-techwonder.com\/es\/wp-json\/wp\/v2\/types\/product"}],"replies":[{"embeddable":true,"href":"https:\/\/hi-techwonder.com\/es\/wp-json\/wp\/v2\/comments?post=82409"}],"wp:featuredmedia":[{"embeddable":true,"href":"https:\/\/hi-techwonder.com\/es\/wp-json\/wp\/v2\/media\/27544"}],"wp:attachment":[{"href":"https:\/\/hi-techwonder.com\/es\/wp-json\/wp\/v2\/media?parent=82409"}],"wp:term":[{"taxonomy":"product_brand","embeddable":true,"href":"https:\/\/hi-techwonder.com\/es\/wp-json\/wp\/v2\/product_brand?post=82409"},{"taxonomy":"product_cat","embeddable":true,"href":"https:\/\/hi-techwonder.com\/es\/wp-json\/wp\/v2\/product_cat?post=82409"},{"taxonomy":"product_tag","embeddable":true,"href":"https:\/\/hi-techwonder.com\/es\/wp-json\/wp\/v2\/product_tag?post=82409"}],"curies":[{"name":"wp","href":"https:\/\/api.w.org\/{rel}","templated":true}]}}