{"id":82410,"date":"2025-07-28T23:28:05","date_gmt":"2025-07-28T23:28:05","guid":{"rendered":"https:\/\/hi-techwonder.com\/product\/insta360-bateria-recargable-para-x4-2290mah\/"},"modified":"2025-10-15T14:45:15","modified_gmt":"2025-10-15T14:45:15","slug":"insta360-bateria-recargable-para-x4-2290mah","status":"publish","type":"product","link":"https:\/\/hi-techwonder.com\/es\/producto\/insta360-bateria-recargable-para-x4-2290mah\/","title":{"rendered":"INSTA360 Bater\u00eda recargable para X4 &#8211; 2290mAh"},"content":{"rendered":"<p><b>INSTA360 Bater\u00eda recargable para X4 &#8211; 2290mAh<\/b><\/p>\n<p><\/p>\n<p><b>Funciones:<\/b><\/p>\n<ul>\n<li>Para c\u00e1mara Insta360 X4 360\u00b0<\/li>\n<li>Bater\u00eda recargable de iones de litio<\/li>\n<li>Capacidad de 2290 mAh<\/li>\n<li>67% m\u00e1s de capacidad que el modelo anterior<\/li>\n<li>Hasta 135 minutos de duraci\u00f3n<\/li>\n<\/ul>\n<p><\/p>\n<p><b>Contenido del paquete:<\/b><\/p>\n<ul>\n<li>INSTA360 Bater\u00eda recargable para X4 &#8211; 2290mAh<\/li>\n<\/ul>\n<p><\/p>\n<p>Alimenta tu c\u00e1mara de acci\u00f3n X4 360\u00b0 8K con esta bater\u00eda recargable de 2290mAh de Insta360. Con una capacidad aumentada del 67% para un total de 2290 mAh, esta bater\u00eda garantiza que pueda capturar toda la acci\u00f3n durante un m\u00e1ximo de 135 minutos. Su qu\u00edmica de iones de litio se puede recargar en un corto per\u00edodo de tiempo para un uso continuo.  <\/p>\n<p><\/p>\n<p><\/p>\n<p><b>Listo para temperaturas bajo cero.<\/b><\/p>\n<p>Dise\u00f1ado para las pistas. Obtenga una resistencia duradera a temperaturas tan bajas como -20 \u00b0 C. <\/p>\n<p><\/p>\n<p><\/p>\n<p><b>Compatibilidad:<\/b><\/p>\n<ul>\n<li><a href=\"https:\/\/hi-techwonder.com\/insta360-x4\" target=\"_blank\">INSTA360 X4<\/a><\/li>\n<\/ul>\n<p><\/p>\n<p><b>Caracter\u00edsticas t\u00e9cnicas:<\/b><\/p>\n<div class=\"group_fDXOr6EpR9\" style=\"box-sizing: inherit; margin-bottom: 2.1875rem; font-family: OpenSans, \"Segoe UI\", Helvetica, Roboto, Arial, sans-serif; font-size: 16px;\">\n<div class=\"name_fDXOr6EpR9 firstGroupInItem_fDXOr6EpR9\" data-selenium=\"specsItemGroupName\" style=\"box-sizing: inherit; border-bottom: 0.125rem solid rgb(204, 204, 204); font-size: 2rem; line-height: 2rem; padding: 0px 0px 0.875rem;\">General<\/div>\n<table class=\"table_fDXOr6EpR9\" data-selenium=\"specsItemGroupTable\" style=\"box-sizing: inherit; width: 936.662px;\">\n<tbody style=\"box-sizing: inherit;\">\n<tr class=\"pair_KqJ3Q3GPKv\" data-selenium=\"specsItemGroupTableRow\" style=\"box-sizing: inherit; border-bottom: 0.0625rem solid rgb(229, 229, 229);\">\n<td class=\"label_KqJ3Q3GPKv \" data-selenium=\"specsItemGroupTableColumnLabel\" style=\"box-sizing: inherit; border-top: none; padding: 1.25rem 0px; width: 355.923px; font-size: 1.125rem; line-height: 1.375rem; vertical-align: baseline;\">Compatibilidad<\/td>\n<td class=\"value_KqJ3Q3GPKv \" data-selenium=\"specsItemGroupTableColumnValue\" style=\"box-sizing: inherit; font-size: 1.125rem; line-height: 1.375rem; vertical-align: baseline; padding: 1.25rem 0px 1.25rem 2.5rem;\">\n<div class=\"expandableValue_KqJ3Q3GPKv\" style=\"box-sizing: inherit;\"><font style=\"box-sizing: inherit; vertical-align: inherit;\"><font style=\"box-sizing: inherit; vertical-align: inherit;\">Insta360<\/font><span style=\"box-sizing: inherit; font-weight: bolder;\"><font style=\"box-sizing: inherit; vertical-align: inherit;\">X4<\/font><\/font><\/span><\/div>\n<\/td>\n<\/tr>\n<\/tbody>\n<\/table>\n<\/div>\n<div class=\"group_fDXOr6EpR9\" style=\"box-sizing: inherit; margin-bottom: 2.1875rem; font-family: OpenSans, \"Segoe UI\", Helvetica, Roboto, Arial, sans-serif; font-size: 16px;\">\n<div class=\"name_fDXOr6EpR9\" data-selenium=\"specsItemGroupName\" style=\"box-sizing: inherit; border-bottom: 0.125rem solid rgb(204, 204, 204); font-size: 2rem; line-height: 2rem; padding: 1rem 0px 0.875rem;\">Bater\u00eda<\/div>\n<table class=\"table_fDXOr6EpR9\" data-selenium=\"specsItemGroupTable\" style=\"box-sizing: inherit; width: 936.662px;\">\n<tbody style=\"box-sizing: inherit;\">\n<tr class=\"pair_KqJ3Q3GPKv\" data-selenium=\"specsItemGroupTableRow\" style=\"box-sizing: inherit; border-bottom: 0.0625rem solid rgb(229, 229, 229);\">\n<td class=\"label_KqJ3Q3GPKv \" data-selenium=\"specsItemGroupTableColumnLabel\" style=\"box-sizing: inherit; border-top: none; padding: 1.25rem 0px; width: 355.923px; color: rgb(102, 102, 102); font-size: 1.125rem; line-height: 1.375rem; vertical-align: baseline;\">Qu\u00edmica de la bater\u00eda<\/td>\n<td class=\"value_KqJ3Q3GPKv \" data-selenium=\"specsItemGroupTableColumnValue\" style=\"box-sizing: inherit; color: rgb(102, 102, 102); font-size: 1.125rem; line-height: 1.375rem; vertical-align: baseline; padding: 1.25rem 0px 1.25rem 2.5rem;\">\n<div class=\"expandableValue_KqJ3Q3GPKv\" style=\"box-sizing: inherit;\">Iones de litio<\/div>\n<\/td>\n<\/tr>\n<tr class=\"pair_KqJ3Q3GPKv\" data-selenium=\"specsItemGroupTableRow\" style=\"box-sizing: inherit; border-bottom: 0.0625rem solid rgb(229, 229, 229);\">\n<td class=\"label_KqJ3Q3GPKv\" data-selenium=\"specsItemGroupTableColumnLabel\" style=\"box-sizing: inherit; border-top: none; padding: 1.25rem 0px; width: 355.923px; color: rgb(102, 102, 102); font-size: 1.125rem; line-height: 1.375rem; vertical-align: baseline;\">Capacidad de carga<\/td>\n<td class=\"value_KqJ3Q3GPKv\" data-selenium=\"specsItemGroupTableColumnValue\" style=\"box-sizing: inherit; color: rgb(102, 102, 102); font-size: 1.125rem; line-height: 1.375rem; vertical-align: baseline; padding: 1.25rem 0px 1.25rem 2.5rem;\">\n<div class=\"expandableValue_KqJ3Q3GPKv\" style=\"box-sizing: inherit;\">Bater\u00eda de 2290 mAh<\/div>\n<\/td>\n<\/tr>\n<tr class=\"pair_KqJ3Q3GPKv\" data-selenium=\"specsItemGroupTableRow\" style=\"box-sizing: inherit; border-bottom: 0.0625rem solid rgb(229, 229, 229);\">\n<td class=\"label_KqJ3Q3GPKv\" data-selenium=\"specsItemGroupTableColumnLabel\" style=\"box-sizing: inherit; border-top: none; padding: 1.25rem 0px; width: 355.923px; color: rgb(102, 102, 102); font-size: 1.125rem; line-height: 1.375rem; vertical-align: baseline;\">Duraci\u00f3n m\u00e1xima de la bater\u00eda<\/td>\n<td class=\"value_KqJ3Q3GPKv\" data-selenium=\"specsItemGroupTableColumnValue\" style=\"box-sizing: inherit; color: rgb(102, 102, 102); font-size: 1.125rem; line-height: 1.375rem; vertical-align: baseline; padding: 1.25rem 0px 1.25rem 2.5rem;\">\n<div class=\"expandableValue_KqJ3Q3GPKv\" style=\"box-sizing: inherit;\">135 minutos<\/div>\n<\/td>\n<\/tr>\n<\/tbody>\n<\/table>\n<\/div>\n","protected":false},"excerpt":{"rendered":"<p>INSTA360 Bater\u00eda recargable para X4 &#8211; 2290mAh Funciones: Para c\u00e1mara Insta360 X4 360\u00b0 Bater\u00eda recargable de iones de litio Capacidad<\/p>\n","protected":false},"featured_media":22245,"comment_status":"closed","ping_status":"closed","template":"","meta":{"_acf_changed":false},"product_brand":[2565],"product_cat":[861],"product_tag":[],"class_list":{"0":"post-82410","1":"product","2":"type-product","3":"status-publish","4":"has-post-thumbnail","6":"product_brand-insta360-es","7":"product_cat-otras","9":"first","10":"onbackorder","11":"taxable","12":"shipping-taxable","13":"purchasable","14":"product-type-simple"},"bundled_by":[],"bundle_stock_status":"onbackorder","bundle_stock_quantity":null,"bundle_virtual":false,"bundle_layout":"","bundle_add_to_cart_form_location":"","bundle_editable_in_cart":false,"bundle_sold_individually_context":"","bundle_item_grouping":"","bundle_min_size":"","bundle_max_size":"","bundle_price":[],"bundled_items":[],"bundle_sell_ids":[],"acf":[],"_links":{"self":[{"href":"https:\/\/hi-techwonder.com\/es\/wp-json\/wp\/v2\/product\/82410","targetHints":{"allow":["GET"]}}],"collection":[{"href":"https:\/\/hi-techwonder.com\/es\/wp-json\/wp\/v2\/product"}],"about":[{"href":"https:\/\/hi-techwonder.com\/es\/wp-json\/wp\/v2\/types\/product"}],"replies":[{"embeddable":true,"href":"https:\/\/hi-techwonder.com\/es\/wp-json\/wp\/v2\/comments?post=82410"}],"wp:featuredmedia":[{"embeddable":true,"href":"https:\/\/hi-techwonder.com\/es\/wp-json\/wp\/v2\/media\/22245"}],"wp:attachment":[{"href":"https:\/\/hi-techwonder.com\/es\/wp-json\/wp\/v2\/media?parent=82410"}],"wp:term":[{"taxonomy":"product_brand","embeddable":true,"href":"https:\/\/hi-techwonder.com\/es\/wp-json\/wp\/v2\/product_brand?post=82410"},{"taxonomy":"product_cat","embeddable":true,"href":"https:\/\/hi-techwonder.com\/es\/wp-json\/wp\/v2\/product_cat?post=82410"},{"taxonomy":"product_tag","embeddable":true,"href":"https:\/\/hi-techwonder.com\/es\/wp-json\/wp\/v2\/product_tag?post=82410"}],"curies":[{"name":"wp","href":"https:\/\/api.w.org\/{rel}","templated":true}]}}