{"id":82412,"date":"2025-07-28T23:27:40","date_gmt":"2025-07-28T23:27:40","guid":{"rendered":"https:\/\/hi-techwonder.com\/product\/kf-concept-kf28-0020v1-en-el14-1050mah-bateria-para-nikon\/"},"modified":"2025-10-20T13:34:38","modified_gmt":"2025-10-20T13:34:38","slug":"kf-concept-kf28-0020v1-en-el14-1050mah-bateria-para-nikon","status":"publish","type":"product","link":"https:\/\/hi-techwonder.com\/es\/producto\/kf-concept-kf28-0020v1-en-el14-1050mah-bateria-para-nikon\/","title":{"rendered":"K&amp;F CONCEPT KF28.0020V1 EN-EL14 1050mAh Bater\u00eda para Nikon"},"content":{"rendered":"<p><b>K&amp;F CONCEPT KF28.0020V1 EN-EL14 1050mAh Bater\u00eda para Nikon<\/b><\/p>\n<p><b><br \/><\/b><\/p>\n<p><b><br \/><\/b><\/p>\n<p><b>Funciones<\/b><\/p>\n<ul>\n<li>Bater\u00eda de la c\u00e1mara EN-EL14<\/li>\n<li>Alta capacidad: capacidad de 1051 mAh &#8211; 7,7 Wh &#8211; 7,4 V<\/li>\n<li>Bater\u00eda de iones de litio (mejor rendimiento seguro y confiable y sin efecto memoria)<\/li>\n<li>Bater\u00eda de alta calidad con certificaci\u00f3n CE, RoHS<\/li>\n<li>Protecci\u00f3n de circuito incorporada<\/li>\n<\/ul>\n<p><\/p>\n<p><\/p>\n<p><b>Contenido del paquete<\/b><\/p>\n<ul>\n<li>1 x Bater\u00eda K&amp;F EN-EL14 para Nikon<\/li>\n<\/ul>\n<p><\/p>\n<p><\/p>\n<p><\/p>\n<p><\/p>\n<p><\/p>\n<p><b>Acerca de la bater\u00eda K&amp;F CONCEPT KF28.0020V1 EN-EL14 1050mAh para Nikon<\/b><\/p>\n<p><\/p>\n<p><b>Patr\u00f3n original<\/b><\/p>\n<ul>\n<li>Las bater\u00edas K&amp;F EN-EL14 son compatibles con las c\u00e1maras y cargadores Nikon EN-EL14, totalmente decodificadas y sin efecto memoria.<\/li>\n<li>Con protecci\u00f3n contra sobretensiones, protecci\u00f3n contra sobredisparo y otras protecciones de seguridad m\u00faltiples.<\/li>\n<\/ul>\n<p><\/p>\n<p style=\"text-align: center;  \">&nbsp; &nbsp; &nbsp; &nbsp; &nbsp;<\/p>\n<p><\/p>\n<p><b>Compatibilidad<\/b><\/p>\n<ul>\n<li>Esta bater\u00eda K&amp;F EN-EL14 funciona con las siguientes c\u00e1maras Nikon<\/li>\n<li>D3100, D3200, D3300, D3400, D3500, D5100, D5200, D5300, D5500, D5600, DF, COOLPIX P7000, P7100, P7200, P7700, P7800<\/li>\n<\/ul>\n<p><\/p>\n<p style=\"text-align: center;  \"><img decoding=\"async\" src=\"https:\/\/m.media-amazon.com\/images\/I\/71H0Ak768yL._AC_SL1500_.jpg\" style=\"width: 50%;\" alt=\"\"><\/p>\n<p><\/p>\n<p style=\"text-align: justify;\">Caracter\u00edsticas t\u00e9cnicas:<\/p>\n<table class=\"table table-bordered\" style=\"background-color: rgb(255, 255, 255); width: 1170.8px;\">\n<tbody>\n<tr>\n<td style=\"line-height: 1.42857;\">Bater\u00eda<\/td>\n<td style=\"line-height: 1.42857;\">EN-EL14 p\/Nikon<\/td>\n<\/tr>\n<tr>\n<td style=\"line-height: 1.42857;\">Qu\u00edmica<\/td>\n<td style=\"line-height: 1.42857;\">Iones de litio&nbsp; &nbsp; &nbsp; &nbsp; &nbsp; &nbsp; &nbsp; &nbsp; &nbsp; &nbsp; &nbsp; &nbsp; &nbsp; &nbsp; &nbsp; &nbsp; &nbsp; &nbsp; &nbsp; &nbsp; &nbsp; &nbsp;<\/td>\n<\/tr>\n<tr>\n<td style=\"line-height: 1.42857;\">Capacidad<\/td>\n<td style=\"line-height: 1.42857;\">1050 mAh &#8211; 7,7 Wh &#8211; 7,4 V<\/td>\n<td style=\"line-height: 1.42857;\"><\/td>\n<\/tr>\n<tr>\n<td style=\"line-height: 1.42857;\">Subir<\/td>\n<td style=\"line-height: 1.42857;\">5V \/ 1.5A<\/td>\n<\/tr>\n<tr>\n<td style=\"line-height: 1.42857;\">Temperatura de funcionamiento:<\/td>\n<td style=\"line-height: 1.42857;\">Entrada de 0\u00ba C a 45\u00ba C Salida de -10\u00ba C a 60\u00ba C&nbsp; &nbsp;&nbsp;&nbsp; &nbsp; &nbsp; &nbsp; &nbsp; &nbsp; &nbsp; &nbsp; &nbsp; &nbsp; &nbsp; &nbsp; &nbsp; &nbsp; &nbsp; &nbsp; &nbsp; &nbsp; &nbsp; &nbsp;<\/td>\n<\/tr>\n<tr>\n<td style=\"line-height: 1.42857;\">Dimensiones<\/td>\n<td style=\"line-height: 1.42857;\">52 mm x 37 mm x 14 mm<\/td>\n<\/tr>\n<tr>\n<td style=\"line-height: 1.42857;\">Peso<\/td>\n<td style=\"line-height: 1.42857;\">47 g <\/td>\n<\/tr>\n<\/tbody>\n<\/table>\n","protected":false},"excerpt":{"rendered":"<p>K&amp;F CONCEPT KF28.0020V1 EN-EL14 1050mAh Bater\u00eda para Nikon Funciones Bater\u00eda de la c\u00e1mara EN-EL14 Alta capacidad: capacidad de 1051 mAh<\/p>\n","protected":false},"featured_media":22096,"comment_status":"closed","ping_status":"closed","template":"","meta":{"_acf_changed":false},"product_brand":[2562],"product_cat":[859],"product_tag":[],"class_list":{"0":"post-82412","1":"product","2":"type-product","3":"status-publish","4":"has-post-thumbnail","6":"product_brand-kf-concept-es","7":"product_cat-nikon-es","9":"first","10":"instock","11":"taxable","12":"shipping-taxable","13":"purchasable","14":"product-type-simple"},"bundled_by":[],"bundle_stock_status":"instock","bundle_stock_quantity":2,"bundle_virtual":false,"bundle_layout":"","bundle_add_to_cart_form_location":"","bundle_editable_in_cart":false,"bundle_sold_individually_context":"","bundle_item_grouping":"","bundle_min_size":"","bundle_max_size":"","bundle_price":[],"bundled_items":[],"bundle_sell_ids":[],"acf":[],"_links":{"self":[{"href":"https:\/\/hi-techwonder.com\/es\/wp-json\/wp\/v2\/product\/82412","targetHints":{"allow":["GET"]}}],"collection":[{"href":"https:\/\/hi-techwonder.com\/es\/wp-json\/wp\/v2\/product"}],"about":[{"href":"https:\/\/hi-techwonder.com\/es\/wp-json\/wp\/v2\/types\/product"}],"replies":[{"embeddable":true,"href":"https:\/\/hi-techwonder.com\/es\/wp-json\/wp\/v2\/comments?post=82412"}],"wp:featuredmedia":[{"embeddable":true,"href":"https:\/\/hi-techwonder.com\/es\/wp-json\/wp\/v2\/media\/22096"}],"wp:attachment":[{"href":"https:\/\/hi-techwonder.com\/es\/wp-json\/wp\/v2\/media?parent=82412"}],"wp:term":[{"taxonomy":"product_brand","embeddable":true,"href":"https:\/\/hi-techwonder.com\/es\/wp-json\/wp\/v2\/product_brand?post=82412"},{"taxonomy":"product_cat","embeddable":true,"href":"https:\/\/hi-techwonder.com\/es\/wp-json\/wp\/v2\/product_cat?post=82412"},{"taxonomy":"product_tag","embeddable":true,"href":"https:\/\/hi-techwonder.com\/es\/wp-json\/wp\/v2\/product_tag?post=82412"}],"curies":[{"name":"wp","href":"https:\/\/api.w.org\/{rel}","templated":true}]}}