{"id":82413,"date":"2025-07-28T23:32:01","date_gmt":"2025-07-28T23:32:01","guid":{"rendered":"https:\/\/hi-techwonder.com\/product\/insta360-hub-de-carga-rapida-para-baterias-x4\/"},"modified":"2025-11-27T15:07:22","modified_gmt":"2025-11-27T15:07:22","slug":"insta360-hub-de-carga-rapida-para-baterias-x4","status":"publish","type":"product","link":"https:\/\/hi-techwonder.com\/es\/producto\/insta360-hub-de-carga-rapida-para-baterias-x4\/","title":{"rendered":"INSTA360 Hub de carga r\u00e1pida para bater\u00edas X4"},"content":{"rendered":"<p><b>INSTA360 Hub de carga r\u00e1pida para bater\u00edas X4<\/b><\/p>\n<p><b><br \/><\/b><\/p>\n<p><b>Funciones:<\/b><\/p>\n<ul>\n<li>Carga hasta 3 bater\u00edas simult\u00e1neamente<\/li>\n<li>Tiempo de carga de 43 minutos<\/li>\n<li>Puerto de carga USB-C<\/li>\n<li>Indicadores LED<\/li>\n<\/ul>\n<p><\/p>\n<p><b>Contenido del paquete:<\/b><\/p>\n<ul>\n<li>Hub de carga r\u00e1pida<\/li>\n<li>Cable USB-C<\/li>\n<\/ul>\n<p><b><br \/><\/b><\/p>\n<p>Recarga hasta tres bater\u00edas para tu c\u00e1mara X4 en solo 43 minutos con este centro de carga r\u00e1pida de Insta360. El concentrador puede cargar tres bater\u00edas de 2290 mAh simult\u00e1neamente. El puerto USB-C admite carga r\u00e1pida PD, que puede cargar sus bater\u00edas hasta en un 80% en 26 minutos. Los indicadores LED muestran el estado de cada ranura de bater\u00eda para facilitar el monitoreo. Utilice el cable USB-C incluido para conectar el concentrador a una fuente de alimentaci\u00f3n de su elecci\u00f3n.    <\/p>\n<p>&nbsp;&nbsp;<\/p>\n<p><b><br \/><\/b><\/p>\n<p><b>Compatibilidad:<\/b><\/p>\n<ul>\n<li><a href=\"https:\/\/hi-techwonder.com\/insta360-bateria-recarregavel-p\/-x4---2290mah\" target=\"_blank\">Bater\u00eda recargable INSTA360 X4 &#8211; 2290mAh<\/a><\/li>\n<\/ul>\n<p><\/p>\n<p><b>Caracter\u00edsticas t\u00e9cnicas:<\/b><\/p>\n<div class=\"group_fDXOr6EpR9\" style=\"box-sizing: inherit; margin-bottom: 2.1875rem; font-family: OpenSans, \"Segoe UI\", Helvetica, Roboto, Arial, sans-serif; font-size: 16px;\">\n<div class=\"name_fDXOr6EpR9 firstGroupInItem_fDXOr6EpR9\" data-selenium=\"specsItemGroupName\" style=\"box-sizing: inherit; border-bottom: 0.125rem solid rgb(204, 204, 204); font-size: 2rem; line-height: 2rem; padding: 0px 0px 0.875rem;\">General<\/div>\n<table class=\"table_fDXOr6EpR9\" data-selenium=\"specsItemGroupTable\" style=\"box-sizing: inherit; width: 936.662px;\">\n<tbody style=\"box-sizing: inherit;\">\n<tr class=\"pair_KqJ3Q3GPKv\" data-selenium=\"specsItemGroupTableRow\" style=\"box-sizing: inherit; border-bottom: 0.0625rem solid rgb(229, 229, 229);\">\n<td class=\"label_KqJ3Q3GPKv \" data-selenium=\"specsItemGroupTableColumnLabel\" style=\"box-sizing: inherit; border-top: none; padding: 1.25rem 0px; width: 355.923px; font-size: 1.125rem; line-height: 1.375rem; vertical-align: baseline;\">Compatibilidad<\/td>\n<td class=\"value_KqJ3Q3GPKv \" data-selenium=\"specsItemGroupTableColumnValue\" style=\"box-sizing: inherit; line-height: 1.375rem; vertical-align: baseline; padding: 1.25rem 0px 1.25rem 2.5rem;\">\n<div class=\"expandableValue_KqJ3Q3GPKv\" style=\"box-sizing: inherit;\">Bater\u00eda recargable INSTA360 X4 &#8211; 2290mAh<\/div>\n<\/td>\n<\/tr>\n<\/tbody>\n<\/table>\n<\/div>\n<div class=\"group_fDXOr6EpR9\" style=\"box-sizing: inherit; margin-bottom: 2.1875rem; font-family: OpenSans, \"Segoe UI\", Helvetica, Roboto, Arial, sans-serif; font-size: 16px;\">\n<div class=\"name_fDXOr6EpR9\" data-selenium=\"specsItemGroupName\" style=\"box-sizing: inherit; border-bottom: 0.125rem solid rgb(204, 204, 204); font-size: 2rem; line-height: 2rem; padding: 1rem 0px 0.875rem;\">Entradas y salidas<\/div>\n<table class=\"table_fDXOr6EpR9\" data-selenium=\"specsItemGroupTable\" style=\"box-sizing: inherit; width: 936.662px;\">\n<tbody style=\"box-sizing: inherit;\">\n<tr class=\"pair_KqJ3Q3GPKv\" data-selenium=\"specsItemGroupTableRow\" style=\"box-sizing: inherit; border-bottom: 0.0625rem solid rgb(229, 229, 229);\">\n<td class=\"label_KqJ3Q3GPKv \" data-selenium=\"specsItemGroupTableColumnLabel\" style=\"box-sizing: inherit; border-top: none; padding: 1.25rem 0px; width: 355.923px; font-size: 1.125rem; line-height: 1.375rem; vertical-align: baseline;\">E\/S USB<\/td>\n<td class=\"value_KqJ3Q3GPKv \" data-selenium=\"specsItemGroupTableColumnValue\" style=\"box-sizing: inherit; font-size: 1.125rem; line-height: 1.375rem; vertical-align: baseline; padding: 1.25rem 0px 1.25rem 2.5rem;\">\n<div class=\"expandableValue_KqJ3Q3GPKv\" style=\"box-sizing: inherit;\">1 x entrada USB-C hembra<\/div>\n<\/td>\n<\/tr>\n<\/tbody>\n<\/table>\n<\/div>\n<div class=\"group_fDXOr6EpR9\" style=\"box-sizing: inherit; margin-bottom: 2.1875rem; font-family: OpenSans, \"Segoe UI\", Helvetica, Roboto, Arial, sans-serif; font-size: 16px;\">\n<div class=\"name_fDXOr6EpR9\" data-selenium=\"specsItemGroupName\" style=\"box-sizing: inherit; border-bottom: 0.125rem solid rgb(204, 204, 204); font-size: 2rem; line-height: 2rem; padding: 1rem 0px 0.875rem;\">Poder<\/div>\n<table class=\"table_fDXOr6EpR9\" data-selenium=\"specsItemGroupTable\" style=\"box-sizing: inherit; width: 936.662px;\">\n<tbody style=\"box-sizing: inherit;\">\n<tr class=\"pair_KqJ3Q3GPKv\" data-selenium=\"specsItemGroupTableRow\" style=\"box-sizing: inherit; border-bottom: 0.0625rem solid rgb(229, 229, 229);\">\n<td class=\"label_KqJ3Q3GPKv \" data-selenium=\"specsItemGroupTableColumnLabel\" style=\"box-sizing: inherit; border-top: none; padding: 1.25rem 0px; width: 355.923px; font-size: 1.125rem; line-height: 1.375rem; vertical-align: baseline;\">Fuente de alimentaci\u00f3n<\/td>\n<td class=\"value_KqJ3Q3GPKv \" data-selenium=\"specsItemGroupTableColumnValue\" style=\"box-sizing: inherit; font-size: 1.125rem; line-height: 1.375rem; vertical-align: baseline; padding: 1.25rem 0px 1.25rem 2.5rem;\">\n<div class=\"expandableValue_KqJ3Q3GPKv\" style=\"box-sizing: inherit;\"><font style=\"box-sizing: inherit; vertical-align: inherit;\"><font style=\"box-sizing: inherit; vertical-align: inherit;\">USB<\/font><span style=\"box-sizing: inherit; font-weight: bolder;\"><\/font><\/span><\/div>\n<\/td>\n<\/tr>\n<tr class=\"pair_KqJ3Q3GPKv\" data-selenium=\"specsItemGroupTableRow\" style=\"box-sizing: inherit; border-bottom: 0.0625rem solid rgb(229, 229, 229);\">\n<td class=\"label_KqJ3Q3GPKv\" data-selenium=\"specsItemGroupTableColumnLabel\" style=\"box-sizing: inherit; border-top: none; padding: 1.25rem 0px; width: 355.923px; font-size: 1.125rem; line-height: 1.375rem; vertical-align: baseline;\">Potencia de entrada de CC<\/td>\n<td class=\"value_KqJ3Q3GPKv\" data-selenium=\"specsItemGroupTableColumnValue\" style=\"box-sizing: inherit; font-size: 1.125rem; line-height: 1.375rem; vertical-align: baseline; padding: 1.25rem 0px 1.25rem 2.5rem;\">\n<div class=\"expandableValue_KqJ3Q3GPKv\" style=\"box-sizing: inherit;\">12VDC a 3A<\/div>\n<\/td>\n<\/tr>\n<\/tbody>\n<\/table>\n<\/div>\n<p><\/p>\n","protected":false},"excerpt":{"rendered":"<p>INSTA360 Hub de carga r\u00e1pida para bater\u00edas X4 Funciones: Carga hasta 3 bater\u00edas simult\u00e1neamente Tiempo de carga de 43 minutos<\/p>\n","protected":false},"featured_media":23455,"comment_status":"closed","ping_status":"open","template":"","meta":{"_acf_changed":false},"product_brand":[2565],"product_cat":[872],"product_tag":[],"class_list":{"0":"post-82413","1":"product","2":"type-product","3":"status-publish","4":"has-post-thumbnail","6":"product_brand-insta360-es","7":"product_cat-outros-cargadores","9":"first","10":"onbackorder","11":"taxable","12":"shipping-taxable","13":"purchasable","14":"product-type-simple"},"bundled_by":[],"bundle_stock_status":"onbackorder","bundle_stock_quantity":null,"bundle_virtual":false,"bundle_layout":"","bundle_add_to_cart_form_location":"","bundle_editable_in_cart":false,"bundle_sold_individually_context":"","bundle_item_grouping":"","bundle_min_size":"","bundle_max_size":"","bundle_price":[],"bundled_items":[],"bundle_sell_ids":[],"acf":[],"_links":{"self":[{"href":"https:\/\/hi-techwonder.com\/es\/wp-json\/wp\/v2\/product\/82413","targetHints":{"allow":["GET"]}}],"collection":[{"href":"https:\/\/hi-techwonder.com\/es\/wp-json\/wp\/v2\/product"}],"about":[{"href":"https:\/\/hi-techwonder.com\/es\/wp-json\/wp\/v2\/types\/product"}],"replies":[{"embeddable":true,"href":"https:\/\/hi-techwonder.com\/es\/wp-json\/wp\/v2\/comments?post=82413"}],"wp:featuredmedia":[{"embeddable":true,"href":"https:\/\/hi-techwonder.com\/es\/wp-json\/wp\/v2\/media\/23455"}],"wp:attachment":[{"href":"https:\/\/hi-techwonder.com\/es\/wp-json\/wp\/v2\/media?parent=82413"}],"wp:term":[{"taxonomy":"product_brand","embeddable":true,"href":"https:\/\/hi-techwonder.com\/es\/wp-json\/wp\/v2\/product_brand?post=82413"},{"taxonomy":"product_cat","embeddable":true,"href":"https:\/\/hi-techwonder.com\/es\/wp-json\/wp\/v2\/product_cat?post=82413"},{"taxonomy":"product_tag","embeddable":true,"href":"https:\/\/hi-techwonder.com\/es\/wp-json\/wp\/v2\/product_tag?post=82413"}],"curies":[{"name":"wp","href":"https:\/\/api.w.org\/{rel}","templated":true}]}}