{"id":82414,"date":"2025-07-28T23:26:58","date_gmt":"2025-07-28T23:26:58","guid":{"rendered":"https:\/\/hi-techwonder.com\/product\/kf-concept-kf28-0027-kit-de-cargador-dual-2-baterias-lp-e8\/"},"modified":"2025-10-13T14:45:48","modified_gmt":"2025-10-13T14:45:48","slug":"kf-concept-kf28-0027-kit-de-cargador-dual-2-baterias-lp-e8","status":"publish","type":"product","link":"https:\/\/hi-techwonder.com\/es\/producto\/kf-concept-kf28-0027-kit-de-cargador-dual-2-baterias-lp-e8\/","title":{"rendered":"K&amp;F CONCEPT KF28.0027 Kit de cargador dual + 2 bater\u00edas LP-E8"},"content":{"rendered":"<p><b>K&amp;F CONCEPT KF28.0027 Kit de cargador dual + 2 bater\u00edas LP-E8 1200mAh<\/b> <b>para Canon<\/b><\/p>\n<p><b>\u00a0<\/b><\/p>\n<p><b>\u00a0<\/b><\/p>\n<p><b>Funciones<\/b><\/p>\n<ul>\n<li style=\"text-align: justify;\">Dos bater\u00edas <u>de repuesto LP-E8 de 1200 mAh<\/u> y un cargador de doble ranura<\/li>\n<li style=\"text-align: justify;\">Decodificaci\u00f3n completa, compatible con c\u00e1maras que utilizan bater\u00edas LP-E8<\/li>\n<li style=\"text-align: justify;\">Admite cargadores originales como Canon EOS 700D, 650D, 550D X7i, X6i X5 y otras c\u00e1maras<\/li>\n<li style=\"text-align: justify;\">M\u00faltiples opciones de carga. El cargador tiene dos interfaces de entrada, Micro USB\/Tipo-C, y admite una variedad de opciones de carga<\/li>\n<li style=\"text-align: justify;\">Se puede cargar a trav\u00e9s de una fuente de alimentaci\u00f3n m\u00f3vil, una fuente de alimentaci\u00f3n m\u00f3vil (Power Bank), un cargador USB o un cargador de coche<\/li>\n<li style=\"text-align: justify;\">Utilice un cargador de entrada Micro USB\/Tipo-C de 5 V y 2,1 A para maximizar la eficiencia de carga<\/li>\n<li style=\"text-align: justify;\">Sistema inteligente de protecci\u00f3n de seguridad. Protecci\u00f3n multicircuito para evitar la sobrecarga de la bater\u00eda, alta temperatura, protecci\u00f3n contra sobrecarga, protecci\u00f3n contra sobretensiones, protecci\u00f3n contra cortocircuitos<\/li>\n<\/ul>\n<p>&nbsp;<\/p>\n<p>&nbsp;<\/p>\n<p>&nbsp;<\/p>\n<p><b>Contenido del paquete<\/b><\/p>\n<ul>\n<li>2 x Bater\u00eda K&amp;F LP-E8<\/li>\n<li>1 x cargador dual, ranura Micro USB\/Tipo-C<\/li>\n<li>1 x Cable de carga<\/li>\n<\/ul>\n<p>&nbsp;<\/p>\n<p>&nbsp;<\/p>\n<p>&nbsp;<\/p>\n<p><b>Acerca del K&amp;F CONCEPT KF28.0027 Kit de 2 bater\u00edas LP-E8 y cargador dual<\/b><\/p>\n<ul>\n<li>El conjunto de carga incluye 2 bater\u00edas de repuesto Canon LP-E8 de 1200 mAh y un cargador de interfaz dual Micro USB\/Type-C, que es f\u00e1cil de transportar<\/li>\n<li>Chip de decodificaci\u00f3n completo dise\u00f1ado con los est\u00e1ndares originales, adecuado para c\u00e1maras y cargadores originales, sin ventanas emergentes.<\/li>\n<li>Bater\u00edas de alta calidad, con certificaci\u00f3n CE\/RoHS\/FCC\/UKCA; Sin efecto memoria, bater\u00eda de larga duraci\u00f3n<\/li>\n<\/ul>\n<p style=\"text-align: center;\">\n<p style=\"text-align: center;\"><img decoding=\"async\" style=\"width: 1171px;\" src=\"https:\/\/img.kentfaith.com\/catalog\/prod\/KF28.0027\/KF28.0027-us\/KF28.0027_01.jpg\" alt=\"\"><\/p>\n<p>&nbsp;<\/p>\n<p><b>Compatibilidad<\/b><\/p>\n<ul>\n<li>Amplia compatibilidad. 100% compatible con c\u00e1maras Canon que utilizan bater\u00edas LP-E8, as\u00ed como con varios cargadores originales como Canon OS 700D, 650D, 550D X7i, X6i X5 y m\u00e1s<\/li>\n<\/ul>\n<p>&nbsp;<\/p>\n<p style=\"text-align: center;\">\n<div><\/div>\n<div style=\"text-align: center;\"><img decoding=\"async\" style=\"width: 100%;\" src=\"https:\/\/img.kentfaith.com\/catalog\/prod\/KF28.0027\/KF28.0027-us\/KF28.0027_05.jpg\" alt=\"\"><\/div>\n<div style=\"text-align: center;\"><\/div>\n<div style=\"text-align: center;\"><img decoding=\"async\" style=\"width: 1171px;\" src=\"https:\/\/img.kentfaith.com\/catalog\/prod\/KF28.0027\/KF28.0027-us\/KF28.0027_06.jpg\" alt=\"\"><\/div>\n<div style=\"text-align: center;\"><\/div>\n<div style=\"text-align: center;\"><img decoding=\"async\" style=\"width: 1171px;\" src=\"https:\/\/img.kentfaith.com\/catalog\/prod\/KF28.0027\/KF28.0027-us\/KF28.0027_04.jpg\" alt=\"\"><\/div>\n<div><\/div>\n<div><\/div>\n<div>\n<p style=\"text-align: justify;\">Caracter\u00edsticas t\u00e9cnicas:<\/p>\n<table class=\"table table-bordered\" style=\"background-color: #ffffff; width: 1170.8px;\">\n<tbody>\n<tr>\n<td style=\"line-height: 1.42857;\">Bater\u00eda<\/td>\n<td style=\"line-height: 1.42857;\">LP-E8 para Canon<\/td>\n<\/tr>\n<tr>\n<td style=\"line-height: 1.42857;\">Qu\u00edmica<\/td>\n<td style=\"line-height: 1.42857;\">Iones de litio<\/td>\n<\/tr>\n<tr>\n<td style=\"line-height: 1.42857;\">Capacidad<\/td>\n<td style=\"line-height: 1.42857;\">1200mAh &#8211; 7.7Wh &#8211; 7.4V<\/td>\n<td style=\"line-height: 1.42857;\"><\/td>\n<\/tr>\n<tr>\n<td style=\"line-height: 1.42857;\">Carga &#8211; Imput<\/td>\n<td style=\"line-height: 1.42857;\">5V 2.1A<\/td>\n<\/tr>\n<tr>\n<td style=\"line-height: 1.42857;\">Carga &#8211; Salida<\/td>\n<td style=\"line-height: 1.42857;\">Bater\u00eda \u00fanica 1 8,4 V &#8211; 700 mA | Bater\u00edas duales 2 de 8,4 V &#8211; 500 mA<\/td>\n<\/tr>\n<tr>\n<td style=\"line-height: 1.42857;\">Temperatura de funcionamiento:<\/td>\n<td style=\"line-height: 1.42857;\">\u00a0-10\u00ba C a 60\u00ba C<\/td>\n<\/tr>\n<tr>\n<td style=\"line-height: 1.42857;\"><\/td>\n<td style=\"line-height: 1.42857;\"><\/td>\n<\/tr>\n<tr>\n<td style=\"line-height: 1.42857;\"><\/td>\n<td style=\"line-height: 1.42857;\"><\/td>\n<\/tr>\n<\/tbody>\n<\/table>\n<\/div>\n","protected":false},"excerpt":{"rendered":"<p>K&amp;F CONCEPT KF28.0027 Kit de cargador dual + 2 bater\u00edas LP-E8 1200mAh para Canon \u00a0 \u00a0 Funciones Dos bater\u00edas de<\/p>\n","protected":false},"featured_media":21819,"comment_status":"closed","ping_status":"closed","template":"","meta":{"_acf_changed":false},"product_brand":[2562],"product_cat":[856],"product_tag":[],"class_list":{"0":"post-82414","1":"product","2":"type-product","3":"status-publish","4":"has-post-thumbnail","6":"product_brand-kf-concept-es","7":"product_cat-canon-es","9":"first","10":"instock","11":"taxable","12":"shipping-taxable","13":"purchasable","14":"product-type-simple"},"bundled_by":[],"bundle_stock_status":"instock","bundle_stock_quantity":1,"bundle_virtual":false,"bundle_layout":"","bundle_add_to_cart_form_location":"","bundle_editable_in_cart":false,"bundle_sold_individually_context":"","bundle_item_grouping":"","bundle_min_size":"","bundle_max_size":"","bundle_price":[],"bundled_items":[],"bundle_sell_ids":[],"acf":[],"_links":{"self":[{"href":"https:\/\/hi-techwonder.com\/es\/wp-json\/wp\/v2\/product\/82414","targetHints":{"allow":["GET"]}}],"collection":[{"href":"https:\/\/hi-techwonder.com\/es\/wp-json\/wp\/v2\/product"}],"about":[{"href":"https:\/\/hi-techwonder.com\/es\/wp-json\/wp\/v2\/types\/product"}],"replies":[{"embeddable":true,"href":"https:\/\/hi-techwonder.com\/es\/wp-json\/wp\/v2\/comments?post=82414"}],"wp:featuredmedia":[{"embeddable":true,"href":"https:\/\/hi-techwonder.com\/es\/wp-json\/wp\/v2\/media\/21819"}],"wp:attachment":[{"href":"https:\/\/hi-techwonder.com\/es\/wp-json\/wp\/v2\/media?parent=82414"}],"wp:term":[{"taxonomy":"product_brand","embeddable":true,"href":"https:\/\/hi-techwonder.com\/es\/wp-json\/wp\/v2\/product_brand?post=82414"},{"taxonomy":"product_cat","embeddable":true,"href":"https:\/\/hi-techwonder.com\/es\/wp-json\/wp\/v2\/product_cat?post=82414"},{"taxonomy":"product_tag","embeddable":true,"href":"https:\/\/hi-techwonder.com\/es\/wp-json\/wp\/v2\/product_tag?post=82414"}],"curies":[{"name":"wp","href":"https:\/\/api.w.org\/{rel}","templated":true}]}}