{"id":82415,"date":"2025-07-28T23:30:28","date_gmt":"2025-07-28T23:30:28","guid":{"rendered":"https:\/\/hi-techwonder.com\/product\/kf-concept-mrc-black-mist-1-4-67mm-nano-x-pro-filtro\/"},"modified":"2025-10-13T16:30:54","modified_gmt":"2025-10-13T16:30:54","slug":"kf-concept-mrc-black-mist-1-4-67mm-nano-x-pro-filtro","status":"publish","type":"product","link":"https:\/\/hi-techwonder.com\/es\/producto\/kf-concept-mrc-black-mist-1-4-67mm-nano-x-pro-filtro\/","title":{"rendered":"K&amp;F CONCEPT MRC Black Mist 1\/4 67mm Nano-X PRO Filtro"},"content":{"rendered":"<p><b>K&amp;F CONCEPT KF28.0018V3 NP-W235 2200mAh Bater\u00eda para Fujifilm<\/b><\/p>\n<p><b><br \/><\/b><\/p>\n<p><b><br \/><\/b><\/p>\n<p><b>Funciones<\/b><\/p>\n<ul>\n<li>Bater\u00eda para c\u00e1mara NP-W235<\/li>\n<li>Alta capacidad: capacidad de 2200 mAh &#8211; 16,2 Wh &#8211; 7,4 V<\/li>\n<li>Bater\u00eda de iones de litio (mejor rendimiento seguro y confiable y sin efecto memoria)<\/li>\n<li>Bater\u00eda de alta calidad con certificaci\u00f3n CE, RoHS<\/li>\n<li>Protecci\u00f3n de circuito incorporada<\/li>\n<\/ul>\n<p><\/p>\n<p><\/p>\n<p><b>Contenido del paquete<\/b><\/p>\n<p>1 x Bater\u00eda K&amp;F NP-W235 para Fujifilm<\/p>\n<p><\/p>\n<p><\/p>\n<p><b>Acerca de la bater\u00eda K&amp;F CONCEPT KF28.0018V3 FZ-100 2200mAh para Fujifilm<\/b><\/p>\n<p><b><br \/><\/b><\/p>\n<p style=\"text-align: center;\"><b><br \/><\/b><\/p>\n<p><\/p>\n<p><b>Patr\u00f3n original<\/b><\/p>\n<p>Las bater\u00edas NP-W235 de K&amp;F son compatibles con las c\u00e1maras y cargadores originales Fujifilm NP-W235, totalmente decodificadas y sin efecto memoria.<\/p>\n<p>Con protecci\u00f3n contra sobretensiones, protecci\u00f3n contra sobredisparo y otras protecciones de seguridad m\u00faltiples.<\/p>\n<p><\/p>\n<p style=\"text-align: center;  \"><img decoding=\"async\" src=\"https:\/\/img.kentfaith.de\/cache\/catalog\/products\/de\/KF28.0018\/KF28.0018-4-1200x1200.jpg\" style=\"width: 50%;\" alt=\"\"><\/p>\n<p><\/p>\n<p><b>Esta bater\u00eda NP-W235 funciona con c\u00e1maras Fujifilm<\/b><\/p>\n<p>X-T4, X-T5, GFX 50S II, GFX 100S, X-H2S<\/p>\n<p><\/p>\n<p style=\"text-align: center;  \"><img decoding=\"async\" src=\"https:\/\/img.kentfaith.de\/cache\/catalog\/products\/de\/KF28.0018\/KF28.0018-5-1200x1200.jpg\" style=\"width: 50%;\" alt=\"\"><\/p>\n<p><\/p>\n<p style=\"text-align: justify;\">Caracter\u00edsticas t\u00e9cnicas:<\/p>\n<table class=\"table table-bordered\" style=\"background-color: rgb(255, 255, 255); width: 1170.8px;\">\n<tbody>\n<tr>\n<td style=\"line-height: 1.42857;\">Bater\u00eda<\/td>\n<td style=\"line-height: 1.42857;\">NP-W235 para Fujifilm<\/td>\n<\/tr>\n<tr>\n<td style=\"line-height: 1.42857;\">Qu\u00edmica<\/td>\n<td style=\"line-height: 1.42857;\">Iones de litio&nbsp; &nbsp; &nbsp; &nbsp; &nbsp; &nbsp; &nbsp; &nbsp; &nbsp; &nbsp; &nbsp; &nbsp; &nbsp; &nbsp; &nbsp; &nbsp; &nbsp; &nbsp; &nbsp; &nbsp; &nbsp; &nbsp;<\/td>\n<\/tr>\n<tr>\n<td style=\"line-height: 1.42857;\">Capacidad<\/td>\n<td style=\"line-height: 1.42857;\">2200mAh &#8211; 16.2Wh &#8211; 7.4V<\/td>\n<td style=\"line-height: 1.42857;\"><\/td>\n<\/tr>\n<tr>\n<td style=\"line-height: 1.42857;\">Subir<\/td>\n<td style=\"line-height: 1.42857;\">5V \/ 1.5A<\/td>\n<\/tr>\n<tr>\n<td style=\"line-height: 1.42857;\">Temperatura de funcionamiento:<\/td>\n<td style=\"line-height: 1.42857;\">Entrada de 0\u00ba C a 45\u00ba C Salida de -10\u00ba C a 60\u00ba C&nbsp; &nbsp;&nbsp;&nbsp; &nbsp; &nbsp; &nbsp; &nbsp; &nbsp; &nbsp; &nbsp; &nbsp; &nbsp; &nbsp; &nbsp; &nbsp; &nbsp; &nbsp; &nbsp; &nbsp; &nbsp; &nbsp; &nbsp;<\/td>\n<\/tr>\n<tr>\n<td style=\"line-height: 1.42857;\">Dimensiones<\/td>\n<td style=\"line-height: 1.42857;\">71 mm x 53 mm x 25 mm<\/td>\n<\/tr>\n<tr>\n<td style=\"line-height: 1.42857;\">Peso<\/td>\n<td style=\"line-height: 1.42857;\">77 g<\/td>\n<\/tr>\n<\/tbody>\n<\/table>\n","protected":false},"excerpt":{"rendered":"<p>K&amp;F CONCEPT KF28.0018V3 NP-W235 2200mAh Bater\u00eda para Fujifilm Funciones Bater\u00eda para c\u00e1mara NP-W235 Alta capacidad: capacidad de 2200 mAh &#8211;<\/p>\n","protected":false},"featured_media":23037,"comment_status":"closed","ping_status":"closed","template":"","meta":{"_acf_changed":false},"product_brand":[2562],"product_cat":[858],"product_tag":[],"class_list":{"0":"post-82415","1":"product","2":"type-product","3":"status-publish","4":"has-post-thumbnail","6":"product_brand-kf-concept-es","7":"product_cat-fujifilm-es","9":"first","10":"instock","11":"taxable","12":"shipping-taxable","13":"purchasable","14":"product-type-simple"},"bundled_by":[],"bundle_stock_status":"instock","bundle_stock_quantity":2,"bundle_virtual":false,"bundle_layout":"","bundle_add_to_cart_form_location":"","bundle_editable_in_cart":false,"bundle_sold_individually_context":"","bundle_item_grouping":"","bundle_min_size":"","bundle_max_size":"","bundle_price":[],"bundled_items":[],"bundle_sell_ids":[],"acf":[],"_links":{"self":[{"href":"https:\/\/hi-techwonder.com\/es\/wp-json\/wp\/v2\/product\/82415","targetHints":{"allow":["GET"]}}],"collection":[{"href":"https:\/\/hi-techwonder.com\/es\/wp-json\/wp\/v2\/product"}],"about":[{"href":"https:\/\/hi-techwonder.com\/es\/wp-json\/wp\/v2\/types\/product"}],"replies":[{"embeddable":true,"href":"https:\/\/hi-techwonder.com\/es\/wp-json\/wp\/v2\/comments?post=82415"}],"wp:featuredmedia":[{"embeddable":true,"href":"https:\/\/hi-techwonder.com\/es\/wp-json\/wp\/v2\/media\/23037"}],"wp:attachment":[{"href":"https:\/\/hi-techwonder.com\/es\/wp-json\/wp\/v2\/media?parent=82415"}],"wp:term":[{"taxonomy":"product_brand","embeddable":true,"href":"https:\/\/hi-techwonder.com\/es\/wp-json\/wp\/v2\/product_brand?post=82415"},{"taxonomy":"product_cat","embeddable":true,"href":"https:\/\/hi-techwonder.com\/es\/wp-json\/wp\/v2\/product_cat?post=82415"},{"taxonomy":"product_tag","embeddable":true,"href":"https:\/\/hi-techwonder.com\/es\/wp-json\/wp\/v2\/product_tag?post=82415"}],"curies":[{"name":"wp","href":"https:\/\/api.w.org\/{rel}","templated":true}]}}