{"id":82416,"date":"2025-07-28T23:29:21","date_gmt":"2025-07-28T23:29:21","guid":{"rendered":"https:\/\/hi-techwonder.com\/product\/smallrig-4269-np-fz100-alimentador-ficticio-similar-a-sony\/"},"modified":"2026-03-24T11:48:47","modified_gmt":"2026-03-24T11:48:47","slug":"smallrig-4269-np-fz100-alimentador-ficticio-similar-a-sony","status":"publish","type":"product","link":"https:\/\/hi-techwonder.com\/es\/producto\/smallrig-4269-np-fz100-alimentador-ficticio-similar-a-sony\/","title":{"rendered":"SMALLRIG 4269 NP-FZ100 Alimentador ficticio similar a Sony"},"content":{"rendered":"<p><strong>SMALLRIG NP-FZ100 Dummy Feeder Similar para Sony<\/strong><\/p>\n<p><strong>Funciones:<\/strong><\/p>\n<ul>\n<li>Fuente de alimentaci\u00f3n continua para grabaci\u00f3n de video o transmisi\u00f3n en vivo.<\/li>\n<li>Dise\u00f1o simple; F\u00e1cil de usar.<\/li>\n<li>Chip mejorado, con decodificaci\u00f3n completa, sin ventana emergente, alta seguridad y totalmente compatible con todas las c\u00e1maras.<\/li>\n<li>Mismo tama\u00f1o que la bater\u00eda NP-FZ100 original; F\u00e1cil de reemplazar la bater\u00eda sin atascarse.<\/li>\n<li>Protecci\u00f3n contra sobretensiones, sobrecalentamiento y sobrecargas contra cortocircuitos.<\/li>\n<li>PVC y ABS resistentes al fuego, seguros y confiables.<\/li>\n<\/ul>\n<p><strong>Contenido del paquete:<\/strong><\/p>\n<ul>\n<li>1 x Cable de alimentaci\u00f3n de bater\u00eda falso NP-FZ100 para Sony<\/li>\n<li>1 x Adaptador de corriente<\/li>\n<li>1 x cable de carga de CA (est\u00e1ndar de la UE)<\/li>\n<li>1 x Manual de usuario<\/li>\n<\/ul>\n<p><strong>Descripci\u00f3n del producto:<\/strong><\/p>\n<ul>\n<li style=\"text-align: justify;\">La bater\u00eda ficticia SmallRig NP-FZ100 con adaptador de corriente (est\u00e1ndar de la UE) 4269 proporciona una fuente de alimentaci\u00f3n continua, lo que le ahorra la molestia de cambiar las bater\u00edas entre tomas. Es f\u00e1cil de usar, contiene un chip mejorado, tiene una decodificaci\u00f3n completa sin ventana emergente, alta seguridad y es totalmente compatible con todas las c\u00e1maras. Al ser del mismo tama\u00f1o que la bater\u00eda NP-FZ100 original, permite un f\u00e1cil cambio de bater\u00eda sin atascarse. La protecci\u00f3n contra sobretensiones, sobrecalentamiento y sobrecarga contra cortocircuitos, junto con PVC y ABS resistentes al fuego, hacen que este art\u00edculo sea seguro y confiable.   <\/li>\n<\/ul>\n<p><strong>Certificaciones:  <\/strong><\/p>\n<ul>\n<li>CE, ROHS<\/li>\n<\/ul>\n<p><strong>Compatibilidad:<\/strong><\/p>\n<p>Sony A6600 \/ A9 II \/ A7 III \/ A7R III \/ A1 \/ A7C \/ A7S III \/ A7R IV \/ A7 IV \/ ZV-E1 \/ A7R V \/ FX3 \/ FX30 \/ A6700<\/p>\n<p><strong>Caracter\u00edsticas t\u00e9cnicas:<\/strong><\/p>\n<p><strong>Datos t\u00e9cnicos<\/strong><\/p>\n<ul>\n<li>Voltaje de entrada: CA: 100-240 V 50\/60 Hz<\/li>\n<li>Voltaje de salida (m\u00e1x.): CC: 8,4 V<\/li>\n<li>Voltaje de salida (m\u00edn.): CC: 7,6 V<\/li>\n<li>Corriente de entrada: 1,5 A (m\u00e1x.)<\/li>\n<li>Corriente de salida: \u2264 2A<\/li>\n<li>Corriente de salida (m\u00e1x.): 3A<\/li>\n<li>Potencia de salida (m\u00e1x.): \u226425W<\/li>\n<li>Materiales: ABS 40%, PVC 60%<\/li>\n<li>Temperatura de funcionamiento: 0 ? \/ +45 ? <\/li>\n<li>Temperatura de almacenamiento: -20? \/ +60? <\/li>\n<li>Tama\u00f1o del producto: 3310 \u00d7 46,5 \u00d7 28,5 mm<\/li>\n<li>Tama\u00f1o del embalaje: 164\u00d7160\u00d760 mm<\/li>\n<li>Peso del producto: \u00b15g<\/li>\n<li>Peso del paquete: \u00b15g<\/li>\n<\/ul>\n","protected":false},"excerpt":{"rendered":"<p>SMALLRIG NP-FZ100 Dummy Feeder Similar para Sony Funciones: Fuente de alimentaci\u00f3n continua para grabaci\u00f3n de video o transmisi\u00f3n en vivo.<\/p>\n","protected":false},"featured_media":22712,"comment_status":"closed","ping_status":"closed","template":"","meta":{"_acf_changed":false},"product_brand":[2550],"product_cat":[864],"product_tag":[],"class_list":{"0":"post-82416","1":"product","2":"type-product","3":"status-publish","4":"has-post-thumbnail","6":"product_brand-smallrig-es","7":"product_cat-sony-es","9":"first","10":"pre-order","11":"taxable","12":"shipping-taxable","13":"purchasable","14":"product-type-simple"},"bundled_by":[],"bundle_stock_status":"pre-order","bundle_stock_quantity":null,"bundle_virtual":false,"bundle_layout":"","bundle_add_to_cart_form_location":"","bundle_editable_in_cart":false,"bundle_sold_individually_context":"","bundle_item_grouping":"","bundle_min_size":"","bundle_max_size":"","bundle_price":[],"bundled_items":[],"bundle_sell_ids":[],"acf":[],"_links":{"self":[{"href":"https:\/\/hi-techwonder.com\/es\/wp-json\/wp\/v2\/product\/82416","targetHints":{"allow":["GET"]}}],"collection":[{"href":"https:\/\/hi-techwonder.com\/es\/wp-json\/wp\/v2\/product"}],"about":[{"href":"https:\/\/hi-techwonder.com\/es\/wp-json\/wp\/v2\/types\/product"}],"replies":[{"embeddable":true,"href":"https:\/\/hi-techwonder.com\/es\/wp-json\/wp\/v2\/comments?post=82416"}],"wp:featuredmedia":[{"embeddable":true,"href":"https:\/\/hi-techwonder.com\/es\/wp-json\/wp\/v2\/media\/22712"}],"wp:attachment":[{"href":"https:\/\/hi-techwonder.com\/es\/wp-json\/wp\/v2\/media?parent=82416"}],"wp:term":[{"taxonomy":"product_brand","embeddable":true,"href":"https:\/\/hi-techwonder.com\/es\/wp-json\/wp\/v2\/product_brand?post=82416"},{"taxonomy":"product_cat","embeddable":true,"href":"https:\/\/hi-techwonder.com\/es\/wp-json\/wp\/v2\/product_cat?post=82416"},{"taxonomy":"product_tag","embeddable":true,"href":"https:\/\/hi-techwonder.com\/es\/wp-json\/wp\/v2\/product_tag?post=82416"}],"curies":[{"name":"wp","href":"https:\/\/api.w.org\/{rel}","templated":true}]}}