{"id":83076,"date":"2025-08-26T17:01:42","date_gmt":"2025-08-26T17:01:42","guid":{"rendered":"https:\/\/hi-techwonder.com\/product\/kf-concept-kf31-106-estojo-36-cartoes-waterproof-antichoque\/"},"modified":"2026-01-20T16:03:22","modified_gmt":"2026-01-20T16:03:22","slug":"kf-concept-kf31-106-estojo-36-cartoes-waterproof-antichoque","status":"publish","type":"product","link":"https:\/\/hi-techwonder.com\/es\/producto\/kf-concept-kf31-106-estojo-36-cartoes-waterproof-antichoque\/","title":{"rendered":"K&#038;F CONCEPT KF31.106 Estojo 36 Cart\u00f5es Waterproof + Antichoque"},"content":{"rendered":"\n<h2 class=\"wp-block-heading\"><\/h2>\n\n\n\n<p id=\"wd-242533bd\" class=\"wp-block-wd-paragraph\">El <strong>K&amp;F CONCEPT KF31.106<\/strong> es un estuche profesional dise\u00f1ado para almacenar tarjetas de memoria de forma segura, ofreciendo protecci\u00f3n avanzada contra agua, polvo y golpes.<br>Con capacidad para <strong>36 tarjetas (12 SD y 24 Micro SD)<\/strong>, est\u00e1 fabricado en ABS premium con sellado de silicona, garantizando resistencia y durabilidad superiores.<\/p>\n\n\n\n<p>Su interior est\u00e1 recubierto de EVA suave y cuenta con un dise\u00f1o de ajuste preciso, manteniendo las tarjetas firmes y protegidas contra ara\u00f1azos o da\u00f1os. Compacto, ligero y port\u00e1til, incluye un cord\u00f3n anti-p\u00e9rdida para facilitar el transporte y el uso diario, siendo el accesorio ideal para fot\u00f3grafos, vide\u00f3grafos, YouTubers y creadores de contenido que buscan organizaci\u00f3n y m\u00e1xima seguridad.<\/p>\n\n\n\n<div class=\"wp-block-media-text has-media-on-the-right is-stacked-on-mobile\"><div class=\"wp-block-media-text__content\">\n<p>Perfecto para fot\u00f3grafos profesionales, vide\u00f3grafos, creadores de contenido y usuarios que llevan m\u00faltiples tarjetas SD y Micro SD cuando viajan, en el estudio o toman fotograf\u00edas al aire libre y necesitan protecci\u00f3n contra el agua, el polvo y los golpes.<\/p>\n<\/div><figure class=\"wp-block-media-text__media\"><img loading=\"lazy\" decoding=\"async\" width=\"1024\" height=\"420\" src=\"https:\/\/hi-techwonder.com\/wp-content\/themes\/woodmart\/images\/lazy.svg\" data-src=\"https:\/\/hi-techwonder.com\/wp-content\/uploads\/2025\/08\/KF31.106_04-1-1024x420.jpg\" alt=\"\" class=\"wp-image-82974 size-full\" srcset=\"\" data-srcset=\"https:\/\/hi-techwonder.com\/wp-content\/uploads\/2025\/08\/KF31.106_04-1-1024x420.jpg 1024w, https:\/\/hi-techwonder.com\/wp-content\/uploads\/2025\/08\/KF31.106_04-1-300x123.jpg 300w, https:\/\/hi-techwonder.com\/wp-content\/uploads\/2025\/08\/KF31.106_04-1-768x315.jpg 768w, https:\/\/hi-techwonder.com\/wp-content\/uploads\/2025\/08\/KF31.106_04-1-1200x492.jpg 1200w, https:\/\/hi-techwonder.com\/wp-content\/uploads\/2025\/08\/KF31.106_04-1-150x61.jpg 150w, https:\/\/hi-techwonder.com\/wp-content\/uploads\/2025\/08\/KF31.106_04-1.jpg 1464w\" sizes=\"auto, (max-width: 1024px) 100vw, 1024px\" \/><\/figure><\/div>\n\n\n\n<div class=\"wp-block-media-text is-stacked-on-mobile\"><figure class=\"wp-block-media-text__media\"><img loading=\"lazy\" decoding=\"async\" width=\"1024\" height=\"1024\" src=\"https:\/\/hi-techwonder.com\/wp-content\/themes\/woodmart\/images\/lazy.svg\" data-src=\"https:\/\/hi-techwonder.com\/wp-content\/uploads\/2025\/08\/KF31.106-5-1200x1200-3-1024x1024.jpg\" alt=\"\" class=\"wp-image-82976 size-full\" srcset=\"\" data-srcset=\"https:\/\/hi-techwonder.com\/wp-content\/uploads\/2025\/08\/KF31.106-5-1200x1200-3-1024x1024.jpg 1024w, https:\/\/hi-techwonder.com\/wp-content\/uploads\/2025\/08\/KF31.106-5-1200x1200-3-300x300.jpg 300w, https:\/\/hi-techwonder.com\/wp-content\/uploads\/2025\/08\/KF31.106-5-1200x1200-3-150x150.jpg 150w, https:\/\/hi-techwonder.com\/wp-content\/uploads\/2025\/08\/KF31.106-5-1200x1200-3-768x768.jpg 768w, https:\/\/hi-techwonder.com\/wp-content\/uploads\/2025\/08\/KF31.106-5-1200x1200-3-600x600.jpg 600w, https:\/\/hi-techwonder.com\/wp-content\/uploads\/2025\/08\/KF31.106-5-1200x1200-3.jpg 1200w\" sizes=\"auto, (max-width: 1024px) 100vw, 1024px\" \/><\/figure><div class=\"wp-block-media-text__content\">\n<h2 id=\"wd-7b0424d4\" class=\"wp-block-wd-title title\">Contenido del paquete<\/h2>\n\n\n\n<p>. 1x Estuche para tarjetas de memoria (36 ranuras)<br>. 1x Cord\u00f3n anti-p\u00e9rdid. 1x Cord\u00f3n anti-p\u00e9rdida<\/p>\n<\/div><\/div>\n\n\n\n<div class=\"wp-block-media-text has-media-on-the-right is-stacked-on-mobile\"><div class=\"wp-block-media-text__content\">\n<p>. Capacidad para 12 tarjetas SD y 24 tarjetas Micro SD<br>. Estructura de ABS premium resistente a la presi\u00f3n y a los impactos<br>. Sellado de silicona que protege contra agua, polvo y part\u00edculas<br>. Revestimiento interior de EVA suave con ajuste preciso para m\u00e1xima seguridad<br>. Dise\u00f1o compacto con cord\u00f3n anti-p\u00e9rdida incluido<br>. Protecci\u00f3n contra golpes para evitar da\u00f1os durante el transporte<br>. Cierre de presi\u00f3n duradero para mayor seguridad<br>. Ideal para fot\u00f3grafos, vloggers y creadores de contenido que necesitan transportar m\u00faltiples tarjetas<\/p>\n<\/div><figure class=\"wp-block-media-text__media\"><img loading=\"lazy\" decoding=\"async\" width=\"1024\" height=\"1024\" src=\"https:\/\/hi-techwonder.com\/wp-content\/themes\/woodmart\/images\/lazy.svg\" data-src=\"https:\/\/hi-techwonder.com\/wp-content\/uploads\/2025\/08\/KF31.106-4-1200x1200-4-1024x1024.jpg\" alt=\"\" class=\"wp-image-82978 size-full\" srcset=\"\" data-srcset=\"https:\/\/hi-techwonder.com\/wp-content\/uploads\/2025\/08\/KF31.106-4-1200x1200-4-1024x1024.jpg 1024w, https:\/\/hi-techwonder.com\/wp-content\/uploads\/2025\/08\/KF31.106-4-1200x1200-4-300x300.jpg 300w, https:\/\/hi-techwonder.com\/wp-content\/uploads\/2025\/08\/KF31.106-4-1200x1200-4-150x150.jpg 150w, https:\/\/hi-techwonder.com\/wp-content\/uploads\/2025\/08\/KF31.106-4-1200x1200-4-768x768.jpg 768w, https:\/\/hi-techwonder.com\/wp-content\/uploads\/2025\/08\/KF31.106-4-1200x1200-4-600x600.jpg 600w, https:\/\/hi-techwonder.com\/wp-content\/uploads\/2025\/08\/KF31.106-4-1200x1200-4.jpg 1200w\" sizes=\"auto, (max-width: 1024px) 100vw, 1024px\" \/><\/figure><\/div>\n\n\n\n<figure class=\"wp-block-gallery has-nested-images columns-default is-cropped wp-block-gallery-1 is-layout-flex wp-block-gallery-is-layout-flex\">\n<figure class=\"wp-block-image size-large\"><img loading=\"lazy\" decoding=\"async\" width=\"1024\" height=\"420\" data-id=\"82998\" src=\"https:\/\/hi-techwonder.com\/wp-content\/themes\/woodmart\/images\/lazy.svg\" data-src=\"https:\/\/hi-techwonder.com\/wp-content\/uploads\/2025\/08\/KF31.106_04-2-1024x420.jpg\" alt=\"\" class=\"wp-image-82998\" srcset=\"\" data-srcset=\"https:\/\/hi-techwonder.com\/wp-content\/uploads\/2025\/08\/KF31.106_04-2-1024x420.jpg 1024w, https:\/\/hi-techwonder.com\/wp-content\/uploads\/2025\/08\/KF31.106_04-2-300x123.jpg 300w, https:\/\/hi-techwonder.com\/wp-content\/uploads\/2025\/08\/KF31.106_04-2-768x315.jpg 768w, https:\/\/hi-techwonder.com\/wp-content\/uploads\/2025\/08\/KF31.106_04-2-1200x492.jpg 1200w, https:\/\/hi-techwonder.com\/wp-content\/uploads\/2025\/08\/KF31.106_04-2-150x61.jpg 150w, https:\/\/hi-techwonder.com\/wp-content\/uploads\/2025\/08\/KF31.106_04-2.jpg 1464w\" sizes=\"auto, (max-width: 1024px) 100vw, 1024px\" \/><\/figure>\n\n\n\n<figure class=\"wp-block-image size-large\"><img loading=\"lazy\" decoding=\"async\" width=\"1024\" height=\"420\" data-id=\"82992\" src=\"https:\/\/hi-techwonder.com\/wp-content\/themes\/woodmart\/images\/lazy.svg\" data-src=\"https:\/\/hi-techwonder.com\/wp-content\/uploads\/2025\/08\/KF31.106_05-1-1024x420.jpg\" alt=\"\" class=\"wp-image-82992\" srcset=\"\" data-srcset=\"https:\/\/hi-techwonder.com\/wp-content\/uploads\/2025\/08\/KF31.106_05-1-1024x420.jpg 1024w, https:\/\/hi-techwonder.com\/wp-content\/uploads\/2025\/08\/KF31.106_05-1-300x123.jpg 300w, https:\/\/hi-techwonder.com\/wp-content\/uploads\/2025\/08\/KF31.106_05-1-768x315.jpg 768w, https:\/\/hi-techwonder.com\/wp-content\/uploads\/2025\/08\/KF31.106_05-1-1200x492.jpg 1200w, https:\/\/hi-techwonder.com\/wp-content\/uploads\/2025\/08\/KF31.106_05-1-150x61.jpg 150w, https:\/\/hi-techwonder.com\/wp-content\/uploads\/2025\/08\/KF31.106_05-1.jpg 1464w\" sizes=\"auto, (max-width: 1024px) 100vw, 1024px\" \/><\/figure>\n\n\n\n<figure class=\"wp-block-image size-large\"><img loading=\"lazy\" decoding=\"async\" width=\"1024\" height=\"420\" data-id=\"82996\" src=\"https:\/\/hi-techwonder.com\/wp-content\/themes\/woodmart\/images\/lazy.svg\" data-src=\"https:\/\/hi-techwonder.com\/wp-content\/uploads\/2025\/08\/KF31.106_06-Copia-1-1024x420.jpg\" alt=\"\" class=\"wp-image-82996\" srcset=\"\" data-srcset=\"https:\/\/hi-techwonder.com\/wp-content\/uploads\/2025\/08\/KF31.106_06-Copia-1-1024x420.jpg 1024w, https:\/\/hi-techwonder.com\/wp-content\/uploads\/2025\/08\/KF31.106_06-Copia-1-300x123.jpg 300w, https:\/\/hi-techwonder.com\/wp-content\/uploads\/2025\/08\/KF31.106_06-Copia-1-768x315.jpg 768w, https:\/\/hi-techwonder.com\/wp-content\/uploads\/2025\/08\/KF31.106_06-Copia-1-1200x492.jpg 1200w, https:\/\/hi-techwonder.com\/wp-content\/uploads\/2025\/08\/KF31.106_06-Copia-1-150x61.jpg 150w, https:\/\/hi-techwonder.com\/wp-content\/uploads\/2025\/08\/KF31.106_06-Copia-1.jpg 1464w\" sizes=\"auto, (max-width: 1024px) 100vw, 1024px\" \/><\/figure>\n\n\n\n<figure class=\"wp-block-image size-large\"><img loading=\"lazy\" decoding=\"async\" width=\"1024\" height=\"420\" data-id=\"82994\" src=\"https:\/\/hi-techwonder.com\/wp-content\/themes\/woodmart\/images\/lazy.svg\" data-src=\"https:\/\/hi-techwonder.com\/wp-content\/uploads\/2025\/08\/KF31.106_06-2-1024x420.jpg\" alt=\"\" class=\"wp-image-82994\" srcset=\"\" data-srcset=\"https:\/\/hi-techwonder.com\/wp-content\/uploads\/2025\/08\/KF31.106_06-2-1024x420.jpg 1024w, https:\/\/hi-techwonder.com\/wp-content\/uploads\/2025\/08\/KF31.106_06-2-300x123.jpg 300w, https:\/\/hi-techwonder.com\/wp-content\/uploads\/2025\/08\/KF31.106_06-2-768x315.jpg 768w, https:\/\/hi-techwonder.com\/wp-content\/uploads\/2025\/08\/KF31.106_06-2-1200x492.jpg 1200w, https:\/\/hi-techwonder.com\/wp-content\/uploads\/2025\/08\/KF31.106_06-2-150x61.jpg 150w, https:\/\/hi-techwonder.com\/wp-content\/uploads\/2025\/08\/KF31.106_06-2.jpg 1464w\" sizes=\"auto, (max-width: 1024px) 100vw, 1024px\" \/><\/figure>\n\n\n\n<figure class=\"wp-block-image size-large\"><img loading=\"lazy\" decoding=\"async\" width=\"1024\" height=\"1024\" data-id=\"82982\" src=\"https:\/\/hi-techwonder.com\/wp-content\/themes\/woodmart\/images\/lazy.svg\" data-src=\"https:\/\/hi-techwonder.com\/wp-content\/uploads\/2025\/08\/KF31.106-2-1200x1200-1-1-1024x1024.jpg\" alt=\"\" class=\"wp-image-82982\" srcset=\"\" data-srcset=\"https:\/\/hi-techwonder.com\/wp-content\/uploads\/2025\/08\/KF31.106-2-1200x1200-1-1-1024x1024.jpg 1024w, https:\/\/hi-techwonder.com\/wp-content\/uploads\/2025\/08\/KF31.106-2-1200x1200-1-1-300x300.jpg 300w, https:\/\/hi-techwonder.com\/wp-content\/uploads\/2025\/08\/KF31.106-2-1200x1200-1-1-150x150.jpg 150w, https:\/\/hi-techwonder.com\/wp-content\/uploads\/2025\/08\/KF31.106-2-1200x1200-1-1-768x768.jpg 768w, https:\/\/hi-techwonder.com\/wp-content\/uploads\/2025\/08\/KF31.106-2-1200x1200-1-1-600x600.jpg 600w, https:\/\/hi-techwonder.com\/wp-content\/uploads\/2025\/08\/KF31.106-2-1200x1200-1-1.jpg 1200w\" sizes=\"auto, (max-width: 1024px) 100vw, 1024px\" \/><\/figure>\n\n\n\n<figure class=\"wp-block-image size-large\"><img loading=\"lazy\" decoding=\"async\" width=\"1024\" height=\"1024\" data-id=\"82984\" src=\"https:\/\/hi-techwonder.com\/wp-content\/themes\/woodmart\/images\/lazy.svg\" data-src=\"https:\/\/hi-techwonder.com\/wp-content\/uploads\/2025\/08\/KF31.106-2-1200x1200-3-1024x1024.jpg\" alt=\"\" class=\"wp-image-82984\" srcset=\"\" data-srcset=\"https:\/\/hi-techwonder.com\/wp-content\/uploads\/2025\/08\/KF31.106-2-1200x1200-3-1024x1024.jpg 1024w, https:\/\/hi-techwonder.com\/wp-content\/uploads\/2025\/08\/KF31.106-2-1200x1200-3-300x300.jpg 300w, https:\/\/hi-techwonder.com\/wp-content\/uploads\/2025\/08\/KF31.106-2-1200x1200-3-150x150.jpg 150w, https:\/\/hi-techwonder.com\/wp-content\/uploads\/2025\/08\/KF31.106-2-1200x1200-3-768x768.jpg 768w, https:\/\/hi-techwonder.com\/wp-content\/uploads\/2025\/08\/KF31.106-2-1200x1200-3-600x600.jpg 600w, https:\/\/hi-techwonder.com\/wp-content\/uploads\/2025\/08\/KF31.106-2-1200x1200-3.jpg 1200w\" sizes=\"auto, (max-width: 1024px) 100vw, 1024px\" \/><\/figure>\n\n\n\n<figure class=\"wp-block-image size-large\"><img loading=\"lazy\" decoding=\"async\" width=\"1024\" height=\"1024\" data-id=\"82986\" src=\"https:\/\/hi-techwonder.com\/wp-content\/themes\/woodmart\/images\/lazy.svg\" data-src=\"https:\/\/hi-techwonder.com\/wp-content\/uploads\/2025\/08\/KF31.106-3-1200x1200-2-1024x1024.jpg\" alt=\"\" class=\"wp-image-82986\" srcset=\"\" data-srcset=\"https:\/\/hi-techwonder.com\/wp-content\/uploads\/2025\/08\/KF31.106-3-1200x1200-2-1024x1024.jpg 1024w, https:\/\/hi-techwonder.com\/wp-content\/uploads\/2025\/08\/KF31.106-3-1200x1200-2-300x300.jpg 300w, https:\/\/hi-techwonder.com\/wp-content\/uploads\/2025\/08\/KF31.106-3-1200x1200-2-150x150.jpg 150w, https:\/\/hi-techwonder.com\/wp-content\/uploads\/2025\/08\/KF31.106-3-1200x1200-2-768x768.jpg 768w, https:\/\/hi-techwonder.com\/wp-content\/uploads\/2025\/08\/KF31.106-3-1200x1200-2-600x600.jpg 600w, https:\/\/hi-techwonder.com\/wp-content\/uploads\/2025\/08\/KF31.106-3-1200x1200-2.jpg 1200w\" sizes=\"auto, (max-width: 1024px) 100vw, 1024px\" \/><\/figure>\n\n\n\n<figure class=\"wp-block-image size-large\"><img loading=\"lazy\" decoding=\"async\" width=\"1024\" height=\"1024\" data-id=\"82990\" src=\"https:\/\/hi-techwonder.com\/wp-content\/themes\/woodmart\/images\/lazy.svg\" data-src=\"https:\/\/hi-techwonder.com\/wp-content\/uploads\/2025\/08\/KF31.106-4-1200x1200-5-1024x1024.jpg\" alt=\"\" class=\"wp-image-82990\" srcset=\"\" data-srcset=\"https:\/\/hi-techwonder.com\/wp-content\/uploads\/2025\/08\/KF31.106-4-1200x1200-5-1024x1024.jpg 1024w, https:\/\/hi-techwonder.com\/wp-content\/uploads\/2025\/08\/KF31.106-4-1200x1200-5-300x300.jpg 300w, https:\/\/hi-techwonder.com\/wp-content\/uploads\/2025\/08\/KF31.106-4-1200x1200-5-150x150.jpg 150w, https:\/\/hi-techwonder.com\/wp-content\/uploads\/2025\/08\/KF31.106-4-1200x1200-5-768x768.jpg 768w, https:\/\/hi-techwonder.com\/wp-content\/uploads\/2025\/08\/KF31.106-4-1200x1200-5-600x600.jpg 600w, https:\/\/hi-techwonder.com\/wp-content\/uploads\/2025\/08\/KF31.106-4-1200x1200-5.jpg 1200w\" sizes=\"auto, (max-width: 1024px) 100vw, 1024px\" \/><\/figure>\n\n\n\n<figure class=\"wp-block-image size-large\"><img loading=\"lazy\" decoding=\"async\" width=\"1024\" height=\"1024\" data-id=\"82987\" src=\"https:\/\/hi-techwonder.com\/wp-content\/themes\/woodmart\/images\/lazy.svg\" data-src=\"https:\/\/hi-techwonder.com\/wp-content\/uploads\/2025\/08\/KF31.106-5-1200x1200-4-1024x1024.jpg\" alt=\"\" class=\"wp-image-82987\" srcset=\"\" data-srcset=\"https:\/\/hi-techwonder.com\/wp-content\/uploads\/2025\/08\/KF31.106-5-1200x1200-4-1024x1024.jpg 1024w, https:\/\/hi-techwonder.com\/wp-content\/uploads\/2025\/08\/KF31.106-5-1200x1200-4-300x300.jpg 300w, https:\/\/hi-techwonder.com\/wp-content\/uploads\/2025\/08\/KF31.106-5-1200x1200-4-150x150.jpg 150w, https:\/\/hi-techwonder.com\/wp-content\/uploads\/2025\/08\/KF31.106-5-1200x1200-4-768x768.jpg 768w, https:\/\/hi-techwonder.com\/wp-content\/uploads\/2025\/08\/KF31.106-5-1200x1200-4-600x600.jpg 600w, https:\/\/hi-techwonder.com\/wp-content\/uploads\/2025\/08\/KF31.106-5-1200x1200-4.jpg 1200w\" sizes=\"auto, (max-width: 1024px) 100vw, 1024px\" \/><\/figure>\n\n\n\n<figure class=\"wp-block-image size-large\"><img loading=\"lazy\" decoding=\"async\" width=\"1024\" height=\"1024\" data-id=\"82980\" src=\"https:\/\/hi-techwonder.com\/wp-content\/themes\/woodmart\/images\/lazy.svg\" data-src=\"https:\/\/hi-techwonder.com\/wp-content\/uploads\/2025\/08\/KF31.106-6-1200x1200-2-1024x1024.jpg\" alt=\"\" class=\"wp-image-82980\" srcset=\"\" data-srcset=\"https:\/\/hi-techwonder.com\/wp-content\/uploads\/2025\/08\/KF31.106-6-1200x1200-2-1024x1024.jpg 1024w, https:\/\/hi-techwonder.com\/wp-content\/uploads\/2025\/08\/KF31.106-6-1200x1200-2-300x300.jpg 300w, https:\/\/hi-techwonder.com\/wp-content\/uploads\/2025\/08\/KF31.106-6-1200x1200-2-150x150.jpg 150w, https:\/\/hi-techwonder.com\/wp-content\/uploads\/2025\/08\/KF31.106-6-1200x1200-2-768x768.jpg 768w, https:\/\/hi-techwonder.com\/wp-content\/uploads\/2025\/08\/KF31.106-6-1200x1200-2-600x600.jpg 600w, https:\/\/hi-techwonder.com\/wp-content\/uploads\/2025\/08\/KF31.106-6-1200x1200-2.jpg 1200w\" sizes=\"auto, (max-width: 1024px) 100vw, 1024px\" \/><\/figure>\n<\/figure>\n\n\n\n<figure class=\"wp-block-table\"><table class=\"has-fixed-layout\"><thead><tr><th>Especificaci\u00f3n<\/th><th>Detalle<\/th><\/tr><\/thead><tbody><tr><td>Marca<\/td><td>K&amp;F CONCEPT<\/td><\/tr><tr><td>Modelo<\/td><td>KF31.106<\/td><\/tr><tr><td>Capacidad<\/td><td>12 tarjetas SD + 24 tarjetas Micro SD<\/td><\/tr><tr><td>Material<\/td><td>ABS premium con sellado de silicona<\/td><\/tr><tr><td>Revestimiento interno<\/td><td>EVA suave, ajuste preciso<\/td><\/tr><tr><td>Resistencia<\/td><td>Resistente al agua, polvo y golpes<\/td><\/tr><tr><td>Cierre<\/td><td>Presi\u00f3n duradera<\/td><\/tr><tr><td>Peso<\/td><td>150 g<\/td><\/tr><tr><td>Dimensiones<\/td><td>11 \u00d7 7,5 \u00d7 2 cm<\/td><\/tr><\/tbody><\/table><\/figure>\n\n\n\n<p><\/p>\n","protected":false},"excerpt":{"rendered":"<p data-start=\"75\" data-end=\"617\">. Estuche compacto con capacidad para 36 tarjetas (12 SD + 24 Micro SD)<br data-start=\"146\" data-end=\"149\" \/>. Dise\u00f1o resistente al agua, polvo y golpes para m\u00e1xima protecci\u00f3n<br data-start=\"215\" data-end=\"218\" \/>. Estructura de ABS premium con sellado de silicona<br data-start=\"269\" data-end=\"272\" \/>. Revestimiento de EVA suave con ajuste preciso y protecci\u00f3n contra da\u00f1os<br data-start=\"345\" data-end=\"348\" \/>. Cierre de presi\u00f3n seguro y cord\u00f3n anti-p\u00e9rdida incluido<br data-start=\"405\" data-end=\"408\" \/>. Ideal para fot\u00f3grafos, vide\u00f3grafos, YouTubers y creadores de contenido<br data-start=\"480\" data-end=\"483\" \/>. Port\u00e1til y ligero, perfecto para el transporte diario<br data-start=\"538\" data-end=\"541\" \/>. Organizaci\u00f3n eficiente y protecci\u00f3n profesional para tarjetas de memoria<\/p>\n","protected":false},"featured_media":82955,"comment_status":"open","ping_status":"closed","template":"","meta":{"_acf_changed":false},"product_brand":[2562],"product_cat":[1026],"product_tag":[],"class_list":{"0":"post-83076","1":"product","2":"type-product","3":"status-publish","4":"has-post-thumbnail","6":"product_brand-kf-concept-es","7":"product_cat-accesorios-almacenamiento","9":"first","10":"outofstock","11":"taxable","12":"shipping-taxable","13":"purchasable","14":"product-type-simple"},"bundled_by":[],"bundle_stock_status":"outofstock","bundle_stock_quantity":null,"bundle_virtual":false,"bundle_layout":"","bundle_add_to_cart_form_location":"","bundle_editable_in_cart":false,"bundle_sold_individually_context":"","bundle_item_grouping":"","bundle_min_size":"","bundle_max_size":"","bundle_price":[],"bundled_items":[],"bundle_sell_ids":[],"acf":[],"_links":{"self":[{"href":"https:\/\/hi-techwonder.com\/es\/wp-json\/wp\/v2\/product\/83076","targetHints":{"allow":["GET"]}}],"collection":[{"href":"https:\/\/hi-techwonder.com\/es\/wp-json\/wp\/v2\/product"}],"about":[{"href":"https:\/\/hi-techwonder.com\/es\/wp-json\/wp\/v2\/types\/product"}],"replies":[{"embeddable":true,"href":"https:\/\/hi-techwonder.com\/es\/wp-json\/wp\/v2\/comments?post=83076"}],"wp:featuredmedia":[{"embeddable":true,"href":"https:\/\/hi-techwonder.com\/es\/wp-json\/wp\/v2\/media\/82955"}],"wp:attachment":[{"href":"https:\/\/hi-techwonder.com\/es\/wp-json\/wp\/v2\/media?parent=83076"}],"wp:term":[{"taxonomy":"product_brand","embeddable":true,"href":"https:\/\/hi-techwonder.com\/es\/wp-json\/wp\/v2\/product_brand?post=83076"},{"taxonomy":"product_cat","embeddable":true,"href":"https:\/\/hi-techwonder.com\/es\/wp-json\/wp\/v2\/product_cat?post=83076"},{"taxonomy":"product_tag","embeddable":true,"href":"https:\/\/hi-techwonder.com\/es\/wp-json\/wp\/v2\/product_tag?post=83076"}],"curies":[{"name":"wp","href":"https:\/\/api.w.org\/{rel}","templated":true}]}}