{"id":83094,"date":"2025-07-29T09:24:33","date_gmt":"2025-07-29T09:24:33","guid":{"rendered":"https:\/\/hi-techwonder.com\/product\/rf-16-28mm-f2-8-is-stm\/"},"modified":"2026-04-21T11:04:21","modified_gmt":"2026-04-21T10:04:21","slug":"canon-rf-16-28mm-f2-8-is-stm","status":"publish","type":"product","link":"https:\/\/hi-techwonder.com\/es\/producto\/canon-rf-16-28mm-f2-8-is-stm\/","title":{"rendered":"CANON RF 16-28mm F2.8 IS STM"},"content":{"rendered":"<h3 data-start=\"79\" data-end=\"113\">Canon RF 16-28mm F2.8 IS STM<\/h3>\n<p data-start=\"114\" data-end=\"133\"><strong data-start=\"114\" data-end=\"133\">Caracter\u00edsticas<\/strong><\/p>\n<p data-start=\"135\" data-end=\"342\"><strong data-start=\"135\" data-end=\"182\">Objetivo Zoom Ultra Gran Angular (16\u201328 mm)<\/strong><br data-start=\"182\" data-end=\"185\" \/>Ampl\u00ede a\u00fan m\u00e1s sus vistas con este objetivo zoom de 16 a 28 mm, ideal para paisajes, viajes y fotograf\u00eda urbana, ofreciendo un \u00e1ngulo de visi\u00f3n cautivador.<\/p>\n<p data-start=\"344\" data-end=\"525\"><strong data-start=\"344\" data-end=\"374\">Abertura Luminosa de f\/2.8<\/strong><br data-start=\"374\" data-end=\"377\" \/>Permite fotografiar en condiciones de poca luz, ofreciendo tambi\u00e9n un mayor control creativo sobre la profundidad de campo y resaltando el motivo.<\/p>\n<p data-start=\"527\" data-end=\"748\"><strong data-start=\"527\" data-end=\"574\">Estabilizaci\u00f3n de Imagen \u00d3ptica (5,5 pasos)<\/strong><br data-start=\"574\" data-end=\"577\" \/>Incorpora tecnolog\u00eda IS de hasta 5,5 pasos\u00b9, reduciendo la trepidaci\u00f3n de la c\u00e1mara para obtener im\u00e1genes m\u00e1s n\u00edtidas, incluso sin tr\u00edpode y en entornos poco iluminados.<\/p>\n<p data-start=\"750\" data-end=\"967\"><strong data-start=\"750\" data-end=\"782\">Construcci\u00f3n \u00d3ptica Avanzada<\/strong><br data-start=\"782\" data-end=\"785\" \/>Integra 2 elementos asf\u00e9ricos y 4 elementos UD con revestimiento Super Spectra, garantizando calidad de imagen, minimizando aberraciones y manteniendo nitidez de extremo a extremo.<\/p>\n<p data-start=\"969\" data-end=\"1243\"><strong data-start=\"969\" data-end=\"1026\">Motor STM y Enfoque\/Anillo de Control Personalizables<\/strong><br data-start=\"1026\" data-end=\"1029\" \/>El motor de tornillo de potencia (STM) proporciona un enfoque suave y silencioso, ideal para v\u00eddeo y fotograf\u00eda. El anillo de control\/enfoque puede personalizarse para ajustar el diafragma, ISO u otras funciones.<\/p>\n<p data-start=\"1245\" data-end=\"1433\"><strong data-start=\"1245\" data-end=\"1280\">Formato Compacto, Peso Reducido<\/strong><br data-start=\"1280\" data-end=\"1283\" \/>Con solo 91 mm de longitud en posici\u00f3n retra\u00edda y aproximadamente 445 g, es f\u00e1cil de transportar, lo que la hace excelente para viajes y uso diario.<\/p>\n<hr data-start=\"1435\" data-end=\"1438\" \/>\n<h3 data-start=\"1440\" data-end=\"1466\">Contenido de la Caja<\/h3>\n<ul data-start=\"1467\" data-end=\"1613\">\n<li data-start=\"1467\" data-end=\"1512\">\n<p data-start=\"1469\" data-end=\"1512\">1 \u00d7 Objetivo Canon RF 16-28mm F2.8 IS STM<\/p>\n<\/li>\n<li data-start=\"1513\" data-end=\"1546\">\n<p data-start=\"1515\" data-end=\"1546\">1 \u00d7 Tapa del Objetivo E-67 II<\/p>\n<\/li>\n<li data-start=\"1547\" data-end=\"1586\">\n<p data-start=\"1549\" data-end=\"1586\">1 \u00d7 Tapa Antipolvo para Objetivo RF<\/p>\n<\/li>\n<li data-start=\"1587\" data-end=\"1613\">\n<p data-start=\"1589\" data-end=\"1613\">1 \u00d7 Manual del Usuario<\/p>\n<\/li>\n<\/ul>\n<p data-start=\"1615\" data-end=\"1678\">(El parasol EW-73E y la funda LP1116 se venden por separado.)<\/p>\n<hr data-start=\"1680\" data-end=\"1683\" \/>\n<h3 data-start=\"1685\" data-end=\"1712\">Descripci\u00f3n Detallada<\/h3>\n<p data-start=\"1714\" data-end=\"2158\">El Canon RF 16-28mm F2.8 IS STM destaca como una soluci\u00f3n vers\u00e1til y ultra gran angular para los usuarios del sistema EOS R. El rango de zoom de 16 a 28 mm, junto con la estabilizaci\u00f3n de imagen de 5,5 pasos\u00b9, permite capturar tanto paisajes amplios como interiores sin necesidad de tr\u00edpode. La apertura de f\/2.8 es perfecta para situaciones de baja luminosidad y para crear fondos desenfocados en fotograf\u00edas de detalle o retratos creativos.<\/p>\n<p data-start=\"2160\" data-end=\"2688\">Adem\u00e1s, el sistema \u00f3ptico incluye elementos UD (Ultra Low Dispersion) y asf\u00e9ricos para mayor nitidez y reducci\u00f3n de aberraciones, mientras que el revestimiento Super Spectra minimiza los efectos de flare y ghosting. El motor STM proporciona transiciones suaves en v\u00eddeo y un enfoque pr\u00e1cticamente silencioso. El anillo de control personalizable permite ajustar r\u00e1pidamente par\u00e1metros como ISO o compensaci\u00f3n de exposici\u00f3n, haciendo de este objetivo un excelente aliado para quienes buscan eficiencia y calidad en el d\u00eda a d\u00eda.<\/p>\n<hr data-start=\"2690\" data-end=\"2693\" \/>\n<h3 data-start=\"2695\" data-end=\"2726\">Especificaciones T\u00e9cnicas<\/h3>\n<ul data-start=\"2727\" data-end=\"3403\">\n<li data-start=\"2727\" data-end=\"2756\">\n<p data-start=\"2729\" data-end=\"2756\">Distancia Focal: 16\u201328 mm<\/p>\n<\/li>\n<li data-start=\"2757\" data-end=\"2783\">\n<p data-start=\"2759\" data-end=\"2783\">Abertura M\u00e1xima: f\/2.8<\/p>\n<\/li>\n<li data-start=\"2784\" data-end=\"2809\">\n<p data-start=\"2786\" data-end=\"2809\">Abertura M\u00ednima: f\/22<\/p>\n<\/li>\n<li data-start=\"2810\" data-end=\"2946\">\n<p data-start=\"2812\" data-end=\"2860\">Construcci\u00f3n \u00d3ptica: 16 elementos en 13 grupos<\/p>\n<ul data-start=\"2863\" data-end=\"2946\">\n<li data-start=\"2863\" data-end=\"2881\">\n<p data-start=\"2865\" data-end=\"2881\">4 elementos UD<\/p>\n<\/li>\n<li data-start=\"2884\" data-end=\"2946\">\n<p data-start=\"2886\" data-end=\"2946\">2 elementos asf\u00e9ricos (1 r\u00e9plica asf\u00e9rica, 1 GMo asf\u00e9rica)<\/p>\n<\/li>\n<\/ul>\n<\/li>\n<li data-start=\"2947\" data-end=\"2980\">\n<p data-start=\"2949\" data-end=\"2980\">Rango de Abertura: f\/2.8\u2013f\/22<\/p>\n<\/li>\n<li data-start=\"2981\" data-end=\"3014\">\n<p data-start=\"2983\" data-end=\"3014\">N\u00ba de L\u00e1minas de Diafragma: 9<\/p>\n<\/li>\n<li data-start=\"3015\" data-end=\"3089\">\n<p data-start=\"3017\" data-end=\"3047\">Distancia M\u00ednima de Enfoque:<\/p>\n<ul data-start=\"3050\" data-end=\"3089\">\n<li data-start=\"3050\" data-end=\"3068\">\n<p data-start=\"3052\" data-end=\"3068\">0,25 m (16 mm)<\/p>\n<\/li>\n<li data-start=\"3071\" data-end=\"3089\">\n<p data-start=\"3073\" data-end=\"3089\">0,20 m (28 mm)<\/p>\n<\/li>\n<\/ul>\n<\/li>\n<li data-start=\"3090\" data-end=\"3142\">\n<p data-start=\"3092\" data-end=\"3142\">Ampliaci\u00f3n M\u00e1xima: 0,11\u00d7 (16 mm) \/ 0,26\u00d7 (28 mm)<\/p>\n<\/li>\n<li data-start=\"3143\" data-end=\"3219\">\n<p data-start=\"3145\" data-end=\"3219\">Estabilizaci\u00f3n de Imagen (IS): 5,5 pasos\u00b9 (8 pasos con IBIS coordinado\u00b2)<\/p>\n<\/li>\n<li data-start=\"3220\" data-end=\"3249\">\n<p data-start=\"3222\" data-end=\"3249\">Di\u00e1metro de Filtro: 67 mm<\/p>\n<\/li>\n<li data-start=\"3250\" data-end=\"3303\">\n<p data-start=\"3252\" data-end=\"3303\">Dimensiones (Di\u00e1m. \u00d7 Long.): Aprox. 76,5 \u00d7 91 mm\u00b2<\/p>\n<\/li>\n<li data-start=\"3304\" data-end=\"3326\">\n<p data-start=\"3306\" data-end=\"3326\">Peso: Aprox. 445 g<\/p>\n<\/li>\n<li data-start=\"3327\" data-end=\"3365\">\n<p data-start=\"3329\" data-end=\"3365\">Compatibilidad (Montura): Canon RF<\/p>\n<\/li>\n<li data-start=\"3366\" data-end=\"3403\">\n<p data-start=\"3368\" data-end=\"3403\">Resistencia al polvo\/humedad: S\u00ed\u00b3<\/p>\n<\/li>\n<\/ul>\n<p data-start=\"3405\" data-end=\"3529\">(\u00b9 Ver notas al pie. \u00b2 Con c\u00e1maras EOS R compatibles. \u00b3 La resistencia no garantiza protecci\u00f3n total contra polvo y agua.)<\/p>\n","protected":false},"excerpt":{"rendered":"<p>Canon RF 16-28mm F2.8 IS STM Caracter\u00edsticas Objetivo Zoom Ultra Gran Angular (16\u201328 mm)Ampl\u00ede a\u00fan m\u00e1s sus vistas con este<\/p>\n","protected":false},"featured_media":48641,"comment_status":"closed","ping_status":"closed","template":"","meta":{"_acf_changed":false},"product_brand":[2538],"product_cat":[1062],"product_tag":[],"class_list":{"0":"post-83094","1":"product","2":"type-product","3":"status-publish","4":"has-post-thumbnail","6":"product_brand-canon-es","7":"product_cat-mirrorless-objectivos","8":"pa_abertura-maxima-f-2-8-es","9":"pa_cor-negro","10":"pa_diametro-67mm-es","11":"pa_estabilizacao-de-imagem-si","12":"pa_montagem-da-objetiva-canon-rf-es","13":"pa_sensor-fotograma-completo","14":"pa_tipo-de-foco-enfoque-automatico","15":"pa_tipo-de-objetiva-estandar","16":"pa_zoom-fixa-zoom-externo-es","18":"first","19":"instock","20":"taxable","21":"shipping-taxable","22":"purchasable","23":"product-type-simple"},"bundled_by":[],"bundle_stock_status":"instock","bundle_stock_quantity":2,"bundle_virtual":false,"bundle_layout":"","bundle_add_to_cart_form_location":"","bundle_editable_in_cart":false,"bundle_sold_individually_context":"","bundle_item_grouping":"","bundle_min_size":"","bundle_max_size":"","bundle_price":[],"bundled_items":[],"bundle_sell_ids":[],"acf":[],"_links":{"self":[{"href":"https:\/\/hi-techwonder.com\/es\/wp-json\/wp\/v2\/product\/83094","targetHints":{"allow":["GET"]}}],"collection":[{"href":"https:\/\/hi-techwonder.com\/es\/wp-json\/wp\/v2\/product"}],"about":[{"href":"https:\/\/hi-techwonder.com\/es\/wp-json\/wp\/v2\/types\/product"}],"replies":[{"embeddable":true,"href":"https:\/\/hi-techwonder.com\/es\/wp-json\/wp\/v2\/comments?post=83094"}],"wp:featuredmedia":[{"embeddable":true,"href":"https:\/\/hi-techwonder.com\/es\/wp-json\/wp\/v2\/media\/48641"}],"wp:attachment":[{"href":"https:\/\/hi-techwonder.com\/es\/wp-json\/wp\/v2\/media?parent=83094"}],"wp:term":[{"taxonomy":"product_brand","embeddable":true,"href":"https:\/\/hi-techwonder.com\/es\/wp-json\/wp\/v2\/product_brand?post=83094"},{"taxonomy":"product_cat","embeddable":true,"href":"https:\/\/hi-techwonder.com\/es\/wp-json\/wp\/v2\/product_cat?post=83094"},{"taxonomy":"product_tag","embeddable":true,"href":"https:\/\/hi-techwonder.com\/es\/wp-json\/wp\/v2\/product_tag?post=83094"}],"curies":[{"name":"wp","href":"https:\/\/api.w.org\/{rel}","templated":true}]}}