{"id":83144,"date":"2025-08-28T11:08:22","date_gmt":"2025-08-28T11:08:22","guid":{"rendered":"https:\/\/hi-techwonder.com\/?post_type=product&#038;p=83144"},"modified":"2026-04-06T17:56:57","modified_gmt":"2026-04-06T16:56:57","slug":"nisi-circular-black-magic-diffusion-1-4","status":"publish","type":"product","link":"https:\/\/hi-techwonder.com\/es\/producto\/nisi-circular-black-magic-diffusion-1-4\/","title":{"rendered":"NiSi Circular Black Magic Diffusion 1\/4"},"content":{"rendered":"\n<h3 id=\"wd-f00f98b0\" class=\"wp-block-wd-title title\"><strong>NiSi Circular Black Magic Diffusion 1\/4<\/strong><\/h3>\n\n\n\n<div id=\"wd-7e5312cd\" class=\"wp-block-wd-video wd-el-video wd-action-without wd-video-external wd-with-aspect-ratio wd-custom-width\"><iframe allowfullscreen allow=\"accelerometer; autoplay; encrypted-media; gyroscope; picture-in-picture\" width=\"100%\" height=\"100%\" loading=\"lazy\" src=\"https:\/\/www.youtube.com\/embed\/Cj0QjAAK-K8?feature=oembed&amp;controls=1\"><\/iframe><\/div>\n\n\n\n<p id=\"wd-07727d65\" class=\"wp-block-wd-paragraph\"><\/p>\n\n\n\n<p id=\"wd-b5d4f43f\" class=\"wp-block-wd-paragraph\">El <strong>NiSi Circular Black Magic Diffusion 1\/4<\/strong> es un filtro de difusi\u00f3n de nivel cinematogr\u00e1fico, desarrollado para otorgar a las producciones digitales la est\u00e9tica suave y envolvente del cine. Construido en vidrio \u00f3ptico premium, combina la precisi\u00f3n de una matriz <strong>nano-lenslet<\/strong> con la tecnolog\u00eda <strong>Black Mist<\/strong>, creando un efecto h\u00edbrido \u00fanico que fusiona detalle y suavidad de manera equilibrada.<\/p>\n\n\n\n<p id=\"wd-6667353d\" class=\"wp-block-wd-paragraph\">Mientras otros filtros de difusi\u00f3n tienden a exagerar el \u201cbloom\u201d en las altas luces, el <strong>Black Magic Diffusion de NiSi<\/strong> mantiene el resplandor bajo control, generando un glow cinematogr\u00e1fico refinado sin perder definici\u00f3n. Esta caracter\u00edstica resulta especialmente valiosa en escenas de alto contraste, donde cada detalle importa.<\/p>\n\n\n\n<p id=\"wd-7b3bacd6\" class=\"wp-block-wd-paragraph\">En retratos, el filtro es un aliado poderoso: suaviza imperfecciones de la piel de forma natural, manteniendo ojos, cabello y detalles esenciales n\u00edtidos. El resultado es un look profesional, ideal para entrevistas, publicidad, moda y belleza.<\/p>\n\n\n\n<p id=\"wd-d6b33baf\" class=\"wp-block-wd-paragraph\">Gracias a su avanzada tecnolog\u00eda, este filtro preserva los colores reales y un contraste equilibrado, reduciendo la dureza visual de los sensores digitales y proporcionando una est\u00e9tica m\u00e1s org\u00e1nica y narrativa. Para creadores que buscan una atm\u00f3sfera nost\u00e1lgica, el <strong>Black Magic Diffusion<\/strong> ofrece una est\u00e9tica inspirada en el cine cl\u00e1sico, con halaci\u00f3n sutil y un toque vintage perfecto para el storytelling visual.<\/p>\n\n\n\n<div id=\"wd-51023fdc\" class=\"wp-block-wd-gallery wd-grid-g wd-caption-mask\" style=\"--wd-col-lg:3;--wd-col-md:3;--wd-col-sm:1;--wd-gap-lg:20px;--wd-gap-sm: 10px;\">\n<div id=\"wd-716822ee\" class=\"wp-block-wd-gallery-item wd-col photoswipe-images\"><div class=\"wd-block-image\"><a href=\"https:\/\/hi-techwonder.com\/wp-content\/uploads\/2025\/08\/Black-Mist-scaled.jpg\" data-width=\"2560\" data-height=\"1703\" data-elementor-open-lightbox=\"no\"><img loading=\"lazy\" decoding=\"async\" width=\"2560\" height=\"1703\" class=\"wp-image-83098\" src=\"https:\/\/hi-techwonder.com\/wp-content\/themes\/woodmart\/images\/lazy.svg\" data-src=\"https:\/\/hi-techwonder.com\/wp-content\/uploads\/2025\/08\/Black-Mist-scaled.jpg\" alt=\"\" srcset=\"\" data-srcset=\"https:\/\/hi-techwonder.com\/wp-content\/uploads\/2025\/08\/Black-Mist-scaled.jpg 2560w, https:\/\/hi-techwonder.com\/wp-content\/uploads\/2025\/08\/Black-Mist-300x200.jpg 300w, https:\/\/hi-techwonder.com\/wp-content\/uploads\/2025\/08\/Black-Mist-1024x681.jpg 1024w, https:\/\/hi-techwonder.com\/wp-content\/uploads\/2025\/08\/Black-Mist-768x511.jpg 768w, https:\/\/hi-techwonder.com\/wp-content\/uploads\/2025\/08\/Black-Mist-1536x1022.jpg 1536w, https:\/\/hi-techwonder.com\/wp-content\/uploads\/2025\/08\/Black-Mist-2048x1363.jpg 2048w, https:\/\/hi-techwonder.com\/wp-content\/uploads\/2025\/08\/Black-Mist-1200x798.jpg 1200w, https:\/\/hi-techwonder.com\/wp-content\/uploads\/2025\/08\/Black-Mist-150x100.jpg 150w\" sizes=\"auto, (max-width: 2560px) 100vw, 2560px\" \/><\/a><figcaption>Con filtro Black Mist<\/figcaption><\/div><\/div>\n\n\n\n<div id=\"wd-1fa8ef80\" class=\"wp-block-wd-gallery-item wd-col photoswipe-images\"><div class=\"wd-block-image\"><a href=\"https:\/\/hi-techwonder.com\/wp-content\/uploads\/2025\/08\/BMD-scaled.jpg\" data-width=\"2560\" data-height=\"1703\" data-elementor-open-lightbox=\"no\"><img loading=\"lazy\" decoding=\"async\" width=\"2560\" height=\"1703\" class=\"wp-image-83100\" src=\"https:\/\/hi-techwonder.com\/wp-content\/themes\/woodmart\/images\/lazy.svg\" data-src=\"https:\/\/hi-techwonder.com\/wp-content\/uploads\/2025\/08\/BMD-scaled.jpg\" alt=\"\" srcset=\"\" data-srcset=\"https:\/\/hi-techwonder.com\/wp-content\/uploads\/2025\/08\/BMD-scaled.jpg 2560w, https:\/\/hi-techwonder.com\/wp-content\/uploads\/2025\/08\/BMD-300x200.jpg 300w, https:\/\/hi-techwonder.com\/wp-content\/uploads\/2025\/08\/BMD-1024x681.jpg 1024w, https:\/\/hi-techwonder.com\/wp-content\/uploads\/2025\/08\/BMD-768x511.jpg 768w, https:\/\/hi-techwonder.com\/wp-content\/uploads\/2025\/08\/BMD-1536x1022.jpg 1536w, https:\/\/hi-techwonder.com\/wp-content\/uploads\/2025\/08\/BMD-2048x1363.jpg 2048w, https:\/\/hi-techwonder.com\/wp-content\/uploads\/2025\/08\/BMD-1200x798.jpg 1200w, https:\/\/hi-techwonder.com\/wp-content\/uploads\/2025\/08\/BMD-150x100.jpg 150w\" sizes=\"auto, (max-width: 2560px) 100vw, 2560px\" \/><\/a><figcaption>Con filtro Black Magic Diffusion<\/figcaption><\/div><\/div>\n\n\n\n<div id=\"wd-d4d94b90\" class=\"wp-block-wd-gallery-item wd-col photoswipe-images\"><div class=\"wd-block-image\"><a href=\"https:\/\/hi-techwonder.com\/wp-content\/uploads\/2025\/08\/No-Filter-scaled.jpg\" data-width=\"2560\" data-height=\"1703\" data-elementor-open-lightbox=\"no\"><img loading=\"lazy\" decoding=\"async\" width=\"2560\" height=\"1703\" class=\"wp-image-83103\" src=\"https:\/\/hi-techwonder.com\/wp-content\/themes\/woodmart\/images\/lazy.svg\" data-src=\"https:\/\/hi-techwonder.com\/wp-content\/uploads\/2025\/08\/No-Filter-scaled.jpg\" alt=\"\" srcset=\"\" data-srcset=\"https:\/\/hi-techwonder.com\/wp-content\/uploads\/2025\/08\/No-Filter-scaled.jpg 2560w, https:\/\/hi-techwonder.com\/wp-content\/uploads\/2025\/08\/No-Filter-300x200.jpg 300w, https:\/\/hi-techwonder.com\/wp-content\/uploads\/2025\/08\/No-Filter-1024x681.jpg 1024w, https:\/\/hi-techwonder.com\/wp-content\/uploads\/2025\/08\/No-Filter-768x511.jpg 768w, https:\/\/hi-techwonder.com\/wp-content\/uploads\/2025\/08\/No-Filter-1536x1022.jpg 1536w, https:\/\/hi-techwonder.com\/wp-content\/uploads\/2025\/08\/No-Filter-2048x1363.jpg 2048w, https:\/\/hi-techwonder.com\/wp-content\/uploads\/2025\/08\/No-Filter-1200x798.jpg 1200w, https:\/\/hi-techwonder.com\/wp-content\/uploads\/2025\/08\/No-Filter-150x100.jpg 150w\" sizes=\"auto, (max-width: 2560px) 100vw, 2560px\" \/><\/a><figcaption>Sin filtro<\/figcaption><\/div><\/div>\n<\/div>\n\n\n\n<p id=\"wd-2ff86521\" class=\"wp-block-wd-paragraph\">Construido con vidrio \u00f3ptico de grado cinematogr\u00e1fico y recubrimiento Nano de doble cara, garantiza resistencia a rayaduras, repelencia al agua y al aceite, as\u00ed como protecci\u00f3n contra reflejos indeseados \u2013 asegurando m\u00e1xima fiabilidad incluso en producciones intensivas.<\/p>\n\n\n\n<p>Combinando suavidad est\u00e9tica y precisi\u00f3n t\u00e9cnica, el <strong>NiSi Black Magic Diffusion 1\/4<\/strong> es la elecci\u00f3n ideal para cineastas, vide\u00f3grafos y fot\u00f3grafos que quieren elevar la calidad visual de sus producciones directamente en c\u00e1mara, ahorrando tiempo de posproducci\u00f3n y asegurando consistencia profesional.<\/p>\n\n\n\n<div class=\"wp-block-columns is-layout-flex wp-container-core-columns-is-layout-9d6595d7 wp-block-columns-is-layout-flex\">\n<div class=\"wp-block-column is-layout-flow wp-block-column-is-layout-flow\">\n<p id=\"wd-8b9122eb\" class=\"wp-block-wd-paragraph\">Dale a tus pel\u00edculas y retratos la magia del cine. Con el <strong>NiSi Black Magic Diffusion 1\/4<\/strong>, obtienes un look cinematogr\u00e1fico refinado, con piel perfecta, colores naturales y un brillo nost\u00e1lgico que transforma cualquier escena en arte visual.<\/p>\n<\/div>\n\n\n\n<div class=\"wp-block-column is-layout-flow wp-block-column-is-layout-flow\">\n<div id=\"wd-1bf97929\" class=\"wp-block-wd-gallery wd-grid-g wd-caption-mask\" style=\"--wd-col-lg:2;--wd-col-md:2;--wd-col-sm:1;--wd-gap-lg:20px;--wd-gap-sm: 10px;\">\n<div id=\"wd-64b41d1e\" class=\"wp-block-wd-gallery-item wd-col photoswipe-images\"><div class=\"wd-block-image\"><a href=\"https:\/\/nisioptics.pt\/wp-content\/uploads\/2025\/08\/DSC6872-Edit.jpg\" data-width=\"998\" data-height=\"1500\" data-elementor-open-lightbox=\"no\" target=\"_blank\" rel=\"noopener\"><img decoding=\"async\" class=\"wp-image-40708\" src=\"https:\/\/hi-techwonder.com\/wp-content\/themes\/woodmart\/images\/lazy.svg\" data-src=\"https:\/\/nisioptics.pt\/wp-content\/uploads\/2025\/08\/DSC6872-Edit-200x300.jpg\" alt=\"\"><\/a><\/div><\/div>\n\n\n\n<div id=\"wd-e1f67bb9\" class=\"wp-block-wd-gallery-item wd-col photoswipe-images\"><div class=\"wd-block-image\"><a href=\"https:\/\/nisioptics.pt\/wp-content\/uploads\/2025\/08\/DSC6348-Edit.jpg\" data-width=\"998\" data-height=\"1500\" data-elementor-open-lightbox=\"no\" target=\"_blank\" rel=\"noopener\"><img decoding=\"async\" class=\"wp-image-40706\" src=\"https:\/\/hi-techwonder.com\/wp-content\/themes\/woodmart\/images\/lazy.svg\" data-src=\"https:\/\/nisioptics.pt\/wp-content\/uploads\/2025\/08\/DSC6348-Edit-200x300.jpg\" alt=\"\"><\/a><\/div><\/div>\n<\/div>\n<\/div>\n<\/div>\n\n\n\n<h3 class=\"wp-block-heading\"><strong>Caracter\u00edsticas Principales<\/strong><\/h3>\n\n\n\n<ul class=\"wp-block-list\">\n<li>Suavizado de las altas luces con \u201cglow\u201d cinematogr\u00e1fico controlado<\/li>\n\n\n\n<li>Textura de piel uniforme sin p\u00e9rdida de detalle en \u00e1reas cr\u00edticas<\/li>\n\n\n\n<li>Preservaci\u00f3n de contraste y saturaci\u00f3n realistas<\/li>\n\n\n\n<li>Atm\u00f3sfera vintage con halaci\u00f3n sutil<\/li>\n\n\n\n<li>Tecnolog\u00eda h\u00edbrida Nano-Lenslet + Difusi\u00f3n Black Mist<\/li>\n\n\n\n<li>Revestimiento Nano de doble cara antirreflejo, resistente al agua y al aceite<\/li>\n\n\n\n<li>Vidrio \u00f3ptico cinematogr\u00e1fico de alta durabilidad<\/li>\n\n\n\n<li>Compatible con diversos g\u00e9neros y formatos de producci\u00f3n visual<\/li>\n<\/ul>\n\n\n\n<div id=\"wd-ddf7faca\" class=\"wp-block-wd-gallery wd-grid-g wd-caption-mask\" style=\"--wd-col-lg:3;--wd-col-md:3;--wd-col-sm:1;--wd-gap-lg:20px;--wd-gap-sm: 10px;\">\n<div id=\"wd-823818cf\" class=\"wp-block-wd-gallery-item wd-col\"><div class=\"wd-block-image\"><img loading=\"lazy\" decoding=\"async\" width=\"1703\" height=\"2560\" class=\"wp-image-83105\" src=\"https:\/\/hi-techwonder.com\/wp-content\/themes\/woodmart\/images\/lazy.svg\" data-src=\"https:\/\/hi-techwonder.com\/wp-content\/uploads\/2025\/08\/Black-Mist-1-scaled.jpg\" alt=\"\" srcset=\"\" data-srcset=\"https:\/\/hi-techwonder.com\/wp-content\/uploads\/2025\/08\/Black-Mist-1-scaled.jpg 1703w, https:\/\/hi-techwonder.com\/wp-content\/uploads\/2025\/08\/Black-Mist-1-200x300.jpg 200w, https:\/\/hi-techwonder.com\/wp-content\/uploads\/2025\/08\/Black-Mist-1-681x1024.jpg 681w, https:\/\/hi-techwonder.com\/wp-content\/uploads\/2025\/08\/Black-Mist-1-768x1154.jpg 768w, https:\/\/hi-techwonder.com\/wp-content\/uploads\/2025\/08\/Black-Mist-1-1022x1536.jpg 1022w, https:\/\/hi-techwonder.com\/wp-content\/uploads\/2025\/08\/Black-Mist-1-1363x2048.jpg 1363w, https:\/\/hi-techwonder.com\/wp-content\/uploads\/2025\/08\/Black-Mist-1-1200x1804.jpg 1200w, https:\/\/hi-techwonder.com\/wp-content\/uploads\/2025\/08\/Black-Mist-1-150x225.jpg 150w\" sizes=\"auto, (max-width: 1703px) 100vw, 1703px\" \/><figcaption>Con filtro Black Mist<\/figcaption><\/div><\/div>\n\n\n\n<div id=\"wd-53dfbd9d\" class=\"wp-block-wd-gallery-item wd-col\"><div class=\"wd-block-image\"><img loading=\"lazy\" decoding=\"async\" width=\"1703\" height=\"2560\" class=\"wp-image-83107\" src=\"https:\/\/hi-techwonder.com\/wp-content\/themes\/woodmart\/images\/lazy.svg\" data-src=\"https:\/\/hi-techwonder.com\/wp-content\/uploads\/2025\/08\/BMD-1-scaled.jpg\" alt=\"\" srcset=\"\" data-srcset=\"https:\/\/hi-techwonder.com\/wp-content\/uploads\/2025\/08\/BMD-1-scaled.jpg 1703w, https:\/\/hi-techwonder.com\/wp-content\/uploads\/2025\/08\/BMD-1-200x300.jpg 200w, https:\/\/hi-techwonder.com\/wp-content\/uploads\/2025\/08\/BMD-1-681x1024.jpg 681w, https:\/\/hi-techwonder.com\/wp-content\/uploads\/2025\/08\/BMD-1-768x1154.jpg 768w, https:\/\/hi-techwonder.com\/wp-content\/uploads\/2025\/08\/BMD-1-1022x1536.jpg 1022w, https:\/\/hi-techwonder.com\/wp-content\/uploads\/2025\/08\/BMD-1-1363x2048.jpg 1363w, https:\/\/hi-techwonder.com\/wp-content\/uploads\/2025\/08\/BMD-1-1200x1803.jpg 1200w, https:\/\/hi-techwonder.com\/wp-content\/uploads\/2025\/08\/BMD-1-150x225.jpg 150w\" sizes=\"auto, (max-width: 1703px) 100vw, 1703px\" \/><figcaption>Con filtro Black Magic Diffusion<\/figcaption><\/div><\/div>\n\n\n\n<div id=\"wd-67d3ee18\" class=\"wp-block-wd-gallery-item wd-col\"><div class=\"wd-block-image\"><img loading=\"lazy\" decoding=\"async\" width=\"1703\" height=\"2560\" class=\"wp-image-83109\" src=\"https:\/\/hi-techwonder.com\/wp-content\/themes\/woodmart\/images\/lazy.svg\" data-src=\"https:\/\/hi-techwonder.com\/wp-content\/uploads\/2025\/08\/No-Filter-1-scaled.jpg\" alt=\"\" srcset=\"\" data-srcset=\"https:\/\/hi-techwonder.com\/wp-content\/uploads\/2025\/08\/No-Filter-1-scaled.jpg 1703w, https:\/\/hi-techwonder.com\/wp-content\/uploads\/2025\/08\/No-Filter-1-200x300.jpg 200w, https:\/\/hi-techwonder.com\/wp-content\/uploads\/2025\/08\/No-Filter-1-681x1024.jpg 681w, https:\/\/hi-techwonder.com\/wp-content\/uploads\/2025\/08\/No-Filter-1-768x1154.jpg 768w, https:\/\/hi-techwonder.com\/wp-content\/uploads\/2025\/08\/No-Filter-1-1022x1536.jpg 1022w, https:\/\/hi-techwonder.com\/wp-content\/uploads\/2025\/08\/No-Filter-1-1363x2048.jpg 1363w, https:\/\/hi-techwonder.com\/wp-content\/uploads\/2025\/08\/No-Filter-1-1200x1804.jpg 1200w, https:\/\/hi-techwonder.com\/wp-content\/uploads\/2025\/08\/No-Filter-1-150x225.jpg 150w\" sizes=\"auto, (max-width: 1703px) 100vw, 1703px\" \/><figcaption>Sin filtro<\/figcaption><\/div><\/div>\n<\/div>\n\n\n\n<p><\/p>\n","protected":false},"excerpt":{"rendered":"<ul>\n<li data-start=\"185\" data-end=\"265\">Suavizado controlado de las altas luces para un brillo cinematogr\u00e1fico natural<\/li>\n<li data-start=\"268\" data-end=\"350\">Tonos de piel realzados con textura suave y detalle preservado en ojos y cabello<\/li>\n<li data-start=\"353\" data-end=\"445\">Mantiene contraste y colores fieles, reduciendo la dureza t\u00edpica de los sensores digitales<\/li>\n<li data-start=\"448\" data-end=\"521\">Est\u00e9tica nost\u00e1lgica de celuloide con halaci\u00f3n sutil y atm\u00f3sfera vintage<\/li>\n<li data-start=\"524\" data-end=\"590\">Tecnolog\u00eda h\u00edbrida exclusiva: Nano-Lenslet + Difusi\u00f3n Black Mist<\/li>\n<li data-start=\"593\" data-end=\"672\">Revestimiento Nano de doble cara antirreflejo, resistente al agua y al aceite<\/li>\n<li data-start=\"675\" data-end=\"750\">Vidrio \u00f3ptico de grado cinematogr\u00e1fico, duradero y de calidad profesional<\/li>\n<li data-start=\"753\" data-end=\"855\">Versatilidad en diferentes g\u00e9neros: retratos, pel\u00edculas narrativas, bodas, documentales y videoclips<\/li>\n<\/ul>\n","protected":false},"featured_media":83141,"comment_status":"open","ping_status":"closed","template":"","meta":{"_acf_changed":false},"product_brand":[2543],"product_cat":[1050],"product_tag":[],"class_list":{"0":"post-83144","1":"product","2":"type-product","3":"status-publish","4":"has-post-thumbnail","6":"product_brand-nisioptics-es","7":"product_cat-otros-filtros-circulares","8":"pa_diametro-49mm-es","9":"pa_diametro-67mm-es","10":"pa_diametro-72mm-es","11":"pa_diametro-77mm-es","12":"pa_diametro-82mm-es","13":"pa_diametro-95mm-es","15":"first","16":"outofstock","17":"taxable","18":"shipping-taxable","19":"purchasable","20":"product-type-variable"},"bundled_by":[],"bundle_stock_status":"outofstock","bundle_stock_quantity":null,"bundle_virtual":false,"bundle_layout":"","bundle_add_to_cart_form_location":"","bundle_editable_in_cart":false,"bundle_sold_individually_context":"","bundle_item_grouping":"","bundle_min_size":"","bundle_max_size":"","bundle_price":[],"bundled_items":[],"bundle_sell_ids":[],"acf":[],"_links":{"self":[{"href":"https:\/\/hi-techwonder.com\/es\/wp-json\/wp\/v2\/product\/83144","targetHints":{"allow":["GET"]}}],"collection":[{"href":"https:\/\/hi-techwonder.com\/es\/wp-json\/wp\/v2\/product"}],"about":[{"href":"https:\/\/hi-techwonder.com\/es\/wp-json\/wp\/v2\/types\/product"}],"replies":[{"embeddable":true,"href":"https:\/\/hi-techwonder.com\/es\/wp-json\/wp\/v2\/comments?post=83144"}],"wp:featuredmedia":[{"embeddable":true,"href":"https:\/\/hi-techwonder.com\/es\/wp-json\/wp\/v2\/media\/83141"}],"wp:attachment":[{"href":"https:\/\/hi-techwonder.com\/es\/wp-json\/wp\/v2\/media?parent=83144"}],"wp:term":[{"taxonomy":"product_brand","embeddable":true,"href":"https:\/\/hi-techwonder.com\/es\/wp-json\/wp\/v2\/product_brand?post=83144"},{"taxonomy":"product_cat","embeddable":true,"href":"https:\/\/hi-techwonder.com\/es\/wp-json\/wp\/v2\/product_cat?post=83144"},{"taxonomy":"product_tag","embeddable":true,"href":"https:\/\/hi-techwonder.com\/es\/wp-json\/wp\/v2\/product_tag?post=83144"}],"curies":[{"name":"wp","href":"https:\/\/api.w.org\/{rel}","templated":true}]}}