{"id":83177,"date":"2025-08-28T11:11:53","date_gmt":"2025-08-28T11:11:53","guid":{"rendered":"https:\/\/hi-techwonder.com\/product\/nisi-jetmag-pro-black-magic-diffusion-1-4\/"},"modified":"2026-04-14T10:20:10","modified_gmt":"2026-04-14T09:20:10","slug":"nisi-jetmag-pro-black-magic-diffusion-1-4","status":"publish","type":"product","link":"https:\/\/hi-techwonder.com\/es\/producto\/nisi-jetmag-pro-black-magic-diffusion-1-4\/","title":{"rendered":"NiSi JetMag Pro Black Magic Diffusion 1\/4"},"content":{"rendered":"\n<h3 id=\"wd-f00f98b0\" class=\"wp-block-wd-title title\"><strong>NiSi JetMag Pro Black Magic Diffusion 1\/4<\/strong><\/h3>\n\n\n\n<div id=\"wd-49404453\" class=\"wp-block-wd-video wd-el-video wd-action-without wd-video-external wd-with-aspect-ratio wd-custom-width\"><iframe allowfullscreen allow=\"accelerometer; autoplay; encrypted-media; gyroscope; picture-in-picture\" width=\"100%\" height=\"100%\" loading=\"lazy\" src=\"https:\/\/www.youtube.com\/embed\/Cj0QjAAK-K8?feature=oembed&amp;controls=1\"><\/iframe><\/div>\n\n\n\n<p id=\"wd-5488265c\" class=\"wp-block-wd-paragraph\">El <strong>NiSi Black Magic Diffusion JetMag Pro 1\/4<\/strong> lleva el arte de la difusi\u00f3n cinematogr\u00e1fica al ritmo acelerado de la producci\u00f3n moderna. Creado para cineastas, fot\u00f3grafos y creadores de contenido que buscan un look cinematogr\u00e1fico pulido sin comprometer la agilidad en el rodaje, este filtro combina la m\u00e1s avanzada tecnolog\u00eda h\u00edbrida de difusi\u00f3n de NiSi con la practicidad del sistema magn\u00e9tico JetMag Pro.<\/p>\n\n\n\n<p id=\"wd-53706cb0\" class=\"wp-block-wd-paragraph\">A diferencia de los filtros tradicionales de <em>mist<\/em>, el Black Magic Diffusion suaviza las altas luces con precisi\u00f3n, creando un resplandor cinematogr\u00e1fico limpio y refinado, sin p\u00e9rdida de detalle. La piel se vuelve m\u00e1s suave y natural, manteniendo la nitidez en ojos y cabello \u2014 perfecto para entrevistas, retratos y producciones de belleza.<\/p>\n\n\n\n<p id=\"wd-6d2519f1\" class=\"wp-block-wd-paragraph\">Gracias a su construcci\u00f3n en vidrio \u00f3ptico de grado cinematogr\u00e1fico y al revestimiento nano de doble cara, el filtro preserva colores realistas, contraste equilibrado y evita la apariencia lavada, dif\u00edcil de corregir en postproducci\u00f3n. Adem\u00e1s, introduce un sutil efecto de pel\u00edcula vintage, con un toque nost\u00e1lgico y emocional que potencia narrativas visuales en cine, videoclips, bodas y publicidad.<\/p>\n\n\n\n<div id=\"wd-1232aea3\" class=\"wp-block-wd-gallery wd-grid-g wd-caption-mask\" style=\"--wd-col-lg:3;--wd-col-md:3;--wd-col-sm:1;--wd-gap-lg:20px;--wd-gap-sm: 10px;\">\n<div id=\"wd-c88e2121\" class=\"wp-block-wd-gallery-item wd-col photoswipe-images\"><div class=\"wd-block-image\"><a href=\"https:\/\/hi-techwonder.com\/wp-content\/uploads\/2025\/08\/Black-Mist-1-scaled.jpg\" data-width=\"1703\" data-height=\"2560\" data-elementor-open-lightbox=\"no\"><img loading=\"lazy\" decoding=\"async\" width=\"1703\" height=\"2560\" class=\"wp-image-83105\" src=\"https:\/\/hi-techwonder.com\/wp-content\/themes\/woodmart\/images\/lazy.svg\" data-src=\"https:\/\/hi-techwonder.com\/wp-content\/uploads\/2025\/08\/Black-Mist-1-scaled.jpg\" alt=\"\" srcset=\"\" data-srcset=\"https:\/\/hi-techwonder.com\/wp-content\/uploads\/2025\/08\/Black-Mist-1-scaled.jpg 1703w, https:\/\/hi-techwonder.com\/wp-content\/uploads\/2025\/08\/Black-Mist-1-200x300.jpg 200w, https:\/\/hi-techwonder.com\/wp-content\/uploads\/2025\/08\/Black-Mist-1-681x1024.jpg 681w, https:\/\/hi-techwonder.com\/wp-content\/uploads\/2025\/08\/Black-Mist-1-768x1154.jpg 768w, https:\/\/hi-techwonder.com\/wp-content\/uploads\/2025\/08\/Black-Mist-1-1022x1536.jpg 1022w, https:\/\/hi-techwonder.com\/wp-content\/uploads\/2025\/08\/Black-Mist-1-1363x2048.jpg 1363w, https:\/\/hi-techwonder.com\/wp-content\/uploads\/2025\/08\/Black-Mist-1-1200x1804.jpg 1200w, https:\/\/hi-techwonder.com\/wp-content\/uploads\/2025\/08\/Black-Mist-1-150x225.jpg 150w\" sizes=\"auto, (max-width: 1703px) 100vw, 1703px\" \/><\/a><figcaption>Con filtro Black Mist<\/figcaption><\/div><\/div>\n\n\n\n<div id=\"wd-f7721d12\" class=\"wp-block-wd-gallery-item wd-col photoswipe-images\"><div class=\"wd-block-image\"><a href=\"https:\/\/hi-techwonder.com\/wp-content\/uploads\/2025\/08\/BMD-1-scaled.jpg\" data-width=\"1703\" data-height=\"2560\" data-elementor-open-lightbox=\"no\"><img loading=\"lazy\" decoding=\"async\" width=\"1703\" height=\"2560\" class=\"wp-image-83107\" src=\"https:\/\/hi-techwonder.com\/wp-content\/themes\/woodmart\/images\/lazy.svg\" data-src=\"https:\/\/hi-techwonder.com\/wp-content\/uploads\/2025\/08\/BMD-1-scaled.jpg\" alt=\"\" srcset=\"\" data-srcset=\"https:\/\/hi-techwonder.com\/wp-content\/uploads\/2025\/08\/BMD-1-scaled.jpg 1703w, https:\/\/hi-techwonder.com\/wp-content\/uploads\/2025\/08\/BMD-1-200x300.jpg 200w, https:\/\/hi-techwonder.com\/wp-content\/uploads\/2025\/08\/BMD-1-681x1024.jpg 681w, https:\/\/hi-techwonder.com\/wp-content\/uploads\/2025\/08\/BMD-1-768x1154.jpg 768w, https:\/\/hi-techwonder.com\/wp-content\/uploads\/2025\/08\/BMD-1-1022x1536.jpg 1022w, https:\/\/hi-techwonder.com\/wp-content\/uploads\/2025\/08\/BMD-1-1363x2048.jpg 1363w, https:\/\/hi-techwonder.com\/wp-content\/uploads\/2025\/08\/BMD-1-1200x1803.jpg 1200w, https:\/\/hi-techwonder.com\/wp-content\/uploads\/2025\/08\/BMD-1-150x225.jpg 150w\" sizes=\"auto, (max-width: 1703px) 100vw, 1703px\" \/><\/a><figcaption>Con filtro Black Magic Diffusion<\/figcaption><\/div><\/div>\n\n\n\n<div id=\"wd-7edf826e\" class=\"wp-block-wd-gallery-item wd-col photoswipe-images\"><div class=\"wd-block-image\"><a href=\"https:\/\/hi-techwonder.com\/wp-content\/uploads\/2025\/08\/No-Filter-1-scaled.jpg\" data-width=\"1703\" data-height=\"2560\" data-elementor-open-lightbox=\"no\"><img loading=\"lazy\" decoding=\"async\" width=\"1703\" height=\"2560\" class=\"wp-image-83109\" src=\"https:\/\/hi-techwonder.com\/wp-content\/themes\/woodmart\/images\/lazy.svg\" data-src=\"https:\/\/hi-techwonder.com\/wp-content\/uploads\/2025\/08\/No-Filter-1-scaled.jpg\" alt=\"\" srcset=\"\" data-srcset=\"https:\/\/hi-techwonder.com\/wp-content\/uploads\/2025\/08\/No-Filter-1-scaled.jpg 1703w, https:\/\/hi-techwonder.com\/wp-content\/uploads\/2025\/08\/No-Filter-1-200x300.jpg 200w, https:\/\/hi-techwonder.com\/wp-content\/uploads\/2025\/08\/No-Filter-1-681x1024.jpg 681w, https:\/\/hi-techwonder.com\/wp-content\/uploads\/2025\/08\/No-Filter-1-768x1154.jpg 768w, https:\/\/hi-techwonder.com\/wp-content\/uploads\/2025\/08\/No-Filter-1-1022x1536.jpg 1022w, https:\/\/hi-techwonder.com\/wp-content\/uploads\/2025\/08\/No-Filter-1-1363x2048.jpg 1363w, https:\/\/hi-techwonder.com\/wp-content\/uploads\/2025\/08\/No-Filter-1-1200x1804.jpg 1200w, https:\/\/hi-techwonder.com\/wp-content\/uploads\/2025\/08\/No-Filter-1-150x225.jpg 150w\" sizes=\"auto, (max-width: 1703px) 100vw, 1703px\" \/><\/a><figcaption>Sin filtro<\/figcaption><\/div><\/div>\n<\/div>\n\n\n\n<p id=\"wd-ccdc67ee\" class=\"wp-block-wd-paragraph\">El <strong>NiSi Black Magic Diffusion JetMag Pro 1\/4<\/strong> lleva el arte de la difusi\u00f3n cinematogr\u00e1fica al ritmo acelerado de la producci\u00f3n moderna. Creado para cineastas, fot\u00f3grafos y creadores de contenido que buscan un look cinematogr\u00e1fico pulido sin comprometer la agilidad en el rodaje, este filtro combina la m\u00e1s avanzada tecnolog\u00eda h\u00edbrida de difusi\u00f3n de NiSi con la practicidad del sistema magn\u00e9tico JetMag Pro.<\/p>\n\n\n\n<p id=\"wd-6c7ce426\" class=\"wp-block-wd-paragraph\">A diferencia de los filtros tradicionales de <em>mist<\/em>, el Black Magic Diffusion suaviza las altas luces con precisi\u00f3n, creando un resplandor cinematogr\u00e1fico limpio y refinado, sin p\u00e9rdida de detalle. La piel se vuelve m\u00e1s suave y natural, manteniendo la nitidez en ojos y cabello \u2014 perfecto para entrevistas, retratos y producciones de belleza.<\/p>\n\n\n\n<p>Gracias a su construcci\u00f3n en vidrio \u00f3ptico de grado cinematogr\u00e1fico y al revestimiento nano de doble cara, el filtro preserva colores realistas, contraste equilibrado y evita la apariencia lavada, dif\u00edcil de corregir en postproducci\u00f3n. Adem\u00e1s, introduce un sutil efecto de pel\u00edcula vintage, con un toque nost\u00e1lgico y emocional que potencia narrativas visuales en cine, videoclips, bodas y publicidad.<\/p>\n\n\n\n<p>Ahora, en tres versiones:\u00a0<strong>67MAG<\/strong>, de 67mm,\u00a0<strong>82MAG<\/strong>, de 82mm, y\u00a0<strong>95MAG<\/strong>, de 95mm, haciendo el sistema compatible con a\u00fan m\u00e1s objetivos.<\/p>\n\n\n\n<div class=\"wp-block-media-text has-media-on-the-right is-stacked-on-mobile\"><div class=\"wp-block-media-text__content\">\n<p>Para cineastas y creadores que viven entre la prisa de la producci\u00f3n y la exigencia de la perfecci\u00f3n visual: el <strong>NiSi Black Magic Diffusion JetMag Pro 1\/4<\/strong> transforma cualquier escena en una aut\u00e9ntica pel\u00edcula, con la suavidad, la textura y el brillo cinematogr\u00e1fico que ninguna postproducci\u00f3n puede replicar<\/p>\n<\/div><figure class=\"wp-block-media-text__media\"><img decoding=\"async\" src=\"https:\/\/hi-techwonder.com\/wp-content\/themes\/woodmart\/images\/lazy.svg\" data-src=\"https:\/\/nisioptics.pt\/wp-content\/uploads\/2025\/08\/DSC00014-1024x683.jpg\" alt=\"\" class=\"wp-image-40668 size-full\"><\/figure><\/div>\n\n\n\n<h3 class=\"wp-block-heading\">Caracter\u00edsticas principales<\/h3>\n\n\n\n<ul class=\"wp-block-list\">\n<li>Suavizado de altas luces con <em>bloom<\/em> limpio y controlado<\/li>\n\n\n\n<li>Tonos de piel m\u00e1s suaves y naturales, ideales para primeros planos<\/li>\n\n\n\n<li>Preserva contraste y colores realistas sin p\u00e9rdida de saturaci\u00f3n<\/li>\n\n\n\n<li>Efecto vintage cinematogr\u00e1fico sutil con halation caracter\u00edstico<\/li>\n\n\n\n<li>Tecnolog\u00eda h\u00edbrida Nano-Lenslet + Black Mist<\/li>\n\n\n\n<li>Montaje r\u00e1pido con sistema magn\u00e9tico JetMag Pro + bloqueo<\/li>\n\n\n\n<li>Construcci\u00f3n en vidrio \u00f3ptico de grado cinematogr\u00e1fico<\/li>\n\n\n\n<li>Revestimiento nano de doble cara: antirreflejos, resistente al agua, grasa y polvo<\/li>\n<\/ul>\n\n\n\n<div id=\"wd-de5f17a1\" class=\"wp-block-wd-video wd-el-video wd-action-without wd-video-external wd-with-aspect-ratio wd-custom-width\"><iframe allowfullscreen allow=\"accelerometer; autoplay; encrypted-media; gyroscope; picture-in-picture\" width=\"100%\" height=\"100%\" loading=\"lazy\" src=\"https:\/\/www.youtube.com\/embed\/ZI67uDxDla0?feature=oembed&amp;controls=1\"><\/iframe><\/div>\n\n\n\n<div id=\"wd-3c5596e1\" class=\"wp-block-wd-accordion wd-accordion wd-style-default wd-titles-start wd-opener-style-arrow wd-opener-pos-end\" data-state=\"first\">\n<div id=\"wd-8eb00d10\" class=\"wp-block-wd-accordion-pane wd-accordion-item\"><div class=\"wd-accordion-title wd-role-btn wd-active\" tabindex=\"0\"><div class=\"wd-accordion-title-text\"><span>Caracter\u00edsticas principales de JetMag Pro<\/span><\/div><span class=\"wd-accordion-opener\"><\/span><\/div><div class=\"wd-accordion-content wd-active\"><div class=\"wd-accordion-content-inner\">\n<p id=\"wd-b0578756\" class=\"wp-block-wd-paragraph\">Presentamos el nuevo sistema NiSi JetMag Pro, un sistema de filtros magn\u00e9ticos que redefinir\u00e1 tu experiencia con este tipo de sistemas.<\/p>\n\n\n\n<ul class=\"wp-block-list\">\n<li><strong>Velocidad magn\u00e9tica en un abrir y cerrar de ojos:<\/strong> Los filtros JetMag Pro permiten una instalaci\u00f3n y retirada r\u00e1pida, gracias a su dise\u00f1o magn\u00e9tico.<\/li>\n\n\n\n<li><strong>Retirada r\u00e1pida y c\u00f3moda:<\/strong> Equipados con dos peque\u00f1as palancas, estos filtros pueden retirarse de manera c\u00f3moda y r\u00e1pida.<\/li>\n\n\n\n<li><strong>Identificaci\u00f3n f\u00e1cil:<\/strong> Las palancas multicolores ayudan a identificar r\u00e1pidamente los diferentes filtros de tu kit.<\/li>\n<\/ul>\n\n\n\n<p id=\"wd-cde2d376\" class=\"wp-block-wd-paragraph\"><\/p>\n\n\n\n<figure class=\"wp-block-gallery has-nested-images columns-4 is-cropped wp-block-gallery-1 is-layout-flex wp-block-gallery-is-layout-flex\">\n<figure class=\"wp-block-image size-large\"><img decoding=\"async\" data-id=\"30560\" src=\"https:\/\/hi-techwonder.com\/wp-content\/themes\/woodmart\/images\/lazy.svg\" data-src=\"https:\/\/nisioptics.pt\/wp-content\/uploads\/2024\/10\/DSC02916xiu.jpg\" alt=\"\" class=\"wp-image-30560\"><\/figure>\n\n\n\n<figure class=\"wp-block-image size-large\"><img decoding=\"async\" data-id=\"30558\" src=\"https:\/\/hi-techwonder.com\/wp-content\/themes\/woodmart\/images\/lazy.svg\" data-src=\"https:\/\/nisioptics.pt\/wp-content\/uploads\/2024\/10\/DSC02899xiu.jpg\" alt=\"\" class=\"wp-image-30558\"><\/figure>\n\n\n\n<figure class=\"wp-block-image size-large\"><img decoding=\"async\" data-id=\"30556\" src=\"https:\/\/hi-techwonder.com\/wp-content\/themes\/woodmart\/images\/lazy.svg\" data-src=\"https:\/\/nisioptics.pt\/wp-content\/uploads\/2024\/10\/DSC02896.jpg\" alt=\"\" class=\"wp-image-30556\"><\/figure>\n\n\n\n<figure class=\"wp-block-image size-large\"><img decoding=\"async\" data-id=\"30554\" src=\"https:\/\/hi-techwonder.com\/wp-content\/themes\/woodmart\/images\/lazy.svg\" data-src=\"https:\/\/nisioptics.pt\/wp-content\/uploads\/2024\/10\/DSC02895.jpg\" alt=\"\" class=\"wp-image-30554\"><\/figure>\n<\/figure>\n\n\n\n<div id=\"wd-fb2811b8\" class=\"wp-block-wd-container wd-dir-col\">\n<p id=\"wd-eb11dcb2\" class=\"wp-block-wd-paragraph\"><strong>Girar, Bloquear y Estabilidad:<\/strong> El dise\u00f1o de bloqueo patentado garantiza estabilidad al girar la peque\u00f1a palanca a la posici\u00f3n marcada, asegurando varios filtros en su lugar de forma segura.<\/p>\n\n\n\n<p><strong>Bloqueo de m\u00faltiples filtros:<\/strong> Apila y bloquea varios filtros de manera segura sin comprometer la estabilidad.<\/p>\n<\/div>\n\n\n\n<figure class=\"wp-block-gallery has-nested-images columns-default is-cropped wp-block-gallery-2 is-layout-flex wp-block-gallery-is-layout-flex\">\n<figure class=\"wp-block-image size-large\"><img decoding=\"async\" data-id=\"30552\" src=\"https:\/\/hi-techwonder.com\/wp-content\/themes\/woodmart\/images\/lazy.svg\" data-src=\"https:\/\/nisioptics.pt\/wp-content\/uploads\/2024\/10\/steady.jpg\" alt=\"\" class=\"wp-image-30552\"><\/figure>\n\n\n\n<figure class=\"wp-block-image size-large\"><img decoding=\"async\" data-id=\"30546\" src=\"https:\/\/hi-techwonder.com\/wp-content\/themes\/woodmart\/images\/lazy.svg\" data-src=\"https:\/\/nisioptics.pt\/wp-content\/uploads\/2024\/10\/unlock.jpg\" alt=\"\" class=\"wp-image-30546\"><\/figure>\n\n\n\n<figure class=\"wp-block-image size-large\"><img decoding=\"async\" data-id=\"30544\" src=\"https:\/\/hi-techwonder.com\/wp-content\/themes\/woodmart\/images\/lazy.svg\" data-src=\"https:\/\/nisioptics.pt\/wp-content\/uploads\/2024\/10\/lock.jpg\" alt=\"\" class=\"wp-image-30544\"><\/figure>\n<\/figure>\n\n\n\n<div id=\"wd-7c284a45\" class=\"wp-block-wd-container wd-dir-col\">\n<div id=\"wd-aa6307c9\" class=\"wp-block-wd-container wd-dir-col\">\n<ul id=\"wd-d0235c6d\" class=\"wp-block-wd-list wd-list wd-type-unordered wd-style-default\">\n<li id=\"wd-8e418b6a\" class=\"wp-block-wd-list-item\"><div class=\"wd-icon\"><\/div><span class=\"wd-list-content\"><strong>Montura ultrafina para objetivos gran angular:<\/strong> Dise\u00f1ado para ser ultrafino, el JetMag Pro permite el uso de dos filtros en objetivos con una distancia focal de 15 mm sin causar vi\u00f1eteo.<\/span><\/li>\n\n\n\n<li id=\"wd-2b03d113\" class=\"wp-block-wd-list-item\"><div class=\"wd-icon\"><\/div><span class=\"wd-list-content\"><strong>Adaptable a varias lentes:<\/strong> Compatible con diferentes lentes de rosca mediante adaptadores.<\/span><\/li>\n\n\n\n<li id=\"wd-e797dbac\" class=\"wp-block-wd-list-item\"><div class=\"wd-icon\"><\/div><span class=\"wd-list-content\"><strong>Tapas de lentes met\u00e1licas protectoras:<\/strong> Las tapas met\u00e1licas delanteras y traseras pueden instalarse y retirarse r\u00e1pidamente, ofreciendo protecci\u00f3n a filtros y lentes.<\/span><\/li>\n\n\n\n<li id=\"wd-a7edc6bc\" class=\"wp-block-wd-list-item\"><div class=\"wd-icon\"><\/div><span class=\"wd-list-content\"><strong>Amplia gama de filtros para cada escena:<\/strong> Elige entre una variedad de filtros dise\u00f1ados para paisajes, retratos, paisajes nocturnos, v\u00eddeo y cine.<\/span><\/li>\n\n\n\n<li id=\"wd-864ecf8b\" class=\"wp-block-wd-list-item\"><div class=\"wd-icon\"><\/div><span class=\"wd-list-content\"><strong>Nano-revestimiento de bajo reflejo:<\/strong> Presenta un nano-revestimiento antirreflejo que reduce eficazmente el deslumbramiento, incluso al apilar varios filtros.<\/span><\/li>\n<\/ul>\n<\/div>\n<\/div>\n\n\n\n<figure class=\"wp-block-gallery has-nested-images columns-4 is-cropped wp-block-gallery-3 is-layout-flex wp-block-gallery-is-layout-flex\">\n<figure class=\"wp-block-image size-large\"><img decoding=\"async\" data-id=\"30568\" src=\"https:\/\/hi-techwonder.com\/wp-content\/themes\/woodmart\/images\/lazy.svg\" data-src=\"https:\/\/nisioptics.pt\/wp-content\/uploads\/2024\/10\/DSC03332.jpg\" alt=\"\" class=\"wp-image-30568\"><\/figure>\n\n\n\n<figure class=\"wp-block-image size-large\"><img decoding=\"async\" data-id=\"30566\" src=\"https:\/\/hi-techwonder.com\/wp-content\/themes\/woodmart\/images\/lazy.svg\" data-src=\"https:\/\/nisioptics.pt\/wp-content\/uploads\/2024\/10\/DSC03314.jpg\" alt=\"\" class=\"wp-image-30566\"><\/figure>\n\n\n\n<figure class=\"wp-block-image size-large\"><img decoding=\"async\" data-id=\"30564\" src=\"https:\/\/hi-techwonder.com\/wp-content\/themes\/woodmart\/images\/lazy.svg\" data-src=\"https:\/\/nisioptics.pt\/wp-content\/uploads\/2024\/10\/DSC03282.jpg\" alt=\"\" class=\"wp-image-30564\"><\/figure>\n\n\n\n<figure class=\"wp-block-image size-large\"><img decoding=\"async\" data-id=\"30562\" src=\"https:\/\/hi-techwonder.com\/wp-content\/themes\/woodmart\/images\/lazy.svg\" data-src=\"https:\/\/nisioptics.pt\/wp-content\/uploads\/2024\/10\/DSC03195.jpg\" alt=\"\" class=\"wp-image-30562\"><\/figure>\n<\/figure>\n<\/div><\/div><\/div>\n\n\n\n<div id=\"wd-1c09abe4\" class=\"wp-block-wd-accordion-pane wd-accordion-item\"><div class=\"wd-accordion-title wd-role-btn\" tabindex=\"0\"><div class=\"wd-accordion-title-text\"><span><strong>\u00bfC\u00f3mo utilizar los filtros JetMag Pro?<\/strong><\/span><\/div><span class=\"wd-accordion-opener\"><\/span><\/div><div class=\"wd-accordion-content\"><div class=\"wd-accordion-content-inner\">\n<h2 id=\"wd-cd30dacc\" class=\"wp-block-wd-title title\"><strong>\u00bfC\u00f3mo bloquear los filtros JetMag Pro?<\/strong><\/h2>\n\n\n\n<p id=\"wd-7dc16f8f\" class=\"wp-block-wd-paragraph\"><strong>Bloqueo de un solo filtro:<\/strong> Instala un filtro con las palancas a 45 grados de las l\u00edneas blancas en el adaptador. Gira las peque\u00f1as palancas hasta que se alineen con la l\u00ednea de bloqueo blanca. Una vez alineado, el filtro queda bloqueado de manera segura y no puede retirarse.<\/p>\n\n\n\n<p><strong>Bloqueo de m\u00faltiples filtros:<\/strong> Instala varios filtros con las palancas a 45 grados de las l\u00edneas blancas en los adaptadores. Alinea las peque\u00f1as palancas de cada soporte de filtro y g\u00edralas conjuntamente para que coincidan con la l\u00ednea de bloqueo blanca en el adaptador. Cuando las palancas est\u00e1n alineadas, los filtros quedan firmemente sujetos entre s\u00ed.<\/p>\n\n\n\n<h2 id=\"wd-364eaedc\" class=\"wp-block-wd-title title\"><strong>\u00bfC\u00f3mo desbloquear los filtros JetMag Pro?<\/strong><\/h2>\n\n\n\n<p id=\"wd-ef17f1f3\" class=\"wp-block-wd-paragraph\"><strong>Desbloqueo de un solo filtro:<\/strong> Gira las peque\u00f1as palancas 45 grados alej\u00e1ndolas de la l\u00ednea de bloqueo blanca en el adaptador. Esto desbloquear\u00e1 el filtro, permitiendo que se retire.<\/p>\n\n\n\n<p><strong>Desbloqueo de m\u00faltiples filtros:<\/strong> Gira la peque\u00f1a palanca del filtro trasero conectado al adaptador 45 grados desde las l\u00edneas de bloqueo blancas que indican el bloqueo. Esto desbloquear\u00e1 los filtros apilados, permitiendo que se desmonten juntos. Al girar las palancas de cada filtro 45 grados, se desbloquean y pueden retirarse.<\/p>\n<\/div><\/div><\/div>\n\n\n\n<div id=\"wd-27d6f98b\" class=\"wp-block-wd-accordion-pane wd-accordion-item\"><div class=\"wd-accordion-title wd-role-btn\" tabindex=\"0\"><div class=\"wd-accordion-title-text\"><span><strong>Prueba de vi\u00f1eteo<\/strong><\/span><\/div><span class=\"wd-accordion-opener\"><\/span><\/div><div class=\"wd-accordion-content\"><div class=\"wd-accordion-content-inner\">\n<p id=\"wd-eefd086b\" class=\"wp-block-wd-paragraph\"><strong>Canon RF 15-35mm F2.8L IS USM<\/strong><\/p>\n\n\n\n<figure class=\"wp-block-gallery has-nested-images columns-default is-cropped wp-block-gallery-4 is-layout-flex wp-block-gallery-is-layout-flex\">\n<figure class=\"wp-block-image size-large\"><img decoding=\"async\" data-id=\"30538\" src=\"https:\/\/hi-techwonder.com\/wp-content\/themes\/woodmart\/images\/lazy.svg\" data-src=\"https:\/\/nisioptics.pt\/wp-content\/uploads\/2024\/10\/3-filtros.jpg\" alt=\"\" class=\"wp-image-30538\"><\/figure>\n\n\n\n<figure class=\"wp-block-image size-large\"><img decoding=\"async\" data-id=\"30536\" src=\"https:\/\/hi-techwonder.com\/wp-content\/themes\/woodmart\/images\/lazy.svg\" data-src=\"https:\/\/nisioptics.pt\/wp-content\/uploads\/2024\/10\/2-filtros.jpg\" alt=\"\" class=\"wp-image-30536\"><\/figure>\n\n\n\n<figure class=\"wp-block-image size-large\"><img decoding=\"async\" data-id=\"30534\" src=\"https:\/\/hi-techwonder.com\/wp-content\/themes\/woodmart\/images\/lazy.svg\" data-src=\"https:\/\/nisioptics.pt\/wp-content\/uploads\/2024\/10\/0-filtros.jpg\" alt=\"\" class=\"wp-image-30534\"><\/figure>\n<\/figure>\n\n\n\n<p id=\"wd-e4766f24\" class=\"wp-block-wd-paragraph\"><strong>Sony FE 16-35 mm F2.8 GM II<\/strong><\/p>\n\n\n\n<figure class=\"wp-block-gallery has-nested-images columns-default is-cropped wp-block-gallery-5 is-layout-flex wp-block-gallery-is-layout-flex\">\n<figure class=\"wp-block-image size-large\"><img decoding=\"async\" data-id=\"30540\" src=\"https:\/\/hi-techwonder.com\/wp-content\/themes\/woodmart\/images\/lazy.svg\" data-src=\"https:\/\/nisioptics.pt\/wp-content\/uploads\/2024\/10\/0-filtros-1.jpg\" alt=\"\" class=\"wp-image-30540\"><\/figure>\n\n\n\n<figure class=\"wp-block-image size-large\"><img decoding=\"async\" data-id=\"30542\" src=\"https:\/\/hi-techwonder.com\/wp-content\/themes\/woodmart\/images\/lazy.svg\" data-src=\"https:\/\/nisioptics.pt\/wp-content\/uploads\/2024\/10\/2-filtros-1.jpg\" alt=\"\" class=\"wp-image-30542\"><\/figure>\n<\/figure>\n<\/div><\/div><\/div>\n<\/div>\n","protected":false},"excerpt":{"rendered":"<ul>\n<li data-start=\"222\" data-end=\"308\">Difusi\u00f3n cinematogr\u00e1fica precisa con efecto de <em data-start=\"269\" data-end=\"276\">bloom<\/em> controlado en las altas luces<\/li>\n<li data-start=\"311\" data-end=\"382\">Tonos de piel suaves y naturales, ideales para retratos y entrevistas<\/li>\n<li data-start=\"385\" data-end=\"448\">Preserva contraste y saturaci\u00f3n del color sin lavar la imagen<\/li>\n<li data-start=\"451\" data-end=\"523\">Est\u00e9tica vintage con halation sutil y un toque nost\u00e1lgico de celuloide<\/li>\n<li data-start=\"526\" data-end=\"596\">Tecnolog\u00eda h\u00edbrida Nano-Lenslet + Black Mist para una suavidad \u00fanica<\/li>\n<li data-start=\"599\" data-end=\"659\">Montura magn\u00e9tica JetMag Pro con sistema de bloqueo seguro<\/li>\n<li data-start=\"662\" data-end=\"720\">Construcci\u00f3n en vidrio \u00f3ptico de calidad cinematogr\u00e1fica<\/li>\n<li data-start=\"723\" data-end=\"801\">Revestimiento nano de doble cara, resistente a reflejos, agua, grasa y polvo<\/li>\n<li>Ahora, en tres versiones:\u00a0<strong>67MAG<\/strong>, de 67mm,\u00a0<strong>82MAG<\/strong>, de 82mm, y\u00a0<strong>95MAG<\/strong>, de 95mm, haciendo el sistema compatible con a\u00fan m\u00e1s objetivos.<\/li>\n<li data-start=\"723\" data-end=\"801\">\u00a0<\/li>\n<\/ul>\n","protected":false},"featured_media":83170,"comment_status":"open","ping_status":"closed","template":"","meta":{"_acf_changed":false},"product_brand":[2543],"product_cat":[1049],"product_tag":[],"class_list":{"0":"post-83177","1":"product","2":"type-product","3":"status-publish","4":"has-post-thumbnail","6":"product_brand-nisioptics-es","7":"product_cat-magneticos-y-presion","9":"first","10":"instock","11":"taxable","12":"shipping-taxable","13":"purchasable","14":"product-type-variable"},"bundled_by":[],"bundle_stock_status":"instock","bundle_stock_quantity":null,"bundle_virtual":false,"bundle_layout":"","bundle_add_to_cart_form_location":"","bundle_editable_in_cart":false,"bundle_sold_individually_context":"","bundle_item_grouping":"","bundle_min_size":"","bundle_max_size":"","bundle_price":[],"bundled_items":[],"bundle_sell_ids":[],"acf":[],"_links":{"self":[{"href":"https:\/\/hi-techwonder.com\/es\/wp-json\/wp\/v2\/product\/83177","targetHints":{"allow":["GET"]}}],"collection":[{"href":"https:\/\/hi-techwonder.com\/es\/wp-json\/wp\/v2\/product"}],"about":[{"href":"https:\/\/hi-techwonder.com\/es\/wp-json\/wp\/v2\/types\/product"}],"replies":[{"embeddable":true,"href":"https:\/\/hi-techwonder.com\/es\/wp-json\/wp\/v2\/comments?post=83177"}],"wp:featuredmedia":[{"embeddable":true,"href":"https:\/\/hi-techwonder.com\/es\/wp-json\/wp\/v2\/media\/83170"}],"wp:attachment":[{"href":"https:\/\/hi-techwonder.com\/es\/wp-json\/wp\/v2\/media?parent=83177"}],"wp:term":[{"taxonomy":"product_brand","embeddable":true,"href":"https:\/\/hi-techwonder.com\/es\/wp-json\/wp\/v2\/product_brand?post=83177"},{"taxonomy":"product_cat","embeddable":true,"href":"https:\/\/hi-techwonder.com\/es\/wp-json\/wp\/v2\/product_cat?post=83177"},{"taxonomy":"product_tag","embeddable":true,"href":"https:\/\/hi-techwonder.com\/es\/wp-json\/wp\/v2\/product_tag?post=83177"}],"curies":[{"name":"wp","href":"https:\/\/api.w.org\/{rel}","templated":true}]}}