{"id":83205,"date":"2025-08-28T12:04:35","date_gmt":"2025-08-28T12:04:35","guid":{"rendered":"https:\/\/hi-techwonder.com\/?post_type=product&#038;p=83205"},"modified":"2026-04-22T14:47:54","modified_gmt":"2026-04-22T13:47:54","slug":"kf-concept-kf08-045-soprador-de-ar-para-limpeza","status":"publish","type":"product","link":"https:\/\/hi-techwonder.com\/es\/producto\/kf-concept-kf08-045-soprador-de-ar-para-limpeza\/","title":{"rendered":"K&#038;F CONCEPT KF08.045 Soprador de Ar para Limpeza"},"content":{"rendered":"\n<h2 class=\"wp-block-heading\">K&amp;F CONCEPT KF08.045 Soprador de Ar para Limpeza<\/h2>\n\n\n\n<p id=\"wd-1fb29245\" class=\"wp-block-wd-paragraph\">El <strong>K&amp;F CONCEPT KF08.045<\/strong> es un soplador de aire profesional dise\u00f1ado para ofrecer una limpieza segura y eficaz de equipos fotogr\u00e1ficos, electr\u00f3nicos y \u00f3pticos. Su <strong>boquilla larga<\/strong> permite alcanzar espacios estrechos, como compartimentos de bater\u00eda, sensores DSLR, lentes, teclados o telescopios, eliminando polvo y part\u00edculas sin contacto directo.<\/p>\n\n\n\n<p>Fabricado en goma sint\u00e9tica y pl\u00e1stico de alta calidad, este soplador es ecol\u00f3gico, no t\u00f3xico y extremadamente duradero, resistente al desgaste y al envejecimiento. Su dise\u00f1o ergon\u00f3mico proporciona un agarre c\u00f3modo y un retorno de aire r\u00e1pido, asegurando una experiencia de uso fiable y sin esfuerzo. Compacto y ligero, es ideal para fot\u00f3grafos y creadores de contenido que necesitan mantener su equipo limpio tanto en estudio como en exteriores.<\/p>\n\n\n\n<div class=\"wp-block-media-text has-media-on-the-right is-stacked-on-mobile\"><div class=\"wp-block-media-text__content\">\n<p>Perfecto para fot\u00f3grafos, vide\u00f3grafos, t\u00e9cnicos de mantenimiento y usuarios que requieren una herramienta port\u00e1til y segura para mantener c\u00e1maras, lentes, sensores y equipos electr\u00f3nicos libres de polvo e impurezas.<\/p>\n<\/div><figure class=\"wp-block-media-text__media\"><img loading=\"lazy\" decoding=\"async\" width=\"1014\" height=\"1024\" src=\"https:\/\/hi-techwonder.com\/wp-content\/themes\/woodmart\/images\/lazy.svg\" data-src=\"https:\/\/hi-techwonder.com\/wp-content\/uploads\/2025\/08\/61o5TnTnDTL._AC_SL1500_-1014x1024.jpg\" alt=\"\" class=\"wp-image-83210 size-full\" srcset=\"\" data-srcset=\"https:\/\/hi-techwonder.com\/wp-content\/uploads\/2025\/08\/61o5TnTnDTL._AC_SL1500_-1014x1024.jpg 1014w, https:\/\/hi-techwonder.com\/wp-content\/uploads\/2025\/08\/61o5TnTnDTL._AC_SL1500_-297x300.jpg 297w, https:\/\/hi-techwonder.com\/wp-content\/uploads\/2025\/08\/61o5TnTnDTL._AC_SL1500_-150x151.jpg 150w, https:\/\/hi-techwonder.com\/wp-content\/uploads\/2025\/08\/61o5TnTnDTL._AC_SL1500_-768x776.jpg 768w, https:\/\/hi-techwonder.com\/wp-content\/uploads\/2025\/08\/61o5TnTnDTL._AC_SL1500_-1200x1212.jpg 1200w, https:\/\/hi-techwonder.com\/wp-content\/uploads\/2025\/08\/61o5TnTnDTL._AC_SL1500_.jpg 1304w\" sizes=\"auto, (max-width: 1014px) 100vw, 1014px\" \/><\/figure><\/div>\n\n\n\n<div class=\"wp-block-media-text is-stacked-on-mobile\"><figure class=\"wp-block-media-text__media\"><img loading=\"lazy\" decoding=\"async\" width=\"1024\" height=\"957\" src=\"https:\/\/hi-techwonder.com\/wp-content\/themes\/woodmart\/images\/lazy.svg\" data-src=\"https:\/\/hi-techwonder.com\/wp-content\/uploads\/2025\/08\/710ecN-svPL._AC_SL1500_-1-1024x957.jpg\" alt=\"\" class=\"wp-image-83212 size-full\" srcset=\"\" data-srcset=\"https:\/\/hi-techwonder.com\/wp-content\/uploads\/2025\/08\/710ecN-svPL._AC_SL1500_-1-1024x957.jpg 1024w, https:\/\/hi-techwonder.com\/wp-content\/uploads\/2025\/08\/710ecN-svPL._AC_SL1500_-1-300x280.jpg 300w, https:\/\/hi-techwonder.com\/wp-content\/uploads\/2025\/08\/710ecN-svPL._AC_SL1500_-1-768x718.jpg 768w, https:\/\/hi-techwonder.com\/wp-content\/uploads\/2025\/08\/710ecN-svPL._AC_SL1500_-1-1200x1122.jpg 1200w, https:\/\/hi-techwonder.com\/wp-content\/uploads\/2025\/08\/710ecN-svPL._AC_SL1500_-1-150x140.jpg 150w, https:\/\/hi-techwonder.com\/wp-content\/uploads\/2025\/08\/710ecN-svPL._AC_SL1500_-1.jpg 1424w\" sizes=\"auto, (max-width: 1024px) 100vw, 1024px\" \/><\/figure><div class=\"wp-block-media-text__content\">\n<h3 id=\"wd-d8566b5a\" class=\"wp-block-wd-title title\">CONTENIDO DEL PAQUETE<\/h3>\n\n\n\n<p id=\"wd-a448d723\" class=\"wp-block-wd-paragraph\">. 1x Soplador de aire K&amp;F CONCEPT KF08.045<\/p>\n<\/div><\/div>\n\n\n\n<div class=\"wp-block-media-text has-media-on-the-right is-stacked-on-mobile\"><div class=\"wp-block-media-text__content\">\n<p>. Boquilla larga que alcanza espacios estrechos y zonas dif\u00edciles<br>. Material de goma sint\u00e9tica y pl\u00e1stico de alta calidad, ecol\u00f3gico y resistente<br>. Alto caudal de aire para limpieza eficiente sin necesidad de contacto f\u00edsico<br>. Dise\u00f1o ergon\u00f3mico que proporciona un agarre c\u00f3modo y seguro<br>. Ligero y compacto, perfecto para transporte en bolsos o mochilas de equipo<br>. Retorno de aire r\u00e1pido y fiable para m\u00faltiples usos consecutivos<br>. Resistente al envejecimiento y desgaste por uso continuado<br>. Compatible con c\u00e1maras DSLR, sensores, teclados, telescopios y m\u00e1s<\/p>\n<\/div><figure class=\"wp-block-media-text__media\"><img loading=\"lazy\" decoding=\"async\" width=\"1014\" height=\"1024\" src=\"https:\/\/hi-techwonder.com\/wp-content\/themes\/woodmart\/images\/lazy.svg\" data-src=\"https:\/\/hi-techwonder.com\/wp-content\/uploads\/2025\/08\/61VcYrvelhL._AC_SL1500_-1014x1024.jpg\" alt=\"\" class=\"wp-image-83215 size-full\" srcset=\"\" data-srcset=\"https:\/\/hi-techwonder.com\/wp-content\/uploads\/2025\/08\/61VcYrvelhL._AC_SL1500_-1014x1024.jpg 1014w, https:\/\/hi-techwonder.com\/wp-content\/uploads\/2025\/08\/61VcYrvelhL._AC_SL1500_-297x300.jpg 297w, https:\/\/hi-techwonder.com\/wp-content\/uploads\/2025\/08\/61VcYrvelhL._AC_SL1500_-150x151.jpg 150w, https:\/\/hi-techwonder.com\/wp-content\/uploads\/2025\/08\/61VcYrvelhL._AC_SL1500_-768x776.jpg 768w, https:\/\/hi-techwonder.com\/wp-content\/uploads\/2025\/08\/61VcYrvelhL._AC_SL1500_-1200x1212.jpg 1200w, https:\/\/hi-techwonder.com\/wp-content\/uploads\/2025\/08\/61VcYrvelhL._AC_SL1500_.jpg 1304w\" sizes=\"auto, (max-width: 1014px) 100vw, 1014px\" \/><\/figure><\/div>\n\n\n\n<figure class=\"wp-block-gallery has-nested-images columns-default is-cropped wp-block-gallery-1 is-layout-flex wp-block-gallery-is-layout-flex\">\n<figure class=\"wp-block-image size-large\"><img loading=\"lazy\" decoding=\"async\" width=\"1014\" height=\"1024\" data-id=\"83217\" src=\"https:\/\/hi-techwonder.com\/wp-content\/themes\/woodmart\/images\/lazy.svg\" data-src=\"https:\/\/hi-techwonder.com\/wp-content\/uploads\/2025\/08\/61JqMgDwdnL._AC_SL1500_-1014x1024.jpg\" alt=\"\" class=\"wp-image-83217\" srcset=\"\" data-srcset=\"https:\/\/hi-techwonder.com\/wp-content\/uploads\/2025\/08\/61JqMgDwdnL._AC_SL1500_-1014x1024.jpg 1014w, https:\/\/hi-techwonder.com\/wp-content\/uploads\/2025\/08\/61JqMgDwdnL._AC_SL1500_-297x300.jpg 297w, https:\/\/hi-techwonder.com\/wp-content\/uploads\/2025\/08\/61JqMgDwdnL._AC_SL1500_-150x151.jpg 150w, https:\/\/hi-techwonder.com\/wp-content\/uploads\/2025\/08\/61JqMgDwdnL._AC_SL1500_-768x776.jpg 768w, https:\/\/hi-techwonder.com\/wp-content\/uploads\/2025\/08\/61JqMgDwdnL._AC_SL1500_-1200x1212.jpg 1200w, https:\/\/hi-techwonder.com\/wp-content\/uploads\/2025\/08\/61JqMgDwdnL._AC_SL1500_.jpg 1304w\" sizes=\"auto, (max-width: 1014px) 100vw, 1014px\" \/><\/figure>\n\n\n\n<figure class=\"wp-block-image size-large\"><img loading=\"lazy\" decoding=\"async\" width=\"1014\" height=\"1024\" data-id=\"83225\" src=\"https:\/\/hi-techwonder.com\/wp-content\/themes\/woodmart\/images\/lazy.svg\" data-src=\"https:\/\/hi-techwonder.com\/wp-content\/uploads\/2025\/08\/61o5TnTnDTL._AC_SL1500_-1-1014x1024.jpg\" alt=\"\" class=\"wp-image-83225\" srcset=\"\" data-srcset=\"https:\/\/hi-techwonder.com\/wp-content\/uploads\/2025\/08\/61o5TnTnDTL._AC_SL1500_-1-1014x1024.jpg 1014w, https:\/\/hi-techwonder.com\/wp-content\/uploads\/2025\/08\/61o5TnTnDTL._AC_SL1500_-1-297x300.jpg 297w, https:\/\/hi-techwonder.com\/wp-content\/uploads\/2025\/08\/61o5TnTnDTL._AC_SL1500_-1-150x151.jpg 150w, https:\/\/hi-techwonder.com\/wp-content\/uploads\/2025\/08\/61o5TnTnDTL._AC_SL1500_-1-768x776.jpg 768w, https:\/\/hi-techwonder.com\/wp-content\/uploads\/2025\/08\/61o5TnTnDTL._AC_SL1500_-1-1200x1212.jpg 1200w, https:\/\/hi-techwonder.com\/wp-content\/uploads\/2025\/08\/61o5TnTnDTL._AC_SL1500_-1.jpg 1304w\" sizes=\"auto, (max-width: 1014px) 100vw, 1014px\" \/><\/figure>\n\n\n\n<figure class=\"wp-block-image size-large\"><img loading=\"lazy\" decoding=\"async\" width=\"1014\" height=\"1024\" data-id=\"83219\" src=\"https:\/\/hi-techwonder.com\/wp-content\/themes\/woodmart\/images\/lazy.svg\" data-src=\"https:\/\/hi-techwonder.com\/wp-content\/uploads\/2025\/08\/61VcYrvelhL._AC_SL1500_-1-1014x1024.jpg\" alt=\"\" class=\"wp-image-83219\" srcset=\"\" data-srcset=\"https:\/\/hi-techwonder.com\/wp-content\/uploads\/2025\/08\/61VcYrvelhL._AC_SL1500_-1-1014x1024.jpg 1014w, https:\/\/hi-techwonder.com\/wp-content\/uploads\/2025\/08\/61VcYrvelhL._AC_SL1500_-1-297x300.jpg 297w, https:\/\/hi-techwonder.com\/wp-content\/uploads\/2025\/08\/61VcYrvelhL._AC_SL1500_-1-150x151.jpg 150w, https:\/\/hi-techwonder.com\/wp-content\/uploads\/2025\/08\/61VcYrvelhL._AC_SL1500_-1-768x776.jpg 768w, https:\/\/hi-techwonder.com\/wp-content\/uploads\/2025\/08\/61VcYrvelhL._AC_SL1500_-1-1200x1212.jpg 1200w, https:\/\/hi-techwonder.com\/wp-content\/uploads\/2025\/08\/61VcYrvelhL._AC_SL1500_-1.jpg 1304w\" sizes=\"auto, (max-width: 1014px) 100vw, 1014px\" \/><\/figure>\n\n\n\n<figure class=\"wp-block-image size-large\"><img loading=\"lazy\" decoding=\"async\" width=\"1015\" height=\"1024\" data-id=\"83227\" src=\"https:\/\/hi-techwonder.com\/wp-content\/themes\/woodmart\/images\/lazy.svg\" data-src=\"https:\/\/hi-techwonder.com\/wp-content\/uploads\/2025\/08\/71c1TfLz-8L._AC_SL1500_-1015x1024.jpg\" alt=\"\" class=\"wp-image-83227\" srcset=\"\" data-srcset=\"https:\/\/hi-techwonder.com\/wp-content\/uploads\/2025\/08\/71c1TfLz-8L._AC_SL1500_-1015x1024.jpg 1015w, https:\/\/hi-techwonder.com\/wp-content\/uploads\/2025\/08\/71c1TfLz-8L._AC_SL1500_-297x300.jpg 297w, https:\/\/hi-techwonder.com\/wp-content\/uploads\/2025\/08\/71c1TfLz-8L._AC_SL1500_-150x151.jpg 150w, https:\/\/hi-techwonder.com\/wp-content\/uploads\/2025\/08\/71c1TfLz-8L._AC_SL1500_-768x775.jpg 768w, https:\/\/hi-techwonder.com\/wp-content\/uploads\/2025\/08\/71c1TfLz-8L._AC_SL1500_-1200x1211.jpg 1200w, https:\/\/hi-techwonder.com\/wp-content\/uploads\/2025\/08\/71c1TfLz-8L._AC_SL1500_.jpg 1305w\" sizes=\"auto, (max-width: 1015px) 100vw, 1015px\" \/><\/figure>\n\n\n\n<figure class=\"wp-block-image size-large\"><img loading=\"lazy\" decoding=\"async\" width=\"364\" height=\"1024\" data-id=\"83221\" src=\"https:\/\/hi-techwonder.com\/wp-content\/themes\/woodmart\/images\/lazy.svg\" data-src=\"https:\/\/hi-techwonder.com\/wp-content\/uploads\/2025\/08\/519IXAjLZL._AC_SL1500_-364x1024.jpg\" alt=\"\" class=\"wp-image-83221\" srcset=\"\" data-srcset=\"https:\/\/hi-techwonder.com\/wp-content\/uploads\/2025\/08\/519IXAjLZL._AC_SL1500_-364x1024.jpg 364w, https:\/\/hi-techwonder.com\/wp-content\/uploads\/2025\/08\/519IXAjLZL._AC_SL1500_-107x300.jpg 107w, https:\/\/hi-techwonder.com\/wp-content\/uploads\/2025\/08\/519IXAjLZL._AC_SL1500_-150x422.jpg 150w, https:\/\/hi-techwonder.com\/wp-content\/uploads\/2025\/08\/519IXAjLZL._AC_SL1500_.jpg 514w\" sizes=\"auto, (max-width: 364px) 100vw, 364px\" \/><\/figure>\n\n\n\n<figure class=\"wp-block-image size-large\"><img loading=\"lazy\" decoding=\"async\" width=\"1024\" height=\"957\" data-id=\"83220\" src=\"https:\/\/hi-techwonder.com\/wp-content\/themes\/woodmart\/images\/lazy.svg\" data-src=\"https:\/\/hi-techwonder.com\/wp-content\/uploads\/2025\/08\/710ecN-svPL._AC_SL1500_-1-1-1024x957.jpg\" alt=\"\" class=\"wp-image-83220\" srcset=\"\" data-srcset=\"https:\/\/hi-techwonder.com\/wp-content\/uploads\/2025\/08\/710ecN-svPL._AC_SL1500_-1-1-1024x957.jpg 1024w, https:\/\/hi-techwonder.com\/wp-content\/uploads\/2025\/08\/710ecN-svPL._AC_SL1500_-1-1-300x280.jpg 300w, https:\/\/hi-techwonder.com\/wp-content\/uploads\/2025\/08\/710ecN-svPL._AC_SL1500_-1-1-768x718.jpg 768w, https:\/\/hi-techwonder.com\/wp-content\/uploads\/2025\/08\/710ecN-svPL._AC_SL1500_-1-1-1200x1122.jpg 1200w, https:\/\/hi-techwonder.com\/wp-content\/uploads\/2025\/08\/710ecN-svPL._AC_SL1500_-1-1-150x140.jpg 150w, https:\/\/hi-techwonder.com\/wp-content\/uploads\/2025\/08\/710ecN-svPL._AC_SL1500_-1-1.jpg 1424w\" sizes=\"auto, (max-width: 1024px) 100vw, 1024px\" \/><\/figure>\n<\/figure>\n\n\n\n<figure class=\"wp-block-table\"><table class=\"has-fixed-layout\"><thead><tr><th><strong>Especificaci\u00f3n<\/strong><\/th><th><strong>Detalle<\/strong><\/th><\/tr><\/thead><tbody><tr><td>Marca<\/td><td>K&amp;F CONCEPT<\/td><\/tr><tr><td>Modelo<\/td><td>KF08.045<\/td><\/tr><tr><td>Material<\/td><td>Goma sint\u00e9tica y pl\u00e1stico de alta calidad<\/td><\/tr><tr><td>Boquilla<\/td><td>Larga, para limpieza profunda<\/td><\/tr><tr><td>Uso recomendado<\/td><td>C\u00e1maras, lentes, sensores, teclados, telescopios<\/td><\/tr><tr><td>Resistencia<\/td><td>No t\u00f3xico, resistente al envejecimiento y a la fatiga<\/td><\/tr><tr><td>Peso<\/td><td>90 g<\/td><\/tr><tr><td>Dimensiones<\/td><td>15 \u00d7 5 \u00d7 5 cm<\/td><\/tr><\/tbody><\/table><\/figure>\n","protected":false},"excerpt":{"rendered":"<p>. Soplador de aire profesional con boquilla larga para limpieza profunda<br data-start=\"330\" data-end=\"333\" \/>. Elimina polvo y part\u00edculas de sensores, lentes, teclados y dispositivos \u00f3pticos<br data-start=\"414\" data-end=\"417\" \/>. Fabricado en goma sint\u00e9tica y pl\u00e1stico de alta calidad, ecol\u00f3gico y duradero<br data-start=\"495\" data-end=\"498\" \/>. Gran flujo de aire para limpieza r\u00e1pida y eficaz sin contacto directo<br data-start=\"569\" data-end=\"572\" \/>. Dise\u00f1o ergon\u00f3mico para un uso c\u00f3modo y retorno de aire r\u00e1pido<br data-start=\"635\" data-end=\"638\" \/>. Compacto, ligero y f\u00e1cil de transportar para uso en exteriores e interiores<br data-start=\"715\" data-end=\"718\" \/>. No t\u00f3xico, resistente al desgaste y a la fatiga, con larga vida \u00fatil<br data-start=\"788\" data-end=\"791\" \/>. Ideal para fot\u00f3grafos, t\u00e9cnicos y entusiastas de la limpieza de equipos<\/p>\n","protected":false},"featured_media":83224,"comment_status":"open","ping_status":"closed","template":"","meta":{"_acf_changed":false},"product_brand":[2562],"product_cat":[1036],"product_tag":[],"class_list":{"0":"post-83205","1":"product","2":"type-product","3":"status-publish","4":"has-post-thumbnail","6":"product_brand-kf-concept-es","7":"product_cat-limpieza-es","9":"first","10":"instock","11":"taxable","12":"shipping-taxable","13":"purchasable","14":"product-type-simple"},"bundled_by":[],"bundle_stock_status":"instock","bundle_stock_quantity":1,"bundle_virtual":false,"bundle_layout":"","bundle_add_to_cart_form_location":"","bundle_editable_in_cart":false,"bundle_sold_individually_context":"","bundle_item_grouping":"","bundle_min_size":"","bundle_max_size":"","bundle_price":[],"bundled_items":[],"bundle_sell_ids":[],"acf":[],"_links":{"self":[{"href":"https:\/\/hi-techwonder.com\/es\/wp-json\/wp\/v2\/product\/83205","targetHints":{"allow":["GET"]}}],"collection":[{"href":"https:\/\/hi-techwonder.com\/es\/wp-json\/wp\/v2\/product"}],"about":[{"href":"https:\/\/hi-techwonder.com\/es\/wp-json\/wp\/v2\/types\/product"}],"replies":[{"embeddable":true,"href":"https:\/\/hi-techwonder.com\/es\/wp-json\/wp\/v2\/comments?post=83205"}],"wp:featuredmedia":[{"embeddable":true,"href":"https:\/\/hi-techwonder.com\/es\/wp-json\/wp\/v2\/media\/83224"}],"wp:attachment":[{"href":"https:\/\/hi-techwonder.com\/es\/wp-json\/wp\/v2\/media?parent=83205"}],"wp:term":[{"taxonomy":"product_brand","embeddable":true,"href":"https:\/\/hi-techwonder.com\/es\/wp-json\/wp\/v2\/product_brand?post=83205"},{"taxonomy":"product_cat","embeddable":true,"href":"https:\/\/hi-techwonder.com\/es\/wp-json\/wp\/v2\/product_cat?post=83205"},{"taxonomy":"product_tag","embeddable":true,"href":"https:\/\/hi-techwonder.com\/es\/wp-json\/wp\/v2\/product_tag?post=83205"}],"curies":[{"name":"wp","href":"https:\/\/api.w.org\/{rel}","templated":true}]}}