{"id":83478,"date":"2025-08-29T15:38:00","date_gmt":"2025-08-29T15:38:00","guid":{"rendered":"https:\/\/hi-techwonder.com\/product\/smallrig-5237-punho-lateral-de-madeira-ambidextro\/"},"modified":"2026-03-02T17:42:51","modified_gmt":"2026-03-02T17:42:51","slug":"smallrig-5237-punho-lateral-de-madeira-ambidextro","status":"publish","type":"product","link":"https:\/\/hi-techwonder.com\/es\/producto\/smallrig-5237-punho-lateral-de-madeira-ambidextro\/","title":{"rendered":"SMALLRIG 5237 Mango Lateral de Madera \u2013 AmbidiestroSMALLRIG 5237 Mango Lateral de Madera &#8211; Ambidiestro"},"content":{"rendered":"\n<h4 class=\"wp-block-heading\">SmallRig 5237 Mango Lateral de Madera con Tornillos de 1\/4&#8243;-20<\/h4>\n\n\n\n<p id=\"wd-602c278d\" class=\"wp-block-wd-paragraph\">Dimensiones: El producto mide 112,2 x 86,0 x 62,5 mm y pesa aproximadamente 185 g.<\/p>\n\n\n\n<p id=\"wd-2c410d61\" class=\"wp-block-wd-paragraph\">Prop\u00f3sito: Dise\u00f1ado para proporcionar mayor estabilidad y comodidad al sujetar c\u00e1maras, jaulas o soportes.<\/p>\n\n\n\n<p id=\"wd-0034c5ea\" class=\"wp-block-wd-paragraph\">Compatibilidad: Se fija a cualquier jaula o placa de montaje con dos orificios roscados de 1\/4&#8243;-20 con una separaci\u00f3n de 18 mm.<\/p>\n\n\n\n<p id=\"wd-bbd0e762\" class=\"wp-block-wd-paragraph\">Dise\u00f1o Ambidiestro: El mango est\u00e1 dise\u00f1ado para que lo usen c\u00f3modamente tanto diestros como zurdos, pudiendo ajustarse a ambos lados.<\/p>\n\n\n\n<p id=\"wd-2cb191b5\" class=\"wp-block-wd-paragraph\">Ajustabilidad: Permite un ajuste vertical de 28 mm, optimizando el centro de gravedad y adapt\u00e1ndose a diferentes configuraciones de c\u00e1mara.<\/p>\n\n\n\n<p id=\"wd-0836d4d6\" class=\"wp-block-wd-paragraph\">Material y durabilidad: Fabricado con una combinaci\u00f3n de madera para el mango y aleaci\u00f3n de aluminio para el n\u00facleo, soporta una carga de hasta 15 kg (33,1 lb).<\/p>\n\n\n\n<p id=\"wd-e32b94ee\" class=\"wp-block-wd-paragraph\">Puntos de montaje: Incluye una zapata fr\u00eda y un orificio de posicionamiento de 1\/4&#8243;-20 para montar accesorios adicionales, como micr\u00f3fonos o brazos de monitor.<\/p>\n\n\n\n<p id=\"wd-70f26fc9\" class=\"wp-block-wd-paragraph\">Ligereza: El dise\u00f1o de c\u00e1psula hueca contribuye a reducir el peso total, manteniendo la resistencia y robustez.<\/p>\n\n\n\n<p id=\"wd-0db0baf4\" class=\"wp-block-wd-paragraph\">Construcci\u00f3n duradera, antideslizante y resistente al fr\u00edo: El marco de aleaci\u00f3n de aluminio de alta resistencia y compuesto de madera soporta una carga de hasta 15 kg (33,1 lb).<\/p>\n\n\n\n<p id=\"wd-6d9ad657\" class=\"wp-block-wd-paragraph\">Dise\u00f1o ergon\u00f3mico ambidiestro: El mango contorneado garantiza un uso c\u00f3modo tanto para zurdos como para diestros.<\/p>\n\n\n\n<p id=\"wd-acc4de0c\" class=\"wp-block-wd-paragraph\">Dise\u00f1o de c\u00e1psula hueca: Combina un estilo moderno con una estabilidad excepcional.<\/p>\n\n\n\n<p id=\"wd-8b3de6d4\" class=\"wp-block-wd-paragraph\">Opciones de expansi\u00f3n vers\u00e1tiles: La zapata fr\u00eda integrada y el orificio de montaje de 1\/4&#8243;-20 permiten montar micr\u00f3fonos, brazos de monitor y otros accesorios.<\/p>\n\n\n\n<p>Ajuste vertical de 28 mm\/1,1 pulgadas: permite ajustar con precisi\u00f3n el centro de gravedad para un control equilibrado.<\/p>\n\n\n\n<div class=\"wp-block-media-text has-media-on-the-right is-stacked-on-mobile\"><div class=\"wp-block-media-text__content\">\n<p>El mango lateral de madera SmallRig con soportes de rosca de 1\/4&#8243;-20 proporciona un agarre c\u00f3modo y seguro para su equipo de c\u00e1mara. Se puede montar a la izquierda o a la derecha invirtiendo el conector de aluminio. Incluye una zapata fr\u00eda, un soporte antitorsi\u00f3n de 1\/4&#8243;-20, ranuras para el mango y una llave Allen que se puede guardar en la base cuando no se usa. El ajuste vertical de 2,8 cm (1,1&#8243;) permite colocar el mango en la posici\u00f3n m\u00e1s ergon\u00f3mica para su instalaci\u00f3n. Este mango fue desarrollado principalmente para vide\u00f3grafos, cineastas y creadores de contenido que utilizan jaulas. Las placas de montaje tienen dos orificios roscados laterales de 1\/4&#8243;-20 con una separaci\u00f3n de 18 mm y buscan una soluci\u00f3n robusta y vers\u00e1til para mejorar la producci\u00f3n de video. Permite mayor maniobrabilidad y estabilidad durante la filmaci\u00f3n, especialmente en entornos con mucho tr\u00e1fico. En resumen, el producto es ideal para quienes desean maximizar la funcionalidad de su jaula en proyectos profesionales o semiprofesionales.<\/p>\n<\/div><figure class=\"wp-block-media-text__media\"><img loading=\"lazy\" decoding=\"async\" width=\"919\" height=\"755\" src=\"https:\/\/hi-techwonder.com\/wp-content\/themes\/woodmart\/images\/lazy.svg\" data-src=\"https:\/\/hi-techwonder.com\/wp-content\/uploads\/2025\/08\/X3-2.jpg\" alt=\"\" class=\"wp-image-83433 size-full\" srcset=\"\" data-srcset=\"https:\/\/hi-techwonder.com\/wp-content\/uploads\/2025\/08\/X3-2.jpg 919w, https:\/\/hi-techwonder.com\/wp-content\/uploads\/2025\/08\/X3-2-300x246.jpg 300w, https:\/\/hi-techwonder.com\/wp-content\/uploads\/2025\/08\/X3-2-768x631.jpg 768w, https:\/\/hi-techwonder.com\/wp-content\/uploads\/2025\/08\/X3-2-150x123.jpg 150w\" sizes=\"auto, (max-width: 919px) 100vw, 919px\" \/><\/figure><\/div>\n\n\n\n<div class=\"wp-block-media-text is-stacked-on-mobile\"><figure class=\"wp-block-media-text__media\"><img loading=\"lazy\" decoding=\"async\" width=\"1000\" height=\"1000\" src=\"https:\/\/hi-techwonder.com\/wp-content\/themes\/woodmart\/images\/lazy.svg\" data-src=\"https:\/\/hi-techwonder.com\/wp-content\/uploads\/2025\/08\/1751545232_IMG_2523545-2.jpg\" alt=\"\" class=\"wp-image-83435 size-full\" srcset=\"\" data-srcset=\"https:\/\/hi-techwonder.com\/wp-content\/uploads\/2025\/08\/1751545232_IMG_2523545-2.jpg 1000w, https:\/\/hi-techwonder.com\/wp-content\/uploads\/2025\/08\/1751545232_IMG_2523545-2-300x300.jpg 300w, https:\/\/hi-techwonder.com\/wp-content\/uploads\/2025\/08\/1751545232_IMG_2523545-2-150x150.jpg 150w, https:\/\/hi-techwonder.com\/wp-content\/uploads\/2025\/08\/1751545232_IMG_2523545-2-768x768.jpg 768w, https:\/\/hi-techwonder.com\/wp-content\/uploads\/2025\/08\/1751545232_IMG_2523545-2-600x600.jpg 600w\" sizes=\"auto, (max-width: 1000px) 100vw, 1000px\" \/><\/figure><div class=\"wp-block-media-text__content\">\n<h3 class=\"wp-block-heading\">Contenido del paquete<\/h3>\n\n\n\n<p id=\"wd-08996dfe\" class=\"wp-block-wd-paragraph\">. 1x Mango lateral de madera SmallRig con soportes para tornillos de 1\/4\u2033-20<br>. 1x Conector de aluminio<br>. 2x tornillos de conexi\u00f3n<br>. 1x Arandela<br>. 2 tornillos de montaje<br>. 1x Llave Allen<\/p>\n<\/div><\/div>\n\n\n\n<div class=\"wp-block-media-text has-media-on-the-right is-stacked-on-mobile\"><div class=\"wp-block-media-text__content\">\n<p id=\"wd-a4b16e06\" class=\"wp-block-wd-paragraph\">. Mango lateral de madera ambidiestra.<br>. Dos tornillos de fijaci\u00f3n de 1\/4&#8243;-20.<br>. Ajuste vertical de 1.1&#8243;.<br>. Rosca antitorsi\u00f3n de 1\/4&#8243;-20.<br>. Zapata integrada para accesorios.<br>. Ranuras para empu\u00f1adura.<br>. Construcci\u00f3n de madera y aleaci\u00f3n de aluminio.<br>. Incluye llave Allen magn\u00e9tica.<\/p>\n<\/div><figure class=\"wp-block-media-text__media\"><img loading=\"lazy\" decoding=\"async\" width=\"929\" height=\"783\" src=\"https:\/\/hi-techwonder.com\/wp-content\/themes\/woodmart\/images\/lazy.svg\" data-src=\"https:\/\/hi-techwonder.com\/wp-content\/uploads\/2025\/08\/X2-1.jpg\" alt=\"\" class=\"wp-image-83437 size-full\" srcset=\"\" data-srcset=\"https:\/\/hi-techwonder.com\/wp-content\/uploads\/2025\/08\/X2-1.jpg 929w, https:\/\/hi-techwonder.com\/wp-content\/uploads\/2025\/08\/X2-1-300x253.jpg 300w, https:\/\/hi-techwonder.com\/wp-content\/uploads\/2025\/08\/X2-1-768x647.jpg 768w, https:\/\/hi-techwonder.com\/wp-content\/uploads\/2025\/08\/X2-1-150x126.jpg 150w\" sizes=\"auto, (max-width: 929px) 100vw, 929px\" \/><\/figure><\/div>\n\n\n\n<figure class=\"wp-block-gallery has-nested-images columns-default is-cropped wp-block-gallery-1 is-layout-flex wp-block-gallery-is-layout-flex\">\n<figure class=\"wp-block-image size-large\"><img loading=\"lazy\" decoding=\"async\" width=\"1000\" height=\"1000\" data-id=\"83439\" src=\"https:\/\/hi-techwonder.com\/wp-content\/themes\/woodmart\/images\/lazy.svg\" data-src=\"https:\/\/hi-techwonder.com\/wp-content\/uploads\/2025\/08\/1751545232_IMG_2523544-1.jpg\" alt=\"\" class=\"wp-image-83439\" srcset=\"\" data-srcset=\"https:\/\/hi-techwonder.com\/wp-content\/uploads\/2025\/08\/1751545232_IMG_2523544-1.jpg 1000w, https:\/\/hi-techwonder.com\/wp-content\/uploads\/2025\/08\/1751545232_IMG_2523544-1-300x300.jpg 300w, https:\/\/hi-techwonder.com\/wp-content\/uploads\/2025\/08\/1751545232_IMG_2523544-1-150x150.jpg 150w, https:\/\/hi-techwonder.com\/wp-content\/uploads\/2025\/08\/1751545232_IMG_2523544-1-768x768.jpg 768w, https:\/\/hi-techwonder.com\/wp-content\/uploads\/2025\/08\/1751545232_IMG_2523544-1-600x600.jpg 600w\" sizes=\"auto, (max-width: 1000px) 100vw, 1000px\" \/><\/figure>\n\n\n\n<figure class=\"wp-block-image size-large\"><img loading=\"lazy\" decoding=\"async\" width=\"1000\" height=\"1000\" data-id=\"83440\" src=\"https:\/\/hi-techwonder.com\/wp-content\/themes\/woodmart\/images\/lazy.svg\" data-src=\"https:\/\/hi-techwonder.com\/wp-content\/uploads\/2025\/08\/1751545232_IMG_2523545-3.jpg\" alt=\"\" class=\"wp-image-83440\" srcset=\"\" data-srcset=\"https:\/\/hi-techwonder.com\/wp-content\/uploads\/2025\/08\/1751545232_IMG_2523545-3.jpg 1000w, https:\/\/hi-techwonder.com\/wp-content\/uploads\/2025\/08\/1751545232_IMG_2523545-3-300x300.jpg 300w, https:\/\/hi-techwonder.com\/wp-content\/uploads\/2025\/08\/1751545232_IMG_2523545-3-150x150.jpg 150w, https:\/\/hi-techwonder.com\/wp-content\/uploads\/2025\/08\/1751545232_IMG_2523545-3-768x768.jpg 768w, https:\/\/hi-techwonder.com\/wp-content\/uploads\/2025\/08\/1751545232_IMG_2523545-3-600x600.jpg 600w\" sizes=\"auto, (max-width: 1000px) 100vw, 1000px\" \/><\/figure>\n\n\n\n<figure class=\"wp-block-image size-large\"><img loading=\"lazy\" decoding=\"async\" width=\"1000\" height=\"1000\" data-id=\"83443\" src=\"https:\/\/hi-techwonder.com\/wp-content\/themes\/woodmart\/images\/lazy.svg\" data-src=\"https:\/\/hi-techwonder.com\/wp-content\/uploads\/2025\/08\/1751545232_IMG_2523546-1.jpg\" alt=\"\" class=\"wp-image-83443\" srcset=\"\" data-srcset=\"https:\/\/hi-techwonder.com\/wp-content\/uploads\/2025\/08\/1751545232_IMG_2523546-1.jpg 1000w, https:\/\/hi-techwonder.com\/wp-content\/uploads\/2025\/08\/1751545232_IMG_2523546-1-300x300.jpg 300w, https:\/\/hi-techwonder.com\/wp-content\/uploads\/2025\/08\/1751545232_IMG_2523546-1-150x150.jpg 150w, https:\/\/hi-techwonder.com\/wp-content\/uploads\/2025\/08\/1751545232_IMG_2523546-1-768x768.jpg 768w, https:\/\/hi-techwonder.com\/wp-content\/uploads\/2025\/08\/1751545232_IMG_2523546-1-600x600.jpg 600w\" sizes=\"auto, (max-width: 1000px) 100vw, 1000px\" \/><\/figure>\n\n\n\n<figure class=\"wp-block-image size-large\"><img loading=\"lazy\" decoding=\"async\" width=\"1024\" height=\"1024\" data-id=\"83459\" src=\"https:\/\/hi-techwonder.com\/wp-content\/themes\/woodmart\/images\/lazy.svg\" data-src=\"https:\/\/hi-techwonder.com\/wp-content\/uploads\/2025\/08\/1751545232_IMG_2523547-2-1024x1024.jpg\" alt=\"\" class=\"wp-image-83459\" srcset=\"\" data-srcset=\"https:\/\/hi-techwonder.com\/wp-content\/uploads\/2025\/08\/1751545232_IMG_2523547-2-1024x1024.jpg 1024w, https:\/\/hi-techwonder.com\/wp-content\/uploads\/2025\/08\/1751545232_IMG_2523547-2-300x300.jpg 300w, https:\/\/hi-techwonder.com\/wp-content\/uploads\/2025\/08\/1751545232_IMG_2523547-2-150x150.jpg 150w, https:\/\/hi-techwonder.com\/wp-content\/uploads\/2025\/08\/1751545232_IMG_2523547-2-768x768.jpg 768w, https:\/\/hi-techwonder.com\/wp-content\/uploads\/2025\/08\/1751545232_IMG_2523547-2-600x600.jpg 600w, https:\/\/hi-techwonder.com\/wp-content\/uploads\/2025\/08\/1751545232_IMG_2523547-2-1200x1200.jpg 1200w, https:\/\/hi-techwonder.com\/wp-content\/uploads\/2025\/08\/1751545232_IMG_2523547-2.jpg 1500w\" sizes=\"auto, (max-width: 1024px) 100vw, 1024px\" \/><\/figure>\n\n\n\n<figure class=\"wp-block-image size-large\"><img loading=\"lazy\" decoding=\"async\" width=\"1024\" height=\"1024\" data-id=\"83445\" src=\"https:\/\/hi-techwonder.com\/wp-content\/themes\/woodmart\/images\/lazy.svg\" data-src=\"https:\/\/hi-techwonder.com\/wp-content\/uploads\/2025\/08\/1751545232_IMG_2523548-1-1024x1024.jpg\" alt=\"\" class=\"wp-image-83445\" srcset=\"\" data-srcset=\"https:\/\/hi-techwonder.com\/wp-content\/uploads\/2025\/08\/1751545232_IMG_2523548-1-1024x1024.jpg 1024w, https:\/\/hi-techwonder.com\/wp-content\/uploads\/2025\/08\/1751545232_IMG_2523548-1-300x300.jpg 300w, https:\/\/hi-techwonder.com\/wp-content\/uploads\/2025\/08\/1751545232_IMG_2523548-1-150x150.jpg 150w, https:\/\/hi-techwonder.com\/wp-content\/uploads\/2025\/08\/1751545232_IMG_2523548-1-768x768.jpg 768w, https:\/\/hi-techwonder.com\/wp-content\/uploads\/2025\/08\/1751545232_IMG_2523548-1-600x600.jpg 600w, https:\/\/hi-techwonder.com\/wp-content\/uploads\/2025\/08\/1751545232_IMG_2523548-1-1200x1200.jpg 1200w, https:\/\/hi-techwonder.com\/wp-content\/uploads\/2025\/08\/1751545232_IMG_2523548-1.jpg 1500w\" sizes=\"auto, (max-width: 1024px) 100vw, 1024px\" \/><\/figure>\n\n\n\n<figure class=\"wp-block-image size-large\"><img loading=\"lazy\" decoding=\"async\" width=\"1024\" height=\"1024\" data-id=\"83447\" src=\"https:\/\/hi-techwonder.com\/wp-content\/themes\/woodmart\/images\/lazy.svg\" data-src=\"https:\/\/hi-techwonder.com\/wp-content\/uploads\/2025\/08\/1751545232_IMG_2523549-2-1024x1024.jpg\" alt=\"\" class=\"wp-image-83447\" srcset=\"\" data-srcset=\"https:\/\/hi-techwonder.com\/wp-content\/uploads\/2025\/08\/1751545232_IMG_2523549-2-1024x1024.jpg 1024w, https:\/\/hi-techwonder.com\/wp-content\/uploads\/2025\/08\/1751545232_IMG_2523549-2-300x300.jpg 300w, https:\/\/hi-techwonder.com\/wp-content\/uploads\/2025\/08\/1751545232_IMG_2523549-2-150x150.jpg 150w, https:\/\/hi-techwonder.com\/wp-content\/uploads\/2025\/08\/1751545232_IMG_2523549-2-768x768.jpg 768w, https:\/\/hi-techwonder.com\/wp-content\/uploads\/2025\/08\/1751545232_IMG_2523549-2-600x600.jpg 600w, https:\/\/hi-techwonder.com\/wp-content\/uploads\/2025\/08\/1751545232_IMG_2523549-2-1200x1200.jpg 1200w, https:\/\/hi-techwonder.com\/wp-content\/uploads\/2025\/08\/1751545232_IMG_2523549-2.jpg 1500w\" sizes=\"auto, (max-width: 1024px) 100vw, 1024px\" \/><\/figure>\n\n\n\n<figure class=\"wp-block-image size-large\"><img loading=\"lazy\" decoding=\"async\" width=\"1024\" height=\"1024\" data-id=\"83449\" src=\"https:\/\/hi-techwonder.com\/wp-content\/themes\/woodmart\/images\/lazy.svg\" data-src=\"https:\/\/hi-techwonder.com\/wp-content\/uploads\/2025\/08\/1751545232_IMG_2523550-1-1024x1024.jpg\" alt=\"\" class=\"wp-image-83449\" srcset=\"\" data-srcset=\"https:\/\/hi-techwonder.com\/wp-content\/uploads\/2025\/08\/1751545232_IMG_2523550-1-1024x1024.jpg 1024w, https:\/\/hi-techwonder.com\/wp-content\/uploads\/2025\/08\/1751545232_IMG_2523550-1-300x300.jpg 300w, https:\/\/hi-techwonder.com\/wp-content\/uploads\/2025\/08\/1751545232_IMG_2523550-1-150x150.jpg 150w, https:\/\/hi-techwonder.com\/wp-content\/uploads\/2025\/08\/1751545232_IMG_2523550-1-768x768.jpg 768w, https:\/\/hi-techwonder.com\/wp-content\/uploads\/2025\/08\/1751545232_IMG_2523550-1-600x600.jpg 600w, https:\/\/hi-techwonder.com\/wp-content\/uploads\/2025\/08\/1751545232_IMG_2523550-1-1200x1200.jpg 1200w, https:\/\/hi-techwonder.com\/wp-content\/uploads\/2025\/08\/1751545232_IMG_2523550-1.jpg 1500w\" sizes=\"auto, (max-width: 1024px) 100vw, 1024px\" \/><\/figure>\n\n\n\n<figure class=\"wp-block-image size-large\"><img loading=\"lazy\" decoding=\"async\" width=\"1024\" height=\"1024\" data-id=\"83457\" src=\"https:\/\/hi-techwonder.com\/wp-content\/themes\/woodmart\/images\/lazy.svg\" data-src=\"https:\/\/hi-techwonder.com\/wp-content\/uploads\/2025\/08\/1751545236_1904033-1-1024x1024.jpg\" alt=\"\" class=\"wp-image-83457\" srcset=\"\" data-srcset=\"https:\/\/hi-techwonder.com\/wp-content\/uploads\/2025\/08\/1751545236_1904033-1-1024x1024.jpg 1024w, https:\/\/hi-techwonder.com\/wp-content\/uploads\/2025\/08\/1751545236_1904033-1-300x300.jpg 300w, https:\/\/hi-techwonder.com\/wp-content\/uploads\/2025\/08\/1751545236_1904033-1-150x150.jpg 150w, https:\/\/hi-techwonder.com\/wp-content\/uploads\/2025\/08\/1751545236_1904033-1-768x768.jpg 768w, https:\/\/hi-techwonder.com\/wp-content\/uploads\/2025\/08\/1751545236_1904033-1-600x600.jpg 600w, https:\/\/hi-techwonder.com\/wp-content\/uploads\/2025\/08\/1751545236_1904033-1-1200x1200.jpg 1200w, https:\/\/hi-techwonder.com\/wp-content\/uploads\/2025\/08\/1751545236_1904033-1.jpg 1500w\" sizes=\"auto, (max-width: 1024px) 100vw, 1024px\" \/><\/figure>\n\n\n\n<figure class=\"wp-block-image size-large\"><img loading=\"lazy\" decoding=\"async\" width=\"934\" height=\"783\" data-id=\"83461\" src=\"https:\/\/hi-techwonder.com\/wp-content\/themes\/woodmart\/images\/lazy.svg\" data-src=\"https:\/\/hi-techwonder.com\/wp-content\/uploads\/2025\/08\/X1-1.jpg\" alt=\"\" class=\"wp-image-83461\" srcset=\"\" data-srcset=\"https:\/\/hi-techwonder.com\/wp-content\/uploads\/2025\/08\/X1-1.jpg 934w, https:\/\/hi-techwonder.com\/wp-content\/uploads\/2025\/08\/X1-1-300x251.jpg 300w, https:\/\/hi-techwonder.com\/wp-content\/uploads\/2025\/08\/X1-1-768x644.jpg 768w, https:\/\/hi-techwonder.com\/wp-content\/uploads\/2025\/08\/X1-1-150x126.jpg 150w\" sizes=\"auto, (max-width: 934px) 100vw, 934px\" \/><\/figure>\n\n\n\n<figure class=\"wp-block-image size-large\"><img loading=\"lazy\" decoding=\"async\" width=\"929\" height=\"783\" data-id=\"83455\" src=\"https:\/\/hi-techwonder.com\/wp-content\/themes\/woodmart\/images\/lazy.svg\" data-src=\"https:\/\/hi-techwonder.com\/wp-content\/uploads\/2025\/08\/X2-2.jpg\" alt=\"\" class=\"wp-image-83455\" srcset=\"\" data-srcset=\"https:\/\/hi-techwonder.com\/wp-content\/uploads\/2025\/08\/X2-2.jpg 929w, https:\/\/hi-techwonder.com\/wp-content\/uploads\/2025\/08\/X2-2-300x253.jpg 300w, https:\/\/hi-techwonder.com\/wp-content\/uploads\/2025\/08\/X2-2-768x647.jpg 768w, https:\/\/hi-techwonder.com\/wp-content\/uploads\/2025\/08\/X2-2-150x126.jpg 150w\" sizes=\"auto, (max-width: 929px) 100vw, 929px\" \/><\/figure>\n\n\n\n<figure class=\"wp-block-image size-large\"><img loading=\"lazy\" decoding=\"async\" width=\"919\" height=\"755\" data-id=\"83451\" src=\"https:\/\/hi-techwonder.com\/wp-content\/themes\/woodmart\/images\/lazy.svg\" data-src=\"https:\/\/hi-techwonder.com\/wp-content\/uploads\/2025\/08\/X3-3.jpg\" alt=\"\" class=\"wp-image-83451\" srcset=\"\" data-srcset=\"https:\/\/hi-techwonder.com\/wp-content\/uploads\/2025\/08\/X3-3.jpg 919w, https:\/\/hi-techwonder.com\/wp-content\/uploads\/2025\/08\/X3-3-300x246.jpg 300w, https:\/\/hi-techwonder.com\/wp-content\/uploads\/2025\/08\/X3-3-768x631.jpg 768w, https:\/\/hi-techwonder.com\/wp-content\/uploads\/2025\/08\/X3-3-150x123.jpg 150w\" sizes=\"auto, (max-width: 919px) 100vw, 919px\" \/><\/figure>\n\n\n\n<figure class=\"wp-block-image size-large\"><img loading=\"lazy\" decoding=\"async\" width=\"925\" height=\"935\" data-id=\"83453\" src=\"https:\/\/hi-techwonder.com\/wp-content\/themes\/woodmart\/images\/lazy.svg\" data-src=\"https:\/\/hi-techwonder.com\/wp-content\/uploads\/2025\/08\/X4-1.jpg\" alt=\"\" class=\"wp-image-83453\" srcset=\"\" data-srcset=\"https:\/\/hi-techwonder.com\/wp-content\/uploads\/2025\/08\/X4-1.jpg 925w, https:\/\/hi-techwonder.com\/wp-content\/uploads\/2025\/08\/X4-1-297x300.jpg 297w, https:\/\/hi-techwonder.com\/wp-content\/uploads\/2025\/08\/X4-1-768x776.jpg 768w, https:\/\/hi-techwonder.com\/wp-content\/uploads\/2025\/08\/X4-1-150x152.jpg 150w\" sizes=\"auto, (max-width: 925px) 100vw, 925px\" \/><\/figure>\n<\/figure>\n\n\n\n<div id=\"wd-18cc57fd\" class=\"wp-block-wd-table\"><\/div>\n\n\n\n<figure class=\"wp-block-table\"><table class=\"has-fixed-layout\"><thead><tr><th><strong>Especificaci\u00f3n<\/strong><\/th><th><strong>Detalle<\/strong><\/th><\/tr><\/thead><tbody><tr><td>Tipo de art\u00edculo<\/td><td>Empu\u00f1adura ambidiestra<\/td><\/tr><tr><td>M\u00e9todo de fijaci\u00f3n<\/td><td>Se fija mediante 2 tornillos de 1\/4&#8243;-20<\/td><\/tr><tr><td>Montaje de accesorios<\/td><td>1x Rosca Anti-Torsi\u00f3n 1\/4&#8243;-20<\/td><\/tr><tr><td>Montaje de zapata<\/td><td>1x Zapata fr\u00eda integrada<\/td><\/tr><tr><td>Rosetas<\/td><td>No<\/td><\/tr><tr><td>Montaje en carril<\/td><td>No<\/td><\/tr><tr><td>Capacidad de carga<\/td><td>15 kg<\/td><\/tr><tr><td>Materiales<\/td><td>Aleaci\u00f3n de aluminio, madera<\/td><\/tr><tr><td>Dimensiones<\/td><td>11,22 x 8,6 x 6,25 cm<\/td><\/tr><tr><td>Peso<\/td><td>185 g<\/td><\/tr><\/tbody><\/table><\/figure>\n","protected":false},"excerpt":{"rendered":"<p>SmallRig 5237 Mango Lateral de Madera con Tornillos de 1\/4&#8243;-20<\/p>\n<ul>\n<li><b>Finalidade<\/b>: Projetado para proporcionar maior estabilidade e conforto ao segurar c\u00e2maras, cages, ou rigs.<\/li>\n<li><b>Compatibilidade<\/b>: Fixa-se a qualquer cage ou placa de montagem que possua dois furos de rosca de 1\/4&#8243;-20 com um espa\u00e7amento de 18 mm.<\/li>\n<li>\n<p>SMALLRIG 5237 Mango Lateral de Madera &#8211; Ambidiestro<\/p>\n<p>SmallRig 5237 Mango Lateral de Madera con Tornillos de 1\/4&#8243;-20<br \/>Prop\u00f3sito: Dise\u00f1ado para proporcionar mayor estabilidad y comodidad al sujetar c\u00e1maras, jaulas o plataformas.<br \/>Compatibilidad: Se fija a cualquier jaula o placa de montaje mediante dos orificios roscados de 1\/4&#8243;-20 con una separaci\u00f3n de 18 mm.<br \/>Dise\u00f1o Ambidiestro: El mango est\u00e1 dise\u00f1ado para ser utilizado c\u00f3modamente tanto por diestros como por zurdos, pudiendo ajustarse a ambos lados.<br \/>Ajustabilidad: Permite un ajuste vertical de 28 mm, optimizando el centro de gravedad y adapt\u00e1ndose a diferentes configuraciones de c\u00e1mara.<br \/>Material y Durabilidad: Fabricado con una combinaci\u00f3n de madera para el mango y aleaci\u00f3n de aluminio para el n\u00facleo, soporta una carga de hasta 15 kg. Puntos de montaje: Incluye una zapata fr\u00eda y un orificio de posicionamiento de 1\/4&#8243;-20 para montar accesorios adicionales, como micr\u00f3fonos o brazos m\u00e1gicos.<br \/>Ligereza: El dise\u00f1o de c\u00e1psula hueca contribuye a reducir el peso total, manteniendo la resistencia y robustez.<\/p>\n<\/li>\n<\/ul>\n","protected":false},"featured_media":83458,"comment_status":"open","ping_status":"closed","template":"","meta":{"_acf_changed":false},"product_brand":[2550],"product_cat":[1108],"product_tag":[],"class_list":{"0":"post-83478","1":"product","2":"type-product","3":"status-publish","4":"has-post-thumbnail","6":"product_brand-smallrig-es","7":"product_cat-empunaduras-cages","9":"first","10":"instock","11":"taxable","12":"shipping-taxable","13":"purchasable","14":"product-type-simple"},"bundled_by":[],"bundle_stock_status":"instock","bundle_stock_quantity":1,"bundle_virtual":false,"bundle_layout":"","bundle_add_to_cart_form_location":"","bundle_editable_in_cart":false,"bundle_sold_individually_context":"","bundle_item_grouping":"","bundle_min_size":"","bundle_max_size":"","bundle_price":[],"bundled_items":[],"bundle_sell_ids":[],"acf":[],"_links":{"self":[{"href":"https:\/\/hi-techwonder.com\/es\/wp-json\/wp\/v2\/product\/83478","targetHints":{"allow":["GET"]}}],"collection":[{"href":"https:\/\/hi-techwonder.com\/es\/wp-json\/wp\/v2\/product"}],"about":[{"href":"https:\/\/hi-techwonder.com\/es\/wp-json\/wp\/v2\/types\/product"}],"replies":[{"embeddable":true,"href":"https:\/\/hi-techwonder.com\/es\/wp-json\/wp\/v2\/comments?post=83478"}],"wp:featuredmedia":[{"embeddable":true,"href":"https:\/\/hi-techwonder.com\/es\/wp-json\/wp\/v2\/media\/83458"}],"wp:attachment":[{"href":"https:\/\/hi-techwonder.com\/es\/wp-json\/wp\/v2\/media?parent=83478"}],"wp:term":[{"taxonomy":"product_brand","embeddable":true,"href":"https:\/\/hi-techwonder.com\/es\/wp-json\/wp\/v2\/product_brand?post=83478"},{"taxonomy":"product_cat","embeddable":true,"href":"https:\/\/hi-techwonder.com\/es\/wp-json\/wp\/v2\/product_cat?post=83478"},{"taxonomy":"product_tag","embeddable":true,"href":"https:\/\/hi-techwonder.com\/es\/wp-json\/wp\/v2\/product_tag?post=83478"}],"curies":[{"name":"wp","href":"https:\/\/api.w.org\/{rel}","templated":true}]}}