{"id":83576,"date":"2025-08-29T15:25:58","date_gmt":"2025-08-29T15:25:58","guid":{"rendered":"https:\/\/hi-techwonder.com\/product\/dji-mic-3\/"},"modified":"2026-04-26T00:38:40","modified_gmt":"2026-04-25T23:38:40","slug":"dji-mic-3","status":"publish","type":"product","link":"https:\/\/hi-techwonder.com\/es\/producto\/dji-mic-3\/","title":{"rendered":"DJI Mic 3"},"content":{"rendered":"\n<h2 class=\"wp-block-heading\" id=\"dji-mic-3\">DJI Mic 3<\/h2>\n\n\n\n<div id=\"wd-a7f83bfc\" class=\"wp-block-wd-video wd-el-video wd-action-without wd-video-external wd-with-aspect-ratio wd-custom-width\"><iframe allowfullscreen allow=\"accelerometer; autoplay; encrypted-media; gyroscope; picture-in-picture\" width=\"100%\" height=\"100%\" loading=\"lazy\" src=\"https:\/\/www.youtube.com\/embed\/IYQ9rWGMzI4?feature=oembed&amp;controls=1\"><\/iframe><\/div>\n\n\n\n<div class=\"wp-block-rank-math-toc-block\" id=\"rank-math-toc\"><h2>Descobre tudo sobre o DJI Mic 3<\/h2><nav><ul><li class=\"\"><a href=\"#a\">Presentaci\u00f3n del DJI Mic 3<\/a><\/li><li class=\"\"><a href=\"#caracteristicas-principais\">Caracter\u00edsticas Principales<\/a><\/li><li class=\"\"><a href=\"#caracteristicas-principais-1\">Para Varios Tipos de Creadores de Contenido<\/a><\/li><li class=\"\"><a href=\"#caracteristicas-principais-1-1-1\">Qu\u00e9 incluye el DJI Mic 3 (1 TX + 1 RX)<\/a><\/li><li class=\"\"><a href=\"#caracteristicas-principais-1-1\">Qu\u00e9 incluye el DJI Mic 3 (2 TX + 1 RX + Estuche de carga)<\/a><\/li><li class=\"\"><a href=\"#a-1\">Especificaciones T\u00e9cnicas<\/a><\/li><\/ul><\/nav><\/div>\n\n\n\n<h4 class=\"wp-block-heading\" id=\"a\">Presentaci\u00f3n del DJI Mic 3<\/h4>\n\n\n\n<p id=\"wd-b7513077\" class=\"wp-block-wd-paragraph\">El DJI Mic 3 redefine la manera en que los creadores de contenido capturan audio de calidad profesional. Compacto, ligero e incre\u00edblemente potente, este sistema ha sido dise\u00f1ado para vloggers, periodistas, vide\u00f3grafos y equipos de rodaje que buscan fiabilidad, flexibilidad y un sonido cristalino en cualquier entorno.<\/p>\n\n\n\n<p id=\"wd-12dc66e5\" class=\"wp-block-wd-paragraph\">Gracias a la <strong>grabaci\u00f3n interna en 32-bit float<\/strong>, nunca perder\u00e1s detalle, incluso en escenarios con vol\u00famenes irregulares, desde un susurro hasta un concierto. Su <strong>transmisi\u00f3n de doble banda (2,4 GHz y 5 GHz)<\/strong> garantiza una conexi\u00f3n estable incluso en entornos saturados de se\u00f1ales inal\u00e1mbricas, con un alcance de hasta 400 metros.<\/p>\n\n\n\n<p id=\"wd-17c95659\" class=\"wp-block-wd-paragraph\">Con tres perfiles de voz, cancelaci\u00f3n de ruido ajustable y modos de ganancia inteligente, se adapta a cualquier situaci\u00f3n: entrevistas en estudio, rodajes en exteriores o transmisiones en directo. El receptor, con pantalla t\u00e1ctil AMOLED, permite un control r\u00e1pido e intuitivo, mientras que la aplicaci\u00f3n <strong>DJI Mimo<\/strong> abre la puerta a configuraciones avanzadas y actualizaciones de firmware directamente desde el smartphone.<\/p>\n\n\n\n<p id=\"wd-d3495be3\" class=\"wp-block-wd-paragraph\">La autonom\u00eda tampoco se queda atr\u00e1s: hasta <strong>28 horas de uso continuo <\/strong>con el estuche de carga, adem\u00e1s de una funci\u00f3n de carga r\u00e1pida que ofrece 2 horas extra en solo 5 minutos. Y si lo necesitas, tambi\u00e9n puede utilizarse mientras se carga, asegurando que nada interrumpa tu creatividad.<\/p>\n\n\n\n<p id=\"wd-edd0ae4b\" class=\"wp-block-wd-paragraph\">Tanto si buscas movilidad para grabaciones r\u00e1pidas como una soluci\u00f3n profesional para producciones multic\u00e1mara, el <strong>DJI Mic 3<\/strong> es la herramienta definitiva para llevar tu sonido al siguiente nivel.<\/p>\n\n\n\n<div class=\"wp-block-media-text is-stacked-on-mobile\" style=\"grid-template-columns:40% auto\"><figure class=\"wp-block-media-text__media\"><img loading=\"lazy\" decoding=\"async\" width=\"1024\" height=\"768\" src=\"https:\/\/hi-techwonder.com\/wp-content\/themes\/woodmart\/images\/lazy.svg\" data-src=\"https:\/\/hi-techwonder.com\/wp-content\/uploads\/2025\/08\/DJI-Mic-3-1024x768.png\" alt=\"\" class=\"wp-image-83471 size-full\" srcset=\"\" data-srcset=\"https:\/\/hi-techwonder.com\/wp-content\/uploads\/2025\/08\/DJI-Mic-3-1024x768.png 1024w, https:\/\/hi-techwonder.com\/wp-content\/uploads\/2025\/08\/DJI-Mic-3-300x225.png 300w, https:\/\/hi-techwonder.com\/wp-content\/uploads\/2025\/08\/DJI-Mic-3-768x576.png 768w, https:\/\/hi-techwonder.com\/wp-content\/uploads\/2025\/08\/DJI-Mic-3-150x113.png 150w, https:\/\/hi-techwonder.com\/wp-content\/uploads\/2025\/08\/DJI-Mic-3.png 1184w\" sizes=\"auto, (max-width: 1024px) 100vw, 1024px\" \/><\/figure><div class=\"wp-block-media-text__content\">\n<h4 class=\"wp-block-heading\" id=\"caracteristicas-principais\"><strong>Caracter\u00edsticas Principales<\/strong><\/h4>\n\n\n\n<ul class=\"wp-block-list\">\n<li>Sistema inal\u00e1mbrico ultracompacto y ligero (16 g por transmisor)<\/li>\n\n\n\n<li>Grabaci\u00f3n interna en 24-bit y 32-bit float con protecci\u00f3n de archivos dual<\/li>\n\n\n\n<li>Perfiles de voz: Regular, Rich y Bright<\/li>\n\n\n\n<li>Cancelaci\u00f3n de ruido ajustable (Basic y Strong)<\/li>\n\n\n\n<li>Control desde el receptor (pantalla t\u00e1ctil AMOLED de 1,1\u2019\u2019) o la app DJI Mimo<\/li>\n\n\n\n<li>Compatibilidad universal: c\u00e1maras, smartphones, tablets y conexi\u00f3n directa con dispositivos DJI (Osmo, Pocket, Action)<\/li>\n\n\n\n<li>Conectividad mediante USB-C, TRS, TRRS y Bluetooth<\/li>\n\n\n\n<li>Autonom\u00eda de hasta 28 horas (con estuche de carga)<\/li>\n<\/ul>\n<\/div><\/div>\n\n\n\n<div class=\"wp-block-media-text has-media-on-the-right is-stacked-on-mobile\" style=\"grid-template-columns:auto 40%\"><div class=\"wp-block-media-text__content\">\n<h4 class=\"wp-block-heading\" id=\"caracteristicas-principais-1\">Para Varios Tipos de Creadores de Contenido<\/h4>\n\n\n\n<ul class=\"wp-block-list\">\n<li>Vloggers que necesitan un sonido cristalino en cualquier entorno<\/li>\n\n\n\n<li>Streamers y gamers que exigen una transmisi\u00f3n estable y sin interrupciones<\/li>\n\n\n\n<li>Periodistas y entrevistadores que valoran movilidad y fiabilidad<\/li>\n\n\n\n<li>Productores de v\u00eddeo y equipos de rodaje multic\u00e1mara que requieren grabaci\u00f3n precisa y sincronizada<\/li>\n\n\n\n<li>Profesores, formadores y comunicadores que graban clases o presentaciones<\/li>\n\n\n\n<li>Cualquier usuario que busque calidad premium, gran autonom\u00eda y facilidad de uso<\/li>\n<\/ul>\n<\/div><figure class=\"wp-block-media-text__media\"><img loading=\"lazy\" decoding=\"async\" width=\"1024\" height=\"692\" src=\"https:\/\/hi-techwonder.com\/wp-content\/themes\/woodmart\/images\/lazy.svg\" data-src=\"https:\/\/hi-techwonder.com\/wp-content\/uploads\/2025\/08\/DJI-Mic-3_Publico-1024x692.jpg\" alt=\"Pessoas a utilizar o DJI Mic 3 em v\u00e1rios contextos.\" class=\"wp-image-83464 size-full\" srcset=\"\" data-srcset=\"https:\/\/hi-techwonder.com\/wp-content\/uploads\/2025\/08\/DJI-Mic-3_Publico-1024x692.jpg 1024w, https:\/\/hi-techwonder.com\/wp-content\/uploads\/2025\/08\/DJI-Mic-3_Publico-300x203.jpg 300w, https:\/\/hi-techwonder.com\/wp-content\/uploads\/2025\/08\/DJI-Mic-3_Publico-768x519.jpg 768w, https:\/\/hi-techwonder.com\/wp-content\/uploads\/2025\/08\/DJI-Mic-3_Publico-1536x1038.jpg 1536w, https:\/\/hi-techwonder.com\/wp-content\/uploads\/2025\/08\/DJI-Mic-3_Publico-2048x1384.jpg 2048w, https:\/\/hi-techwonder.com\/wp-content\/uploads\/2025\/08\/DJI-Mic-3_Publico-1200x811.jpg 1200w, https:\/\/hi-techwonder.com\/wp-content\/uploads\/2025\/08\/DJI-Mic-3_Publico-150x101.jpg 150w\" sizes=\"auto, (max-width: 1024px) 100vw, 1024px\" \/><\/figure><\/div>\n\n\n\n<div class=\"wp-block-media-text is-stacked-on-mobile\" style=\"grid-template-columns:34% auto\"><figure class=\"wp-block-media-text__media\"><img loading=\"lazy\" decoding=\"async\" width=\"1024\" height=\"1024\" src=\"https:\/\/hi-techwonder.com\/wp-content\/themes\/woodmart\/images\/lazy.svg\" data-src=\"https:\/\/hi-techwonder.com\/wp-content\/uploads\/2025\/08\/DJI-Mic-3-1-TX-1-RX_2-1024x1024.jpg\" alt=\"\" class=\"wp-image-83467 size-full\" srcset=\"\" data-srcset=\"https:\/\/hi-techwonder.com\/wp-content\/uploads\/2025\/08\/DJI-Mic-3-1-TX-1-RX_2-1024x1024.jpg 1024w, https:\/\/hi-techwonder.com\/wp-content\/uploads\/2025\/08\/DJI-Mic-3-1-TX-1-RX_2-300x300.jpg 300w, https:\/\/hi-techwonder.com\/wp-content\/uploads\/2025\/08\/DJI-Mic-3-1-TX-1-RX_2-150x150.jpg 150w, https:\/\/hi-techwonder.com\/wp-content\/uploads\/2025\/08\/DJI-Mic-3-1-TX-1-RX_2-768x768.jpg 768w, https:\/\/hi-techwonder.com\/wp-content\/uploads\/2025\/08\/DJI-Mic-3-1-TX-1-RX_2-600x600.jpg 600w, https:\/\/hi-techwonder.com\/wp-content\/uploads\/2025\/08\/DJI-Mic-3-1-TX-1-RX_2-1200x1200.jpg 1200w, https:\/\/hi-techwonder.com\/wp-content\/uploads\/2025\/08\/DJI-Mic-3-1-TX-1-RX_2.jpg 1500w\" sizes=\"auto, (max-width: 1024px) 100vw, 1024px\" \/><\/figure><div class=\"wp-block-media-text__content\">\n<h4 class=\"wp-block-heading\" id=\"caracteristicas-principais-1-1-1\">Qu\u00e9 incluye el DJI Mic 3 (1 TX + 1 RX)<\/h4>\n\n\n\n<ul class=\"wp-block-list\">\n<li>1 \u00d7 Transmisor<\/li>\n\n\n\n<li>1 \u00d7 Receptor<\/li>\n\n\n\n<li>1 \u00d7 Cable magn\u00e9tico de carga para transmisor<\/li>\n\n\n\n<li>1 \u00d7 Adaptador para smartphone (USB-C)<\/li>\n\n\n\n<li>1 \u00d7 Cable de datos USB-C a USB-C<\/li>\n\n\n\n<li>1 \u00d7 Cable de audio con bloqueo (3.5 mm TRS a TRS)<\/li>\n\n\n\n<li>1 \u00d7 Protector de viento (Negro\/Gris)<\/li>\n\n\n\n<li>1 \u00d7 Protector de viento (Negro)<\/li>\n\n\n\n<li>1 \u00d7 Im\u00e1n<\/li>\n\n\n\n<li>1 \u00d7 Clip magn\u00e9tico<\/li>\n\n\n\n<li>1 \u00d7 Bolsa de transporte compacta<\/li>\n<\/ul>\n<\/div><\/div>\n\n\n\n<div class=\"wp-block-media-text is-stacked-on-mobile\" style=\"grid-template-columns:34% auto\"><figure class=\"wp-block-media-text__media\"><img loading=\"lazy\" decoding=\"async\" width=\"1024\" height=\"1024\" src=\"https:\/\/hi-techwonder.com\/wp-content\/themes\/woodmart\/images\/lazy.svg\" data-src=\"https:\/\/hi-techwonder.com\/wp-content\/uploads\/2025\/08\/DJI-Mic-3-2-TX-1-RX-Charging-Case_2-1024x1024.jpg\" alt=\"\" class=\"wp-image-83431 size-full\" srcset=\"\" data-srcset=\"https:\/\/hi-techwonder.com\/wp-content\/uploads\/2025\/08\/DJI-Mic-3-2-TX-1-RX-Charging-Case_2-1024x1024.jpg 1024w, https:\/\/hi-techwonder.com\/wp-content\/uploads\/2025\/08\/DJI-Mic-3-2-TX-1-RX-Charging-Case_2-300x300.jpg 300w, https:\/\/hi-techwonder.com\/wp-content\/uploads\/2025\/08\/DJI-Mic-3-2-TX-1-RX-Charging-Case_2-150x150.jpg 150w, https:\/\/hi-techwonder.com\/wp-content\/uploads\/2025\/08\/DJI-Mic-3-2-TX-1-RX-Charging-Case_2-768x768.jpg 768w, https:\/\/hi-techwonder.com\/wp-content\/uploads\/2025\/08\/DJI-Mic-3-2-TX-1-RX-Charging-Case_2-600x600.jpg 600w, https:\/\/hi-techwonder.com\/wp-content\/uploads\/2025\/08\/DJI-Mic-3-2-TX-1-RX-Charging-Case_2-1200x1200.jpg 1200w, https:\/\/hi-techwonder.com\/wp-content\/uploads\/2025\/08\/DJI-Mic-3-2-TX-1-RX-Charging-Case_2.jpg 1500w\" sizes=\"auto, (max-width: 1024px) 100vw, 1024px\" \/><\/figure><div class=\"wp-block-media-text__content\">\n<h4 class=\"wp-block-heading\" id=\"caracteristicas-principais-1-1\">Qu\u00e9 incluye el DJI Mic 3 (2 TX + 1 RX + Estuche de carga)<\/h4>\n\n\n\n<ul class=\"wp-block-list\">\n<li>2 \u00d7 Transmisores<\/li>\n\n\n\n<li>1 \u00d7 Receptor<\/li>\n\n\n\n<li>1 \u00d7 Estuche de carga<\/li>\n\n\n\n<li>1 \u00d7 Adaptador para smartphone (USB-C)<\/li>\n\n\n\n<li>1 \u00d7 Cable de datos USB-C a USB-C<\/li>\n\n\n\n<li>1 \u00d7 Cable de audio con bloqueo (3.5 mm TRS a TRS)<\/li>\n\n\n\n<li>2 \u00d7 Protectores de viento (Negro\/Gris)<\/li>\n\n\n\n<li>2 \u00d7 Protectores de viento (Negro)<\/li>\n\n\n\n<li>2 \u00d7 Imanes<\/li>\n\n\n\n<li>2 \u00d7 Clips magn\u00e9ticos<\/li>\n\n\n\n<li>1 \u00d7 Bolsa de transporte<\/li>\n<\/ul>\n<\/div><\/div>\n\n\n\n<figure class=\"wp-block-gallery has-nested-images columns-default is-cropped wp-block-gallery-1 is-layout-flex wp-block-gallery-is-layout-flex\">\n<figure class=\"wp-block-image size-large\"><img loading=\"lazy\" decoding=\"async\" width=\"1024\" height=\"369\" data-id=\"83475\" src=\"https:\/\/hi-techwonder.com\/wp-content\/themes\/woodmart\/images\/lazy.svg\" data-src=\"https:\/\/hi-techwonder.com\/wp-content\/uploads\/2025\/08\/DJI-Mic-3-2-TX-1-RX-Charging-Case_5-1024x369.jpg\" alt=\"Imagem do kit microfone DJI Mic 3, em cima de uma mesa.\" class=\"wp-image-83475\" srcset=\"\" data-srcset=\"https:\/\/hi-techwonder.com\/wp-content\/uploads\/2025\/08\/DJI-Mic-3-2-TX-1-RX-Charging-Case_5-1024x369.jpg 1024w, https:\/\/hi-techwonder.com\/wp-content\/uploads\/2025\/08\/DJI-Mic-3-2-TX-1-RX-Charging-Case_5-300x108.jpg 300w, https:\/\/hi-techwonder.com\/wp-content\/uploads\/2025\/08\/DJI-Mic-3-2-TX-1-RX-Charging-Case_5-768x276.jpg 768w, https:\/\/hi-techwonder.com\/wp-content\/uploads\/2025\/08\/DJI-Mic-3-2-TX-1-RX-Charging-Case_5-1200x432.jpg 1200w, https:\/\/hi-techwonder.com\/wp-content\/uploads\/2025\/08\/DJI-Mic-3-2-TX-1-RX-Charging-Case_5-150x54.jpg 150w, https:\/\/hi-techwonder.com\/wp-content\/uploads\/2025\/08\/DJI-Mic-3-2-TX-1-RX-Charging-Case_5.jpg 1500w\" sizes=\"auto, (max-width: 1024px) 100vw, 1024px\" \/><\/figure>\n<\/figure>\n\n\n\n<h4 class=\"wp-block-heading\" id=\"a-1\">Especificaciones T\u00e9cnicas<\/h4>\n\n\n\n<figure class=\"wp-block-table\"><table class=\"has-fixed-layout\"><thead><tr><th>Componente<\/th><th>Detalles<\/th><\/tr><\/thead><tbody><tr><td>Modelo TX<\/td><td>DMT03<\/td><\/tr><tr><td>Dimensiones TX<\/td><td>28,77 \u00d7 28,34 \u00d7 16,35 mm<\/td><\/tr><tr><td>Peso TX<\/td><td>16 g<\/td><\/tr><tr><td>Modelo RX<\/td><td>DMR03<\/td><\/tr><tr><td>Dimensiones RX<\/td><td>53,85 \u00d7 28,69 \u00d7 22 mm<\/td><\/tr><tr><td>Peso RX<\/td><td>25,1 g<\/td><\/tr><tr><td>Estuche de carga<\/td><td>106,3 \u00d7 42,5 \u00d7 59,2 mm \u2013 164,1 g<\/td><\/tr><tr><td>Patr\u00f3n polar<\/td><td>Omnidireccional<\/td><\/tr><tr><td>Respuesta de frecuencia<\/td><td>20 Hz \u2013 20\/24 kHz<\/td><\/tr><tr><td>SNR<\/td><td>72 dB<\/td><\/tr><tr><td>SPL M\u00e1x.<\/td><td>130 dB SPL<\/td><\/tr><tr><td>Grabaci\u00f3n interna<\/td><td>24-bit \/ 32-bit float<\/td><\/tr><tr><td>Conectividad<\/td><td>USB-C, TRS 3,5 mm, TRRS, Bluetooth 5.4<\/td><\/tr><tr><td>Alcance m\u00e1ximo<\/td><td>400 m (l\u00ednea de visi\u00f3n)<\/td><\/tr><tr><td>Bater\u00eda TX<\/td><td>137 mAh \u2013 hasta 8 h<\/td><\/tr><tr><td>Bater\u00eda RX<\/td><td>275 mAh \u2013 hasta 10 h<\/td><\/tr><tr><td>Bater\u00eda Estuche<\/td><td>1950 mAh \u2013 hasta 2,4 cargas adicionales<\/td><\/tr><tr><td>Carga r\u00e1pida<\/td><td>5 min = hasta 2 h de uso<\/td><\/tr><tr><td>Autonom\u00eda total<\/td><td>hasta 28 h (con estuche de carga)<\/td><\/tr><tr><td>Compatibilidad<\/td><td>C\u00e1maras, smartphones, ordenadores, dispositivos DJI <a href=\"https:\/\/hi-techwonder.com\/es\/producto\/dji-osmo-360\/\" data-type=\"link\" data-id=\"https:\/\/hi-techwonder.com\/es\/producto\/dji-osmo-360\/\">Osmo<\/a> \/ <a href=\"https:\/\/hi-techwonder.com\/es\/producto\/dji-osmo-pocket-3\/\" data-type=\"link\" data-id=\"https:\/\/hi-techwonder.com\/es\/producto\/dji-osmo-pocket-3\/\">Pocket <\/a>\/ <a href=\"https:\/\/hi-techwonder.com\/es\/producto\/dji-osmo-action-5-pro-combo-estandar\/\" data-type=\"link\" data-id=\"https:\/\/hi-techwonder.com\/es\/producto\/dji-osmo-action-5-pro-combo-estandar\/\">Action<\/a><\/td><\/tr><\/tbody><\/table><\/figure>\n\n\n\n<p>Descubre m\u00e1s sobre el DJI Mic 3 en el <a href=\"https:\/\/www.dji.com\/pt\" data-type=\"link\" data-id=\"https:\/\/www.dji.com\/pt\" target=\"_blank\" rel=\"noopener\">sitio oficial da DJI<\/a>.<\/p>\n\n\n\n<p><\/p>\n","protected":false},"excerpt":{"rendered":"<ul data-start=\"209\" data-end=\"826\">\n<li data-start=\"209\" data-end=\"272\">Sistema de grabaci\u00f3n de audio inal\u00e1mbrico ultracompacto y vers\u00e1til<\/li>\n<li data-start=\"209\" data-end=\"272\">Disponible en dos versiones: 2 TX + 1 RX + Estuche de Carga o 1 TX + 1 RX<\/li>\n<li data-start=\"209\" data-end=\"272\">Grabaci\u00f3n interna en 32-bit float para m\u00e1xima calidad y seguridad<\/li>\n<li data-start=\"209\" data-end=\"272\">Cancelaci\u00f3n de ruido de dos niveles y tres perfiles de tono de voz<\/li>\n<li data-start=\"209\" data-end=\"272\">Transmisi\u00f3n estable hasta 400 m (l\u00ednea de visi\u00f3n) con doble frecuencia (2,4\/5 GHz)<\/li>\n<li data-start=\"209\" data-end=\"272\">Pantalla t\u00e1ctil AMOLED de 1,1\u2019\u2019 en el receptor para control inmediato<\/li>\n<li data-start=\"209\" data-end=\"272\">Bater\u00eda con autonom\u00eda de hasta 28 horas (con la caja de carga)<\/li>\n<li data-start=\"209\" data-end=\"272\">Compatible con c\u00e1maras, smartphones, ordenadores y conexi\u00f3n directa por Bluetooth<\/li>\n<\/ul>\n","protected":false},"featured_media":83387,"comment_status":"open","ping_status":"closed","template":"","meta":{"_acf_changed":false},"product_brand":[187],"product_cat":[267],"product_tag":[],"class_list":{"0":"post-83576","1":"product","2":"type-product","3":"status-publish","4":"has-post-thumbnail","6":"product_brand-dji","7":"product_cat-kits-sem-fios","9":"first","10":"instock","11":"taxable","12":"shipping-taxable","13":"purchasable","14":"product-type-variable"},"bundled_by":["86442","98276"],"bundle_stock_status":"instock","bundle_stock_quantity":null,"bundle_virtual":false,"bundle_layout":"","bundle_add_to_cart_form_location":"","bundle_editable_in_cart":false,"bundle_sold_individually_context":"","bundle_item_grouping":"","bundle_min_size":"","bundle_max_size":"","bundle_price":[],"bundled_items":[],"bundle_sell_ids":[],"acf":[],"_links":{"self":[{"href":"https:\/\/hi-techwonder.com\/es\/wp-json\/wp\/v2\/product\/83576","targetHints":{"allow":["GET"]}}],"collection":[{"href":"https:\/\/hi-techwonder.com\/es\/wp-json\/wp\/v2\/product"}],"about":[{"href":"https:\/\/hi-techwonder.com\/es\/wp-json\/wp\/v2\/types\/product"}],"replies":[{"embeddable":true,"href":"https:\/\/hi-techwonder.com\/es\/wp-json\/wp\/v2\/comments?post=83576"}],"wp:featuredmedia":[{"embeddable":true,"href":"https:\/\/hi-techwonder.com\/es\/wp-json\/wp\/v2\/media\/83387"}],"wp:attachment":[{"href":"https:\/\/hi-techwonder.com\/es\/wp-json\/wp\/v2\/media?parent=83576"}],"wp:term":[{"taxonomy":"product_brand","embeddable":true,"href":"https:\/\/hi-techwonder.com\/es\/wp-json\/wp\/v2\/product_brand?post=83576"},{"taxonomy":"product_cat","embeddable":true,"href":"https:\/\/hi-techwonder.com\/es\/wp-json\/wp\/v2\/product_cat?post=83576"},{"taxonomy":"product_tag","embeddable":true,"href":"https:\/\/hi-techwonder.com\/es\/wp-json\/wp\/v2\/product_tag?post=83576"}],"curies":[{"name":"wp","href":"https:\/\/api.w.org\/{rel}","templated":true}]}}