{"id":83824,"date":"2025-09-02T11:12:30","date_gmt":"2025-09-02T11:12:30","guid":{"rendered":"https:\/\/hi-techwonder.com\/product\/kf-concept-sku-2316-kit-de-limpeza-p-sensor-micro-4-3-12mm\/"},"modified":"2026-01-19T14:03:04","modified_gmt":"2026-01-19T14:03:04","slug":"kf-concept-sku-2316-kit-de-limpeza-p-sensor-micro-4-3-12mm","status":"publish","type":"product","link":"https:\/\/hi-techwonder.com\/es\/producto\/kf-concept-sku-2316-kit-de-limpeza-p-sensor-micro-4-3-12mm\/","title":{"rendered":"K&#038;F CONCEPT SKU.2316 Kit de Limpeza p\/ Sensor Micro 4\/3 &#8211; 12mm"},"content":{"rendered":"\n<h2 class=\"wp-block-heading\">K&amp;F CONCEPT SKU.2316 Kit de Limpeza p\/ Sensor Micro 4\/3 &#8211; 12mm<\/h2>\n\n\n\n<p>. El <strong>K&amp;F Concept Kit de Limpieza de Sensor 12mm Micro Four-Thirds (M4\/3)<\/strong> est\u00e1 dise\u00f1ado para garantizar un mantenimiento profesional del sensor de tu c\u00e1mara, prolongando su vida \u00fatil y asegurando im\u00e1genes n\u00edtidas y sin polvo ni manchas.<br>. Los 10 swabs de 12mm, envasados individualmente, est\u00e1n fabricados con microfibra ultrafina para ofrecer una limpieza eficaz y segura, sin rayar ni dejar residuos.<br>. La soluci\u00f3n de limpieza incluida es suave, incolora, sin amon\u00edaco y no irritante, ideal para proteger sensores sensibles y superficies delicadas.<br>. Con un dise\u00f1o port\u00e1til y seguro, este kit es imprescindible para fot\u00f3grafos y vide\u00f3grafos que buscan calidad profesional en el mantenimiento de su equipo M4\/3.<\/p>\n\n\n\n<div class=\"wp-block-media-text has-media-on-the-right is-stacked-on-mobile\"><div class=\"wp-block-media-text__content\">\n<p>Pensado para fot\u00f3grafos, vide\u00f3grafos y creadores de contenido que utilizan c\u00e1maras con sensores Micro Four-Thirds y buscan un kit pr\u00e1ctico, seguro y eficaz para el mantenimiento profesional de su equipo.<\/p>\n<\/div><figure class=\"wp-block-media-text__media\"><img loading=\"lazy\" decoding=\"async\" width=\"1024\" height=\"420\" src=\"https:\/\/hi-techwonder.com\/wp-content\/themes\/woodmart\/images\/lazy.svg\" data-src=\"https:\/\/hi-techwonder.com\/wp-content\/uploads\/2025\/09\/SKU.2316_01-2-1024x420.jpg\" alt=\"\" class=\"wp-image-83777 size-full\" srcset=\"\" data-srcset=\"https:\/\/hi-techwonder.com\/wp-content\/uploads\/2025\/09\/SKU.2316_01-2-1024x420.jpg 1024w, https:\/\/hi-techwonder.com\/wp-content\/uploads\/2025\/09\/SKU.2316_01-2-300x123.jpg 300w, https:\/\/hi-techwonder.com\/wp-content\/uploads\/2025\/09\/SKU.2316_01-2-768x315.jpg 768w, https:\/\/hi-techwonder.com\/wp-content\/uploads\/2025\/09\/SKU.2316_01-2-1200x492.jpg 1200w, https:\/\/hi-techwonder.com\/wp-content\/uploads\/2025\/09\/SKU.2316_01-2-150x61.jpg 150w, https:\/\/hi-techwonder.com\/wp-content\/uploads\/2025\/09\/SKU.2316_01-2.jpg 1464w\" sizes=\"auto, (max-width: 1024px) 100vw, 1024px\" \/><\/figure><\/div>\n\n\n\n<div class=\"wp-block-media-text is-stacked-on-mobile\"><figure class=\"wp-block-media-text__media\"><img loading=\"lazy\" decoding=\"async\" width=\"1024\" height=\"1024\" src=\"https:\/\/hi-techwonder.com\/wp-content\/themes\/woodmart\/images\/lazy.svg\" data-src=\"https:\/\/hi-techwonder.com\/wp-content\/uploads\/2025\/09\/SKU.2316-1-1200x1200-3-1024x1024.jpg\" alt=\"\" class=\"wp-image-83785 size-full\" srcset=\"\" data-srcset=\"https:\/\/hi-techwonder.com\/wp-content\/uploads\/2025\/09\/SKU.2316-1-1200x1200-3-1024x1024.jpg 1024w, https:\/\/hi-techwonder.com\/wp-content\/uploads\/2025\/09\/SKU.2316-1-1200x1200-3-300x300.jpg 300w, https:\/\/hi-techwonder.com\/wp-content\/uploads\/2025\/09\/SKU.2316-1-1200x1200-3-150x150.jpg 150w, https:\/\/hi-techwonder.com\/wp-content\/uploads\/2025\/09\/SKU.2316-1-1200x1200-3-768x768.jpg 768w, https:\/\/hi-techwonder.com\/wp-content\/uploads\/2025\/09\/SKU.2316-1-1200x1200-3-600x600.jpg 600w, https:\/\/hi-techwonder.com\/wp-content\/uploads\/2025\/09\/SKU.2316-1-1200x1200-3.jpg 1200w\" sizes=\"auto, (max-width: 1024px) 100vw, 1024px\" \/><\/figure><div class=\"wp-block-media-text__content\">\n<h3 id=\"wd-dc86713d\" class=\"wp-block-wd-title title\"><strong>Contenido del Paquete<\/strong><\/h3>\n\n\n\n<p>1 x Botella de soluci\u00f3n limpiadora de 20ml<\/p>\n\n\n\n<p>10 x Swabs de limpieza de sensor 12mm (M4\/3)<\/p>\n<\/div><\/div>\n\n\n\n<div class=\"wp-block-media-text has-media-on-the-right is-stacked-on-mobile\"><div class=\"wp-block-media-text__content\">\n<p id=\"wd-244c0e52\" class=\"wp-block-wd-paragraph\">Kit dise\u00f1ado espec\u00edficamente para sensores Micro Four-Thirds de 12mm.<\/p>\n\n\n\n<p id=\"wd-76d7ccdc\" class=\"wp-block-wd-paragraph\">10 swabs esterilizados, envasados individualmente para mayor protecci\u00f3n.<\/p>\n\n\n\n<p id=\"wd-d1cfe84e\" class=\"wp-block-wd-paragraph\">Soluci\u00f3n de limpieza suave, incolora y de baja toxicidad.<\/p>\n\n\n\n<p id=\"wd-7da26d32\" class=\"wp-block-wd-paragraph\">Cabezal de los swabs recubierto con microfibra ultrafina para m\u00e1xima eficacia.<\/p>\n\n\n\n<p id=\"wd-36737d91\" class=\"wp-block-wd-paragraph\">Mango flexible para una aplicaci\u00f3n precisa y segura.<\/p>\n\n\n\n<p id=\"wd-6c60105f\" class=\"wp-block-wd-paragraph\">Limpieza sin dejar residuos ni rayar la superficie del sensor.<\/p>\n\n\n\n<p id=\"wd-2a240cf6\" class=\"wp-block-wd-paragraph\">Producto port\u00e1til, ideal para fot\u00f3grafos y vide\u00f3grafos.<\/p>\n\n\n\n<p>Soluci\u00f3n profesional para el mantenimiento del equipo.<\/p>\n<\/div><figure class=\"wp-block-media-text__media\"><img loading=\"lazy\" decoding=\"async\" width=\"1024\" height=\"1024\" src=\"https:\/\/hi-techwonder.com\/wp-content\/themes\/woodmart\/images\/lazy.svg\" data-src=\"https:\/\/hi-techwonder.com\/wp-content\/uploads\/2025\/09\/SKU.2316-8-1200x1200-3-1024x1024.jpg\" alt=\"\" class=\"wp-image-83789 size-full\" srcset=\"\" data-srcset=\"https:\/\/hi-techwonder.com\/wp-content\/uploads\/2025\/09\/SKU.2316-8-1200x1200-3-1024x1024.jpg 1024w, https:\/\/hi-techwonder.com\/wp-content\/uploads\/2025\/09\/SKU.2316-8-1200x1200-3-300x300.jpg 300w, https:\/\/hi-techwonder.com\/wp-content\/uploads\/2025\/09\/SKU.2316-8-1200x1200-3-150x150.jpg 150w, https:\/\/hi-techwonder.com\/wp-content\/uploads\/2025\/09\/SKU.2316-8-1200x1200-3-768x768.jpg 768w, https:\/\/hi-techwonder.com\/wp-content\/uploads\/2025\/09\/SKU.2316-8-1200x1200-3-600x600.jpg 600w, https:\/\/hi-techwonder.com\/wp-content\/uploads\/2025\/09\/SKU.2316-8-1200x1200-3.jpg 1200w\" sizes=\"auto, (max-width: 1024px) 100vw, 1024px\" \/><\/figure><\/div>\n\n\n\n<figure class=\"wp-block-gallery has-nested-images columns-default is-cropped wp-block-gallery-1 is-layout-flex wp-block-gallery-is-layout-flex\">\n<figure class=\"wp-block-image size-large\"><img loading=\"lazy\" decoding=\"async\" width=\"1024\" height=\"420\" data-id=\"83818\" src=\"https:\/\/hi-techwonder.com\/wp-content\/themes\/woodmart\/images\/lazy.svg\" data-src=\"https:\/\/hi-techwonder.com\/wp-content\/uploads\/2025\/09\/SKU.2316_01-3-1024x420.jpg\" alt=\"\" class=\"wp-image-83818\" srcset=\"\" data-srcset=\"https:\/\/hi-techwonder.com\/wp-content\/uploads\/2025\/09\/SKU.2316_01-3-1024x420.jpg 1024w, https:\/\/hi-techwonder.com\/wp-content\/uploads\/2025\/09\/SKU.2316_01-3-300x123.jpg 300w, https:\/\/hi-techwonder.com\/wp-content\/uploads\/2025\/09\/SKU.2316_01-3-768x315.jpg 768w, https:\/\/hi-techwonder.com\/wp-content\/uploads\/2025\/09\/SKU.2316_01-3-1200x492.jpg 1200w, https:\/\/hi-techwonder.com\/wp-content\/uploads\/2025\/09\/SKU.2316_01-3-150x61.jpg 150w, https:\/\/hi-techwonder.com\/wp-content\/uploads\/2025\/09\/SKU.2316_01-3.jpg 1464w\" sizes=\"auto, (max-width: 1024px) 100vw, 1024px\" \/><\/figure>\n\n\n\n<figure class=\"wp-block-image size-large\"><img loading=\"lazy\" decoding=\"async\" width=\"1024\" height=\"420\" data-id=\"83806\" src=\"https:\/\/hi-techwonder.com\/wp-content\/themes\/woodmart\/images\/lazy.svg\" data-src=\"https:\/\/hi-techwonder.com\/wp-content\/uploads\/2025\/09\/SKU.2316_03-1-1024x420.jpg\" alt=\"\" class=\"wp-image-83806\" srcset=\"\" data-srcset=\"https:\/\/hi-techwonder.com\/wp-content\/uploads\/2025\/09\/SKU.2316_03-1-1024x420.jpg 1024w, https:\/\/hi-techwonder.com\/wp-content\/uploads\/2025\/09\/SKU.2316_03-1-300x123.jpg 300w, https:\/\/hi-techwonder.com\/wp-content\/uploads\/2025\/09\/SKU.2316_03-1-768x315.jpg 768w, https:\/\/hi-techwonder.com\/wp-content\/uploads\/2025\/09\/SKU.2316_03-1-1200x492.jpg 1200w, https:\/\/hi-techwonder.com\/wp-content\/uploads\/2025\/09\/SKU.2316_03-1-150x61.jpg 150w, https:\/\/hi-techwonder.com\/wp-content\/uploads\/2025\/09\/SKU.2316_03-1.jpg 1464w\" sizes=\"auto, (max-width: 1024px) 100vw, 1024px\" \/><\/figure>\n\n\n\n<figure class=\"wp-block-image size-large\"><img loading=\"lazy\" decoding=\"async\" width=\"1024\" height=\"420\" data-id=\"83793\" src=\"https:\/\/hi-techwonder.com\/wp-content\/themes\/woodmart\/images\/lazy.svg\" data-src=\"https:\/\/hi-techwonder.com\/wp-content\/uploads\/2025\/09\/SKU.2316_05-1-1024x420.jpg\" alt=\"\" class=\"wp-image-83793\" srcset=\"\" data-srcset=\"https:\/\/hi-techwonder.com\/wp-content\/uploads\/2025\/09\/SKU.2316_05-1-1024x420.jpg 1024w, https:\/\/hi-techwonder.com\/wp-content\/uploads\/2025\/09\/SKU.2316_05-1-300x123.jpg 300w, https:\/\/hi-techwonder.com\/wp-content\/uploads\/2025\/09\/SKU.2316_05-1-768x315.jpg 768w, https:\/\/hi-techwonder.com\/wp-content\/uploads\/2025\/09\/SKU.2316_05-1-1200x492.jpg 1200w, https:\/\/hi-techwonder.com\/wp-content\/uploads\/2025\/09\/SKU.2316_05-1-150x61.jpg 150w, https:\/\/hi-techwonder.com\/wp-content\/uploads\/2025\/09\/SKU.2316_05-1.jpg 1464w\" sizes=\"auto, (max-width: 1024px) 100vw, 1024px\" \/><\/figure>\n\n\n\n<figure class=\"wp-block-image size-large\"><img loading=\"lazy\" decoding=\"async\" width=\"1024\" height=\"420\" data-id=\"83796\" src=\"https:\/\/hi-techwonder.com\/wp-content\/themes\/woodmart\/images\/lazy.svg\" data-src=\"https:\/\/hi-techwonder.com\/wp-content\/uploads\/2025\/09\/SKU.2316_06-1-1024x420.jpg\" alt=\"\" class=\"wp-image-83796\" srcset=\"\" data-srcset=\"https:\/\/hi-techwonder.com\/wp-content\/uploads\/2025\/09\/SKU.2316_06-1-1024x420.jpg 1024w, https:\/\/hi-techwonder.com\/wp-content\/uploads\/2025\/09\/SKU.2316_06-1-300x123.jpg 300w, https:\/\/hi-techwonder.com\/wp-content\/uploads\/2025\/09\/SKU.2316_06-1-768x315.jpg 768w, https:\/\/hi-techwonder.com\/wp-content\/uploads\/2025\/09\/SKU.2316_06-1-1200x492.jpg 1200w, https:\/\/hi-techwonder.com\/wp-content\/uploads\/2025\/09\/SKU.2316_06-1-150x61.jpg 150w, https:\/\/hi-techwonder.com\/wp-content\/uploads\/2025\/09\/SKU.2316_06-1.jpg 1464w\" sizes=\"auto, (max-width: 1024px) 100vw, 1024px\" \/><\/figure>\n\n\n\n<figure class=\"wp-block-image size-large\"><img loading=\"lazy\" decoding=\"async\" width=\"1024\" height=\"420\" data-id=\"83813\" src=\"https:\/\/hi-techwonder.com\/wp-content\/themes\/woodmart\/images\/lazy.svg\" data-src=\"https:\/\/hi-techwonder.com\/wp-content\/uploads\/2025\/09\/SKU.2316_07-1-1024x420.jpg\" alt=\"\" class=\"wp-image-83813\" srcset=\"\" data-srcset=\"https:\/\/hi-techwonder.com\/wp-content\/uploads\/2025\/09\/SKU.2316_07-1-1024x420.jpg 1024w, https:\/\/hi-techwonder.com\/wp-content\/uploads\/2025\/09\/SKU.2316_07-1-300x123.jpg 300w, https:\/\/hi-techwonder.com\/wp-content\/uploads\/2025\/09\/SKU.2316_07-1-768x315.jpg 768w, https:\/\/hi-techwonder.com\/wp-content\/uploads\/2025\/09\/SKU.2316_07-1-1200x492.jpg 1200w, https:\/\/hi-techwonder.com\/wp-content\/uploads\/2025\/09\/SKU.2316_07-1-150x61.jpg 150w, https:\/\/hi-techwonder.com\/wp-content\/uploads\/2025\/09\/SKU.2316_07-1.jpg 1464w\" sizes=\"auto, (max-width: 1024px) 100vw, 1024px\" \/><\/figure>\n\n\n\n<figure class=\"wp-block-image size-large\"><img loading=\"lazy\" decoding=\"async\" width=\"1024\" height=\"420\" data-id=\"83814\" src=\"https:\/\/hi-techwonder.com\/wp-content\/themes\/woodmart\/images\/lazy.svg\" data-src=\"https:\/\/hi-techwonder.com\/wp-content\/uploads\/2025\/09\/SKU.2316_09-1-1024x420.jpg\" alt=\"\" class=\"wp-image-83814\" srcset=\"\" data-srcset=\"https:\/\/hi-techwonder.com\/wp-content\/uploads\/2025\/09\/SKU.2316_09-1-1024x420.jpg 1024w, https:\/\/hi-techwonder.com\/wp-content\/uploads\/2025\/09\/SKU.2316_09-1-300x123.jpg 300w, https:\/\/hi-techwonder.com\/wp-content\/uploads\/2025\/09\/SKU.2316_09-1-768x315.jpg 768w, https:\/\/hi-techwonder.com\/wp-content\/uploads\/2025\/09\/SKU.2316_09-1-1200x492.jpg 1200w, https:\/\/hi-techwonder.com\/wp-content\/uploads\/2025\/09\/SKU.2316_09-1-150x61.jpg 150w, https:\/\/hi-techwonder.com\/wp-content\/uploads\/2025\/09\/SKU.2316_09-1.jpg 1464w\" sizes=\"auto, (max-width: 1024px) 100vw, 1024px\" \/><\/figure>\n\n\n\n<figure class=\"wp-block-image size-large\"><img loading=\"lazy\" decoding=\"async\" width=\"1024\" height=\"1024\" data-id=\"83794\" src=\"https:\/\/hi-techwonder.com\/wp-content\/themes\/woodmart\/images\/lazy.svg\" data-src=\"https:\/\/hi-techwonder.com\/wp-content\/uploads\/2025\/09\/SKU.2316-1-1200x1200-4-1024x1024.jpg\" alt=\"\" class=\"wp-image-83794\" srcset=\"\" data-srcset=\"https:\/\/hi-techwonder.com\/wp-content\/uploads\/2025\/09\/SKU.2316-1-1200x1200-4-1024x1024.jpg 1024w, https:\/\/hi-techwonder.com\/wp-content\/uploads\/2025\/09\/SKU.2316-1-1200x1200-4-300x300.jpg 300w, https:\/\/hi-techwonder.com\/wp-content\/uploads\/2025\/09\/SKU.2316-1-1200x1200-4-150x150.jpg 150w, https:\/\/hi-techwonder.com\/wp-content\/uploads\/2025\/09\/SKU.2316-1-1200x1200-4-768x768.jpg 768w, https:\/\/hi-techwonder.com\/wp-content\/uploads\/2025\/09\/SKU.2316-1-1200x1200-4-600x600.jpg 600w, https:\/\/hi-techwonder.com\/wp-content\/uploads\/2025\/09\/SKU.2316-1-1200x1200-4.jpg 1200w\" sizes=\"auto, (max-width: 1024px) 100vw, 1024px\" \/><\/figure>\n\n\n\n<figure class=\"wp-block-image size-large\"><img loading=\"lazy\" decoding=\"async\" width=\"1024\" height=\"1024\" data-id=\"83801\" src=\"https:\/\/hi-techwonder.com\/wp-content\/themes\/woodmart\/images\/lazy.svg\" data-src=\"https:\/\/hi-techwonder.com\/wp-content\/uploads\/2025\/09\/SKU.2316-2-1200x1200-2-1024x1024.jpg\" alt=\"\" class=\"wp-image-83801\" srcset=\"\" data-srcset=\"https:\/\/hi-techwonder.com\/wp-content\/uploads\/2025\/09\/SKU.2316-2-1200x1200-2-1024x1024.jpg 1024w, https:\/\/hi-techwonder.com\/wp-content\/uploads\/2025\/09\/SKU.2316-2-1200x1200-2-300x300.jpg 300w, https:\/\/hi-techwonder.com\/wp-content\/uploads\/2025\/09\/SKU.2316-2-1200x1200-2-150x150.jpg 150w, https:\/\/hi-techwonder.com\/wp-content\/uploads\/2025\/09\/SKU.2316-2-1200x1200-2-768x768.jpg 768w, https:\/\/hi-techwonder.com\/wp-content\/uploads\/2025\/09\/SKU.2316-2-1200x1200-2-600x600.jpg 600w, https:\/\/hi-techwonder.com\/wp-content\/uploads\/2025\/09\/SKU.2316-2-1200x1200-2.jpg 1200w\" sizes=\"auto, (max-width: 1024px) 100vw, 1024px\" \/><\/figure>\n\n\n\n<figure class=\"wp-block-image size-large\"><img loading=\"lazy\" decoding=\"async\" width=\"1024\" height=\"1024\" data-id=\"83803\" src=\"https:\/\/hi-techwonder.com\/wp-content\/themes\/woodmart\/images\/lazy.svg\" data-src=\"https:\/\/hi-techwonder.com\/wp-content\/uploads\/2025\/09\/SKU.2316-3-1200x1200-3-1024x1024.jpg\" alt=\"\" class=\"wp-image-83803\" srcset=\"\" data-srcset=\"https:\/\/hi-techwonder.com\/wp-content\/uploads\/2025\/09\/SKU.2316-3-1200x1200-3-1024x1024.jpg 1024w, https:\/\/hi-techwonder.com\/wp-content\/uploads\/2025\/09\/SKU.2316-3-1200x1200-3-300x300.jpg 300w, https:\/\/hi-techwonder.com\/wp-content\/uploads\/2025\/09\/SKU.2316-3-1200x1200-3-150x150.jpg 150w, https:\/\/hi-techwonder.com\/wp-content\/uploads\/2025\/09\/SKU.2316-3-1200x1200-3-768x768.jpg 768w, https:\/\/hi-techwonder.com\/wp-content\/uploads\/2025\/09\/SKU.2316-3-1200x1200-3-600x600.jpg 600w, https:\/\/hi-techwonder.com\/wp-content\/uploads\/2025\/09\/SKU.2316-3-1200x1200-3.jpg 1200w\" sizes=\"auto, (max-width: 1024px) 100vw, 1024px\" \/><\/figure>\n\n\n\n<figure class=\"wp-block-image size-large\"><img loading=\"lazy\" decoding=\"async\" width=\"1024\" height=\"1024\" data-id=\"83808\" src=\"https:\/\/hi-techwonder.com\/wp-content\/themes\/woodmart\/images\/lazy.svg\" data-src=\"https:\/\/hi-techwonder.com\/wp-content\/uploads\/2025\/09\/SKU.2316-4-1200x1200-2-1024x1024.jpg\" alt=\"\" class=\"wp-image-83808\" srcset=\"\" data-srcset=\"https:\/\/hi-techwonder.com\/wp-content\/uploads\/2025\/09\/SKU.2316-4-1200x1200-2-1024x1024.jpg 1024w, https:\/\/hi-techwonder.com\/wp-content\/uploads\/2025\/09\/SKU.2316-4-1200x1200-2-300x300.jpg 300w, https:\/\/hi-techwonder.com\/wp-content\/uploads\/2025\/09\/SKU.2316-4-1200x1200-2-150x150.jpg 150w, https:\/\/hi-techwonder.com\/wp-content\/uploads\/2025\/09\/SKU.2316-4-1200x1200-2-768x768.jpg 768w, https:\/\/hi-techwonder.com\/wp-content\/uploads\/2025\/09\/SKU.2316-4-1200x1200-2-600x600.jpg 600w, https:\/\/hi-techwonder.com\/wp-content\/uploads\/2025\/09\/SKU.2316-4-1200x1200-2.jpg 1200w\" sizes=\"auto, (max-width: 1024px) 100vw, 1024px\" \/><\/figure>\n\n\n\n<figure class=\"wp-block-image size-large\"><img loading=\"lazy\" decoding=\"async\" width=\"1024\" height=\"1024\" data-id=\"83805\" src=\"https:\/\/hi-techwonder.com\/wp-content\/themes\/woodmart\/images\/lazy.svg\" data-src=\"https:\/\/hi-techwonder.com\/wp-content\/uploads\/2025\/09\/SKU.2316-5-1200x1200-2-1024x1024.jpg\" alt=\"\" class=\"wp-image-83805\" srcset=\"\" data-srcset=\"https:\/\/hi-techwonder.com\/wp-content\/uploads\/2025\/09\/SKU.2316-5-1200x1200-2-1024x1024.jpg 1024w, https:\/\/hi-techwonder.com\/wp-content\/uploads\/2025\/09\/SKU.2316-5-1200x1200-2-300x300.jpg 300w, https:\/\/hi-techwonder.com\/wp-content\/uploads\/2025\/09\/SKU.2316-5-1200x1200-2-150x150.jpg 150w, https:\/\/hi-techwonder.com\/wp-content\/uploads\/2025\/09\/SKU.2316-5-1200x1200-2-768x768.jpg 768w, https:\/\/hi-techwonder.com\/wp-content\/uploads\/2025\/09\/SKU.2316-5-1200x1200-2-600x600.jpg 600w, https:\/\/hi-techwonder.com\/wp-content\/uploads\/2025\/09\/SKU.2316-5-1200x1200-2.jpg 1200w\" sizes=\"auto, (max-width: 1024px) 100vw, 1024px\" \/><\/figure>\n\n\n\n<figure class=\"wp-block-image size-large\"><img loading=\"lazy\" decoding=\"async\" width=\"1024\" height=\"1024\" data-id=\"83797\" src=\"https:\/\/hi-techwonder.com\/wp-content\/themes\/woodmart\/images\/lazy.svg\" data-src=\"https:\/\/hi-techwonder.com\/wp-content\/uploads\/2025\/09\/SKU.2316-6-1200x1200-2-1024x1024.jpg\" alt=\"\" class=\"wp-image-83797\" srcset=\"\" data-srcset=\"https:\/\/hi-techwonder.com\/wp-content\/uploads\/2025\/09\/SKU.2316-6-1200x1200-2-1024x1024.jpg 1024w, https:\/\/hi-techwonder.com\/wp-content\/uploads\/2025\/09\/SKU.2316-6-1200x1200-2-300x300.jpg 300w, https:\/\/hi-techwonder.com\/wp-content\/uploads\/2025\/09\/SKU.2316-6-1200x1200-2-150x150.jpg 150w, https:\/\/hi-techwonder.com\/wp-content\/uploads\/2025\/09\/SKU.2316-6-1200x1200-2-768x768.jpg 768w, https:\/\/hi-techwonder.com\/wp-content\/uploads\/2025\/09\/SKU.2316-6-1200x1200-2-600x600.jpg 600w, https:\/\/hi-techwonder.com\/wp-content\/uploads\/2025\/09\/SKU.2316-6-1200x1200-2.jpg 1200w\" sizes=\"auto, (max-width: 1024px) 100vw, 1024px\" \/><\/figure>\n\n\n\n<figure class=\"wp-block-image size-large\"><img loading=\"lazy\" decoding=\"async\" width=\"1024\" height=\"1024\" data-id=\"83809\" src=\"https:\/\/hi-techwonder.com\/wp-content\/themes\/woodmart\/images\/lazy.svg\" data-src=\"https:\/\/hi-techwonder.com\/wp-content\/uploads\/2025\/09\/SKU.2316-7-1200x1200-2-1024x1024.jpg\" alt=\"\" class=\"wp-image-83809\" srcset=\"\" data-srcset=\"https:\/\/hi-techwonder.com\/wp-content\/uploads\/2025\/09\/SKU.2316-7-1200x1200-2-1024x1024.jpg 1024w, https:\/\/hi-techwonder.com\/wp-content\/uploads\/2025\/09\/SKU.2316-7-1200x1200-2-300x300.jpg 300w, https:\/\/hi-techwonder.com\/wp-content\/uploads\/2025\/09\/SKU.2316-7-1200x1200-2-150x150.jpg 150w, https:\/\/hi-techwonder.com\/wp-content\/uploads\/2025\/09\/SKU.2316-7-1200x1200-2-768x768.jpg 768w, https:\/\/hi-techwonder.com\/wp-content\/uploads\/2025\/09\/SKU.2316-7-1200x1200-2-600x600.jpg 600w, https:\/\/hi-techwonder.com\/wp-content\/uploads\/2025\/09\/SKU.2316-7-1200x1200-2.jpg 1200w\" sizes=\"auto, (max-width: 1024px) 100vw, 1024px\" \/><\/figure>\n\n\n\n<figure class=\"wp-block-image size-large\"><img loading=\"lazy\" decoding=\"async\" width=\"1024\" height=\"1024\" data-id=\"83817\" src=\"https:\/\/hi-techwonder.com\/wp-content\/themes\/woodmart\/images\/lazy.svg\" data-src=\"https:\/\/hi-techwonder.com\/wp-content\/uploads\/2025\/09\/SKU.2316-8-1200x1200-4-1024x1024.jpg\" alt=\"\" class=\"wp-image-83817\" srcset=\"\" data-srcset=\"https:\/\/hi-techwonder.com\/wp-content\/uploads\/2025\/09\/SKU.2316-8-1200x1200-4-1024x1024.jpg 1024w, https:\/\/hi-techwonder.com\/wp-content\/uploads\/2025\/09\/SKU.2316-8-1200x1200-4-300x300.jpg 300w, https:\/\/hi-techwonder.com\/wp-content\/uploads\/2025\/09\/SKU.2316-8-1200x1200-4-150x150.jpg 150w, https:\/\/hi-techwonder.com\/wp-content\/uploads\/2025\/09\/SKU.2316-8-1200x1200-4-768x768.jpg 768w, https:\/\/hi-techwonder.com\/wp-content\/uploads\/2025\/09\/SKU.2316-8-1200x1200-4-600x600.jpg 600w, https:\/\/hi-techwonder.com\/wp-content\/uploads\/2025\/09\/SKU.2316-8-1200x1200-4.jpg 1200w\" sizes=\"auto, (max-width: 1024px) 100vw, 1024px\" \/><\/figure>\n<\/figure>\n\n\n\n<figure class=\"wp-block-table\"><table class=\"has-fixed-layout\"><thead><tr><th><strong>Especificaci\u00f3n<\/strong><\/th><th><strong>Detalle<\/strong><\/th><\/tr><\/thead><tbody><tr><td>Tipo de producto<\/td><td>Kit de limpieza para sensor M4\/3<\/td><\/tr><tr><td>Compatibilidad<\/td><td>Sensores Micro Four-Thirds (M4\/3)<\/td><\/tr><tr><td>Cantidad de swabs<\/td><td>10 unidades<\/td><\/tr><tr><td>Anchura de los swabs<\/td><td>12 mm<\/td><\/tr><tr><td>Volumen de la soluci\u00f3n<\/td><td>20 ml<\/td><\/tr><tr><td>Material del cabezal<\/td><td>Microfibra ultrafina<\/td><\/tr><tr><td>Envasado de los swabs<\/td><td>Sellado individual y al vac\u00edo<\/td><\/tr><tr><td>F\u00f3rmula de la soluci\u00f3n<\/td><td>Incolora, no irritante, sin amon\u00edaco<\/td><\/tr><\/tbody><\/table><\/figure>\n","protected":false},"excerpt":{"rendered":"<ul>\n<li data-start=\"147\" data-end=\"227\">\n<ul>\n<li data-start=\"151\" data-end=\"234\">\n<p data-start=\"153\" data-end=\"234\">Kit completo para la limpieza profesional de sensores Micro Four-Thirds (M4\/3).<\/p>\n<\/li>\n<li data-start=\"235\" data-end=\"303\">\n<p data-start=\"237\" data-end=\"303\">Incluye 10 swabs de 12mm envasados al vac\u00edo para m\u00e1xima higiene.<\/p>\n<\/li>\n<li data-start=\"304\" data-end=\"360\">\n<p data-start=\"306\" data-end=\"360\">Soluci\u00f3n de limpieza suave, incolora y no irritante.<\/p>\n<\/li>\n<li data-start=\"361\" data-end=\"427\">\n<p data-start=\"363\" data-end=\"427\">Mango flexible para un contacto seguro y eficaz con el sensor.<\/p>\n<\/li>\n<li data-start=\"428\" data-end=\"486\">\n<p data-start=\"430\" data-end=\"486\">Elimina polvo, manchas y residuos sin da\u00f1ar el sensor.<\/p>\n<\/li>\n<li data-start=\"487\" data-end=\"550\">\n<p data-start=\"489\" data-end=\"550\">Ideal para c\u00e1maras Olympus, Panasonic y otros modelos M4\/3.<\/p>\n<\/li>\n<li data-start=\"551\" data-end=\"597\">\n<p data-start=\"553\" data-end=\"597\">Producto port\u00e1til, seguro y f\u00e1cil de usar.<\/p>\n<\/li>\n<li data-start=\"598\" data-end=\"643\">\n<p data-start=\"600\" data-end=\"643\">F\u00f3rmula sin amon\u00edaco y de baja toxicidad.<\/p>\n<\/li>\n<\/ul>\n<\/li>\n<\/ul>\n","protected":false},"featured_media":83664,"comment_status":"open","ping_status":"closed","template":"","meta":{"_acf_changed":false},"product_brand":[2562],"product_cat":[920],"product_tag":[],"class_list":{"0":"post-83824","1":"product","2":"type-product","3":"status-publish","4":"has-post-thumbnail","6":"product_brand-kf-concept-es","7":"product_cat-limpieza","9":"first","10":"instock","11":"taxable","12":"shipping-taxable","13":"purchasable","14":"product-type-simple"},"bundled_by":[],"bundle_stock_status":"instock","bundle_stock_quantity":1,"bundle_virtual":false,"bundle_layout":"","bundle_add_to_cart_form_location":"","bundle_editable_in_cart":false,"bundle_sold_individually_context":"","bundle_item_grouping":"","bundle_min_size":"","bundle_max_size":"","bundle_price":[],"bundled_items":[],"bundle_sell_ids":[],"acf":[],"_links":{"self":[{"href":"https:\/\/hi-techwonder.com\/es\/wp-json\/wp\/v2\/product\/83824","targetHints":{"allow":["GET"]}}],"collection":[{"href":"https:\/\/hi-techwonder.com\/es\/wp-json\/wp\/v2\/product"}],"about":[{"href":"https:\/\/hi-techwonder.com\/es\/wp-json\/wp\/v2\/types\/product"}],"replies":[{"embeddable":true,"href":"https:\/\/hi-techwonder.com\/es\/wp-json\/wp\/v2\/comments?post=83824"}],"wp:featuredmedia":[{"embeddable":true,"href":"https:\/\/hi-techwonder.com\/es\/wp-json\/wp\/v2\/media\/83664"}],"wp:attachment":[{"href":"https:\/\/hi-techwonder.com\/es\/wp-json\/wp\/v2\/media?parent=83824"}],"wp:term":[{"taxonomy":"product_brand","embeddable":true,"href":"https:\/\/hi-techwonder.com\/es\/wp-json\/wp\/v2\/product_brand?post=83824"},{"taxonomy":"product_cat","embeddable":true,"href":"https:\/\/hi-techwonder.com\/es\/wp-json\/wp\/v2\/product_cat?post=83824"},{"taxonomy":"product_tag","embeddable":true,"href":"https:\/\/hi-techwonder.com\/es\/wp-json\/wp\/v2\/product_tag?post=83824"}],"curies":[{"name":"wp","href":"https:\/\/api.w.org\/{rel}","templated":true}]}}