{"id":83857,"date":"2025-09-02T13:34:49","date_gmt":"2025-09-02T13:34:49","guid":{"rendered":"https:\/\/hi-techwonder.com\/product\/kf-concept-kf28-0059-mini-bateria-v-mount-50-wh-3400-mah-rapid-charge-65-w-pd-type-c\/"},"modified":"2025-10-31T18:23:45","modified_gmt":"2025-10-31T18:23:45","slug":"kf-concept-kf28-0059-mini-bateria-v-mount-50-wh-3400-mah-rapid-charge-65-w-pd-type-c","status":"publish","type":"product","link":"https:\/\/hi-techwonder.com\/es\/producto\/kf-concept-kf28-0059-mini-bateria-v-mount-50-wh-3400-mah-rapid-charge-65-w-pd-type-c\/","title":{"rendered":"K&#038;F CONCEPT KF28.0059 Bater\u00eda Mini V-Mount 65W 3400mAh PD Type-C"},"content":{"rendered":"\n<h2 class=\"wp-block-heading\">K&amp;F CONCEPT KF28.0059 <strong>Bater\u00eda Mini V-Mount 65W 3400mAh PD Type-C<\/strong><\/h2>\n\n\n\n<p id=\"wd-67a7b9fb\" class=\"wp-block-wd-paragraph\">. Potencia de salida PD de hasta 65W y entrada r\u00e1pida USB-C de 45W, bater\u00eda totalmente cargada en menos de 2 horas.<\/p>\n\n\n\n<p id=\"wd-0702a24c\" class=\"wp-block-wd-paragraph\">. Capacidad de 50Wh (14,8V \/ 3400mAh), suficiente para m\u00faltiples cargas de dispositivos m\u00f3viles y equipos de grabaci\u00f3n.<\/p>\n\n\n\n<p id=\"wd-0565cce2\" class=\"wp-block-wd-paragraph\">. M\u00faltiples puertos: USB-C, USB-A, DC 12V (5,5&#215;2,5mm), BP y D-TAP para alimentar c\u00e1maras, monitores, transmisores inal\u00e1mbricos y port\u00e1tiles.<\/p>\n\n\n\n<p id=\"wd-a1ba920b\" class=\"wp-block-wd-paragraph\">. Pantalla TFT a color para lectura precisa de la informaci\u00f3n de energ\u00eda en tiempo real.<\/p>\n\n\n\n<p id=\"wd-bbf86f8c\" class=\"wp-block-wd-paragraph\">. Luz nocturna de emergencia para montaje r\u00e1pido en condiciones de poca luz.<\/p>\n\n\n\n<p id=\"wd-09f2abe2\" class=\"wp-block-wd-paragraph\">. Celdas de bater\u00eda de alta calidad y sistema BMS avanzado para m\u00e1xima seguridad y fiabilidad.<\/p>\n\n\n\n<p id=\"wd-e78005bf\" class=\"wp-block-wd-paragraph\">. Carcasa de aleaci\u00f3n de aluminio y PC ign\u00edfugo para mayor resistencia y protecci\u00f3n contra impactos.<\/p>\n\n\n\n<p id=\"wd-e757bf54\" class=\"wp-block-wd-paragraph\">. Ideal para profesionales de la fotograf\u00eda, cineastas y creadores de contenido en movimiento.<\/p>\n\n\n\n<div class=\"wp-block-media-text has-media-on-the-right is-stacked-on-mobile\"><div class=\"wp-block-media-text__content\">\n<ul class=\"wp-block-list\">\n<li>Dise\u00f1ada para fot\u00f3grafos, vide\u00f3grafos, cineastas y creadores de contenido que requieren una fuente de energ\u00eda port\u00e1til, compacta y confiable para equipos profesionales en exteriores o estudio.<\/li>\n<\/ul>\n<\/div><figure class=\"wp-block-media-text__media\"><img loading=\"lazy\" decoding=\"async\" width=\"1024\" height=\"1024\" src=\"https:\/\/hi-techwonder.com\/wp-content\/themes\/woodmart\/images\/lazy.svg\" data-src=\"https:\/\/hi-techwonder.com\/wp-content\/uploads\/2025\/09\/KF28.0059-4-1024x1024.jpg\" alt=\"\" class=\"wp-image-83834 size-full\" srcset=\"\" data-srcset=\"https:\/\/hi-techwonder.com\/wp-content\/uploads\/2025\/09\/KF28.0059-4-1024x1024.jpg 1024w, https:\/\/hi-techwonder.com\/wp-content\/uploads\/2025\/09\/KF28.0059-4-300x300.jpg 300w, https:\/\/hi-techwonder.com\/wp-content\/uploads\/2025\/09\/KF28.0059-4-150x150.jpg 150w, https:\/\/hi-techwonder.com\/wp-content\/uploads\/2025\/09\/KF28.0059-4-768x768.jpg 768w, https:\/\/hi-techwonder.com\/wp-content\/uploads\/2025\/09\/KF28.0059-4-600x600.jpg 600w, https:\/\/hi-techwonder.com\/wp-content\/uploads\/2025\/09\/KF28.0059-4-1200x1200.jpg 1200w, https:\/\/hi-techwonder.com\/wp-content\/uploads\/2025\/09\/KF28.0059-4.jpg 1500w\" sizes=\"auto, (max-width: 1024px) 100vw, 1024px\" \/><\/figure><\/div>\n\n\n\n<div class=\"wp-block-media-text is-stacked-on-mobile\"><figure class=\"wp-block-media-text__media\"><img loading=\"lazy\" decoding=\"async\" width=\"1024\" height=\"1024\" src=\"https:\/\/hi-techwonder.com\/wp-content\/themes\/woodmart\/images\/lazy.svg\" data-src=\"https:\/\/hi-techwonder.com\/wp-content\/uploads\/2025\/09\/KF28.0059-3-1024x1024.jpg\" alt=\"\" class=\"wp-image-83836 size-full\" srcset=\"\" data-srcset=\"https:\/\/hi-techwonder.com\/wp-content\/uploads\/2025\/09\/KF28.0059-3-1024x1024.jpg 1024w, https:\/\/hi-techwonder.com\/wp-content\/uploads\/2025\/09\/KF28.0059-3-300x300.jpg 300w, https:\/\/hi-techwonder.com\/wp-content\/uploads\/2025\/09\/KF28.0059-3-150x150.jpg 150w, https:\/\/hi-techwonder.com\/wp-content\/uploads\/2025\/09\/KF28.0059-3-768x768.jpg 768w, https:\/\/hi-techwonder.com\/wp-content\/uploads\/2025\/09\/KF28.0059-3-600x600.jpg 600w, https:\/\/hi-techwonder.com\/wp-content\/uploads\/2025\/09\/KF28.0059-3-1200x1200.jpg 1200w, https:\/\/hi-techwonder.com\/wp-content\/uploads\/2025\/09\/KF28.0059-3.jpg 1500w\" sizes=\"auto, (max-width: 1024px) 100vw, 1024px\" \/><\/figure><div class=\"wp-block-media-text__content\">\n<ul id=\"wd-821a60fb\" class=\"wp-block-wd-list wd-list wd-type-unordered wd-style-default\"><\/ul>\n\n\n\n<p id=\"wd-84729d44\" class=\"wp-block-wd-paragraph\"><strong>Contenido de la caja<\/strong><br>1x Bater\u00eda Mini V-Mount K&amp;F Concept KF28.0059<br>1x Cable USB-C<br>1x Manual del usuario<\/p>\n<\/div><\/div>\n\n\n\n<div class=\"wp-block-media-text has-media-on-the-right is-stacked-on-mobile\"><div class=\"wp-block-media-text__content\">\n<ul class=\"wp-block-list\">\n<li>.Potencia de salida PD de hasta 65W y entrada r\u00e1pida USB-C de 45W, bater\u00eda totalmente cargada en menos de 2 horas.<\/li>\n\n\n\n<li>Capacidad de 50Wh (14,8V \/ 3400mAh), suficiente para m\u00faltiples cargas de dispositivos m\u00f3viles y equipos de grabaci\u00f3n.<\/li>\n\n\n\n<li>M\u00faltiples puertos: USB-C, USB-A, DC 12V (5,5&#215;2,5mm), BP y D-TAP para alimentar c\u00e1maras, monitores, transmisores inal\u00e1mbricos y port\u00e1tiles.<\/li>\n\n\n\n<li>Pantalla TFT a color para lectura precisa de la informaci\u00f3n de energ\u00eda en tiempo real.<\/li>\n\n\n\n<li>Luz nocturna de emergencia para montaje r\u00e1pido en condiciones de poca luz.<\/li>\n\n\n\n<li>Celdas de bater\u00eda de alta calidad y sistema BMS avanzado para m\u00e1xima seguridad y fiabilidad.<\/li>\n\n\n\n<li>Carcasa de aleaci\u00f3n de aluminio y PC ign\u00edfugo para mayor resistencia y protecci\u00f3n contra impactos.<\/li>\n\n\n\n<li>.Ideal para profesionales de la fotograf\u00eda, cineastas y creadores de contenido en movimiento.<\/li>\n<\/ul>\n\n\n\n<p><a href=\"https:\/\/www.syntex.tv\/k-f-concept-50wh-v-mount-battery-3400mah-65w-pd-type-c-fast-charging-with-tft-screen-d-tap-bp-t-kf28-0059?utm_source=chatgpt.com\" target=\"_blank\" rel=\"noreferrer noopener\"><\/a><\/p>\n<\/div><figure class=\"wp-block-media-text__media\"><img loading=\"lazy\" decoding=\"async\" width=\"1024\" height=\"1024\" src=\"https:\/\/hi-techwonder.com\/wp-content\/themes\/woodmart\/images\/lazy.svg\" data-src=\"https:\/\/hi-techwonder.com\/wp-content\/uploads\/2025\/09\/KF28.0059-2-1024x1024.jpg\" alt=\"\" class=\"wp-image-83839 size-full\" srcset=\"\" data-srcset=\"https:\/\/hi-techwonder.com\/wp-content\/uploads\/2025\/09\/KF28.0059-2-1024x1024.jpg 1024w, https:\/\/hi-techwonder.com\/wp-content\/uploads\/2025\/09\/KF28.0059-2-300x300.jpg 300w, https:\/\/hi-techwonder.com\/wp-content\/uploads\/2025\/09\/KF28.0059-2-150x150.jpg 150w, https:\/\/hi-techwonder.com\/wp-content\/uploads\/2025\/09\/KF28.0059-2-768x768.jpg 768w, https:\/\/hi-techwonder.com\/wp-content\/uploads\/2025\/09\/KF28.0059-2-600x600.jpg 600w, https:\/\/hi-techwonder.com\/wp-content\/uploads\/2025\/09\/KF28.0059-2-1200x1200.jpg 1200w, https:\/\/hi-techwonder.com\/wp-content\/uploads\/2025\/09\/KF28.0059-2.jpg 1500w\" sizes=\"auto, (max-width: 1024px) 100vw, 1024px\" \/><\/figure><\/div>\n\n\n\n<figure class=\"wp-block-gallery has-nested-images columns-default is-cropped wp-block-gallery-1 is-layout-flex wp-block-gallery-is-layout-flex\">\n<figure class=\"wp-block-image size-large\"><img loading=\"lazy\" decoding=\"async\" width=\"743\" height=\"1024\" data-id=\"83841\" src=\"https:\/\/hi-techwonder.com\/wp-content\/themes\/woodmart\/images\/lazy.svg\" data-src=\"https:\/\/hi-techwonder.com\/wp-content\/uploads\/2025\/09\/KF28.0059-1-743x1024.jpg\" alt=\"\" class=\"wp-image-83841\" srcset=\"\" data-srcset=\"https:\/\/hi-techwonder.com\/wp-content\/uploads\/2025\/09\/KF28.0059-1-743x1024.jpg 743w, https:\/\/hi-techwonder.com\/wp-content\/uploads\/2025\/09\/KF28.0059-1-218x300.jpg 218w, https:\/\/hi-techwonder.com\/wp-content\/uploads\/2025\/09\/KF28.0059-1-768x1058.jpg 768w, https:\/\/hi-techwonder.com\/wp-content\/uploads\/2025\/09\/KF28.0059-1-150x207.jpg 150w, https:\/\/hi-techwonder.com\/wp-content\/uploads\/2025\/09\/KF28.0059-1.jpg 1025w\" sizes=\"auto, (max-width: 743px) 100vw, 743px\" \/><\/figure>\n\n\n\n<figure class=\"wp-block-image size-large\"><img loading=\"lazy\" decoding=\"async\" width=\"1024\" height=\"1024\" data-id=\"83843\" src=\"https:\/\/hi-techwonder.com\/wp-content\/themes\/woodmart\/images\/lazy.svg\" data-src=\"https:\/\/hi-techwonder.com\/wp-content\/uploads\/2025\/09\/KF28.0059-2-1-1024x1024.jpg\" alt=\"\" class=\"wp-image-83843\" srcset=\"\" data-srcset=\"https:\/\/hi-techwonder.com\/wp-content\/uploads\/2025\/09\/KF28.0059-2-1-1024x1024.jpg 1024w, https:\/\/hi-techwonder.com\/wp-content\/uploads\/2025\/09\/KF28.0059-2-1-300x300.jpg 300w, https:\/\/hi-techwonder.com\/wp-content\/uploads\/2025\/09\/KF28.0059-2-1-150x150.jpg 150w, https:\/\/hi-techwonder.com\/wp-content\/uploads\/2025\/09\/KF28.0059-2-1-768x768.jpg 768w, https:\/\/hi-techwonder.com\/wp-content\/uploads\/2025\/09\/KF28.0059-2-1-600x600.jpg 600w, https:\/\/hi-techwonder.com\/wp-content\/uploads\/2025\/09\/KF28.0059-2-1-1200x1200.jpg 1200w, https:\/\/hi-techwonder.com\/wp-content\/uploads\/2025\/09\/KF28.0059-2-1.jpg 1500w\" sizes=\"auto, (max-width: 1024px) 100vw, 1024px\" \/><\/figure>\n\n\n\n<figure class=\"wp-block-image size-large\"><img loading=\"lazy\" decoding=\"async\" width=\"1024\" height=\"1024\" data-id=\"83851\" src=\"https:\/\/hi-techwonder.com\/wp-content\/themes\/woodmart\/images\/lazy.svg\" data-src=\"https:\/\/hi-techwonder.com\/wp-content\/uploads\/2025\/09\/KF28.0059-3-1-1024x1024.jpg\" alt=\"\" class=\"wp-image-83851\" srcset=\"\" data-srcset=\"https:\/\/hi-techwonder.com\/wp-content\/uploads\/2025\/09\/KF28.0059-3-1-1024x1024.jpg 1024w, https:\/\/hi-techwonder.com\/wp-content\/uploads\/2025\/09\/KF28.0059-3-1-300x300.jpg 300w, https:\/\/hi-techwonder.com\/wp-content\/uploads\/2025\/09\/KF28.0059-3-1-150x150.jpg 150w, https:\/\/hi-techwonder.com\/wp-content\/uploads\/2025\/09\/KF28.0059-3-1-768x768.jpg 768w, https:\/\/hi-techwonder.com\/wp-content\/uploads\/2025\/09\/KF28.0059-3-1-600x600.jpg 600w, https:\/\/hi-techwonder.com\/wp-content\/uploads\/2025\/09\/KF28.0059-3-1-1200x1200.jpg 1200w, https:\/\/hi-techwonder.com\/wp-content\/uploads\/2025\/09\/KF28.0059-3-1.jpg 1500w\" sizes=\"auto, (max-width: 1024px) 100vw, 1024px\" \/><\/figure>\n\n\n\n<figure class=\"wp-block-image size-large\"><img loading=\"lazy\" decoding=\"async\" width=\"1024\" height=\"1024\" data-id=\"83847\" src=\"https:\/\/hi-techwonder.com\/wp-content\/themes\/woodmart\/images\/lazy.svg\" data-src=\"https:\/\/hi-techwonder.com\/wp-content\/uploads\/2025\/09\/KF28.0059-4-1-1024x1024.jpg\" alt=\"\" class=\"wp-image-83847\" srcset=\"\" data-srcset=\"https:\/\/hi-techwonder.com\/wp-content\/uploads\/2025\/09\/KF28.0059-4-1-1024x1024.jpg 1024w, https:\/\/hi-techwonder.com\/wp-content\/uploads\/2025\/09\/KF28.0059-4-1-300x300.jpg 300w, https:\/\/hi-techwonder.com\/wp-content\/uploads\/2025\/09\/KF28.0059-4-1-150x150.jpg 150w, https:\/\/hi-techwonder.com\/wp-content\/uploads\/2025\/09\/KF28.0059-4-1-768x768.jpg 768w, https:\/\/hi-techwonder.com\/wp-content\/uploads\/2025\/09\/KF28.0059-4-1-600x600.jpg 600w, https:\/\/hi-techwonder.com\/wp-content\/uploads\/2025\/09\/KF28.0059-4-1-1200x1200.jpg 1200w, https:\/\/hi-techwonder.com\/wp-content\/uploads\/2025\/09\/KF28.0059-4-1.jpg 1500w\" sizes=\"auto, (max-width: 1024px) 100vw, 1024px\" \/><\/figure>\n\n\n\n<figure class=\"wp-block-image size-large\"><img loading=\"lazy\" decoding=\"async\" width=\"1024\" height=\"1024\" data-id=\"83853\" src=\"https:\/\/hi-techwonder.com\/wp-content\/themes\/woodmart\/images\/lazy.svg\" data-src=\"https:\/\/hi-techwonder.com\/wp-content\/uploads\/2025\/09\/KF28.0059-5-1024x1024.jpg\" alt=\"\" class=\"wp-image-83853\" srcset=\"\" data-srcset=\"https:\/\/hi-techwonder.com\/wp-content\/uploads\/2025\/09\/KF28.0059-5-1024x1024.jpg 1024w, https:\/\/hi-techwonder.com\/wp-content\/uploads\/2025\/09\/KF28.0059-5-300x300.jpg 300w, https:\/\/hi-techwonder.com\/wp-content\/uploads\/2025\/09\/KF28.0059-5-150x150.jpg 150w, https:\/\/hi-techwonder.com\/wp-content\/uploads\/2025\/09\/KF28.0059-5-768x768.jpg 768w, https:\/\/hi-techwonder.com\/wp-content\/uploads\/2025\/09\/KF28.0059-5-600x600.jpg 600w, https:\/\/hi-techwonder.com\/wp-content\/uploads\/2025\/09\/KF28.0059-5-1200x1200.jpg 1200w, https:\/\/hi-techwonder.com\/wp-content\/uploads\/2025\/09\/KF28.0059-5.jpg 1500w\" sizes=\"auto, (max-width: 1024px) 100vw, 1024px\" \/><\/figure>\n\n\n\n<figure class=\"wp-block-image size-large\"><img loading=\"lazy\" decoding=\"async\" width=\"1024\" height=\"1024\" data-id=\"83849\" src=\"https:\/\/hi-techwonder.com\/wp-content\/themes\/woodmart\/images\/lazy.svg\" data-src=\"https:\/\/hi-techwonder.com\/wp-content\/uploads\/2025\/09\/KF28.0059-6-1024x1024.jpg\" alt=\"\" class=\"wp-image-83849\" srcset=\"\" data-srcset=\"https:\/\/hi-techwonder.com\/wp-content\/uploads\/2025\/09\/KF28.0059-6-1024x1024.jpg 1024w, https:\/\/hi-techwonder.com\/wp-content\/uploads\/2025\/09\/KF28.0059-6-300x300.jpg 300w, https:\/\/hi-techwonder.com\/wp-content\/uploads\/2025\/09\/KF28.0059-6-150x150.jpg 150w, https:\/\/hi-techwonder.com\/wp-content\/uploads\/2025\/09\/KF28.0059-6-768x768.jpg 768w, https:\/\/hi-techwonder.com\/wp-content\/uploads\/2025\/09\/KF28.0059-6-600x600.jpg 600w, https:\/\/hi-techwonder.com\/wp-content\/uploads\/2025\/09\/KF28.0059-6-1200x1200.jpg 1200w, https:\/\/hi-techwonder.com\/wp-content\/uploads\/2025\/09\/KF28.0059-6.jpg 1500w\" sizes=\"auto, (max-width: 1024px) 100vw, 1024px\" \/><\/figure>\n\n\n\n<figure class=\"wp-block-image size-large\"><img loading=\"lazy\" decoding=\"async\" width=\"1024\" height=\"1024\" data-id=\"83845\" src=\"https:\/\/hi-techwonder.com\/wp-content\/themes\/woodmart\/images\/lazy.svg\" data-src=\"https:\/\/hi-techwonder.com\/wp-content\/uploads\/2025\/09\/KF28.0059-7-1024x1024.jpg\" alt=\"\" class=\"wp-image-83845\" srcset=\"\" data-srcset=\"https:\/\/hi-techwonder.com\/wp-content\/uploads\/2025\/09\/KF28.0059-7-1024x1024.jpg 1024w, https:\/\/hi-techwonder.com\/wp-content\/uploads\/2025\/09\/KF28.0059-7-300x300.jpg 300w, https:\/\/hi-techwonder.com\/wp-content\/uploads\/2025\/09\/KF28.0059-7-150x150.jpg 150w, https:\/\/hi-techwonder.com\/wp-content\/uploads\/2025\/09\/KF28.0059-7-768x768.jpg 768w, https:\/\/hi-techwonder.com\/wp-content\/uploads\/2025\/09\/KF28.0059-7-600x600.jpg 600w, https:\/\/hi-techwonder.com\/wp-content\/uploads\/2025\/09\/KF28.0059-7-1200x1200.jpg 1200w, https:\/\/hi-techwonder.com\/wp-content\/uploads\/2025\/09\/KF28.0059-7.jpg 1500w\" sizes=\"auto, (max-width: 1024px) 100vw, 1024px\" \/><\/figure>\n<\/figure>\n\n\n\n<figure class=\"wp-block-table\"><table class=\"has-fixed-layout\"><thead><tr><th><strong>Especificaci\u00f3n<\/strong><\/th><th><strong>Detalle<\/strong><\/th><\/tr><\/thead><tbody><tr><td>Capacidad<\/td><td>50Wh (14,8V \/ 3400mAh)<\/td><\/tr><tr><td>Potencia de salida PD<\/td><td>Hasta 65W<\/td><\/tr><tr><td>Entrada USB-C<\/td><td>45W (carga r\u00e1pida)<\/td><\/tr><tr><td>Puertos disponibles<\/td><td>USB-C, USB-A, DC 12V (5,5&#215;2,5mm), BP, D-TAP<\/td><\/tr><tr><td>Pantalla<\/td><td>TFT a color con lectura de potencia en tiempo real<\/td><\/tr><tr><td>Luz nocturna<\/td><td>S\u00ed, integrada para uso en condiciones oscuras<\/td><\/tr><tr><td>Material de la carcasa<\/td><td>Aleaci\u00f3n de aluminio y PC ign\u00edfugo<\/td><\/tr><tr><td>Protecci\u00f3n BMS<\/td><td>Sobrecorriente, cortocircuito, sobretensi\u00f3n, sobretemperatura<\/td><\/tr><tr><td>Compatibilidad<\/td><td>C\u00e1maras, luces, monitores, smartphones, port\u00e1tiles, transmisores<\/td><\/tr><\/tbody><\/table><\/figure>\n","protected":false},"excerpt":{"rendered":"<p>K&amp;F CONCEPT KF28.0059 Bater\u00eda Mini V-Mount 65W 3400mAh PD Type-C &#8211; 50 Wh (3400 mAh) Rapid Charge 65 W PD Type-C<\/p>\n<ul>\n<li data-start=\"332\" data-end=\"422\">\n<ul>\n<li data-start=\"188\" data-end=\"285\">\n<p data-start=\"190\" data-end=\"285\">Bater\u00eda mini V-Mount de <strong data-start=\"214\" data-end=\"221\">65W<\/strong> con capacidad de <strong data-start=\"239\" data-end=\"257\">50Wh (3400mAh)<\/strong> para m\u00e1xima portabilidad.<\/p>\n<\/li>\n<li data-start=\"286\" data-end=\"386\">\n<p data-start=\"288\" data-end=\"386\"><strong data-start=\"288\" data-end=\"313\">Pantalla TFT en color<\/strong> para monitoreo de voltaje, potencia y nivel de bater\u00eda en tiempo real.<\/p>\n<\/li>\n<li data-start=\"387\" data-end=\"472\">\n<p data-start=\"389\" data-end=\"472\"><strong data-start=\"389\" data-end=\"412\">Carga r\u00e1pida PD 65W<\/strong> y m\u00faltiples protocolos de carga para m\u00e1xima versatilidad.<\/p>\n<\/li>\n<li data-start=\"473\" data-end=\"582\">\n<p data-start=\"475\" data-end=\"582\">Varias salidas: <strong data-start=\"491\" data-end=\"527\">USB-C, USB-A, D-TAP, DC 12V y BP<\/strong>, para alimentar varios dispositivos simult\u00e1neamente.<\/p>\n<\/li>\n<li data-start=\"583\" data-end=\"663\">\n<p data-start=\"585\" data-end=\"663\">Compatible con c\u00e1maras, monitores, luces LED, smartphones, port\u00e1tiles y m\u00e1s.<\/p>\n<\/li>\n<li data-start=\"664\" data-end=\"738\">\n<p data-start=\"666\" data-end=\"738\"><strong data-start=\"666\" data-end=\"706\">Luz nocturna de emergencia integrada<\/strong> para uso en entornos oscuros.<\/p>\n<\/li>\n<li data-start=\"739\" data-end=\"827\">\n<p data-start=\"741\" data-end=\"827\">Construcci\u00f3n robusta en <strong data-start=\"765\" data-end=\"803\">aleaci\u00f3n de aluminio y PC ign\u00edfugo<\/strong> para mayor seguridad.<\/p>\n<\/li>\n<li data-start=\"828\" data-end=\"929\">\n<p data-start=\"830\" data-end=\"929\">Protecci\u00f3n inteligente BMS contra sobrecorriente, sobretensi\u00f3n, cortocircuito y sobretemperatura.<\/p>\n<\/li>\n<\/ul>\n<\/li>\n<\/ul>\n","protected":false},"featured_media":83842,"comment_status":"open","ping_status":"closed","template":"","meta":{"_acf_changed":false},"product_brand":[2562],"product_cat":[865],"product_tag":[],"class_list":{"0":"post-83857","1":"product","2":"type-product","3":"status-publish","4":"has-post-thumbnail","6":"product_brand-kf-concept-es","7":"product_cat-v-mount-es","9":"first","10":"instock","11":"taxable","12":"shipping-taxable","13":"purchasable","14":"product-type-simple"},"bundled_by":[],"bundle_stock_status":"instock","bundle_stock_quantity":2,"bundle_virtual":false,"bundle_layout":"","bundle_add_to_cart_form_location":"","bundle_editable_in_cart":false,"bundle_sold_individually_context":"","bundle_item_grouping":"","bundle_min_size":"","bundle_max_size":"","bundle_price":[],"bundled_items":[],"bundle_sell_ids":[],"acf":[],"_links":{"self":[{"href":"https:\/\/hi-techwonder.com\/es\/wp-json\/wp\/v2\/product\/83857","targetHints":{"allow":["GET"]}}],"collection":[{"href":"https:\/\/hi-techwonder.com\/es\/wp-json\/wp\/v2\/product"}],"about":[{"href":"https:\/\/hi-techwonder.com\/es\/wp-json\/wp\/v2\/types\/product"}],"replies":[{"embeddable":true,"href":"https:\/\/hi-techwonder.com\/es\/wp-json\/wp\/v2\/comments?post=83857"}],"wp:featuredmedia":[{"embeddable":true,"href":"https:\/\/hi-techwonder.com\/es\/wp-json\/wp\/v2\/media\/83842"}],"wp:attachment":[{"href":"https:\/\/hi-techwonder.com\/es\/wp-json\/wp\/v2\/media?parent=83857"}],"wp:term":[{"taxonomy":"product_brand","embeddable":true,"href":"https:\/\/hi-techwonder.com\/es\/wp-json\/wp\/v2\/product_brand?post=83857"},{"taxonomy":"product_cat","embeddable":true,"href":"https:\/\/hi-techwonder.com\/es\/wp-json\/wp\/v2\/product_cat?post=83857"},{"taxonomy":"product_tag","embeddable":true,"href":"https:\/\/hi-techwonder.com\/es\/wp-json\/wp\/v2\/product_tag?post=83857"}],"curies":[{"name":"wp","href":"https:\/\/api.w.org\/{rel}","templated":true}]}}