{"id":83922,"date":"2025-07-29T00:25:57","date_gmt":"2025-07-29T00:25:57","guid":{"rendered":"https:\/\/hi-techwonder.com\/product\/x-half-prata\/"},"modified":"2026-03-26T10:56:53","modified_gmt":"2026-03-26T10:56:53","slug":"fujifilm-x-half-prata","status":"publish","type":"product","link":"https:\/\/hi-techwonder.com\/es\/producto\/fujifilm-x-half-prata\/","title":{"rendered":"FUJIFILM X-Half Plata"},"content":{"rendered":"<p class=\"MsoNormal\"><b>FUJIFILM X-Half &#8211; Plata<\/b><\/p>\n<p data-start=\"97\" data-end=\"760\">La X-Half es una c\u00e1mara compacta dedicada a la creatividad.<br data-start=\"156\" data-end=\"159\" \/>Se estrena por primera vez con un sensor de 1 pulgada (18MP) y un objetivo prime<br data-start=\"239\" data-end=\"242\" \/>de 32mm, un formato vertical est\u00e1ndar, im\u00e1genes 2 en 1, combina una experiencia<br data-start=\"321\" data-end=\"324\" \/>cl\u00e1sica de creaci\u00f3n con los colores de Fujifilm. El proceso creativo es natural y<br data-start=\"405\" data-end=\"408\" data-is-only-node=\"\" \/>sin esfuerzo. Ofrece dos formatos, uno vertical est\u00e1ndar y una opci\u00f3n 2 en 1 para<br data-start=\"489\" data-end=\"492\" \/>combinar im\u00e1genes en un solo fotograma utilizando la palanca de avance de cuadro<br data-start=\"572\" data-end=\"575\" \/>o crear en la aplicaci\u00f3n X Half. Aumente sus opciones creativas eligiendo una<br data-start=\"652\" data-end=\"655\" \/>simulaci\u00f3n de pel\u00edcula inspirada en el cine anal\u00f3gico o a\u00f1ada un efecto de<br data-start=\"729\" data-end=\"732\" \/>granulaci\u00f3n a su elecci\u00f3n.<\/p>\n<p data-start=\"762\" data-end=\"920\">Dise\u00f1o cl\u00e1sico y compacto con la mitad del tama\u00f1o de<br data-start=\"814\" data-end=\"817\" \/>una c\u00e1mara com\u00fan, solo 290g. La forma perfecta de capturar momentos<br data-start=\"884\" data-end=\"887\" \/>espont\u00e1neos en cualquier lugar.<\/p>\n<p>&nbsp;<\/p>\n<p data-start=\"98\" data-end=\"120\"><strong data-start=\"98\" data-end=\"118\">Sensor de Imagen<\/strong><\/p>\n<p data-start=\"122\" data-end=\"223\">Tama\u00f1o del sensor: 13,3 \u00d7 8,8 mm (formato de 1 pulgada)<br data-start=\"177\" data-end=\"180\" \/>Filtro de color: Filtro de color primario<\/p>\n<p data-start=\"225\" data-end=\"260\">P\u00edxeles efectivos: 17,74 millones<\/p>\n<p data-start=\"262\" data-end=\"282\"><strong data-start=\"262\" data-end=\"280\">Almacenamiento<\/strong><\/p>\n<p data-start=\"284\" data-end=\"395\">Tarjetas compatibles:<br data-start=\"305\" data-end=\"308\" \/>SD (hasta 2GB)<br data-start=\"322\" data-end=\"325\" \/>SDHC (hasta 32GB)<br data-start=\"342\" data-end=\"345\" \/>SDXC (hasta 2TB)<br data-start=\"361\" data-end=\"364\" \/>Compatibilidad: Soporte UHS-I<\/p>\n<p data-start=\"397\" data-end=\"430\">Verificaci\u00f3n de compatibilidad:<\/p>\n<p><a href=\"https:\/\/fujifilm-x.com\/support\/compatibility\/cameras\/\" target=\"_blank\" rel=\"noopener\">Fujifilm<br \/>\n&#8211; Compatibilidade<\/a><\/p>\n<p data-start=\"71\" data-end=\"103\"><strong data-start=\"71\" data-end=\"101\">Formato de Imagen Est\u00e1tica<\/strong><\/p>\n<p data-start=\"105\" data-end=\"178\">Compatibilidad DCF: DCF 2.0<br data-start=\"132\" data-end=\"135\" \/>Formato de archivo: JPEG (Exif Ver. 2.31)<\/p>\n<p data-start=\"180\" data-end=\"208\"><strong data-start=\"180\" data-end=\"206\">Resoluciones de Imagen<\/strong><\/p>\n<table>\n<thead>\n<tr>\n<td>Tama\u00f1o<\/td>\n<td>Proporci\u00f3n<\/td>\n<td>Resoluci\u00f3n (1 imagen)<\/td>\n<td>Resoluci\u00f3n 2-en-1<\/td>\n<\/tr>\n<\/thead>\n<tbody>\n<tr>\n<td>L<\/td>\n<td>3:2<\/td>\n<td>7296 \u00d7<br \/>\n4864 px<\/td>\n<td>\u2014<\/td>\n<\/tr>\n<tr>\n<td><\/td>\n<td>1:1<\/td>\n<td>4864 \u00d7<br \/>\n4864 px<\/td>\n<td>7296 \u00d7<br \/>\n7296 px<\/td>\n<\/tr>\n<tr>\n<td><\/td>\n<td>3:4<\/td>\n<td>3648 \u00d7<br \/>\n4864 px<\/td>\n<td>\u2014<\/td>\n<\/tr>\n<tr>\n<td>M<\/td>\n<td>3:2<\/td>\n<td>4320 \u00d7<br \/>\n2880 px<\/td>\n<td>\u2014<\/td>\n<\/tr>\n<tr>\n<td><\/td>\n<td>1:1<\/td>\n<td>2880 \u00d7<br \/>\n2880 px<\/td>\n<td>4320 \u00d7<br \/>\n4320 px<\/td>\n<\/tr>\n<tr>\n<td><\/td>\n<td>3:4<\/td>\n<td>2160 \u00d7<br \/>\n2880 px<\/td>\n<td>\u2014<\/td>\n<\/tr>\n<tr>\n<td>S<\/td>\n<td>3:2<\/td>\n<td>2160 \u00d7<br \/>\n1440 px<\/td>\n<td>\u2014<\/td>\n<\/tr>\n<tr>\n<td><\/td>\n<td>1:1<\/td>\n<td>1440 \u00d7<br \/>\n1440 px<\/td>\n<td>2160 \u00d7<br \/>\n2160 px<\/td>\n<\/tr>\n<tr>\n<td><\/td>\n<td>3:4<\/td>\n<td>1080 \u00d7<br \/>\n1440 px<\/td>\n<td>\u2014<\/td>\n<\/tr>\n<\/tbody>\n<\/table>\n<p>&nbsp;<\/p>\n<p>&nbsp;<\/p>\n<p>&nbsp;<\/p>\n<p>&nbsp;<\/p>\n<p data-start=\"70\" data-end=\"84\"><strong data-start=\"70\" data-end=\"82\">Objetivo<\/strong><\/p>\n<p data-start=\"86\" data-end=\"361\">Tipo: FUJINON de distancia focal fija<br data-start=\"123\" data-end=\"126\" \/>Distancia focal: 10,8 mm (equivalente a 32 mm en formato de 35 mm)<br data-start=\"192\" data-end=\"195\" \/>Apertura m\u00e1xima: f\/2.8<br data-start=\"217\" data-end=\"220\" \/>Rango de apertura: f\/2.8 \u2013 f\/11 (en pasos de 1\/3 EV, con diafragma de 3 hojas)<br data-start=\"298\" data-end=\"301\" \/>Construcci\u00f3n \u00f3ptica: 6 elementos en 5 grupos (3 asf\u00e9ricos)<\/p>\n<p data-start=\"363\" data-end=\"438\">Distancia m\u00ednima de enfoque: ~10 cm (desde la parte frontal del objetivo)<\/p>\n<p data-start=\"440\" data-end=\"462\"><strong data-start=\"440\" data-end=\"460\">Sensibilidad ISO<\/strong><\/p>\n<p data-start=\"464\" data-end=\"563\">Fotograf\u00eda: AUTO1 \/ AUTO2 \/ AUTO3, ISO 200\u201312.800 (1\/3 EV)<br data-start=\"522\" data-end=\"525\" \/>V\u00eddeo: AUTO, ISO 200\u201312.800 (1\/3 EV)<\/p>\n<p data-start=\"565\" data-end=\"592\"><strong data-start=\"565\" data-end=\"590\">Control de Exposici\u00f3n<\/strong><\/p>\n<p data-start=\"594\" data-end=\"799\">Medici\u00f3n: TTL en 256 zonas (Multi)<br data-start=\"628\" data-end=\"631\" \/>Modos: P (Programa AE), A (Prioridad de Apertura), S (Prioridad de Obturador), M (Manual)<br data-start=\"720\" data-end=\"723\" \/>Compensaci\u00f3n de exposici\u00f3n:<br data-start=\"750\" data-end=\"753\" \/>Foto: \u00b13 EV (1\/3 EV)<br data-start=\"773\" data-end=\"776\" \/>V\u00eddeo: \u00b12 EV (1\/3 EV)<\/p>\n<p data-start=\"801\" data-end=\"816\"><strong data-start=\"801\" data-end=\"814\">Obturador<\/strong><\/p>\n<p data-start=\"818\" data-end=\"964\">Tipo: Obturador en el objetivo<br data-start=\"848\" data-end=\"851\" \/>Velocidades:<br data-start=\"863\" data-end=\"866\" \/>P: 1\/4 s a 1\/2000 s<br data-start=\"885\" data-end=\"888\" \/>A: 30 s a 1\/2000 s<br data-start=\"906\" data-end=\"909\" \/>S\/M: 15 min a 1\/2000 s<br data-start=\"931\" data-end=\"934\" \/>V\u00eddeo FHD: 1\/2000 s a 1\/24 s<\/p>\n<p data-start=\"966\" data-end=\"1008\"><strong data-start=\"966\" data-end=\"1006\">Modos de Disparo \/ Filtros Creativos<\/strong><\/p>\n<p data-start=\"1010\" data-end=\"1289\">Toy Camera, Miniatura, Pop Color, High-Key, Low-Key, Dynamic Tone<br data-start=\"1075\" data-end=\"1078\" \/>Soft Focus, Partial Color (rojo, naranja, amarillo, verde, azul, p\u00farpura)<br data-start=\"1151\" data-end=\"1154\" \/>Light Leak, Halation, Expired Film (verde\/rojo\/neutro)<br data-start=\"1208\" data-end=\"1211\" \/>Canvas, Retro, Vignette, Blur, Fisheye, ColorShift, Mirror, Doble Exposici\u00f3n<\/p>\n<p data-start=\"85\" data-end=\"98\"><strong data-start=\"85\" data-end=\"96\">Enfoque<\/strong><\/p>\n<p data-start=\"100\" data-end=\"240\">Modos de enfoque: AF \u00fanico, AF continuo, Manual<br data-start=\"147\" data-end=\"150\" \/>Tipo: AF por contraste TTL<br data-start=\"176\" data-end=\"179\" \/>\u00c1rea de enfoque: Punto \u00fanico, 3\u00d73, detecci\u00f3n de rostro\/ojos<\/p>\n<p data-start=\"242\" data-end=\"253\"><strong data-start=\"242\" data-end=\"251\">Flash<\/strong><\/p>\n<p data-start=\"255\" data-end=\"328\">Flash LED incorporado<br data-start=\"276\" data-end=\"279\" \/>Zapato fr\u00edo disponible para accesorios externos<\/p>\n<p data-start=\"330\" data-end=\"356\"><strong data-start=\"330\" data-end=\"354\">Visor y Pantalla LCD<\/strong><\/p>\n<p data-start=\"358\" data-end=\"584\">Visor: \u00d3ptico tipo Galileo invertido, cobertura ~90%, ampliaci\u00f3n \u00d70,38<br data-start=\"428\" data-end=\"431\" \/>Pantalla trasera: LCD t\u00e1ctil de 2,4&#8243; con 0,92 millones de puntos, formato 4:3<br data-start=\"508\" data-end=\"511\" \/>Gestos t\u00e1ctiles soportados: doble toque, arrastrar, deslizar, pellizcar<\/p>\n<p data-start=\"586\" data-end=\"597\"><strong data-start=\"586\" data-end=\"595\">V\u00eddeo<\/strong><\/p>\n<p data-start=\"599\" data-end=\"894\">Formatos: MOV (MPEG-4 AVC\/H.264 + PCM est\u00e9reo 16-bit\/48 kHz), MP4 (con audio AAC)<br data-start=\"680\" data-end=\"683\" \/>Compresi\u00f3n: Long GOP<br data-start=\"703\" data-end=\"706\" \/>Resoluciones y formatos:<br data-start=\"730\" data-end=\"733\" \/>Full HD 2160\u00d71440 (3:2),<br data-start=\"757\" data-end=\"760\" \/>1080\u00d71440 (3:4), 1440\u00d71440 (1:1)<br data-start=\"792\" data-end=\"795\" \/>Velocidades de fotogramas: 24p (normal), 28\/36\/48p (alta velocidad)<br data-start=\"862\" data-end=\"865\" \/>Bitrates: 10 \/ 20 \/ 50 Mbps<\/p>\n<p data-start=\"896\" data-end=\"924\"><strong data-start=\"896\" data-end=\"922\">Simulaci\u00f3n de Pel\u00edcula<\/strong><\/p>\n<p data-start=\"926\" data-end=\"1196\">13 modos: PROVIA, Velvia, ASTIA, Classic Chrome, REALA ACE, Classic Neg.,<br data-start=\"999\" data-end=\"1002\" \/>Nostalgic Neg., ETERNA, ACROS (con filtros Ye\/R\/G), Sepia<br data-start=\"1059\" data-end=\"1062\" \/>Efecto de grano: Fuerte \/ D\u00e9bil \/ Apagado<br data-start=\"1103\" data-end=\"1106\" \/>Tama\u00f1o del grano: Grande \/ Peque\u00f1o<br data-start=\"1140\" data-end=\"1143\" \/>Mejora de retrato: Fuerte \/ Medio \/ D\u00e9bil \/ Apagado<\/p>\n<p data-start=\"1198\" data-end=\"1222\"><strong data-start=\"1198\" data-end=\"1220\">Balance de Blancos<\/strong><\/p>\n<p data-start=\"1224\" data-end=\"1353\">Modo autom\u00e1tico o manual: (2.500\u201310.000K)<br data-start=\"1265\" data-end=\"1268\" \/>Preajustes: Luz de d\u00eda, Sombra, 3 tipos de fluorescente, Incandescente, Subacu\u00e1tico<\/p>\n<p data-start=\"1355\" data-end=\"1373\"><strong data-start=\"1355\" data-end=\"1371\">Temporizador<\/strong><\/p>\n<p data-start=\"1375\" data-end=\"1422\">Fotograf\u00eda: 10 s, 2 s<br data-start=\"1396\" data-end=\"1399\" \/>V\u00eddeo: 10 s, 5 s, 3 s<\/p>\n<p>&nbsp;<\/p>\n<p>&nbsp;<\/p>\n<p data-start=\"85\" data-end=\"115\"><strong data-start=\"85\" data-end=\"113\">Conectividad Inal\u00e1mbrica<\/strong><\/p>\n<p data-start=\"117\" data-end=\"235\">Wi-Fi: IEEE 802.11a\/b\/g\/n\/ac, con seguridad WPA\/WPA2\/WPA3<br data-start=\"174\" data-end=\"177\" \/>Bluetooth: Versi\u00f3n 5.2 (BLE), frecuencia 2.402\u20132.480 MHz<\/p>\n<p data-start=\"237\" data-end=\"266\"><strong data-start=\"237\" data-end=\"264\">Interfaz y Alimentaci\u00f3n<\/strong><\/p>\n<p data-start=\"268\" data-end=\"498\">Puerto USB: USB Type-C (USB 2.0)<br data-start=\"300\" data-end=\"303\" \/>Zapato fr\u00edo para accesorios<br data-start=\"330\" data-end=\"333\" \/>Bater\u00eda: NP-W126S (i\u00f3n de litio, incluida)<br data-start=\"375\" data-end=\"378\" \/>Fotograf\u00eda: hasta ~880 im\u00e1genes (CIPA)<br data-start=\"416\" data-end=\"419\" \/>Grabaci\u00f3n de v\u00eddeo FHD: ~95 min (24p), ~85 min (48p), continuo ~165 min (24p)<\/p>\n<p data-start=\"500\" data-end=\"524\"><strong data-start=\"500\" data-end=\"522\">Dimensiones y Peso<\/strong><\/p>\n<p data-start=\"526\" data-end=\"650\">Dimensiones: 105,8 \u00d7 64,3 \u00d7 45,8 mm (m\u00ednimo 30,0 mm)<br data-start=\"578\" data-end=\"581\" \/>Peso:<br data-start=\"586\" data-end=\"589\" \/>Con bater\u00eda y tarjeta: 240 g<br data-start=\"617\" data-end=\"620\" \/>Sin bater\u00eda y tarjeta: 191 g<\/p>\n<p data-start=\"652\" data-end=\"673\"><strong data-start=\"652\" data-end=\"671\">Ambiente de Uso<\/strong><\/p>\n<p data-start=\"675\" data-end=\"797\">Temperatura de funcionamiento: 0 \u00b0C a +40 \u00b0C<br data-start=\"719\" data-end=\"722\" \/>Humedad: 10% a 80% (sin condensaci\u00f3n)<br data-start=\"759\" data-end=\"762\" \/>Tiempo de arranque: ~1,7 segundos<\/p>\n<p data-start=\"799\" data-end=\"826\"><strong data-start=\"799\" data-end=\"824\">Contenido del Paquete<\/strong><\/p>\n<p data-start=\"828\" data-end=\"1002\">1x Bater\u00eda NP-W126S<br data-start=\"847\" data-end=\"850\" \/>1x Adaptador para auriculares<br data-start=\"879\" data-end=\"882\" \/>1x Correa de mano<br data-start=\"899\" data-end=\"902\" \/>1x Clip met\u00e1lico para correa<br data-start=\"930\" data-end=\"933\" \/>1x Tapa protectora<br data-start=\"951\" data-end=\"954\" \/>1x Tapa del objetivo<br data-start=\"974\" data-end=\"977\" \/>1x Tapa del zapato fr\u00edo<\/p>\n","protected":false},"excerpt":{"rendered":"<p>FUJIFILM X-Half &#8211; Plata La X-Half es una c\u00e1mara compacta dedicada a la creatividad.Se estrena por primera vez con un<\/p>\n","protected":false},"featured_media":40486,"comment_status":"closed","ping_status":"closed","template":"","meta":{"_acf_changed":false},"product_brand":[2539],"product_cat":[928],"product_tag":[],"class_list":{"0":"post-83922","1":"product","2":"type-product","3":"status-publish","4":"has-post-thumbnail","6":"product_brand-fujifilm-es","7":"product_cat-compactas-es","9":"first","10":"onbackorder","11":"taxable","12":"shipping-taxable","13":"purchasable","14":"product-type-simple"},"bundled_by":[],"bundle_stock_status":"onbackorder","bundle_stock_quantity":null,"bundle_virtual":false,"bundle_layout":"","bundle_add_to_cart_form_location":"","bundle_editable_in_cart":false,"bundle_sold_individually_context":"","bundle_item_grouping":"","bundle_min_size":"","bundle_max_size":"","bundle_price":[],"bundled_items":[],"bundle_sell_ids":[],"acf":[],"_links":{"self":[{"href":"https:\/\/hi-techwonder.com\/es\/wp-json\/wp\/v2\/product\/83922","targetHints":{"allow":["GET"]}}],"collection":[{"href":"https:\/\/hi-techwonder.com\/es\/wp-json\/wp\/v2\/product"}],"about":[{"href":"https:\/\/hi-techwonder.com\/es\/wp-json\/wp\/v2\/types\/product"}],"replies":[{"embeddable":true,"href":"https:\/\/hi-techwonder.com\/es\/wp-json\/wp\/v2\/comments?post=83922"}],"wp:featuredmedia":[{"embeddable":true,"href":"https:\/\/hi-techwonder.com\/es\/wp-json\/wp\/v2\/media\/40486"}],"wp:attachment":[{"href":"https:\/\/hi-techwonder.com\/es\/wp-json\/wp\/v2\/media?parent=83922"}],"wp:term":[{"taxonomy":"product_brand","embeddable":true,"href":"https:\/\/hi-techwonder.com\/es\/wp-json\/wp\/v2\/product_brand?post=83922"},{"taxonomy":"product_cat","embeddable":true,"href":"https:\/\/hi-techwonder.com\/es\/wp-json\/wp\/v2\/product_cat?post=83922"},{"taxonomy":"product_tag","embeddable":true,"href":"https:\/\/hi-techwonder.com\/es\/wp-json\/wp\/v2\/product_tag?post=83922"}],"curies":[{"name":"wp","href":"https:\/\/api.w.org\/{rel}","templated":true}]}}