{"id":83951,"date":"2025-07-28T23:39:48","date_gmt":"2025-07-28T23:39:48","guid":{"rendered":"https:\/\/hi-techwonder.com\/product\/monitor-photovue-sw242q-24-2k-hdr\/"},"modified":"2026-01-31T03:40:54","modified_gmt":"2026-01-31T03:40:54","slug":"benq-monitor-photovue-sw242q-24-2k-hdr","status":"publish","type":"product","link":"https:\/\/hi-techwonder.com\/es\/producto\/benq-monitor-photovue-sw242q-24-2k-hdr\/","title":{"rendered":"BENQ Monitor PhotoVue SW242Q 24&#8243; 2K HDR"},"content":{"rendered":"<h2 data-start=\"86\" data-end=\"124\"><strong data-start=\"89\" data-end=\"122\">BenQ SW242Q \u2013 Caracter\u00edsticas<\/strong><\/h2>\n<ul data-start=\"126\" data-end=\"550\">\n<li data-start=\"126\" data-end=\"183\">\n<p data-start=\"128\" data-end=\"183\"><strong data-start=\"128\" data-end=\"138\">Panel:<\/strong> IPS de 24,1&#8243; con relaci\u00f3n de aspecto 16:10<\/p>\n<\/li>\n<li data-start=\"184\" data-end=\"233\">\n<p data-start=\"186\" data-end=\"233\"><strong data-start=\"186\" data-end=\"199\">Entradas:<\/strong> HDMI, DisplayPort, USB-C (90 W)<\/p>\n<\/li>\n<li data-start=\"234\" data-end=\"277\">\n<p data-start=\"236\" data-end=\"277\"><strong data-start=\"236\" data-end=\"251\">Resoluci\u00f3n:<\/strong> QHD 2560 x 1600 a 60 Hz<\/p>\n<\/li>\n<li data-start=\"278\" data-end=\"317\">\n<p data-start=\"280\" data-end=\"317\"><strong data-start=\"280\" data-end=\"304\">Tiempo de respuesta:<\/strong> 5 ms (GtG)<\/p>\n<\/li>\n<li data-start=\"318\" data-end=\"362\">\n<p data-start=\"320\" data-end=\"362\"><strong data-start=\"320\" data-end=\"353\">Relaci\u00f3n de contraste nativo:<\/strong> 1000:1<\/p>\n<\/li>\n<li data-start=\"363\" data-end=\"387\">\n<p data-start=\"365\" data-end=\"387\"><strong data-start=\"365\" data-end=\"376\">Brillo:<\/strong> 400 nits<\/p>\n<\/li>\n<li data-start=\"388\" data-end=\"440\">\n<p data-start=\"390\" data-end=\"440\"><strong data-start=\"390\" data-end=\"402\">Colores:<\/strong> 1,07 mil millones con soporte HDR10<\/p>\n<\/li>\n<li data-start=\"441\" data-end=\"503\">\n<p data-start=\"443\" data-end=\"503\"><strong data-start=\"443\" data-end=\"466\">Cobertura de color:<\/strong> 100% sRGB | 98% P3 | 99% Adobe RGB<\/p>\n<\/li>\n<li data-start=\"504\" data-end=\"550\">\n<p data-start=\"506\" data-end=\"550\"><strong data-start=\"506\" data-end=\"517\">Extras:<\/strong> Lector de tarjetas SD, Hub USB<\/p>\n<\/li>\n<\/ul>\n<h2 data-start=\"557\" data-end=\"586\"><strong data-start=\"560\" data-end=\"584\">Contenido de la caja<\/strong><\/h2>\n<ul data-start=\"588\" data-end=\"639\">\n<li data-start=\"588\" data-end=\"639\">\n<p data-start=\"590\" data-end=\"639\"><strong data-start=\"590\" data-end=\"637\">1 x Monitor BenQ PhotoVue SW242Q 24&#8243; 2K HDR<\/strong><\/p>\n<\/li>\n<\/ul>\n<p><iframe src=\"https:\/\/www.youtube.com\/embed\/jFvaZjPuYxI?showinfo=0\" frameborder=\"0\" allowfullscreen=\"allowfullscreen\"><\/iframe><\/p>\n<h2 data-start=\"126\" data-end=\"208\"><strong data-start=\"129\" data-end=\"208\">BenQ SW242Q \u2013 Monitor de 24\u00bb 2K AdobeRGB Pro para fot\u00f3grafos y vide\u00f3grafos<\/strong><\/h2>\n<p data-start=\"210\" data-end=\"767\">Con el monitor PhotoVue SW242Q 24&#8243; 2K HDR de BenQ, los fot\u00f3grafos pueden experimentar un efecto de pantalla con textura simulada que proporciona resultados \u00f3ptimos de pantalla para impresi\u00f3n, permitiendo una edici\u00f3n fotogr\u00e1fica precisa y una previsualizaci\u00f3n fiable. El SW242Q tambi\u00e9n ayuda a los editores de v\u00eddeo a obtener resultados ideales con soporte HDR y varios formatos de v\u00eddeo. Incluso es posible conectar sus dispositivos SDI directamente al monitor para una transmisi\u00f3n de se\u00f1al estable y sin compresi\u00f3n, logrando una calidad de v\u00eddeo elevada.<\/p>\n<p data-start=\"769\" data-end=\"1077\">El panel IPS ofrece resoluci\u00f3n de 2560 x 1600, relaci\u00f3n de aspecto 16:10 y tasa de refresco de 60 Hz, con soporte para 100% sRGB, 99% Adobe RGB y 98% DCI-P3. A\u00f1adiendo salidas HDMI y DisplayPort, un hub USB y un lector de tarjetas SD, el SW242Q facilita la realizaci\u00f3n de proyectos creativos con comodidad.<\/p>\n<h3 data-start=\"1084\" data-end=\"1114\"><strong data-start=\"1088\" data-end=\"1112\">Edici\u00f3n sin reflejos<\/strong><\/h3>\n<p data-start=\"1115\" data-end=\"1371\">Certificado por <strong data-start=\"1131\" data-end=\"1164\">TUV Rheinland Reflection-Free<\/strong>, el SW242Q utiliza un panel antirreflejo Fine-Coated para eliminar reflejos, ofreciendo experiencias visuales con textura de papel bajo distintos tipos de iluminaci\u00f3n ambiental, logrando resultados \u00f3ptimos.<\/p>\n<h3 data-start=\"1373\" data-end=\"1398\"><strong data-start=\"1377\" data-end=\"1396\">Ventaja AQCOLOR<\/strong><\/h3>\n<p data-start=\"1399\" data-end=\"1819\">La tecnolog\u00eda <strong data-start=\"1413\" data-end=\"1424\">AQCOLOR<\/strong> de BenQ proporciona la denominada <strong data-start=\"1459\" data-end=\"1482\">Reproducci\u00f3n Exacta<\/strong>. Liderado por especialistas en color, el equipo de BenQ particip\u00f3 en el ICC y ISO para establecer est\u00e1ndares y gu\u00edas de implementaci\u00f3n de color. Con <strong data-start=\"1632\" data-end=\"1649\">Delta E = 1,5<\/strong> y <strong data-start=\"1652\" data-end=\"1668\">BenQ ICCsync<\/strong>, el SW242Q ofrece precisi\u00f3n de color inmediata y f\u00e1cil de lograr. La <strong data-start=\"1738\" data-end=\"1759\">LUT 3D de 16 bits<\/strong> mejora la mezcla de colores para una reproducci\u00f3n exacta.<\/p>\n<h3 data-start=\"1821\" data-end=\"1852\"><strong data-start=\"1825\" data-end=\"1850\">Garant\u00eda de precisi\u00f3n<\/strong><\/h3>\n<p data-start=\"1853\" data-end=\"2118\">El SW242Q cuenta con certificaciones <strong data-start=\"1890\" data-end=\"1909\">Calman Verified<\/strong>, <strong data-start=\"1911\" data-end=\"1932\">Pantone Validated<\/strong> y <strong data-start=\"1935\" data-end=\"1965\">Pantone SkinTone Validated<\/strong>. Adem\u00e1s, soporta software de calibraci\u00f3n de v\u00eddeo como <strong data-start=\"2021\" data-end=\"2031\">Calman<\/strong> y <strong data-start=\"2034\" data-end=\"2049\">ColourSpace<\/strong>, permitiendo ajustar la LUT 3D para lograr precisi\u00f3n y consistencia.<\/p>\n<h3 data-start=\"2120\" data-end=\"2166\"><strong data-start=\"2124\" data-end=\"2164\">Calibraci\u00f3n de hardware simplificada<\/strong><\/h3>\n<p data-start=\"2167\" data-end=\"2433\">Con <strong data-start=\"2171\" data-end=\"2198\">Palette Master Ultimate<\/strong>, exclusivo de BenQ, el SW242Q permite configuraciones predeterminadas y personalizables para una calibraci\u00f3n de hardware sencilla. Seleccione la gama de colores mediante interfaces intuitivas y logre consistencia en solo tres pasos.<\/p>\n<h3 data-start=\"2435\" data-end=\"2473\"><strong data-start=\"2439\" data-end=\"2471\">Compatibilidad de SDI a HDMI<\/strong><\/h3>\n<p data-start=\"2474\" data-end=\"2590\">Conecte dispositivos SDI al monitor para una transmisi\u00f3n estable y sin compresi\u00f3n, obteniendo v\u00eddeo de alta calidad.<\/p>\n<h3 data-start=\"2592\" data-end=\"2615\"><strong data-start=\"2596\" data-end=\"2613\">Soporte HDR10<\/strong><\/h3>\n<p data-start=\"2616\" data-end=\"2720\">Compatible con <strong data-start=\"2631\" data-end=\"2640\">HDR10<\/strong>, permite previsualizar efectos HDR en el contenido de v\u00eddeo durante la edici\u00f3n.<\/p>\n<h3 data-start=\"2722\" data-end=\"2763\"><strong data-start=\"2726\" data-end=\"2761\">Expansi\u00f3n para dispositivos Mac<\/strong><\/h3>\n<p data-start=\"2764\" data-end=\"2888\">Transfiera datos r\u00e1pidamente y suministre hasta 90 W de energ\u00eda mediante USB-C, compatible con dispositivos Thunderbolt 3\/4.<\/p>\n<h3 data-start=\"2890\" data-end=\"2916\"><strong data-start=\"2894\" data-end=\"2914\">Dise\u00f1o accesible<\/strong><\/h3>\n<p data-start=\"2917\" data-end=\"3063\">Las conexiones est\u00e1n en la parte inferior del monitor para un acceso f\u00e1cil a puertos USB y lector de tarjetas SD, optimizando el flujo de trabajo.<\/p>\n<h3 data-start=\"3065\" data-end=\"3104\"><strong data-start=\"3069\" data-end=\"3102\">Comodidad para la creatividad<\/strong><\/h3>\n<p data-start=\"3105\" data-end=\"3189\">Permite ajustes de inclinaci\u00f3n, rotaci\u00f3n y pivot para un posicionamiento ergon\u00f3mico.<\/p>\n<h3 data-start=\"3191\" data-end=\"3223\"><strong data-start=\"3195\" data-end=\"3221\">Base de piel sint\u00e9tica<\/strong><\/h3>\n<p data-start=\"3224\" data-end=\"3283\">Eleva el espacio de trabajo con elegancia y ahorra espacio.<\/p>\n<h2 data-start=\"3290\" data-end=\"3325\"><strong data-start=\"3293\" data-end=\"3325\">Especificaciones BenQ SW242Q<\/strong><\/h2>\n<h3 data-start=\"3327\" data-end=\"3346\"><strong data-start=\"3331\" data-end=\"3346\">Principales<\/strong><\/h3>\n<ul data-start=\"3347\" data-end=\"3759\">\n<li data-start=\"3347\" data-end=\"3376\">\n<p data-start=\"3349\" data-end=\"3376\">Tama\u00f1o de pantalla: 24,1&#8243;<\/p>\n<\/li>\n<li data-start=\"3377\" data-end=\"3403\">\n<p data-start=\"3379\" data-end=\"3403\">Tipo de panel: LCD IPS<\/p>\n<\/li>\n<li data-start=\"3404\" data-end=\"3438\">\n<p data-start=\"3406\" data-end=\"3438\">Resoluci\u00f3n nativa: 2560 x 1600<\/p>\n<\/li>\n<li data-start=\"3439\" data-end=\"3467\">\n<p data-start=\"3441\" data-end=\"3467\">Brillo m\u00e1ximo: 400 cd\/m\u00b2<\/p>\n<\/li>\n<li data-start=\"3468\" data-end=\"3490\">\n<p data-start=\"3470\" data-end=\"3490\">Soporte HDR: HDR10<\/p>\n<\/li>\n<li data-start=\"3491\" data-end=\"3546\">\n<p data-start=\"3493\" data-end=\"3546\">Gama de color: 100% sRGB, 99% Adobe RGB, 98% DCI-P3<\/p>\n<\/li>\n<li data-start=\"3547\" data-end=\"3579\">\n<p data-start=\"3549\" data-end=\"3579\">Acabado: Antirreflejo \/ Mate<\/p>\n<\/li>\n<li data-start=\"3580\" data-end=\"3603\">\n<p data-start=\"3582\" data-end=\"3603\">Pantalla t\u00e1ctil: No<\/p>\n<\/li>\n<li data-start=\"3604\" data-end=\"3649\">\n<p data-start=\"3606\" data-end=\"3649\">Entradas: 2x HDMI 2.0, 1x DisplayPort 1.4<\/p>\n<\/li>\n<li data-start=\"3650\" data-end=\"3670\">\n<p data-start=\"3652\" data-end=\"3670\">Salidas: Ninguna<\/p>\n<\/li>\n<li data-start=\"3671\" data-end=\"3730\">\n<p data-start=\"3673\" data-end=\"3730\">E\/S USB: 1x USB-C, 1x USB-B, 2x USB-A 3.0\/3.1\/3.2 Gen 1<\/p>\n<\/li>\n<li data-start=\"3731\" data-end=\"3759\">\n<p data-start=\"3733\" data-end=\"3759\">Altavoces integrados: No<\/p>\n<\/li>\n<\/ul>\n<h3 data-start=\"3761\" data-end=\"3777\"><strong data-start=\"3765\" data-end=\"3777\">Pantalla<\/strong><\/h3>\n<ul data-start=\"3778\" data-end=\"4013\">\n<li data-start=\"3778\" data-end=\"3811\">\n<p data-start=\"3780\" data-end=\"3811\">Proporci\u00f3n de pantalla: 16:10<\/p>\n<\/li>\n<li data-start=\"3812\" data-end=\"3840\">\n<p data-start=\"3814\" data-end=\"3840\">Brillo m\u00e1ximo: 400 cd\/m\u00b2<\/p>\n<\/li>\n<li data-start=\"3841\" data-end=\"3874\">\n<p data-start=\"3843\" data-end=\"3874\">Relaci\u00f3n de contraste: 1000:1<\/p>\n<\/li>\n<li data-start=\"3875\" data-end=\"3910\">\n<p data-start=\"3877\" data-end=\"3910\">Tiempo de respuesta: 5 ms (GtG)<\/p>\n<\/li>\n<li data-start=\"3911\" data-end=\"3949\">\n<p data-start=\"3913\" data-end=\"3949\">Frecuencia de actualizaci\u00f3n: 60 Hz<\/p>\n<\/li>\n<li data-start=\"3950\" data-end=\"3983\">\n<p data-start=\"3952\" data-end=\"3983\">\u00c1ngulo de visi\u00f3n: 178\u00b0 x 178\u00b0<\/p>\n<\/li>\n<li data-start=\"3984\" data-end=\"3996\">\n<p data-start=\"3986\" data-end=\"3996\">PPI: 125<\/p>\n<\/li>\n<li data-start=\"3997\" data-end=\"4013\">\n<p data-start=\"3999\" data-end=\"4013\">LUT: 16 bits<\/p>\n<\/li>\n<\/ul>\n<h3 data-start=\"4015\" data-end=\"4035\"><strong data-start=\"4019\" data-end=\"4035\">Conectividad<\/strong><\/h3>\n<ul data-start=\"4036\" data-end=\"4225\">\n<li data-start=\"4036\" data-end=\"4081\">\n<p data-start=\"4038\" data-end=\"4081\">Entradas: 2x HDMI 2.0, 1x DisplayPort 1.4<\/p>\n<\/li>\n<li data-start=\"4082\" data-end=\"4097\">\n<p data-start=\"4084\" data-end=\"4097\">Salidas: No<\/p>\n<\/li>\n<li data-start=\"4098\" data-end=\"4119\">\n<p data-start=\"4100\" data-end=\"4119\">Soporte HDCP: 2.2<\/p>\n<\/li>\n<li data-start=\"4120\" data-end=\"4173\">\n<p data-start=\"4122\" data-end=\"4173\">E\/S USB: 1x USB-C, 1x USB-B, 2x USB-A 3.0\/3.1\/3.2<\/p>\n<\/li>\n<li data-start=\"4174\" data-end=\"4209\">\n<p data-start=\"4176\" data-end=\"4209\">Suministro de energ\u00eda USB: 90 W<\/p>\n<\/li>\n<li data-start=\"4210\" data-end=\"4225\">\n<p data-start=\"4212\" data-end=\"4225\">PIP\/PBP: No<\/p>\n<\/li>\n<\/ul>\n<h3 data-start=\"4227\" data-end=\"4255\"><strong data-start=\"4231\" data-end=\"4255\">Altavoces y lectores<\/strong><\/h3>\n<ul data-start=\"4256\" data-end=\"4316\">\n<li data-start=\"4256\" data-end=\"4284\">\n<p data-start=\"4258\" data-end=\"4284\">Altavoces integrados: No<\/p>\n<\/li>\n<li data-start=\"4285\" data-end=\"4316\">\n<p data-start=\"4287\" data-end=\"4316\">Lector de tarjetas: 1x SDXC<\/p>\n<\/li>\n<\/ul>\n<h3 data-start=\"4318\" data-end=\"4335\"><strong data-start=\"4322\" data-end=\"4335\">Ambiental<\/strong><\/h3>\n<ul data-start=\"4336\" data-end=\"4467\">\n<li data-start=\"4336\" data-end=\"4400\">\n<p data-start=\"4338\" data-end=\"4400\">Consumo de energ\u00eda: T\u00edpico 27 W, M\u00e1x. 170 W, En espera 0,3 W<\/p>\n<\/li>\n<li data-start=\"4401\" data-end=\"4433\">\n<p data-start=\"4403\" data-end=\"4433\">Entrada: 100\u2013240 V, 50\/60 Hz<\/p>\n<\/li>\n<li data-start=\"4434\" data-end=\"4467\">\n<p data-start=\"4436\" data-end=\"4467\">Adaptador de energ\u00eda: Interno<\/p>\n<\/li>\n<\/ul>\n<h3 data-start=\"4469\" data-end=\"4496\"><strong data-start=\"4473\" data-end=\"4496\">Ergonom\u00eda y montaje<\/strong><\/h3>\n<ul data-start=\"4497\" data-end=\"4661\">\n<li data-start=\"4497\" data-end=\"4525\">\n<p data-start=\"4499\" data-end=\"4525\">Ajuste de altura: 120 mm<\/p>\n<\/li>\n<li data-start=\"4526\" data-end=\"4543\">\n<p data-start=\"4528\" data-end=\"4543\">Rotaci\u00f3n: 90\u00b0<\/p>\n<\/li>\n<li data-start=\"4544\" data-end=\"4557\">\n<p data-start=\"4546\" data-end=\"4557\">Giro: 60\u00b0<\/p>\n<\/li>\n<li data-start=\"4558\" data-end=\"4584\">\n<p data-start=\"4560\" data-end=\"4584\">Inclinaci\u00f3n: -5\u00b0 a 20\u00b0<\/p>\n<\/li>\n<li data-start=\"4585\" data-end=\"4607\">\n<p data-start=\"4587\" data-end=\"4607\">VESA: 100 x 100 mm<\/p>\n<\/li>\n<li data-start=\"4608\" data-end=\"4661\">\n<p data-start=\"4610\" data-end=\"4661\">Peso: 6,1 kg (sin soporte), 8,61 kg (con soporte)<\/p>\n<\/li>\n<\/ul>\n<h3 data-start=\"4663\" data-end=\"4694\"><strong data-start=\"4667\" data-end=\"4694\">Informaci\u00f3n de embalaje<\/strong><\/h3>\n<ul data-start=\"4695\" data-end=\"4784\">\n<li data-start=\"4695\" data-end=\"4722\">\n<p data-start=\"4697\" data-end=\"4722\">Peso del paquete: 12 kg<\/p>\n<\/li>\n<li data-start=\"4723\" data-end=\"4784\">\n<p data-start=\"4725\" data-end=\"4784\">Dimensiones de la caja (L x A x P): 65,5 x 50,8 x 24,8 cm<\/p>\n<\/li>\n<\/ul>\n<p>&nbsp;<\/p>\n","protected":false},"excerpt":{"rendered":"<p>BenQ SW242Q \u2013 Caracter\u00edsticas Panel: IPS de 24,1&#8243; con relaci\u00f3n de aspecto 16:10 Entradas: HDMI, DisplayPort, USB-C (90 W) Resoluci\u00f3n:<\/p>\n","protected":false},"featured_media":25705,"comment_status":"closed","ping_status":"open","template":"","meta":{"_acf_changed":false},"product_brand":[2587],"product_cat":[954],"product_tag":[],"class_list":{"0":"post-83951","1":"product","2":"type-product","3":"status-publish","4":"has-post-thumbnail","6":"product_brand-benq-es","7":"product_cat-monitores-para-edicion","9":"first","10":"onbackorder","11":"taxable","12":"shipping-taxable","13":"purchasable","14":"product-type-simple"},"bundled_by":[],"bundle_stock_status":"onbackorder","bundle_stock_quantity":null,"bundle_virtual":false,"bundle_layout":"","bundle_add_to_cart_form_location":"","bundle_editable_in_cart":false,"bundle_sold_individually_context":"","bundle_item_grouping":"","bundle_min_size":"","bundle_max_size":"","bundle_price":[],"bundled_items":[],"bundle_sell_ids":[],"acf":[],"_links":{"self":[{"href":"https:\/\/hi-techwonder.com\/es\/wp-json\/wp\/v2\/product\/83951","targetHints":{"allow":["GET"]}}],"collection":[{"href":"https:\/\/hi-techwonder.com\/es\/wp-json\/wp\/v2\/product"}],"about":[{"href":"https:\/\/hi-techwonder.com\/es\/wp-json\/wp\/v2\/types\/product"}],"replies":[{"embeddable":true,"href":"https:\/\/hi-techwonder.com\/es\/wp-json\/wp\/v2\/comments?post=83951"}],"wp:featuredmedia":[{"embeddable":true,"href":"https:\/\/hi-techwonder.com\/es\/wp-json\/wp\/v2\/media\/25705"}],"wp:attachment":[{"href":"https:\/\/hi-techwonder.com\/es\/wp-json\/wp\/v2\/media?parent=83951"}],"wp:term":[{"taxonomy":"product_brand","embeddable":true,"href":"https:\/\/hi-techwonder.com\/es\/wp-json\/wp\/v2\/product_brand?post=83951"},{"taxonomy":"product_cat","embeddable":true,"href":"https:\/\/hi-techwonder.com\/es\/wp-json\/wp\/v2\/product_cat?post=83951"},{"taxonomy":"product_tag","embeddable":true,"href":"https:\/\/hi-techwonder.com\/es\/wp-json\/wp\/v2\/product_tag?post=83951"}],"curies":[{"name":"wp","href":"https:\/\/api.w.org\/{rel}","templated":true}]}}