{"id":83957,"date":"2025-07-29T09:02:03","date_gmt":"2025-07-29T09:02:03","guid":{"rendered":"https:\/\/hi-techwonder.com\/product\/tenda-de-camuflagem-translucida-visao-360o\/"},"modified":"2026-02-11T15:53:18","modified_gmt":"2026-02-11T15:53:18","slug":"caruba-tenda-de-camuflagem-translucida-visao-360o","status":"publish","type":"product","link":"https:\/\/hi-techwonder.com\/es\/producto\/caruba-tenda-de-camuflagem-translucida-visao-360o\/","title":{"rendered":"CARUBA Tienda de Camuflaje Transl\u00facida Visi\u00f3n 360\u00ba"},"content":{"rendered":"<p data-start=\"63\" data-end=\"119\"><strong data-start=\"63\" data-end=\"117\">CARUBA Tienda de Camuflaje Transl\u00facida Visi\u00f3n 360\u00ba<\/strong><\/p>\n<p data-start=\"121\" data-end=\"143\"><strong data-start=\"121\" data-end=\"141\">Caracter\u00edsticas:<\/strong><\/p>\n<ul data-start=\"145\" data-end=\"469\">\n<li data-start=\"145\" data-end=\"188\">\n<p data-start=\"147\" data-end=\"188\">Disfrute de la naturaleza sin ser visto<\/p>\n<\/li>\n<li data-start=\"189\" data-end=\"252\">\n<p data-start=\"191\" data-end=\"252\">Mirar hacia afuera desde el interior sin necesidad de abrir<\/p>\n<\/li>\n<li data-start=\"253\" data-end=\"299\">\n<p data-start=\"255\" data-end=\"299\">Cuenta con varios orificios de observaci\u00f3n<\/p>\n<\/li>\n<li data-start=\"300\" data-end=\"346\">\n<p data-start=\"302\" data-end=\"346\">Fabricada con tejido transl\u00facido camuflado<\/p>\n<\/li>\n<li data-start=\"347\" data-end=\"375\">\n<p data-start=\"349\" data-end=\"375\">R\u00e1pida y f\u00e1cil de montar<\/p>\n<\/li>\n<li data-start=\"376\" data-end=\"404\">\n<p data-start=\"378\" data-end=\"404\">Apta para 1 a 2 personas<\/p>\n<\/li>\n<li data-start=\"405\" data-end=\"433\">\n<p data-start=\"407\" data-end=\"433\">Bolsa camuflada incluida<\/p>\n<\/li>\n<li data-start=\"434\" data-end=\"469\">\n<p data-start=\"436\" data-end=\"469\">Dimensiones: 170 x 190 x 190 cm<\/p>\n<\/li>\n<\/ul>\n<p data-start=\"471\" data-end=\"499\"><strong data-start=\"471\" data-end=\"497\">Contenido del paquete:<\/strong><\/p>\n<ul data-start=\"501\" data-end=\"571\">\n<li data-start=\"501\" data-end=\"547\">\n<p data-start=\"503\" data-end=\"547\">1 x Tienda de camuflaje transl\u00facida CARUBA<\/p>\n<\/li>\n<li data-start=\"548\" data-end=\"571\">\n<p data-start=\"550\" data-end=\"571\">1 x Bolsa camuflada<\/p>\n<\/li>\n<\/ul>\n<p data-start=\"573\" data-end=\"687\"><strong data-start=\"573\" data-end=\"600\">Im\u00e1genes demostrativas:<\/strong> El art\u00edculo no incluye accesorios excepto los descritos en el contenido del paquete.<\/p>\n<p data-start=\"689\" data-end=\"775\"><strong data-start=\"689\" data-end=\"773\">Observar, fotografiar o grabar en la naturaleza sin ser visto con visi\u00f3n de 360\u00ba<\/strong><\/p>\n<ul data-start=\"777\" data-end=\"1466\">\n<li data-start=\"777\" data-end=\"848\">\n<p data-start=\"779\" data-end=\"848\">Permite mirar hacia afuera desde el interior sin necesidad de abrir<\/p>\n<\/li>\n<li data-start=\"849\" data-end=\"921\">\n<p data-start=\"851\" data-end=\"921\">Cuenta con varias aberturas para observaci\u00f3n, fotograf\u00eda o filmaci\u00f3n<\/p>\n<\/li>\n<li data-start=\"922\" data-end=\"1012\">\n<p data-start=\"924\" data-end=\"1012\">La tienda se despliega r\u00e1pida y f\u00e1cilmente en una tienda de tama\u00f1o normal en un minuto<\/p>\n<\/li>\n<li data-start=\"1013\" data-end=\"1119\">\n<p data-start=\"1015\" data-end=\"1119\">Se entrega en una bolsa camuflada que tambi\u00e9n puede llevarse a la espalda para facilitar el transporte<\/p>\n<\/li>\n<li data-start=\"1120\" data-end=\"1166\">\n<p data-start=\"1122\" data-end=\"1166\">La tienda puede acomodar de 1 a 2 personas<\/p>\n<\/li>\n<li data-start=\"1167\" data-end=\"1298\">\n<p data-start=\"1169\" data-end=\"1298\">El tejido transl\u00facido permite ver hacia afuera desde el interior sin abrir, pero no permite ver hacia adentro desde el exterior<\/p>\n<\/li>\n<li data-start=\"1299\" data-end=\"1387\">\n<p data-start=\"1301\" data-end=\"1387\">Ideal para observaci\u00f3n y fotograf\u00eda a largo plazo sin ser notado por la fauna y aves<\/p>\n<\/li>\n<li data-start=\"1388\" data-end=\"1466\">\n<p data-start=\"1390\" data-end=\"1466\">La tienda est\u00e1 equipada con varias aberturas para una buena visi\u00f3n general<\/p>\n<\/li>\n<\/ul>\n<p data-start=\"1468\" data-end=\"1491\"><strong data-start=\"1468\" data-end=\"1489\">Especificaciones:<\/strong><\/p>\n<ul data-start=\"1493\" data-end=\"1584\">\n<li data-start=\"1493\" data-end=\"1510\">\n<p data-start=\"1495\" data-end=\"1510\">Marca: CARUBA<\/p>\n<\/li>\n<li data-start=\"1511\" data-end=\"1546\">\n<p data-start=\"1513\" data-end=\"1546\">Dimensiones: 170 x 190 x 190 cm<\/p>\n<\/li>\n<li data-start=\"1547\" data-end=\"1567\">\n<p data-start=\"1549\" data-end=\"1567\">Material: Tejido<\/p>\n<\/li>\n<li data-start=\"1568\" data-end=\"1584\">\n<p data-start=\"1570\" data-end=\"1584\">Peso: 5,2 kg<\/p>\n<\/li>\n<\/ul>\n","protected":false},"excerpt":{"rendered":"<p>CARUBA Tienda de Camuflaje Transl\u00facida Visi\u00f3n 360\u00ba Caracter\u00edsticas: Disfrute de la naturaleza sin ser visto Mirar hacia afuera desde el<\/p>\n","protected":false},"featured_media":44344,"comment_status":"closed","ping_status":"open","template":"","meta":{"_acf_changed":false},"product_brand":[2546],"product_cat":[1067],"product_tag":[],"class_list":{"0":"post-83957","1":"product","2":"type-product","3":"status-publish","4":"has-post-thumbnail","6":"product_brand-caruba-es","7":"product_cat-camuflaje","9":"first","10":"instock","11":"taxable","12":"shipping-taxable","13":"purchasable","14":"product-type-simple"},"bundled_by":[],"bundle_stock_status":"instock","bundle_stock_quantity":1,"bundle_virtual":false,"bundle_layout":"","bundle_add_to_cart_form_location":"","bundle_editable_in_cart":false,"bundle_sold_individually_context":"","bundle_item_grouping":"","bundle_min_size":"","bundle_max_size":"","bundle_price":[],"bundled_items":[],"bundle_sell_ids":[],"acf":[],"_links":{"self":[{"href":"https:\/\/hi-techwonder.com\/es\/wp-json\/wp\/v2\/product\/83957","targetHints":{"allow":["GET"]}}],"collection":[{"href":"https:\/\/hi-techwonder.com\/es\/wp-json\/wp\/v2\/product"}],"about":[{"href":"https:\/\/hi-techwonder.com\/es\/wp-json\/wp\/v2\/types\/product"}],"replies":[{"embeddable":true,"href":"https:\/\/hi-techwonder.com\/es\/wp-json\/wp\/v2\/comments?post=83957"}],"wp:featuredmedia":[{"embeddable":true,"href":"https:\/\/hi-techwonder.com\/es\/wp-json\/wp\/v2\/media\/44344"}],"wp:attachment":[{"href":"https:\/\/hi-techwonder.com\/es\/wp-json\/wp\/v2\/media?parent=83957"}],"wp:term":[{"taxonomy":"product_brand","embeddable":true,"href":"https:\/\/hi-techwonder.com\/es\/wp-json\/wp\/v2\/product_brand?post=83957"},{"taxonomy":"product_cat","embeddable":true,"href":"https:\/\/hi-techwonder.com\/es\/wp-json\/wp\/v2\/product_cat?post=83957"},{"taxonomy":"product_tag","embeddable":true,"href":"https:\/\/hi-techwonder.com\/es\/wp-json\/wp\/v2\/product_tag?post=83957"}],"curies":[{"name":"wp","href":"https:\/\/api.w.org\/{rel}","templated":true}]}}