{"id":83958,"date":"2025-07-29T09:16:15","date_gmt":"2025-07-29T09:16:15","guid":{"rendered":"https:\/\/hi-techwonder.com\/product\/kf1809-filtro-nd1000-de-100x100-serie-x-p\/"},"modified":"2026-01-31T02:32:23","modified_gmt":"2026-01-31T02:32:23","slug":"kf-concept-kf1809-filtro-nd1000-de-100x100-serie-x-p","status":"publish","type":"product","link":"https:\/\/hi-techwonder.com\/es\/producto\/kf-concept-kf1809-filtro-nd1000-de-100x100-serie-x-p\/","title":{"rendered":"K&amp;F CONCEPT KF1809 Filtro ND1000 de 100&#215;100 S\u00e9rie X-P"},"content":{"rendered":"<p data-start=\"63\" data-end=\"219\"><strong data-start=\"63\" data-end=\"217\">K&amp;F CONCEPT Filtro cuadrado ND1000 a todo color 100x100x2 mm, marco protector, reducci\u00f3n de luz ND, resistente al agua, vidrio \u00f3ptico HD \u2013 Serie X-PRO<\/strong><\/p>\n<p data-start=\"221\" data-end=\"243\"><strong data-start=\"221\" data-end=\"241\">Caracter\u00edsticas:<\/strong><\/p>\n<ul data-start=\"245\" data-end=\"617\">\n<li data-start=\"245\" data-end=\"281\">\n<p data-start=\"247\" data-end=\"281\">Filtro de densidad neutra ND1000<\/p>\n<\/li>\n<li data-start=\"282\" data-end=\"317\">\n<p data-start=\"284\" data-end=\"317\">Factor de filtro 3.0, +10 pasos<\/p>\n<\/li>\n<li data-start=\"318\" data-end=\"350\">\n<p data-start=\"320\" data-end=\"350\">100 x 100 mm, grosor de 2 mm<\/p>\n<\/li>\n<li data-start=\"351\" data-end=\"389\">\n<p data-start=\"353\" data-end=\"389\">Oscurece toda la zona de la imagen<\/p>\n<\/li>\n<li data-start=\"390\" data-end=\"454\">\n<p data-start=\"392\" data-end=\"454\">Permite velocidades de obturaci\u00f3n largas y aperturas amplias<\/p>\n<\/li>\n<li data-start=\"455\" data-end=\"488\">\n<p data-start=\"457\" data-end=\"488\">Construcci\u00f3n en vidrio \u00f3ptico<\/p>\n<\/li>\n<li data-start=\"489\" data-end=\"514\">\n<p data-start=\"491\" data-end=\"514\">Multicapa de 28 capas<\/p>\n<\/li>\n<li data-start=\"515\" data-end=\"556\">\n<p data-start=\"517\" data-end=\"556\">Recubrimiento resistente a la humedad<\/p>\n<\/li>\n<li data-start=\"557\" data-end=\"597\">\n<p data-start=\"559\" data-end=\"597\">Recubrimiento resistente a rayaduras<\/p>\n<\/li>\n<li data-start=\"598\" data-end=\"617\">\n<p data-start=\"600\" data-end=\"617\">Estuche de piel<\/p>\n<\/li>\n<\/ul>\n<p data-start=\"619\" data-end=\"647\"><strong data-start=\"619\" data-end=\"645\">Contenido del paquete:<\/strong><\/p>\n<ul data-start=\"649\" data-end=\"745\">\n<li data-start=\"649\" data-end=\"692\">\n<p data-start=\"651\" data-end=\"692\">1 x Filtro cuadrado ND1000 a todo color<\/p>\n<\/li>\n<li data-start=\"693\" data-end=\"716\">\n<p data-start=\"695\" data-end=\"716\">1 x Marco protector<\/p>\n<\/li>\n<li data-start=\"717\" data-end=\"745\">\n<p data-start=\"719\" data-end=\"745\">1 x Bolsa para filtro PU<\/p>\n<\/li>\n<\/ul>\n<p data-start=\"747\" data-end=\"765\"><strong data-start=\"747\" data-end=\"763\">Descripci\u00f3n:<\/strong><\/p>\n<p data-start=\"767\" data-end=\"1530\">El <strong data-start=\"770\" data-end=\"807\">Filtro Cuadrado Full Color ND1000<\/strong> proporciona una reducci\u00f3n de luz de 10 pasos (3,0) sin proyecci\u00f3n de color y viene equipado con un marco protector.<br data-start=\"923\" data-end=\"926\" \/>Este filtro ND1000 cuadrado de la serie X-Pro de K&amp;F Concept est\u00e1 dise\u00f1ado para el sistema de soporte de filtro <strong data-start=\"1038\" data-end=\"1054\">X-Pro Square<\/strong>. Con un tama\u00f1o de 100 x 100 mm, reduce la exposici\u00f3n en 10 pasos, permitiendo aumentar el tiempo de obturaci\u00f3n o abrir m\u00e1s el diafragma.<br data-start=\"1191\" data-end=\"1194\" \/>Aumentar la velocidad de obturaci\u00f3n ayuda a crear un mayor desenfoque de movimiento en la imagen, como al suavizar r\u00edos, cascadas o nubes en fotograf\u00eda de paisajes. Aumentar la apertura permite usar aperturas m\u00e1s grandes para un mejor control de la profundidad de campo, incrementando el bokeh y ayudando a aislar el sujeto del fondo.<\/p>\n<p data-start=\"1532\" data-end=\"1571\"><strong data-start=\"1532\" data-end=\"1569\">Vidrio \u00f3ptico AGC de alta calidad<\/strong><\/p>\n<ul data-start=\"1573\" data-end=\"2628\">\n<li data-start=\"1573\" data-end=\"1745\">\n<p data-start=\"1575\" data-end=\"1745\">Fabricado con vidrio \u00f3ptico AGC con recubrimiento de 36 capas a doble cara, la pel\u00edcula verde anti-reflejos reduce eficazmente los reflejos en la superficie del filtro.<\/p>\n<\/li>\n<li data-start=\"1746\" data-end=\"1871\">\n<p data-start=\"1748\" data-end=\"1871\">Reduce el deslumbramiento causado por reflejos externos durante exposiciones largas, garantizando alta calidad de imagen.<\/p>\n<\/li>\n<li data-start=\"1872\" data-end=\"2025\">\n<p data-start=\"1874\" data-end=\"2025\">El recubrimiento multicapa con nano-filtro disminuye los reflejos y el efecto fantasma, logrando una alta transmisi\u00f3n de luz sin distorsi\u00f3n de color.<\/p>\n<\/li>\n<li data-start=\"2026\" data-end=\"2129\">\n<p data-start=\"2028\" data-end=\"2129\">El marco protector K&amp;F Concept Pro gan\u00f3 los premios <strong data-start=\"2080\" data-end=\"2099\">iF DESIGN AWARD<\/strong> y <strong data-start=\"2102\" data-end=\"2126\">Red Dot Design Award<\/strong>.<\/p>\n<\/li>\n<li data-start=\"2130\" data-end=\"2312\">\n<p data-start=\"2132\" data-end=\"2312\">El marco del filtro cuadrado protege la lente de ca\u00eddas accidentales; no se rompe si cae desde 1,5 metros sobre terreno plano (nota: no protege de superficies convexas afiladas).<\/p>\n<\/li>\n<li data-start=\"2313\" data-end=\"2396\">\n<p data-start=\"2315\" data-end=\"2396\">Resistente a rayaduras, agua, aceite, polvo y adecuado para entornos exigentes.<\/p>\n<\/li>\n<li data-start=\"2397\" data-end=\"2525\">\n<p data-start=\"2399\" data-end=\"2525\">Incluye bolsa de almacenamiento de cuero PU con cord\u00f3n de dise\u00f1o patentado K&amp;F Concept, facilitando transporte y protecci\u00f3n.<\/p>\n<\/li>\n<li data-start=\"2526\" data-end=\"2628\">\n<p data-start=\"2528\" data-end=\"2628\">Paquete incluye: 1 filtro cuadrado ND1000 a todo color + 1 marco protector + 1 bolsa de filtro PU.<\/p>\n<\/li>\n<\/ul>\n<p data-start=\"2630\" data-end=\"2653\"><strong data-start=\"2630\" data-end=\"2651\">Especificaciones:<\/strong><\/p>\n<ul data-start=\"2655\" data-end=\"3085\">\n<li data-start=\"2655\" data-end=\"2684\">\n<p data-start=\"2657\" data-end=\"2684\">Tipo de filtro: ND s\u00f3lido<\/p>\n<\/li>\n<li data-start=\"2685\" data-end=\"2713\">\n<p data-start=\"2687\" data-end=\"2713\">Densidad: 3,0 (10 pasos)<\/p>\n<\/li>\n<li data-start=\"2714\" data-end=\"2768\">\n<p data-start=\"2716\" data-end=\"2768\">Tama\u00f1o circular: No especificado por el fabricante<\/p>\n<\/li>\n<li data-start=\"2769\" data-end=\"2805\">\n<p data-start=\"2771\" data-end=\"2805\">Tama\u00f1o rectangular: 100 x 100 mm<\/p>\n<\/li>\n<li data-start=\"2806\" data-end=\"2904\">\n<p data-start=\"2808\" data-end=\"2904\">Compatibilidad con sistema de soporte de filtros: Sistema de filtro cuadrado K&amp;F Concept X-Pro<\/p>\n<\/li>\n<li data-start=\"2905\" data-end=\"2970\">\n<p data-start=\"2907\" data-end=\"2970\">Recubrimientos: Multi-recubrimiento, recubrimiento resistente<\/p>\n<\/li>\n<li data-start=\"2971\" data-end=\"3003\">\n<p data-start=\"2973\" data-end=\"3003\">Grosor del filtro: 0,1&#8243;\/2 mm<\/p>\n<\/li>\n<li data-start=\"3004\" data-end=\"3035\">\n<p data-start=\"3006\" data-end=\"3035\">Material del filtro: Vidrio<\/p>\n<\/li>\n<li data-start=\"3036\" data-end=\"3069\">\n<p data-start=\"3038\" data-end=\"3069\">Material del anillo: Pl\u00e1stico<\/p>\n<\/li>\n<li data-start=\"3070\" data-end=\"3085\">\n<p data-start=\"3072\" data-end=\"3085\">Serrado: No<\/p>\n<\/li>\n<\/ul>\n<p data-start=\"3087\" data-end=\"3117\"><strong data-start=\"3087\" data-end=\"3115\">Informaci\u00f3n del paquete:<\/strong><\/p>\n<ul data-start=\"3119\" data-end=\"3210\">\n<li data-start=\"3119\" data-end=\"3146\">\n<p data-start=\"3121\" data-end=\"3146\">Peso del paquete: 347 g<\/p>\n<\/li>\n<li data-start=\"3147\" data-end=\"3210\">\n<p data-start=\"3149\" data-end=\"3210\">Dimensiones de la caja (L x An x Al): 19,3 x 18,3 x 3,05 cm<\/p>\n<\/li>\n<\/ul>\n","protected":false},"excerpt":{"rendered":"<p>K&amp;F CONCEPT Filtro cuadrado ND1000 a todo color 100x100x2 mm, marco protector, reducci\u00f3n de luz ND, resistente al agua, vidrio<\/p>\n","protected":false},"featured_media":46879,"comment_status":"closed","ping_status":"open","template":"","meta":{"_acf_changed":false},"product_brand":[2562],"product_cat":[1058],"product_tag":[],"class_list":{"0":"post-83958","1":"product","2":"type-product","3":"status-publish","4":"has-post-thumbnail","6":"product_brand-kf-concept-es","7":"product_cat-filtros-100mm-es","9":"first","10":"instock","11":"taxable","12":"shipping-taxable","13":"purchasable","14":"product-type-simple"},"bundled_by":[],"bundle_stock_status":"instock","bundle_stock_quantity":1,"bundle_virtual":false,"bundle_layout":"","bundle_add_to_cart_form_location":"","bundle_editable_in_cart":false,"bundle_sold_individually_context":"","bundle_item_grouping":"","bundle_min_size":"","bundle_max_size":"","bundle_price":[],"bundled_items":[],"bundle_sell_ids":[],"acf":[],"_links":{"self":[{"href":"https:\/\/hi-techwonder.com\/es\/wp-json\/wp\/v2\/product\/83958","targetHints":{"allow":["GET"]}}],"collection":[{"href":"https:\/\/hi-techwonder.com\/es\/wp-json\/wp\/v2\/product"}],"about":[{"href":"https:\/\/hi-techwonder.com\/es\/wp-json\/wp\/v2\/types\/product"}],"replies":[{"embeddable":true,"href":"https:\/\/hi-techwonder.com\/es\/wp-json\/wp\/v2\/comments?post=83958"}],"wp:featuredmedia":[{"embeddable":true,"href":"https:\/\/hi-techwonder.com\/es\/wp-json\/wp\/v2\/media\/46879"}],"wp:attachment":[{"href":"https:\/\/hi-techwonder.com\/es\/wp-json\/wp\/v2\/media?parent=83958"}],"wp:term":[{"taxonomy":"product_brand","embeddable":true,"href":"https:\/\/hi-techwonder.com\/es\/wp-json\/wp\/v2\/product_brand?post=83958"},{"taxonomy":"product_cat","embeddable":true,"href":"https:\/\/hi-techwonder.com\/es\/wp-json\/wp\/v2\/product_cat?post=83958"},{"taxonomy":"product_tag","embeddable":true,"href":"https:\/\/hi-techwonder.com\/es\/wp-json\/wp\/v2\/product_tag?post=83958"}],"curies":[{"name":"wp","href":"https:\/\/api.w.org\/{rel}","templated":true}]}}